{"id":274179,"date":"2025-10-14T15:52:07","date_gmt":"2025-10-14T13:52:07","guid":{"rendered":"https:\/\/najnaj.eu\/?post_type=product&#038;p=274179"},"modified":"2026-02-03T20:26:51","modified_gmt":"2026-02-03T19:26:51","slug":"voksi-rukavice-za-kolica-black","status":"publish","type":"product","link":"https:\/\/najnaj.eu\/fr\/proizvod\/voksi-rukavice-za-kolica-black\/","title":{"rendered":"Voksi rukavice za kolica, Black"},"content":{"rendered":"<p>Voksi rukavice za kolica idealne su za \u0161etnje tijekom hladnijih dana. Kada izvadite ruke iz rukavica, one ostaju sigurno pri\u010dvr\u0161\u0107ene za kolica zahvaljuju\u0107i \u010di\u010dak traci. Dolaze u univerzalnoj veli\u010dini koja odgovara svima.<\/p>\n<p>Voksi rukavice su izra\u0111ene od prirodnih i kvalitetno certificiranih materijala. Ispunjene su paperjem koje pru\u017ea izuzetnu izolaciju od hladno\u0107e. Zrak izme\u0111u vlakana paperja omogu\u0107uje maksimalnu toplinsku za\u0161titu i zadr\u017eava toplinu, odr\u017eavaju\u0107i va\u0161e ruke ugodno toplima. Vanjska tkanina je otporna na vjetar, ima vodeni stupac od minimalno 8000 mm i premazana je slojem BIONIC-FINISH\u00aeECO, \u0161to je \u010dini vodoodbojnom. Svi materijali su certificirani prema OEKO-TEX\u00ae Standard 100, klasa 1 \u2013 jamstvo da ne sadr\u017ee \u0161tetne kemikalije.<\/p>\n<p>Dizajnirane su da odgovaraju svim kolicima i rukama. Rukavice se jednostavno pri\u010dvr\u0161\u0107uju na kolica otvaranjem \u010di\u010dka na vrhu i postavljanjem oko ru\u010dke. Bo\u010dna vezica omogu\u0107uje dodatno zatezanje kako bi se sprije\u010dio ulazak hladnog zraka.<\/p>\n","protected":false},"excerpt":{"rendered":"<p>&#8211; Univerzalna veli\u010dina \u2013 odgovaraju svim rukama i kolicima<br \/>\n&#8211; Topla izolacija od paperja \u2013 zadr\u017eava toplinu i \u0161titi od hladno\u0107e<br \/>\n&#8211; Vjetro- i vodootporne \u2013 s vanjskom tkaninom (vodeni stupac 8000 mm) i premazom BIONIC-FINISH\u00aeECO<br \/>\n&#8211; Jednostavno pri\u010dvr\u0161\u0107ivanje \u2013 \u010di\u010dak traka dr\u017ei rukavice na kolicima i kada ruke nisu unutra<br \/>\n&#8211; Sigurni materijali \u2013 OEKO-TEX\u00ae Standard 100, klasa 1 \u2013 bez \u0161tetnih kemikalija<\/p>\n","protected":false},"featured_media":274193,"comment_status":"closed","ping_status":"closed","template":"","meta":{"_acf_changed":false,"footnotes":""},"product_brand":[],"product_cat":[552,649],"product_tag":[2271],"class_list":{"0":"post-274179","1":"product","2":"type-product","3":"status-publish","4":"has-post-thumbnail","6":"product_cat-dodaci-za-kolica","7":"product_cat-ostalo","8":"product_tag-zima","9":"pa_boja-crna","10":"pa_brand-voksi","12":"first","13":"instock","14":"shipping-taxable","15":"purchasable","16":"product-type-simple"},"bundled_by":[],"bundle_stock_status":"instock","bundle_stock_quantity":1,"bundle_virtual":false,"bundle_layout":"","bundle_add_to_cart_form_location":"","bundle_editable_in_cart":false,"bundle_sold_individually_context":"","bundle_item_grouping":"","bundle_min_size":"","bundle_max_size":"","bundle_price":[],"bundled_items":[],"bundle_sell_ids":[],"acf":[],"yoast_head":"<!-- This site is optimized with the Yoast SEO Premium plugin v21.5 (Yoast SEO v27.4) - https:\/\/yoast.com\/product\/yoast-seo-premium-wordpress\/ -->\n<title>Voksi rukavice za kolica, Black - NajNaj.eu<\/title>\n<meta name=\"description\" content=\"Voksi rukavice za kolica za \u0161etnje tijekom hladnijih dana. Mogu se pri\u010dvrstiti za kolica pomo\u0107u \u010di\u010dak trake. Univerzalna veli\u010dina.\" \/>\n<meta name=\"robots\" content=\"index, follow, max-snippet:-1, max-image-preview:large, max-video-preview:-1\" \/>\n<link rel=\"canonical\" href=\"https:\/\/najnaj.eu\/fr\/proizvod\/voksi-rukavice-za-kolica-black\/\" \/>\n<meta property=\"og:locale\" content=\"fr_FR\" \/>\n<meta property=\"og:type\" content=\"article\" \/>\n<meta property=\"og:title\" content=\"Voksi rukavice za kolica, Black\" \/>\n<meta property=\"og:description\" content=\"Voksi rukavice za kolica za \u0161etnje tijekom hladnijih dana. Mogu se pri\u010dvrstiti za kolica pomo\u0107u \u010di\u010dak trake. Univerzalna veli\u010dina.\" \/>\n<meta property=\"og:url\" content=\"https:\/\/najnaj.eu\/fr\/proizvod\/voksi-rukavice-za-kolica-black\/\" \/>\n<meta property=\"og:site_name\" content=\"NajNaj.eu\" \/>\n<meta property=\"article:publisher\" content=\"https:\/\/web.facebook.com\/najnaj.eu\/\" \/>\n<meta property=\"article:modified_time\" content=\"2026-02-03T19:26:51+00:00\" \/>\n<meta property=\"og:image\" content=\"https:\/\/najnaj.eu\/wp-content\/uploads\/2025\/10\/New-Project-1.jpg\" \/>\n\t<meta property=\"og:image:width\" content=\"1080\" \/>\n\t<meta property=\"og:image:height\" content=\"1080\" \/>\n\t<meta property=\"og:image:type\" content=\"image\/jpeg\" \/>\n<meta name=\"twitter:card\" content=\"summary_large_image\" \/>\n<meta name=\"twitter:label1\" content=\"Prix\" \/>\n\t<meta name=\"twitter:data1\" content=\"45,90&nbsp;&euro;\" \/>\n\t<meta name=\"twitter:label2\" content=\"Disponibilit\u00e9\" \/>\n\t<meta name=\"twitter:data2\" content=\"En stock\" \/>\n<script type=\"application\/ld+json\" class=\"yoast-schema-graph\">{\"@context\":\"https:\\\/\\\/schema.org\",\"@graph\":[{\"@type\":\"WebPage\",\"@id\":\"https:\\\/\\\/najnaj.eu\\\/fr\\\/proizvod\\\/voksi-rukavice-za-kolica-black\\\/\",\"url\":\"https:\\\/\\\/najnaj.eu\\\/fr\\\/proizvod\\\/voksi-rukavice-za-kolica-black\\\/\",\"name\":\"Voksi rukavice za kolica, Black - NajNaj.eu\",\"isPartOf\":{\"@id\":\"https:\\\/\\\/najnaj.eu\\\/fr\\\/#website\"},\"primaryImageOfPage\":{\"@id\":\"https:\\\/\\\/najnaj.eu\\\/fr\\\/proizvod\\\/voksi-rukavice-za-kolica-black\\\/#primaryimage\"},\"image\":{\"@id\":\"https:\\\/\\\/najnaj.eu\\\/fr\\\/proizvod\\\/voksi-rukavice-za-kolica-black\\\/#primaryimage\"},\"thumbnailUrl\":\"https:\\\/\\\/najnaj.eu\\\/wp-content\\\/uploads\\\/2025\\\/10\\\/New-Project-1.jpg\",\"datePublished\":\"2025-10-14T13:52:07+00:00\",\"dateModified\":\"2026-02-03T19:26:51+00:00\",\"description\":\"Voksi rukavice za kolica za \u0161etnje tijekom hladnijih dana. Mogu se pri\u010dvrstiti za kolica pomo\u0107u \u010di\u010dak trake. Univerzalna veli\u010dina.\",\"breadcrumb\":{\"@id\":\"https:\\\/\\\/najnaj.eu\\\/fr\\\/proizvod\\\/voksi-rukavice-za-kolica-black\\\/#breadcrumb\"},\"inLanguage\":\"fr-FR\",\"potentialAction\":[{\"@type\":\"ReadAction\",\"target\":[\"https:\\\/\\\/najnaj.eu\\\/fr\\\/proizvod\\\/voksi-rukavice-za-kolica-black\\\/\"]}]},{\"@type\":\"ImageObject\",\"inLanguage\":\"fr-FR\",\"@id\":\"https:\\\/\\\/najnaj.eu\\\/fr\\\/proizvod\\\/voksi-rukavice-za-kolica-black\\\/#primaryimage\",\"url\":\"https:\\\/\\\/najnaj.eu\\\/wp-content\\\/uploads\\\/2025\\\/10\\\/New-Project-1.jpg\",\"contentUrl\":\"https:\\\/\\\/najnaj.eu\\\/wp-content\\\/uploads\\\/2025\\\/10\\\/New-Project-1.jpg\",\"width\":1080,\"height\":1080},{\"@type\":\"BreadcrumbList\",\"@id\":\"https:\\\/\\\/najnaj.eu\\\/fr\\\/proizvod\\\/voksi-rukavice-za-kolica-black\\\/#breadcrumb\",\"itemListElement\":[{\"@type\":\"ListItem\",\"position\":1,\"name\":\"Po\u010detna stranica\",\"item\":\"https:\\\/\\\/najnaj.eu\\\/fr\\\/\"},{\"@type\":\"ListItem\",\"position\":2,\"name\":\"Trgovina\",\"item\":\"https:\\\/\\\/najnaj.hr\\\/trgovina\\\/\"},{\"@type\":\"ListItem\",\"position\":3,\"name\":\"Voksi rukavice za kolica, Black\"}]},{\"@type\":\"WebSite\",\"@id\":\"https:\\\/\\\/najnaj.eu\\\/fr\\\/#website\",\"url\":\"https:\\\/\\\/najnaj.eu\\\/fr\\\/\",\"name\":\"NajNaj.eu\",\"description\":\"Za najva\u017enije!\",\"potentialAction\":[{\"@type\":\"SearchAction\",\"target\":{\"@type\":\"EntryPoint\",\"urlTemplate\":\"https:\\\/\\\/najnaj.eu\\\/fr\\\/?s={search_term_string}\"},\"query-input\":{\"@type\":\"PropertyValueSpecification\",\"valueRequired\":true,\"valueName\":\"search_term_string\"}}],\"inLanguage\":\"fr-FR\"}]}<\/script>\n<meta property=\"product:brand\" content=\"Voksi\" \/>\n<meta property=\"product:price:amount\" content=\"45.90\" \/>\n<meta property=\"product:price:currency\" content=\"EUR\" \/>\n<meta property=\"og:availability\" content=\"instock\" \/>\n<meta property=\"product:availability\" content=\"instock\" \/>\n<meta property=\"product:retailer_item_id\" content=\"11037716-Black-LightGrey\" \/>\n<meta property=\"product:condition\" content=\"new\" \/>\n<!-- \/ Yoast SEO Premium plugin. -->","yoast_head_json":{"title":"Voksi rukavice za kolica, Black - NajNaj.eu","description":"Voksi rukavice za kolica za \u0161etnje tijekom hladnijih dana. Mogu se pri\u010dvrstiti za kolica pomo\u0107u \u010di\u010dak trake. Univerzalna veli\u010dina.","robots":{"index":"index","follow":"follow","max-snippet":"max-snippet:-1","max-image-preview":"max-image-preview:large","max-video-preview":"max-video-preview:-1"},"canonical":"https:\/\/najnaj.eu\/fr\/proizvod\/voksi-rukavice-za-kolica-black\/","og_locale":"fr_FR","og_type":"article","og_title":"Voksi rukavice za kolica, Black","og_description":"Voksi rukavice za kolica za \u0161etnje tijekom hladnijih dana. Mogu se pri\u010dvrstiti za kolica pomo\u0107u \u010di\u010dak trake. Univerzalna veli\u010dina.","og_url":"https:\/\/najnaj.eu\/fr\/proizvod\/voksi-rukavice-za-kolica-black\/","og_site_name":"NajNaj.eu","article_publisher":"https:\/\/web.facebook.com\/najnaj.eu\/","article_modified_time":"2026-02-03T19:26:51+00:00","og_image":[{"width":1080,"height":1080,"url":"https:\/\/najnaj.eu\/wp-content\/uploads\/2025\/10\/New-Project-1.jpg","type":"image\/jpeg"}],"twitter_card":"summary_large_image","twitter_misc":{"Prix":"45,90&nbsp;&euro;","Disponibilit\u00e9":"En stock"},"schema":{"@context":"https:\/\/schema.org","@graph":[{"@type":"WebPage","@id":"https:\/\/najnaj.eu\/fr\/proizvod\/voksi-rukavice-za-kolica-black\/","url":"https:\/\/najnaj.eu\/fr\/proizvod\/voksi-rukavice-za-kolica-black\/","name":"Voksi rukavice za kolica, Black - NajNaj.eu","isPartOf":{"@id":"https:\/\/najnaj.eu\/fr\/#website"},"primaryImageOfPage":{"@id":"https:\/\/najnaj.eu\/fr\/proizvod\/voksi-rukavice-za-kolica-black\/#primaryimage"},"image":{"@id":"https:\/\/najnaj.eu\/fr\/proizvod\/voksi-rukavice-za-kolica-black\/#primaryimage"},"thumbnailUrl":"https:\/\/najnaj.eu\/wp-content\/uploads\/2025\/10\/New-Project-1.jpg","datePublished":"2025-10-14T13:52:07+00:00","dateModified":"2026-02-03T19:26:51+00:00","description":"Voksi rukavice za kolica za \u0161etnje tijekom hladnijih dana. Mogu se pri\u010dvrstiti za kolica pomo\u0107u \u010di\u010dak trake. Univerzalna veli\u010dina.","breadcrumb":{"@id":"https:\/\/najnaj.eu\/fr\/proizvod\/voksi-rukavice-za-kolica-black\/#breadcrumb"},"inLanguage":"fr-FR","potentialAction":[{"@type":"ReadAction","target":["https:\/\/najnaj.eu\/fr\/proizvod\/voksi-rukavice-za-kolica-black\/"]}]},{"@type":"ImageObject","inLanguage":"fr-FR","@id":"https:\/\/najnaj.eu\/fr\/proizvod\/voksi-rukavice-za-kolica-black\/#primaryimage","url":"https:\/\/najnaj.eu\/wp-content\/uploads\/2025\/10\/New-Project-1.jpg","contentUrl":"https:\/\/najnaj.eu\/wp-content\/uploads\/2025\/10\/New-Project-1.jpg","width":1080,"height":1080},{"@type":"BreadcrumbList","@id":"https:\/\/najnaj.eu\/fr\/proizvod\/voksi-rukavice-za-kolica-black\/#breadcrumb","itemListElement":[{"@type":"ListItem","position":1,"name":"Po\u010detna stranica","item":"https:\/\/najnaj.eu\/fr\/"},{"@type":"ListItem","position":2,"name":"Trgovina","item":"https:\/\/najnaj.hr\/trgovina\/"},{"@type":"ListItem","position":3,"name":"Voksi rukavice za kolica, Black"}]},{"@type":"WebSite","@id":"https:\/\/najnaj.eu\/fr\/#website","url":"https:\/\/najnaj.eu\/fr\/","name":"NajNaj.eu","description":"Za najva\u017enije!","potentialAction":[{"@type":"SearchAction","target":{"@type":"EntryPoint","urlTemplate":"https:\/\/najnaj.eu\/fr\/?s={search_term_string}"},"query-input":{"@type":"PropertyValueSpecification","valueRequired":true,"valueName":"search_term_string"}}],"inLanguage":"fr-FR"}]},"product_brand":"Voksi","product_price_amount":"45.90","product_price_currency":"EUR","og_availability":"instock","product_availability":"instock","product_retailer_item_id":"11037716-Black-LightGrey","product_condition":"new"},"_links":{"self":[{"href":"https:\/\/najnaj.eu\/fr\/wp-json\/wp\/v2\/product\/274179","targetHints":{"allow":["GET"]}}],"collection":[{"href":"https:\/\/najnaj.eu\/fr\/wp-json\/wp\/v2\/product"}],"about":[{"href":"https:\/\/najnaj.eu\/fr\/wp-json\/wp\/v2\/types\/product"}],"replies":[{"embeddable":true,"href":"https:\/\/najnaj.eu\/fr\/wp-json\/wp\/v2\/comments?post=274179"}],"version-history":[{"count":0,"href":"https:\/\/najnaj.eu\/fr\/wp-json\/wp\/v2\/product\/274179\/revisions"}],"wp:featuredmedia":[{"embeddable":true,"href":"https:\/\/najnaj.eu\/fr\/wp-json\/wp\/v2\/media\/274193"}],"wp:attachment":[{"href":"https:\/\/najnaj.eu\/fr\/wp-json\/wp\/v2\/media?parent=274179"}],"wp:term":[{"taxonomy":"product_brand","embeddable":true,"href":"https:\/\/najnaj.eu\/fr\/wp-json\/wp\/v2\/product_brand?post=274179"},{"taxonomy":"product_cat","embeddable":true,"href":"https:\/\/najnaj.eu\/fr\/wp-json\/wp\/v2\/product_cat?post=274179"},{"taxonomy":"product_tag","embeddable":true,"href":"https:\/\/najnaj.eu\/fr\/wp-json\/wp\/v2\/product_tag?post=274179"}],"curies":[{"name":"wp","href":"https:\/\/api.w.org\/{rel}","templated":true}]}}