{"id":273828,"date":"2025-10-14T11:31:53","date_gmt":"2025-10-14T09:31:53","guid":{"rendered":"https:\/\/najnaj.eu\/?post_type=product&#038;p=273828"},"modified":"2026-02-03T20:27:30","modified_gmt":"2026-02-03T19:27:30","slug":"besafe-zracna-podloga-za-autosjedalicu-dark-grey","status":"publish","type":"product","link":"https:\/\/najnaj.eu\/fr\/proizvod\/besafe-zracna-podloga-za-autosjedalicu-dark-grey\/","title":{"rendered":"BeSafe zra\u010dna podloga za autosjedalicu, Dark Grey"},"content":{"rendered":"<p><strong>Prozra\u010dna udobnost<\/strong><br \/>\n&#8211; 3D mre\u017easta struktura omogu\u0107uje dodatnu cirkulaciju zraka u autosjedalici ili kolicima<br \/>\n&#8211; Gornji sloj od izuzetno mekane viskoze od bambusa pru\u017ea osje\u0107aj svje\u017eine i poma\u017ee u regulaciji temperature<br \/>\n&#8211; Prekriva le\u0111a, sjede\u0107i dio, ramena i glavu &#8211; za izvrsnu ventilaciju i udobnost<br \/>\n&#8211; Obostrani dizajn omogu\u0107uje odabir strane za sjedenje prema \u017eelji<\/p>\n<p><strong>Fleksibilnost i izuzetno dugo kori\u0161tenje<\/strong><br \/>\n&#8211; Prikladno za autosjedalice od ro\u0111enja do booster sjedala do otprilike 135 cm, kao i za kolica, prikolice za bicikle*<br \/>\n&#8211; Mo\u017ee se koristiti sa sigurnosnim pojasevima u 3 i 5 to\u010daka<br \/>\n&#8211; Sredi\u0161nji otvor za sigurnosnu kop\u010du omogu\u0107uje jednostavnu prilagodbu sjedalice u skladu s rastom djeteta<br \/>\n&#8211; Ugra\u0111eni produ\u017eni dio za izuzetno dugo kori\u0161tenje, s d\u017eepom za spremanje kad nije potreban<\/p>\n<p><strong>Sigurno i brzo postavljanje<\/strong><br \/>\n&#8211; Lako se pri\u010dvr\u0161\u0107uje na naslon za glavu autosjedalice, osiguravaju\u0107i stabilan polo\u017eaj tijekom vo\u017enje**<br \/>\n&#8211; Posebni otvori omogu\u0107uju sigurno namje\u0161tanje sigurnosnih pojaseva<\/p>\n<p>*Savr\u0161eno pristaje uz BeSafe autosjedalice. Za druge marke sjedalica, kolica, prikolice za bicikle preporu\u010dujemo prethodno isprobavanje kompatibilnosti. Za djecu vi\u0161u od 135 cm u booster sjedalicama, proizvod \u0107e uglavnom prekrivati podru\u010dje le\u0111a i glave.<br \/>\n**Ne odnosi se na autosjedalice s integriranim naslonom za glavu, na primjer iZi Go Modular<\/p>\n","protected":false},"excerpt":{"rendered":"<p>&#8211; Odr\u017eava svje\u017einu i optimalnu temperaturu<br \/>\n&#8211; Osigurava protok zraka za maksimalnu udobnost<br \/>\n&#8211; Prikladno za autosjedalice i kolica<br \/>\n&#8211; Testirano na sudare za sigurnu upotrebu<\/p>\n","protected":false},"featured_media":273830,"comment_status":"closed","ping_status":"closed","template":"","meta":{"_acf_changed":false,"footnotes":""},"product_brand":[],"product_cat":[574,829,855],"product_tag":[2272],"class_list":{"0":"post-273828","1":"product","2":"type-product","3":"status-publish","4":"has-post-thumbnail","6":"product_cat-autosjedalice","7":"product_cat-dodaci-za-autosjedalice","8":"product_cat-zracne-podloge-sjedalice","9":"product_tag-ljeto","10":"pa_boja-tamno-siva","11":"pa_brand-besafe","13":"first","14":"instock","15":"shipping-taxable","16":"purchasable","17":"product-type-simple"},"bundled_by":[],"bundle_stock_status":"instock","bundle_stock_quantity":15,"bundle_virtual":false,"bundle_layout":"","bundle_add_to_cart_form_location":"","bundle_editable_in_cart":false,"bundle_sold_individually_context":"","bundle_item_grouping":"","bundle_min_size":"","bundle_max_size":"","bundle_price":[],"bundled_items":[],"bundle_sell_ids":[],"acf":[],"yoast_head":"<!-- This site is optimized with the Yoast SEO Premium plugin v21.5 (Yoast SEO v27.4) - https:\/\/yoast.com\/product\/yoast-seo-premium-wordpress\/ -->\n<title>BeSafe zra\u010dna podloga za autosjedalicu, Dark Grey - NajNaj.eu<\/title>\n<meta name=\"description\" content=\"Odr\u017eava svje\u017einu i optimalnu temperaturu, osigurava protok zraka za maksimalnu udobnost. Prikladno za autosjedalice i kolica.\" \/>\n<meta name=\"robots\" content=\"index, follow, max-snippet:-1, max-image-preview:large, max-video-preview:-1\" \/>\n<link rel=\"canonical\" href=\"https:\/\/najnaj.eu\/fr\/proizvod\/besafe-zracna-podloga-za-autosjedalicu-dark-grey\/\" \/>\n<meta property=\"og:locale\" content=\"fr_FR\" \/>\n<meta property=\"og:type\" content=\"article\" \/>\n<meta property=\"og:title\" content=\"BeSafe zra\u010dna podloga za autosjedalicu, Dark Grey\" \/>\n<meta property=\"og:description\" content=\"Odr\u017eava svje\u017einu i optimalnu temperaturu, osigurava protok zraka za maksimalnu udobnost. Prikladno za autosjedalice i kolica.\" \/>\n<meta property=\"og:url\" content=\"https:\/\/najnaj.eu\/fr\/proizvod\/besafe-zracna-podloga-za-autosjedalicu-dark-grey\/\" \/>\n<meta property=\"og:site_name\" content=\"NajNaj.eu\" \/>\n<meta property=\"article:publisher\" content=\"https:\/\/web.facebook.com\/najnaj.eu\/\" \/>\n<meta property=\"article:modified_time\" content=\"2026-02-03T19:27:30+00:00\" \/>\n<meta property=\"og:image\" content=\"https:\/\/najnaj.eu\/wp-content\/uploads\/2025\/10\/11041151_BeSafe_Airflow-Liner_Dark-Grey_Front-Bamboo.png\" \/>\n\t<meta property=\"og:image:width\" content=\"1080\" \/>\n\t<meta property=\"og:image:height\" content=\"1080\" \/>\n\t<meta property=\"og:image:type\" content=\"image\/png\" \/>\n<meta name=\"twitter:card\" content=\"summary_large_image\" \/>\n<meta name=\"twitter:label1\" content=\"Prix\" \/>\n\t<meta name=\"twitter:data1\" content=\"49,99&nbsp;&euro;\" \/>\n\t<meta name=\"twitter:label2\" content=\"Disponibilit\u00e9\" \/>\n\t<meta name=\"twitter:data2\" content=\"En stock\" \/>\n<script type=\"application\/ld+json\" class=\"yoast-schema-graph\">{\"@context\":\"https:\\\/\\\/schema.org\",\"@graph\":[{\"@type\":\"WebPage\",\"@id\":\"https:\\\/\\\/najnaj.eu\\\/fr\\\/proizvod\\\/besafe-zracna-podloga-za-autosjedalicu-dark-grey\\\/\",\"url\":\"https:\\\/\\\/najnaj.eu\\\/fr\\\/proizvod\\\/besafe-zracna-podloga-za-autosjedalicu-dark-grey\\\/\",\"name\":\"BeSafe zra\u010dna podloga za autosjedalicu, Dark Grey - NajNaj.eu\",\"isPartOf\":{\"@id\":\"https:\\\/\\\/najnaj.eu\\\/fr\\\/#website\"},\"primaryImageOfPage\":{\"@id\":\"https:\\\/\\\/najnaj.eu\\\/fr\\\/proizvod\\\/besafe-zracna-podloga-za-autosjedalicu-dark-grey\\\/#primaryimage\"},\"image\":{\"@id\":\"https:\\\/\\\/najnaj.eu\\\/fr\\\/proizvod\\\/besafe-zracna-podloga-za-autosjedalicu-dark-grey\\\/#primaryimage\"},\"thumbnailUrl\":\"https:\\\/\\\/najnaj.eu\\\/wp-content\\\/uploads\\\/2025\\\/10\\\/11041151_BeSafe_Airflow-Liner_Dark-Grey_Front-Bamboo.png\",\"datePublished\":\"2025-10-14T09:31:53+00:00\",\"dateModified\":\"2026-02-03T19:27:30+00:00\",\"description\":\"Odr\u017eava svje\u017einu i optimalnu temperaturu, osigurava protok zraka za maksimalnu udobnost. Prikladno za autosjedalice i kolica.\",\"breadcrumb\":{\"@id\":\"https:\\\/\\\/najnaj.eu\\\/fr\\\/proizvod\\\/besafe-zracna-podloga-za-autosjedalicu-dark-grey\\\/#breadcrumb\"},\"inLanguage\":\"fr-FR\",\"potentialAction\":[{\"@type\":\"ReadAction\",\"target\":[\"https:\\\/\\\/najnaj.eu\\\/fr\\\/proizvod\\\/besafe-zracna-podloga-za-autosjedalicu-dark-grey\\\/\"]}]},{\"@type\":\"ImageObject\",\"inLanguage\":\"fr-FR\",\"@id\":\"https:\\\/\\\/najnaj.eu\\\/fr\\\/proizvod\\\/besafe-zracna-podloga-za-autosjedalicu-dark-grey\\\/#primaryimage\",\"url\":\"https:\\\/\\\/najnaj.eu\\\/wp-content\\\/uploads\\\/2025\\\/10\\\/11041151_BeSafe_Airflow-Liner_Dark-Grey_Front-Bamboo.png\",\"contentUrl\":\"https:\\\/\\\/najnaj.eu\\\/wp-content\\\/uploads\\\/2025\\\/10\\\/11041151_BeSafe_Airflow-Liner_Dark-Grey_Front-Bamboo.png\",\"width\":1080,\"height\":1080},{\"@type\":\"BreadcrumbList\",\"@id\":\"https:\\\/\\\/najnaj.eu\\\/fr\\\/proizvod\\\/besafe-zracna-podloga-za-autosjedalicu-dark-grey\\\/#breadcrumb\",\"itemListElement\":[{\"@type\":\"ListItem\",\"position\":1,\"name\":\"Po\u010detna stranica\",\"item\":\"https:\\\/\\\/najnaj.eu\\\/fr\\\/\"},{\"@type\":\"ListItem\",\"position\":2,\"name\":\"Trgovina\",\"item\":\"https:\\\/\\\/najnaj.hr\\\/trgovina\\\/\"},{\"@type\":\"ListItem\",\"position\":3,\"name\":\"BeSafe zra\u010dna podloga za autosjedalicu, Dark Grey\"}]},{\"@type\":\"WebSite\",\"@id\":\"https:\\\/\\\/najnaj.eu\\\/fr\\\/#website\",\"url\":\"https:\\\/\\\/najnaj.eu\\\/fr\\\/\",\"name\":\"NajNaj.eu\",\"description\":\"Za najva\u017enije!\",\"potentialAction\":[{\"@type\":\"SearchAction\",\"target\":{\"@type\":\"EntryPoint\",\"urlTemplate\":\"https:\\\/\\\/najnaj.eu\\\/fr\\\/?s={search_term_string}\"},\"query-input\":{\"@type\":\"PropertyValueSpecification\",\"valueRequired\":true,\"valueName\":\"search_term_string\"}}],\"inLanguage\":\"fr-FR\"}]}<\/script>\n<meta property=\"product:brand\" content=\"BeSafe\" \/>\n<meta property=\"product:price:amount\" content=\"49.99\" \/>\n<meta property=\"product:price:currency\" content=\"EUR\" \/>\n<meta property=\"og:availability\" content=\"instock\" \/>\n<meta property=\"product:availability\" content=\"instock\" \/>\n<meta property=\"product:retailer_item_id\" content=\"11041151-DarkGrey-One Size-Std\" \/>\n<meta property=\"product:condition\" content=\"new\" \/>\n<!-- \/ Yoast SEO Premium plugin. -->","yoast_head_json":{"title":"BeSafe zra\u010dna podloga za autosjedalicu, Dark Grey - NajNaj.eu","description":"Odr\u017eava svje\u017einu i optimalnu temperaturu, osigurava protok zraka za maksimalnu udobnost. Prikladno za autosjedalice i kolica.","robots":{"index":"index","follow":"follow","max-snippet":"max-snippet:-1","max-image-preview":"max-image-preview:large","max-video-preview":"max-video-preview:-1"},"canonical":"https:\/\/najnaj.eu\/fr\/proizvod\/besafe-zracna-podloga-za-autosjedalicu-dark-grey\/","og_locale":"fr_FR","og_type":"article","og_title":"BeSafe zra\u010dna podloga za autosjedalicu, Dark Grey","og_description":"Odr\u017eava svje\u017einu i optimalnu temperaturu, osigurava protok zraka za maksimalnu udobnost. Prikladno za autosjedalice i kolica.","og_url":"https:\/\/najnaj.eu\/fr\/proizvod\/besafe-zracna-podloga-za-autosjedalicu-dark-grey\/","og_site_name":"NajNaj.eu","article_publisher":"https:\/\/web.facebook.com\/najnaj.eu\/","article_modified_time":"2026-02-03T19:27:30+00:00","og_image":[{"width":1080,"height":1080,"url":"https:\/\/najnaj.eu\/wp-content\/uploads\/2025\/10\/11041151_BeSafe_Airflow-Liner_Dark-Grey_Front-Bamboo.png","type":"image\/png"}],"twitter_card":"summary_large_image","twitter_misc":{"Prix":"49,99&nbsp;&euro;","Disponibilit\u00e9":"En stock"},"schema":{"@context":"https:\/\/schema.org","@graph":[{"@type":"WebPage","@id":"https:\/\/najnaj.eu\/fr\/proizvod\/besafe-zracna-podloga-za-autosjedalicu-dark-grey\/","url":"https:\/\/najnaj.eu\/fr\/proizvod\/besafe-zracna-podloga-za-autosjedalicu-dark-grey\/","name":"BeSafe zra\u010dna podloga za autosjedalicu, Dark Grey - NajNaj.eu","isPartOf":{"@id":"https:\/\/najnaj.eu\/fr\/#website"},"primaryImageOfPage":{"@id":"https:\/\/najnaj.eu\/fr\/proizvod\/besafe-zracna-podloga-za-autosjedalicu-dark-grey\/#primaryimage"},"image":{"@id":"https:\/\/najnaj.eu\/fr\/proizvod\/besafe-zracna-podloga-za-autosjedalicu-dark-grey\/#primaryimage"},"thumbnailUrl":"https:\/\/najnaj.eu\/wp-content\/uploads\/2025\/10\/11041151_BeSafe_Airflow-Liner_Dark-Grey_Front-Bamboo.png","datePublished":"2025-10-14T09:31:53+00:00","dateModified":"2026-02-03T19:27:30+00:00","description":"Odr\u017eava svje\u017einu i optimalnu temperaturu, osigurava protok zraka za maksimalnu udobnost. Prikladno za autosjedalice i kolica.","breadcrumb":{"@id":"https:\/\/najnaj.eu\/fr\/proizvod\/besafe-zracna-podloga-za-autosjedalicu-dark-grey\/#breadcrumb"},"inLanguage":"fr-FR","potentialAction":[{"@type":"ReadAction","target":["https:\/\/najnaj.eu\/fr\/proizvod\/besafe-zracna-podloga-za-autosjedalicu-dark-grey\/"]}]},{"@type":"ImageObject","inLanguage":"fr-FR","@id":"https:\/\/najnaj.eu\/fr\/proizvod\/besafe-zracna-podloga-za-autosjedalicu-dark-grey\/#primaryimage","url":"https:\/\/najnaj.eu\/wp-content\/uploads\/2025\/10\/11041151_BeSafe_Airflow-Liner_Dark-Grey_Front-Bamboo.png","contentUrl":"https:\/\/najnaj.eu\/wp-content\/uploads\/2025\/10\/11041151_BeSafe_Airflow-Liner_Dark-Grey_Front-Bamboo.png","width":1080,"height":1080},{"@type":"BreadcrumbList","@id":"https:\/\/najnaj.eu\/fr\/proizvod\/besafe-zracna-podloga-za-autosjedalicu-dark-grey\/#breadcrumb","itemListElement":[{"@type":"ListItem","position":1,"name":"Po\u010detna stranica","item":"https:\/\/najnaj.eu\/fr\/"},{"@type":"ListItem","position":2,"name":"Trgovina","item":"https:\/\/najnaj.hr\/trgovina\/"},{"@type":"ListItem","position":3,"name":"BeSafe zra\u010dna podloga za autosjedalicu, Dark Grey"}]},{"@type":"WebSite","@id":"https:\/\/najnaj.eu\/fr\/#website","url":"https:\/\/najnaj.eu\/fr\/","name":"NajNaj.eu","description":"Za najva\u017enije!","potentialAction":[{"@type":"SearchAction","target":{"@type":"EntryPoint","urlTemplate":"https:\/\/najnaj.eu\/fr\/?s={search_term_string}"},"query-input":{"@type":"PropertyValueSpecification","valueRequired":true,"valueName":"search_term_string"}}],"inLanguage":"fr-FR"}]},"product_brand":"BeSafe","product_price_amount":"49.99","product_price_currency":"EUR","og_availability":"instock","product_availability":"instock","product_retailer_item_id":"11041151-DarkGrey-One Size-Std","product_condition":"new"},"_links":{"self":[{"href":"https:\/\/najnaj.eu\/fr\/wp-json\/wp\/v2\/product\/273828","targetHints":{"allow":["GET"]}}],"collection":[{"href":"https:\/\/najnaj.eu\/fr\/wp-json\/wp\/v2\/product"}],"about":[{"href":"https:\/\/najnaj.eu\/fr\/wp-json\/wp\/v2\/types\/product"}],"replies":[{"embeddable":true,"href":"https:\/\/najnaj.eu\/fr\/wp-json\/wp\/v2\/comments?post=273828"}],"version-history":[{"count":0,"href":"https:\/\/najnaj.eu\/fr\/wp-json\/wp\/v2\/product\/273828\/revisions"}],"wp:featuredmedia":[{"embeddable":true,"href":"https:\/\/najnaj.eu\/fr\/wp-json\/wp\/v2\/media\/273830"}],"wp:attachment":[{"href":"https:\/\/najnaj.eu\/fr\/wp-json\/wp\/v2\/media?parent=273828"}],"wp:term":[{"taxonomy":"product_brand","embeddable":true,"href":"https:\/\/najnaj.eu\/fr\/wp-json\/wp\/v2\/product_brand?post=273828"},{"taxonomy":"product_cat","embeddable":true,"href":"https:\/\/najnaj.eu\/fr\/wp-json\/wp\/v2\/product_cat?post=273828"},{"taxonomy":"product_tag","embeddable":true,"href":"https:\/\/najnaj.eu\/fr\/wp-json\/wp\/v2\/product_tag?post=273828"}],"curies":[{"name":"wp","href":"https:\/\/api.w.org\/{rel}","templated":true}]}}