{"id":271350,"date":"2025-09-24T14:10:03","date_gmt":"2025-09-24T12:10:03","guid":{"rendered":"https:\/\/najnaj.eu\/?post_type=product&#038;p=271350"},"modified":"2026-03-05T10:14:27","modified_gmt":"2026-03-05T09:14:27","slug":"citron-male-silikonske-zlice-za-djecu-bez-i-plava","status":"publish","type":"product","link":"https:\/\/najnaj.eu\/fr\/proizvod\/citron-male-silikonske-zlice-za-djecu-bez-i-plava\/","title":{"rendered":"Citron Male silikonske \u017elice za djecu, be\u017e i plava"},"content":{"rendered":"<p>Set od 2 silikonske \u017eli\u010dice<\/p>\n<ul>\n<li>Ergonomski dizajn za lako dr\u017eanje<\/li>\n<li>Sigurne za hranu \/ ne sadr\u017ee BPA<\/li>\n<li>Dimenzije: 12,5 x 3 cm<\/li>\n<li>Dob: 6 mjeseci +<\/li>\n<\/ul>\n","protected":false},"excerpt":{"rendered":"<p>Na\u0161e mekane silikonske \u017eli\u010dice za hranjenje savr\u0161eno su nje\u017ene prema osjetljivim dje\u010djim desnima i zubi\u0107ima. Zahvaljuju\u0107i zaobljenom obliku, olak\u0161avaju zatvaranje usnica i \u010dine hranjenje ugodnijim iskustvom. Ergonomski dizajnirana, deblja dr\u0161ka omogu\u0107uje sigurno i jednostavno dr\u017eanje, poti\u010du\u0107i razvoj fine motorike i samostalno hranjenje.<\/p>\n","protected":false},"featured_media":271362,"comment_status":"closed","ping_status":"closed","template":"","meta":{"_acf_changed":false,"footnotes":""},"product_brand":[],"product_cat":[577,622,658],"product_tag":[],"class_list":{"0":"post-271350","1":"product","2":"type-product","3":"status-publish","4":"has-post-thumbnail","6":"product_cat-hranjenje","7":"product_cat-posude","8":"product_cat-pribor-za-jelo","9":"pa_boja-bez","10":"pa_boja-plava","11":"pa_brand-citron","12":"pa_vrsta-posuda-pribor-za-jelo","14":"first","15":"instock","16":"shipping-taxable","17":"purchasable","18":"product-type-simple"},"bundled_by":[],"bundle_stock_status":"instock","bundle_stock_quantity":15,"bundle_virtual":false,"bundle_layout":"","bundle_add_to_cart_form_location":"","bundle_editable_in_cart":false,"bundle_sold_individually_context":"","bundle_item_grouping":"","bundle_min_size":"","bundle_max_size":"","bundle_price":[],"bundled_items":[],"bundle_sell_ids":[],"acf":[],"yoast_head":"<!-- This site is optimized with the Yoast SEO Premium plugin v21.5 (Yoast SEO v27.4) - https:\/\/yoast.com\/product\/yoast-seo-premium-wordpress\/ -->\n<title>Citron Male silikonske \u017elice za djecu, be\u017e i plava - NajNaj.eu<\/title>\n<meta name=\"robots\" content=\"index, follow, max-snippet:-1, max-image-preview:large, max-video-preview:-1\" \/>\n<link rel=\"canonical\" href=\"https:\/\/najnaj.eu\/fr\/proizvod\/citron-male-silikonske-zlice-za-djecu-bez-i-plava\/\" \/>\n<meta property=\"og:locale\" content=\"fr_FR\" \/>\n<meta property=\"og:type\" content=\"article\" \/>\n<meta property=\"og:title\" content=\"Citron Male silikonske \u017elice za djecu, be\u017e i plava\" \/>\n<meta property=\"og:description\" content=\"Na\u0161e mekane silikonske \u017eli\u010dice za hranjenje savr\u0161eno su nje\u017ene prema osjetljivim dje\u010djim desnima i zubi\u0107ima. Zahvaljuju\u0107i zaobljenom obliku, olak\u0161avaju zatvaranje usnica i \u010dine hranjenje ugodnijim iskustvom. Ergonomski dizajnirana, deblja dr\u0161ka omogu\u0107uje sigurno i jednostavno dr\u017eanje, poti\u010du\u0107i razvoj fine motorike i samostalno hranjenje.\" \/>\n<meta property=\"og:url\" content=\"https:\/\/najnaj.eu\/fr\/proizvod\/citron-male-silikonske-zlice-za-djecu-bez-i-plava\/\" \/>\n<meta property=\"og:site_name\" content=\"NajNaj.eu\" \/>\n<meta property=\"article:publisher\" content=\"https:\/\/web.facebook.com\/najnaj.eu\/\" \/>\n<meta property=\"article:modified_time\" content=\"2026-03-05T09:14:27+00:00\" \/>\n<meta property=\"og:image\" content=\"https:\/\/najnaj.eu\/wp-content\/uploads\/2025\/09\/Z1089-Ballerina-and-Vehicles-Extra-1.jpg\" \/>\n\t<meta property=\"og:image:width\" content=\"2000\" \/>\n\t<meta property=\"og:image:height\" content=\"2000\" \/>\n\t<meta property=\"og:image:type\" content=\"image\/jpeg\" \/>\n<meta name=\"twitter:card\" content=\"summary_large_image\" \/>\n<meta name=\"twitter:label1\" content=\"Prix\" \/>\n\t<meta name=\"twitter:data1\" content=\"14,99&nbsp;&euro;\" \/>\n\t<meta name=\"twitter:label2\" content=\"Disponibilit\u00e9\" \/>\n\t<meta name=\"twitter:data2\" content=\"En stock\" \/>\n<script type=\"application\/ld+json\" class=\"yoast-schema-graph\">{\"@context\":\"https:\\\/\\\/schema.org\",\"@graph\":[{\"@type\":\"WebPage\",\"@id\":\"https:\\\/\\\/najnaj.eu\\\/fr\\\/proizvod\\\/citron-male-silikonske-zlice-za-djecu-bez-i-plava\\\/\",\"url\":\"https:\\\/\\\/najnaj.eu\\\/fr\\\/proizvod\\\/citron-male-silikonske-zlice-za-djecu-bez-i-plava\\\/\",\"name\":\"Citron Male silikonske \u017elice za djecu, be\u017e i plava - NajNaj.eu\",\"isPartOf\":{\"@id\":\"https:\\\/\\\/najnaj.eu\\\/fr\\\/#website\"},\"primaryImageOfPage\":{\"@id\":\"https:\\\/\\\/najnaj.eu\\\/fr\\\/proizvod\\\/citron-male-silikonske-zlice-za-djecu-bez-i-plava\\\/#primaryimage\"},\"image\":{\"@id\":\"https:\\\/\\\/najnaj.eu\\\/fr\\\/proizvod\\\/citron-male-silikonske-zlice-za-djecu-bez-i-plava\\\/#primaryimage\"},\"thumbnailUrl\":\"https:\\\/\\\/najnaj.eu\\\/wp-content\\\/uploads\\\/2025\\\/09\\\/Z1089-Ballerina-and-Vehicles-Extra-1.jpg\",\"datePublished\":\"2025-09-24T12:10:03+00:00\",\"dateModified\":\"2026-03-05T09:14:27+00:00\",\"breadcrumb\":{\"@id\":\"https:\\\/\\\/najnaj.eu\\\/fr\\\/proizvod\\\/citron-male-silikonske-zlice-za-djecu-bez-i-plava\\\/#breadcrumb\"},\"inLanguage\":\"fr-FR\",\"potentialAction\":[{\"@type\":\"ReadAction\",\"target\":[\"https:\\\/\\\/najnaj.eu\\\/fr\\\/proizvod\\\/citron-male-silikonske-zlice-za-djecu-bez-i-plava\\\/\"]}]},{\"@type\":\"ImageObject\",\"inLanguage\":\"fr-FR\",\"@id\":\"https:\\\/\\\/najnaj.eu\\\/fr\\\/proizvod\\\/citron-male-silikonske-zlice-za-djecu-bez-i-plava\\\/#primaryimage\",\"url\":\"https:\\\/\\\/najnaj.eu\\\/wp-content\\\/uploads\\\/2025\\\/09\\\/Z1089-Ballerina-and-Vehicles-Extra-1.jpg\",\"contentUrl\":\"https:\\\/\\\/najnaj.eu\\\/wp-content\\\/uploads\\\/2025\\\/09\\\/Z1089-Ballerina-and-Vehicles-Extra-1.jpg\",\"width\":2000,\"height\":2000},{\"@type\":\"BreadcrumbList\",\"@id\":\"https:\\\/\\\/najnaj.eu\\\/fr\\\/proizvod\\\/citron-male-silikonske-zlice-za-djecu-bez-i-plava\\\/#breadcrumb\",\"itemListElement\":[{\"@type\":\"ListItem\",\"position\":1,\"name\":\"Po\u010detna stranica\",\"item\":\"https:\\\/\\\/najnaj.eu\\\/fr\\\/\"},{\"@type\":\"ListItem\",\"position\":2,\"name\":\"Trgovina\",\"item\":\"https:\\\/\\\/najnaj.hr\\\/trgovina\\\/\"},{\"@type\":\"ListItem\",\"position\":3,\"name\":\"Citron Male silikonske \u017elice za djecu, be\u017e i plava\"}]},{\"@type\":\"WebSite\",\"@id\":\"https:\\\/\\\/najnaj.eu\\\/fr\\\/#website\",\"url\":\"https:\\\/\\\/najnaj.eu\\\/fr\\\/\",\"name\":\"NajNaj.eu\",\"description\":\"Za najva\u017enije!\",\"potentialAction\":[{\"@type\":\"SearchAction\",\"target\":{\"@type\":\"EntryPoint\",\"urlTemplate\":\"https:\\\/\\\/najnaj.eu\\\/fr\\\/?s={search_term_string}\"},\"query-input\":{\"@type\":\"PropertyValueSpecification\",\"valueRequired\":true,\"valueName\":\"search_term_string\"}}],\"inLanguage\":\"fr-FR\"}]}<\/script>\n<meta property=\"product:brand\" content=\"Citron\" \/>\n<meta property=\"product:price:amount\" content=\"14.99\" \/>\n<meta property=\"product:price:currency\" content=\"EUR\" \/>\n<meta property=\"og:availability\" content=\"instock\" \/>\n<meta property=\"product:availability\" content=\"instock\" \/>\n<meta property=\"product:retailer_item_id\" content=\"Silicone_Feeding_Spoon_Short_Set2\" \/>\n<meta property=\"product:condition\" content=\"new\" \/>\n<!-- \/ Yoast SEO Premium plugin. -->","yoast_head_json":{"title":"Citron Male silikonske \u017elice za djecu, be\u017e i plava - NajNaj.eu","robots":{"index":"index","follow":"follow","max-snippet":"max-snippet:-1","max-image-preview":"max-image-preview:large","max-video-preview":"max-video-preview:-1"},"canonical":"https:\/\/najnaj.eu\/fr\/proizvod\/citron-male-silikonske-zlice-za-djecu-bez-i-plava\/","og_locale":"fr_FR","og_type":"article","og_title":"Citron Male silikonske \u017elice za djecu, be\u017e i plava","og_description":"Na\u0161e mekane silikonske \u017eli\u010dice za hranjenje savr\u0161eno su nje\u017ene prema osjetljivim dje\u010djim desnima i zubi\u0107ima. Zahvaljuju\u0107i zaobljenom obliku, olak\u0161avaju zatvaranje usnica i \u010dine hranjenje ugodnijim iskustvom. Ergonomski dizajnirana, deblja dr\u0161ka omogu\u0107uje sigurno i jednostavno dr\u017eanje, poti\u010du\u0107i razvoj fine motorike i samostalno hranjenje.","og_url":"https:\/\/najnaj.eu\/fr\/proizvod\/citron-male-silikonske-zlice-za-djecu-bez-i-plava\/","og_site_name":"NajNaj.eu","article_publisher":"https:\/\/web.facebook.com\/najnaj.eu\/","article_modified_time":"2026-03-05T09:14:27+00:00","og_image":[{"width":2000,"height":2000,"url":"https:\/\/najnaj.eu\/wp-content\/uploads\/2025\/09\/Z1089-Ballerina-and-Vehicles-Extra-1.jpg","type":"image\/jpeg"}],"twitter_card":"summary_large_image","twitter_misc":{"Prix":"14,99&nbsp;&euro;","Disponibilit\u00e9":"En stock"},"schema":{"@context":"https:\/\/schema.org","@graph":[{"@type":"WebPage","@id":"https:\/\/najnaj.eu\/fr\/proizvod\/citron-male-silikonske-zlice-za-djecu-bez-i-plava\/","url":"https:\/\/najnaj.eu\/fr\/proizvod\/citron-male-silikonske-zlice-za-djecu-bez-i-plava\/","name":"Citron Male silikonske \u017elice za djecu, be\u017e i plava - NajNaj.eu","isPartOf":{"@id":"https:\/\/najnaj.eu\/fr\/#website"},"primaryImageOfPage":{"@id":"https:\/\/najnaj.eu\/fr\/proizvod\/citron-male-silikonske-zlice-za-djecu-bez-i-plava\/#primaryimage"},"image":{"@id":"https:\/\/najnaj.eu\/fr\/proizvod\/citron-male-silikonske-zlice-za-djecu-bez-i-plava\/#primaryimage"},"thumbnailUrl":"https:\/\/najnaj.eu\/wp-content\/uploads\/2025\/09\/Z1089-Ballerina-and-Vehicles-Extra-1.jpg","datePublished":"2025-09-24T12:10:03+00:00","dateModified":"2026-03-05T09:14:27+00:00","breadcrumb":{"@id":"https:\/\/najnaj.eu\/fr\/proizvod\/citron-male-silikonske-zlice-za-djecu-bez-i-plava\/#breadcrumb"},"inLanguage":"fr-FR","potentialAction":[{"@type":"ReadAction","target":["https:\/\/najnaj.eu\/fr\/proizvod\/citron-male-silikonske-zlice-za-djecu-bez-i-plava\/"]}]},{"@type":"ImageObject","inLanguage":"fr-FR","@id":"https:\/\/najnaj.eu\/fr\/proizvod\/citron-male-silikonske-zlice-za-djecu-bez-i-plava\/#primaryimage","url":"https:\/\/najnaj.eu\/wp-content\/uploads\/2025\/09\/Z1089-Ballerina-and-Vehicles-Extra-1.jpg","contentUrl":"https:\/\/najnaj.eu\/wp-content\/uploads\/2025\/09\/Z1089-Ballerina-and-Vehicles-Extra-1.jpg","width":2000,"height":2000},{"@type":"BreadcrumbList","@id":"https:\/\/najnaj.eu\/fr\/proizvod\/citron-male-silikonske-zlice-za-djecu-bez-i-plava\/#breadcrumb","itemListElement":[{"@type":"ListItem","position":1,"name":"Po\u010detna stranica","item":"https:\/\/najnaj.eu\/fr\/"},{"@type":"ListItem","position":2,"name":"Trgovina","item":"https:\/\/najnaj.hr\/trgovina\/"},{"@type":"ListItem","position":3,"name":"Citron Male silikonske \u017elice za djecu, be\u017e i plava"}]},{"@type":"WebSite","@id":"https:\/\/najnaj.eu\/fr\/#website","url":"https:\/\/najnaj.eu\/fr\/","name":"NajNaj.eu","description":"Za najva\u017enije!","potentialAction":[{"@type":"SearchAction","target":{"@type":"EntryPoint","urlTemplate":"https:\/\/najnaj.eu\/fr\/?s={search_term_string}"},"query-input":{"@type":"PropertyValueSpecification","valueRequired":true,"valueName":"search_term_string"}}],"inLanguage":"fr-FR"}]},"product_brand":"Citron","product_price_amount":"14.99","product_price_currency":"EUR","og_availability":"instock","product_availability":"instock","product_retailer_item_id":"Silicone_Feeding_Spoon_Short_Set2","product_condition":"new"},"_links":{"self":[{"href":"https:\/\/najnaj.eu\/fr\/wp-json\/wp\/v2\/product\/271350","targetHints":{"allow":["GET"]}}],"collection":[{"href":"https:\/\/najnaj.eu\/fr\/wp-json\/wp\/v2\/product"}],"about":[{"href":"https:\/\/najnaj.eu\/fr\/wp-json\/wp\/v2\/types\/product"}],"replies":[{"embeddable":true,"href":"https:\/\/najnaj.eu\/fr\/wp-json\/wp\/v2\/comments?post=271350"}],"version-history":[{"count":0,"href":"https:\/\/najnaj.eu\/fr\/wp-json\/wp\/v2\/product\/271350\/revisions"}],"wp:featuredmedia":[{"embeddable":true,"href":"https:\/\/najnaj.eu\/fr\/wp-json\/wp\/v2\/media\/271362"}],"wp:attachment":[{"href":"https:\/\/najnaj.eu\/fr\/wp-json\/wp\/v2\/media?parent=271350"}],"wp:term":[{"taxonomy":"product_brand","embeddable":true,"href":"https:\/\/najnaj.eu\/fr\/wp-json\/wp\/v2\/product_brand?post=271350"},{"taxonomy":"product_cat","embeddable":true,"href":"https:\/\/najnaj.eu\/fr\/wp-json\/wp\/v2\/product_cat?post=271350"},{"taxonomy":"product_tag","embeddable":true,"href":"https:\/\/najnaj.eu\/fr\/wp-json\/wp\/v2\/product_tag?post=271350"}],"curies":[{"name":"wp","href":"https:\/\/api.w.org\/{rel}","templated":true}]}}