{"id":269557,"date":"2025-09-04T09:01:15","date_gmt":"2025-09-04T07:01:15","guid":{"rendered":"https:\/\/najnaj.eu\/?post_type=product&#038;p=269557"},"modified":"2026-02-03T20:33:10","modified_gmt":"2026-02-03T19:33:10","slug":"b-box-posuda-za-uzinu-forest","status":"publish","type":"product","link":"https:\/\/najnaj.eu\/fr\/proizvod\/b-box-posuda-za-uzinu-forest\/","title":{"rendered":"b.box Posuda za u\u017einu, forest"},"content":{"rendered":"<p>Pru\u017eamo vam vi\u0161e raznolikosti za vrijeme ru\u010dka s na\u0161om svestranom posudicom za ru\u010dak, njam!<\/p>\n<p>Dizajnirana da savr\u0161eno stane u odjeljak za sendvi\u010de na\u0161e kutije za ru\u010dak ili da se koristi samostalno. Ne propu\u0161ta kada se koristi s hladnom hranom &#8211; idealno za salate ili ostatke, tako\u0111er pogodno za mokru hranu poput umaka ili preljeva. Sigurno za hladnjak i zamrziva\u010d, savr\u0161eno za pripremu i pohranu unaprijed.<\/p>\n<p>Kada je vrijeme za jelo, fleksibilni silikonski kutni jezi\u010dak omogu\u0107uje malim rukama lako hvatanje kako bi izvadile iz kutije za ru\u010dak i samostalno otvorile poklopac. Sigurno za mikrovalnu pe\u0107nicu, jednostavno uklonite poklopac prije zagrijavanja.<\/p>\n<p>Mo\u017ee se prati u perilici posu\u0111a (samo gornja re\u0161etka) za jednostavno \u010di\u0161\u0107enje! Stavite dno posude za ru\u010dak i poklopac na gornju re\u0161etku perilice posu\u0111a ili operite ru\u010dno u toploj vodi sa sapunom. Izra\u0111ena od izdr\u017eljivog, dugotrajnog silikona prehrambene kvalitete i PP-a, bez \u0161tetnih tvari poput BPA.<\/p>\n","protected":false},"excerpt":{"rendered":"<p>-&gt; Dizajnirano da stane u odjeljak za sendvi\u010de u b.box kutiji za u\u017einu ili da se koristi samostalno<br \/>\n-&gt; Mo\u017ee se koristiti u mikrovalnoj pe\u0107nici i perilici posu\u0111a, samo na gornjoj re\u0161etki<br \/>\n-&gt; Ne propu\u0161ta pri kori\u0161tenju s hladnom hranom &#8211; idealno za salate ili ostatke hrane, tako\u0111er pogodno za mokru hranu poput umaka ili preljeva<br \/>\n-&gt; Fleksibilni kutni jezi\u010dak olak\u0161ava va\u0111enje iz kutije za ru\u010dak i otvaranje poklopca malim rukama<br \/>\n-&gt; Kapacitet 400 ml\/13,6 oz<br \/>\n-&gt; Materijali: izra\u0111eno od PP-a i silikona<br \/>\n-&gt; Dimenzije: 122 mm x 122 mm x 62 mm<\/p>\n","protected":false},"featured_media":269558,"comment_status":"closed","ping_status":"closed","template":"","meta":{"_acf_changed":false,"footnotes":""},"product_brand":[],"product_cat":[577,622,657],"product_tag":[],"class_list":{"0":"post-269557","1":"product","2":"type-product","3":"status-publish","4":"has-post-thumbnail","6":"product_cat-hranjenje","7":"product_cat-posude","8":"product_cat-tanjuri","9":"pa_boja-zelena","10":"pa_brand-b-box","11":"pa_vrsta-posuda-posude-za-hranu","13":"first","14":"instock","15":"shipping-taxable","16":"purchasable","17":"product-type-simple"},"bundled_by":[],"bundle_stock_status":"instock","bundle_stock_quantity":15,"bundle_virtual":false,"bundle_layout":"","bundle_add_to_cart_form_location":"","bundle_editable_in_cart":false,"bundle_sold_individually_context":"","bundle_item_grouping":"","bundle_min_size":"","bundle_max_size":"","bundle_price":[],"bundled_items":[],"bundle_sell_ids":[],"acf":[],"yoast_head":"<!-- This site is optimized with the Yoast SEO Premium plugin v21.5 (Yoast SEO v27.4) - https:\/\/yoast.com\/product\/yoast-seo-premium-wordpress\/ -->\n<title>b.box Posuda za u\u017einu, forest - NajNaj.eu<\/title>\n<meta name=\"robots\" content=\"index, follow, max-snippet:-1, max-image-preview:large, max-video-preview:-1\" \/>\n<link rel=\"canonical\" href=\"https:\/\/najnaj.eu\/fr\/proizvod\/b-box-posuda-za-uzinu-forest\/\" \/>\n<meta property=\"og:locale\" content=\"fr_FR\" \/>\n<meta property=\"og:type\" content=\"article\" \/>\n<meta property=\"og:title\" content=\"b.box Posuda za u\u017einu, forest\" \/>\n<meta property=\"og:description\" content=\"-&gt; Dizajnirano da stane u odjeljak za sendvi\u010de u b.box kutiji za u\u017einu ili da se koristi samostalno -&gt; Mo\u017ee se koristiti u mikrovalnoj pe\u0107nici i perilici posu\u0111a, samo na gornjoj re\u0161etki -&gt; Ne propu\u0161ta pri kori\u0161tenju s hladnom hranom - idealno za salate ili ostatke hrane, tako\u0111er pogodno za mokru hranu poput umaka ili preljeva -&gt; Fleksibilni kutni jezi\u010dak olak\u0161ava va\u0111enje iz kutije za ru\u010dak i otvaranje poklopca malim rukama -&gt; Kapacitet 400 ml\/13,6 oz -&gt; Materijali: izra\u0111eno od PP-a i silikona -&gt; Dimenzije: 122 mm x 122 mm x 62 mm\" \/>\n<meta property=\"og:url\" content=\"https:\/\/najnaj.eu\/fr\/proizvod\/b-box-posuda-za-uzinu-forest\/\" \/>\n<meta property=\"og:site_name\" content=\"NajNaj.eu\" \/>\n<meta property=\"article:publisher\" content=\"https:\/\/web.facebook.com\/najnaj.eu\/\" \/>\n<meta property=\"article:modified_time\" content=\"2026-02-03T19:33:10+00:00\" \/>\n<meta property=\"og:image\" content=\"https:\/\/najnaj.eu\/wp-content\/uploads\/2025\/09\/Lunch-Tub_Forest_1-scaled.png\" \/>\n\t<meta property=\"og:image:width\" content=\"2560\" \/>\n\t<meta property=\"og:image:height\" content=\"2327\" \/>\n\t<meta property=\"og:image:type\" content=\"image\/png\" \/>\n<meta name=\"twitter:card\" content=\"summary_large_image\" \/>\n<meta name=\"twitter:label1\" content=\"Prix\" \/>\n\t<meta name=\"twitter:data1\" content=\"7,99&nbsp;&euro;\" \/>\n\t<meta name=\"twitter:label2\" content=\"Disponibilit\u00e9\" \/>\n\t<meta name=\"twitter:data2\" content=\"En stock\" \/>\n<script type=\"application\/ld+json\" class=\"yoast-schema-graph\">{\"@context\":\"https:\\\/\\\/schema.org\",\"@graph\":[{\"@type\":\"WebPage\",\"@id\":\"https:\\\/\\\/najnaj.eu\\\/fr\\\/proizvod\\\/b-box-posuda-za-uzinu-forest\\\/\",\"url\":\"https:\\\/\\\/najnaj.eu\\\/fr\\\/proizvod\\\/b-box-posuda-za-uzinu-forest\\\/\",\"name\":\"b.box Posuda za u\u017einu, forest - NajNaj.eu\",\"isPartOf\":{\"@id\":\"https:\\\/\\\/najnaj.eu\\\/fr\\\/#website\"},\"primaryImageOfPage\":{\"@id\":\"https:\\\/\\\/najnaj.eu\\\/fr\\\/proizvod\\\/b-box-posuda-za-uzinu-forest\\\/#primaryimage\"},\"image\":{\"@id\":\"https:\\\/\\\/najnaj.eu\\\/fr\\\/proizvod\\\/b-box-posuda-za-uzinu-forest\\\/#primaryimage\"},\"thumbnailUrl\":\"https:\\\/\\\/najnaj.eu\\\/wp-content\\\/uploads\\\/2025\\\/09\\\/Lunch-Tub_Forest_1-scaled.png\",\"datePublished\":\"2025-09-04T07:01:15+00:00\",\"dateModified\":\"2026-02-03T19:33:10+00:00\",\"breadcrumb\":{\"@id\":\"https:\\\/\\\/najnaj.eu\\\/fr\\\/proizvod\\\/b-box-posuda-za-uzinu-forest\\\/#breadcrumb\"},\"inLanguage\":\"fr-FR\",\"potentialAction\":[{\"@type\":\"ReadAction\",\"target\":[\"https:\\\/\\\/najnaj.eu\\\/fr\\\/proizvod\\\/b-box-posuda-za-uzinu-forest\\\/\"]}]},{\"@type\":\"ImageObject\",\"inLanguage\":\"fr-FR\",\"@id\":\"https:\\\/\\\/najnaj.eu\\\/fr\\\/proizvod\\\/b-box-posuda-za-uzinu-forest\\\/#primaryimage\",\"url\":\"https:\\\/\\\/najnaj.eu\\\/wp-content\\\/uploads\\\/2025\\\/09\\\/Lunch-Tub_Forest_1-scaled.png\",\"contentUrl\":\"https:\\\/\\\/najnaj.eu\\\/wp-content\\\/uploads\\\/2025\\\/09\\\/Lunch-Tub_Forest_1-scaled.png\",\"width\":2560,\"height\":2327},{\"@type\":\"BreadcrumbList\",\"@id\":\"https:\\\/\\\/najnaj.eu\\\/fr\\\/proizvod\\\/b-box-posuda-za-uzinu-forest\\\/#breadcrumb\",\"itemListElement\":[{\"@type\":\"ListItem\",\"position\":1,\"name\":\"Po\u010detna stranica\",\"item\":\"https:\\\/\\\/najnaj.eu\\\/fr\\\/\"},{\"@type\":\"ListItem\",\"position\":2,\"name\":\"Trgovina\",\"item\":\"https:\\\/\\\/najnaj.hr\\\/trgovina\\\/\"},{\"@type\":\"ListItem\",\"position\":3,\"name\":\"b.box Posuda za u\u017einu, forest\"}]},{\"@type\":\"WebSite\",\"@id\":\"https:\\\/\\\/najnaj.eu\\\/fr\\\/#website\",\"url\":\"https:\\\/\\\/najnaj.eu\\\/fr\\\/\",\"name\":\"NajNaj.eu\",\"description\":\"Za najva\u017enije!\",\"potentialAction\":[{\"@type\":\"SearchAction\",\"target\":{\"@type\":\"EntryPoint\",\"urlTemplate\":\"https:\\\/\\\/najnaj.eu\\\/fr\\\/?s={search_term_string}\"},\"query-input\":{\"@type\":\"PropertyValueSpecification\",\"valueRequired\":true,\"valueName\":\"search_term_string\"}}],\"inLanguage\":\"fr-FR\"}]}<\/script>\n<meta property=\"product:brand\" content=\"b.box\" \/>\n<meta property=\"product:price:amount\" content=\"7.99\" \/>\n<meta property=\"product:price:currency\" content=\"EUR\" \/>\n<meta property=\"og:availability\" content=\"instock\" \/>\n<meta property=\"product:availability\" content=\"instock\" \/>\n<meta property=\"product:retailer_item_id\" content=\"BX401607\" \/>\n<meta property=\"product:condition\" content=\"new\" \/>\n<!-- \/ Yoast SEO Premium plugin. -->","yoast_head_json":{"title":"b.box Posuda za u\u017einu, forest - NajNaj.eu","robots":{"index":"index","follow":"follow","max-snippet":"max-snippet:-1","max-image-preview":"max-image-preview:large","max-video-preview":"max-video-preview:-1"},"canonical":"https:\/\/najnaj.eu\/fr\/proizvod\/b-box-posuda-za-uzinu-forest\/","og_locale":"fr_FR","og_type":"article","og_title":"b.box Posuda za u\u017einu, forest","og_description":"-&gt; Dizajnirano da stane u odjeljak za sendvi\u010de u b.box kutiji za u\u017einu ili da se koristi samostalno -&gt; Mo\u017ee se koristiti u mikrovalnoj pe\u0107nici i perilici posu\u0111a, samo na gornjoj re\u0161etki -&gt; Ne propu\u0161ta pri kori\u0161tenju s hladnom hranom - idealno za salate ili ostatke hrane, tako\u0111er pogodno za mokru hranu poput umaka ili preljeva -&gt; Fleksibilni kutni jezi\u010dak olak\u0161ava va\u0111enje iz kutije za ru\u010dak i otvaranje poklopca malim rukama -&gt; Kapacitet 400 ml\/13,6 oz -&gt; Materijali: izra\u0111eno od PP-a i silikona -&gt; Dimenzije: 122 mm x 122 mm x 62 mm","og_url":"https:\/\/najnaj.eu\/fr\/proizvod\/b-box-posuda-za-uzinu-forest\/","og_site_name":"NajNaj.eu","article_publisher":"https:\/\/web.facebook.com\/najnaj.eu\/","article_modified_time":"2026-02-03T19:33:10+00:00","og_image":[{"width":2560,"height":2327,"url":"https:\/\/najnaj.eu\/wp-content\/uploads\/2025\/09\/Lunch-Tub_Forest_1-scaled.png","type":"image\/png"}],"twitter_card":"summary_large_image","twitter_misc":{"Prix":"7,99&nbsp;&euro;","Disponibilit\u00e9":"En stock"},"schema":{"@context":"https:\/\/schema.org","@graph":[{"@type":"WebPage","@id":"https:\/\/najnaj.eu\/fr\/proizvod\/b-box-posuda-za-uzinu-forest\/","url":"https:\/\/najnaj.eu\/fr\/proizvod\/b-box-posuda-za-uzinu-forest\/","name":"b.box Posuda za u\u017einu, forest - NajNaj.eu","isPartOf":{"@id":"https:\/\/najnaj.eu\/fr\/#website"},"primaryImageOfPage":{"@id":"https:\/\/najnaj.eu\/fr\/proizvod\/b-box-posuda-za-uzinu-forest\/#primaryimage"},"image":{"@id":"https:\/\/najnaj.eu\/fr\/proizvod\/b-box-posuda-za-uzinu-forest\/#primaryimage"},"thumbnailUrl":"https:\/\/najnaj.eu\/wp-content\/uploads\/2025\/09\/Lunch-Tub_Forest_1-scaled.png","datePublished":"2025-09-04T07:01:15+00:00","dateModified":"2026-02-03T19:33:10+00:00","breadcrumb":{"@id":"https:\/\/najnaj.eu\/fr\/proizvod\/b-box-posuda-za-uzinu-forest\/#breadcrumb"},"inLanguage":"fr-FR","potentialAction":[{"@type":"ReadAction","target":["https:\/\/najnaj.eu\/fr\/proizvod\/b-box-posuda-za-uzinu-forest\/"]}]},{"@type":"ImageObject","inLanguage":"fr-FR","@id":"https:\/\/najnaj.eu\/fr\/proizvod\/b-box-posuda-za-uzinu-forest\/#primaryimage","url":"https:\/\/najnaj.eu\/wp-content\/uploads\/2025\/09\/Lunch-Tub_Forest_1-scaled.png","contentUrl":"https:\/\/najnaj.eu\/wp-content\/uploads\/2025\/09\/Lunch-Tub_Forest_1-scaled.png","width":2560,"height":2327},{"@type":"BreadcrumbList","@id":"https:\/\/najnaj.eu\/fr\/proizvod\/b-box-posuda-za-uzinu-forest\/#breadcrumb","itemListElement":[{"@type":"ListItem","position":1,"name":"Po\u010detna stranica","item":"https:\/\/najnaj.eu\/fr\/"},{"@type":"ListItem","position":2,"name":"Trgovina","item":"https:\/\/najnaj.hr\/trgovina\/"},{"@type":"ListItem","position":3,"name":"b.box Posuda za u\u017einu, forest"}]},{"@type":"WebSite","@id":"https:\/\/najnaj.eu\/fr\/#website","url":"https:\/\/najnaj.eu\/fr\/","name":"NajNaj.eu","description":"Za najva\u017enije!","potentialAction":[{"@type":"SearchAction","target":{"@type":"EntryPoint","urlTemplate":"https:\/\/najnaj.eu\/fr\/?s={search_term_string}"},"query-input":{"@type":"PropertyValueSpecification","valueRequired":true,"valueName":"search_term_string"}}],"inLanguage":"fr-FR"}]},"product_brand":"b.box","product_price_amount":"7.99","product_price_currency":"EUR","og_availability":"instock","product_availability":"instock","product_retailer_item_id":"BX401607","product_condition":"new"},"_links":{"self":[{"href":"https:\/\/najnaj.eu\/fr\/wp-json\/wp\/v2\/product\/269557","targetHints":{"allow":["GET"]}}],"collection":[{"href":"https:\/\/najnaj.eu\/fr\/wp-json\/wp\/v2\/product"}],"about":[{"href":"https:\/\/najnaj.eu\/fr\/wp-json\/wp\/v2\/types\/product"}],"replies":[{"embeddable":true,"href":"https:\/\/najnaj.eu\/fr\/wp-json\/wp\/v2\/comments?post=269557"}],"version-history":[{"count":0,"href":"https:\/\/najnaj.eu\/fr\/wp-json\/wp\/v2\/product\/269557\/revisions"}],"wp:featuredmedia":[{"embeddable":true,"href":"https:\/\/najnaj.eu\/fr\/wp-json\/wp\/v2\/media\/269558"}],"wp:attachment":[{"href":"https:\/\/najnaj.eu\/fr\/wp-json\/wp\/v2\/media?parent=269557"}],"wp:term":[{"taxonomy":"product_brand","embeddable":true,"href":"https:\/\/najnaj.eu\/fr\/wp-json\/wp\/v2\/product_brand?post=269557"},{"taxonomy":"product_cat","embeddable":true,"href":"https:\/\/najnaj.eu\/fr\/wp-json\/wp\/v2\/product_cat?post=269557"},{"taxonomy":"product_tag","embeddable":true,"href":"https:\/\/najnaj.eu\/fr\/wp-json\/wp\/v2\/product_tag?post=269557"}],"curies":[{"name":"wp","href":"https:\/\/api.w.org\/{rel}","templated":true}]}}