{"id":269314,"date":"2025-09-03T14:17:45","date_gmt":"2025-09-03T12:17:45","guid":{"rendered":"https:\/\/najnaj.eu\/?post_type=product&#038;p=269314"},"modified":"2026-04-10T10:50:37","modified_gmt":"2026-04-10T08:50:37","slug":"ergobaby-metro-3-deluxe-kompaktna-gradska-kolica-camel","status":"publish","type":"product","link":"https:\/\/najnaj.eu\/fr\/proizvod\/ergobaby-metro-3-deluxe-kompaktna-gradska-kolica-camel\/","title":{"rendered":"Ergobaby Metro 3 Deluxe kompaktna gradska kolica &#8211; Camel"},"content":{"rendered":"<p>Ergobaby Metro3 Deluxe savr\u0161ena su kompaktna kolica s uklju\u010denim dodacima, dizajnirana za obitelji u pokretu!<\/p>\n<p><strong>MALE DIMENZIJE, VELIKE AVANTURE <\/strong><br \/>\nAutomatsko sklapanje jednom rukom i jednostavno rasklapanje Metro 3 Deluxe \u010dine funkcionalnim kolicima za svakodnevne avanture. Sklopljena kolica odgovaraju dimenzijama ru\u010dne prtljage ve\u0107ini aviokompanija (56 x 44 x 23 cm).<\/p>\n<p><strong>UDOBNOST BEZ KOMPROMISA<\/strong><br \/>\nErgonomski dizajniran sjede\u0107i dio s neograni\u010denim brojem nagiba u kombinaciji s podesivim osloncem za noge va\u0161em \u0107e mali\u0161anu pru\u017eiti potrebnu udobnost. Visinom podesiva ru\u010dka s novim ergonomskim dizajnom, izra\u0111ena od premium sme\u0111e ko\u017ee, omogu\u0107ava roditeljima pravilnije dr\u017eanje tijekom vo\u017enje te prilagodbu ovisno o potrebnoj visini (od 101 do 108 cm).<\/p>\n<p><strong>UGODAN SAN NA KOTA\u010cIMA <\/strong><br \/>\nUz potpuno prilagodljiv sjede\u0107i dio, ergonomski dizajn i amortizaciju na prednjim i stra\u017enjim kota\u010dima, Metro 3 Deluxe lako se mo\u017ee nositi s neravnim terenom, \u010dine\u0107i ga idealnim za putovanja i svakodnevne avanture.<\/p>\n<p><strong>KORI\u0160TENJE OD RO\u0110ENJA <\/strong><br \/>\nMetro3 Deluxe dolazi s integriranom ko\u0161arom za novoro\u0111en\u010de koja se jednostavno i lako formira iz sjede\u0107eg dijela pomo\u0107u bo\u010dnih pregrada. Metro 3 Deluxe kompatibilan je s autosjedalicama te se mo\u017ee koristiti kao 3u1 sustav (Cybex, Nuna, Maxi-Cosi, Avionaut, Britax, BeSafe) .<\/p>\n<p><strong>SVAKODNEVNA PRAKTI\u010cNOST <\/strong><br \/>\nProstrana ko\u0161ara za stvari kapaciteta do maksimalno 10 kg omogu\u0107ava pohranu svega \u0161to vam je bitno &#8211; torba za pelene, osobne stvari, namirnice&#8230;Uz to, Metro 3 Deluxe dolazi s jo\u0161 ve\u0107im, produ\u017eivim krovi\u0107em tkane teksture koji je vodoodbojan te s UPF 50 za\u0161titom. Prozor za bebe omogu\u0107ava provjeru i bliskost u svakom trenutku.<\/p>\n<p><strong>UKLJU\u010cENI DODACI <\/strong><br \/>\nMetro 3 Deluxe dolazi s prednjom za\u0161titnom ru\u010dkom od sme\u0111e ko\u017ee, dr\u017ea\u010dem za \u010da\u0161u\/bo\u010dicu te ki\u0161nom za\u0161titom. Za lak\u0161i transport sklopljenih kolica, tu je uklju\u010deni rameni pojas.<\/p>\n","protected":false},"excerpt":{"rendered":"<p>Kompaktna kolica za velike avanture s Deluxe zna\u010dajkama i uklju\u010denim dodacima!<\/p>\n<p>Ergobaby Metro 3 Deluxe kolica nude ultimativnu kompaktnu udobnost za roditelja i bebu (do 22kg).<\/p>\n<p>Uz kori\u0161tenje od prvog dana do 22 kg, Metro 3 Deluxe donose udobnost i prakti\u010dnost u malim dimenzijama, \u010dine\u0107i ih idealnim kolicima za gradske ulice i putovanja.<\/p>\n<p>Posebne Deluxe zna\u010dajke uklju\u010duju sigurnosni pojas u 5 to\u010daka s magnetnim kop\u010danjem, rameni pojas za lako no\u0161enje kolica, sofisticiranu ko\u017enu ru\u010dku i prednju ru\u010dku te pobolj\u0161anu, premium tkaninu produ\u017eivog krovi\u0107a.<\/p>\n<p>\u2022Jednostavna za kori\u0161tenje: automatsko sklapanje jednom rukom i jednostavno rasklapanje<br \/>\n\u2022Kompaktne dimenzije: sklopljena odgovaraju dimenzijama ru\u010dne prtljage ve\u0107ine aviokompanija<br \/>\n\u2022Udobnost za svakoga: ergonomski dizajniran sjede\u0107i dio uz visinom podesivu ru\u010dku od sme\u0111e ko\u017ee za roditelja<br \/>\n\u2022Glatka vo\u017enja: amortizacija na prednjim i stra\u017enjim kota\u010dima<br \/>\n\u2022Odmor u pokretu: pode\u0161avanje nagiba sjede\u0107eg dijela i podesivi oslonac za noge<br \/>\n\u2022Kori\u0161tenje od ro\u0111enja: integrirano gnijezdo za novoro\u0111en\u010de ili kori\u0161tenje s autosjedalicom (Cybex, Nuna, Maxi-Cosi, Avionaut, Britax, BeSafe)<br \/>\n\u2022Uklju\u010deni dodaci: dr\u017ea\u010d za \u010da\u0161u\/bo\u010dicu, prednja ru\u010dka, ki\u0161na za\u0161tia<br \/>\n\u2022ErgoPromise garancija: 10 godina jamstva &#8211; osigurana kvaliteta i dugovje\u010dnost<br \/>\n\u2022Te\u017eina: 7,6 kg<\/p>\n<p>Za maksimalnu udobnost novoro\u0111en\u010deta, odaberite i <a class=\"notion-link-token notion-focusable-token notion-enable-hover\" tabindex=\"0\" href=\"https:\/\/najnaj.eu\/proizvod\/ergobaby-metro-3-kosara-za-novorodence\/\" rel=\"noopener noreferrer\" data-token-index=\"1\"><span class=\"link-annotation-unknown-block-id--1646976993\">Metro 3 ko\u0161aru za novoro\u0111en\u010de<\/span><\/a>.<!-- notionvc: fafd5509-a17c-40bc-a637-db101854fa47 --><!-- notionvc: d67b5ba1-627a-418b-9e8e-4be3ce40416c --><\/p>\n","protected":false},"featured_media":269322,"comment_status":"closed","ping_status":"closed","template":"","meta":{"_acf_changed":false,"footnotes":""},"product_brand":[],"product_cat":[551,609],"product_tag":[],"class_list":{"0":"post-269314","1":"product","2":"type-product","3":"status-publish","4":"has-post-thumbnail","6":"product_cat-djecja-kolica","7":"product_cat-kompaktna-kolica","8":"pa_boja-bez","9":"pa_brand-ergobaby","10":"pa_vrsta-kolica-2u1","11":"pa_vrsta-kolica-kompaktna-kolica","13":"first","14":"instock","15":"shipping-taxable","16":"purchasable","17":"product-type-simple"},"bundled_by":[],"bundle_stock_status":"instock","bundle_stock_quantity":15,"bundle_virtual":false,"bundle_layout":"","bundle_add_to_cart_form_location":"","bundle_editable_in_cart":false,"bundle_sold_individually_context":"","bundle_item_grouping":"","bundle_min_size":"","bundle_max_size":"","bundle_price":[],"bundled_items":[],"bundle_sell_ids":[],"acf":[],"yoast_head":"<!-- This site is optimized with the Yoast SEO Premium plugin v21.5 (Yoast SEO v27.4) - https:\/\/yoast.com\/product\/yoast-seo-premium-wordpress\/ -->\n<title>Ergobaby Metro 3 Deluxe kompaktna gradska kolica - Camel - NajNaj.eu<\/title>\n<meta name=\"description\" content=\"Kompaktna kolica za velike avanture s Deluxe zna\u010dajkama i uklju\u010denim dodacima, lako sklopiva i iznimno lagana, za djecu do 22 kg.\" \/>\n<meta name=\"robots\" content=\"index, follow, max-snippet:-1, max-image-preview:large, max-video-preview:-1\" \/>\n<link rel=\"canonical\" href=\"https:\/\/najnaj.eu\/fr\/proizvod\/ergobaby-metro-3-deluxe-kompaktna-gradska-kolica-camel\/\" \/>\n<meta property=\"og:locale\" content=\"fr_FR\" \/>\n<meta property=\"og:type\" content=\"article\" \/>\n<meta property=\"og:title\" content=\"Ergobaby Metro 3 Deluxe kompaktna gradska kolica - Camel\" \/>\n<meta property=\"og:description\" content=\"Kompaktna kolica za velike avanture s Deluxe zna\u010dajkama i uklju\u010denim dodacima, lako sklopiva i iznimno lagana, za djecu do 22 kg.\" \/>\n<meta property=\"og:url\" content=\"https:\/\/najnaj.eu\/fr\/proizvod\/ergobaby-metro-3-deluxe-kompaktna-gradska-kolica-camel\/\" \/>\n<meta property=\"og:site_name\" content=\"NajNaj.eu\" \/>\n<meta property=\"article:publisher\" content=\"https:\/\/web.facebook.com\/najnaj.eu\/\" \/>\n<meta property=\"article:modified_time\" content=\"2026-04-10T08:50:37+00:00\" \/>\n<meta property=\"og:image\" content=\"https:\/\/najnaj.eu\/wp-content\/uploads\/2025\/09\/ergobaby-stroller-metro3-deluxe-camel-001.jpg\" \/>\n\t<meta property=\"og:image:width\" content=\"1867\" \/>\n\t<meta property=\"og:image:height\" content=\"2268\" \/>\n\t<meta property=\"og:image:type\" content=\"image\/jpeg\" \/>\n<meta name=\"twitter:card\" content=\"summary_large_image\" \/>\n<meta name=\"twitter:label1\" content=\"Prix\" \/>\n\t<meta name=\"twitter:data1\" content=\"479,90&nbsp;&euro;\" \/>\n\t<meta name=\"twitter:label2\" content=\"Disponibilit\u00e9\" \/>\n\t<meta name=\"twitter:data2\" content=\"En stock\" \/>\n<script type=\"application\/ld+json\" class=\"yoast-schema-graph\">{\"@context\":\"https:\\\/\\\/schema.org\",\"@graph\":[{\"@type\":\"WebPage\",\"@id\":\"https:\\\/\\\/najnaj.eu\\\/fr\\\/proizvod\\\/ergobaby-metro-3-deluxe-kompaktna-gradska-kolica-camel\\\/\",\"url\":\"https:\\\/\\\/najnaj.eu\\\/fr\\\/proizvod\\\/ergobaby-metro-3-deluxe-kompaktna-gradska-kolica-camel\\\/\",\"name\":\"Ergobaby Metro 3 Deluxe kompaktna gradska kolica - Camel - NajNaj.eu\",\"isPartOf\":{\"@id\":\"https:\\\/\\\/najnaj.eu\\\/fr\\\/#website\"},\"primaryImageOfPage\":{\"@id\":\"https:\\\/\\\/najnaj.eu\\\/fr\\\/proizvod\\\/ergobaby-metro-3-deluxe-kompaktna-gradska-kolica-camel\\\/#primaryimage\"},\"image\":{\"@id\":\"https:\\\/\\\/najnaj.eu\\\/fr\\\/proizvod\\\/ergobaby-metro-3-deluxe-kompaktna-gradska-kolica-camel\\\/#primaryimage\"},\"thumbnailUrl\":\"https:\\\/\\\/najnaj.eu\\\/wp-content\\\/uploads\\\/2025\\\/09\\\/ergobaby-stroller-metro3-deluxe-camel-001.jpg\",\"datePublished\":\"2025-09-03T12:17:45+00:00\",\"dateModified\":\"2026-04-10T08:50:37+00:00\",\"description\":\"Kompaktna kolica za velike avanture s Deluxe zna\u010dajkama i uklju\u010denim dodacima, lako sklopiva i iznimno lagana, za djecu do 22 kg.\",\"breadcrumb\":{\"@id\":\"https:\\\/\\\/najnaj.eu\\\/fr\\\/proizvod\\\/ergobaby-metro-3-deluxe-kompaktna-gradska-kolica-camel\\\/#breadcrumb\"},\"inLanguage\":\"fr-FR\",\"potentialAction\":[{\"@type\":\"ReadAction\",\"target\":[\"https:\\\/\\\/najnaj.eu\\\/fr\\\/proizvod\\\/ergobaby-metro-3-deluxe-kompaktna-gradska-kolica-camel\\\/\"]}]},{\"@type\":\"ImageObject\",\"inLanguage\":\"fr-FR\",\"@id\":\"https:\\\/\\\/najnaj.eu\\\/fr\\\/proizvod\\\/ergobaby-metro-3-deluxe-kompaktna-gradska-kolica-camel\\\/#primaryimage\",\"url\":\"https:\\\/\\\/najnaj.eu\\\/wp-content\\\/uploads\\\/2025\\\/09\\\/ergobaby-stroller-metro3-deluxe-camel-001.jpg\",\"contentUrl\":\"https:\\\/\\\/najnaj.eu\\\/wp-content\\\/uploads\\\/2025\\\/09\\\/ergobaby-stroller-metro3-deluxe-camel-001.jpg\",\"width\":1867,\"height\":2268},{\"@type\":\"BreadcrumbList\",\"@id\":\"https:\\\/\\\/najnaj.eu\\\/fr\\\/proizvod\\\/ergobaby-metro-3-deluxe-kompaktna-gradska-kolica-camel\\\/#breadcrumb\",\"itemListElement\":[{\"@type\":\"ListItem\",\"position\":1,\"name\":\"Po\u010detna stranica\",\"item\":\"https:\\\/\\\/najnaj.eu\\\/fr\\\/\"},{\"@type\":\"ListItem\",\"position\":2,\"name\":\"Trgovina\",\"item\":\"https:\\\/\\\/najnaj.hr\\\/trgovina\\\/\"},{\"@type\":\"ListItem\",\"position\":3,\"name\":\"Ergobaby Metro 3 Deluxe kompaktna gradska kolica &#8211; Camel\"}]},{\"@type\":\"WebSite\",\"@id\":\"https:\\\/\\\/najnaj.eu\\\/fr\\\/#website\",\"url\":\"https:\\\/\\\/najnaj.eu\\\/fr\\\/\",\"name\":\"NajNaj.eu\",\"description\":\"Za najva\u017enije!\",\"potentialAction\":[{\"@type\":\"SearchAction\",\"target\":{\"@type\":\"EntryPoint\",\"urlTemplate\":\"https:\\\/\\\/najnaj.eu\\\/fr\\\/?s={search_term_string}\"},\"query-input\":{\"@type\":\"PropertyValueSpecification\",\"valueRequired\":true,\"valueName\":\"search_term_string\"}}],\"inLanguage\":\"fr-FR\"}]}<\/script>\n<meta property=\"product:brand\" content=\"Ergobaby\" \/>\n<meta property=\"product:price:amount\" content=\"479.90\" \/>\n<meta property=\"product:price:currency\" content=\"EUR\" \/>\n<meta property=\"og:availability\" content=\"instock\" \/>\n<meta property=\"product:availability\" content=\"instock\" \/>\n<meta property=\"product:retailer_item_id\" content=\"METRO3DXCAM\" \/>\n<meta property=\"product:condition\" content=\"new\" \/>\n<!-- \/ Yoast SEO Premium plugin. -->","yoast_head_json":{"title":"Ergobaby Metro 3 Deluxe kompaktna gradska kolica - Camel - NajNaj.eu","description":"Kompaktna kolica za velike avanture s Deluxe zna\u010dajkama i uklju\u010denim dodacima, lako sklopiva i iznimno lagana, za djecu do 22 kg.","robots":{"index":"index","follow":"follow","max-snippet":"max-snippet:-1","max-image-preview":"max-image-preview:large","max-video-preview":"max-video-preview:-1"},"canonical":"https:\/\/najnaj.eu\/fr\/proizvod\/ergobaby-metro-3-deluxe-kompaktna-gradska-kolica-camel\/","og_locale":"fr_FR","og_type":"article","og_title":"Ergobaby Metro 3 Deluxe kompaktna gradska kolica - Camel","og_description":"Kompaktna kolica za velike avanture s Deluxe zna\u010dajkama i uklju\u010denim dodacima, lako sklopiva i iznimno lagana, za djecu do 22 kg.","og_url":"https:\/\/najnaj.eu\/fr\/proizvod\/ergobaby-metro-3-deluxe-kompaktna-gradska-kolica-camel\/","og_site_name":"NajNaj.eu","article_publisher":"https:\/\/web.facebook.com\/najnaj.eu\/","article_modified_time":"2026-04-10T08:50:37+00:00","og_image":[{"width":1867,"height":2268,"url":"https:\/\/najnaj.eu\/wp-content\/uploads\/2025\/09\/ergobaby-stroller-metro3-deluxe-camel-001.jpg","type":"image\/jpeg"}],"twitter_card":"summary_large_image","twitter_misc":{"Prix":"479,90&nbsp;&euro;","Disponibilit\u00e9":"En stock"},"schema":{"@context":"https:\/\/schema.org","@graph":[{"@type":"WebPage","@id":"https:\/\/najnaj.eu\/fr\/proizvod\/ergobaby-metro-3-deluxe-kompaktna-gradska-kolica-camel\/","url":"https:\/\/najnaj.eu\/fr\/proizvod\/ergobaby-metro-3-deluxe-kompaktna-gradska-kolica-camel\/","name":"Ergobaby Metro 3 Deluxe kompaktna gradska kolica - Camel - NajNaj.eu","isPartOf":{"@id":"https:\/\/najnaj.eu\/fr\/#website"},"primaryImageOfPage":{"@id":"https:\/\/najnaj.eu\/fr\/proizvod\/ergobaby-metro-3-deluxe-kompaktna-gradska-kolica-camel\/#primaryimage"},"image":{"@id":"https:\/\/najnaj.eu\/fr\/proizvod\/ergobaby-metro-3-deluxe-kompaktna-gradska-kolica-camel\/#primaryimage"},"thumbnailUrl":"https:\/\/najnaj.eu\/wp-content\/uploads\/2025\/09\/ergobaby-stroller-metro3-deluxe-camel-001.jpg","datePublished":"2025-09-03T12:17:45+00:00","dateModified":"2026-04-10T08:50:37+00:00","description":"Kompaktna kolica za velike avanture s Deluxe zna\u010dajkama i uklju\u010denim dodacima, lako sklopiva i iznimno lagana, za djecu do 22 kg.","breadcrumb":{"@id":"https:\/\/najnaj.eu\/fr\/proizvod\/ergobaby-metro-3-deluxe-kompaktna-gradska-kolica-camel\/#breadcrumb"},"inLanguage":"fr-FR","potentialAction":[{"@type":"ReadAction","target":["https:\/\/najnaj.eu\/fr\/proizvod\/ergobaby-metro-3-deluxe-kompaktna-gradska-kolica-camel\/"]}]},{"@type":"ImageObject","inLanguage":"fr-FR","@id":"https:\/\/najnaj.eu\/fr\/proizvod\/ergobaby-metro-3-deluxe-kompaktna-gradska-kolica-camel\/#primaryimage","url":"https:\/\/najnaj.eu\/wp-content\/uploads\/2025\/09\/ergobaby-stroller-metro3-deluxe-camel-001.jpg","contentUrl":"https:\/\/najnaj.eu\/wp-content\/uploads\/2025\/09\/ergobaby-stroller-metro3-deluxe-camel-001.jpg","width":1867,"height":2268},{"@type":"BreadcrumbList","@id":"https:\/\/najnaj.eu\/fr\/proizvod\/ergobaby-metro-3-deluxe-kompaktna-gradska-kolica-camel\/#breadcrumb","itemListElement":[{"@type":"ListItem","position":1,"name":"Po\u010detna stranica","item":"https:\/\/najnaj.eu\/fr\/"},{"@type":"ListItem","position":2,"name":"Trgovina","item":"https:\/\/najnaj.hr\/trgovina\/"},{"@type":"ListItem","position":3,"name":"Ergobaby Metro 3 Deluxe kompaktna gradska kolica &#8211; Camel"}]},{"@type":"WebSite","@id":"https:\/\/najnaj.eu\/fr\/#website","url":"https:\/\/najnaj.eu\/fr\/","name":"NajNaj.eu","description":"Za najva\u017enije!","potentialAction":[{"@type":"SearchAction","target":{"@type":"EntryPoint","urlTemplate":"https:\/\/najnaj.eu\/fr\/?s={search_term_string}"},"query-input":{"@type":"PropertyValueSpecification","valueRequired":true,"valueName":"search_term_string"}}],"inLanguage":"fr-FR"}]},"product_brand":"Ergobaby","product_price_amount":"479.90","product_price_currency":"EUR","og_availability":"instock","product_availability":"instock","product_retailer_item_id":"METRO3DXCAM","product_condition":"new"},"_links":{"self":[{"href":"https:\/\/najnaj.eu\/fr\/wp-json\/wp\/v2\/product\/269314","targetHints":{"allow":["GET"]}}],"collection":[{"href":"https:\/\/najnaj.eu\/fr\/wp-json\/wp\/v2\/product"}],"about":[{"href":"https:\/\/najnaj.eu\/fr\/wp-json\/wp\/v2\/types\/product"}],"replies":[{"embeddable":true,"href":"https:\/\/najnaj.eu\/fr\/wp-json\/wp\/v2\/comments?post=269314"}],"version-history":[{"count":0,"href":"https:\/\/najnaj.eu\/fr\/wp-json\/wp\/v2\/product\/269314\/revisions"}],"wp:featuredmedia":[{"embeddable":true,"href":"https:\/\/najnaj.eu\/fr\/wp-json\/wp\/v2\/media\/269322"}],"wp:attachment":[{"href":"https:\/\/najnaj.eu\/fr\/wp-json\/wp\/v2\/media?parent=269314"}],"wp:term":[{"taxonomy":"product_brand","embeddable":true,"href":"https:\/\/najnaj.eu\/fr\/wp-json\/wp\/v2\/product_brand?post=269314"},{"taxonomy":"product_cat","embeddable":true,"href":"https:\/\/najnaj.eu\/fr\/wp-json\/wp\/v2\/product_cat?post=269314"},{"taxonomy":"product_tag","embeddable":true,"href":"https:\/\/najnaj.eu\/fr\/wp-json\/wp\/v2\/product_tag?post=269314"}],"curies":[{"name":"wp","href":"https:\/\/api.w.org\/{rel}","templated":true}]}}