{"id":269075,"date":"2025-02-28T16:32:25","date_gmt":"2025-02-28T15:32:25","guid":{"rendered":"https:\/\/najnaj.eu\/?post_type=product&#038;p=269075"},"modified":"2026-03-24T10:53:35","modified_gmt":"2026-03-24T09:53:35","slug":"kaos-klapp-set-jastucica-brown","status":"publish","type":"product","link":"https:\/\/najnaj.eu\/fr\/proizvod\/kaos-klapp-set-jastucica-brown\/","title":{"rendered":"KAOS Klapp Set Jastu\u010di\u0107a Brown"},"content":{"rendered":"<p>Set jastu\u010di\u0107a za Kaos Klapp visoku dje\u010dju stolicu sastoji se od jastu\u010di\u0107a za naslon i jastu\u010di\u0107a za sjede\u0107i dio. Set jastu\u010di\u0107a mo\u017ee se koristiti zajedno sa za\u0161titnom ogradicom i samostalno bez ogradice. Jastu\u010di\u0107i su reverzibilni, mogu se koristiti s obje strane, te djetetu pru\u017eaju jo\u0161 udobnije sjedenje bli\u017ee stolu (povisuju visinu sjedenja za 2 cm).<\/p>\n","protected":false},"excerpt":{"rendered":"<p>Set jastu\u010di\u0107a za KAOS Klapp sklopivu visoku dje\u010dju stolicu za sjede\u0107i dio i naslon stolice.<br \/>\n&#8211; Reverzibilni<br \/>\n&#8211; Lako se \u010diste<br \/>\n&#8211; Koriste se s ili bez Klapp Za\u0161titne ogradice<\/p>\n<p>Pametan dodatak koji omogu\u0107uje sjedenje jo\u0161 bli\u017ee stolu.<\/p>\n","protected":false},"featured_media":298273,"comment_status":"closed","ping_status":"closed","template":"","meta":{"_acf_changed":false,"footnotes":""},"product_brand":[],"product_cat":[579,578,577,652],"product_tag":[],"class_list":{"0":"post-269075","1":"product","2":"type-product","3":"status-publish","4":"has-post-thumbnail","6":"product_cat-dodaci-za-hranilice","7":"product_cat-hranilice","8":"product_cat-hranjenje","9":"product_cat-stolice-za-hranjenje","10":"pa_boja-narancasta","11":"pa_boja-smeda","12":"pa_brand-kaos","13":"pa_hranilica-dodaci-za-hranilice","15":"first","16":"instock","17":"shipping-taxable","18":"purchasable","19":"product-type-simple"},"bundled_by":[],"bundle_stock_status":"instock","bundle_stock_quantity":5,"bundle_virtual":false,"bundle_layout":"","bundle_add_to_cart_form_location":"","bundle_editable_in_cart":false,"bundle_sold_individually_context":"","bundle_item_grouping":"","bundle_min_size":"","bundle_max_size":"","bundle_price":[],"bundled_items":[],"bundle_sell_ids":[],"acf":[],"yoast_head":"<!-- This site is optimized with the Yoast SEO Premium plugin v21.5 (Yoast SEO v27.4) - https:\/\/yoast.com\/product\/yoast-seo-premium-wordpress\/ -->\n<title>KAOS Klapp Set Jastu\u010di\u0107a Brown - NajNaj.eu<\/title>\n<meta name=\"robots\" content=\"index, follow, max-snippet:-1, max-image-preview:large, max-video-preview:-1\" \/>\n<link rel=\"canonical\" href=\"https:\/\/najnaj.eu\/fr\/proizvod\/kaos-klapp-set-jastucica-brown\/\" \/>\n<meta property=\"og:locale\" content=\"fr_FR\" \/>\n<meta property=\"og:type\" content=\"article\" \/>\n<meta property=\"og:title\" content=\"KAOS Klapp Set Jastu\u010di\u0107a Brown\" \/>\n<meta property=\"og:description\" content=\"Set jastu\u010di\u0107a za KAOS Klapp sklopivu visoku dje\u010dju stolicu za sjede\u0107i dio i naslon stolice. - Reverzibilni - Lako se \u010diste - Koriste se s ili bez Klapp Za\u0161titne ogradice  Pametan dodatak koji omogu\u0107uje sjedenje jo\u0161 bli\u017ee stolu.\" \/>\n<meta property=\"og:url\" content=\"https:\/\/najnaj.eu\/fr\/proizvod\/kaos-klapp-set-jastucica-brown\/\" \/>\n<meta property=\"og:site_name\" content=\"NajNaj.eu\" \/>\n<meta property=\"article:publisher\" content=\"https:\/\/web.facebook.com\/najnaj.eu\/\" \/>\n<meta property=\"article:modified_time\" content=\"2026-03-24T09:53:35+00:00\" \/>\n<meta property=\"og:image\" content=\"https:\/\/najnaj.eu\/wp-content\/uploads\/2025\/02\/KLAPP_Cushion_Set_Brown-2.jpg\" \/>\n\t<meta property=\"og:image:width\" content=\"2048\" \/>\n\t<meta property=\"og:image:height\" content=\"2048\" \/>\n\t<meta property=\"og:image:type\" content=\"image\/jpeg\" \/>\n<meta name=\"twitter:card\" content=\"summary_large_image\" \/>\n<meta name=\"twitter:label1\" content=\"Prix\" \/>\n\t<meta name=\"twitter:data1\" content=\"49,00&nbsp;&euro;\" \/>\n\t<meta name=\"twitter:label2\" content=\"Disponibilit\u00e9\" \/>\n\t<meta name=\"twitter:data2\" content=\"En stock\" \/>\n<script type=\"application\/ld+json\" class=\"yoast-schema-graph\">{\"@context\":\"https:\\\/\\\/schema.org\",\"@graph\":[{\"@type\":\"WebPage\",\"@id\":\"https:\\\/\\\/najnaj.eu\\\/fr\\\/proizvod\\\/kaos-klapp-set-jastucica-brown\\\/\",\"url\":\"https:\\\/\\\/najnaj.eu\\\/fr\\\/proizvod\\\/kaos-klapp-set-jastucica-brown\\\/\",\"name\":\"KAOS Klapp Set Jastu\u010di\u0107a Brown - NajNaj.eu\",\"isPartOf\":{\"@id\":\"https:\\\/\\\/najnaj.eu\\\/fr\\\/#website\"},\"primaryImageOfPage\":{\"@id\":\"https:\\\/\\\/najnaj.eu\\\/fr\\\/proizvod\\\/kaos-klapp-set-jastucica-brown\\\/#primaryimage\"},\"image\":{\"@id\":\"https:\\\/\\\/najnaj.eu\\\/fr\\\/proizvod\\\/kaos-klapp-set-jastucica-brown\\\/#primaryimage\"},\"thumbnailUrl\":\"https:\\\/\\\/najnaj.eu\\\/wp-content\\\/uploads\\\/2025\\\/02\\\/KLAPP_Cushion_Set_Brown-2.jpg\",\"datePublished\":\"2025-02-28T15:32:25+00:00\",\"dateModified\":\"2026-03-24T09:53:35+00:00\",\"breadcrumb\":{\"@id\":\"https:\\\/\\\/najnaj.eu\\\/fr\\\/proizvod\\\/kaos-klapp-set-jastucica-brown\\\/#breadcrumb\"},\"inLanguage\":\"fr-FR\",\"potentialAction\":[{\"@type\":\"ReadAction\",\"target\":[\"https:\\\/\\\/najnaj.eu\\\/fr\\\/proizvod\\\/kaos-klapp-set-jastucica-brown\\\/\"]}]},{\"@type\":\"ImageObject\",\"inLanguage\":\"fr-FR\",\"@id\":\"https:\\\/\\\/najnaj.eu\\\/fr\\\/proizvod\\\/kaos-klapp-set-jastucica-brown\\\/#primaryimage\",\"url\":\"https:\\\/\\\/najnaj.eu\\\/wp-content\\\/uploads\\\/2025\\\/02\\\/KLAPP_Cushion_Set_Brown-2.jpg\",\"contentUrl\":\"https:\\\/\\\/najnaj.eu\\\/wp-content\\\/uploads\\\/2025\\\/02\\\/KLAPP_Cushion_Set_Brown-2.jpg\",\"width\":2048,\"height\":2048},{\"@type\":\"BreadcrumbList\",\"@id\":\"https:\\\/\\\/najnaj.eu\\\/fr\\\/proizvod\\\/kaos-klapp-set-jastucica-brown\\\/#breadcrumb\",\"itemListElement\":[{\"@type\":\"ListItem\",\"position\":1,\"name\":\"Po\u010detna stranica\",\"item\":\"https:\\\/\\\/najnaj.eu\\\/fr\\\/\"},{\"@type\":\"ListItem\",\"position\":2,\"name\":\"Trgovina\",\"item\":\"https:\\\/\\\/najnaj.hr\\\/trgovina\\\/\"},{\"@type\":\"ListItem\",\"position\":3,\"name\":\"KAOS Klapp Set Jastu\u010di\u0107a Brown\"}]},{\"@type\":\"WebSite\",\"@id\":\"https:\\\/\\\/najnaj.eu\\\/fr\\\/#website\",\"url\":\"https:\\\/\\\/najnaj.eu\\\/fr\\\/\",\"name\":\"NajNaj.eu\",\"description\":\"Za najva\u017enije!\",\"potentialAction\":[{\"@type\":\"SearchAction\",\"target\":{\"@type\":\"EntryPoint\",\"urlTemplate\":\"https:\\\/\\\/najnaj.eu\\\/fr\\\/?s={search_term_string}\"},\"query-input\":{\"@type\":\"PropertyValueSpecification\",\"valueRequired\":true,\"valueName\":\"search_term_string\"}}],\"inLanguage\":\"fr-FR\"}]}<\/script>\n<meta property=\"product:brand\" content=\"KAOS\" \/>\n<meta property=\"product:price:amount\" content=\"49.00\" \/>\n<meta property=\"product:price:currency\" content=\"EUR\" \/>\n<meta property=\"og:availability\" content=\"instock\" \/>\n<meta property=\"product:availability\" content=\"instock\" \/>\n<meta property=\"product:retailer_item_id\" content=\"KLA-CUS-BRO\" \/>\n<meta property=\"product:condition\" content=\"new\" \/>\n<!-- \/ Yoast SEO Premium plugin. -->","yoast_head_json":{"title":"KAOS Klapp Set Jastu\u010di\u0107a Brown - NajNaj.eu","robots":{"index":"index","follow":"follow","max-snippet":"max-snippet:-1","max-image-preview":"max-image-preview:large","max-video-preview":"max-video-preview:-1"},"canonical":"https:\/\/najnaj.eu\/fr\/proizvod\/kaos-klapp-set-jastucica-brown\/","og_locale":"fr_FR","og_type":"article","og_title":"KAOS Klapp Set Jastu\u010di\u0107a Brown","og_description":"Set jastu\u010di\u0107a za KAOS Klapp sklopivu visoku dje\u010dju stolicu za sjede\u0107i dio i naslon stolice. - Reverzibilni - Lako se \u010diste - Koriste se s ili bez Klapp Za\u0161titne ogradice  Pametan dodatak koji omogu\u0107uje sjedenje jo\u0161 bli\u017ee stolu.","og_url":"https:\/\/najnaj.eu\/fr\/proizvod\/kaos-klapp-set-jastucica-brown\/","og_site_name":"NajNaj.eu","article_publisher":"https:\/\/web.facebook.com\/najnaj.eu\/","article_modified_time":"2026-03-24T09:53:35+00:00","og_image":[{"width":2048,"height":2048,"url":"https:\/\/najnaj.eu\/wp-content\/uploads\/2025\/02\/KLAPP_Cushion_Set_Brown-2.jpg","type":"image\/jpeg"}],"twitter_card":"summary_large_image","twitter_misc":{"Prix":"49,00&nbsp;&euro;","Disponibilit\u00e9":"En stock"},"schema":{"@context":"https:\/\/schema.org","@graph":[{"@type":"WebPage","@id":"https:\/\/najnaj.eu\/fr\/proizvod\/kaos-klapp-set-jastucica-brown\/","url":"https:\/\/najnaj.eu\/fr\/proizvod\/kaos-klapp-set-jastucica-brown\/","name":"KAOS Klapp Set Jastu\u010di\u0107a Brown - NajNaj.eu","isPartOf":{"@id":"https:\/\/najnaj.eu\/fr\/#website"},"primaryImageOfPage":{"@id":"https:\/\/najnaj.eu\/fr\/proizvod\/kaos-klapp-set-jastucica-brown\/#primaryimage"},"image":{"@id":"https:\/\/najnaj.eu\/fr\/proizvod\/kaos-klapp-set-jastucica-brown\/#primaryimage"},"thumbnailUrl":"https:\/\/najnaj.eu\/wp-content\/uploads\/2025\/02\/KLAPP_Cushion_Set_Brown-2.jpg","datePublished":"2025-02-28T15:32:25+00:00","dateModified":"2026-03-24T09:53:35+00:00","breadcrumb":{"@id":"https:\/\/najnaj.eu\/fr\/proizvod\/kaos-klapp-set-jastucica-brown\/#breadcrumb"},"inLanguage":"fr-FR","potentialAction":[{"@type":"ReadAction","target":["https:\/\/najnaj.eu\/fr\/proizvod\/kaos-klapp-set-jastucica-brown\/"]}]},{"@type":"ImageObject","inLanguage":"fr-FR","@id":"https:\/\/najnaj.eu\/fr\/proizvod\/kaos-klapp-set-jastucica-brown\/#primaryimage","url":"https:\/\/najnaj.eu\/wp-content\/uploads\/2025\/02\/KLAPP_Cushion_Set_Brown-2.jpg","contentUrl":"https:\/\/najnaj.eu\/wp-content\/uploads\/2025\/02\/KLAPP_Cushion_Set_Brown-2.jpg","width":2048,"height":2048},{"@type":"BreadcrumbList","@id":"https:\/\/najnaj.eu\/fr\/proizvod\/kaos-klapp-set-jastucica-brown\/#breadcrumb","itemListElement":[{"@type":"ListItem","position":1,"name":"Po\u010detna stranica","item":"https:\/\/najnaj.eu\/fr\/"},{"@type":"ListItem","position":2,"name":"Trgovina","item":"https:\/\/najnaj.hr\/trgovina\/"},{"@type":"ListItem","position":3,"name":"KAOS Klapp Set Jastu\u010di\u0107a Brown"}]},{"@type":"WebSite","@id":"https:\/\/najnaj.eu\/fr\/#website","url":"https:\/\/najnaj.eu\/fr\/","name":"NajNaj.eu","description":"Za najva\u017enije!","potentialAction":[{"@type":"SearchAction","target":{"@type":"EntryPoint","urlTemplate":"https:\/\/najnaj.eu\/fr\/?s={search_term_string}"},"query-input":{"@type":"PropertyValueSpecification","valueRequired":true,"valueName":"search_term_string"}}],"inLanguage":"fr-FR"}]},"product_brand":"KAOS","product_price_amount":"49.00","product_price_currency":"EUR","og_availability":"instock","product_availability":"instock","product_retailer_item_id":"KLA-CUS-BRO","product_condition":"new"},"_links":{"self":[{"href":"https:\/\/najnaj.eu\/fr\/wp-json\/wp\/v2\/product\/269075","targetHints":{"allow":["GET"]}}],"collection":[{"href":"https:\/\/najnaj.eu\/fr\/wp-json\/wp\/v2\/product"}],"about":[{"href":"https:\/\/najnaj.eu\/fr\/wp-json\/wp\/v2\/types\/product"}],"replies":[{"embeddable":true,"href":"https:\/\/najnaj.eu\/fr\/wp-json\/wp\/v2\/comments?post=269075"}],"version-history":[{"count":0,"href":"https:\/\/najnaj.eu\/fr\/wp-json\/wp\/v2\/product\/269075\/revisions"}],"wp:featuredmedia":[{"embeddable":true,"href":"https:\/\/najnaj.eu\/fr\/wp-json\/wp\/v2\/media\/298273"}],"wp:attachment":[{"href":"https:\/\/najnaj.eu\/fr\/wp-json\/wp\/v2\/media?parent=269075"}],"wp:term":[{"taxonomy":"product_brand","embeddable":true,"href":"https:\/\/najnaj.eu\/fr\/wp-json\/wp\/v2\/product_brand?post=269075"},{"taxonomy":"product_cat","embeddable":true,"href":"https:\/\/najnaj.eu\/fr\/wp-json\/wp\/v2\/product_cat?post=269075"},{"taxonomy":"product_tag","embeddable":true,"href":"https:\/\/najnaj.eu\/fr\/wp-json\/wp\/v2\/product_tag?post=269075"}],"curies":[{"name":"wp","href":"https:\/\/api.w.org\/{rel}","templated":true}]}}