{"id":268173,"date":"2025-08-27T10:57:37","date_gmt":"2025-08-27T08:57:37","guid":{"rendered":"https:\/\/najnaj.eu\/?post_type=product&#038;p=268173"},"modified":"2026-02-03T20:35:03","modified_gmt":"2026-02-03T19:35:03","slug":"ergobaby-omni-deluxe-linen-nosiljka-natural-linen","status":"publish","type":"product","link":"https:\/\/najnaj.eu\/fr\/proizvod\/ergobaby-omni-deluxe-linen-nosiljka-natural-linen\/","title":{"rendered":"Ergobaby Omni Deluxe Linen nosiljka &#8211; Natural Linen"},"content":{"rendered":"<p><strong>NJE\u017dAN, MEKAN I PRIRODAN LAN<\/strong><br \/>\nOmni Deluxe Linen izra\u0111ena je od prirodnog lana za mekan i lagan osje\u0107aj na ko\u017ei.<\/p>\n<p><strong>ZA SVAKU PRILIKU<\/strong><br \/>\n6 prostora za pohranu u kojima mo\u017eete smjestiti svoje osobne stvari za svaki dan, uklju\u010duju\u0107i telefon, nov\u010danik i klju\u010deve.<\/p>\n<p><strong>JEDNOSTAVNA PRILAGODBA I PODE\u0160AVANJE<\/strong><br \/>\nIntuitivne oznake na remenima olak\u0161avaju pode\u0161avanje i pronala\u017eenje savr\u0161enog polo\u017eaja no\u0161enja. Pode\u0161avanje s jednom rukom omogu\u0107uje brzu i jednostavnu promjenu polo\u017eaja.<\/p>\n<p><strong>RASTE S DJETETOM<\/strong><br \/>\nPrilago\u0111ava se rastu va\u0161eg djeteta od novoro\u0111en\u010deta do mali\u0161ana (~0-48 mjeseci; 3,2 &#8211; 20,4 kg).<\/p>\n<p><strong>SVI POLO\u017dAJI NO\u0160ENJA<\/strong><br \/>\nNo\u0161enje prema roditelju, na boku, na le\u0111ima i na trbuhu prema naprijed.<\/p>\n<p><strong>PODR\u0160KA NA PRAVIM MJESTIMA<\/strong><br \/>\nPodstavljene ramene trake i dodatna podr\u0161ka za donji dio le\u0111a za ergonomski udobnost. Mo\u017ee se koristiti na dva na\u010dina: \u2018H\u2019 kop\u010danje ili ukri\u017eene naramenice.<\/p>\n<p><strong>ZA\u0160TITA OD LO\u0160IH UVJETA<\/strong><br \/>\nUPF kapulja\u010da za za\u0161titu od sunca, vjetra i privatnost tijekom dojenja.<\/p>\n<p><strong>ERGONOMSKI POLO\u017dAJ<\/strong><br \/>\nOmni Deluxe priznata je kao \u201cproizvod zdrav za dje\u010dje kukove\u201d od strane Me\u0111unaronog instituta za displaziju kukova.<\/p>\n<p><strong>ERGOPROMISE JAMSTVO<\/strong><br \/>\n10-godina jamstva za proizvodni ili materijalni nedostatak<\/p>\n","protected":false},"excerpt":{"rendered":"<p>Najnovija Ergobaby nosiljka s kojom ste spremni za ba\u0161 svaku priliku! Jo\u0161 ve\u0107a udobnost, jo\u0161 vi\u0161e prostora za pohranu u kombinaciji s materijalima koji su u isto vrijeme izdr\u017eljivi i prozra\u010dni.<br \/>\nOmni\u2122 Deluxe donosi elegantan i jednostavan izgled uz pobolj\u0161ane zna\u010dajke zbog kojih je jedina nosiljka koja \u0107e vam trebati &#8211; bilo kada, bilo gdje.<\/p>\n<p>\u2022 Jednostavan i elegantan izgled<br \/>\n\u2022 Prilagodiva veli\u010dina od ro\u0111enja do vrti\u0107ke dobi (oko 0 \u2013 48 mj.; 3,2 \u2013 20,4 kg) bez umetka<br \/>\n\u2022 Svi polo\u017eaji no\u0161enja: prema unutra, na boku, na le\u0111ima i na trbuhu prema naprijed<br \/>\n\u2022 Inovativni dizajn uklju\u010duje 6 prostora za pohranu u kojima mo\u017eete smjestiti osobne stvari<br \/>\n\u2022 Brza prilagodba nosiljke uz oznake na remenima koje vas vode do savr\u0161enog pode\u0161avanja<br \/>\n\u2022 Dodatna podr\u0161ka za donji dio le\u0111a te dodatno pojastu\u010dene naramenice<br \/>\n\u2022 Reflektiraju\u0107e oznake za sigurnost i za\u0161titu<br \/>\n\u2022 Kapulja\u010da za za\u0161titu od sunca (UPF 50+), privatnost i lak\u0161e dojenje<br \/>\n\u2022 ErgoPromise &#8211; 10godi\u0161nje jamstvo<\/p>\n","protected":false},"featured_media":268182,"comment_status":"closed","ping_status":"closed","template":"","meta":{"_acf_changed":false,"footnotes":""},"product_brand":[],"product_cat":[735,544,738],"product_tag":[],"class_list":{"0":"post-268173","1":"product","2":"type-product","3":"status-publish","4":"has-post-thumbnail","6":"product_cat-4-polozaja-nosenja","7":"product_cat-nosiljke","8":"product_cat-od-rodenja-do-3-godine","9":"pa_boja-bez","10":"pa_brand-ergobaby","12":"first","13":"outofstock","14":"shipping-taxable","15":"purchasable","16":"product-type-simple"},"bundled_by":[],"bundle_stock_status":"outofstock","bundle_stock_quantity":0,"bundle_virtual":false,"bundle_layout":"","bundle_add_to_cart_form_location":"","bundle_editable_in_cart":false,"bundle_sold_individually_context":"","bundle_item_grouping":"","bundle_min_size":"","bundle_max_size":"","bundle_price":[],"bundled_items":[],"bundle_sell_ids":[],"acf":[],"yoast_head":"<!-- This site is optimized with the Yoast SEO Premium plugin v21.5 (Yoast SEO v27.4) - https:\/\/yoast.com\/product\/yoast-seo-premium-wordpress\/ -->\n<title>Ergobaby Omni Deluxe Linen nosiljka - Natural Linen - NajNaj.eu<\/title>\n<meta name=\"robots\" content=\"index, follow, max-snippet:-1, max-image-preview:large, max-video-preview:-1\" \/>\n<link rel=\"canonical\" href=\"https:\/\/najnaj.eu\/fr\/proizvod\/ergobaby-omni-deluxe-linen-nosiljka-natural-linen\/\" \/>\n<meta property=\"og:locale\" content=\"fr_FR\" \/>\n<meta property=\"og:type\" content=\"article\" \/>\n<meta property=\"og:title\" content=\"Ergobaby Omni Deluxe Linen nosiljka - Natural Linen\" \/>\n<meta property=\"og:description\" content=\"Najnovija Ergobaby nosiljka s kojom ste spremni za ba\u0161 svaku priliku! Jo\u0161 ve\u0107a udobnost, jo\u0161 vi\u0161e prostora za pohranu u kombinaciji s materijalima koji su u isto vrijeme izdr\u017eljivi i prozra\u010dni. Omni\u2122 Deluxe donosi elegantan i jednostavan izgled uz pobolj\u0161ane zna\u010dajke zbog kojih je jedina nosiljka koja \u0107e vam trebati - bilo kada, bilo gdje.  \u2022 Jednostavan i elegantan izgled \u2022 Prilagodiva veli\u010dina od ro\u0111enja do vrti\u0107ke dobi (oko 0 \u2013 48 mj.; 3,2 \u2013 20,4 kg) bez umetka \u2022 Svi polo\u017eaji no\u0161enja: prema unutra, na boku, na le\u0111ima i na trbuhu prema naprijed \u2022 Inovativni dizajn uklju\u010duje 6 prostora za pohranu u kojima mo\u017eete smjestiti osobne stvari \u2022 Brza prilagodba nosiljke uz oznake na remenima koje vas vode do savr\u0161enog pode\u0161avanja \u2022 Dodatna podr\u0161ka za donji dio le\u0111a te dodatno pojastu\u010dene naramenice \u2022 Reflektiraju\u0107e oznake za sigurnost i za\u0161titu \u2022 Kapulja\u010da za za\u0161titu od sunca (UPF 50+), privatnost i lak\u0161e dojenje \u2022 ErgoPromise - 10godi\u0161nje jamstvo\" \/>\n<meta property=\"og:url\" content=\"https:\/\/najnaj.eu\/fr\/proizvod\/ergobaby-omni-deluxe-linen-nosiljka-natural-linen\/\" \/>\n<meta property=\"og:site_name\" content=\"NajNaj.eu\" \/>\n<meta property=\"article:publisher\" content=\"https:\/\/web.facebook.com\/najnaj.eu\/\" \/>\n<meta property=\"article:modified_time\" content=\"2026-02-03T19:35:03+00:00\" \/>\n<meta property=\"og:image\" content=\"https:\/\/najnaj.eu\/wp-content\/uploads\/2025\/08\/omni-deluxe-linen-nat-beige-prod-1-scaled.jpg\" \/>\n\t<meta property=\"og:image:width\" content=\"2401\" \/>\n\t<meta property=\"og:image:height\" content=\"2560\" \/>\n\t<meta property=\"og:image:type\" content=\"image\/jpeg\" \/>\n<meta name=\"twitter:card\" content=\"summary_large_image\" \/>\n<meta name=\"twitter:label1\" content=\"Prix\" \/>\n\t<meta name=\"twitter:data1\" content=\"219,90&nbsp;&euro;\" \/>\n\t<meta name=\"twitter:label2\" content=\"Disponibilit\u00e9\" \/>\n\t<meta name=\"twitter:data2\" content=\"Rupture de stock\" \/>\n<script type=\"application\/ld+json\" class=\"yoast-schema-graph\">{\"@context\":\"https:\\\/\\\/schema.org\",\"@graph\":[{\"@type\":\"WebPage\",\"@id\":\"https:\\\/\\\/najnaj.eu\\\/fr\\\/proizvod\\\/ergobaby-omni-deluxe-linen-nosiljka-natural-linen\\\/\",\"url\":\"https:\\\/\\\/najnaj.eu\\\/fr\\\/proizvod\\\/ergobaby-omni-deluxe-linen-nosiljka-natural-linen\\\/\",\"name\":\"Ergobaby Omni Deluxe Linen nosiljka - Natural Linen - NajNaj.eu\",\"isPartOf\":{\"@id\":\"https:\\\/\\\/najnaj.eu\\\/fr\\\/#website\"},\"primaryImageOfPage\":{\"@id\":\"https:\\\/\\\/najnaj.eu\\\/fr\\\/proizvod\\\/ergobaby-omni-deluxe-linen-nosiljka-natural-linen\\\/#primaryimage\"},\"image\":{\"@id\":\"https:\\\/\\\/najnaj.eu\\\/fr\\\/proizvod\\\/ergobaby-omni-deluxe-linen-nosiljka-natural-linen\\\/#primaryimage\"},\"thumbnailUrl\":\"https:\\\/\\\/najnaj.eu\\\/wp-content\\\/uploads\\\/2025\\\/08\\\/omni-deluxe-linen-nat-beige-prod-1-scaled.jpg\",\"datePublished\":\"2025-08-27T08:57:37+00:00\",\"dateModified\":\"2026-02-03T19:35:03+00:00\",\"breadcrumb\":{\"@id\":\"https:\\\/\\\/najnaj.eu\\\/fr\\\/proizvod\\\/ergobaby-omni-deluxe-linen-nosiljka-natural-linen\\\/#breadcrumb\"},\"inLanguage\":\"fr-FR\",\"potentialAction\":[{\"@type\":\"ReadAction\",\"target\":[\"https:\\\/\\\/najnaj.eu\\\/fr\\\/proizvod\\\/ergobaby-omni-deluxe-linen-nosiljka-natural-linen\\\/\"]}]},{\"@type\":\"ImageObject\",\"inLanguage\":\"fr-FR\",\"@id\":\"https:\\\/\\\/najnaj.eu\\\/fr\\\/proizvod\\\/ergobaby-omni-deluxe-linen-nosiljka-natural-linen\\\/#primaryimage\",\"url\":\"https:\\\/\\\/najnaj.eu\\\/wp-content\\\/uploads\\\/2025\\\/08\\\/omni-deluxe-linen-nat-beige-prod-1-scaled.jpg\",\"contentUrl\":\"https:\\\/\\\/najnaj.eu\\\/wp-content\\\/uploads\\\/2025\\\/08\\\/omni-deluxe-linen-nat-beige-prod-1-scaled.jpg\",\"width\":2401,\"height\":2560},{\"@type\":\"BreadcrumbList\",\"@id\":\"https:\\\/\\\/najnaj.eu\\\/fr\\\/proizvod\\\/ergobaby-omni-deluxe-linen-nosiljka-natural-linen\\\/#breadcrumb\",\"itemListElement\":[{\"@type\":\"ListItem\",\"position\":1,\"name\":\"Po\u010detna stranica\",\"item\":\"https:\\\/\\\/najnaj.eu\\\/fr\\\/\"},{\"@type\":\"ListItem\",\"position\":2,\"name\":\"Trgovina\",\"item\":\"https:\\\/\\\/najnaj.hr\\\/trgovina\\\/\"},{\"@type\":\"ListItem\",\"position\":3,\"name\":\"Ergobaby Omni Deluxe Linen nosiljka &#8211; Natural Linen\"}]},{\"@type\":\"WebSite\",\"@id\":\"https:\\\/\\\/najnaj.eu\\\/fr\\\/#website\",\"url\":\"https:\\\/\\\/najnaj.eu\\\/fr\\\/\",\"name\":\"NajNaj.eu\",\"description\":\"Za najva\u017enije!\",\"potentialAction\":[{\"@type\":\"SearchAction\",\"target\":{\"@type\":\"EntryPoint\",\"urlTemplate\":\"https:\\\/\\\/najnaj.eu\\\/fr\\\/?s={search_term_string}\"},\"query-input\":{\"@type\":\"PropertyValueSpecification\",\"valueRequired\":true,\"valueName\":\"search_term_string\"}}],\"inLanguage\":\"fr-FR\"}]}<\/script>\n<meta property=\"product:brand\" content=\"Ergobaby\" \/>\n<meta property=\"product:price:amount\" content=\"219.90\" \/>\n<meta property=\"product:price:currency\" content=\"EUR\" \/>\n<meta property=\"og:availability\" content=\"out of stock\" \/>\n<meta property=\"product:availability\" content=\"out of stock\" \/>\n<meta property=\"product:retailer_item_id\" content=\"BCODLNATLIN\" \/>\n<meta property=\"product:condition\" content=\"new\" \/>\n<!-- \/ Yoast SEO Premium plugin. -->","yoast_head_json":{"title":"Ergobaby Omni Deluxe Linen nosiljka - Natural Linen - NajNaj.eu","robots":{"index":"index","follow":"follow","max-snippet":"max-snippet:-1","max-image-preview":"max-image-preview:large","max-video-preview":"max-video-preview:-1"},"canonical":"https:\/\/najnaj.eu\/fr\/proizvod\/ergobaby-omni-deluxe-linen-nosiljka-natural-linen\/","og_locale":"fr_FR","og_type":"article","og_title":"Ergobaby Omni Deluxe Linen nosiljka - Natural Linen","og_description":"Najnovija Ergobaby nosiljka s kojom ste spremni za ba\u0161 svaku priliku! Jo\u0161 ve\u0107a udobnost, jo\u0161 vi\u0161e prostora za pohranu u kombinaciji s materijalima koji su u isto vrijeme izdr\u017eljivi i prozra\u010dni. Omni\u2122 Deluxe donosi elegantan i jednostavan izgled uz pobolj\u0161ane zna\u010dajke zbog kojih je jedina nosiljka koja \u0107e vam trebati - bilo kada, bilo gdje.  \u2022 Jednostavan i elegantan izgled \u2022 Prilagodiva veli\u010dina od ro\u0111enja do vrti\u0107ke dobi (oko 0 \u2013 48 mj.; 3,2 \u2013 20,4 kg) bez umetka \u2022 Svi polo\u017eaji no\u0161enja: prema unutra, na boku, na le\u0111ima i na trbuhu prema naprijed \u2022 Inovativni dizajn uklju\u010duje 6 prostora za pohranu u kojima mo\u017eete smjestiti osobne stvari \u2022 Brza prilagodba nosiljke uz oznake na remenima koje vas vode do savr\u0161enog pode\u0161avanja \u2022 Dodatna podr\u0161ka za donji dio le\u0111a te dodatno pojastu\u010dene naramenice \u2022 Reflektiraju\u0107e oznake za sigurnost i za\u0161titu \u2022 Kapulja\u010da za za\u0161titu od sunca (UPF 50+), privatnost i lak\u0161e dojenje \u2022 ErgoPromise - 10godi\u0161nje jamstvo","og_url":"https:\/\/najnaj.eu\/fr\/proizvod\/ergobaby-omni-deluxe-linen-nosiljka-natural-linen\/","og_site_name":"NajNaj.eu","article_publisher":"https:\/\/web.facebook.com\/najnaj.eu\/","article_modified_time":"2026-02-03T19:35:03+00:00","og_image":[{"width":2401,"height":2560,"url":"https:\/\/najnaj.eu\/wp-content\/uploads\/2025\/08\/omni-deluxe-linen-nat-beige-prod-1-scaled.jpg","type":"image\/jpeg"}],"twitter_card":"summary_large_image","twitter_misc":{"Prix":"219,90&nbsp;&euro;","Disponibilit\u00e9":"Rupture de stock"},"schema":{"@context":"https:\/\/schema.org","@graph":[{"@type":"WebPage","@id":"https:\/\/najnaj.eu\/fr\/proizvod\/ergobaby-omni-deluxe-linen-nosiljka-natural-linen\/","url":"https:\/\/najnaj.eu\/fr\/proizvod\/ergobaby-omni-deluxe-linen-nosiljka-natural-linen\/","name":"Ergobaby Omni Deluxe Linen nosiljka - Natural Linen - NajNaj.eu","isPartOf":{"@id":"https:\/\/najnaj.eu\/fr\/#website"},"primaryImageOfPage":{"@id":"https:\/\/najnaj.eu\/fr\/proizvod\/ergobaby-omni-deluxe-linen-nosiljka-natural-linen\/#primaryimage"},"image":{"@id":"https:\/\/najnaj.eu\/fr\/proizvod\/ergobaby-omni-deluxe-linen-nosiljka-natural-linen\/#primaryimage"},"thumbnailUrl":"https:\/\/najnaj.eu\/wp-content\/uploads\/2025\/08\/omni-deluxe-linen-nat-beige-prod-1-scaled.jpg","datePublished":"2025-08-27T08:57:37+00:00","dateModified":"2026-02-03T19:35:03+00:00","breadcrumb":{"@id":"https:\/\/najnaj.eu\/fr\/proizvod\/ergobaby-omni-deluxe-linen-nosiljka-natural-linen\/#breadcrumb"},"inLanguage":"fr-FR","potentialAction":[{"@type":"ReadAction","target":["https:\/\/najnaj.eu\/fr\/proizvod\/ergobaby-omni-deluxe-linen-nosiljka-natural-linen\/"]}]},{"@type":"ImageObject","inLanguage":"fr-FR","@id":"https:\/\/najnaj.eu\/fr\/proizvod\/ergobaby-omni-deluxe-linen-nosiljka-natural-linen\/#primaryimage","url":"https:\/\/najnaj.eu\/wp-content\/uploads\/2025\/08\/omni-deluxe-linen-nat-beige-prod-1-scaled.jpg","contentUrl":"https:\/\/najnaj.eu\/wp-content\/uploads\/2025\/08\/omni-deluxe-linen-nat-beige-prod-1-scaled.jpg","width":2401,"height":2560},{"@type":"BreadcrumbList","@id":"https:\/\/najnaj.eu\/fr\/proizvod\/ergobaby-omni-deluxe-linen-nosiljka-natural-linen\/#breadcrumb","itemListElement":[{"@type":"ListItem","position":1,"name":"Po\u010detna stranica","item":"https:\/\/najnaj.eu\/fr\/"},{"@type":"ListItem","position":2,"name":"Trgovina","item":"https:\/\/najnaj.hr\/trgovina\/"},{"@type":"ListItem","position":3,"name":"Ergobaby Omni Deluxe Linen nosiljka &#8211; Natural Linen"}]},{"@type":"WebSite","@id":"https:\/\/najnaj.eu\/fr\/#website","url":"https:\/\/najnaj.eu\/fr\/","name":"NajNaj.eu","description":"Za najva\u017enije!","potentialAction":[{"@type":"SearchAction","target":{"@type":"EntryPoint","urlTemplate":"https:\/\/najnaj.eu\/fr\/?s={search_term_string}"},"query-input":{"@type":"PropertyValueSpecification","valueRequired":true,"valueName":"search_term_string"}}],"inLanguage":"fr-FR"}]},"product_brand":"Ergobaby","product_price_amount":"219.90","product_price_currency":"EUR","og_availability":"out of stock","product_availability":"out of stock","product_retailer_item_id":"BCODLNATLIN","product_condition":"new"},"_links":{"self":[{"href":"https:\/\/najnaj.eu\/fr\/wp-json\/wp\/v2\/product\/268173","targetHints":{"allow":["GET"]}}],"collection":[{"href":"https:\/\/najnaj.eu\/fr\/wp-json\/wp\/v2\/product"}],"about":[{"href":"https:\/\/najnaj.eu\/fr\/wp-json\/wp\/v2\/types\/product"}],"replies":[{"embeddable":true,"href":"https:\/\/najnaj.eu\/fr\/wp-json\/wp\/v2\/comments?post=268173"}],"version-history":[{"count":0,"href":"https:\/\/najnaj.eu\/fr\/wp-json\/wp\/v2\/product\/268173\/revisions"}],"wp:featuredmedia":[{"embeddable":true,"href":"https:\/\/najnaj.eu\/fr\/wp-json\/wp\/v2\/media\/268182"}],"wp:attachment":[{"href":"https:\/\/najnaj.eu\/fr\/wp-json\/wp\/v2\/media?parent=268173"}],"wp:term":[{"taxonomy":"product_brand","embeddable":true,"href":"https:\/\/najnaj.eu\/fr\/wp-json\/wp\/v2\/product_brand?post=268173"},{"taxonomy":"product_cat","embeddable":true,"href":"https:\/\/najnaj.eu\/fr\/wp-json\/wp\/v2\/product_cat?post=268173"},{"taxonomy":"product_tag","embeddable":true,"href":"https:\/\/najnaj.eu\/fr\/wp-json\/wp\/v2\/product_tag?post=268173"}],"curies":[{"name":"wp","href":"https:\/\/api.w.org\/{rel}","templated":true}]}}