{"id":266161,"date":"2025-08-01T10:34:22","date_gmt":"2025-08-01T08:34:22","guid":{"rendered":"https:\/\/najnaj.eu\/?post_type=product&#038;p=266161"},"modified":"2026-02-03T20:37:31","modified_gmt":"2026-02-03T19:37:31","slug":"ergobaby-aerloom-sunburst-izlozbeni-proizvod","status":"publish","type":"product","link":"https:\/\/najnaj.eu\/fr\/proizvod\/ergobaby-aerloom-sunburst-izlozbeni-proizvod\/","title":{"rendered":"Ergobaby Aerloom Sunburst &#8211; IZLO\u017dBENI PROIZVOD"},"content":{"rendered":"<h2><strong>\u0160to je posebnost Aerloom-a?<\/strong><\/h2>\n<p>Zahvaljuju\u0107i inovativnoj FormaKnit tkanini i dizajnu bez \u0161avova, Aerloom je lagana, prozra\u010dna nosiljka koja se prilago\u0111ava jedinstvenim konturama Va\u0161eg tijela i nudi savr\u0161enu potporu za Vas i Va\u0161u bebu. Za roditelje koji vole avanture i putovanja, ovo je idealna nosiljka s kojom mo\u017eete iskusiti slobodu kretanja, istovremeno se povezuju\u0107i s Va\u0161om bebom. Ergobaby je prvi koji je primijenio ovaj revolucionarni dizajn za nosiljke.<\/p>\n<h4><strong>ECO-FRIENDLY<\/strong><\/h4>\n<p>Briga za Va\u0161u djecu i briga za na\u0161 planet, povezane su.<br \/>\nZbog toga je Aerloom proizveden od recikliranih poliesterskih niti (odobrene prema standardu Global Recycled).<br \/>\nNosiljke su proizvedene u manjim koli\u010dinama kako bi se izbjeglo stvaranje zaliha, a svaka nosiljka dolazi u recikliranoj kutiji \u2013 nije potrebno dodatno pakiranje nosiljke.<\/p>\n<h4><strong>DORASTAO SVAKOJ SITUACIJI<\/strong><\/h4>\n<p>Aerloom se vrlo brzo mo\u017ee prilagoditi razi\u010ditim polo\u017eajima no\u0161enja prilikom svake avanture, paralelno se prilago\u0111avaju\u0107i i djetetovim potrebama.<br \/>\nSvaki detalj osmi\u0161ljen je imaju\u0107i na umu najve\u0107u udobnost koju mo\u017eete zamisliti.<\/p>\n<h4><strong>BEZ DODATNE TE\u017dINE<\/strong><\/h4>\n<p>Struktura i izdr\u017eljivost koja Vas ne\u0107e opteretiti. Aerloom je jedna od najlak\u0161ih nosiljki na tr\u017ei\u0161tu i te\u017ei samo 0,66 kg.<\/p>\n<h4><strong>CJELODNEVNA PROZRA\u010cNOST<\/strong><\/h4>\n<p>Integrirani pleteni mre\u017easti panel omogu\u0107uje protok zraka za maksimalnu prozra\u010dnost.<\/p>\n<h4><strong>\u010cUVAMO VAM LE\u0110A<\/strong><\/h4>\n<p>Kako bi istovremeno sprije\u010dili bol u le\u0111ima i brigu gdje ste ostavili klju\u010deve, dodali smo pojas s lubmalnom podr\u0161kom na kojem se nalazi diskretan d\u017eepi\u0107 za osnovne potrep\u0161tine.<\/p>\n","protected":false},"excerpt":{"rendered":"<p>Prva nosiljka proizvodena strojnim tkanjem redefinira udobnost, objedinjuje slobodu kretanja i elasti\u010dnost, te se savr\u0161eno uklapa u Va\u0161 \u017eivot.<br \/>\nUltra lagana, prozra\u010dna nosiljka, izra\u0111ena je od FormaKnit\u2122 tkanine koja osigurava savr\u0161enu prilagodbu bebi i roditelju.<\/p>\n<p>Ova nosiljka savr\u0161ena je za djecu od 0 do 3 godine s nosivo\u0161\u0107u od 3,2 kg do 15,9 kg, a Ergobaby Promise nudi izvanredno 10-godi\u0161nje jamstvo koje osigurava dugotrajnu kvalitetu.<\/p>\n<p><strong>Klju\u010dne zna\u010dajke zbog kojih je Aerloom nosiljka posebna:<\/strong><\/p>\n<p><strong>1. Nova tehnologija:<\/strong>\u00a0Aerloom je\u00a0prva strojno pletena nosiljka za bebe koja koristi jedinstvenu FormaKnit 3D tehnologiju. Istovremena rastezljivost i \u010dvrsto\u0107a tkanja osiguravaju prilagodljivost i savr\u0161enu potporu.<br \/>\n<strong>2. Eco friendly:<\/strong>\u00a087% nosiljke napravljeno je od recikliranog poliestera radi \u010dega je jednako dobra za na\u0161 planet kao i za Va\u0161e svakodnevne avanture<br \/>\n<strong>3. Limitirani dezeni<\/strong>: jednom kada se uzorak rasproda, vi\u0161e ga ne\u0107e biti mogu\u0107e kupiti (osim Charcoal- Black)<br \/>\n<strong>4. Udobna:<\/strong>\u00a0bez \u0161avova, rastezljiva i savr\u0161eno prilagodljiva uz pru\u017eanje izvrsne potpore za dijete<br \/>\n<strong>5. Iznimno lagana:<\/strong>\u00a00,66 kg<br \/>\n<strong>6. Nagra\u0111ivana:<\/strong> nagrade za udobnost i dizajn: IF design nagrada za 2021. godinu i Green Good nagrada za revolucionarni dizajn nosiljke<\/p>\n<div class=\"woocommerce-product-details__short-description\">\n<p><span style=\"color: #cc0808;\"><strong>VA\u017dNO: Ova Aerloom nosiljka je izlo\u017ebeni proizvod, \u0161to zna\u010di da je kori\u0161tena u svrhu demonstracije te se prodaje bez originalne ambala\u017ee!<\/strong><\/span><\/p>\n<\/div>\n","protected":false},"featured_media":266164,"comment_status":"closed","ping_status":"closed","template":"","meta":{"_acf_changed":false,"footnotes":""},"product_brand":[],"product_cat":[734,544,738,740],"product_tag":[2220,2277],"class_list":{"0":"post-266161","1":"product","2":"type-product","3":"status-publish","4":"has-post-thumbnail","6":"product_cat-3-polozaja-nosenja","7":"product_cat-nosiljke","8":"product_cat-od-rodenja-do-3-godine","9":"product_cat-super-prilika","10":"product_tag-popust-otvorena-ambalaza","11":"product_tag-rasprodaja","12":"pa_boja-plava","13":"pa_boja-zuta","14":"pa_brand-ergobaby","16":"first","17":"instock","18":"sale","19":"shipping-taxable","20":"purchasable","21":"product-type-simple"},"bundled_by":[],"bundle_stock_status":"instock","bundle_stock_quantity":1,"bundle_virtual":false,"bundle_layout":"","bundle_add_to_cart_form_location":"","bundle_editable_in_cart":false,"bundle_sold_individually_context":"","bundle_item_grouping":"","bundle_min_size":"","bundle_max_size":"","bundle_price":[],"bundled_items":[],"bundle_sell_ids":[],"acf":[],"yoast_head":"<!-- This site is optimized with the Yoast SEO Premium plugin v21.5 (Yoast SEO v27.4) - https:\/\/yoast.com\/product\/yoast-seo-premium-wordpress\/ -->\n<title>Ergobaby Aerloom Sunburst - IZLO\u017dBENI PROIZVOD - NajNaj.eu<\/title>\n<meta name=\"robots\" content=\"index, follow, max-snippet:-1, max-image-preview:large, max-video-preview:-1\" \/>\n<link rel=\"canonical\" href=\"https:\/\/najnaj.eu\/fr\/proizvod\/ergobaby-aerloom-sunburst-izlozbeni-proizvod\/\" \/>\n<meta property=\"og:locale\" content=\"fr_FR\" \/>\n<meta property=\"og:type\" content=\"article\" \/>\n<meta property=\"og:title\" content=\"Ergobaby Aerloom Sunburst - IZLO\u017dBENI PROIZVOD\" \/>\n<meta property=\"og:description\" content=\"Prva nosiljka proizvodena strojnim tkanjem redefinira udobnost, objedinjuje slobodu kretanja i elasti\u010dnost, te se savr\u0161eno uklapa u Va\u0161 \u017eivot. Ultra lagana, prozra\u010dna nosiljka, izra\u0111ena je od FormaKnit\u2122 tkanine koja osigurava savr\u0161enu prilagodbu bebi i roditelju.  Ova nosiljka savr\u0161ena je za djecu od 0 do 3 godine s nosivo\u0161\u0107u od 3,2 kg do 15,9 kg, a Ergobaby Promise nudi izvanredno 10-godi\u0161nje jamstvo koje osigurava dugotrajnu kvalitetu.  Klju\u010dne zna\u010dajke zbog kojih je Aerloom nosiljka posebna:  1. Nova tehnologija:\u00a0Aerloom je\u00a0prva strojno pletena nosiljka za bebe koja koristi jedinstvenu FormaKnit 3D tehnologiju. Istovremena rastezljivost i \u010dvrsto\u0107a tkanja osiguravaju prilagodljivost i savr\u0161enu potporu. 2. Eco friendly:\u00a087% nosiljke napravljeno je od recikliranog poliestera radi \u010dega je jednako dobra za na\u0161 planet kao i za Va\u0161e svakodnevne avanture 3. Limitirani dezeni: jednom kada se uzorak rasproda, vi\u0161e ga ne\u0107e biti mogu\u0107e kupiti (osim Charcoal- Black) 4. Udobna:\u00a0bez \u0161avova, rastezljiva i savr\u0161eno prilagodljiva uz pru\u017eanje izvrsne potpore za dijete 5. Iznimno lagana:\u00a00,66 kg 6. Nagra\u0111ivana: nagrade za udobnost i dizajn: IF design nagrada za 2021. godinu i Green Good nagrada za revolucionarni dizajn nosiljke   VA\u017dNO: Ova Aerloom nosiljka je izlo\u017ebeni proizvod, \u0161to zna\u010di da je kori\u0161tena u svrhu demonstracije te se prodaje bez originalne ambala\u017ee!\" \/>\n<meta property=\"og:url\" content=\"https:\/\/najnaj.eu\/fr\/proizvod\/ergobaby-aerloom-sunburst-izlozbeni-proizvod\/\" \/>\n<meta property=\"og:site_name\" content=\"NajNaj.eu\" \/>\n<meta property=\"article:publisher\" content=\"https:\/\/web.facebook.com\/najnaj.eu\/\" \/>\n<meta property=\"article:modified_time\" content=\"2026-02-03T19:37:31+00:00\" \/>\n<meta property=\"og:image\" content=\"https:\/\/najnaj.eu\/wp-content\/uploads\/2025\/08\/Aerloom_BCAERAQUA_Sunburst_01-3000x3000-2567b33.jpg\" \/>\n\t<meta property=\"og:image:width\" content=\"1080\" \/>\n\t<meta property=\"og:image:height\" content=\"1080\" \/>\n\t<meta property=\"og:image:type\" content=\"image\/jpeg\" \/>\n<meta name=\"twitter:card\" content=\"summary_large_image\" \/>\n<meta name=\"twitter:label1\" content=\"Prix\" \/>\n\t<meta name=\"twitter:data1\" content=\"249,90&nbsp;&euro;\" \/>\n\t<meta name=\"twitter:label2\" content=\"Disponibilit\u00e9\" \/>\n\t<meta name=\"twitter:data2\" content=\"En stock\" \/>\n<script type=\"application\/ld+json\" class=\"yoast-schema-graph\">{\"@context\":\"https:\\\/\\\/schema.org\",\"@graph\":[{\"@type\":\"WebPage\",\"@id\":\"https:\\\/\\\/najnaj.eu\\\/fr\\\/proizvod\\\/ergobaby-aerloom-sunburst-izlozbeni-proizvod\\\/\",\"url\":\"https:\\\/\\\/najnaj.eu\\\/fr\\\/proizvod\\\/ergobaby-aerloom-sunburst-izlozbeni-proizvod\\\/\",\"name\":\"Ergobaby Aerloom Sunburst - IZLO\u017dBENI PROIZVOD - NajNaj.eu\",\"isPartOf\":{\"@id\":\"https:\\\/\\\/najnaj.eu\\\/fr\\\/#website\"},\"primaryImageOfPage\":{\"@id\":\"https:\\\/\\\/najnaj.eu\\\/fr\\\/proizvod\\\/ergobaby-aerloom-sunburst-izlozbeni-proizvod\\\/#primaryimage\"},\"image\":{\"@id\":\"https:\\\/\\\/najnaj.eu\\\/fr\\\/proizvod\\\/ergobaby-aerloom-sunburst-izlozbeni-proizvod\\\/#primaryimage\"},\"thumbnailUrl\":\"https:\\\/\\\/najnaj.eu\\\/wp-content\\\/uploads\\\/2025\\\/08\\\/Aerloom_BCAERAQUA_Sunburst_01-3000x3000-2567b33.jpg\",\"datePublished\":\"2025-08-01T08:34:22+00:00\",\"dateModified\":\"2026-02-03T19:37:31+00:00\",\"breadcrumb\":{\"@id\":\"https:\\\/\\\/najnaj.eu\\\/fr\\\/proizvod\\\/ergobaby-aerloom-sunburst-izlozbeni-proizvod\\\/#breadcrumb\"},\"inLanguage\":\"fr-FR\",\"potentialAction\":[{\"@type\":\"ReadAction\",\"target\":[\"https:\\\/\\\/najnaj.eu\\\/fr\\\/proizvod\\\/ergobaby-aerloom-sunburst-izlozbeni-proizvod\\\/\"]}]},{\"@type\":\"ImageObject\",\"inLanguage\":\"fr-FR\",\"@id\":\"https:\\\/\\\/najnaj.eu\\\/fr\\\/proizvod\\\/ergobaby-aerloom-sunburst-izlozbeni-proizvod\\\/#primaryimage\",\"url\":\"https:\\\/\\\/najnaj.eu\\\/wp-content\\\/uploads\\\/2025\\\/08\\\/Aerloom_BCAERAQUA_Sunburst_01-3000x3000-2567b33.jpg\",\"contentUrl\":\"https:\\\/\\\/najnaj.eu\\\/wp-content\\\/uploads\\\/2025\\\/08\\\/Aerloom_BCAERAQUA_Sunburst_01-3000x3000-2567b33.jpg\",\"width\":1080,\"height\":1080},{\"@type\":\"BreadcrumbList\",\"@id\":\"https:\\\/\\\/najnaj.eu\\\/fr\\\/proizvod\\\/ergobaby-aerloom-sunburst-izlozbeni-proizvod\\\/#breadcrumb\",\"itemListElement\":[{\"@type\":\"ListItem\",\"position\":1,\"name\":\"Po\u010detna stranica\",\"item\":\"https:\\\/\\\/najnaj.eu\\\/fr\\\/\"},{\"@type\":\"ListItem\",\"position\":2,\"name\":\"Trgovina\",\"item\":\"https:\\\/\\\/najnaj.hr\\\/trgovina\\\/\"},{\"@type\":\"ListItem\",\"position\":3,\"name\":\"Ergobaby Aerloom Sunburst &#8211; IZLO\u017dBENI PROIZVOD\"}]},{\"@type\":\"WebSite\",\"@id\":\"https:\\\/\\\/najnaj.eu\\\/fr\\\/#website\",\"url\":\"https:\\\/\\\/najnaj.eu\\\/fr\\\/\",\"name\":\"NajNaj.eu\",\"description\":\"Za najva\u017enije!\",\"potentialAction\":[{\"@type\":\"SearchAction\",\"target\":{\"@type\":\"EntryPoint\",\"urlTemplate\":\"https:\\\/\\\/najnaj.eu\\\/fr\\\/?s={search_term_string}\"},\"query-input\":{\"@type\":\"PropertyValueSpecification\",\"valueRequired\":true,\"valueName\":\"search_term_string\"}}],\"inLanguage\":\"fr-FR\"}]}<\/script>\n<meta property=\"product:brand\" content=\"Ergobaby\" \/>\n<meta property=\"product:price:amount\" content=\"249.90\" \/>\n<meta property=\"product:price:currency\" content=\"EUR\" \/>\n<meta property=\"og:availability\" content=\"instock\" \/>\n<meta property=\"product:availability\" content=\"instock\" \/>\n<meta property=\"product:retailer_item_id\" content=\"BCAERAQUA-izlozbeni\" \/>\n<meta property=\"product:condition\" content=\"new\" \/>\n<!-- \/ Yoast SEO Premium plugin. -->","yoast_head_json":{"title":"Ergobaby Aerloom Sunburst - IZLO\u017dBENI PROIZVOD - NajNaj.eu","robots":{"index":"index","follow":"follow","max-snippet":"max-snippet:-1","max-image-preview":"max-image-preview:large","max-video-preview":"max-video-preview:-1"},"canonical":"https:\/\/najnaj.eu\/fr\/proizvod\/ergobaby-aerloom-sunburst-izlozbeni-proizvod\/","og_locale":"fr_FR","og_type":"article","og_title":"Ergobaby Aerloom Sunburst - IZLO\u017dBENI PROIZVOD","og_description":"Prva nosiljka proizvodena strojnim tkanjem redefinira udobnost, objedinjuje slobodu kretanja i elasti\u010dnost, te se savr\u0161eno uklapa u Va\u0161 \u017eivot. Ultra lagana, prozra\u010dna nosiljka, izra\u0111ena je od FormaKnit\u2122 tkanine koja osigurava savr\u0161enu prilagodbu bebi i roditelju.  Ova nosiljka savr\u0161ena je za djecu od 0 do 3 godine s nosivo\u0161\u0107u od 3,2 kg do 15,9 kg, a Ergobaby Promise nudi izvanredno 10-godi\u0161nje jamstvo koje osigurava dugotrajnu kvalitetu.  Klju\u010dne zna\u010dajke zbog kojih je Aerloom nosiljka posebna:  1. Nova tehnologija:\u00a0Aerloom je\u00a0prva strojno pletena nosiljka za bebe koja koristi jedinstvenu FormaKnit 3D tehnologiju. Istovremena rastezljivost i \u010dvrsto\u0107a tkanja osiguravaju prilagodljivost i savr\u0161enu potporu. 2. Eco friendly:\u00a087% nosiljke napravljeno je od recikliranog poliestera radi \u010dega je jednako dobra za na\u0161 planet kao i za Va\u0161e svakodnevne avanture 3. Limitirani dezeni: jednom kada se uzorak rasproda, vi\u0161e ga ne\u0107e biti mogu\u0107e kupiti (osim Charcoal- Black) 4. Udobna:\u00a0bez \u0161avova, rastezljiva i savr\u0161eno prilagodljiva uz pru\u017eanje izvrsne potpore za dijete 5. Iznimno lagana:\u00a00,66 kg 6. Nagra\u0111ivana: nagrade za udobnost i dizajn: IF design nagrada za 2021. godinu i Green Good nagrada za revolucionarni dizajn nosiljke   VA\u017dNO: Ova Aerloom nosiljka je izlo\u017ebeni proizvod, \u0161to zna\u010di da je kori\u0161tena u svrhu demonstracije te se prodaje bez originalne ambala\u017ee!","og_url":"https:\/\/najnaj.eu\/fr\/proizvod\/ergobaby-aerloom-sunburst-izlozbeni-proizvod\/","og_site_name":"NajNaj.eu","article_publisher":"https:\/\/web.facebook.com\/najnaj.eu\/","article_modified_time":"2026-02-03T19:37:31+00:00","og_image":[{"width":1080,"height":1080,"url":"https:\/\/najnaj.eu\/wp-content\/uploads\/2025\/08\/Aerloom_BCAERAQUA_Sunburst_01-3000x3000-2567b33.jpg","type":"image\/jpeg"}],"twitter_card":"summary_large_image","twitter_misc":{"Prix":"249,90&nbsp;&euro;","Disponibilit\u00e9":"En stock"},"schema":{"@context":"https:\/\/schema.org","@graph":[{"@type":"WebPage","@id":"https:\/\/najnaj.eu\/fr\/proizvod\/ergobaby-aerloom-sunburst-izlozbeni-proizvod\/","url":"https:\/\/najnaj.eu\/fr\/proizvod\/ergobaby-aerloom-sunburst-izlozbeni-proizvod\/","name":"Ergobaby Aerloom Sunburst - IZLO\u017dBENI PROIZVOD - NajNaj.eu","isPartOf":{"@id":"https:\/\/najnaj.eu\/fr\/#website"},"primaryImageOfPage":{"@id":"https:\/\/najnaj.eu\/fr\/proizvod\/ergobaby-aerloom-sunburst-izlozbeni-proizvod\/#primaryimage"},"image":{"@id":"https:\/\/najnaj.eu\/fr\/proizvod\/ergobaby-aerloom-sunburst-izlozbeni-proizvod\/#primaryimage"},"thumbnailUrl":"https:\/\/najnaj.eu\/wp-content\/uploads\/2025\/08\/Aerloom_BCAERAQUA_Sunburst_01-3000x3000-2567b33.jpg","datePublished":"2025-08-01T08:34:22+00:00","dateModified":"2026-02-03T19:37:31+00:00","breadcrumb":{"@id":"https:\/\/najnaj.eu\/fr\/proizvod\/ergobaby-aerloom-sunburst-izlozbeni-proizvod\/#breadcrumb"},"inLanguage":"fr-FR","potentialAction":[{"@type":"ReadAction","target":["https:\/\/najnaj.eu\/fr\/proizvod\/ergobaby-aerloom-sunburst-izlozbeni-proizvod\/"]}]},{"@type":"ImageObject","inLanguage":"fr-FR","@id":"https:\/\/najnaj.eu\/fr\/proizvod\/ergobaby-aerloom-sunburst-izlozbeni-proizvod\/#primaryimage","url":"https:\/\/najnaj.eu\/wp-content\/uploads\/2025\/08\/Aerloom_BCAERAQUA_Sunburst_01-3000x3000-2567b33.jpg","contentUrl":"https:\/\/najnaj.eu\/wp-content\/uploads\/2025\/08\/Aerloom_BCAERAQUA_Sunburst_01-3000x3000-2567b33.jpg","width":1080,"height":1080},{"@type":"BreadcrumbList","@id":"https:\/\/najnaj.eu\/fr\/proizvod\/ergobaby-aerloom-sunburst-izlozbeni-proizvod\/#breadcrumb","itemListElement":[{"@type":"ListItem","position":1,"name":"Po\u010detna stranica","item":"https:\/\/najnaj.eu\/fr\/"},{"@type":"ListItem","position":2,"name":"Trgovina","item":"https:\/\/najnaj.hr\/trgovina\/"},{"@type":"ListItem","position":3,"name":"Ergobaby Aerloom Sunburst &#8211; IZLO\u017dBENI PROIZVOD"}]},{"@type":"WebSite","@id":"https:\/\/najnaj.eu\/fr\/#website","url":"https:\/\/najnaj.eu\/fr\/","name":"NajNaj.eu","description":"Za najva\u017enije!","potentialAction":[{"@type":"SearchAction","target":{"@type":"EntryPoint","urlTemplate":"https:\/\/najnaj.eu\/fr\/?s={search_term_string}"},"query-input":{"@type":"PropertyValueSpecification","valueRequired":true,"valueName":"search_term_string"}}],"inLanguage":"fr-FR"}]},"product_brand":"Ergobaby","product_price_amount":"249.90","product_price_currency":"EUR","og_availability":"instock","product_availability":"instock","product_retailer_item_id":"BCAERAQUA-izlozbeni","product_condition":"new"},"_links":{"self":[{"href":"https:\/\/najnaj.eu\/fr\/wp-json\/wp\/v2\/product\/266161","targetHints":{"allow":["GET"]}}],"collection":[{"href":"https:\/\/najnaj.eu\/fr\/wp-json\/wp\/v2\/product"}],"about":[{"href":"https:\/\/najnaj.eu\/fr\/wp-json\/wp\/v2\/types\/product"}],"replies":[{"embeddable":true,"href":"https:\/\/najnaj.eu\/fr\/wp-json\/wp\/v2\/comments?post=266161"}],"version-history":[{"count":0,"href":"https:\/\/najnaj.eu\/fr\/wp-json\/wp\/v2\/product\/266161\/revisions"}],"wp:featuredmedia":[{"embeddable":true,"href":"https:\/\/najnaj.eu\/fr\/wp-json\/wp\/v2\/media\/266164"}],"wp:attachment":[{"href":"https:\/\/najnaj.eu\/fr\/wp-json\/wp\/v2\/media?parent=266161"}],"wp:term":[{"taxonomy":"product_brand","embeddable":true,"href":"https:\/\/najnaj.eu\/fr\/wp-json\/wp\/v2\/product_brand?post=266161"},{"taxonomy":"product_cat","embeddable":true,"href":"https:\/\/najnaj.eu\/fr\/wp-json\/wp\/v2\/product_cat?post=266161"},{"taxonomy":"product_tag","embeddable":true,"href":"https:\/\/najnaj.eu\/fr\/wp-json\/wp\/v2\/product_tag?post=266161"}],"curies":[{"name":"wp","href":"https:\/\/api.w.org\/{rel}","templated":true}]}}