{"id":266007,"date":"2025-07-31T10:43:12","date_gmt":"2025-07-31T08:43:12","guid":{"rendered":"https:\/\/najnaj.eu\/?post_type=product&#038;p=266007"},"modified":"2026-03-04T15:41:26","modified_gmt":"2026-03-04T14:41:26","slug":"lassig-pribor-za-jelo-sa-silikonskom-drskom-3-dijela-happy-fruits-lemon","status":"publish","type":"product","link":"https:\/\/najnaj.eu\/fr\/proizvod\/lassig-pribor-za-jelo-sa-silikonskom-drskom-3-dijela-happy-fruits-lemon\/","title":{"rendered":"L\u00e4ssig Pribor za jelo sa silikonskom dr\u0161kom, 3 dijela Happy Fruits Lemon"},"content":{"rendered":"<p>Veselo vo\u0107e, prava zabava! Prakti\u010dni L\u00c4SSIG pribor za jelo sa silikonskom dr\u0161kom iz kolekcije Happy Fruits \u010dini prve poku\u0161aje samostalnog jedenja dje\u010djom igrom zahvaljuju\u0107i dobro osmi\u0161ljenim detaljima i veselim dizajnima.<\/p>\n<p>Informacije o proizvodu:<br \/>\n&#8211; Set od 3 dijela: \u017elica, vilica, no\u017e<br \/>\n&#8211; Dimenzije: 12,5 x 1,5 x 17,5 cm \/ 100 g<br \/>\n&#8211; Materijal: nehr\u0111aju\u0107i \u010delik<br \/>\n&#8211; Materijal dr\u0161ke: silikon<br \/>\n&#8211; Bez BPA<br \/>\n&#8211; Pogodno za djecu od 12 mjeseci<\/p>\n<p>Posebne zna\u010dajke:<br \/>\n&#8211; Prakti\u010dan i lagan: ergonomski oblikovan za male dje\u010dje ruke<br \/>\n&#8211; Siguran: edukativni no\u017e sa zaobljenim rubovima, idealan za malu djecu<br \/>\n&#8211; Robustan: \u010dvrsti materijal od nehr\u0111aju\u0107eg \u010delika<br \/>\n&#8211; Jednostavno odr\u017eavanje: mo\u017ee se prati u perilici posu\u0111a<\/p>\n<p>Pribor za jelo sa silikonskom dr\u0161kom savr\u0161en je dodatak mnogim drugim zabavnim proizvodima iz kolekcije Happy Fruits.<\/p>\n","protected":false},"excerpt":{"rendered":"<p>Pribor za jelo L\u00c4SSIG iz kolekcije Happy Fruits, bez BPA, izra\u0111en je od nehr\u0111aju\u0107eg \u010delika i ima ergonomski oblikovane silikonske ru\u010dke kako bi maloj djeci bilo jo\u0161 lak\u0161e samostalno jesti. Mo\u017ee se prati u perilici posu\u0111a.<\/p>\n","protected":false},"featured_media":266008,"comment_status":"closed","ping_status":"closed","template":"","meta":{"_acf_changed":false,"footnotes":""},"product_brand":[],"product_cat":[577,622,658],"product_tag":[],"class_list":{"0":"post-266007","1":"product","2":"type-product","3":"status-publish","4":"has-post-thumbnail","6":"product_cat-hranjenje","7":"product_cat-posude","8":"product_cat-pribor-za-jelo","9":"pa_boja-bijela","10":"pa_boja-plava","11":"pa_boja-zelena","12":"pa_brand-lassig","13":"pa_vrsta-posuda-pribor-za-jelo","15":"first","16":"instock","17":"shipping-taxable","18":"purchasable","19":"product-type-simple"},"bundled_by":["268820"],"bundle_stock_status":"instock","bundle_stock_quantity":1,"bundle_virtual":false,"bundle_layout":"","bundle_add_to_cart_form_location":"","bundle_editable_in_cart":false,"bundle_sold_individually_context":"","bundle_item_grouping":"","bundle_min_size":"","bundle_max_size":"","bundle_price":[],"bundled_items":[],"bundle_sell_ids":[],"acf":[],"yoast_head":"<!-- This site is optimized with the Yoast SEO Premium plugin v21.5 (Yoast SEO v27.4) - https:\/\/yoast.com\/product\/yoast-seo-premium-wordpress\/ -->\n<title>L\u00e4ssig Pribor za jelo sa silikonskom dr\u0161kom, 3 dijela Happy Fruits Lemon - NajNaj.eu<\/title>\n<meta name=\"robots\" content=\"index, follow, max-snippet:-1, max-image-preview:large, max-video-preview:-1\" \/>\n<link rel=\"canonical\" href=\"https:\/\/najnaj.eu\/fr\/proizvod\/lassig-pribor-za-jelo-sa-silikonskom-drskom-3-dijela-happy-fruits-lemon\/\" \/>\n<meta property=\"og:locale\" content=\"fr_FR\" \/>\n<meta property=\"og:type\" content=\"article\" \/>\n<meta property=\"og:title\" content=\"L\u00e4ssig Pribor za jelo sa silikonskom dr\u0161kom, 3 dijela Happy Fruits Lemon\" \/>\n<meta property=\"og:description\" content=\"Pribor za jelo L\u00c4SSIG iz kolekcije Happy Fruits, bez BPA, izra\u0111en je od nehr\u0111aju\u0107eg \u010delika i ima ergonomski oblikovane silikonske ru\u010dke kako bi maloj djeci bilo jo\u0161 lak\u0161e samostalno jesti. Mo\u017ee se prati u perilici posu\u0111a.\" \/>\n<meta property=\"og:url\" content=\"https:\/\/najnaj.eu\/fr\/proizvod\/lassig-pribor-za-jelo-sa-silikonskom-drskom-3-dijela-happy-fruits-lemon\/\" \/>\n<meta property=\"og:site_name\" content=\"NajNaj.eu\" \/>\n<meta property=\"article:publisher\" content=\"https:\/\/web.facebook.com\/najnaj.eu\/\" \/>\n<meta property=\"article:modified_time\" content=\"2026-03-04T14:41:26+00:00\" \/>\n<meta property=\"og:image\" content=\"https:\/\/najnaj.eu\/wp-content\/uploads\/2025\/07\/KID_F24_13100104008_P_1.jpg\" \/>\n\t<meta property=\"og:image:width\" content=\"2000\" \/>\n\t<meta property=\"og:image:height\" content=\"2000\" \/>\n\t<meta property=\"og:image:type\" content=\"image\/jpeg\" \/>\n<meta name=\"twitter:card\" content=\"summary_large_image\" \/>\n<meta name=\"twitter:label1\" content=\"Prix\" \/>\n\t<meta name=\"twitter:data1\" content=\"18,95&nbsp;&euro;\" \/>\n\t<meta name=\"twitter:label2\" content=\"Disponibilit\u00e9\" \/>\n\t<meta name=\"twitter:data2\" content=\"En stock\" \/>\n<script type=\"application\/ld+json\" class=\"yoast-schema-graph\">{\"@context\":\"https:\\\/\\\/schema.org\",\"@graph\":[{\"@type\":\"WebPage\",\"@id\":\"https:\\\/\\\/najnaj.eu\\\/fr\\\/proizvod\\\/lassig-pribor-za-jelo-sa-silikonskom-drskom-3-dijela-happy-fruits-lemon\\\/\",\"url\":\"https:\\\/\\\/najnaj.eu\\\/fr\\\/proizvod\\\/lassig-pribor-za-jelo-sa-silikonskom-drskom-3-dijela-happy-fruits-lemon\\\/\",\"name\":\"L\u00e4ssig Pribor za jelo sa silikonskom dr\u0161kom, 3 dijela Happy Fruits Lemon - NajNaj.eu\",\"isPartOf\":{\"@id\":\"https:\\\/\\\/najnaj.eu\\\/fr\\\/#website\"},\"primaryImageOfPage\":{\"@id\":\"https:\\\/\\\/najnaj.eu\\\/fr\\\/proizvod\\\/lassig-pribor-za-jelo-sa-silikonskom-drskom-3-dijela-happy-fruits-lemon\\\/#primaryimage\"},\"image\":{\"@id\":\"https:\\\/\\\/najnaj.eu\\\/fr\\\/proizvod\\\/lassig-pribor-za-jelo-sa-silikonskom-drskom-3-dijela-happy-fruits-lemon\\\/#primaryimage\"},\"thumbnailUrl\":\"https:\\\/\\\/najnaj.eu\\\/wp-content\\\/uploads\\\/2025\\\/07\\\/KID_F24_13100104008_P_1.jpg\",\"datePublished\":\"2025-07-31T08:43:12+00:00\",\"dateModified\":\"2026-03-04T14:41:26+00:00\",\"breadcrumb\":{\"@id\":\"https:\\\/\\\/najnaj.eu\\\/fr\\\/proizvod\\\/lassig-pribor-za-jelo-sa-silikonskom-drskom-3-dijela-happy-fruits-lemon\\\/#breadcrumb\"},\"inLanguage\":\"fr-FR\",\"potentialAction\":[{\"@type\":\"ReadAction\",\"target\":[\"https:\\\/\\\/najnaj.eu\\\/fr\\\/proizvod\\\/lassig-pribor-za-jelo-sa-silikonskom-drskom-3-dijela-happy-fruits-lemon\\\/\"]}]},{\"@type\":\"ImageObject\",\"inLanguage\":\"fr-FR\",\"@id\":\"https:\\\/\\\/najnaj.eu\\\/fr\\\/proizvod\\\/lassig-pribor-za-jelo-sa-silikonskom-drskom-3-dijela-happy-fruits-lemon\\\/#primaryimage\",\"url\":\"https:\\\/\\\/najnaj.eu\\\/wp-content\\\/uploads\\\/2025\\\/07\\\/KID_F24_13100104008_P_1.jpg\",\"contentUrl\":\"https:\\\/\\\/najnaj.eu\\\/wp-content\\\/uploads\\\/2025\\\/07\\\/KID_F24_13100104008_P_1.jpg\",\"width\":2000,\"height\":2000},{\"@type\":\"BreadcrumbList\",\"@id\":\"https:\\\/\\\/najnaj.eu\\\/fr\\\/proizvod\\\/lassig-pribor-za-jelo-sa-silikonskom-drskom-3-dijela-happy-fruits-lemon\\\/#breadcrumb\",\"itemListElement\":[{\"@type\":\"ListItem\",\"position\":1,\"name\":\"Po\u010detna stranica\",\"item\":\"https:\\\/\\\/najnaj.eu\\\/fr\\\/\"},{\"@type\":\"ListItem\",\"position\":2,\"name\":\"Trgovina\",\"item\":\"https:\\\/\\\/najnaj.hr\\\/trgovina\\\/\"},{\"@type\":\"ListItem\",\"position\":3,\"name\":\"L\u00e4ssig Pribor za jelo sa silikonskom dr\u0161kom, 3 dijela Happy Fruits Lemon\"}]},{\"@type\":\"WebSite\",\"@id\":\"https:\\\/\\\/najnaj.eu\\\/fr\\\/#website\",\"url\":\"https:\\\/\\\/najnaj.eu\\\/fr\\\/\",\"name\":\"NajNaj.eu\",\"description\":\"Za najva\u017enije!\",\"potentialAction\":[{\"@type\":\"SearchAction\",\"target\":{\"@type\":\"EntryPoint\",\"urlTemplate\":\"https:\\\/\\\/najnaj.eu\\\/fr\\\/?s={search_term_string}\"},\"query-input\":{\"@type\":\"PropertyValueSpecification\",\"valueRequired\":true,\"valueName\":\"search_term_string\"}}],\"inLanguage\":\"fr-FR\"}]}<\/script>\n<meta property=\"product:brand\" content=\"L\u00e4ssig\" \/>\n<meta property=\"product:price:amount\" content=\"18.95\" \/>\n<meta property=\"product:price:currency\" content=\"EUR\" \/>\n<meta property=\"og:availability\" content=\"instock\" \/>\n<meta property=\"product:availability\" content=\"instock\" \/>\n<meta property=\"product:retailer_item_id\" content=\"13100104008\" \/>\n<meta property=\"product:condition\" content=\"new\" \/>\n<!-- \/ Yoast SEO Premium plugin. -->","yoast_head_json":{"title":"L\u00e4ssig Pribor za jelo sa silikonskom dr\u0161kom, 3 dijela Happy Fruits Lemon - NajNaj.eu","robots":{"index":"index","follow":"follow","max-snippet":"max-snippet:-1","max-image-preview":"max-image-preview:large","max-video-preview":"max-video-preview:-1"},"canonical":"https:\/\/najnaj.eu\/fr\/proizvod\/lassig-pribor-za-jelo-sa-silikonskom-drskom-3-dijela-happy-fruits-lemon\/","og_locale":"fr_FR","og_type":"article","og_title":"L\u00e4ssig Pribor za jelo sa silikonskom dr\u0161kom, 3 dijela Happy Fruits Lemon","og_description":"Pribor za jelo L\u00c4SSIG iz kolekcije Happy Fruits, bez BPA, izra\u0111en je od nehr\u0111aju\u0107eg \u010delika i ima ergonomski oblikovane silikonske ru\u010dke kako bi maloj djeci bilo jo\u0161 lak\u0161e samostalno jesti. Mo\u017ee se prati u perilici posu\u0111a.","og_url":"https:\/\/najnaj.eu\/fr\/proizvod\/lassig-pribor-za-jelo-sa-silikonskom-drskom-3-dijela-happy-fruits-lemon\/","og_site_name":"NajNaj.eu","article_publisher":"https:\/\/web.facebook.com\/najnaj.eu\/","article_modified_time":"2026-03-04T14:41:26+00:00","og_image":[{"width":2000,"height":2000,"url":"https:\/\/najnaj.eu\/wp-content\/uploads\/2025\/07\/KID_F24_13100104008_P_1.jpg","type":"image\/jpeg"}],"twitter_card":"summary_large_image","twitter_misc":{"Prix":"18,95&nbsp;&euro;","Disponibilit\u00e9":"En stock"},"schema":{"@context":"https:\/\/schema.org","@graph":[{"@type":"WebPage","@id":"https:\/\/najnaj.eu\/fr\/proizvod\/lassig-pribor-za-jelo-sa-silikonskom-drskom-3-dijela-happy-fruits-lemon\/","url":"https:\/\/najnaj.eu\/fr\/proizvod\/lassig-pribor-za-jelo-sa-silikonskom-drskom-3-dijela-happy-fruits-lemon\/","name":"L\u00e4ssig Pribor za jelo sa silikonskom dr\u0161kom, 3 dijela Happy Fruits Lemon - NajNaj.eu","isPartOf":{"@id":"https:\/\/najnaj.eu\/fr\/#website"},"primaryImageOfPage":{"@id":"https:\/\/najnaj.eu\/fr\/proizvod\/lassig-pribor-za-jelo-sa-silikonskom-drskom-3-dijela-happy-fruits-lemon\/#primaryimage"},"image":{"@id":"https:\/\/najnaj.eu\/fr\/proizvod\/lassig-pribor-za-jelo-sa-silikonskom-drskom-3-dijela-happy-fruits-lemon\/#primaryimage"},"thumbnailUrl":"https:\/\/najnaj.eu\/wp-content\/uploads\/2025\/07\/KID_F24_13100104008_P_1.jpg","datePublished":"2025-07-31T08:43:12+00:00","dateModified":"2026-03-04T14:41:26+00:00","breadcrumb":{"@id":"https:\/\/najnaj.eu\/fr\/proizvod\/lassig-pribor-za-jelo-sa-silikonskom-drskom-3-dijela-happy-fruits-lemon\/#breadcrumb"},"inLanguage":"fr-FR","potentialAction":[{"@type":"ReadAction","target":["https:\/\/najnaj.eu\/fr\/proizvod\/lassig-pribor-za-jelo-sa-silikonskom-drskom-3-dijela-happy-fruits-lemon\/"]}]},{"@type":"ImageObject","inLanguage":"fr-FR","@id":"https:\/\/najnaj.eu\/fr\/proizvod\/lassig-pribor-za-jelo-sa-silikonskom-drskom-3-dijela-happy-fruits-lemon\/#primaryimage","url":"https:\/\/najnaj.eu\/wp-content\/uploads\/2025\/07\/KID_F24_13100104008_P_1.jpg","contentUrl":"https:\/\/najnaj.eu\/wp-content\/uploads\/2025\/07\/KID_F24_13100104008_P_1.jpg","width":2000,"height":2000},{"@type":"BreadcrumbList","@id":"https:\/\/najnaj.eu\/fr\/proizvod\/lassig-pribor-za-jelo-sa-silikonskom-drskom-3-dijela-happy-fruits-lemon\/#breadcrumb","itemListElement":[{"@type":"ListItem","position":1,"name":"Po\u010detna stranica","item":"https:\/\/najnaj.eu\/fr\/"},{"@type":"ListItem","position":2,"name":"Trgovina","item":"https:\/\/najnaj.hr\/trgovina\/"},{"@type":"ListItem","position":3,"name":"L\u00e4ssig Pribor za jelo sa silikonskom dr\u0161kom, 3 dijela Happy Fruits Lemon"}]},{"@type":"WebSite","@id":"https:\/\/najnaj.eu\/fr\/#website","url":"https:\/\/najnaj.eu\/fr\/","name":"NajNaj.eu","description":"Za najva\u017enije!","potentialAction":[{"@type":"SearchAction","target":{"@type":"EntryPoint","urlTemplate":"https:\/\/najnaj.eu\/fr\/?s={search_term_string}"},"query-input":{"@type":"PropertyValueSpecification","valueRequired":true,"valueName":"search_term_string"}}],"inLanguage":"fr-FR"}]},"product_brand":"L\u00e4ssig","product_price_amount":"18.95","product_price_currency":"EUR","og_availability":"instock","product_availability":"instock","product_retailer_item_id":"13100104008","product_condition":"new"},"_links":{"self":[{"href":"https:\/\/najnaj.eu\/fr\/wp-json\/wp\/v2\/product\/266007","targetHints":{"allow":["GET"]}}],"collection":[{"href":"https:\/\/najnaj.eu\/fr\/wp-json\/wp\/v2\/product"}],"about":[{"href":"https:\/\/najnaj.eu\/fr\/wp-json\/wp\/v2\/types\/product"}],"replies":[{"embeddable":true,"href":"https:\/\/najnaj.eu\/fr\/wp-json\/wp\/v2\/comments?post=266007"}],"version-history":[{"count":0,"href":"https:\/\/najnaj.eu\/fr\/wp-json\/wp\/v2\/product\/266007\/revisions"}],"wp:featuredmedia":[{"embeddable":true,"href":"https:\/\/najnaj.eu\/fr\/wp-json\/wp\/v2\/media\/266008"}],"wp:attachment":[{"href":"https:\/\/najnaj.eu\/fr\/wp-json\/wp\/v2\/media?parent=266007"}],"wp:term":[{"taxonomy":"product_brand","embeddable":true,"href":"https:\/\/najnaj.eu\/fr\/wp-json\/wp\/v2\/product_brand?post=266007"},{"taxonomy":"product_cat","embeddable":true,"href":"https:\/\/najnaj.eu\/fr\/wp-json\/wp\/v2\/product_cat?post=266007"},{"taxonomy":"product_tag","embeddable":true,"href":"https:\/\/najnaj.eu\/fr\/wp-json\/wp\/v2\/product_tag?post=266007"}],"curies":[{"name":"wp","href":"https:\/\/api.w.org\/{rel}","templated":true}]}}