{"id":265858,"date":"2025-07-31T09:42:16","date_gmt":"2025-07-31T07:42:16","guid":{"rendered":"https:\/\/najnaj.eu\/?post_type=product&#038;p=265858"},"modified":"2026-02-03T20:38:57","modified_gmt":"2026-02-03T19:38:57","slug":"lassig-tetra-pelena-l-happy-rascals-sky-blue-3-kom-80-x-80-cm","status":"publish","type":"product","link":"https:\/\/najnaj.eu\/fr\/proizvod\/lassig-tetra-pelena-l-happy-rascals-sky-blue-3-kom-80-x-80-cm\/","title":{"rendered":"L\u00e4ssig Tetra pelena L Happy Rascals sky blue 3 kom, 80 x 80 cm"},"content":{"rendered":"<p>Mali nesta\u0161ci s velikim snovima! Najmanji me\u0111u nama \u010desto donose najve\u0107u radost. Happy Rascals prate najljep\u0161e trenutke, unose dobro raspolo\u017eenje i istovremeno prenose va\u017enu poruku \u2013 za budu\u0107nost ispunjenu ljubavlju, mirom i nadom.<\/p>\n<p>Ova vi\u0161enamjenska tetra pelena (80 x 80 cm) iz L\u00c4SSIG kolekcije Happy Rascals izra\u0111ena je od 70% bambusovih viskoznih vlakana i 30% pamuka. Prozra\u010dna je, jednostavna za odr\u017eavanje i mo\u017ee se koristiti kao dekica za utjehu ili krpica za podrigivanje, kao podloga za previjanje ili lagana dekica.<\/p>\n<p>Tetra pelene imaju prijateljski i veseli tiskani motiv te dolaze u pakiranju od tri komada u razli\u010ditim kombinacijama boja. Posebno su mekane i nje\u017ene prema bebinoj ko\u017ei, perive su na 40\u00b0 i postaju jo\u0161 mek\u0161e nakon svakog pranja. Sadr\u017eaj viskoze izuzetno je ugodan za ko\u017eu. Pravi svestrani proizvod u slu\u017ebi novoro\u0111en\u010dadi i njihovih roditelja.<\/p>\n","protected":false},"excerpt":{"rendered":"<p>Vi\u0161enamjenska tetra pelena od muslina iz kolekcije L\u00c4SSIG Happy Rascals izra\u0111ena je od bambusovih viskoznih vlakana i pamuka. Prethodno je oprana, prozra\u010dna i jednostavna za odr\u017eavanje, mo\u017ee se koristiti kao dekica za utjehu ili krpica za podrigivanje, kao podloga za previjanje ili lagana dekica.<\/p>\n","protected":false},"featured_media":265859,"comment_status":"closed","ping_status":"closed","template":"","meta":{"_acf_changed":false,"footnotes":""},"product_brand":[],"product_cat":[577,624],"product_tag":[],"class_list":{"0":"post-265858","1":"product","2":"type-product","3":"status-publish","4":"has-post-thumbnail","6":"product_cat-hranjenje","7":"product_cat-tetra-pelene","8":"pa_boja-bijela","9":"pa_boja-plava","10":"pa_brand-lassig","12":"first","13":"instock","14":"shipping-taxable","15":"purchasable","16":"product-type-simple"},"bundled_by":[],"bundle_stock_status":"instock","bundle_stock_quantity":15,"bundle_virtual":false,"bundle_layout":"","bundle_add_to_cart_form_location":"","bundle_editable_in_cart":false,"bundle_sold_individually_context":"","bundle_item_grouping":"","bundle_min_size":"","bundle_max_size":"","bundle_price":[],"bundled_items":[],"bundle_sell_ids":[],"acf":[],"yoast_head":"<!-- This site is optimized with the Yoast SEO Premium plugin v21.5 (Yoast SEO v27.4) - https:\/\/yoast.com\/product\/yoast-seo-premium-wordpress\/ -->\n<title>L\u00e4ssig Tetra pelena L Happy Rascals sky blue 3 kom, 80 x 80 cm - NajNaj.eu<\/title>\n<meta name=\"robots\" content=\"index, follow, max-snippet:-1, max-image-preview:large, max-video-preview:-1\" \/>\n<link rel=\"canonical\" href=\"https:\/\/najnaj.eu\/fr\/proizvod\/lassig-tetra-pelena-l-happy-rascals-sky-blue-3-kom-80-x-80-cm\/\" \/>\n<meta property=\"og:locale\" content=\"fr_FR\" \/>\n<meta property=\"og:type\" content=\"article\" \/>\n<meta property=\"og:title\" content=\"L\u00e4ssig Tetra pelena L Happy Rascals sky blue 3 kom, 80 x 80 cm\" \/>\n<meta property=\"og:description\" content=\"Vi\u0161enamjenska tetra pelena od muslina iz kolekcije L\u00c4SSIG Happy Rascals izra\u0111ena je od bambusovih viskoznih vlakana i pamuka. Prethodno je oprana, prozra\u010dna i jednostavna za odr\u017eavanje, mo\u017ee se koristiti kao dekica za utjehu ili krpica za podrigivanje, kao podloga za previjanje ili lagana dekica.\" \/>\n<meta property=\"og:url\" content=\"https:\/\/najnaj.eu\/fr\/proizvod\/lassig-tetra-pelena-l-happy-rascals-sky-blue-3-kom-80-x-80-cm\/\" \/>\n<meta property=\"og:site_name\" content=\"NajNaj.eu\" \/>\n<meta property=\"article:publisher\" content=\"https:\/\/web.facebook.com\/najnaj.eu\/\" \/>\n<meta property=\"article:modified_time\" content=\"2026-02-03T19:38:57+00:00\" \/>\n<meta property=\"og:image\" content=\"https:\/\/najnaj.eu\/wp-content\/uploads\/2025\/07\/KID_F23_1312001340_P_3.jpg\" \/>\n\t<meta property=\"og:image:width\" content=\"1999\" \/>\n\t<meta property=\"og:image:height\" content=\"2000\" \/>\n\t<meta property=\"og:image:type\" content=\"image\/jpeg\" \/>\n<meta name=\"twitter:card\" content=\"summary_large_image\" \/>\n<meta name=\"twitter:label1\" content=\"Prix\" \/>\n\t<meta name=\"twitter:data1\" content=\"26,95&nbsp;&euro;\" \/>\n\t<meta name=\"twitter:label2\" content=\"Disponibilit\u00e9\" \/>\n\t<meta name=\"twitter:data2\" content=\"En stock\" \/>\n<script type=\"application\/ld+json\" class=\"yoast-schema-graph\">{\"@context\":\"https:\\\/\\\/schema.org\",\"@graph\":[{\"@type\":\"WebPage\",\"@id\":\"https:\\\/\\\/najnaj.eu\\\/fr\\\/proizvod\\\/lassig-tetra-pelena-l-happy-rascals-sky-blue-3-kom-80-x-80-cm\\\/\",\"url\":\"https:\\\/\\\/najnaj.eu\\\/fr\\\/proizvod\\\/lassig-tetra-pelena-l-happy-rascals-sky-blue-3-kom-80-x-80-cm\\\/\",\"name\":\"L\u00e4ssig Tetra pelena L Happy Rascals sky blue 3 kom, 80 x 80 cm - NajNaj.eu\",\"isPartOf\":{\"@id\":\"https:\\\/\\\/najnaj.eu\\\/fr\\\/#website\"},\"primaryImageOfPage\":{\"@id\":\"https:\\\/\\\/najnaj.eu\\\/fr\\\/proizvod\\\/lassig-tetra-pelena-l-happy-rascals-sky-blue-3-kom-80-x-80-cm\\\/#primaryimage\"},\"image\":{\"@id\":\"https:\\\/\\\/najnaj.eu\\\/fr\\\/proizvod\\\/lassig-tetra-pelena-l-happy-rascals-sky-blue-3-kom-80-x-80-cm\\\/#primaryimage\"},\"thumbnailUrl\":\"https:\\\/\\\/najnaj.eu\\\/wp-content\\\/uploads\\\/2025\\\/07\\\/KID_F23_1312001340_P_3.jpg\",\"datePublished\":\"2025-07-31T07:42:16+00:00\",\"dateModified\":\"2026-02-03T19:38:57+00:00\",\"breadcrumb\":{\"@id\":\"https:\\\/\\\/najnaj.eu\\\/fr\\\/proizvod\\\/lassig-tetra-pelena-l-happy-rascals-sky-blue-3-kom-80-x-80-cm\\\/#breadcrumb\"},\"inLanguage\":\"fr-FR\",\"potentialAction\":[{\"@type\":\"ReadAction\",\"target\":[\"https:\\\/\\\/najnaj.eu\\\/fr\\\/proizvod\\\/lassig-tetra-pelena-l-happy-rascals-sky-blue-3-kom-80-x-80-cm\\\/\"]}]},{\"@type\":\"ImageObject\",\"inLanguage\":\"fr-FR\",\"@id\":\"https:\\\/\\\/najnaj.eu\\\/fr\\\/proizvod\\\/lassig-tetra-pelena-l-happy-rascals-sky-blue-3-kom-80-x-80-cm\\\/#primaryimage\",\"url\":\"https:\\\/\\\/najnaj.eu\\\/wp-content\\\/uploads\\\/2025\\\/07\\\/KID_F23_1312001340_P_3.jpg\",\"contentUrl\":\"https:\\\/\\\/najnaj.eu\\\/wp-content\\\/uploads\\\/2025\\\/07\\\/KID_F23_1312001340_P_3.jpg\",\"width\":1999,\"height\":2000},{\"@type\":\"BreadcrumbList\",\"@id\":\"https:\\\/\\\/najnaj.eu\\\/fr\\\/proizvod\\\/lassig-tetra-pelena-l-happy-rascals-sky-blue-3-kom-80-x-80-cm\\\/#breadcrumb\",\"itemListElement\":[{\"@type\":\"ListItem\",\"position\":1,\"name\":\"Po\u010detna stranica\",\"item\":\"https:\\\/\\\/najnaj.eu\\\/fr\\\/\"},{\"@type\":\"ListItem\",\"position\":2,\"name\":\"Trgovina\",\"item\":\"https:\\\/\\\/najnaj.hr\\\/trgovina\\\/\"},{\"@type\":\"ListItem\",\"position\":3,\"name\":\"L\u00e4ssig Tetra pelena L Happy Rascals sky blue 3 kom, 80 x 80 cm\"}]},{\"@type\":\"WebSite\",\"@id\":\"https:\\\/\\\/najnaj.eu\\\/fr\\\/#website\",\"url\":\"https:\\\/\\\/najnaj.eu\\\/fr\\\/\",\"name\":\"NajNaj.eu\",\"description\":\"Za najva\u017enije!\",\"potentialAction\":[{\"@type\":\"SearchAction\",\"target\":{\"@type\":\"EntryPoint\",\"urlTemplate\":\"https:\\\/\\\/najnaj.eu\\\/fr\\\/?s={search_term_string}\"},\"query-input\":{\"@type\":\"PropertyValueSpecification\",\"valueRequired\":true,\"valueName\":\"search_term_string\"}}],\"inLanguage\":\"fr-FR\"}]}<\/script>\n<meta property=\"product:brand\" content=\"L\u00e4ssig\" \/>\n<meta property=\"product:price:amount\" content=\"26.95\" \/>\n<meta property=\"product:price:currency\" content=\"EUR\" \/>\n<meta property=\"og:availability\" content=\"instock\" \/>\n<meta property=\"product:availability\" content=\"instock\" \/>\n<meta property=\"product:retailer_item_id\" content=\"1312001340\" \/>\n<meta property=\"product:condition\" content=\"new\" \/>\n<!-- \/ Yoast SEO Premium plugin. -->","yoast_head_json":{"title":"L\u00e4ssig Tetra pelena L Happy Rascals sky blue 3 kom, 80 x 80 cm - NajNaj.eu","robots":{"index":"index","follow":"follow","max-snippet":"max-snippet:-1","max-image-preview":"max-image-preview:large","max-video-preview":"max-video-preview:-1"},"canonical":"https:\/\/najnaj.eu\/fr\/proizvod\/lassig-tetra-pelena-l-happy-rascals-sky-blue-3-kom-80-x-80-cm\/","og_locale":"fr_FR","og_type":"article","og_title":"L\u00e4ssig Tetra pelena L Happy Rascals sky blue 3 kom, 80 x 80 cm","og_description":"Vi\u0161enamjenska tetra pelena od muslina iz kolekcije L\u00c4SSIG Happy Rascals izra\u0111ena je od bambusovih viskoznih vlakana i pamuka. Prethodno je oprana, prozra\u010dna i jednostavna za odr\u017eavanje, mo\u017ee se koristiti kao dekica za utjehu ili krpica za podrigivanje, kao podloga za previjanje ili lagana dekica.","og_url":"https:\/\/najnaj.eu\/fr\/proizvod\/lassig-tetra-pelena-l-happy-rascals-sky-blue-3-kom-80-x-80-cm\/","og_site_name":"NajNaj.eu","article_publisher":"https:\/\/web.facebook.com\/najnaj.eu\/","article_modified_time":"2026-02-03T19:38:57+00:00","og_image":[{"width":1999,"height":2000,"url":"https:\/\/najnaj.eu\/wp-content\/uploads\/2025\/07\/KID_F23_1312001340_P_3.jpg","type":"image\/jpeg"}],"twitter_card":"summary_large_image","twitter_misc":{"Prix":"26,95&nbsp;&euro;","Disponibilit\u00e9":"En stock"},"schema":{"@context":"https:\/\/schema.org","@graph":[{"@type":"WebPage","@id":"https:\/\/najnaj.eu\/fr\/proizvod\/lassig-tetra-pelena-l-happy-rascals-sky-blue-3-kom-80-x-80-cm\/","url":"https:\/\/najnaj.eu\/fr\/proizvod\/lassig-tetra-pelena-l-happy-rascals-sky-blue-3-kom-80-x-80-cm\/","name":"L\u00e4ssig Tetra pelena L Happy Rascals sky blue 3 kom, 80 x 80 cm - NajNaj.eu","isPartOf":{"@id":"https:\/\/najnaj.eu\/fr\/#website"},"primaryImageOfPage":{"@id":"https:\/\/najnaj.eu\/fr\/proizvod\/lassig-tetra-pelena-l-happy-rascals-sky-blue-3-kom-80-x-80-cm\/#primaryimage"},"image":{"@id":"https:\/\/najnaj.eu\/fr\/proizvod\/lassig-tetra-pelena-l-happy-rascals-sky-blue-3-kom-80-x-80-cm\/#primaryimage"},"thumbnailUrl":"https:\/\/najnaj.eu\/wp-content\/uploads\/2025\/07\/KID_F23_1312001340_P_3.jpg","datePublished":"2025-07-31T07:42:16+00:00","dateModified":"2026-02-03T19:38:57+00:00","breadcrumb":{"@id":"https:\/\/najnaj.eu\/fr\/proizvod\/lassig-tetra-pelena-l-happy-rascals-sky-blue-3-kom-80-x-80-cm\/#breadcrumb"},"inLanguage":"fr-FR","potentialAction":[{"@type":"ReadAction","target":["https:\/\/najnaj.eu\/fr\/proizvod\/lassig-tetra-pelena-l-happy-rascals-sky-blue-3-kom-80-x-80-cm\/"]}]},{"@type":"ImageObject","inLanguage":"fr-FR","@id":"https:\/\/najnaj.eu\/fr\/proizvod\/lassig-tetra-pelena-l-happy-rascals-sky-blue-3-kom-80-x-80-cm\/#primaryimage","url":"https:\/\/najnaj.eu\/wp-content\/uploads\/2025\/07\/KID_F23_1312001340_P_3.jpg","contentUrl":"https:\/\/najnaj.eu\/wp-content\/uploads\/2025\/07\/KID_F23_1312001340_P_3.jpg","width":1999,"height":2000},{"@type":"BreadcrumbList","@id":"https:\/\/najnaj.eu\/fr\/proizvod\/lassig-tetra-pelena-l-happy-rascals-sky-blue-3-kom-80-x-80-cm\/#breadcrumb","itemListElement":[{"@type":"ListItem","position":1,"name":"Po\u010detna stranica","item":"https:\/\/najnaj.eu\/fr\/"},{"@type":"ListItem","position":2,"name":"Trgovina","item":"https:\/\/najnaj.hr\/trgovina\/"},{"@type":"ListItem","position":3,"name":"L\u00e4ssig Tetra pelena L Happy Rascals sky blue 3 kom, 80 x 80 cm"}]},{"@type":"WebSite","@id":"https:\/\/najnaj.eu\/fr\/#website","url":"https:\/\/najnaj.eu\/fr\/","name":"NajNaj.eu","description":"Za najva\u017enije!","potentialAction":[{"@type":"SearchAction","target":{"@type":"EntryPoint","urlTemplate":"https:\/\/najnaj.eu\/fr\/?s={search_term_string}"},"query-input":{"@type":"PropertyValueSpecification","valueRequired":true,"valueName":"search_term_string"}}],"inLanguage":"fr-FR"}]},"product_brand":"L\u00e4ssig","product_price_amount":"26.95","product_price_currency":"EUR","og_availability":"instock","product_availability":"instock","product_retailer_item_id":"1312001340","product_condition":"new"},"_links":{"self":[{"href":"https:\/\/najnaj.eu\/fr\/wp-json\/wp\/v2\/product\/265858","targetHints":{"allow":["GET"]}}],"collection":[{"href":"https:\/\/najnaj.eu\/fr\/wp-json\/wp\/v2\/product"}],"about":[{"href":"https:\/\/najnaj.eu\/fr\/wp-json\/wp\/v2\/types\/product"}],"replies":[{"embeddable":true,"href":"https:\/\/najnaj.eu\/fr\/wp-json\/wp\/v2\/comments?post=265858"}],"version-history":[{"count":0,"href":"https:\/\/najnaj.eu\/fr\/wp-json\/wp\/v2\/product\/265858\/revisions"}],"wp:featuredmedia":[{"embeddable":true,"href":"https:\/\/najnaj.eu\/fr\/wp-json\/wp\/v2\/media\/265859"}],"wp:attachment":[{"href":"https:\/\/najnaj.eu\/fr\/wp-json\/wp\/v2\/media?parent=265858"}],"wp:term":[{"taxonomy":"product_brand","embeddable":true,"href":"https:\/\/najnaj.eu\/fr\/wp-json\/wp\/v2\/product_brand?post=265858"},{"taxonomy":"product_cat","embeddable":true,"href":"https:\/\/najnaj.eu\/fr\/wp-json\/wp\/v2\/product_cat?post=265858"},{"taxonomy":"product_tag","embeddable":true,"href":"https:\/\/najnaj.eu\/fr\/wp-json\/wp\/v2\/product_tag?post=265858"}],"curies":[{"name":"wp","href":"https:\/\/api.w.org\/{rel}","templated":true}]}}