{"id":265388,"date":"2025-07-29T08:27:36","date_gmt":"2025-07-29T06:27:36","guid":{"rendered":"https:\/\/najnaj.eu\/?post_type=product&#038;p=265388"},"modified":"2026-04-10T12:20:09","modified_gmt":"2026-04-10T10:20:09","slug":"icandy-pip-kompaktna-kolica-latte","status":"publish","type":"product","link":"https:\/\/najnaj.eu\/fr\/proizvod\/icandy-pip-kompaktna-kolica-latte\/","title":{"rendered":"iCandy PIP kompaktna kolica, Latte"},"content":{"rendered":"<h4><b>iCandy PIP \u2013 Minimalna te\u017eina, maksimalna sloboda<\/b><\/h4>\n<p><span style=\"font-weight: 400;\">Biti roditelj ne zna\u010di odustati od slobode \u2013 ba\u0161 naprotiv! Dana\u0161nji roditelji sve vi\u0161e tra\u017ee proizvode koji im omogu\u0107uju mobilnost, funkcionalnost i stil bez kompromisa. iCandy PIP kolica dizajnirana su upravo s tom filozofijom \u2013 kako biste svakodnevne avanture sa svojim djetetom pro\u0161li lak\u0161e, br\u017ee i s osmijehom.<\/span><\/p>\n<h4><b>Lagana kolica, velike mogu\u0107nosti<\/b><\/h4>\n<p><span style=\"font-weight: 400;\">Zahvaljuju\u0107i ultra-laganoj konstrukciji i te\u017eini od samo 7 kilograma, iCandy PIP kolica lako se podi\u017eu, nose, sklapaju i spremaju. Bez trzaja, bez napora. Bilo da ih unosite u tramvaj, automobil, avion ili nosite postepenicama, njihova te\u017eina ne optere\u0107uje, a no\u0161enje je olak\u0161ano radi prakti\u010dne ru\u010dke za no\u0161eje i uklju\u010dene torbe za no\u0161enje kolica.<\/span><span style=\"font-weight: 400;\"><br \/>\n<\/span><\/p>\n<ul>\n<li><span style=\"font-weight: 400;\">te\u017eine samo 7 kg<\/span><\/li>\n<li><span style=\"font-weight: 400;\">jednostavno sklapanje jednom rukom \u2013 bez kompliciranja<\/span><\/li>\n<li><span style=\"font-weight: 400;\">kompaktne dimenzije \u2013 stanu u prtlja\u017enik, ormar ili kao ru\u010dna prtljaga u avion<\/span><\/li>\n<li><span style=\"font-weight: 400;\">odobrena za ru\u010dnu prtljagu u avionu prema IATA standardima (preporu\u010duje se provjeriti s aviokompanijom prije putovanja) \u2013 idealno za obitelji koje putuju!<\/span><\/li>\n<\/ul>\n<h4><b>Od prvog dana do zadnje vo\u017enje<\/b><\/h4>\n<p><span style=\"font-weight: 400;\">Uz udobnost od ro\u0111enja do \u010dak 25 kg, iCandy PIP idealan je suputnik na svim putovanjima u kojem \u0107e dijete u\u017eivati radi sljede\u0107eg:<\/span><\/p>\n<ul>\n<li style=\"font-weight: 400;\"><span style=\"font-weight: 400;\">naslon s le\u017ee\u0107im polo\u017eajem \u2013 idealno od ro\u0111enja<\/span><\/li>\n<li style=\"font-weight: 400;\"><span style=\"font-weight: 400;\">neograni\u010deni broj ne\u010dujnih nagiba naslona<\/span><\/li>\n<li style=\"font-weight: 400;\"><span style=\"font-weight: 400;\">podesivi oslonac za noge<\/span><\/li>\n<li style=\"font-weight: 400;\"><span style=\"font-weight: 400;\">nosivost do \u010dak 25 kg \u2013 pogodno i za ve\u0107e mali\u0161ane koji se jo\u0161 vole voziti<\/span><\/li>\n<li style=\"font-weight: 400;\"><span style=\"font-weight: 400;\">prostrano sjedi\u0161te s izrazito udobnom tkaninom i sigurnosnim pojasom u pet to\u010daka<\/span><\/li>\n<\/ul>\n<p><span style=\"font-weight: 400;\">Podesivi naslon ima neograni\u010deni broj polo\u017eaja nagiba koji su ne\u010dujni, bez zvukova koji \u0107e probuditi dijete dok ga spu\u0161tate jer je zaspalo tijekom vo\u017eenje \u2013 jer znamo koliko dragocjeni mogu biti trenuci odmora.<\/span><\/p>\n<h4><b>Stilski dizajnirana. Bez premca u pogledu prakti\u010dnosti.<\/b><\/h4>\n<p><span style=\"font-weight: 400;\">Kolica nisu samo prijevozno sredstvo za dijete \u2013 ona su suputnik u svakodnevnim obiteljskim avanturama. iCandy razumije tu filozofiju radi \u010dega su iCandy PIP kolica prije svega prakti\u010dna za kori\u0161tenje:<\/span><\/p>\n<ul>\n<li style=\"font-weight: 400;\"><span style=\"font-weight: 400;\">sklapanje jednom rukom \u2013 druga ruka slobodna za dijete ili kavu<\/span><\/li>\n<li style=\"font-weight: 400;\"><span style=\"font-weight: 400;\">pode\u0161avanje naslona jednom rukom<\/span><\/li>\n<li style=\"font-weight: 400;\"><span style=\"font-weight: 400;\">stabilnost sklopljenih kolica uz prakti\u010dnu integriranu ru\u010dku za no\u0161enje<\/span><\/li>\n<li style=\"font-weight: 400;\"><span style=\"font-weight: 400;\">prakti\u010dan d\u017eep za mobitel ili nov\u010danik sa stra\u017enje strane sjedala<\/span><\/li>\n<li style=\"font-weight: 400;\"><span style=\"font-weight: 400;\">obostrana podloga za sjedenje &#8211; za promjenu izgleda i lak\u0161e \u010di\u0161\u0107enje<\/span><\/li>\n<li style=\"font-weight: 400;\"><span style=\"font-weight: 400;\">prostrana donja shopping ko\u0161ara nosivosti \u010dak do 10 kg<\/span><\/li>\n<\/ul>\n<p><span style=\"font-weight: 400;\">Zahvaljuju\u0107i aluminijskom okviru, kolica su \u010dvrsta i lagana, a tkanine udobne i meke na dodir, izdr\u017eljive i lako se odr\u017eavaju. Svi klju\u010dni dijelovi \u2013 poput podloge i za\u0161titne pre\u010dke \u2013 perivi su ili se jednostavno bri\u0161u.<\/span><\/p>\n<h4><b>Spremna za sve vremenske (i \u017eivotne) uvjete<\/b><\/h4>\n<p><span style=\"font-weight: 400;\">S vremenom se ne mo\u017ee pregovarati \u2013 ali uz iCandy PIP, spremni ste na sve. U svakom trenutku.<\/span><\/p>\n<p><b>Ki\u0161na navlaka \u2013 suho i sigurno u svakoj kapljici.<\/b><\/p>\n<p><span style=\"font-weight: 400;\">Ne dozvolite da vam vrijeme diktira planove! Prozirna ki\u0161na navlaka \u0161titi va\u0161e dijete od ki\u0161e, vjetra i snijega, dok mu omogu\u0107uje jasan pogled na svijet. Brzo se postavlja i jednako lako skida, savr\u0161ena za iznenadne pljuskove i \u0161etnje bez stresa. Kompaktno se sklapa \u2013 uvijek spremna kad zatreba.<\/span><\/p>\n<p><b>Produljivi krovi\u0107 s UPF 50+ za\u0161titom \u2013 sigurna sjena na svakom koraku.<\/b><\/p>\n<p><span style=\"font-weight: 400;\">Prepustite se suncu bez brige \u2013 produljivi krovi\u0107 s UPF 50+ za\u0161titom pru\u017ea iznimnu obranu od \u0161tetnih UV zraka, \u0161tite\u0107i osjetljivu dje\u010dju ko\u017eu. Elegantan dizajn s dodatnim preklopnim dijelom osigurava ve\u0107u pokrivenost i privatnost. Idealno za tople, sun\u010dane dane \u2013 bilo u gradu, na pla\u017ei ili u parku.<\/span><\/p>\n<p><b>Mre\u017easti otvor na krovi\u0107u \u2013 svje\u017eina u pokretu.<\/b><\/p>\n<p><span style=\"font-weight: 400;\">Pametno dizajnirani mre\u017easti otvor na krovi\u0107u omogu\u0107uje optimalnu cirkulaciju zraka, \u010dine\u0107i \u0161etnje ugodnijima \u2013 posebno tijekom toplijih mjeseci. Tako\u0111er vam omogu\u0107uje da diskretno pogledate bebu bez prekidanja sna. Svje\u017eina i nadzor \u2013 sve u jednom prakti\u010dnom detalju.<\/span><\/p>\n<p><b>Torba za no\u0161enje kolica \u2013 lako, uredno, uvijek spremno.<\/b><\/p>\n<p><span style=\"font-weight: 400;\">Putujte bez komplikacija! Prakti\u010dna torba za no\u0161enje kolica omogu\u0107uje jednostavno spremanje i preno\u0161enje sklopljenih kolica \u2013 savr\u0161eno za putovanja, prtlja\u017enike ili spremanje kod ku\u0107e. Izra\u0111ena od \u010dvrstog, otpornog materijala, \u0161titi kolica od ogrebotina i prljav\u0161tine \u2013 jer stil i \u010disto\u0107a idu ruku pod ruku.<\/span><\/p>\n<p><b>Amortizacija kota\u010da \u2013 Glatka, stabilna vo\u017enja na svakom terenu<\/b><\/p>\n<p><span style=\"font-weight: 400;\">Od gradskog plo\u010dnika do neravnih terena, sustav amortizacije na svim kota\u010dima omogu\u0107uje tihu, glatku i udobnu vo\u017enju \u2013 i za dijete i za roditelja. Kota\u010di od PU pjene otporni su na bu\u0161enje, a pru\u017eaju iznimno prianjanje i dugotrajnost &#8211; u\u017eivajte u \u0161etnji bez brige, gdje god se nalazili. Prednji i stra\u017enji kota\u010di mogu se zaklju\u010dati, \u0161to omogu\u0107uje ve\u0107u stabilnost na neravnim terenima\u00a0 ili prilikom klasi\u010dne ravne vo\u017enje \u2013 idealno za du\u017ee \u0161etnje ili pak vo\u017enju uzbrdo.<\/span><\/p>\n<p><span style=\"font-weight: 400;\">Lagano aluminijsko podvozje osigurava \u010dvrstu i sigurnu konstrukciju, uz zadr\u017eavanje pokretljivosti i elegancije. Za potpunu udobnost roditelja, <\/span>ko\u010dnica je dizajnirana tako da se lako koristi i u ljetnoj obu\u0107i (flip-flop friendly).<\/p>\n<h4><b>Sve \u0161to vam treba i odmah spremno \u2013 u jednoj kutiji<\/b><\/h4>\n<p><span style=\"font-weight: 400;\">iCandy PIP kolica dolaze odmah spremna za kori\u0161tenje, bez potrebe za sastavljanjem. U kutiji se nalazi:<\/span><\/p>\n<ul>\n<li style=\"font-weight: 400;\"><span style=\"font-weight: 400;\">kolica<\/span><\/li>\n<li style=\"font-weight: 400;\"><span style=\"font-weight: 400;\">za\u0161titna prednja ru\u010dka<\/span><\/li>\n<li style=\"font-weight: 400;\"><span style=\"font-weight: 400;\">ki\u0161na navlaka<\/span><\/li>\n<li style=\"font-weight: 400;\"><span style=\"font-weight: 400;\">torba za preno\u0161enje i spremanje kolica<\/span><\/li>\n<\/ul>\n<h4><b>Dodatna oprema za sve sezone<\/b><\/h4>\n<p><span style=\"font-weight: 400;\">Pro\u0161irite funkcionalnost svojih iCandy PIP kolica originalnom <a href=\"https:\/\/najnaj.eu\/kategorija-proizvoda\/djecja-kolica\/dodaci-za-kolica\/?brand=icandy&amp;Model=icandy-pip\" target=\"_blank\" rel=\"noopener\"><strong>dodatnom opremom<\/strong><\/a> koja se kupuje zasebno, poput prakti\u010dne <\/span><a href=\"https:\/\/najnaj.eu\/proizvod\/icandy-pip-stezaljka-za-suncobran-drzac-za-bocicu\/\" target=\"_blank\" rel=\"noopener\"><span style=\"font-weight: 400;\">stezaljke za suncobran\/dr\u017ea\u010da za bo\u010dicu<\/span><\/a><span style=\"font-weight: 400;\">, <\/span><a href=\"https:\/\/najnaj.eu\/proizvod\/icandy-pip-2u1-sjenilo-za-sunce-i-mrezica-protiv-komaraca\/\" target=\"_blank\" rel=\"noopener\"><span style=\"font-weight: 400;\">sjenila za sunce\/mre\u017eice za komarce<\/span><\/a><span style=\"font-weight: 400;\"> i <\/span><a href=\"https:\/\/najnaj.eu\/proizvod\/icandy-pip-adapteri-za-autosjedalicu\/\" target=\"_blank\" rel=\"noopener\"><span style=\"font-weight: 400;\">adaptera za autosjedalicu<\/span><\/a><span style=\"font-weight: 400;\">.<\/span><\/p>\n<h4><strong>iCandy Pip su kolica za roditelje koji \u017eele vi\u0161e \u2013 vi\u0161e udobnosti, vi\u0161e stila, vi\u0161e fleksibilnosti, vi\u0161e mogu\u0107nosti. Savr\u0161ena za grad, savr\u0161ena za putovanja, savr\u0161ena za \u017eivot.<\/strong><\/h4>\n<p><i><span style=\"font-weight: 400;\">Saznajte sve o iCandy PIP kolicima <a href=\"https:\/\/najnaj.eu\/icandy-pip-kompaktna-kolica-bez-kompromisa\/\">OVDJE<\/a>.<\/span><\/i><\/p>\n","protected":false},"excerpt":{"rendered":"<p><b>Elegantna. Prakti\u010dna. Funkcionalna. Spremna za svaku avanturu!<\/b><\/p>\n<p>iCandy PIP su ultrakompaktna, izuzetno lagana kolica te\u017eine samo 7 kg, dizajnirana za urbani stil \u017eivota i putovanja bez stresa. Idealna od ro\u0111enja do \u010dak 25 kg, pru\u017eaju iznimno glatku vo\u017enju i dolaze s 5 godina garancije!<\/p>\n<p><b>Uz jednostavno sklapanje jednom rukom, automatsko zaklju\u010davanje i izuzetno prostrani sjede\u0107i dio, dolaze u paketu s odli\u010dnim kompletom dodataka:<\/b><\/p>\n<ul>\n<li style=\"font-weight: 400;\"><span style=\"font-weight: 400;\">Prednja za\u0161titna ru\u010dka<\/span><\/li>\n<li style=\"font-weight: 400;\"><span style=\"font-weight: 400;\">Torba za no\u0161enje i putovanja<\/span><\/li>\n<li style=\"font-weight: 400;\"><span style=\"font-weight: 400;\">Obostrana podloga za sjedenje<\/span><\/li>\n<li style=\"font-weight: 400;\"><span style=\"font-weight: 400;\">Ki\u0161na navlaka<\/span><\/li>\n<\/ul>\n<p><span style=\"font-weight: 400;\">iCandy PIP mo\u017eete nadograditi sjenilom za sunce, dr\u017ea\u010dem za bocu i ostalom dostupnom <\/span><a href=\"https:\/\/najnaj.eu\/kategorija-proizvoda\/djecja-kolica\/dodaci-za-kolica\/?brand=icandy&amp;Model=icandy-pip\" target=\"_blank\" rel=\"noopener\"><span style=\"font-weight: 400;\">dodatnom opremom<\/span><\/a><span style=\"font-weight: 400;\">.<\/span><\/p>\n","protected":false},"featured_media":265389,"comment_status":"closed","ping_status":"closed","template":"","meta":{"_acf_changed":false,"footnotes":""},"product_brand":[],"product_cat":[551,609],"product_tag":[],"class_list":{"0":"post-265388","1":"product","2":"type-product","3":"status-publish","4":"has-post-thumbnail","6":"product_cat-djecja-kolica","7":"product_cat-kompaktna-kolica","8":"pa_boja-bez","9":"pa_brand-icandy","11":"first","12":"instock","13":"shipping-taxable","14":"purchasable","15":"product-type-simple"},"bundled_by":[],"bundle_stock_status":"instock","bundle_stock_quantity":15,"bundle_virtual":false,"bundle_layout":"","bundle_add_to_cart_form_location":"","bundle_editable_in_cart":false,"bundle_sold_individually_context":"","bundle_item_grouping":"","bundle_min_size":"","bundle_max_size":"","bundle_price":[],"bundled_items":[],"bundle_sell_ids":[],"acf":[],"yoast_head":"<!-- This site is optimized with the Yoast SEO Premium plugin v21.5 (Yoast SEO v27.4) - https:\/\/yoast.com\/product\/yoast-seo-premium-wordpress\/ -->\n<title>iCandy PIP kompaktna kolica, Latte - NajNaj.eu<\/title>\n<meta name=\"robots\" content=\"index, follow, max-snippet:-1, max-image-preview:large, max-video-preview:-1\" \/>\n<link rel=\"canonical\" href=\"https:\/\/najnaj.eu\/fr\/proizvod\/icandy-pip-kompaktna-kolica-latte\/\" \/>\n<meta property=\"og:locale\" content=\"fr_FR\" \/>\n<meta property=\"og:type\" content=\"article\" \/>\n<meta property=\"og:title\" content=\"iCandy PIP kompaktna kolica, Latte\" \/>\n<meta property=\"og:description\" content=\"Elegantna. Prakti\u010dna. Funkcionalna. Spremna za svaku avanturu!  iCandy PIP su ultrakompaktna, izuzetno lagana kolica te\u017eine samo 7 kg, dizajnirana za urbani stil \u017eivota i putovanja bez stresa. Idealna od ro\u0111enja do \u010dak 25 kg, pru\u017eaju iznimno glatku vo\u017enju i dolaze s 5 godina garancije!  Uz jednostavno sklapanje jednom rukom, automatsko zaklju\u010davanje i izuzetno prostrani sjede\u0107i dio, dolaze u paketu s odli\u010dnim kompletom dodataka:   Prednja za\u0161titna ru\u010dka  Torba za no\u0161enje i putovanja  Obostrana podloga za sjedenje  Ki\u0161na navlaka  iCandy PIP mo\u017eete nadograditi sjenilom za sunce, dr\u017ea\u010dem za bocu i ostalom dostupnom dodatnom opremom.\" \/>\n<meta property=\"og:url\" content=\"https:\/\/najnaj.eu\/fr\/proizvod\/icandy-pip-kompaktna-kolica-latte\/\" \/>\n<meta property=\"og:site_name\" content=\"NajNaj.eu\" \/>\n<meta property=\"article:publisher\" content=\"https:\/\/web.facebook.com\/najnaj.eu\/\" \/>\n<meta property=\"article:modified_time\" content=\"2026-04-10T10:20:09+00:00\" \/>\n<meta property=\"og:image\" content=\"https:\/\/najnaj.eu\/wp-content\/uploads\/2025\/07\/iCandy_Pip_Latte_Image_1-scaled.jpg\" \/>\n\t<meta property=\"og:image:width\" content=\"2275\" \/>\n\t<meta property=\"og:image:height\" content=\"2560\" \/>\n\t<meta property=\"og:image:type\" content=\"image\/jpeg\" \/>\n<meta name=\"twitter:card\" content=\"summary_large_image\" \/>\n<meta name=\"twitter:label1\" content=\"Prix\" \/>\n\t<meta name=\"twitter:data1\" content=\"499,00&nbsp;&euro;\" \/>\n\t<meta name=\"twitter:label2\" content=\"Disponibilit\u00e9\" \/>\n\t<meta name=\"twitter:data2\" content=\"En stock\" \/>\n<script type=\"application\/ld+json\" class=\"yoast-schema-graph\">{\"@context\":\"https:\\\/\\\/schema.org\",\"@graph\":[{\"@type\":\"WebPage\",\"@id\":\"https:\\\/\\\/najnaj.eu\\\/fr\\\/proizvod\\\/icandy-pip-kompaktna-kolica-latte\\\/\",\"url\":\"https:\\\/\\\/najnaj.eu\\\/fr\\\/proizvod\\\/icandy-pip-kompaktna-kolica-latte\\\/\",\"name\":\"iCandy PIP kompaktna kolica, Latte - NajNaj.eu\",\"isPartOf\":{\"@id\":\"https:\\\/\\\/najnaj.eu\\\/fr\\\/#website\"},\"primaryImageOfPage\":{\"@id\":\"https:\\\/\\\/najnaj.eu\\\/fr\\\/proizvod\\\/icandy-pip-kompaktna-kolica-latte\\\/#primaryimage\"},\"image\":{\"@id\":\"https:\\\/\\\/najnaj.eu\\\/fr\\\/proizvod\\\/icandy-pip-kompaktna-kolica-latte\\\/#primaryimage\"},\"thumbnailUrl\":\"https:\\\/\\\/najnaj.eu\\\/wp-content\\\/uploads\\\/2025\\\/07\\\/iCandy_Pip_Latte_Image_1-scaled.jpg\",\"datePublished\":\"2025-07-29T06:27:36+00:00\",\"dateModified\":\"2026-04-10T10:20:09+00:00\",\"breadcrumb\":{\"@id\":\"https:\\\/\\\/najnaj.eu\\\/fr\\\/proizvod\\\/icandy-pip-kompaktna-kolica-latte\\\/#breadcrumb\"},\"inLanguage\":\"fr-FR\",\"potentialAction\":[{\"@type\":\"ReadAction\",\"target\":[\"https:\\\/\\\/najnaj.eu\\\/fr\\\/proizvod\\\/icandy-pip-kompaktna-kolica-latte\\\/\"]}]},{\"@type\":\"ImageObject\",\"inLanguage\":\"fr-FR\",\"@id\":\"https:\\\/\\\/najnaj.eu\\\/fr\\\/proizvod\\\/icandy-pip-kompaktna-kolica-latte\\\/#primaryimage\",\"url\":\"https:\\\/\\\/najnaj.eu\\\/wp-content\\\/uploads\\\/2025\\\/07\\\/iCandy_Pip_Latte_Image_1-scaled.jpg\",\"contentUrl\":\"https:\\\/\\\/najnaj.eu\\\/wp-content\\\/uploads\\\/2025\\\/07\\\/iCandy_Pip_Latte_Image_1-scaled.jpg\",\"width\":2275,\"height\":2560},{\"@type\":\"BreadcrumbList\",\"@id\":\"https:\\\/\\\/najnaj.eu\\\/fr\\\/proizvod\\\/icandy-pip-kompaktna-kolica-latte\\\/#breadcrumb\",\"itemListElement\":[{\"@type\":\"ListItem\",\"position\":1,\"name\":\"Po\u010detna stranica\",\"item\":\"https:\\\/\\\/najnaj.eu\\\/fr\\\/\"},{\"@type\":\"ListItem\",\"position\":2,\"name\":\"Trgovina\",\"item\":\"https:\\\/\\\/najnaj.hr\\\/trgovina\\\/\"},{\"@type\":\"ListItem\",\"position\":3,\"name\":\"iCandy PIP kompaktna kolica, Latte\"}]},{\"@type\":\"WebSite\",\"@id\":\"https:\\\/\\\/najnaj.eu\\\/fr\\\/#website\",\"url\":\"https:\\\/\\\/najnaj.eu\\\/fr\\\/\",\"name\":\"NajNaj.eu\",\"description\":\"Za najva\u017enije!\",\"potentialAction\":[{\"@type\":\"SearchAction\",\"target\":{\"@type\":\"EntryPoint\",\"urlTemplate\":\"https:\\\/\\\/najnaj.eu\\\/fr\\\/?s={search_term_string}\"},\"query-input\":{\"@type\":\"PropertyValueSpecification\",\"valueRequired\":true,\"valueName\":\"search_term_string\"}}],\"inLanguage\":\"fr-FR\"}]}<\/script>\n<meta property=\"product:brand\" content=\"iCandy\" \/>\n<meta property=\"product:price:amount\" content=\"499.00\" \/>\n<meta property=\"product:price:currency\" content=\"EUR\" \/>\n<meta property=\"og:availability\" content=\"instock\" \/>\n<meta property=\"product:availability\" content=\"instock\" \/>\n<meta property=\"product:retailer_item_id\" content=\"IC3163\" \/>\n<meta property=\"product:condition\" content=\"new\" \/>\n<!-- \/ Yoast SEO Premium plugin. -->","yoast_head_json":{"title":"iCandy PIP kompaktna kolica, Latte - NajNaj.eu","robots":{"index":"index","follow":"follow","max-snippet":"max-snippet:-1","max-image-preview":"max-image-preview:large","max-video-preview":"max-video-preview:-1"},"canonical":"https:\/\/najnaj.eu\/fr\/proizvod\/icandy-pip-kompaktna-kolica-latte\/","og_locale":"fr_FR","og_type":"article","og_title":"iCandy PIP kompaktna kolica, Latte","og_description":"Elegantna. Prakti\u010dna. Funkcionalna. Spremna za svaku avanturu!  iCandy PIP su ultrakompaktna, izuzetno lagana kolica te\u017eine samo 7 kg, dizajnirana za urbani stil \u017eivota i putovanja bez stresa. Idealna od ro\u0111enja do \u010dak 25 kg, pru\u017eaju iznimno glatku vo\u017enju i dolaze s 5 godina garancije!  Uz jednostavno sklapanje jednom rukom, automatsko zaklju\u010davanje i izuzetno prostrani sjede\u0107i dio, dolaze u paketu s odli\u010dnim kompletom dodataka:   Prednja za\u0161titna ru\u010dka  Torba za no\u0161enje i putovanja  Obostrana podloga za sjedenje  Ki\u0161na navlaka  iCandy PIP mo\u017eete nadograditi sjenilom za sunce, dr\u017ea\u010dem za bocu i ostalom dostupnom dodatnom opremom.","og_url":"https:\/\/najnaj.eu\/fr\/proizvod\/icandy-pip-kompaktna-kolica-latte\/","og_site_name":"NajNaj.eu","article_publisher":"https:\/\/web.facebook.com\/najnaj.eu\/","article_modified_time":"2026-04-10T10:20:09+00:00","og_image":[{"width":2275,"height":2560,"url":"https:\/\/najnaj.eu\/wp-content\/uploads\/2025\/07\/iCandy_Pip_Latte_Image_1-scaled.jpg","type":"image\/jpeg"}],"twitter_card":"summary_large_image","twitter_misc":{"Prix":"499,00&nbsp;&euro;","Disponibilit\u00e9":"En stock"},"schema":{"@context":"https:\/\/schema.org","@graph":[{"@type":"WebPage","@id":"https:\/\/najnaj.eu\/fr\/proizvod\/icandy-pip-kompaktna-kolica-latte\/","url":"https:\/\/najnaj.eu\/fr\/proizvod\/icandy-pip-kompaktna-kolica-latte\/","name":"iCandy PIP kompaktna kolica, Latte - NajNaj.eu","isPartOf":{"@id":"https:\/\/najnaj.eu\/fr\/#website"},"primaryImageOfPage":{"@id":"https:\/\/najnaj.eu\/fr\/proizvod\/icandy-pip-kompaktna-kolica-latte\/#primaryimage"},"image":{"@id":"https:\/\/najnaj.eu\/fr\/proizvod\/icandy-pip-kompaktna-kolica-latte\/#primaryimage"},"thumbnailUrl":"https:\/\/najnaj.eu\/wp-content\/uploads\/2025\/07\/iCandy_Pip_Latte_Image_1-scaled.jpg","datePublished":"2025-07-29T06:27:36+00:00","dateModified":"2026-04-10T10:20:09+00:00","breadcrumb":{"@id":"https:\/\/najnaj.eu\/fr\/proizvod\/icandy-pip-kompaktna-kolica-latte\/#breadcrumb"},"inLanguage":"fr-FR","potentialAction":[{"@type":"ReadAction","target":["https:\/\/najnaj.eu\/fr\/proizvod\/icandy-pip-kompaktna-kolica-latte\/"]}]},{"@type":"ImageObject","inLanguage":"fr-FR","@id":"https:\/\/najnaj.eu\/fr\/proizvod\/icandy-pip-kompaktna-kolica-latte\/#primaryimage","url":"https:\/\/najnaj.eu\/wp-content\/uploads\/2025\/07\/iCandy_Pip_Latte_Image_1-scaled.jpg","contentUrl":"https:\/\/najnaj.eu\/wp-content\/uploads\/2025\/07\/iCandy_Pip_Latte_Image_1-scaled.jpg","width":2275,"height":2560},{"@type":"BreadcrumbList","@id":"https:\/\/najnaj.eu\/fr\/proizvod\/icandy-pip-kompaktna-kolica-latte\/#breadcrumb","itemListElement":[{"@type":"ListItem","position":1,"name":"Po\u010detna stranica","item":"https:\/\/najnaj.eu\/fr\/"},{"@type":"ListItem","position":2,"name":"Trgovina","item":"https:\/\/najnaj.hr\/trgovina\/"},{"@type":"ListItem","position":3,"name":"iCandy PIP kompaktna kolica, Latte"}]},{"@type":"WebSite","@id":"https:\/\/najnaj.eu\/fr\/#website","url":"https:\/\/najnaj.eu\/fr\/","name":"NajNaj.eu","description":"Za najva\u017enije!","potentialAction":[{"@type":"SearchAction","target":{"@type":"EntryPoint","urlTemplate":"https:\/\/najnaj.eu\/fr\/?s={search_term_string}"},"query-input":{"@type":"PropertyValueSpecification","valueRequired":true,"valueName":"search_term_string"}}],"inLanguage":"fr-FR"}]},"product_brand":"iCandy","product_price_amount":"499.00","product_price_currency":"EUR","og_availability":"instock","product_availability":"instock","product_retailer_item_id":"IC3163","product_condition":"new"},"_links":{"self":[{"href":"https:\/\/najnaj.eu\/fr\/wp-json\/wp\/v2\/product\/265388","targetHints":{"allow":["GET"]}}],"collection":[{"href":"https:\/\/najnaj.eu\/fr\/wp-json\/wp\/v2\/product"}],"about":[{"href":"https:\/\/najnaj.eu\/fr\/wp-json\/wp\/v2\/types\/product"}],"replies":[{"embeddable":true,"href":"https:\/\/najnaj.eu\/fr\/wp-json\/wp\/v2\/comments?post=265388"}],"version-history":[{"count":0,"href":"https:\/\/najnaj.eu\/fr\/wp-json\/wp\/v2\/product\/265388\/revisions"}],"wp:featuredmedia":[{"embeddable":true,"href":"https:\/\/najnaj.eu\/fr\/wp-json\/wp\/v2\/media\/265389"}],"wp:attachment":[{"href":"https:\/\/najnaj.eu\/fr\/wp-json\/wp\/v2\/media?parent=265388"}],"wp:term":[{"taxonomy":"product_brand","embeddable":true,"href":"https:\/\/najnaj.eu\/fr\/wp-json\/wp\/v2\/product_brand?post=265388"},{"taxonomy":"product_cat","embeddable":true,"href":"https:\/\/najnaj.eu\/fr\/wp-json\/wp\/v2\/product_cat?post=265388"},{"taxonomy":"product_tag","embeddable":true,"href":"https:\/\/najnaj.eu\/fr\/wp-json\/wp\/v2\/product_tag?post=265388"}],"curies":[{"name":"wp","href":"https:\/\/api.w.org\/{rel}","templated":true}]}}