{"id":265286,"date":"2025-07-28T15:01:12","date_gmt":"2025-07-28T13:01:12","guid":{"rendered":"https:\/\/najnaj.eu\/?post_type=product&#038;p=265286"},"modified":"2026-02-03T20:40:12","modified_gmt":"2026-02-03T19:40:12","slug":"icandy-pip-2u1-sjenilo-za-sunce-i-mrezica-protiv-komaraca","status":"publish","type":"product","link":"https:\/\/najnaj.eu\/fr\/proizvod\/icandy-pip-2u1-sjenilo-za-sunce-i-mrezica-protiv-komaraca\/","title":{"rendered":"iCandy PIP 2u1 sjenilo za sunce i mre\u017eica protiv komaraca"},"content":{"rendered":"<p>Napomena: Iako ovaj proizvod pru\u017ea izvrsnu za\u0161titu od sunca, savjetujemo da dijete ne izla\u017eete izravnom suncu i vru\u0107ini, posebno izme\u0111u 11 i 15 sati.<\/p>\n","protected":false},"excerpt":{"rendered":"<p>iCandy PIP sjenilo za sunce i mre\u017eica protiv komaraca kombinira tkaninu i prozra\u010dnu mre\u017eicu za optimalnu za\u0161titu od sunca, nude\u0107i UPF 50+ koji blokira 99 % UV zraka. Mre\u017easti dio omogu\u0107uje ventilaciju, smanjuje odsjaj i \u0161titi od insekata. Dolazi s iCandy torbicom za jednostavno spremanje i preno\u0161enje.<\/p>\n","protected":false},"featured_media":265287,"comment_status":"closed","ping_status":"closed","template":"","meta":{"_acf_changed":false,"footnotes":""},"product_brand":[],"product_cat":[551,552,649],"product_tag":[],"class_list":{"0":"post-265286","1":"product","2":"type-product","3":"status-publish","4":"has-post-thumbnail","6":"product_cat-djecja-kolica","7":"product_cat-dodaci-za-kolica","8":"product_cat-ostalo","9":"pa_brand-icandy","11":"first","12":"instock","13":"shipping-taxable","14":"purchasable","15":"product-type-simple"},"bundled_by":[],"bundle_stock_status":"instock","bundle_stock_quantity":5,"bundle_virtual":false,"bundle_layout":"","bundle_add_to_cart_form_location":"","bundle_editable_in_cart":false,"bundle_sold_individually_context":"","bundle_item_grouping":"","bundle_min_size":"","bundle_max_size":"","bundle_price":[],"bundled_items":[],"bundle_sell_ids":[],"acf":[],"yoast_head":"<!-- This site is optimized with the Yoast SEO Premium plugin v21.5 (Yoast SEO v27.4) - https:\/\/yoast.com\/product\/yoast-seo-premium-wordpress\/ -->\n<title>iCandy PIP 2u1 sjenilo za sunce i mre\u017eica protiv komaraca - NajNaj.eu<\/title>\n<meta name=\"robots\" content=\"index, follow, max-snippet:-1, max-image-preview:large, max-video-preview:-1\" \/>\n<link rel=\"canonical\" href=\"https:\/\/najnaj.eu\/fr\/proizvod\/icandy-pip-2u1-sjenilo-za-sunce-i-mrezica-protiv-komaraca\/\" \/>\n<meta property=\"og:locale\" content=\"fr_FR\" \/>\n<meta property=\"og:type\" content=\"article\" \/>\n<meta property=\"og:title\" content=\"iCandy PIP 2u1 sjenilo za sunce i mre\u017eica protiv komaraca\" \/>\n<meta property=\"og:description\" content=\"iCandy PIP sjenilo za sunce i mre\u017eica protiv komaraca kombinira tkaninu i prozra\u010dnu mre\u017eicu za optimalnu za\u0161titu od sunca, nude\u0107i UPF 50+ koji blokira 99 % UV zraka. Mre\u017easti dio omogu\u0107uje ventilaciju, smanjuje odsjaj i \u0161titi od insekata. Dolazi s iCandy torbicom za jednostavno spremanje i preno\u0161enje.\" \/>\n<meta property=\"og:url\" content=\"https:\/\/najnaj.eu\/fr\/proizvod\/icandy-pip-2u1-sjenilo-za-sunce-i-mrezica-protiv-komaraca\/\" \/>\n<meta property=\"og:site_name\" content=\"NajNaj.eu\" \/>\n<meta property=\"article:publisher\" content=\"https:\/\/web.facebook.com\/najnaj.eu\/\" \/>\n<meta property=\"article:modified_time\" content=\"2026-02-03T19:40:12+00:00\" \/>\n<meta property=\"og:image\" content=\"https:\/\/najnaj.eu\/wp-content\/uploads\/2025\/07\/iCandy_Pip_The_Screen-scaled.jpg\" \/>\n\t<meta property=\"og:image:width\" content=\"2275\" \/>\n\t<meta property=\"og:image:height\" content=\"2560\" \/>\n\t<meta property=\"og:image:type\" content=\"image\/jpeg\" \/>\n<meta name=\"twitter:card\" content=\"summary_large_image\" \/>\n<meta name=\"twitter:label1\" content=\"Prix\" \/>\n\t<meta name=\"twitter:data1\" content=\"39,00&nbsp;&euro;\" \/>\n\t<meta name=\"twitter:label2\" content=\"Disponibilit\u00e9\" \/>\n\t<meta name=\"twitter:data2\" content=\"En stock\" \/>\n<script type=\"application\/ld+json\" class=\"yoast-schema-graph\">{\"@context\":\"https:\\\/\\\/schema.org\",\"@graph\":[{\"@type\":\"WebPage\",\"@id\":\"https:\\\/\\\/najnaj.eu\\\/fr\\\/proizvod\\\/icandy-pip-2u1-sjenilo-za-sunce-i-mrezica-protiv-komaraca\\\/\",\"url\":\"https:\\\/\\\/najnaj.eu\\\/fr\\\/proizvod\\\/icandy-pip-2u1-sjenilo-za-sunce-i-mrezica-protiv-komaraca\\\/\",\"name\":\"iCandy PIP 2u1 sjenilo za sunce i mre\u017eica protiv komaraca - NajNaj.eu\",\"isPartOf\":{\"@id\":\"https:\\\/\\\/najnaj.eu\\\/fr\\\/#website\"},\"primaryImageOfPage\":{\"@id\":\"https:\\\/\\\/najnaj.eu\\\/fr\\\/proizvod\\\/icandy-pip-2u1-sjenilo-za-sunce-i-mrezica-protiv-komaraca\\\/#primaryimage\"},\"image\":{\"@id\":\"https:\\\/\\\/najnaj.eu\\\/fr\\\/proizvod\\\/icandy-pip-2u1-sjenilo-za-sunce-i-mrezica-protiv-komaraca\\\/#primaryimage\"},\"thumbnailUrl\":\"https:\\\/\\\/najnaj.eu\\\/wp-content\\\/uploads\\\/2025\\\/07\\\/iCandy_Pip_The_Screen-scaled.jpg\",\"datePublished\":\"2025-07-28T13:01:12+00:00\",\"dateModified\":\"2026-02-03T19:40:12+00:00\",\"breadcrumb\":{\"@id\":\"https:\\\/\\\/najnaj.eu\\\/fr\\\/proizvod\\\/icandy-pip-2u1-sjenilo-za-sunce-i-mrezica-protiv-komaraca\\\/#breadcrumb\"},\"inLanguage\":\"fr-FR\",\"potentialAction\":[{\"@type\":\"ReadAction\",\"target\":[\"https:\\\/\\\/najnaj.eu\\\/fr\\\/proizvod\\\/icandy-pip-2u1-sjenilo-za-sunce-i-mrezica-protiv-komaraca\\\/\"]}]},{\"@type\":\"ImageObject\",\"inLanguage\":\"fr-FR\",\"@id\":\"https:\\\/\\\/najnaj.eu\\\/fr\\\/proizvod\\\/icandy-pip-2u1-sjenilo-za-sunce-i-mrezica-protiv-komaraca\\\/#primaryimage\",\"url\":\"https:\\\/\\\/najnaj.eu\\\/wp-content\\\/uploads\\\/2025\\\/07\\\/iCandy_Pip_The_Screen-scaled.jpg\",\"contentUrl\":\"https:\\\/\\\/najnaj.eu\\\/wp-content\\\/uploads\\\/2025\\\/07\\\/iCandy_Pip_The_Screen-scaled.jpg\",\"width\":2275,\"height\":2560},{\"@type\":\"BreadcrumbList\",\"@id\":\"https:\\\/\\\/najnaj.eu\\\/fr\\\/proizvod\\\/icandy-pip-2u1-sjenilo-za-sunce-i-mrezica-protiv-komaraca\\\/#breadcrumb\",\"itemListElement\":[{\"@type\":\"ListItem\",\"position\":1,\"name\":\"Po\u010detna stranica\",\"item\":\"https:\\\/\\\/najnaj.eu\\\/fr\\\/\"},{\"@type\":\"ListItem\",\"position\":2,\"name\":\"Trgovina\",\"item\":\"https:\\\/\\\/najnaj.hr\\\/trgovina\\\/\"},{\"@type\":\"ListItem\",\"position\":3,\"name\":\"iCandy PIP 2u1 sjenilo za sunce i mre\u017eica protiv komaraca\"}]},{\"@type\":\"WebSite\",\"@id\":\"https:\\\/\\\/najnaj.eu\\\/fr\\\/#website\",\"url\":\"https:\\\/\\\/najnaj.eu\\\/fr\\\/\",\"name\":\"NajNaj.eu\",\"description\":\"Za najva\u017enije!\",\"potentialAction\":[{\"@type\":\"SearchAction\",\"target\":{\"@type\":\"EntryPoint\",\"urlTemplate\":\"https:\\\/\\\/najnaj.eu\\\/fr\\\/?s={search_term_string}\"},\"query-input\":{\"@type\":\"PropertyValueSpecification\",\"valueRequired\":true,\"valueName\":\"search_term_string\"}}],\"inLanguage\":\"fr-FR\"}]}<\/script>\n<meta property=\"product:brand\" content=\"iCandy\" \/>\n<meta property=\"product:price:amount\" content=\"39.00\" \/>\n<meta property=\"product:price:currency\" content=\"EUR\" \/>\n<meta property=\"og:availability\" content=\"instock\" \/>\n<meta property=\"product:availability\" content=\"instock\" \/>\n<meta property=\"product:retailer_item_id\" content=\"IC3218\" \/>\n<meta property=\"product:condition\" content=\"new\" \/>\n<!-- \/ Yoast SEO Premium plugin. -->","yoast_head_json":{"title":"iCandy PIP 2u1 sjenilo za sunce i mre\u017eica protiv komaraca - NajNaj.eu","robots":{"index":"index","follow":"follow","max-snippet":"max-snippet:-1","max-image-preview":"max-image-preview:large","max-video-preview":"max-video-preview:-1"},"canonical":"https:\/\/najnaj.eu\/fr\/proizvod\/icandy-pip-2u1-sjenilo-za-sunce-i-mrezica-protiv-komaraca\/","og_locale":"fr_FR","og_type":"article","og_title":"iCandy PIP 2u1 sjenilo za sunce i mre\u017eica protiv komaraca","og_description":"iCandy PIP sjenilo za sunce i mre\u017eica protiv komaraca kombinira tkaninu i prozra\u010dnu mre\u017eicu za optimalnu za\u0161titu od sunca, nude\u0107i UPF 50+ koji blokira 99 % UV zraka. Mre\u017easti dio omogu\u0107uje ventilaciju, smanjuje odsjaj i \u0161titi od insekata. Dolazi s iCandy torbicom za jednostavno spremanje i preno\u0161enje.","og_url":"https:\/\/najnaj.eu\/fr\/proizvod\/icandy-pip-2u1-sjenilo-za-sunce-i-mrezica-protiv-komaraca\/","og_site_name":"NajNaj.eu","article_publisher":"https:\/\/web.facebook.com\/najnaj.eu\/","article_modified_time":"2026-02-03T19:40:12+00:00","og_image":[{"width":2275,"height":2560,"url":"https:\/\/najnaj.eu\/wp-content\/uploads\/2025\/07\/iCandy_Pip_The_Screen-scaled.jpg","type":"image\/jpeg"}],"twitter_card":"summary_large_image","twitter_misc":{"Prix":"39,00&nbsp;&euro;","Disponibilit\u00e9":"En stock"},"schema":{"@context":"https:\/\/schema.org","@graph":[{"@type":"WebPage","@id":"https:\/\/najnaj.eu\/fr\/proizvod\/icandy-pip-2u1-sjenilo-za-sunce-i-mrezica-protiv-komaraca\/","url":"https:\/\/najnaj.eu\/fr\/proizvod\/icandy-pip-2u1-sjenilo-za-sunce-i-mrezica-protiv-komaraca\/","name":"iCandy PIP 2u1 sjenilo za sunce i mre\u017eica protiv komaraca - NajNaj.eu","isPartOf":{"@id":"https:\/\/najnaj.eu\/fr\/#website"},"primaryImageOfPage":{"@id":"https:\/\/najnaj.eu\/fr\/proizvod\/icandy-pip-2u1-sjenilo-za-sunce-i-mrezica-protiv-komaraca\/#primaryimage"},"image":{"@id":"https:\/\/najnaj.eu\/fr\/proizvod\/icandy-pip-2u1-sjenilo-za-sunce-i-mrezica-protiv-komaraca\/#primaryimage"},"thumbnailUrl":"https:\/\/najnaj.eu\/wp-content\/uploads\/2025\/07\/iCandy_Pip_The_Screen-scaled.jpg","datePublished":"2025-07-28T13:01:12+00:00","dateModified":"2026-02-03T19:40:12+00:00","breadcrumb":{"@id":"https:\/\/najnaj.eu\/fr\/proizvod\/icandy-pip-2u1-sjenilo-za-sunce-i-mrezica-protiv-komaraca\/#breadcrumb"},"inLanguage":"fr-FR","potentialAction":[{"@type":"ReadAction","target":["https:\/\/najnaj.eu\/fr\/proizvod\/icandy-pip-2u1-sjenilo-za-sunce-i-mrezica-protiv-komaraca\/"]}]},{"@type":"ImageObject","inLanguage":"fr-FR","@id":"https:\/\/najnaj.eu\/fr\/proizvod\/icandy-pip-2u1-sjenilo-za-sunce-i-mrezica-protiv-komaraca\/#primaryimage","url":"https:\/\/najnaj.eu\/wp-content\/uploads\/2025\/07\/iCandy_Pip_The_Screen-scaled.jpg","contentUrl":"https:\/\/najnaj.eu\/wp-content\/uploads\/2025\/07\/iCandy_Pip_The_Screen-scaled.jpg","width":2275,"height":2560},{"@type":"BreadcrumbList","@id":"https:\/\/najnaj.eu\/fr\/proizvod\/icandy-pip-2u1-sjenilo-za-sunce-i-mrezica-protiv-komaraca\/#breadcrumb","itemListElement":[{"@type":"ListItem","position":1,"name":"Po\u010detna stranica","item":"https:\/\/najnaj.eu\/fr\/"},{"@type":"ListItem","position":2,"name":"Trgovina","item":"https:\/\/najnaj.hr\/trgovina\/"},{"@type":"ListItem","position":3,"name":"iCandy PIP 2u1 sjenilo za sunce i mre\u017eica protiv komaraca"}]},{"@type":"WebSite","@id":"https:\/\/najnaj.eu\/fr\/#website","url":"https:\/\/najnaj.eu\/fr\/","name":"NajNaj.eu","description":"Za najva\u017enije!","potentialAction":[{"@type":"SearchAction","target":{"@type":"EntryPoint","urlTemplate":"https:\/\/najnaj.eu\/fr\/?s={search_term_string}"},"query-input":{"@type":"PropertyValueSpecification","valueRequired":true,"valueName":"search_term_string"}}],"inLanguage":"fr-FR"}]},"product_brand":"iCandy","product_price_amount":"39.00","product_price_currency":"EUR","og_availability":"instock","product_availability":"instock","product_retailer_item_id":"IC3218","product_condition":"new"},"_links":{"self":[{"href":"https:\/\/najnaj.eu\/fr\/wp-json\/wp\/v2\/product\/265286","targetHints":{"allow":["GET"]}}],"collection":[{"href":"https:\/\/najnaj.eu\/fr\/wp-json\/wp\/v2\/product"}],"about":[{"href":"https:\/\/najnaj.eu\/fr\/wp-json\/wp\/v2\/types\/product"}],"replies":[{"embeddable":true,"href":"https:\/\/najnaj.eu\/fr\/wp-json\/wp\/v2\/comments?post=265286"}],"version-history":[{"count":0,"href":"https:\/\/najnaj.eu\/fr\/wp-json\/wp\/v2\/product\/265286\/revisions"}],"wp:featuredmedia":[{"embeddable":true,"href":"https:\/\/najnaj.eu\/fr\/wp-json\/wp\/v2\/media\/265287"}],"wp:attachment":[{"href":"https:\/\/najnaj.eu\/fr\/wp-json\/wp\/v2\/media?parent=265286"}],"wp:term":[{"taxonomy":"product_brand","embeddable":true,"href":"https:\/\/najnaj.eu\/fr\/wp-json\/wp\/v2\/product_brand?post=265286"},{"taxonomy":"product_cat","embeddable":true,"href":"https:\/\/najnaj.eu\/fr\/wp-json\/wp\/v2\/product_cat?post=265286"},{"taxonomy":"product_tag","embeddable":true,"href":"https:\/\/najnaj.eu\/fr\/wp-json\/wp\/v2\/product_tag?post=265286"}],"curies":[{"name":"wp","href":"https:\/\/api.w.org\/{rel}","templated":true}]}}