{"id":260435,"date":"2025-07-16T13:48:32","date_gmt":"2025-07-16T11:48:32","guid":{"rendered":"https:\/\/najnaj.eu\/?post_type=product&#038;p=260435"},"modified":"2026-02-25T19:00:07","modified_gmt":"2026-02-25T18:00:07","slug":"citron-pribor-za-jelo-od-nehrdajuceg-celika-green","status":"publish","type":"product","link":"https:\/\/najnaj.eu\/fr\/proizvod\/citron-pribor-za-jelo-od-nehrdajuceg-celika-green\/","title":{"rendered":"Citron Pribor za jelo od nehr\u0111aju\u0107eg \u010delika Green"},"content":{"rendered":"<p>Karakteristike:<br \/>\n+ Izra\u0111en od nehr\u0111aju\u0107eg \u010delika 304 za hranu za dugotrajnu upotrebu<br \/>\n+ Dizajniran od odr\u017eivih materijala<br \/>\n+ Izra\u0111en od netoksi\u010dnih materijala (bez BPA, ftalata i olova)<br \/>\n+ Oblikovan na na\u010din da se mo\u017ee slagati jedno na drugo za u\u0161tedu prostora<\/p>\n<p>Specifikacije:<br \/>\n+ Prikladno za djecu od 18+ mjeseci<br \/>\n+ Dimenzije: 16,2 cm (\u017elica), 15,9 cm (vilica), 16 cm (no\u017e), (kutija) 17 x 4,5 x 2 cm<\/p>\n","protected":false},"excerpt":{"rendered":"<p>Izdr\u017eljiv, siguran i za vi\u0161ekratnu upotrebu, ovaj prakti\u010dan set pribora za jelo stane u bilo koju torbu za ru\u010dak, ne hr\u0111a i dolazi s vlastitom silikonskom futrolom kako bi sve ostalo na okupu i smanjila se mogu\u0107nost gubitka bilo kojeg dijela seta!<\/p>\n","protected":false},"featured_media":260452,"comment_status":"closed","ping_status":"closed","template":"","meta":{"_acf_changed":false,"footnotes":""},"product_brand":[],"product_cat":[577,622,658],"product_tag":[],"class_list":{"0":"post-260435","1":"product","2":"type-product","3":"status-publish","4":"has-post-thumbnail","6":"product_cat-hranjenje","7":"product_cat-posude","8":"product_cat-pribor-za-jelo","9":"pa_boja-zelena","10":"pa_brand-citron","11":"pa_vrsta-posuda-pribor-za-jelo","13":"first","14":"instock","15":"shipping-taxable","16":"purchasable","17":"product-type-simple"},"bundled_by":[],"bundle_stock_status":"instock","bundle_stock_quantity":15,"bundle_virtual":false,"bundle_layout":"","bundle_add_to_cart_form_location":"","bundle_editable_in_cart":false,"bundle_sold_individually_context":"","bundle_item_grouping":"","bundle_min_size":"","bundle_max_size":"","bundle_price":[],"bundled_items":[],"bundle_sell_ids":[],"acf":[],"yoast_head":"<!-- This site is optimized with the Yoast SEO Premium plugin v21.5 (Yoast SEO v27.4) - https:\/\/yoast.com\/product\/yoast-seo-premium-wordpress\/ -->\n<title>Citron Pribor za jelo od nehr\u0111aju\u0107eg \u010delika Green - NajNaj.eu<\/title>\n<meta name=\"robots\" content=\"index, follow, max-snippet:-1, max-image-preview:large, max-video-preview:-1\" \/>\n<link rel=\"canonical\" href=\"https:\/\/najnaj.eu\/fr\/proizvod\/citron-pribor-za-jelo-od-nehrdajuceg-celika-green\/\" \/>\n<meta property=\"og:locale\" content=\"fr_FR\" \/>\n<meta property=\"og:type\" content=\"article\" \/>\n<meta property=\"og:title\" content=\"Citron Pribor za jelo od nehr\u0111aju\u0107eg \u010delika Green\" \/>\n<meta property=\"og:description\" content=\"Izdr\u017eljiv, siguran i za vi\u0161ekratnu upotrebu, ovaj prakti\u010dan set pribora za jelo stane u bilo koju torbu za ru\u010dak, ne hr\u0111a i dolazi s vlastitom silikonskom futrolom kako bi sve ostalo na okupu i smanjila se mogu\u0107nost gubitka bilo kojeg dijela seta!\" \/>\n<meta property=\"og:url\" content=\"https:\/\/najnaj.eu\/fr\/proizvod\/citron-pribor-za-jelo-od-nehrdajuceg-celika-green\/\" \/>\n<meta property=\"og:site_name\" content=\"NajNaj.eu\" \/>\n<meta property=\"article:publisher\" content=\"https:\/\/web.facebook.com\/najnaj.eu\/\" \/>\n<meta property=\"article:modified_time\" content=\"2026-02-25T18:00:07+00:00\" \/>\n<meta property=\"og:image\" content=\"https:\/\/najnaj.eu\/wp-content\/uploads\/2025\/07\/Z1005-Green-Extra-1.jpg\" \/>\n\t<meta property=\"og:image:width\" content=\"1600\" \/>\n\t<meta property=\"og:image:height\" content=\"1600\" \/>\n\t<meta property=\"og:image:type\" content=\"image\/jpeg\" \/>\n<meta name=\"twitter:card\" content=\"summary_large_image\" \/>\n<meta name=\"twitter:label1\" content=\"Prix\" \/>\n\t<meta name=\"twitter:data1\" content=\"16,99&nbsp;&euro;\" \/>\n\t<meta name=\"twitter:label2\" content=\"Disponibilit\u00e9\" \/>\n\t<meta name=\"twitter:data2\" content=\"En stock\" \/>\n<script type=\"application\/ld+json\" class=\"yoast-schema-graph\">{\"@context\":\"https:\\\/\\\/schema.org\",\"@graph\":[{\"@type\":\"WebPage\",\"@id\":\"https:\\\/\\\/najnaj.eu\\\/fr\\\/proizvod\\\/citron-pribor-za-jelo-od-nehrdajuceg-celika-green\\\/\",\"url\":\"https:\\\/\\\/najnaj.eu\\\/fr\\\/proizvod\\\/citron-pribor-za-jelo-od-nehrdajuceg-celika-green\\\/\",\"name\":\"Citron Pribor za jelo od nehr\u0111aju\u0107eg \u010delika Green - NajNaj.eu\",\"isPartOf\":{\"@id\":\"https:\\\/\\\/najnaj.eu\\\/fr\\\/#website\"},\"primaryImageOfPage\":{\"@id\":\"https:\\\/\\\/najnaj.eu\\\/fr\\\/proizvod\\\/citron-pribor-za-jelo-od-nehrdajuceg-celika-green\\\/#primaryimage\"},\"image\":{\"@id\":\"https:\\\/\\\/najnaj.eu\\\/fr\\\/proizvod\\\/citron-pribor-za-jelo-od-nehrdajuceg-celika-green\\\/#primaryimage\"},\"thumbnailUrl\":\"https:\\\/\\\/najnaj.eu\\\/wp-content\\\/uploads\\\/2025\\\/07\\\/Z1005-Green-Extra-1.jpg\",\"datePublished\":\"2025-07-16T11:48:32+00:00\",\"dateModified\":\"2026-02-25T18:00:07+00:00\",\"breadcrumb\":{\"@id\":\"https:\\\/\\\/najnaj.eu\\\/fr\\\/proizvod\\\/citron-pribor-za-jelo-od-nehrdajuceg-celika-green\\\/#breadcrumb\"},\"inLanguage\":\"fr-FR\",\"potentialAction\":[{\"@type\":\"ReadAction\",\"target\":[\"https:\\\/\\\/najnaj.eu\\\/fr\\\/proizvod\\\/citron-pribor-za-jelo-od-nehrdajuceg-celika-green\\\/\"]}]},{\"@type\":\"ImageObject\",\"inLanguage\":\"fr-FR\",\"@id\":\"https:\\\/\\\/najnaj.eu\\\/fr\\\/proizvod\\\/citron-pribor-za-jelo-od-nehrdajuceg-celika-green\\\/#primaryimage\",\"url\":\"https:\\\/\\\/najnaj.eu\\\/wp-content\\\/uploads\\\/2025\\\/07\\\/Z1005-Green-Extra-1.jpg\",\"contentUrl\":\"https:\\\/\\\/najnaj.eu\\\/wp-content\\\/uploads\\\/2025\\\/07\\\/Z1005-Green-Extra-1.jpg\",\"width\":1600,\"height\":1600},{\"@type\":\"BreadcrumbList\",\"@id\":\"https:\\\/\\\/najnaj.eu\\\/fr\\\/proizvod\\\/citron-pribor-za-jelo-od-nehrdajuceg-celika-green\\\/#breadcrumb\",\"itemListElement\":[{\"@type\":\"ListItem\",\"position\":1,\"name\":\"Po\u010detna stranica\",\"item\":\"https:\\\/\\\/najnaj.eu\\\/fr\\\/\"},{\"@type\":\"ListItem\",\"position\":2,\"name\":\"Trgovina\",\"item\":\"https:\\\/\\\/najnaj.hr\\\/trgovina\\\/\"},{\"@type\":\"ListItem\",\"position\":3,\"name\":\"Citron Pribor za jelo od nehr\u0111aju\u0107eg \u010delika Green\"}]},{\"@type\":\"WebSite\",\"@id\":\"https:\\\/\\\/najnaj.eu\\\/fr\\\/#website\",\"url\":\"https:\\\/\\\/najnaj.eu\\\/fr\\\/\",\"name\":\"NajNaj.eu\",\"description\":\"Za najva\u017enije!\",\"potentialAction\":[{\"@type\":\"SearchAction\",\"target\":{\"@type\":\"EntryPoint\",\"urlTemplate\":\"https:\\\/\\\/najnaj.eu\\\/fr\\\/?s={search_term_string}\"},\"query-input\":{\"@type\":\"PropertyValueSpecification\",\"valueRequired\":true,\"valueName\":\"search_term_string\"}}],\"inLanguage\":\"fr-FR\"}]}<\/script>\n<meta property=\"product:brand\" content=\"Citron\" \/>\n<meta property=\"product:price:amount\" content=\"16.99\" \/>\n<meta property=\"product:price:currency\" content=\"EUR\" \/>\n<meta property=\"og:availability\" content=\"instock\" \/>\n<meta property=\"product:availability\" content=\"instock\" \/>\n<meta property=\"product:retailer_item_id\" content=\"2025_SS_Cutlery_Set_Green\" \/>\n<meta property=\"product:condition\" content=\"new\" \/>\n<!-- \/ Yoast SEO Premium plugin. -->","yoast_head_json":{"title":"Citron Pribor za jelo od nehr\u0111aju\u0107eg \u010delika Green - NajNaj.eu","robots":{"index":"index","follow":"follow","max-snippet":"max-snippet:-1","max-image-preview":"max-image-preview:large","max-video-preview":"max-video-preview:-1"},"canonical":"https:\/\/najnaj.eu\/fr\/proizvod\/citron-pribor-za-jelo-od-nehrdajuceg-celika-green\/","og_locale":"fr_FR","og_type":"article","og_title":"Citron Pribor za jelo od nehr\u0111aju\u0107eg \u010delika Green","og_description":"Izdr\u017eljiv, siguran i za vi\u0161ekratnu upotrebu, ovaj prakti\u010dan set pribora za jelo stane u bilo koju torbu za ru\u010dak, ne hr\u0111a i dolazi s vlastitom silikonskom futrolom kako bi sve ostalo na okupu i smanjila se mogu\u0107nost gubitka bilo kojeg dijela seta!","og_url":"https:\/\/najnaj.eu\/fr\/proizvod\/citron-pribor-za-jelo-od-nehrdajuceg-celika-green\/","og_site_name":"NajNaj.eu","article_publisher":"https:\/\/web.facebook.com\/najnaj.eu\/","article_modified_time":"2026-02-25T18:00:07+00:00","og_image":[{"width":1600,"height":1600,"url":"https:\/\/najnaj.eu\/wp-content\/uploads\/2025\/07\/Z1005-Green-Extra-1.jpg","type":"image\/jpeg"}],"twitter_card":"summary_large_image","twitter_misc":{"Prix":"16,99&nbsp;&euro;","Disponibilit\u00e9":"En stock"},"schema":{"@context":"https:\/\/schema.org","@graph":[{"@type":"WebPage","@id":"https:\/\/najnaj.eu\/fr\/proizvod\/citron-pribor-za-jelo-od-nehrdajuceg-celika-green\/","url":"https:\/\/najnaj.eu\/fr\/proizvod\/citron-pribor-za-jelo-od-nehrdajuceg-celika-green\/","name":"Citron Pribor za jelo od nehr\u0111aju\u0107eg \u010delika Green - NajNaj.eu","isPartOf":{"@id":"https:\/\/najnaj.eu\/fr\/#website"},"primaryImageOfPage":{"@id":"https:\/\/najnaj.eu\/fr\/proizvod\/citron-pribor-za-jelo-od-nehrdajuceg-celika-green\/#primaryimage"},"image":{"@id":"https:\/\/najnaj.eu\/fr\/proizvod\/citron-pribor-za-jelo-od-nehrdajuceg-celika-green\/#primaryimage"},"thumbnailUrl":"https:\/\/najnaj.eu\/wp-content\/uploads\/2025\/07\/Z1005-Green-Extra-1.jpg","datePublished":"2025-07-16T11:48:32+00:00","dateModified":"2026-02-25T18:00:07+00:00","breadcrumb":{"@id":"https:\/\/najnaj.eu\/fr\/proizvod\/citron-pribor-za-jelo-od-nehrdajuceg-celika-green\/#breadcrumb"},"inLanguage":"fr-FR","potentialAction":[{"@type":"ReadAction","target":["https:\/\/najnaj.eu\/fr\/proizvod\/citron-pribor-za-jelo-od-nehrdajuceg-celika-green\/"]}]},{"@type":"ImageObject","inLanguage":"fr-FR","@id":"https:\/\/najnaj.eu\/fr\/proizvod\/citron-pribor-za-jelo-od-nehrdajuceg-celika-green\/#primaryimage","url":"https:\/\/najnaj.eu\/wp-content\/uploads\/2025\/07\/Z1005-Green-Extra-1.jpg","contentUrl":"https:\/\/najnaj.eu\/wp-content\/uploads\/2025\/07\/Z1005-Green-Extra-1.jpg","width":1600,"height":1600},{"@type":"BreadcrumbList","@id":"https:\/\/najnaj.eu\/fr\/proizvod\/citron-pribor-za-jelo-od-nehrdajuceg-celika-green\/#breadcrumb","itemListElement":[{"@type":"ListItem","position":1,"name":"Po\u010detna stranica","item":"https:\/\/najnaj.eu\/fr\/"},{"@type":"ListItem","position":2,"name":"Trgovina","item":"https:\/\/najnaj.hr\/trgovina\/"},{"@type":"ListItem","position":3,"name":"Citron Pribor za jelo od nehr\u0111aju\u0107eg \u010delika Green"}]},{"@type":"WebSite","@id":"https:\/\/najnaj.eu\/fr\/#website","url":"https:\/\/najnaj.eu\/fr\/","name":"NajNaj.eu","description":"Za najva\u017enije!","potentialAction":[{"@type":"SearchAction","target":{"@type":"EntryPoint","urlTemplate":"https:\/\/najnaj.eu\/fr\/?s={search_term_string}"},"query-input":{"@type":"PropertyValueSpecification","valueRequired":true,"valueName":"search_term_string"}}],"inLanguage":"fr-FR"}]},"product_brand":"Citron","product_price_amount":"16.99","product_price_currency":"EUR","og_availability":"instock","product_availability":"instock","product_retailer_item_id":"2025_SS_Cutlery_Set_Green","product_condition":"new"},"_links":{"self":[{"href":"https:\/\/najnaj.eu\/fr\/wp-json\/wp\/v2\/product\/260435","targetHints":{"allow":["GET"]}}],"collection":[{"href":"https:\/\/najnaj.eu\/fr\/wp-json\/wp\/v2\/product"}],"about":[{"href":"https:\/\/najnaj.eu\/fr\/wp-json\/wp\/v2\/types\/product"}],"replies":[{"embeddable":true,"href":"https:\/\/najnaj.eu\/fr\/wp-json\/wp\/v2\/comments?post=260435"}],"version-history":[{"count":0,"href":"https:\/\/najnaj.eu\/fr\/wp-json\/wp\/v2\/product\/260435\/revisions"}],"wp:featuredmedia":[{"embeddable":true,"href":"https:\/\/najnaj.eu\/fr\/wp-json\/wp\/v2\/media\/260452"}],"wp:attachment":[{"href":"https:\/\/najnaj.eu\/fr\/wp-json\/wp\/v2\/media?parent=260435"}],"wp:term":[{"taxonomy":"product_brand","embeddable":true,"href":"https:\/\/najnaj.eu\/fr\/wp-json\/wp\/v2\/product_brand?post=260435"},{"taxonomy":"product_cat","embeddable":true,"href":"https:\/\/najnaj.eu\/fr\/wp-json\/wp\/v2\/product_cat?post=260435"},{"taxonomy":"product_tag","embeddable":true,"href":"https:\/\/najnaj.eu\/fr\/wp-json\/wp\/v2\/product_tag?post=260435"}],"curies":[{"name":"wp","href":"https:\/\/api.w.org\/{rel}","templated":true}]}}