{"id":260246,"date":"2025-07-16T12:21:15","date_gmt":"2025-07-16T10:21:15","guid":{"rendered":"https:\/\/najnaj.eu\/?post_type=product&#038;p=260246"},"modified":"2026-02-03T20:42:38","modified_gmt":"2026-02-03T19:42:38","slug":"citron-dozator-za-adaptirano-mlijeko-ballerina","status":"publish","type":"product","link":"https:\/\/najnaj.eu\/fr\/proizvod\/citron-dozator-za-adaptirano-mlijeko-ballerina\/","title":{"rendered":"Citron dozator za adaptirano mlijeko Ballerina"},"content":{"rendered":"<p>Dozator dolazi u dva elegantna dizajna koji se lako uklapaju u svaku torbu za pelene, a izra\u0111en je od kvalitetnih i sigurnih materijala koji su potpuno bez BPA, \u010dime je osigurana sigurnost i zdravlje va\u0161e bebe. Zahvaljuju\u0107i unutarnjoj pregradi, mo\u017eete odvojeno pohraniti tri porcije mlije\u010dnog praha, \u0161to dodatno olak\u0161ava pripremu obroka u bilo kojem trenutku.<br \/>\nDimenzije dozatora su kompaktne \u2013 Tijelo dozatora dimenzija je 85,8 mm x 75 mm, a veliki poklopac mjeri 90 x 102 x 34,6 mm, \u0161to dodatno olak\u0161ava rukovanje i uporabu.<\/p>\n<p>Namijenjen je bebama od ro\u0111enja (0+ mjeseci), s kapacitetom od 90 ml i te\u017einom od samo 75 grama.<br \/>\nIzra\u0111en je od izdr\u017eljivih materijala PP i TPE, a uz to je siguran za pranje u perilici posu\u0111a, \u0161to \u0161tedi vrijeme i olak\u0161ava odr\u017eavanje \u010disto\u0107e.<\/p>\n<p>Uz Citron dozator, hranjenje bebe nikada nije bilo jednostavnije i prakti\u010dnije. Savr\u0161en je saveznik modernih roditelja koji cijene brzinu, higijenu i funkcionalnost.<\/p>\n","protected":false},"excerpt":{"rendered":"<p>Olak\u0161ajte si pripremu obroka za va\u0161u bebu uz Citron dozator za adaptirano mlijeko, koji vam omogu\u0107uje da unaprijed spremite do tri pojedina\u010dne porcije mlije\u010dnog praha. Ovaj prakti\u010dni dozator je savr\u0161en za kori\u0161tenje u pokretu, bilo da ste na izletu, u \u0161etnji ili na putu, jer vam omogu\u0107uje da formulu imate uvijek spremnu i odmjerenu, bez dodatnog mije\u0161anja i nereda.<\/p>\n","protected":false},"featured_media":260247,"comment_status":"closed","ping_status":"closed","template":"","meta":{"_acf_changed":false,"footnotes":""},"product_brand":[],"product_cat":[577,659,622],"product_tag":[],"class_list":{"0":"post-260246","1":"product","2":"type-product","3":"status-publish","4":"has-post-thumbnail","6":"product_cat-hranjenje","7":"product_cat-ostalo-za-hranjenje","8":"product_cat-posude","9":"pa_boja-bez","10":"pa_brand-citron","12":"first","13":"instock","14":"shipping-taxable","15":"purchasable","16":"product-type-simple"},"bundled_by":[],"bundle_stock_status":"instock","bundle_stock_quantity":15,"bundle_virtual":false,"bundle_layout":"","bundle_add_to_cart_form_location":"","bundle_editable_in_cart":false,"bundle_sold_individually_context":"","bundle_item_grouping":"","bundle_min_size":"","bundle_max_size":"","bundle_price":[],"bundled_items":[],"bundle_sell_ids":[],"acf":[],"yoast_head":"<!-- This site is optimized with the Yoast SEO Premium plugin v21.5 (Yoast SEO v27.4) - https:\/\/yoast.com\/product\/yoast-seo-premium-wordpress\/ -->\n<title>Citron dozator za adaptirano mlijeko Ballerina - NajNaj.eu<\/title>\n<meta name=\"robots\" content=\"index, follow, max-snippet:-1, max-image-preview:large, max-video-preview:-1\" \/>\n<link rel=\"canonical\" href=\"https:\/\/najnaj.eu\/fr\/proizvod\/citron-dozator-za-adaptirano-mlijeko-ballerina\/\" \/>\n<meta property=\"og:locale\" content=\"fr_FR\" \/>\n<meta property=\"og:type\" content=\"article\" \/>\n<meta property=\"og:title\" content=\"Citron dozator za adaptirano mlijeko Ballerina\" \/>\n<meta property=\"og:description\" content=\"Olak\u0161ajte si pripremu obroka za va\u0161u bebu uz Citron dozator za adaptirano mlijeko, koji vam omogu\u0107uje da unaprijed spremite do tri pojedina\u010dne porcije mlije\u010dnog praha. Ovaj prakti\u010dni dozator je savr\u0161en za kori\u0161tenje u pokretu, bilo da ste na izletu, u \u0161etnji ili na putu, jer vam omogu\u0107uje da formulu imate uvijek spremnu i odmjerenu, bez dodatnog mije\u0161anja i nereda.\" \/>\n<meta property=\"og:url\" content=\"https:\/\/najnaj.eu\/fr\/proizvod\/citron-dozator-za-adaptirano-mlijeko-ballerina\/\" \/>\n<meta property=\"og:site_name\" content=\"NajNaj.eu\" \/>\n<meta property=\"article:publisher\" content=\"https:\/\/web.facebook.com\/najnaj.eu\/\" \/>\n<meta property=\"article:modified_time\" content=\"2026-02-03T19:42:38+00:00\" \/>\n<meta property=\"og:image\" content=\"https:\/\/najnaj.eu\/wp-content\/uploads\/2025\/07\/Z1124-Ballerina-Extra-1.jpg\" \/>\n\t<meta property=\"og:image:width\" content=\"2000\" \/>\n\t<meta property=\"og:image:height\" content=\"2000\" \/>\n\t<meta property=\"og:image:type\" content=\"image\/jpeg\" \/>\n<meta name=\"twitter:card\" content=\"summary_large_image\" \/>\n<meta name=\"twitter:label1\" content=\"Prix\" \/>\n\t<meta name=\"twitter:data1\" content=\"8,99&nbsp;&euro;\" \/>\n\t<meta name=\"twitter:label2\" content=\"Disponibilit\u00e9\" \/>\n\t<meta name=\"twitter:data2\" content=\"En stock\" \/>\n<script type=\"application\/ld+json\" class=\"yoast-schema-graph\">{\"@context\":\"https:\\\/\\\/schema.org\",\"@graph\":[{\"@type\":\"WebPage\",\"@id\":\"https:\\\/\\\/najnaj.eu\\\/fr\\\/proizvod\\\/citron-dozator-za-adaptirano-mlijeko-ballerina\\\/\",\"url\":\"https:\\\/\\\/najnaj.eu\\\/fr\\\/proizvod\\\/citron-dozator-za-adaptirano-mlijeko-ballerina\\\/\",\"name\":\"Citron dozator za adaptirano mlijeko Ballerina - NajNaj.eu\",\"isPartOf\":{\"@id\":\"https:\\\/\\\/najnaj.eu\\\/fr\\\/#website\"},\"primaryImageOfPage\":{\"@id\":\"https:\\\/\\\/najnaj.eu\\\/fr\\\/proizvod\\\/citron-dozator-za-adaptirano-mlijeko-ballerina\\\/#primaryimage\"},\"image\":{\"@id\":\"https:\\\/\\\/najnaj.eu\\\/fr\\\/proizvod\\\/citron-dozator-za-adaptirano-mlijeko-ballerina\\\/#primaryimage\"},\"thumbnailUrl\":\"https:\\\/\\\/najnaj.eu\\\/wp-content\\\/uploads\\\/2025\\\/07\\\/Z1124-Ballerina-Extra-1.jpg\",\"datePublished\":\"2025-07-16T10:21:15+00:00\",\"dateModified\":\"2026-02-03T19:42:38+00:00\",\"breadcrumb\":{\"@id\":\"https:\\\/\\\/najnaj.eu\\\/fr\\\/proizvod\\\/citron-dozator-za-adaptirano-mlijeko-ballerina\\\/#breadcrumb\"},\"inLanguage\":\"fr-FR\",\"potentialAction\":[{\"@type\":\"ReadAction\",\"target\":[\"https:\\\/\\\/najnaj.eu\\\/fr\\\/proizvod\\\/citron-dozator-za-adaptirano-mlijeko-ballerina\\\/\"]}]},{\"@type\":\"ImageObject\",\"inLanguage\":\"fr-FR\",\"@id\":\"https:\\\/\\\/najnaj.eu\\\/fr\\\/proizvod\\\/citron-dozator-za-adaptirano-mlijeko-ballerina\\\/#primaryimage\",\"url\":\"https:\\\/\\\/najnaj.eu\\\/wp-content\\\/uploads\\\/2025\\\/07\\\/Z1124-Ballerina-Extra-1.jpg\",\"contentUrl\":\"https:\\\/\\\/najnaj.eu\\\/wp-content\\\/uploads\\\/2025\\\/07\\\/Z1124-Ballerina-Extra-1.jpg\",\"width\":2000,\"height\":2000},{\"@type\":\"BreadcrumbList\",\"@id\":\"https:\\\/\\\/najnaj.eu\\\/fr\\\/proizvod\\\/citron-dozator-za-adaptirano-mlijeko-ballerina\\\/#breadcrumb\",\"itemListElement\":[{\"@type\":\"ListItem\",\"position\":1,\"name\":\"Po\u010detna stranica\",\"item\":\"https:\\\/\\\/najnaj.eu\\\/fr\\\/\"},{\"@type\":\"ListItem\",\"position\":2,\"name\":\"Trgovina\",\"item\":\"https:\\\/\\\/najnaj.hr\\\/trgovina\\\/\"},{\"@type\":\"ListItem\",\"position\":3,\"name\":\"Citron dozator za adaptirano mlijeko Ballerina\"}]},{\"@type\":\"WebSite\",\"@id\":\"https:\\\/\\\/najnaj.eu\\\/fr\\\/#website\",\"url\":\"https:\\\/\\\/najnaj.eu\\\/fr\\\/\",\"name\":\"NajNaj.eu\",\"description\":\"Za najva\u017enije!\",\"potentialAction\":[{\"@type\":\"SearchAction\",\"target\":{\"@type\":\"EntryPoint\",\"urlTemplate\":\"https:\\\/\\\/najnaj.eu\\\/fr\\\/?s={search_term_string}\"},\"query-input\":{\"@type\":\"PropertyValueSpecification\",\"valueRequired\":true,\"valueName\":\"search_term_string\"}}],\"inLanguage\":\"fr-FR\"}]}<\/script>\n<meta property=\"product:brand\" content=\"Citron\" \/>\n<meta property=\"product:price:amount\" content=\"8.99\" \/>\n<meta property=\"product:price:currency\" content=\"EUR\" \/>\n<meta property=\"og:availability\" content=\"instock\" \/>\n<meta property=\"product:availability\" content=\"instock\" \/>\n<meta property=\"product:retailer_item_id\" content=\"Formula_Dispenser_Ballerina\" \/>\n<meta property=\"product:condition\" content=\"new\" \/>\n<!-- \/ Yoast SEO Premium plugin. -->","yoast_head_json":{"title":"Citron dozator za adaptirano mlijeko Ballerina - NajNaj.eu","robots":{"index":"index","follow":"follow","max-snippet":"max-snippet:-1","max-image-preview":"max-image-preview:large","max-video-preview":"max-video-preview:-1"},"canonical":"https:\/\/najnaj.eu\/fr\/proizvod\/citron-dozator-za-adaptirano-mlijeko-ballerina\/","og_locale":"fr_FR","og_type":"article","og_title":"Citron dozator za adaptirano mlijeko Ballerina","og_description":"Olak\u0161ajte si pripremu obroka za va\u0161u bebu uz Citron dozator za adaptirano mlijeko, koji vam omogu\u0107uje da unaprijed spremite do tri pojedina\u010dne porcije mlije\u010dnog praha. Ovaj prakti\u010dni dozator je savr\u0161en za kori\u0161tenje u pokretu, bilo da ste na izletu, u \u0161etnji ili na putu, jer vam omogu\u0107uje da formulu imate uvijek spremnu i odmjerenu, bez dodatnog mije\u0161anja i nereda.","og_url":"https:\/\/najnaj.eu\/fr\/proizvod\/citron-dozator-za-adaptirano-mlijeko-ballerina\/","og_site_name":"NajNaj.eu","article_publisher":"https:\/\/web.facebook.com\/najnaj.eu\/","article_modified_time":"2026-02-03T19:42:38+00:00","og_image":[{"width":2000,"height":2000,"url":"https:\/\/najnaj.eu\/wp-content\/uploads\/2025\/07\/Z1124-Ballerina-Extra-1.jpg","type":"image\/jpeg"}],"twitter_card":"summary_large_image","twitter_misc":{"Prix":"8,99&nbsp;&euro;","Disponibilit\u00e9":"En stock"},"schema":{"@context":"https:\/\/schema.org","@graph":[{"@type":"WebPage","@id":"https:\/\/najnaj.eu\/fr\/proizvod\/citron-dozator-za-adaptirano-mlijeko-ballerina\/","url":"https:\/\/najnaj.eu\/fr\/proizvod\/citron-dozator-za-adaptirano-mlijeko-ballerina\/","name":"Citron dozator za adaptirano mlijeko Ballerina - NajNaj.eu","isPartOf":{"@id":"https:\/\/najnaj.eu\/fr\/#website"},"primaryImageOfPage":{"@id":"https:\/\/najnaj.eu\/fr\/proizvod\/citron-dozator-za-adaptirano-mlijeko-ballerina\/#primaryimage"},"image":{"@id":"https:\/\/najnaj.eu\/fr\/proizvod\/citron-dozator-za-adaptirano-mlijeko-ballerina\/#primaryimage"},"thumbnailUrl":"https:\/\/najnaj.eu\/wp-content\/uploads\/2025\/07\/Z1124-Ballerina-Extra-1.jpg","datePublished":"2025-07-16T10:21:15+00:00","dateModified":"2026-02-03T19:42:38+00:00","breadcrumb":{"@id":"https:\/\/najnaj.eu\/fr\/proizvod\/citron-dozator-za-adaptirano-mlijeko-ballerina\/#breadcrumb"},"inLanguage":"fr-FR","potentialAction":[{"@type":"ReadAction","target":["https:\/\/najnaj.eu\/fr\/proizvod\/citron-dozator-za-adaptirano-mlijeko-ballerina\/"]}]},{"@type":"ImageObject","inLanguage":"fr-FR","@id":"https:\/\/najnaj.eu\/fr\/proizvod\/citron-dozator-za-adaptirano-mlijeko-ballerina\/#primaryimage","url":"https:\/\/najnaj.eu\/wp-content\/uploads\/2025\/07\/Z1124-Ballerina-Extra-1.jpg","contentUrl":"https:\/\/najnaj.eu\/wp-content\/uploads\/2025\/07\/Z1124-Ballerina-Extra-1.jpg","width":2000,"height":2000},{"@type":"BreadcrumbList","@id":"https:\/\/najnaj.eu\/fr\/proizvod\/citron-dozator-za-adaptirano-mlijeko-ballerina\/#breadcrumb","itemListElement":[{"@type":"ListItem","position":1,"name":"Po\u010detna stranica","item":"https:\/\/najnaj.eu\/fr\/"},{"@type":"ListItem","position":2,"name":"Trgovina","item":"https:\/\/najnaj.hr\/trgovina\/"},{"@type":"ListItem","position":3,"name":"Citron dozator za adaptirano mlijeko Ballerina"}]},{"@type":"WebSite","@id":"https:\/\/najnaj.eu\/fr\/#website","url":"https:\/\/najnaj.eu\/fr\/","name":"NajNaj.eu","description":"Za najva\u017enije!","potentialAction":[{"@type":"SearchAction","target":{"@type":"EntryPoint","urlTemplate":"https:\/\/najnaj.eu\/fr\/?s={search_term_string}"},"query-input":{"@type":"PropertyValueSpecification","valueRequired":true,"valueName":"search_term_string"}}],"inLanguage":"fr-FR"}]},"product_brand":"Citron","product_price_amount":"8.99","product_price_currency":"EUR","og_availability":"instock","product_availability":"instock","product_retailer_item_id":"Formula_Dispenser_Ballerina","product_condition":"new"},"_links":{"self":[{"href":"https:\/\/najnaj.eu\/fr\/wp-json\/wp\/v2\/product\/260246","targetHints":{"allow":["GET"]}}],"collection":[{"href":"https:\/\/najnaj.eu\/fr\/wp-json\/wp\/v2\/product"}],"about":[{"href":"https:\/\/najnaj.eu\/fr\/wp-json\/wp\/v2\/types\/product"}],"replies":[{"embeddable":true,"href":"https:\/\/najnaj.eu\/fr\/wp-json\/wp\/v2\/comments?post=260246"}],"version-history":[{"count":0,"href":"https:\/\/najnaj.eu\/fr\/wp-json\/wp\/v2\/product\/260246\/revisions"}],"wp:featuredmedia":[{"embeddable":true,"href":"https:\/\/najnaj.eu\/fr\/wp-json\/wp\/v2\/media\/260247"}],"wp:attachment":[{"href":"https:\/\/najnaj.eu\/fr\/wp-json\/wp\/v2\/media?parent=260246"}],"wp:term":[{"taxonomy":"product_brand","embeddable":true,"href":"https:\/\/najnaj.eu\/fr\/wp-json\/wp\/v2\/product_brand?post=260246"},{"taxonomy":"product_cat","embeddable":true,"href":"https:\/\/najnaj.eu\/fr\/wp-json\/wp\/v2\/product_cat?post=260246"},{"taxonomy":"product_tag","embeddable":true,"href":"https:\/\/najnaj.eu\/fr\/wp-json\/wp\/v2\/product_tag?post=260246"}],"curies":[{"name":"wp","href":"https:\/\/api.w.org\/{rel}","templated":true}]}}