{"id":260199,"date":"2025-07-16T12:02:03","date_gmt":"2025-07-16T10:02:03","guid":{"rendered":"https:\/\/najnaj.eu\/?post_type=product&#038;p=260199"},"modified":"2026-02-03T20:42:45","modified_gmt":"2026-02-03T19:42:45","slug":"citron-termo-posuda-za-hranu-350-ml-vehicles","status":"publish","type":"product","link":"https:\/\/najnaj.eu\/fr\/proizvod\/citron-termo-posuda-za-hranu-350-ml-vehicles\/","title":{"rendered":"Citron Termo posuda za hranu 350 ml Vehicles"},"content":{"rendered":"<p>Savr\u0161eno dizajnirana da bude prave veli\u010dine, ovo je termo posuda za hranu od 350 ml, sa svim klasi\u010dnim zna\u010dajkama koje volite i sada s pobolj\u0161anom izolacijom i novim oblikom! Ova posuda za hranu srednje veli\u010dine odr\u017eavat \u0107e va\u0161e ukusne obroke toplima, dok su va\u0161i mali\u0161ani u pokretu ili u \u0161koli. Ima dodatnu izolaciju i \u0161iri otvor, kao i ergonomski dizajniran poklopac na okretanje koji je otporan na curenje i lak za dr\u017eanje. \u0160arena je, prakti\u010dna i ekolo\u0161ki prihvatljiva, \u0161to vam omogu\u0107uje da zdrave obroke ponesete sa sobom kamo god idete.<\/p>\n<p>&nbsp;<\/p>\n<p><img loading=\"lazy\" decoding=\"async\" class=\"aligncenter wp-image-236579 size-large\" src=\"https:\/\/najnaj.eu\/wp-content\/uploads\/2025\/01\/Classic_Thermal_FJ_350_Ballerina-6-HR-1-1024x1024.jpg\" alt=\"\" width=\"980\" height=\"980\" srcset=\"https:\/\/najnaj.eu\/wp-content\/uploads\/2025\/01\/Classic_Thermal_FJ_350_Ballerina-6-HR-1-1024x1024.jpg 1024w, https:\/\/najnaj.eu\/wp-content\/uploads\/2025\/01\/Classic_Thermal_FJ_350_Ballerina-6-HR-1-324x324.jpg 324w, https:\/\/najnaj.eu\/wp-content\/uploads\/2025\/01\/Classic_Thermal_FJ_350_Ballerina-6-HR-1-100x100.jpg 100w, https:\/\/najnaj.eu\/wp-content\/uploads\/2025\/01\/Classic_Thermal_FJ_350_Ballerina-6-HR-1-1200x1200.jpg 1200w, https:\/\/najnaj.eu\/wp-content\/uploads\/2025\/01\/Classic_Thermal_FJ_350_Ballerina-6-HR-1-300x300.jpg 300w, https:\/\/najnaj.eu\/wp-content\/uploads\/2025\/01\/Classic_Thermal_FJ_350_Ballerina-6-HR-1-150x150.jpg 150w, https:\/\/najnaj.eu\/wp-content\/uploads\/2025\/01\/Classic_Thermal_FJ_350_Ballerina-6-HR-1-768x768.jpg 768w, https:\/\/najnaj.eu\/wp-content\/uploads\/2025\/01\/Classic_Thermal_FJ_350_Ballerina-6-HR-1-1536x1536.jpg 1536w, https:\/\/najnaj.eu\/wp-content\/uploads\/2025\/01\/Classic_Thermal_FJ_350_Ballerina-6-HR-1-1440x1440.jpg 1440w, https:\/\/najnaj.eu\/wp-content\/uploads\/2025\/01\/Classic_Thermal_FJ_350_Ballerina-6-HR-1-420x420.jpg 420w, https:\/\/najnaj.eu\/wp-content\/uploads\/2025\/01\/Classic_Thermal_FJ_350_Ballerina-6-HR-1-50x50.jpg 50w, https:\/\/najnaj.eu\/wp-content\/uploads\/2025\/01\/Classic_Thermal_FJ_350_Ballerina-6-HR-1.jpg 2048w\" sizes=\"auto, (max-width: 980px) 100vw, 980px\" \/><\/p>\n","protected":false},"excerpt":{"rendered":"<ul>\n<li>Termalna posuda za hranu srednje veli\u010dine s trostrukom izolacijom<\/li>\n<li>Ergonomski dizajniran poklopac<\/li>\n<li>Odr\u017eava hranu toplom do 6 sati i hladnom do 7 sati<\/li>\n<li>Sigurno za hranu, nepropusna i bez BPA<\/li>\n<li>Dob: 18+ mjeseci<\/li>\n<\/ul>\n","protected":false},"featured_media":271479,"comment_status":"closed","ping_status":"closed","template":"","meta":{"_acf_changed":false,"footnotes":""},"product_brand":[],"product_cat":[577,622,2267],"product_tag":[2271],"class_list":{"0":"post-260199","1":"product","2":"type-product","3":"status-publish","4":"has-post-thumbnail","6":"product_cat-hranjenje","7":"product_cat-posude","8":"product_cat-termo-posude","9":"product_tag-zima","10":"pa_boja-siva","11":"pa_brand-citron","12":"pa_vrsta-posuda-posude-za-hranu","14":"first","15":"outofstock","16":"shipping-taxable","17":"purchasable","18":"product-type-simple"},"bundled_by":[],"bundle_stock_status":"outofstock","bundle_stock_quantity":0,"bundle_virtual":false,"bundle_layout":"","bundle_add_to_cart_form_location":"","bundle_editable_in_cart":false,"bundle_sold_individually_context":"","bundle_item_grouping":"","bundle_min_size":"","bundle_max_size":"","bundle_price":[],"bundled_items":[],"bundle_sell_ids":[],"acf":[],"yoast_head":"<!-- This site is optimized with the Yoast SEO Premium plugin v21.5 (Yoast SEO v27.4) - https:\/\/yoast.com\/product\/yoast-seo-premium-wordpress\/ -->\n<title>Citron Termo posuda za hranu 350 ml Vehicles - NajNaj.eu<\/title>\n<meta name=\"robots\" content=\"index, follow, max-snippet:-1, max-image-preview:large, max-video-preview:-1\" \/>\n<link rel=\"canonical\" href=\"https:\/\/najnaj.eu\/fr\/proizvod\/citron-termo-posuda-za-hranu-350-ml-vehicles\/\" \/>\n<meta property=\"og:locale\" content=\"fr_FR\" \/>\n<meta property=\"og:type\" content=\"article\" \/>\n<meta property=\"og:title\" content=\"Citron Termo posuda za hranu 350 ml Vehicles\" \/>\n<meta property=\"og:description\" content=\"Termalna posuda za hranu srednje veli\u010dine s trostrukom izolacijom  Ergonomski dizajniran poklopac  Odr\u017eava hranu toplom do 6 sati i hladnom do 7 sati  Sigurno za hranu, nepropusna i bez BPA  Dob: 18+ mjeseci\" \/>\n<meta property=\"og:url\" content=\"https:\/\/najnaj.eu\/fr\/proizvod\/citron-termo-posuda-za-hranu-350-ml-vehicles\/\" \/>\n<meta property=\"og:site_name\" content=\"NajNaj.eu\" \/>\n<meta property=\"article:publisher\" content=\"https:\/\/web.facebook.com\/najnaj.eu\/\" \/>\n<meta property=\"article:modified_time\" content=\"2026-02-03T19:42:45+00:00\" \/>\n<meta property=\"og:image\" content=\"https:\/\/najnaj.eu\/wp-content\/uploads\/2025\/07\/6290361065334-4-2.jpg\" \/>\n\t<meta property=\"og:image:width\" content=\"900\" \/>\n\t<meta property=\"og:image:height\" content=\"900\" \/>\n\t<meta property=\"og:image:type\" content=\"image\/jpeg\" \/>\n<meta name=\"twitter:card\" content=\"summary_large_image\" \/>\n<meta name=\"twitter:label1\" content=\"Prix\" \/>\n\t<meta name=\"twitter:data1\" content=\"35,99&nbsp;&euro;\" \/>\n\t<meta name=\"twitter:label2\" content=\"Disponibilit\u00e9\" \/>\n\t<meta name=\"twitter:data2\" content=\"Rupture de stock\" \/>\n<script type=\"application\/ld+json\" class=\"yoast-schema-graph\">{\"@context\":\"https:\\\/\\\/schema.org\",\"@graph\":[{\"@type\":\"WebPage\",\"@id\":\"https:\\\/\\\/najnaj.eu\\\/fr\\\/proizvod\\\/citron-termo-posuda-za-hranu-350-ml-vehicles\\\/\",\"url\":\"https:\\\/\\\/najnaj.eu\\\/fr\\\/proizvod\\\/citron-termo-posuda-za-hranu-350-ml-vehicles\\\/\",\"name\":\"Citron Termo posuda za hranu 350 ml Vehicles - NajNaj.eu\",\"isPartOf\":{\"@id\":\"https:\\\/\\\/najnaj.eu\\\/fr\\\/#website\"},\"primaryImageOfPage\":{\"@id\":\"https:\\\/\\\/najnaj.eu\\\/fr\\\/proizvod\\\/citron-termo-posuda-za-hranu-350-ml-vehicles\\\/#primaryimage\"},\"image\":{\"@id\":\"https:\\\/\\\/najnaj.eu\\\/fr\\\/proizvod\\\/citron-termo-posuda-za-hranu-350-ml-vehicles\\\/#primaryimage\"},\"thumbnailUrl\":\"https:\\\/\\\/najnaj.eu\\\/wp-content\\\/uploads\\\/2025\\\/07\\\/6290361065334-4-2.jpg\",\"datePublished\":\"2025-07-16T10:02:03+00:00\",\"dateModified\":\"2026-02-03T19:42:45+00:00\",\"breadcrumb\":{\"@id\":\"https:\\\/\\\/najnaj.eu\\\/fr\\\/proizvod\\\/citron-termo-posuda-za-hranu-350-ml-vehicles\\\/#breadcrumb\"},\"inLanguage\":\"fr-FR\",\"potentialAction\":[{\"@type\":\"ReadAction\",\"target\":[\"https:\\\/\\\/najnaj.eu\\\/fr\\\/proizvod\\\/citron-termo-posuda-za-hranu-350-ml-vehicles\\\/\"]}]},{\"@type\":\"ImageObject\",\"inLanguage\":\"fr-FR\",\"@id\":\"https:\\\/\\\/najnaj.eu\\\/fr\\\/proizvod\\\/citron-termo-posuda-za-hranu-350-ml-vehicles\\\/#primaryimage\",\"url\":\"https:\\\/\\\/najnaj.eu\\\/wp-content\\\/uploads\\\/2025\\\/07\\\/6290361065334-4-2.jpg\",\"contentUrl\":\"https:\\\/\\\/najnaj.eu\\\/wp-content\\\/uploads\\\/2025\\\/07\\\/6290361065334-4-2.jpg\",\"width\":900,\"height\":900},{\"@type\":\"BreadcrumbList\",\"@id\":\"https:\\\/\\\/najnaj.eu\\\/fr\\\/proizvod\\\/citron-termo-posuda-za-hranu-350-ml-vehicles\\\/#breadcrumb\",\"itemListElement\":[{\"@type\":\"ListItem\",\"position\":1,\"name\":\"Po\u010detna stranica\",\"item\":\"https:\\\/\\\/najnaj.eu\\\/fr\\\/\"},{\"@type\":\"ListItem\",\"position\":2,\"name\":\"Trgovina\",\"item\":\"https:\\\/\\\/najnaj.hr\\\/trgovina\\\/\"},{\"@type\":\"ListItem\",\"position\":3,\"name\":\"Citron Termo posuda za hranu 350 ml Vehicles\"}]},{\"@type\":\"WebSite\",\"@id\":\"https:\\\/\\\/najnaj.eu\\\/fr\\\/#website\",\"url\":\"https:\\\/\\\/najnaj.eu\\\/fr\\\/\",\"name\":\"NajNaj.eu\",\"description\":\"Za najva\u017enije!\",\"potentialAction\":[{\"@type\":\"SearchAction\",\"target\":{\"@type\":\"EntryPoint\",\"urlTemplate\":\"https:\\\/\\\/najnaj.eu\\\/fr\\\/?s={search_term_string}\"},\"query-input\":{\"@type\":\"PropertyValueSpecification\",\"valueRequired\":true,\"valueName\":\"search_term_string\"}}],\"inLanguage\":\"fr-FR\"}]}<\/script>\n<meta property=\"product:brand\" content=\"Citron\" \/>\n<meta property=\"product:price:amount\" content=\"35.99\" \/>\n<meta property=\"product:price:currency\" content=\"EUR\" \/>\n<meta property=\"og:availability\" content=\"out of stock\" \/>\n<meta property=\"product:availability\" content=\"out of stock\" \/>\n<meta property=\"product:retailer_item_id\" content=\"Classic_Thermal_FJ_350_Vehicles\" \/>\n<meta property=\"product:condition\" content=\"new\" \/>\n<!-- \/ Yoast SEO Premium plugin. -->","yoast_head_json":{"title":"Citron Termo posuda za hranu 350 ml Vehicles - NajNaj.eu","robots":{"index":"index","follow":"follow","max-snippet":"max-snippet:-1","max-image-preview":"max-image-preview:large","max-video-preview":"max-video-preview:-1"},"canonical":"https:\/\/najnaj.eu\/fr\/proizvod\/citron-termo-posuda-za-hranu-350-ml-vehicles\/","og_locale":"fr_FR","og_type":"article","og_title":"Citron Termo posuda za hranu 350 ml Vehicles","og_description":"Termalna posuda za hranu srednje veli\u010dine s trostrukom izolacijom  Ergonomski dizajniran poklopac  Odr\u017eava hranu toplom do 6 sati i hladnom do 7 sati  Sigurno za hranu, nepropusna i bez BPA  Dob: 18+ mjeseci","og_url":"https:\/\/najnaj.eu\/fr\/proizvod\/citron-termo-posuda-za-hranu-350-ml-vehicles\/","og_site_name":"NajNaj.eu","article_publisher":"https:\/\/web.facebook.com\/najnaj.eu\/","article_modified_time":"2026-02-03T19:42:45+00:00","og_image":[{"width":900,"height":900,"url":"https:\/\/najnaj.eu\/wp-content\/uploads\/2025\/07\/6290361065334-4-2.jpg","type":"image\/jpeg"}],"twitter_card":"summary_large_image","twitter_misc":{"Prix":"35,99&nbsp;&euro;","Disponibilit\u00e9":"Rupture de stock"},"schema":{"@context":"https:\/\/schema.org","@graph":[{"@type":"WebPage","@id":"https:\/\/najnaj.eu\/fr\/proizvod\/citron-termo-posuda-za-hranu-350-ml-vehicles\/","url":"https:\/\/najnaj.eu\/fr\/proizvod\/citron-termo-posuda-za-hranu-350-ml-vehicles\/","name":"Citron Termo posuda za hranu 350 ml Vehicles - NajNaj.eu","isPartOf":{"@id":"https:\/\/najnaj.eu\/fr\/#website"},"primaryImageOfPage":{"@id":"https:\/\/najnaj.eu\/fr\/proizvod\/citron-termo-posuda-za-hranu-350-ml-vehicles\/#primaryimage"},"image":{"@id":"https:\/\/najnaj.eu\/fr\/proizvod\/citron-termo-posuda-za-hranu-350-ml-vehicles\/#primaryimage"},"thumbnailUrl":"https:\/\/najnaj.eu\/wp-content\/uploads\/2025\/07\/6290361065334-4-2.jpg","datePublished":"2025-07-16T10:02:03+00:00","dateModified":"2026-02-03T19:42:45+00:00","breadcrumb":{"@id":"https:\/\/najnaj.eu\/fr\/proizvod\/citron-termo-posuda-za-hranu-350-ml-vehicles\/#breadcrumb"},"inLanguage":"fr-FR","potentialAction":[{"@type":"ReadAction","target":["https:\/\/najnaj.eu\/fr\/proizvod\/citron-termo-posuda-za-hranu-350-ml-vehicles\/"]}]},{"@type":"ImageObject","inLanguage":"fr-FR","@id":"https:\/\/najnaj.eu\/fr\/proizvod\/citron-termo-posuda-za-hranu-350-ml-vehicles\/#primaryimage","url":"https:\/\/najnaj.eu\/wp-content\/uploads\/2025\/07\/6290361065334-4-2.jpg","contentUrl":"https:\/\/najnaj.eu\/wp-content\/uploads\/2025\/07\/6290361065334-4-2.jpg","width":900,"height":900},{"@type":"BreadcrumbList","@id":"https:\/\/najnaj.eu\/fr\/proizvod\/citron-termo-posuda-za-hranu-350-ml-vehicles\/#breadcrumb","itemListElement":[{"@type":"ListItem","position":1,"name":"Po\u010detna stranica","item":"https:\/\/najnaj.eu\/fr\/"},{"@type":"ListItem","position":2,"name":"Trgovina","item":"https:\/\/najnaj.hr\/trgovina\/"},{"@type":"ListItem","position":3,"name":"Citron Termo posuda za hranu 350 ml Vehicles"}]},{"@type":"WebSite","@id":"https:\/\/najnaj.eu\/fr\/#website","url":"https:\/\/najnaj.eu\/fr\/","name":"NajNaj.eu","description":"Za najva\u017enije!","potentialAction":[{"@type":"SearchAction","target":{"@type":"EntryPoint","urlTemplate":"https:\/\/najnaj.eu\/fr\/?s={search_term_string}"},"query-input":{"@type":"PropertyValueSpecification","valueRequired":true,"valueName":"search_term_string"}}],"inLanguage":"fr-FR"}]},"product_brand":"Citron","product_price_amount":"35.99","product_price_currency":"EUR","og_availability":"out of stock","product_availability":"out of stock","product_retailer_item_id":"Classic_Thermal_FJ_350_Vehicles","product_condition":"new"},"_links":{"self":[{"href":"https:\/\/najnaj.eu\/fr\/wp-json\/wp\/v2\/product\/260199","targetHints":{"allow":["GET"]}}],"collection":[{"href":"https:\/\/najnaj.eu\/fr\/wp-json\/wp\/v2\/product"}],"about":[{"href":"https:\/\/najnaj.eu\/fr\/wp-json\/wp\/v2\/types\/product"}],"replies":[{"embeddable":true,"href":"https:\/\/najnaj.eu\/fr\/wp-json\/wp\/v2\/comments?post=260199"}],"version-history":[{"count":0,"href":"https:\/\/najnaj.eu\/fr\/wp-json\/wp\/v2\/product\/260199\/revisions"}],"wp:featuredmedia":[{"embeddable":true,"href":"https:\/\/najnaj.eu\/fr\/wp-json\/wp\/v2\/media\/271479"}],"wp:attachment":[{"href":"https:\/\/najnaj.eu\/fr\/wp-json\/wp\/v2\/media?parent=260199"}],"wp:term":[{"taxonomy":"product_brand","embeddable":true,"href":"https:\/\/najnaj.eu\/fr\/wp-json\/wp\/v2\/product_brand?post=260199"},{"taxonomy":"product_cat","embeddable":true,"href":"https:\/\/najnaj.eu\/fr\/wp-json\/wp\/v2\/product_cat?post=260199"},{"taxonomy":"product_tag","embeddable":true,"href":"https:\/\/najnaj.eu\/fr\/wp-json\/wp\/v2\/product_tag?post=260199"}],"curies":[{"name":"wp","href":"https:\/\/api.w.org\/{rel}","templated":true}]}}