{"id":260107,"date":"2025-07-16T10:14:46","date_gmt":"2025-07-16T08:14:46","guid":{"rendered":"https:\/\/najnaj.eu\/?post_type=product&#038;p=260107"},"modified":"2026-02-05T14:33:57","modified_gmt":"2026-02-05T13:33:57","slug":"citron-500ml-boca-za-vodu-spaceship-dusty-blue","status":"publish","type":"product","link":"https:\/\/najnaj.eu\/fr\/proizvod\/citron-500ml-boca-za-vodu-spaceship-dusty-blue\/","title":{"rendered":"Citron 500ml Boca za vodu Spaceship Dusty Blue"},"content":{"rendered":"<p>Ova kvalitetna trostrukom stijenkom izolirana boca za vodu od 500 ml idealna je za djecu od 12+ mjeseci. Izra\u0111ena od izdr\u017eljivog nehr\u0111aju\u0107eg \u010delika 304 odobrenog za kontakt s hranom, ova prakti\u010dna boca dimenzija 6.1 x 23.9 cm \u010duva napitke do 55\u00b0C. S LFGB certifikatom od SGS-a, osigurava sigurnost i pouzdanost za svakodnevnu upotrebu.<\/p>\n<ul>\n<li>Vakuumski izolirana s trostrukom stijenkom za odr\u017eavanje temperature pi\u0107a<\/li>\n<li>Odr\u017eava vodu hladnom do 24 sata i toplom do 12 sati<\/li>\n<li>Napravljena bez otrovnih materijala (bez BPA, ftalata i olova)<\/li>\n<li>Odr\u017eava torbu za ru\u010dak suhom i \u010distom pomo\u0107u nepropusnog poklopca<\/li>\n<li>Ostaje suha i hladna izvana, bez obzira koliko vru\u0107 ili hladan bio njezin sadr\u017eaj<\/li>\n<li>Uklju\u010duje 1 poklopac, 2 slamke, 1 \u010detku za \u010di\u0161\u0107enje, 1 neklizaju\u0107i silikonski odbojni<\/li>\n<\/ul>\n","protected":false},"excerpt":{"rendered":"<p>Velika djeca, tinejd\u017eeri i odrasli odu\u0161evit \u0107e se na\u0161om termo izoliranom bocom za vodu od 500 ml. \u0160iroki otvor omogu\u0107uje jednostavno pijenje, dok ergonomski dizajn bez znojenja i silikonski nastavak pru\u017eaju otpornost na udarce. Zahvaljuju\u0107i naprednoj trostrukoj izolacijskoj tehnologiji, va\u0161i napitci ostaju topli do 12 sati i hladni do 24 sata!<\/p>\n","protected":false},"featured_media":260108,"comment_status":"closed","ping_status":"closed","template":"","meta":{"_acf_changed":false,"footnotes":""},"product_brand":[],"product_cat":[654,1709,622],"product_tag":[2141,2271],"class_list":{"0":"post-260107","1":"product","2":"type-product","3":"status-publish","4":"has-post-thumbnail","6":"product_cat-boce-za-vodu","7":"product_cat-pokloni","8":"product_cat-posude","9":"product_tag-personalizirani-proizvodi","10":"product_tag-zima","11":"pa_boja-plava","12":"pa_brand-citron","13":"pa_vrsta-posuda-bocice-za-vodu","14":"pa_vrsta-posuda-termo-bocice","16":"first","17":"instock","18":"shipping-taxable","19":"purchasable","20":"product-type-simple"},"bundled_by":[],"bundle_stock_status":"instock","bundle_stock_quantity":15,"bundle_virtual":false,"bundle_layout":"","bundle_add_to_cart_form_location":"","bundle_editable_in_cart":false,"bundle_sold_individually_context":"","bundle_item_grouping":"","bundle_min_size":"","bundle_max_size":"","bundle_price":[],"bundled_items":[],"bundle_sell_ids":[],"acf":[],"yoast_head":"<!-- This site is optimized with the Yoast SEO Premium plugin v21.5 (Yoast SEO v27.4) - https:\/\/yoast.com\/product\/yoast-seo-premium-wordpress\/ -->\n<title>Citron 500ml Boca za vodu Spaceship Dusty Blue - NajNaj.eu<\/title>\n<meta name=\"robots\" content=\"index, follow, max-snippet:-1, max-image-preview:large, max-video-preview:-1\" \/>\n<link rel=\"canonical\" href=\"https:\/\/najnaj.eu\/fr\/proizvod\/citron-500ml-boca-za-vodu-spaceship-dusty-blue\/\" \/>\n<meta property=\"og:locale\" content=\"fr_FR\" \/>\n<meta property=\"og:type\" content=\"article\" \/>\n<meta property=\"og:title\" content=\"Citron 500ml Boca za vodu Spaceship Dusty Blue\" \/>\n<meta property=\"og:description\" content=\"Velika djeca, tinejd\u017eeri i odrasli odu\u0161evit \u0107e se na\u0161om termo izoliranom bocom za vodu od 500 ml. \u0160iroki otvor omogu\u0107uje jednostavno pijenje, dok ergonomski dizajn bez znojenja i silikonski nastavak pru\u017eaju otpornost na udarce. Zahvaljuju\u0107i naprednoj trostrukoj izolacijskoj tehnologiji, va\u0161i napitci ostaju topli do 12 sati i hladni do 24 sata!\" \/>\n<meta property=\"og:url\" content=\"https:\/\/najnaj.eu\/fr\/proizvod\/citron-500ml-boca-za-vodu-spaceship-dusty-blue\/\" \/>\n<meta property=\"og:site_name\" content=\"NajNaj.eu\" \/>\n<meta property=\"article:publisher\" content=\"https:\/\/web.facebook.com\/najnaj.eu\/\" \/>\n<meta property=\"article:modified_time\" content=\"2026-02-05T13:33:57+00:00\" \/>\n<meta property=\"og:image\" content=\"https:\/\/najnaj.eu\/wp-content\/uploads\/2025\/07\/2024_wb_500_spaceship.jpg\" \/>\n\t<meta property=\"og:image:width\" content=\"2000\" \/>\n\t<meta property=\"og:image:height\" content=\"2000\" \/>\n\t<meta property=\"og:image:type\" content=\"image\/jpeg\" \/>\n<meta name=\"twitter:card\" content=\"summary_large_image\" \/>\n<meta name=\"twitter:label1\" content=\"Prix\" \/>\n\t<meta name=\"twitter:data1\" content=\"36,99&nbsp;&euro;\" \/>\n\t<meta name=\"twitter:label2\" content=\"Disponibilit\u00e9\" \/>\n\t<meta name=\"twitter:data2\" content=\"En stock\" \/>\n<script type=\"application\/ld+json\" class=\"yoast-schema-graph\">{\"@context\":\"https:\\\/\\\/schema.org\",\"@graph\":[{\"@type\":\"WebPage\",\"@id\":\"https:\\\/\\\/najnaj.eu\\\/fr\\\/proizvod\\\/citron-500ml-boca-za-vodu-spaceship-dusty-blue\\\/\",\"url\":\"https:\\\/\\\/najnaj.eu\\\/fr\\\/proizvod\\\/citron-500ml-boca-za-vodu-spaceship-dusty-blue\\\/\",\"name\":\"Citron 500ml Boca za vodu Spaceship Dusty Blue - NajNaj.eu\",\"isPartOf\":{\"@id\":\"https:\\\/\\\/najnaj.eu\\\/fr\\\/#website\"},\"primaryImageOfPage\":{\"@id\":\"https:\\\/\\\/najnaj.eu\\\/fr\\\/proizvod\\\/citron-500ml-boca-za-vodu-spaceship-dusty-blue\\\/#primaryimage\"},\"image\":{\"@id\":\"https:\\\/\\\/najnaj.eu\\\/fr\\\/proizvod\\\/citron-500ml-boca-za-vodu-spaceship-dusty-blue\\\/#primaryimage\"},\"thumbnailUrl\":\"https:\\\/\\\/najnaj.eu\\\/wp-content\\\/uploads\\\/2025\\\/07\\\/2024_wb_500_spaceship.jpg\",\"datePublished\":\"2025-07-16T08:14:46+00:00\",\"dateModified\":\"2026-02-05T13:33:57+00:00\",\"breadcrumb\":{\"@id\":\"https:\\\/\\\/najnaj.eu\\\/fr\\\/proizvod\\\/citron-500ml-boca-za-vodu-spaceship-dusty-blue\\\/#breadcrumb\"},\"inLanguage\":\"fr-FR\",\"potentialAction\":[{\"@type\":\"ReadAction\",\"target\":[\"https:\\\/\\\/najnaj.eu\\\/fr\\\/proizvod\\\/citron-500ml-boca-za-vodu-spaceship-dusty-blue\\\/\"]}]},{\"@type\":\"ImageObject\",\"inLanguage\":\"fr-FR\",\"@id\":\"https:\\\/\\\/najnaj.eu\\\/fr\\\/proizvod\\\/citron-500ml-boca-za-vodu-spaceship-dusty-blue\\\/#primaryimage\",\"url\":\"https:\\\/\\\/najnaj.eu\\\/wp-content\\\/uploads\\\/2025\\\/07\\\/2024_wb_500_spaceship.jpg\",\"contentUrl\":\"https:\\\/\\\/najnaj.eu\\\/wp-content\\\/uploads\\\/2025\\\/07\\\/2024_wb_500_spaceship.jpg\",\"width\":2000,\"height\":2000},{\"@type\":\"BreadcrumbList\",\"@id\":\"https:\\\/\\\/najnaj.eu\\\/fr\\\/proizvod\\\/citron-500ml-boca-za-vodu-spaceship-dusty-blue\\\/#breadcrumb\",\"itemListElement\":[{\"@type\":\"ListItem\",\"position\":1,\"name\":\"Po\u010detna stranica\",\"item\":\"https:\\\/\\\/najnaj.eu\\\/fr\\\/\"},{\"@type\":\"ListItem\",\"position\":2,\"name\":\"Trgovina\",\"item\":\"https:\\\/\\\/najnaj.hr\\\/trgovina\\\/\"},{\"@type\":\"ListItem\",\"position\":3,\"name\":\"Citron 500ml Boca za vodu Spaceship Dusty Blue\"}]},{\"@type\":\"WebSite\",\"@id\":\"https:\\\/\\\/najnaj.eu\\\/fr\\\/#website\",\"url\":\"https:\\\/\\\/najnaj.eu\\\/fr\\\/\",\"name\":\"NajNaj.eu\",\"description\":\"Za najva\u017enije!\",\"potentialAction\":[{\"@type\":\"SearchAction\",\"target\":{\"@type\":\"EntryPoint\",\"urlTemplate\":\"https:\\\/\\\/najnaj.eu\\\/fr\\\/?s={search_term_string}\"},\"query-input\":{\"@type\":\"PropertyValueSpecification\",\"valueRequired\":true,\"valueName\":\"search_term_string\"}}],\"inLanguage\":\"fr-FR\"}]}<\/script>\n<meta property=\"product:brand\" content=\"Citron\" \/>\n<meta property=\"product:price:amount\" content=\"36.99\" \/>\n<meta property=\"product:price:currency\" content=\"EUR\" \/>\n<meta property=\"og:availability\" content=\"instock\" \/>\n<meta property=\"product:availability\" content=\"instock\" \/>\n<meta property=\"product:retailer_item_id\" content=\"2025_wb_500_Spacheship\" \/>\n<meta property=\"product:condition\" content=\"new\" \/>\n<!-- \/ Yoast SEO Premium plugin. -->","yoast_head_json":{"title":"Citron 500ml Boca za vodu Spaceship Dusty Blue - NajNaj.eu","robots":{"index":"index","follow":"follow","max-snippet":"max-snippet:-1","max-image-preview":"max-image-preview:large","max-video-preview":"max-video-preview:-1"},"canonical":"https:\/\/najnaj.eu\/fr\/proizvod\/citron-500ml-boca-za-vodu-spaceship-dusty-blue\/","og_locale":"fr_FR","og_type":"article","og_title":"Citron 500ml Boca za vodu Spaceship Dusty Blue","og_description":"Velika djeca, tinejd\u017eeri i odrasli odu\u0161evit \u0107e se na\u0161om termo izoliranom bocom za vodu od 500 ml. \u0160iroki otvor omogu\u0107uje jednostavno pijenje, dok ergonomski dizajn bez znojenja i silikonski nastavak pru\u017eaju otpornost na udarce. Zahvaljuju\u0107i naprednoj trostrukoj izolacijskoj tehnologiji, va\u0161i napitci ostaju topli do 12 sati i hladni do 24 sata!","og_url":"https:\/\/najnaj.eu\/fr\/proizvod\/citron-500ml-boca-za-vodu-spaceship-dusty-blue\/","og_site_name":"NajNaj.eu","article_publisher":"https:\/\/web.facebook.com\/najnaj.eu\/","article_modified_time":"2026-02-05T13:33:57+00:00","og_image":[{"width":2000,"height":2000,"url":"https:\/\/najnaj.eu\/wp-content\/uploads\/2025\/07\/2024_wb_500_spaceship.jpg","type":"image\/jpeg"}],"twitter_card":"summary_large_image","twitter_misc":{"Prix":"36,99&nbsp;&euro;","Disponibilit\u00e9":"En stock"},"schema":{"@context":"https:\/\/schema.org","@graph":[{"@type":"WebPage","@id":"https:\/\/najnaj.eu\/fr\/proizvod\/citron-500ml-boca-za-vodu-spaceship-dusty-blue\/","url":"https:\/\/najnaj.eu\/fr\/proizvod\/citron-500ml-boca-za-vodu-spaceship-dusty-blue\/","name":"Citron 500ml Boca za vodu Spaceship Dusty Blue - NajNaj.eu","isPartOf":{"@id":"https:\/\/najnaj.eu\/fr\/#website"},"primaryImageOfPage":{"@id":"https:\/\/najnaj.eu\/fr\/proizvod\/citron-500ml-boca-za-vodu-spaceship-dusty-blue\/#primaryimage"},"image":{"@id":"https:\/\/najnaj.eu\/fr\/proizvod\/citron-500ml-boca-za-vodu-spaceship-dusty-blue\/#primaryimage"},"thumbnailUrl":"https:\/\/najnaj.eu\/wp-content\/uploads\/2025\/07\/2024_wb_500_spaceship.jpg","datePublished":"2025-07-16T08:14:46+00:00","dateModified":"2026-02-05T13:33:57+00:00","breadcrumb":{"@id":"https:\/\/najnaj.eu\/fr\/proizvod\/citron-500ml-boca-za-vodu-spaceship-dusty-blue\/#breadcrumb"},"inLanguage":"fr-FR","potentialAction":[{"@type":"ReadAction","target":["https:\/\/najnaj.eu\/fr\/proizvod\/citron-500ml-boca-za-vodu-spaceship-dusty-blue\/"]}]},{"@type":"ImageObject","inLanguage":"fr-FR","@id":"https:\/\/najnaj.eu\/fr\/proizvod\/citron-500ml-boca-za-vodu-spaceship-dusty-blue\/#primaryimage","url":"https:\/\/najnaj.eu\/wp-content\/uploads\/2025\/07\/2024_wb_500_spaceship.jpg","contentUrl":"https:\/\/najnaj.eu\/wp-content\/uploads\/2025\/07\/2024_wb_500_spaceship.jpg","width":2000,"height":2000},{"@type":"BreadcrumbList","@id":"https:\/\/najnaj.eu\/fr\/proizvod\/citron-500ml-boca-za-vodu-spaceship-dusty-blue\/#breadcrumb","itemListElement":[{"@type":"ListItem","position":1,"name":"Po\u010detna stranica","item":"https:\/\/najnaj.eu\/fr\/"},{"@type":"ListItem","position":2,"name":"Trgovina","item":"https:\/\/najnaj.hr\/trgovina\/"},{"@type":"ListItem","position":3,"name":"Citron 500ml Boca za vodu Spaceship Dusty Blue"}]},{"@type":"WebSite","@id":"https:\/\/najnaj.eu\/fr\/#website","url":"https:\/\/najnaj.eu\/fr\/","name":"NajNaj.eu","description":"Za najva\u017enije!","potentialAction":[{"@type":"SearchAction","target":{"@type":"EntryPoint","urlTemplate":"https:\/\/najnaj.eu\/fr\/?s={search_term_string}"},"query-input":{"@type":"PropertyValueSpecification","valueRequired":true,"valueName":"search_term_string"}}],"inLanguage":"fr-FR"}]},"product_brand":"Citron","product_price_amount":"36.99","product_price_currency":"EUR","og_availability":"instock","product_availability":"instock","product_retailer_item_id":"2025_wb_500_Spacheship","product_condition":"new"},"_links":{"self":[{"href":"https:\/\/najnaj.eu\/fr\/wp-json\/wp\/v2\/product\/260107","targetHints":{"allow":["GET"]}}],"collection":[{"href":"https:\/\/najnaj.eu\/fr\/wp-json\/wp\/v2\/product"}],"about":[{"href":"https:\/\/najnaj.eu\/fr\/wp-json\/wp\/v2\/types\/product"}],"replies":[{"embeddable":true,"href":"https:\/\/najnaj.eu\/fr\/wp-json\/wp\/v2\/comments?post=260107"}],"version-history":[{"count":0,"href":"https:\/\/najnaj.eu\/fr\/wp-json\/wp\/v2\/product\/260107\/revisions"}],"wp:featuredmedia":[{"embeddable":true,"href":"https:\/\/najnaj.eu\/fr\/wp-json\/wp\/v2\/media\/260108"}],"wp:attachment":[{"href":"https:\/\/najnaj.eu\/fr\/wp-json\/wp\/v2\/media?parent=260107"}],"wp:term":[{"taxonomy":"product_brand","embeddable":true,"href":"https:\/\/najnaj.eu\/fr\/wp-json\/wp\/v2\/product_brand?post=260107"},{"taxonomy":"product_cat","embeddable":true,"href":"https:\/\/najnaj.eu\/fr\/wp-json\/wp\/v2\/product_cat?post=260107"},{"taxonomy":"product_tag","embeddable":true,"href":"https:\/\/najnaj.eu\/fr\/wp-json\/wp\/v2\/product_tag?post=260107"}],"curies":[{"name":"wp","href":"https:\/\/api.w.org\/{rel}","templated":true}]}}