{"id":258944,"date":"2025-07-03T14:16:27","date_gmt":"2025-07-03T12:16:27","guid":{"rendered":"https:\/\/najnaj.eu\/?post_type=product&#038;p=258944"},"modified":"2026-02-04T15:59:14","modified_gmt":"2026-02-04T14:59:14","slug":"lassig-posude-set-pp-celuloza-happy-fruits-lemon-tanjur-zdjelica-salica-zlica","status":"publish","type":"product","link":"https:\/\/najnaj.eu\/fr\/proizvod\/lassig-posude-set-pp-celuloza-happy-fruits-lemon-tanjur-zdjelica-salica-zlica\/","title":{"rendered":"L\u00e4ssig Posu\u0111e Set PP\/celuloza Happy Fruits Lemon (Tanjur, Zdjelica, \u0160alica, \u017dlica)"},"content":{"rendered":"<p>Veselo vo\u0107e, prava zabava! Prvi poku\u0161aji samostalnog hranjenja bit \u0107e jednostavni uz L\u00c4SSIG dje\u010dji set posu\u0111a od 4 dijela iz kolekcije Happy Fruits.<\/p>\n<p>Informacije o proizvodu:<\/p>\n<p>&#8211; Set od 4 dijela: tanjur, zdjelica, \u010da\u0161a, \u017elica<br \/>\n&#8211; Dimenzije s ambala\u017eom: 22,7 x 7,2 x 26 cm \/ 341 g<br \/>\n&#8211; Materijal: 70 % polipropilen (PP), 30 % celuloza<br \/>\n&#8211; Bez BPA<\/p>\n<p>Posebne zna\u010dajke:<\/p>\n<p>&#8211; Odli\u010dan hvat na stolu zahvaljuju\u0107i protukliznom dnu<br \/>\n&#8211; Prikladno za perilicu posu\u0111a i mikrovalnu pe\u0107nicu (do maksimalno 400 W)<br \/>\n&#8211; Materijal lagan i otporan na lomljenje<\/p>\n<p>Set posu\u0111a izra\u0111en je od kombinacije polipropilena i celuloze, \u010dime se \u0161tedi kori\u0161tenje dragocjenih i ograni\u010denih sirovina u odnosu na klasi\u010dni polipropilen. Savr\u0161en je dodatak mnogim drugim proizvodima iz kolekcije Happy Fruits.<\/p>\n","protected":false},"excerpt":{"rendered":"<p>Dje\u010dji set posu\u0111a iz L\u00c4SSIG kolekcije Happy Fruits odlikuje se impresivnom funkcionalno\u0161\u0107u, pa\u017eljivim dizajnom i materijalima koji \u0161tede resurse. Tanjur je bez BPA, lagan, te siguran za kori\u0161tenje u mikrovalnoj pe\u0107nici i perilici posu\u0111a.<\/p>\n","protected":false},"featured_media":258946,"comment_status":"closed","ping_status":"closed","template":"","meta":{"_acf_changed":false,"footnotes":""},"product_brand":[],"product_cat":[577,2382,622,2216],"product_tag":[],"class_list":{"0":"post-258944","1":"product","2":"type-product","3":"status-publish","4":"has-post-thumbnail","6":"product_cat-hranjenje","7":"product_cat-cadeaux","8":"product_cat-posude","9":"product_cat-setovi-za-hranjenje","10":"pa_boja-plava","11":"pa_brand-lassig","12":"pa_vrsta-posuda-casice-i-salice","13":"pa_vrsta-posuda-tanjuri-i-zdjelice","15":"first","16":"instock","17":"shipping-taxable","18":"purchasable","19":"product-type-simple"},"bundled_by":[],"bundle_stock_status":"instock","bundle_stock_quantity":13,"bundle_virtual":false,"bundle_layout":"","bundle_add_to_cart_form_location":"","bundle_editable_in_cart":false,"bundle_sold_individually_context":"","bundle_item_grouping":"","bundle_min_size":"","bundle_max_size":"","bundle_price":[],"bundled_items":[],"bundle_sell_ids":[],"acf":[],"yoast_head":"<!-- This site is optimized with the Yoast SEO Premium plugin v21.5 (Yoast SEO v27.4) - https:\/\/yoast.com\/product\/yoast-seo-premium-wordpress\/ -->\n<title>L\u00e4ssig Posu\u0111e Set PP\/celuloza Happy Fruits Lemon (Tanjur, Zdjelica, \u0160alica, \u017dlica) - NajNaj.eu<\/title>\n<meta name=\"robots\" content=\"index, follow, max-snippet:-1, max-image-preview:large, max-video-preview:-1\" \/>\n<link rel=\"canonical\" href=\"https:\/\/najnaj.eu\/fr\/proizvod\/lassig-posude-set-pp-celuloza-happy-fruits-lemon-tanjur-zdjelica-salica-zlica\/\" \/>\n<meta property=\"og:locale\" content=\"fr_FR\" \/>\n<meta property=\"og:type\" content=\"article\" \/>\n<meta property=\"og:title\" content=\"L\u00e4ssig Posu\u0111e Set PP\/celuloza Happy Fruits Lemon (Tanjur, Zdjelica, \u0160alica, \u017dlica)\" \/>\n<meta property=\"og:description\" content=\"Dje\u010dji set posu\u0111a iz L\u00c4SSIG kolekcije Happy Fruits odlikuje se impresivnom funkcionalno\u0161\u0107u, pa\u017eljivim dizajnom i materijalima koji \u0161tede resurse. Tanjur je bez BPA, lagan, te siguran za kori\u0161tenje u mikrovalnoj pe\u0107nici i perilici posu\u0111a.\" \/>\n<meta property=\"og:url\" content=\"https:\/\/najnaj.eu\/fr\/proizvod\/lassig-posude-set-pp-celuloza-happy-fruits-lemon-tanjur-zdjelica-salica-zlica\/\" \/>\n<meta property=\"og:site_name\" content=\"NajNaj.eu\" \/>\n<meta property=\"article:publisher\" content=\"https:\/\/web.facebook.com\/najnaj.eu\/\" \/>\n<meta property=\"article:modified_time\" content=\"2026-02-04T14:59:14+00:00\" \/>\n<meta property=\"og:image\" content=\"https:\/\/najnaj.eu\/wp-content\/uploads\/2025\/07\/KID_F24_13100624008_P_1.jpg\" \/>\n\t<meta property=\"og:image:width\" content=\"2000\" \/>\n\t<meta property=\"og:image:height\" content=\"2001\" \/>\n\t<meta property=\"og:image:type\" content=\"image\/jpeg\" \/>\n<meta name=\"twitter:card\" content=\"summary_large_image\" \/>\n<meta name=\"twitter:label1\" content=\"Prix\" \/>\n\t<meta name=\"twitter:data1\" content=\"24,95&nbsp;&euro;\" \/>\n\t<meta name=\"twitter:label2\" content=\"Disponibilit\u00e9\" \/>\n\t<meta name=\"twitter:data2\" content=\"En stock\" \/>\n<script type=\"application\/ld+json\" class=\"yoast-schema-graph\">{\"@context\":\"https:\\\/\\\/schema.org\",\"@graph\":[{\"@type\":\"WebPage\",\"@id\":\"https:\\\/\\\/najnaj.eu\\\/fr\\\/proizvod\\\/lassig-posude-set-pp-celuloza-happy-fruits-lemon-tanjur-zdjelica-salica-zlica\\\/\",\"url\":\"https:\\\/\\\/najnaj.eu\\\/fr\\\/proizvod\\\/lassig-posude-set-pp-celuloza-happy-fruits-lemon-tanjur-zdjelica-salica-zlica\\\/\",\"name\":\"L\u00e4ssig Posu\u0111e Set PP\\\/celuloza Happy Fruits Lemon (Tanjur, Zdjelica, \u0160alica, \u017dlica) - NajNaj.eu\",\"isPartOf\":{\"@id\":\"https:\\\/\\\/najnaj.eu\\\/fr\\\/#website\"},\"primaryImageOfPage\":{\"@id\":\"https:\\\/\\\/najnaj.eu\\\/fr\\\/proizvod\\\/lassig-posude-set-pp-celuloza-happy-fruits-lemon-tanjur-zdjelica-salica-zlica\\\/#primaryimage\"},\"image\":{\"@id\":\"https:\\\/\\\/najnaj.eu\\\/fr\\\/proizvod\\\/lassig-posude-set-pp-celuloza-happy-fruits-lemon-tanjur-zdjelica-salica-zlica\\\/#primaryimage\"},\"thumbnailUrl\":\"https:\\\/\\\/najnaj.eu\\\/wp-content\\\/uploads\\\/2025\\\/07\\\/KID_F24_13100624008_P_1.jpg\",\"datePublished\":\"2025-07-03T12:16:27+00:00\",\"dateModified\":\"2026-02-04T14:59:14+00:00\",\"breadcrumb\":{\"@id\":\"https:\\\/\\\/najnaj.eu\\\/fr\\\/proizvod\\\/lassig-posude-set-pp-celuloza-happy-fruits-lemon-tanjur-zdjelica-salica-zlica\\\/#breadcrumb\"},\"inLanguage\":\"fr-FR\",\"potentialAction\":[{\"@type\":\"ReadAction\",\"target\":[\"https:\\\/\\\/najnaj.eu\\\/fr\\\/proizvod\\\/lassig-posude-set-pp-celuloza-happy-fruits-lemon-tanjur-zdjelica-salica-zlica\\\/\"]}]},{\"@type\":\"ImageObject\",\"inLanguage\":\"fr-FR\",\"@id\":\"https:\\\/\\\/najnaj.eu\\\/fr\\\/proizvod\\\/lassig-posude-set-pp-celuloza-happy-fruits-lemon-tanjur-zdjelica-salica-zlica\\\/#primaryimage\",\"url\":\"https:\\\/\\\/najnaj.eu\\\/wp-content\\\/uploads\\\/2025\\\/07\\\/KID_F24_13100624008_P_1.jpg\",\"contentUrl\":\"https:\\\/\\\/najnaj.eu\\\/wp-content\\\/uploads\\\/2025\\\/07\\\/KID_F24_13100624008_P_1.jpg\",\"width\":2000,\"height\":2001},{\"@type\":\"BreadcrumbList\",\"@id\":\"https:\\\/\\\/najnaj.eu\\\/fr\\\/proizvod\\\/lassig-posude-set-pp-celuloza-happy-fruits-lemon-tanjur-zdjelica-salica-zlica\\\/#breadcrumb\",\"itemListElement\":[{\"@type\":\"ListItem\",\"position\":1,\"name\":\"Po\u010detna stranica\",\"item\":\"https:\\\/\\\/najnaj.eu\\\/fr\\\/\"},{\"@type\":\"ListItem\",\"position\":2,\"name\":\"Trgovina\",\"item\":\"https:\\\/\\\/najnaj.hr\\\/trgovina\\\/\"},{\"@type\":\"ListItem\",\"position\":3,\"name\":\"L\u00e4ssig Posu\u0111e Set PP\\\/celuloza Happy Fruits Lemon (Tanjur, Zdjelica, \u0160alica, \u017dlica)\"}]},{\"@type\":\"WebSite\",\"@id\":\"https:\\\/\\\/najnaj.eu\\\/fr\\\/#website\",\"url\":\"https:\\\/\\\/najnaj.eu\\\/fr\\\/\",\"name\":\"NajNaj.eu\",\"description\":\"Za najva\u017enije!\",\"potentialAction\":[{\"@type\":\"SearchAction\",\"target\":{\"@type\":\"EntryPoint\",\"urlTemplate\":\"https:\\\/\\\/najnaj.eu\\\/fr\\\/?s={search_term_string}\"},\"query-input\":{\"@type\":\"PropertyValueSpecification\",\"valueRequired\":true,\"valueName\":\"search_term_string\"}}],\"inLanguage\":\"fr-FR\"}]}<\/script>\n<meta property=\"product:brand\" content=\"L\u00e4ssig\" \/>\n<meta property=\"product:price:amount\" content=\"24.95\" \/>\n<meta property=\"product:price:currency\" content=\"EUR\" \/>\n<meta property=\"og:availability\" content=\"instock\" \/>\n<meta property=\"product:availability\" content=\"instock\" \/>\n<meta property=\"product:retailer_item_id\" content=\"13100624008\" \/>\n<meta property=\"product:condition\" content=\"new\" \/>\n<!-- \/ Yoast SEO Premium plugin. -->","yoast_head_json":{"title":"L\u00e4ssig Posu\u0111e Set PP\/celuloza Happy Fruits Lemon (Tanjur, Zdjelica, \u0160alica, \u017dlica) - NajNaj.eu","robots":{"index":"index","follow":"follow","max-snippet":"max-snippet:-1","max-image-preview":"max-image-preview:large","max-video-preview":"max-video-preview:-1"},"canonical":"https:\/\/najnaj.eu\/fr\/proizvod\/lassig-posude-set-pp-celuloza-happy-fruits-lemon-tanjur-zdjelica-salica-zlica\/","og_locale":"fr_FR","og_type":"article","og_title":"L\u00e4ssig Posu\u0111e Set PP\/celuloza Happy Fruits Lemon (Tanjur, Zdjelica, \u0160alica, \u017dlica)","og_description":"Dje\u010dji set posu\u0111a iz L\u00c4SSIG kolekcije Happy Fruits odlikuje se impresivnom funkcionalno\u0161\u0107u, pa\u017eljivim dizajnom i materijalima koji \u0161tede resurse. Tanjur je bez BPA, lagan, te siguran za kori\u0161tenje u mikrovalnoj pe\u0107nici i perilici posu\u0111a.","og_url":"https:\/\/najnaj.eu\/fr\/proizvod\/lassig-posude-set-pp-celuloza-happy-fruits-lemon-tanjur-zdjelica-salica-zlica\/","og_site_name":"NajNaj.eu","article_publisher":"https:\/\/web.facebook.com\/najnaj.eu\/","article_modified_time":"2026-02-04T14:59:14+00:00","og_image":[{"width":2000,"height":2001,"url":"https:\/\/najnaj.eu\/wp-content\/uploads\/2025\/07\/KID_F24_13100624008_P_1.jpg","type":"image\/jpeg"}],"twitter_card":"summary_large_image","twitter_misc":{"Prix":"24,95&nbsp;&euro;","Disponibilit\u00e9":"En stock"},"schema":{"@context":"https:\/\/schema.org","@graph":[{"@type":"WebPage","@id":"https:\/\/najnaj.eu\/fr\/proizvod\/lassig-posude-set-pp-celuloza-happy-fruits-lemon-tanjur-zdjelica-salica-zlica\/","url":"https:\/\/najnaj.eu\/fr\/proizvod\/lassig-posude-set-pp-celuloza-happy-fruits-lemon-tanjur-zdjelica-salica-zlica\/","name":"L\u00e4ssig Posu\u0111e Set PP\/celuloza Happy Fruits Lemon (Tanjur, Zdjelica, \u0160alica, \u017dlica) - NajNaj.eu","isPartOf":{"@id":"https:\/\/najnaj.eu\/fr\/#website"},"primaryImageOfPage":{"@id":"https:\/\/najnaj.eu\/fr\/proizvod\/lassig-posude-set-pp-celuloza-happy-fruits-lemon-tanjur-zdjelica-salica-zlica\/#primaryimage"},"image":{"@id":"https:\/\/najnaj.eu\/fr\/proizvod\/lassig-posude-set-pp-celuloza-happy-fruits-lemon-tanjur-zdjelica-salica-zlica\/#primaryimage"},"thumbnailUrl":"https:\/\/najnaj.eu\/wp-content\/uploads\/2025\/07\/KID_F24_13100624008_P_1.jpg","datePublished":"2025-07-03T12:16:27+00:00","dateModified":"2026-02-04T14:59:14+00:00","breadcrumb":{"@id":"https:\/\/najnaj.eu\/fr\/proizvod\/lassig-posude-set-pp-celuloza-happy-fruits-lemon-tanjur-zdjelica-salica-zlica\/#breadcrumb"},"inLanguage":"fr-FR","potentialAction":[{"@type":"ReadAction","target":["https:\/\/najnaj.eu\/fr\/proizvod\/lassig-posude-set-pp-celuloza-happy-fruits-lemon-tanjur-zdjelica-salica-zlica\/"]}]},{"@type":"ImageObject","inLanguage":"fr-FR","@id":"https:\/\/najnaj.eu\/fr\/proizvod\/lassig-posude-set-pp-celuloza-happy-fruits-lemon-tanjur-zdjelica-salica-zlica\/#primaryimage","url":"https:\/\/najnaj.eu\/wp-content\/uploads\/2025\/07\/KID_F24_13100624008_P_1.jpg","contentUrl":"https:\/\/najnaj.eu\/wp-content\/uploads\/2025\/07\/KID_F24_13100624008_P_1.jpg","width":2000,"height":2001},{"@type":"BreadcrumbList","@id":"https:\/\/najnaj.eu\/fr\/proizvod\/lassig-posude-set-pp-celuloza-happy-fruits-lemon-tanjur-zdjelica-salica-zlica\/#breadcrumb","itemListElement":[{"@type":"ListItem","position":1,"name":"Po\u010detna stranica","item":"https:\/\/najnaj.eu\/fr\/"},{"@type":"ListItem","position":2,"name":"Trgovina","item":"https:\/\/najnaj.hr\/trgovina\/"},{"@type":"ListItem","position":3,"name":"L\u00e4ssig Posu\u0111e Set PP\/celuloza Happy Fruits Lemon (Tanjur, Zdjelica, \u0160alica, \u017dlica)"}]},{"@type":"WebSite","@id":"https:\/\/najnaj.eu\/fr\/#website","url":"https:\/\/najnaj.eu\/fr\/","name":"NajNaj.eu","description":"Za najva\u017enije!","potentialAction":[{"@type":"SearchAction","target":{"@type":"EntryPoint","urlTemplate":"https:\/\/najnaj.eu\/fr\/?s={search_term_string}"},"query-input":{"@type":"PropertyValueSpecification","valueRequired":true,"valueName":"search_term_string"}}],"inLanguage":"fr-FR"}]},"product_brand":"L\u00e4ssig","product_price_amount":"24.95","product_price_currency":"EUR","og_availability":"instock","product_availability":"instock","product_retailer_item_id":"13100624008","product_condition":"new"},"_links":{"self":[{"href":"https:\/\/najnaj.eu\/fr\/wp-json\/wp\/v2\/product\/258944","targetHints":{"allow":["GET"]}}],"collection":[{"href":"https:\/\/najnaj.eu\/fr\/wp-json\/wp\/v2\/product"}],"about":[{"href":"https:\/\/najnaj.eu\/fr\/wp-json\/wp\/v2\/types\/product"}],"replies":[{"embeddable":true,"href":"https:\/\/najnaj.eu\/fr\/wp-json\/wp\/v2\/comments?post=258944"}],"version-history":[{"count":0,"href":"https:\/\/najnaj.eu\/fr\/wp-json\/wp\/v2\/product\/258944\/revisions"}],"wp:featuredmedia":[{"embeddable":true,"href":"https:\/\/najnaj.eu\/fr\/wp-json\/wp\/v2\/media\/258946"}],"wp:attachment":[{"href":"https:\/\/najnaj.eu\/fr\/wp-json\/wp\/v2\/media?parent=258944"}],"wp:term":[{"taxonomy":"product_brand","embeddable":true,"href":"https:\/\/najnaj.eu\/fr\/wp-json\/wp\/v2\/product_brand?post=258944"},{"taxonomy":"product_cat","embeddable":true,"href":"https:\/\/najnaj.eu\/fr\/wp-json\/wp\/v2\/product_cat?post=258944"},{"taxonomy":"product_tag","embeddable":true,"href":"https:\/\/najnaj.eu\/fr\/wp-json\/wp\/v2\/product_tag?post=258944"}],"curies":[{"name":"wp","href":"https:\/\/api.w.org\/{rel}","templated":true}]}}