{"id":258788,"date":"2025-07-03T13:33:32","date_gmt":"2025-07-03T11:33:32","guid":{"rendered":"https:\/\/najnaj.eu\/?post_type=product&#038;p=258788"},"modified":"2026-02-03T20:44:08","modified_gmt":"2026-02-03T19:44:08","slug":"lassig-tetra-pelena-m-happy-rascals-heart-lavender-3-kom-60-x-60-cm","status":"publish","type":"product","link":"https:\/\/najnaj.eu\/fr\/proizvod\/lassig-tetra-pelena-m-happy-rascals-heart-lavender-3-kom-60-x-60-cm\/","title":{"rendered":"L\u00e4ssig Tetra pelena M Happy Rascals Heart lavender 3 kom, 60 x 60 cm"},"content":{"rendered":"<p>Mali nesta\u0161ci s velikim snovima! Najmanji me\u0111u nama \u010desto donose najve\u0107u radost. Happy Rascals prate najljep\u0161e trenutke, unose dobro raspolo\u017eenje i istovremeno prenose va\u017enu poruku \u2013 za budu\u0107nost ispunjenu ljubavlju, mirom i nadom.<\/p>\n<p>Svijet u koji se ra\u0111aju djeca trebao bi biti ispunjen upravo tim vrijednostima \u2013 nadom, ljubavlju i mirom. Happy Rascals kolekcija prati prve dragocjene trenutke, \u0161iri optimizam i donosi pozitivne poruke. Zajedno stvarajmo budu\u0107nost punu ljubavi, mira i nade.<\/p>\n<p>Vi\u0161enamjenske tetra pelene L\u00c4SSIG Happy Rascals, 60 x 60 cm (pakiranje od 3 komada), dolaze u nje\u017enim bojama i razigranim uzorcima.<br \/>\nIzra\u0111ene su od 100 % organskog pamuka, posebno nje\u017ene prema osjetljivoj bebinoj ko\u017ei.<\/p>\n<p>Ove prakti\u010dne i lijepe vi\u0161enamjenske tetra pelene po\u017eeljet \u0107ete imati pri ruci od prvog dana. Prozra\u010dne su, jednostavne za odr\u017eavanje i svestrane u upotrebi \u2013 idealne kao podbradnjaci, dekice za utjehu ili blazinice za podrigivanje.<\/p>\n<p>Mekana tkanina od pamuka postaje jo\u0161 ugodnija svakim pranjem. Dugotrajne i izdr\u017eljive, savr\u0161ene su za svakodnevicu s bebom.<\/p>\n<p>Tetra pelene iz kolekcije L\u00c4SSIG Happy Rascals posjeduju GOTS certifikat, perive su na 60 \u00b0C i prikladne za su\u0161enje u su\u0161ilici.<\/p>\n","protected":false},"excerpt":{"rendered":"<p>Vi\u0161enamjenske tetra pelene brenda L\u00c4SSIG mogu se koristiti kao krpice za podrigivanje ili dekice za utjehu. Izra\u0111ene su od prozra\u010dnog i jednostavnog za odr\u017eavanje organskog pamuka, nje\u017enog prema osjetljivoj bebinoj ko\u017ei.<\/p>\n","protected":false},"featured_media":258789,"comment_status":"closed","ping_status":"closed","template":"","meta":{"_acf_changed":false,"footnotes":""},"product_brand":[],"product_cat":[577,624],"product_tag":[],"class_list":{"0":"post-258788","1":"product","2":"type-product","3":"status-publish","4":"has-post-thumbnail","6":"product_cat-hranjenje","7":"product_cat-tetra-pelene","8":"pa_boja-bijela","9":"pa_boja-crvena","10":"pa_boja-ljubicasta","11":"pa_brand-lassig","13":"first","14":"instock","15":"shipping-taxable","16":"purchasable","17":"product-type-simple"},"bundled_by":[],"bundle_stock_status":"instock","bundle_stock_quantity":10,"bundle_virtual":false,"bundle_layout":"","bundle_add_to_cart_form_location":"","bundle_editable_in_cart":false,"bundle_sold_individually_context":"","bundle_item_grouping":"","bundle_min_size":"","bundle_max_size":"","bundle_price":[],"bundled_items":[],"bundle_sell_ids":[],"acf":[],"yoast_head":"<!-- This site is optimized with the Yoast SEO Premium plugin v21.5 (Yoast SEO v27.4) - https:\/\/yoast.com\/product\/yoast-seo-premium-wordpress\/ -->\n<title>L\u00e4ssig Tetra pelena M Happy Rascals Heart lavender 3 kom, 60 x 60 cm - NajNaj.eu<\/title>\n<meta name=\"robots\" content=\"index, follow, max-snippet:-1, max-image-preview:large, max-video-preview:-1\" \/>\n<link rel=\"canonical\" href=\"https:\/\/najnaj.eu\/fr\/proizvod\/lassig-tetra-pelena-m-happy-rascals-heart-lavender-3-kom-60-x-60-cm\/\" \/>\n<meta property=\"og:locale\" content=\"fr_FR\" \/>\n<meta property=\"og:type\" content=\"article\" \/>\n<meta property=\"og:title\" content=\"L\u00e4ssig Tetra pelena M Happy Rascals Heart lavender 3 kom, 60 x 60 cm\" \/>\n<meta property=\"og:description\" content=\"Vi\u0161enamjenske tetra pelene brenda L\u00c4SSIG mogu se koristiti kao krpice za podrigivanje ili dekice za utjehu. Izra\u0111ene su od prozra\u010dnog i jednostavnog za odr\u017eavanje organskog pamuka, nje\u017enog prema osjetljivoj bebinoj ko\u017ei.\" \/>\n<meta property=\"og:url\" content=\"https:\/\/najnaj.eu\/fr\/proizvod\/lassig-tetra-pelena-m-happy-rascals-heart-lavender-3-kom-60-x-60-cm\/\" \/>\n<meta property=\"og:site_name\" content=\"NajNaj.eu\" \/>\n<meta property=\"article:publisher\" content=\"https:\/\/web.facebook.com\/najnaj.eu\/\" \/>\n<meta property=\"article:modified_time\" content=\"2026-02-03T19:44:08+00:00\" \/>\n<meta property=\"og:image\" content=\"https:\/\/najnaj.eu\/wp-content\/uploads\/2025\/07\/KID_F23_1312030642_P_3.jpg\" \/>\n\t<meta property=\"og:image:width\" content=\"2000\" \/>\n\t<meta property=\"og:image:height\" content=\"2000\" \/>\n\t<meta property=\"og:image:type\" content=\"image\/jpeg\" \/>\n<meta name=\"twitter:card\" content=\"summary_large_image\" \/>\n<meta name=\"twitter:label1\" content=\"Prix\" \/>\n\t<meta name=\"twitter:data1\" content=\"19,95&nbsp;&euro;\" \/>\n\t<meta name=\"twitter:label2\" content=\"Disponibilit\u00e9\" \/>\n\t<meta name=\"twitter:data2\" content=\"En stock\" \/>\n<script type=\"application\/ld+json\" class=\"yoast-schema-graph\">{\"@context\":\"https:\\\/\\\/schema.org\",\"@graph\":[{\"@type\":\"WebPage\",\"@id\":\"https:\\\/\\\/najnaj.eu\\\/fr\\\/proizvod\\\/lassig-tetra-pelena-m-happy-rascals-heart-lavender-3-kom-60-x-60-cm\\\/\",\"url\":\"https:\\\/\\\/najnaj.eu\\\/fr\\\/proizvod\\\/lassig-tetra-pelena-m-happy-rascals-heart-lavender-3-kom-60-x-60-cm\\\/\",\"name\":\"L\u00e4ssig Tetra pelena M Happy Rascals Heart lavender 3 kom, 60 x 60 cm - NajNaj.eu\",\"isPartOf\":{\"@id\":\"https:\\\/\\\/najnaj.eu\\\/fr\\\/#website\"},\"primaryImageOfPage\":{\"@id\":\"https:\\\/\\\/najnaj.eu\\\/fr\\\/proizvod\\\/lassig-tetra-pelena-m-happy-rascals-heart-lavender-3-kom-60-x-60-cm\\\/#primaryimage\"},\"image\":{\"@id\":\"https:\\\/\\\/najnaj.eu\\\/fr\\\/proizvod\\\/lassig-tetra-pelena-m-happy-rascals-heart-lavender-3-kom-60-x-60-cm\\\/#primaryimage\"},\"thumbnailUrl\":\"https:\\\/\\\/najnaj.eu\\\/wp-content\\\/uploads\\\/2025\\\/07\\\/KID_F23_1312030642_P_3.jpg\",\"datePublished\":\"2025-07-03T11:33:32+00:00\",\"dateModified\":\"2026-02-03T19:44:08+00:00\",\"breadcrumb\":{\"@id\":\"https:\\\/\\\/najnaj.eu\\\/fr\\\/proizvod\\\/lassig-tetra-pelena-m-happy-rascals-heart-lavender-3-kom-60-x-60-cm\\\/#breadcrumb\"},\"inLanguage\":\"fr-FR\",\"potentialAction\":[{\"@type\":\"ReadAction\",\"target\":[\"https:\\\/\\\/najnaj.eu\\\/fr\\\/proizvod\\\/lassig-tetra-pelena-m-happy-rascals-heart-lavender-3-kom-60-x-60-cm\\\/\"]}]},{\"@type\":\"ImageObject\",\"inLanguage\":\"fr-FR\",\"@id\":\"https:\\\/\\\/najnaj.eu\\\/fr\\\/proizvod\\\/lassig-tetra-pelena-m-happy-rascals-heart-lavender-3-kom-60-x-60-cm\\\/#primaryimage\",\"url\":\"https:\\\/\\\/najnaj.eu\\\/wp-content\\\/uploads\\\/2025\\\/07\\\/KID_F23_1312030642_P_3.jpg\",\"contentUrl\":\"https:\\\/\\\/najnaj.eu\\\/wp-content\\\/uploads\\\/2025\\\/07\\\/KID_F23_1312030642_P_3.jpg\",\"width\":2000,\"height\":2000},{\"@type\":\"BreadcrumbList\",\"@id\":\"https:\\\/\\\/najnaj.eu\\\/fr\\\/proizvod\\\/lassig-tetra-pelena-m-happy-rascals-heart-lavender-3-kom-60-x-60-cm\\\/#breadcrumb\",\"itemListElement\":[{\"@type\":\"ListItem\",\"position\":1,\"name\":\"Po\u010detna stranica\",\"item\":\"https:\\\/\\\/najnaj.eu\\\/fr\\\/\"},{\"@type\":\"ListItem\",\"position\":2,\"name\":\"Trgovina\",\"item\":\"https:\\\/\\\/najnaj.hr\\\/trgovina\\\/\"},{\"@type\":\"ListItem\",\"position\":3,\"name\":\"L\u00e4ssig Tetra pelena M Happy Rascals Heart lavender 3 kom, 60 x 60 cm\"}]},{\"@type\":\"WebSite\",\"@id\":\"https:\\\/\\\/najnaj.eu\\\/fr\\\/#website\",\"url\":\"https:\\\/\\\/najnaj.eu\\\/fr\\\/\",\"name\":\"NajNaj.eu\",\"description\":\"Za najva\u017enije!\",\"potentialAction\":[{\"@type\":\"SearchAction\",\"target\":{\"@type\":\"EntryPoint\",\"urlTemplate\":\"https:\\\/\\\/najnaj.eu\\\/fr\\\/?s={search_term_string}\"},\"query-input\":{\"@type\":\"PropertyValueSpecification\",\"valueRequired\":true,\"valueName\":\"search_term_string\"}}],\"inLanguage\":\"fr-FR\"}]}<\/script>\n<meta property=\"product:brand\" content=\"L\u00e4ssig\" \/>\n<meta property=\"product:price:amount\" content=\"19.95\" \/>\n<meta property=\"product:price:currency\" content=\"EUR\" \/>\n<meta property=\"og:availability\" content=\"instock\" \/>\n<meta property=\"product:availability\" content=\"instock\" \/>\n<meta property=\"product:retailer_item_id\" content=\"1312030642\" \/>\n<meta property=\"product:condition\" content=\"new\" \/>\n<!-- \/ Yoast SEO Premium plugin. -->","yoast_head_json":{"title":"L\u00e4ssig Tetra pelena M Happy Rascals Heart lavender 3 kom, 60 x 60 cm - NajNaj.eu","robots":{"index":"index","follow":"follow","max-snippet":"max-snippet:-1","max-image-preview":"max-image-preview:large","max-video-preview":"max-video-preview:-1"},"canonical":"https:\/\/najnaj.eu\/fr\/proizvod\/lassig-tetra-pelena-m-happy-rascals-heart-lavender-3-kom-60-x-60-cm\/","og_locale":"fr_FR","og_type":"article","og_title":"L\u00e4ssig Tetra pelena M Happy Rascals Heart lavender 3 kom, 60 x 60 cm","og_description":"Vi\u0161enamjenske tetra pelene brenda L\u00c4SSIG mogu se koristiti kao krpice za podrigivanje ili dekice za utjehu. Izra\u0111ene su od prozra\u010dnog i jednostavnog za odr\u017eavanje organskog pamuka, nje\u017enog prema osjetljivoj bebinoj ko\u017ei.","og_url":"https:\/\/najnaj.eu\/fr\/proizvod\/lassig-tetra-pelena-m-happy-rascals-heart-lavender-3-kom-60-x-60-cm\/","og_site_name":"NajNaj.eu","article_publisher":"https:\/\/web.facebook.com\/najnaj.eu\/","article_modified_time":"2026-02-03T19:44:08+00:00","og_image":[{"width":2000,"height":2000,"url":"https:\/\/najnaj.eu\/wp-content\/uploads\/2025\/07\/KID_F23_1312030642_P_3.jpg","type":"image\/jpeg"}],"twitter_card":"summary_large_image","twitter_misc":{"Prix":"19,95&nbsp;&euro;","Disponibilit\u00e9":"En stock"},"schema":{"@context":"https:\/\/schema.org","@graph":[{"@type":"WebPage","@id":"https:\/\/najnaj.eu\/fr\/proizvod\/lassig-tetra-pelena-m-happy-rascals-heart-lavender-3-kom-60-x-60-cm\/","url":"https:\/\/najnaj.eu\/fr\/proizvod\/lassig-tetra-pelena-m-happy-rascals-heart-lavender-3-kom-60-x-60-cm\/","name":"L\u00e4ssig Tetra pelena M Happy Rascals Heart lavender 3 kom, 60 x 60 cm - NajNaj.eu","isPartOf":{"@id":"https:\/\/najnaj.eu\/fr\/#website"},"primaryImageOfPage":{"@id":"https:\/\/najnaj.eu\/fr\/proizvod\/lassig-tetra-pelena-m-happy-rascals-heart-lavender-3-kom-60-x-60-cm\/#primaryimage"},"image":{"@id":"https:\/\/najnaj.eu\/fr\/proizvod\/lassig-tetra-pelena-m-happy-rascals-heart-lavender-3-kom-60-x-60-cm\/#primaryimage"},"thumbnailUrl":"https:\/\/najnaj.eu\/wp-content\/uploads\/2025\/07\/KID_F23_1312030642_P_3.jpg","datePublished":"2025-07-03T11:33:32+00:00","dateModified":"2026-02-03T19:44:08+00:00","breadcrumb":{"@id":"https:\/\/najnaj.eu\/fr\/proizvod\/lassig-tetra-pelena-m-happy-rascals-heart-lavender-3-kom-60-x-60-cm\/#breadcrumb"},"inLanguage":"fr-FR","potentialAction":[{"@type":"ReadAction","target":["https:\/\/najnaj.eu\/fr\/proizvod\/lassig-tetra-pelena-m-happy-rascals-heart-lavender-3-kom-60-x-60-cm\/"]}]},{"@type":"ImageObject","inLanguage":"fr-FR","@id":"https:\/\/najnaj.eu\/fr\/proizvod\/lassig-tetra-pelena-m-happy-rascals-heart-lavender-3-kom-60-x-60-cm\/#primaryimage","url":"https:\/\/najnaj.eu\/wp-content\/uploads\/2025\/07\/KID_F23_1312030642_P_3.jpg","contentUrl":"https:\/\/najnaj.eu\/wp-content\/uploads\/2025\/07\/KID_F23_1312030642_P_3.jpg","width":2000,"height":2000},{"@type":"BreadcrumbList","@id":"https:\/\/najnaj.eu\/fr\/proizvod\/lassig-tetra-pelena-m-happy-rascals-heart-lavender-3-kom-60-x-60-cm\/#breadcrumb","itemListElement":[{"@type":"ListItem","position":1,"name":"Po\u010detna stranica","item":"https:\/\/najnaj.eu\/fr\/"},{"@type":"ListItem","position":2,"name":"Trgovina","item":"https:\/\/najnaj.hr\/trgovina\/"},{"@type":"ListItem","position":3,"name":"L\u00e4ssig Tetra pelena M Happy Rascals Heart lavender 3 kom, 60 x 60 cm"}]},{"@type":"WebSite","@id":"https:\/\/najnaj.eu\/fr\/#website","url":"https:\/\/najnaj.eu\/fr\/","name":"NajNaj.eu","description":"Za najva\u017enije!","potentialAction":[{"@type":"SearchAction","target":{"@type":"EntryPoint","urlTemplate":"https:\/\/najnaj.eu\/fr\/?s={search_term_string}"},"query-input":{"@type":"PropertyValueSpecification","valueRequired":true,"valueName":"search_term_string"}}],"inLanguage":"fr-FR"}]},"product_brand":"L\u00e4ssig","product_price_amount":"19.95","product_price_currency":"EUR","og_availability":"instock","product_availability":"instock","product_retailer_item_id":"1312030642","product_condition":"new"},"_links":{"self":[{"href":"https:\/\/najnaj.eu\/fr\/wp-json\/wp\/v2\/product\/258788","targetHints":{"allow":["GET"]}}],"collection":[{"href":"https:\/\/najnaj.eu\/fr\/wp-json\/wp\/v2\/product"}],"about":[{"href":"https:\/\/najnaj.eu\/fr\/wp-json\/wp\/v2\/types\/product"}],"replies":[{"embeddable":true,"href":"https:\/\/najnaj.eu\/fr\/wp-json\/wp\/v2\/comments?post=258788"}],"version-history":[{"count":0,"href":"https:\/\/najnaj.eu\/fr\/wp-json\/wp\/v2\/product\/258788\/revisions"}],"wp:featuredmedia":[{"embeddable":true,"href":"https:\/\/najnaj.eu\/fr\/wp-json\/wp\/v2\/media\/258789"}],"wp:attachment":[{"href":"https:\/\/najnaj.eu\/fr\/wp-json\/wp\/v2\/media?parent=258788"}],"wp:term":[{"taxonomy":"product_brand","embeddable":true,"href":"https:\/\/najnaj.eu\/fr\/wp-json\/wp\/v2\/product_brand?post=258788"},{"taxonomy":"product_cat","embeddable":true,"href":"https:\/\/najnaj.eu\/fr\/wp-json\/wp\/v2\/product_cat?post=258788"},{"taxonomy":"product_tag","embeddable":true,"href":"https:\/\/najnaj.eu\/fr\/wp-json\/wp\/v2\/product_tag?post=258788"}],"curies":[{"name":"wp","href":"https:\/\/api.w.org\/{rel}","templated":true}]}}