{"id":258750,"date":"2025-07-03T13:15:17","date_gmt":"2025-07-03T11:15:17","guid":{"rendered":"https:\/\/najnaj.eu\/?post_type=product&#038;p=258750"},"modified":"2026-03-01T17:49:45","modified_gmt":"2026-03-01T16:49:45","slug":"lassig-tetra-pelena-m-happy-fruits-pear-3-kom-60-x-60-cm","status":"publish","type":"product","link":"https:\/\/najnaj.eu\/fr\/proizvod\/lassig-tetra-pelena-m-happy-fruits-pear-3-kom-60-x-60-cm\/","title":{"rendered":"L\u00e4ssig Tetra pelena M Happy Fruits Pear 3 kom, 60 x 60 cm"},"content":{"rendered":"<p>Veselo vo\u0107e za ugodne trenutke! L\u00c4SSIG pelene od muslina veli\u010dine M, izra\u0111ene od 100 % organskog pamuka, posebno su nje\u017ene prema osjetljivoj bebinoj ko\u017ei i mogu se koristiti na razne na\u010dine. Pravi su must-have u svakodnevnom obiteljskom \u017eivotu.<\/p>\n<p>Informacije o proizvodu:<br \/>\n&#8211; Pakiranje: 3 komada<br \/>\n&#8211; Dimenzije: 60&#215;60 cm \/ 150 g<br \/>\n&#8211; Materijal: 100% organski pamuk<br \/>\n&#8211; GOTS certifikat<\/p>\n<p>Posebne zna\u010dajke:<br \/>\n&#8211; Vi\u0161enamjenska upotreba: kao dekica za utjehu ili krpica za podrigivanje<br \/>\n&#8211; Prethodno oprane, prozra\u010dne i upijaju\u0107e<br \/>\n&#8211; Jednostavno odr\u017eavanje: perive na 60 \u00b0C i pogodne za su\u0161enje u su\u0161ilici<br \/>\n&#8211; Postaju sve mek\u0161e nakon svakog pranja<\/p>\n<p>Tetra pelene proizvedene su i certificirane u skladu s GOTS smjernicama (Global Organic Textile Standard). Savr\u0161eno se nadopunjuju s brojnim drugim proizvodima iz kolekcije Happy Fruits.<\/p>\n","protected":false},"excerpt":{"rendered":"<p>Vi\u0161enamjenske pelene od muslina veli\u010dine M brenda L\u00c4SSIG idealne su kao krpice za podrigivanje ili dekice za utjehu. Izra\u0111ene su od prozra\u010dnog organskog pamuka, posebno su nje\u017ene prema osjetljivoj bebinoj ko\u017ei i jednostavne za odr\u017eavanje.<\/p>\n","protected":false},"featured_media":258751,"comment_status":"closed","ping_status":"closed","template":"","meta":{"_acf_changed":false,"footnotes":""},"product_brand":[],"product_cat":[577,624],"product_tag":[],"class_list":{"0":"post-258750","1":"product","2":"type-product","3":"status-publish","4":"has-post-thumbnail","6":"product_cat-hranjenje","7":"product_cat-tetra-pelene","8":"pa_boja-bijela","9":"pa_boja-zelena","10":"pa_brand-lassig","12":"first","13":"instock","14":"shipping-taxable","15":"purchasable","16":"product-type-simple"},"bundled_by":[],"bundle_stock_status":"instock","bundle_stock_quantity":2,"bundle_virtual":false,"bundle_layout":"","bundle_add_to_cart_form_location":"","bundle_editable_in_cart":false,"bundle_sold_individually_context":"","bundle_item_grouping":"","bundle_min_size":"","bundle_max_size":"","bundle_price":[],"bundled_items":[],"bundle_sell_ids":[],"acf":[],"yoast_head":"<!-- This site is optimized with the Yoast SEO Premium plugin v21.5 (Yoast SEO v27.4) - https:\/\/yoast.com\/product\/yoast-seo-premium-wordpress\/ -->\n<title>L\u00e4ssig Tetra pelena M Happy Fruits Pear 3 kom, 60 x 60 cm - NajNaj.eu<\/title>\n<meta name=\"robots\" content=\"index, follow, max-snippet:-1, max-image-preview:large, max-video-preview:-1\" \/>\n<link rel=\"canonical\" href=\"https:\/\/najnaj.eu\/fr\/proizvod\/lassig-tetra-pelena-m-happy-fruits-pear-3-kom-60-x-60-cm\/\" \/>\n<meta property=\"og:locale\" content=\"fr_FR\" \/>\n<meta property=\"og:type\" content=\"article\" \/>\n<meta property=\"og:title\" content=\"L\u00e4ssig Tetra pelena M Happy Fruits Pear 3 kom, 60 x 60 cm\" \/>\n<meta property=\"og:description\" content=\"Vi\u0161enamjenske pelene od muslina veli\u010dine M brenda L\u00c4SSIG idealne su kao krpice za podrigivanje ili dekice za utjehu. Izra\u0111ene su od prozra\u010dnog organskog pamuka, posebno su nje\u017ene prema osjetljivoj bebinoj ko\u017ei i jednostavne za odr\u017eavanje.\" \/>\n<meta property=\"og:url\" content=\"https:\/\/najnaj.eu\/fr\/proizvod\/lassig-tetra-pelena-m-happy-fruits-pear-3-kom-60-x-60-cm\/\" \/>\n<meta property=\"og:site_name\" content=\"NajNaj.eu\" \/>\n<meta property=\"article:publisher\" content=\"https:\/\/web.facebook.com\/najnaj.eu\/\" \/>\n<meta property=\"article:modified_time\" content=\"2026-03-01T16:49:45+00:00\" \/>\n<meta property=\"og:image\" content=\"https:\/\/najnaj.eu\/wp-content\/uploads\/2025\/07\/KID_F24_13120307007_P_3.jpg\" \/>\n\t<meta property=\"og:image:width\" content=\"2000\" \/>\n\t<meta property=\"og:image:height\" content=\"2000\" \/>\n\t<meta property=\"og:image:type\" content=\"image\/jpeg\" \/>\n<meta name=\"twitter:card\" content=\"summary_large_image\" \/>\n<meta name=\"twitter:label1\" content=\"Prix\" \/>\n\t<meta name=\"twitter:data1\" content=\"19,95&nbsp;&euro;\" \/>\n\t<meta name=\"twitter:label2\" content=\"Disponibilit\u00e9\" \/>\n\t<meta name=\"twitter:data2\" content=\"En stock\" \/>\n<script type=\"application\/ld+json\" class=\"yoast-schema-graph\">{\"@context\":\"https:\\\/\\\/schema.org\",\"@graph\":[{\"@type\":\"WebPage\",\"@id\":\"https:\\\/\\\/najnaj.eu\\\/fr\\\/proizvod\\\/lassig-tetra-pelena-m-happy-fruits-pear-3-kom-60-x-60-cm\\\/\",\"url\":\"https:\\\/\\\/najnaj.eu\\\/fr\\\/proizvod\\\/lassig-tetra-pelena-m-happy-fruits-pear-3-kom-60-x-60-cm\\\/\",\"name\":\"L\u00e4ssig Tetra pelena M Happy Fruits Pear 3 kom, 60 x 60 cm - NajNaj.eu\",\"isPartOf\":{\"@id\":\"https:\\\/\\\/najnaj.eu\\\/fr\\\/#website\"},\"primaryImageOfPage\":{\"@id\":\"https:\\\/\\\/najnaj.eu\\\/fr\\\/proizvod\\\/lassig-tetra-pelena-m-happy-fruits-pear-3-kom-60-x-60-cm\\\/#primaryimage\"},\"image\":{\"@id\":\"https:\\\/\\\/najnaj.eu\\\/fr\\\/proizvod\\\/lassig-tetra-pelena-m-happy-fruits-pear-3-kom-60-x-60-cm\\\/#primaryimage\"},\"thumbnailUrl\":\"https:\\\/\\\/najnaj.eu\\\/wp-content\\\/uploads\\\/2025\\\/07\\\/KID_F24_13120307007_P_3.jpg\",\"datePublished\":\"2025-07-03T11:15:17+00:00\",\"dateModified\":\"2026-03-01T16:49:45+00:00\",\"breadcrumb\":{\"@id\":\"https:\\\/\\\/najnaj.eu\\\/fr\\\/proizvod\\\/lassig-tetra-pelena-m-happy-fruits-pear-3-kom-60-x-60-cm\\\/#breadcrumb\"},\"inLanguage\":\"fr-FR\",\"potentialAction\":[{\"@type\":\"ReadAction\",\"target\":[\"https:\\\/\\\/najnaj.eu\\\/fr\\\/proizvod\\\/lassig-tetra-pelena-m-happy-fruits-pear-3-kom-60-x-60-cm\\\/\"]}]},{\"@type\":\"ImageObject\",\"inLanguage\":\"fr-FR\",\"@id\":\"https:\\\/\\\/najnaj.eu\\\/fr\\\/proizvod\\\/lassig-tetra-pelena-m-happy-fruits-pear-3-kom-60-x-60-cm\\\/#primaryimage\",\"url\":\"https:\\\/\\\/najnaj.eu\\\/wp-content\\\/uploads\\\/2025\\\/07\\\/KID_F24_13120307007_P_3.jpg\",\"contentUrl\":\"https:\\\/\\\/najnaj.eu\\\/wp-content\\\/uploads\\\/2025\\\/07\\\/KID_F24_13120307007_P_3.jpg\",\"width\":2000,\"height\":2000},{\"@type\":\"BreadcrumbList\",\"@id\":\"https:\\\/\\\/najnaj.eu\\\/fr\\\/proizvod\\\/lassig-tetra-pelena-m-happy-fruits-pear-3-kom-60-x-60-cm\\\/#breadcrumb\",\"itemListElement\":[{\"@type\":\"ListItem\",\"position\":1,\"name\":\"Po\u010detna stranica\",\"item\":\"https:\\\/\\\/najnaj.eu\\\/fr\\\/\"},{\"@type\":\"ListItem\",\"position\":2,\"name\":\"Trgovina\",\"item\":\"https:\\\/\\\/najnaj.hr\\\/trgovina\\\/\"},{\"@type\":\"ListItem\",\"position\":3,\"name\":\"L\u00e4ssig Tetra pelena M Happy Fruits Pear 3 kom, 60 x 60 cm\"}]},{\"@type\":\"WebSite\",\"@id\":\"https:\\\/\\\/najnaj.eu\\\/fr\\\/#website\",\"url\":\"https:\\\/\\\/najnaj.eu\\\/fr\\\/\",\"name\":\"NajNaj.eu\",\"description\":\"Za najva\u017enije!\",\"potentialAction\":[{\"@type\":\"SearchAction\",\"target\":{\"@type\":\"EntryPoint\",\"urlTemplate\":\"https:\\\/\\\/najnaj.eu\\\/fr\\\/?s={search_term_string}\"},\"query-input\":{\"@type\":\"PropertyValueSpecification\",\"valueRequired\":true,\"valueName\":\"search_term_string\"}}],\"inLanguage\":\"fr-FR\"}]}<\/script>\n<meta property=\"product:brand\" content=\"L\u00e4ssig\" \/>\n<meta property=\"product:price:amount\" content=\"19.95\" \/>\n<meta property=\"product:price:currency\" content=\"EUR\" \/>\n<meta property=\"og:availability\" content=\"instock\" \/>\n<meta property=\"product:availability\" content=\"instock\" \/>\n<meta property=\"product:retailer_item_id\" content=\"13120307007\" \/>\n<meta property=\"product:condition\" content=\"new\" \/>\n<!-- \/ Yoast SEO Premium plugin. -->","yoast_head_json":{"title":"L\u00e4ssig Tetra pelena M Happy Fruits Pear 3 kom, 60 x 60 cm - NajNaj.eu","robots":{"index":"index","follow":"follow","max-snippet":"max-snippet:-1","max-image-preview":"max-image-preview:large","max-video-preview":"max-video-preview:-1"},"canonical":"https:\/\/najnaj.eu\/fr\/proizvod\/lassig-tetra-pelena-m-happy-fruits-pear-3-kom-60-x-60-cm\/","og_locale":"fr_FR","og_type":"article","og_title":"L\u00e4ssig Tetra pelena M Happy Fruits Pear 3 kom, 60 x 60 cm","og_description":"Vi\u0161enamjenske pelene od muslina veli\u010dine M brenda L\u00c4SSIG idealne su kao krpice za podrigivanje ili dekice za utjehu. Izra\u0111ene su od prozra\u010dnog organskog pamuka, posebno su nje\u017ene prema osjetljivoj bebinoj ko\u017ei i jednostavne za odr\u017eavanje.","og_url":"https:\/\/najnaj.eu\/fr\/proizvod\/lassig-tetra-pelena-m-happy-fruits-pear-3-kom-60-x-60-cm\/","og_site_name":"NajNaj.eu","article_publisher":"https:\/\/web.facebook.com\/najnaj.eu\/","article_modified_time":"2026-03-01T16:49:45+00:00","og_image":[{"width":2000,"height":2000,"url":"https:\/\/najnaj.eu\/wp-content\/uploads\/2025\/07\/KID_F24_13120307007_P_3.jpg","type":"image\/jpeg"}],"twitter_card":"summary_large_image","twitter_misc":{"Prix":"19,95&nbsp;&euro;","Disponibilit\u00e9":"En stock"},"schema":{"@context":"https:\/\/schema.org","@graph":[{"@type":"WebPage","@id":"https:\/\/najnaj.eu\/fr\/proizvod\/lassig-tetra-pelena-m-happy-fruits-pear-3-kom-60-x-60-cm\/","url":"https:\/\/najnaj.eu\/fr\/proizvod\/lassig-tetra-pelena-m-happy-fruits-pear-3-kom-60-x-60-cm\/","name":"L\u00e4ssig Tetra pelena M Happy Fruits Pear 3 kom, 60 x 60 cm - NajNaj.eu","isPartOf":{"@id":"https:\/\/najnaj.eu\/fr\/#website"},"primaryImageOfPage":{"@id":"https:\/\/najnaj.eu\/fr\/proizvod\/lassig-tetra-pelena-m-happy-fruits-pear-3-kom-60-x-60-cm\/#primaryimage"},"image":{"@id":"https:\/\/najnaj.eu\/fr\/proizvod\/lassig-tetra-pelena-m-happy-fruits-pear-3-kom-60-x-60-cm\/#primaryimage"},"thumbnailUrl":"https:\/\/najnaj.eu\/wp-content\/uploads\/2025\/07\/KID_F24_13120307007_P_3.jpg","datePublished":"2025-07-03T11:15:17+00:00","dateModified":"2026-03-01T16:49:45+00:00","breadcrumb":{"@id":"https:\/\/najnaj.eu\/fr\/proizvod\/lassig-tetra-pelena-m-happy-fruits-pear-3-kom-60-x-60-cm\/#breadcrumb"},"inLanguage":"fr-FR","potentialAction":[{"@type":"ReadAction","target":["https:\/\/najnaj.eu\/fr\/proizvod\/lassig-tetra-pelena-m-happy-fruits-pear-3-kom-60-x-60-cm\/"]}]},{"@type":"ImageObject","inLanguage":"fr-FR","@id":"https:\/\/najnaj.eu\/fr\/proizvod\/lassig-tetra-pelena-m-happy-fruits-pear-3-kom-60-x-60-cm\/#primaryimage","url":"https:\/\/najnaj.eu\/wp-content\/uploads\/2025\/07\/KID_F24_13120307007_P_3.jpg","contentUrl":"https:\/\/najnaj.eu\/wp-content\/uploads\/2025\/07\/KID_F24_13120307007_P_3.jpg","width":2000,"height":2000},{"@type":"BreadcrumbList","@id":"https:\/\/najnaj.eu\/fr\/proizvod\/lassig-tetra-pelena-m-happy-fruits-pear-3-kom-60-x-60-cm\/#breadcrumb","itemListElement":[{"@type":"ListItem","position":1,"name":"Po\u010detna stranica","item":"https:\/\/najnaj.eu\/fr\/"},{"@type":"ListItem","position":2,"name":"Trgovina","item":"https:\/\/najnaj.hr\/trgovina\/"},{"@type":"ListItem","position":3,"name":"L\u00e4ssig Tetra pelena M Happy Fruits Pear 3 kom, 60 x 60 cm"}]},{"@type":"WebSite","@id":"https:\/\/najnaj.eu\/fr\/#website","url":"https:\/\/najnaj.eu\/fr\/","name":"NajNaj.eu","description":"Za najva\u017enije!","potentialAction":[{"@type":"SearchAction","target":{"@type":"EntryPoint","urlTemplate":"https:\/\/najnaj.eu\/fr\/?s={search_term_string}"},"query-input":{"@type":"PropertyValueSpecification","valueRequired":true,"valueName":"search_term_string"}}],"inLanguage":"fr-FR"}]},"product_brand":"L\u00e4ssig","product_price_amount":"19.95","product_price_currency":"EUR","og_availability":"instock","product_availability":"instock","product_retailer_item_id":"13120307007","product_condition":"new"},"_links":{"self":[{"href":"https:\/\/najnaj.eu\/fr\/wp-json\/wp\/v2\/product\/258750","targetHints":{"allow":["GET"]}}],"collection":[{"href":"https:\/\/najnaj.eu\/fr\/wp-json\/wp\/v2\/product"}],"about":[{"href":"https:\/\/najnaj.eu\/fr\/wp-json\/wp\/v2\/types\/product"}],"replies":[{"embeddable":true,"href":"https:\/\/najnaj.eu\/fr\/wp-json\/wp\/v2\/comments?post=258750"}],"version-history":[{"count":0,"href":"https:\/\/najnaj.eu\/fr\/wp-json\/wp\/v2\/product\/258750\/revisions"}],"wp:featuredmedia":[{"embeddable":true,"href":"https:\/\/najnaj.eu\/fr\/wp-json\/wp\/v2\/media\/258751"}],"wp:attachment":[{"href":"https:\/\/najnaj.eu\/fr\/wp-json\/wp\/v2\/media?parent=258750"}],"wp:term":[{"taxonomy":"product_brand","embeddable":true,"href":"https:\/\/najnaj.eu\/fr\/wp-json\/wp\/v2\/product_brand?post=258750"},{"taxonomy":"product_cat","embeddable":true,"href":"https:\/\/najnaj.eu\/fr\/wp-json\/wp\/v2\/product_cat?post=258750"},{"taxonomy":"product_tag","embeddable":true,"href":"https:\/\/najnaj.eu\/fr\/wp-json\/wp\/v2\/product_tag?post=258750"}],"curies":[{"name":"wp","href":"https:\/\/api.w.org\/{rel}","templated":true}]}}