{"id":258613,"date":"2025-07-03T12:53:12","date_gmt":"2025-07-03T10:53:12","guid":{"rendered":"https:\/\/najnaj.eu\/?post_type=product&#038;p=258613"},"modified":"2026-02-03T20:44:31","modified_gmt":"2026-02-03T19:44:31","slug":"lassig-gre-rolltop-up-ruksak-olive","status":"publish","type":"product","link":"https:\/\/najnaj.eu\/fr\/proizvod\/lassig-gre-rolltop-up-ruksak-olive\/","title":{"rendered":"L\u00e4ssig GRE Rolltop Up Ruksak, olive"},"content":{"rendered":"<p>Prili\u010dno fleksibilan: limitirano izdanje ruksaka Rolltop Up iz kolekcije L\u00c4SSIG Green Label impresionira prakti\u010dnim oblikom i prostranim unutra\u0161njim prostorom. No, nije samo nevjerojatno prostran, ve\u0107 i vrlo poseban &#8211; Rolltop Up ruksak dolazi kao limitirano izdanje!<\/p>\n<p>Ovaj veganski ruksak za pelene iznimno je svestran zahvaljuju\u0107i roll-top otvoru. Kada ste napunili ruksak, a zatim se sjetite da vam treba jo\u0161 ne\u0161to, jednostavno odmotate vrh i dobijete dodatni prostor, posebno za du\u017ee stvari \u2013 bez muke! Zapremina ruksaka mo\u017ee se pove\u0107ati s 18 na \u010dak 20 litara jednostavnim navijanjem vrha. U namotanom stanju mo\u017ee se zatvoriti pomo\u0107u jednostavnog \u010di\u010dak-zatvara\u010da.<\/p>\n<p>Prakti\u010dni patent na stra\u017enjoj strani omogu\u0107uje lak pristup unutra\u0161njosti. Prednji vodootporni pretinac, d\u017eep na patent i prakti\u010dni dodaci \u010dine ga idealnim pomo\u0107nikom za roditelje.<\/p>\n<p>Opremljen je vodoodbojnom podlogom za presvla\u010denje, izoliranim dr\u017ea\u010dem za bo\u010dice, dr\u017ea\u010dem za teglice, priklju\u010dcima za kolica i malom torbicom za sitnice \u2013 imate sve \u0161to vam treba u pokretu. Mnogi razli\u010diti prakti\u010dni pretinci, dostupni s unutarnje i vanjske strane, poma\u017eu vam da organizirate svoje stvari onako kako \u017eelite.<\/p>\n<p>Jo\u0161 jedna prednost: vanjski materijal Rolltop Up ruksaka izra\u0111en je od 100 % recikliranog poliestera. Koli\u010dina recikliranog materijala odgovara 20 PET boca. Izra\u010dun je temeljen na prosje\u010dnoj te\u017eini od 17,2 g po PET boci.<\/p>\n","protected":false},"excerpt":{"rendered":"<p>Ruksak Rolltop Up iz kolekcije L\u00c4SSIG Green Label nudi veliku fleksibilnost. Ovaj ruksak dolazi kao limitirano izdanje. Zahvaljuju\u0107i posebnom na\u010dinu otvaranja rolltop ruksaka, lako mo\u017eete pove\u0107ati njegovu zapreminu. Prakti\u010dni dodaci za presvla\u010denje pelena i vanjski materijal od 100 % recikliranog poliestera \u010dine ga savr\u0161enom torbom za obiteljske izlete.<\/p>\n","protected":false},"featured_media":258621,"comment_status":"closed","ping_status":"closed","template":"","meta":{"_acf_changed":false,"footnotes":""},"product_brand":[],"product_cat":[552,676,677,562],"product_tag":[],"class_list":{"0":"post-258613","1":"product","2":"type-product","3":"status-publish","4":"has-post-thumbnail","6":"product_cat-dodaci-za-kolica","7":"product_cat-moda","8":"product_cat-torbe-moda","9":"product_cat-za-mamu","10":"pa_boja-zelena","11":"pa_brand-lassig","13":"first","14":"instock","15":"shipping-taxable","16":"purchasable","17":"product-type-simple"},"bundled_by":[],"bundle_stock_status":"instock","bundle_stock_quantity":9,"bundle_virtual":false,"bundle_layout":"","bundle_add_to_cart_form_location":"","bundle_editable_in_cart":false,"bundle_sold_individually_context":"","bundle_item_grouping":"","bundle_min_size":"","bundle_max_size":"","bundle_price":[],"bundled_items":[],"bundle_sell_ids":[],"acf":[],"yoast_head":"<!-- This site is optimized with the Yoast SEO Premium plugin v21.5 (Yoast SEO v27.4) - https:\/\/yoast.com\/product\/yoast-seo-premium-wordpress\/ -->\n<title>L\u00e4ssig GRE Rolltop Up Ruksak, olive - NajNaj.eu<\/title>\n<meta name=\"robots\" content=\"index, follow, max-snippet:-1, max-image-preview:large, max-video-preview:-1\" \/>\n<link rel=\"canonical\" href=\"https:\/\/najnaj.eu\/fr\/proizvod\/lassig-gre-rolltop-up-ruksak-olive\/\" \/>\n<meta property=\"og:locale\" content=\"fr_FR\" \/>\n<meta property=\"og:type\" content=\"article\" \/>\n<meta property=\"og:title\" content=\"L\u00e4ssig GRE Rolltop Up Ruksak, olive\" \/>\n<meta property=\"og:description\" content=\"Ruksak Rolltop Up iz kolekcije L\u00c4SSIG Green Label nudi veliku fleksibilnost. Ovaj ruksak dolazi kao limitirano izdanje. Zahvaljuju\u0107i posebnom na\u010dinu otvaranja rolltop ruksaka, lako mo\u017eete pove\u0107ati njegovu zapreminu. Prakti\u010dni dodaci za presvla\u010denje pelena i vanjski materijal od 100 % recikliranog poliestera \u010dine ga savr\u0161enom torbom za obiteljske izlete.\" \/>\n<meta property=\"og:url\" content=\"https:\/\/najnaj.eu\/fr\/proizvod\/lassig-gre-rolltop-up-ruksak-olive\/\" \/>\n<meta property=\"og:site_name\" content=\"NajNaj.eu\" \/>\n<meta property=\"article:publisher\" content=\"https:\/\/web.facebook.com\/najnaj.eu\/\" \/>\n<meta property=\"article:modified_time\" content=\"2026-02-03T19:44:31+00:00\" \/>\n<meta property=\"og:image\" content=\"https:\/\/najnaj.eu\/wp-content\/uploads\/2025\/07\/GRE_F22_1103038513_P_1.jpg\" \/>\n\t<meta property=\"og:image:width\" content=\"2000\" \/>\n\t<meta property=\"og:image:height\" content=\"2000\" \/>\n\t<meta property=\"og:image:type\" content=\"image\/jpeg\" \/>\n<meta name=\"twitter:card\" content=\"summary_large_image\" \/>\n<meta name=\"twitter:label1\" content=\"Prix\" \/>\n\t<meta name=\"twitter:data1\" content=\"129,95&nbsp;&euro;\" \/>\n\t<meta name=\"twitter:label2\" content=\"Disponibilit\u00e9\" \/>\n\t<meta name=\"twitter:data2\" content=\"En stock\" \/>\n<script type=\"application\/ld+json\" class=\"yoast-schema-graph\">{\"@context\":\"https:\\\/\\\/schema.org\",\"@graph\":[{\"@type\":\"WebPage\",\"@id\":\"https:\\\/\\\/najnaj.eu\\\/fr\\\/proizvod\\\/lassig-gre-rolltop-up-ruksak-olive\\\/\",\"url\":\"https:\\\/\\\/najnaj.eu\\\/fr\\\/proizvod\\\/lassig-gre-rolltop-up-ruksak-olive\\\/\",\"name\":\"L\u00e4ssig GRE Rolltop Up Ruksak, olive - NajNaj.eu\",\"isPartOf\":{\"@id\":\"https:\\\/\\\/najnaj.eu\\\/fr\\\/#website\"},\"primaryImageOfPage\":{\"@id\":\"https:\\\/\\\/najnaj.eu\\\/fr\\\/proizvod\\\/lassig-gre-rolltop-up-ruksak-olive\\\/#primaryimage\"},\"image\":{\"@id\":\"https:\\\/\\\/najnaj.eu\\\/fr\\\/proizvod\\\/lassig-gre-rolltop-up-ruksak-olive\\\/#primaryimage\"},\"thumbnailUrl\":\"https:\\\/\\\/najnaj.eu\\\/wp-content\\\/uploads\\\/2025\\\/07\\\/GRE_F22_1103038513_P_1.jpg\",\"datePublished\":\"2025-07-03T10:53:12+00:00\",\"dateModified\":\"2026-02-03T19:44:31+00:00\",\"breadcrumb\":{\"@id\":\"https:\\\/\\\/najnaj.eu\\\/fr\\\/proizvod\\\/lassig-gre-rolltop-up-ruksak-olive\\\/#breadcrumb\"},\"inLanguage\":\"fr-FR\",\"potentialAction\":[{\"@type\":\"ReadAction\",\"target\":[\"https:\\\/\\\/najnaj.eu\\\/fr\\\/proizvod\\\/lassig-gre-rolltop-up-ruksak-olive\\\/\"]}]},{\"@type\":\"ImageObject\",\"inLanguage\":\"fr-FR\",\"@id\":\"https:\\\/\\\/najnaj.eu\\\/fr\\\/proizvod\\\/lassig-gre-rolltop-up-ruksak-olive\\\/#primaryimage\",\"url\":\"https:\\\/\\\/najnaj.eu\\\/wp-content\\\/uploads\\\/2025\\\/07\\\/GRE_F22_1103038513_P_1.jpg\",\"contentUrl\":\"https:\\\/\\\/najnaj.eu\\\/wp-content\\\/uploads\\\/2025\\\/07\\\/GRE_F22_1103038513_P_1.jpg\",\"width\":2000,\"height\":2000},{\"@type\":\"BreadcrumbList\",\"@id\":\"https:\\\/\\\/najnaj.eu\\\/fr\\\/proizvod\\\/lassig-gre-rolltop-up-ruksak-olive\\\/#breadcrumb\",\"itemListElement\":[{\"@type\":\"ListItem\",\"position\":1,\"name\":\"Po\u010detna stranica\",\"item\":\"https:\\\/\\\/najnaj.eu\\\/fr\\\/\"},{\"@type\":\"ListItem\",\"position\":2,\"name\":\"Trgovina\",\"item\":\"https:\\\/\\\/najnaj.hr\\\/trgovina\\\/\"},{\"@type\":\"ListItem\",\"position\":3,\"name\":\"L\u00e4ssig GRE Rolltop Up Ruksak, olive\"}]},{\"@type\":\"WebSite\",\"@id\":\"https:\\\/\\\/najnaj.eu\\\/fr\\\/#website\",\"url\":\"https:\\\/\\\/najnaj.eu\\\/fr\\\/\",\"name\":\"NajNaj.eu\",\"description\":\"Za najva\u017enije!\",\"potentialAction\":[{\"@type\":\"SearchAction\",\"target\":{\"@type\":\"EntryPoint\",\"urlTemplate\":\"https:\\\/\\\/najnaj.eu\\\/fr\\\/?s={search_term_string}\"},\"query-input\":{\"@type\":\"PropertyValueSpecification\",\"valueRequired\":true,\"valueName\":\"search_term_string\"}}],\"inLanguage\":\"fr-FR\"}]}<\/script>\n<meta property=\"product:brand\" content=\"L\u00e4ssig\" \/>\n<meta property=\"product:price:amount\" content=\"129.95\" \/>\n<meta property=\"product:price:currency\" content=\"EUR\" \/>\n<meta property=\"og:availability\" content=\"instock\" \/>\n<meta property=\"product:availability\" content=\"instock\" \/>\n<meta property=\"product:retailer_item_id\" content=\"1103038513\" \/>\n<meta property=\"product:condition\" content=\"new\" \/>\n<!-- \/ Yoast SEO Premium plugin. -->","yoast_head_json":{"title":"L\u00e4ssig GRE Rolltop Up Ruksak, olive - NajNaj.eu","robots":{"index":"index","follow":"follow","max-snippet":"max-snippet:-1","max-image-preview":"max-image-preview:large","max-video-preview":"max-video-preview:-1"},"canonical":"https:\/\/najnaj.eu\/fr\/proizvod\/lassig-gre-rolltop-up-ruksak-olive\/","og_locale":"fr_FR","og_type":"article","og_title":"L\u00e4ssig GRE Rolltop Up Ruksak, olive","og_description":"Ruksak Rolltop Up iz kolekcije L\u00c4SSIG Green Label nudi veliku fleksibilnost. Ovaj ruksak dolazi kao limitirano izdanje. Zahvaljuju\u0107i posebnom na\u010dinu otvaranja rolltop ruksaka, lako mo\u017eete pove\u0107ati njegovu zapreminu. Prakti\u010dni dodaci za presvla\u010denje pelena i vanjski materijal od 100 % recikliranog poliestera \u010dine ga savr\u0161enom torbom za obiteljske izlete.","og_url":"https:\/\/najnaj.eu\/fr\/proizvod\/lassig-gre-rolltop-up-ruksak-olive\/","og_site_name":"NajNaj.eu","article_publisher":"https:\/\/web.facebook.com\/najnaj.eu\/","article_modified_time":"2026-02-03T19:44:31+00:00","og_image":[{"width":2000,"height":2000,"url":"https:\/\/najnaj.eu\/wp-content\/uploads\/2025\/07\/GRE_F22_1103038513_P_1.jpg","type":"image\/jpeg"}],"twitter_card":"summary_large_image","twitter_misc":{"Prix":"129,95&nbsp;&euro;","Disponibilit\u00e9":"En stock"},"schema":{"@context":"https:\/\/schema.org","@graph":[{"@type":"WebPage","@id":"https:\/\/najnaj.eu\/fr\/proizvod\/lassig-gre-rolltop-up-ruksak-olive\/","url":"https:\/\/najnaj.eu\/fr\/proizvod\/lassig-gre-rolltop-up-ruksak-olive\/","name":"L\u00e4ssig GRE Rolltop Up Ruksak, olive - NajNaj.eu","isPartOf":{"@id":"https:\/\/najnaj.eu\/fr\/#website"},"primaryImageOfPage":{"@id":"https:\/\/najnaj.eu\/fr\/proizvod\/lassig-gre-rolltop-up-ruksak-olive\/#primaryimage"},"image":{"@id":"https:\/\/najnaj.eu\/fr\/proizvod\/lassig-gre-rolltop-up-ruksak-olive\/#primaryimage"},"thumbnailUrl":"https:\/\/najnaj.eu\/wp-content\/uploads\/2025\/07\/GRE_F22_1103038513_P_1.jpg","datePublished":"2025-07-03T10:53:12+00:00","dateModified":"2026-02-03T19:44:31+00:00","breadcrumb":{"@id":"https:\/\/najnaj.eu\/fr\/proizvod\/lassig-gre-rolltop-up-ruksak-olive\/#breadcrumb"},"inLanguage":"fr-FR","potentialAction":[{"@type":"ReadAction","target":["https:\/\/najnaj.eu\/fr\/proizvod\/lassig-gre-rolltop-up-ruksak-olive\/"]}]},{"@type":"ImageObject","inLanguage":"fr-FR","@id":"https:\/\/najnaj.eu\/fr\/proizvod\/lassig-gre-rolltop-up-ruksak-olive\/#primaryimage","url":"https:\/\/najnaj.eu\/wp-content\/uploads\/2025\/07\/GRE_F22_1103038513_P_1.jpg","contentUrl":"https:\/\/najnaj.eu\/wp-content\/uploads\/2025\/07\/GRE_F22_1103038513_P_1.jpg","width":2000,"height":2000},{"@type":"BreadcrumbList","@id":"https:\/\/najnaj.eu\/fr\/proizvod\/lassig-gre-rolltop-up-ruksak-olive\/#breadcrumb","itemListElement":[{"@type":"ListItem","position":1,"name":"Po\u010detna stranica","item":"https:\/\/najnaj.eu\/fr\/"},{"@type":"ListItem","position":2,"name":"Trgovina","item":"https:\/\/najnaj.hr\/trgovina\/"},{"@type":"ListItem","position":3,"name":"L\u00e4ssig GRE Rolltop Up Ruksak, olive"}]},{"@type":"WebSite","@id":"https:\/\/najnaj.eu\/fr\/#website","url":"https:\/\/najnaj.eu\/fr\/","name":"NajNaj.eu","description":"Za najva\u017enije!","potentialAction":[{"@type":"SearchAction","target":{"@type":"EntryPoint","urlTemplate":"https:\/\/najnaj.eu\/fr\/?s={search_term_string}"},"query-input":{"@type":"PropertyValueSpecification","valueRequired":true,"valueName":"search_term_string"}}],"inLanguage":"fr-FR"}]},"product_brand":"L\u00e4ssig","product_price_amount":"129.95","product_price_currency":"EUR","og_availability":"instock","product_availability":"instock","product_retailer_item_id":"1103038513","product_condition":"new"},"_links":{"self":[{"href":"https:\/\/najnaj.eu\/fr\/wp-json\/wp\/v2\/product\/258613","targetHints":{"allow":["GET"]}}],"collection":[{"href":"https:\/\/najnaj.eu\/fr\/wp-json\/wp\/v2\/product"}],"about":[{"href":"https:\/\/najnaj.eu\/fr\/wp-json\/wp\/v2\/types\/product"}],"replies":[{"embeddable":true,"href":"https:\/\/najnaj.eu\/fr\/wp-json\/wp\/v2\/comments?post=258613"}],"version-history":[{"count":0,"href":"https:\/\/najnaj.eu\/fr\/wp-json\/wp\/v2\/product\/258613\/revisions"}],"wp:featuredmedia":[{"embeddable":true,"href":"https:\/\/najnaj.eu\/fr\/wp-json\/wp\/v2\/media\/258621"}],"wp:attachment":[{"href":"https:\/\/najnaj.eu\/fr\/wp-json\/wp\/v2\/media?parent=258613"}],"wp:term":[{"taxonomy":"product_brand","embeddable":true,"href":"https:\/\/najnaj.eu\/fr\/wp-json\/wp\/v2\/product_brand?post=258613"},{"taxonomy":"product_cat","embeddable":true,"href":"https:\/\/najnaj.eu\/fr\/wp-json\/wp\/v2\/product_cat?post=258613"},{"taxonomy":"product_tag","embeddable":true,"href":"https:\/\/najnaj.eu\/fr\/wp-json\/wp\/v2\/product_tag?post=258613"}],"curies":[{"name":"wp","href":"https:\/\/api.w.org\/{rel}","templated":true}]}}