{"id":258501,"date":"2025-07-03T12:07:00","date_gmt":"2025-07-03T10:07:00","guid":{"rendered":"https:\/\/najnaj.eu\/?post_type=product&#038;p=258501"},"modified":"2026-02-03T20:44:49","modified_gmt":"2026-02-03T19:44:49","slug":"lassig-gre-lunua-bum-bag-torba-bez","status":"publish","type":"product","link":"https:\/\/najnaj.eu\/fr\/proizvod\/lassig-gre-lunua-bum-bag-torba-bez\/","title":{"rendered":"L\u00e4ssig GRE Lunua Bum Bag torba, be\u017e"},"content":{"rendered":"<p>Moderno i prakti\u010dno u jednom: velika torba za rame Lunua iz kolekcije L\u00c4SSIG Green Label isti\u010de se modernim dizajnom i pru\u017ea dovoljno prostora za sve osnovne stvari koje roditelji trebaju u svakodnevnom \u017eivotu. Ova torba pristaje uz svaki outfit, a mo\u017ee se i lako pri\u010dvrstiti na dje\u010dja kolica.<\/p>\n<ul>\n<li>Veli\u010dina: 46 x 7 x 28 cm \/ 460 g<\/li>\n<li>Zapremina: 8,2 l<\/li>\n<li>Vanjski materijal: 100 % poliester<\/li>\n<li>Unutarnji materijal: 100 % poliester (reciklirani)<\/li>\n<li>Impregnacija bez PFC-a<\/li>\n<\/ul>\n<p>Posebne zna\u010dajke:<\/p>\n<ul>\n<li>Veliki glavni pretinac s preglednim rasporedom unutra\u0161njosti nudi prostor za mobitel, klju\u010deve, dude, pli\u0161ance i sli\u010dno<\/li>\n<li>Dodatni pretinci unutra i izvana<\/li>\n<li>Vodoodbojni pretinac za mokre stvari<\/li>\n<li>Uklju\u010deni prakti\u010dni dodaci za presvla\u010denje<\/li>\n<li>Sjajni, vodoodbojni gornji materijal<\/li>\n<li>Remeni za no\u0161enje nisu odvojivi<\/li>\n<li>Lako se pri\u010dvr\u0161\u0107uje na kolica<\/li>\n<li>Moderan izgled s neonskim detaljima<\/li>\n<\/ul>\n<p>Dodaci:<\/p>\n<ul>\n<li>Vodoodbojna podloga za presvla\u010denje<br \/>\nPriklju\u010dak za kolica<\/li>\n<\/ul>\n<p>Torba Lunua Bum Bag savr\u0161en je pratitelj u svakodnevnom obiteljskom \u017eivotu i mo\u017ee se izvrsno kombinirati s drugim proizvodima iz L\u00c4SSIG kolekcije.<\/p>\n","protected":false},"excerpt":{"rendered":"<p>L\u00c4SSIG Lunua torba nije samo moderna, ve\u0107 pru\u017ea i dovoljno prostora za sve va\u017ene stvari koje roditelji trebaju u svakodnevnom \u017eivotu. Torba za rame pristaje uz svaki outfit i lako se mo\u017ee pri\u010dvrstiti na dje\u010dja kolica.<\/p>\n","protected":false},"featured_media":258502,"comment_status":"closed","ping_status":"closed","template":"","meta":{"_acf_changed":false,"footnotes":""},"product_brand":[],"product_cat":[552,648,677],"product_tag":[],"class_list":{"0":"post-258501","1":"product","2":"type-product","3":"status-publish","4":"has-post-thumbnail","6":"product_cat-dodaci-za-kolica","7":"product_cat-organizatori-za-kolica","8":"product_cat-torbe-moda","9":"pa_boja-bez","10":"pa_brand-lassig","12":"first","13":"instock","14":"shipping-taxable","15":"purchasable","16":"product-type-simple"},"bundled_by":[],"bundle_stock_status":"instock","bundle_stock_quantity":1,"bundle_virtual":false,"bundle_layout":"","bundle_add_to_cart_form_location":"","bundle_editable_in_cart":false,"bundle_sold_individually_context":"","bundle_item_grouping":"","bundle_min_size":"","bundle_max_size":"","bundle_price":[],"bundled_items":[],"bundle_sell_ids":[],"acf":[],"yoast_head":"<!-- This site is optimized with the Yoast SEO Premium plugin v21.5 (Yoast SEO v27.4) - https:\/\/yoast.com\/product\/yoast-seo-premium-wordpress\/ -->\n<title>L\u00e4ssig GRE Lunua Bum Bag torba, be\u017e - NajNaj.eu<\/title>\n<meta name=\"robots\" content=\"index, follow, max-snippet:-1, max-image-preview:large, max-video-preview:-1\" \/>\n<link rel=\"canonical\" href=\"https:\/\/najnaj.eu\/fr\/proizvod\/lassig-gre-lunua-bum-bag-torba-bez\/\" \/>\n<meta property=\"og:locale\" content=\"fr_FR\" \/>\n<meta property=\"og:type\" content=\"article\" \/>\n<meta property=\"og:title\" content=\"L\u00e4ssig GRE Lunua Bum Bag torba, be\u017e\" \/>\n<meta property=\"og:description\" content=\"L\u00c4SSIG Lunua torba nije samo moderna, ve\u0107 pru\u017ea i dovoljno prostora za sve va\u017ene stvari koje roditelji trebaju u svakodnevnom \u017eivotu. Torba za rame pristaje uz svaki outfit i lako se mo\u017ee pri\u010dvrstiti na dje\u010dja kolica.\" \/>\n<meta property=\"og:url\" content=\"https:\/\/najnaj.eu\/fr\/proizvod\/lassig-gre-lunua-bum-bag-torba-bez\/\" \/>\n<meta property=\"og:site_name\" content=\"NajNaj.eu\" \/>\n<meta property=\"article:publisher\" content=\"https:\/\/web.facebook.com\/najnaj.eu\/\" \/>\n<meta property=\"article:modified_time\" content=\"2026-02-03T19:44:49+00:00\" \/>\n<meta property=\"og:image\" content=\"https:\/\/najnaj.eu\/wp-content\/uploads\/2025\/07\/GRE_F24_11010483001_P_3.jpg\" \/>\n\t<meta property=\"og:image:width\" content=\"2000\" \/>\n\t<meta property=\"og:image:height\" content=\"2000\" \/>\n\t<meta property=\"og:image:type\" content=\"image\/jpeg\" \/>\n<meta name=\"twitter:card\" content=\"summary_large_image\" \/>\n<meta name=\"twitter:label1\" content=\"Prix\" \/>\n\t<meta name=\"twitter:data1\" content=\"69,95&nbsp;&euro;\" \/>\n\t<meta name=\"twitter:label2\" content=\"Disponibilit\u00e9\" \/>\n\t<meta name=\"twitter:data2\" content=\"En stock\" \/>\n<script type=\"application\/ld+json\" class=\"yoast-schema-graph\">{\"@context\":\"https:\\\/\\\/schema.org\",\"@graph\":[{\"@type\":\"WebPage\",\"@id\":\"https:\\\/\\\/najnaj.eu\\\/fr\\\/proizvod\\\/lassig-gre-lunua-bum-bag-torba-bez\\\/\",\"url\":\"https:\\\/\\\/najnaj.eu\\\/fr\\\/proizvod\\\/lassig-gre-lunua-bum-bag-torba-bez\\\/\",\"name\":\"L\u00e4ssig GRE Lunua Bum Bag torba, be\u017e - NajNaj.eu\",\"isPartOf\":{\"@id\":\"https:\\\/\\\/najnaj.eu\\\/fr\\\/#website\"},\"primaryImageOfPage\":{\"@id\":\"https:\\\/\\\/najnaj.eu\\\/fr\\\/proizvod\\\/lassig-gre-lunua-bum-bag-torba-bez\\\/#primaryimage\"},\"image\":{\"@id\":\"https:\\\/\\\/najnaj.eu\\\/fr\\\/proizvod\\\/lassig-gre-lunua-bum-bag-torba-bez\\\/#primaryimage\"},\"thumbnailUrl\":\"https:\\\/\\\/najnaj.eu\\\/wp-content\\\/uploads\\\/2025\\\/07\\\/GRE_F24_11010483001_P_3.jpg\",\"datePublished\":\"2025-07-03T10:07:00+00:00\",\"dateModified\":\"2026-02-03T19:44:49+00:00\",\"breadcrumb\":{\"@id\":\"https:\\\/\\\/najnaj.eu\\\/fr\\\/proizvod\\\/lassig-gre-lunua-bum-bag-torba-bez\\\/#breadcrumb\"},\"inLanguage\":\"fr-FR\",\"potentialAction\":[{\"@type\":\"ReadAction\",\"target\":[\"https:\\\/\\\/najnaj.eu\\\/fr\\\/proizvod\\\/lassig-gre-lunua-bum-bag-torba-bez\\\/\"]}]},{\"@type\":\"ImageObject\",\"inLanguage\":\"fr-FR\",\"@id\":\"https:\\\/\\\/najnaj.eu\\\/fr\\\/proizvod\\\/lassig-gre-lunua-bum-bag-torba-bez\\\/#primaryimage\",\"url\":\"https:\\\/\\\/najnaj.eu\\\/wp-content\\\/uploads\\\/2025\\\/07\\\/GRE_F24_11010483001_P_3.jpg\",\"contentUrl\":\"https:\\\/\\\/najnaj.eu\\\/wp-content\\\/uploads\\\/2025\\\/07\\\/GRE_F24_11010483001_P_3.jpg\",\"width\":2000,\"height\":2000},{\"@type\":\"BreadcrumbList\",\"@id\":\"https:\\\/\\\/najnaj.eu\\\/fr\\\/proizvod\\\/lassig-gre-lunua-bum-bag-torba-bez\\\/#breadcrumb\",\"itemListElement\":[{\"@type\":\"ListItem\",\"position\":1,\"name\":\"Po\u010detna stranica\",\"item\":\"https:\\\/\\\/najnaj.eu\\\/fr\\\/\"},{\"@type\":\"ListItem\",\"position\":2,\"name\":\"Trgovina\",\"item\":\"https:\\\/\\\/najnaj.hr\\\/trgovina\\\/\"},{\"@type\":\"ListItem\",\"position\":3,\"name\":\"L\u00e4ssig GRE Lunua Bum Bag torba, be\u017e\"}]},{\"@type\":\"WebSite\",\"@id\":\"https:\\\/\\\/najnaj.eu\\\/fr\\\/#website\",\"url\":\"https:\\\/\\\/najnaj.eu\\\/fr\\\/\",\"name\":\"NajNaj.eu\",\"description\":\"Za najva\u017enije!\",\"potentialAction\":[{\"@type\":\"SearchAction\",\"target\":{\"@type\":\"EntryPoint\",\"urlTemplate\":\"https:\\\/\\\/najnaj.eu\\\/fr\\\/?s={search_term_string}\"},\"query-input\":{\"@type\":\"PropertyValueSpecification\",\"valueRequired\":true,\"valueName\":\"search_term_string\"}}],\"inLanguage\":\"fr-FR\"}]}<\/script>\n<meta property=\"product:brand\" content=\"L\u00e4ssig\" \/>\n<meta property=\"product:price:amount\" content=\"69.95\" \/>\n<meta property=\"product:price:currency\" content=\"EUR\" \/>\n<meta property=\"og:availability\" content=\"instock\" \/>\n<meta property=\"product:availability\" content=\"instock\" \/>\n<meta property=\"product:retailer_item_id\" content=\"11010483001\" \/>\n<meta property=\"product:condition\" content=\"new\" \/>\n<!-- \/ Yoast SEO Premium plugin. -->","yoast_head_json":{"title":"L\u00e4ssig GRE Lunua Bum Bag torba, be\u017e - NajNaj.eu","robots":{"index":"index","follow":"follow","max-snippet":"max-snippet:-1","max-image-preview":"max-image-preview:large","max-video-preview":"max-video-preview:-1"},"canonical":"https:\/\/najnaj.eu\/fr\/proizvod\/lassig-gre-lunua-bum-bag-torba-bez\/","og_locale":"fr_FR","og_type":"article","og_title":"L\u00e4ssig GRE Lunua Bum Bag torba, be\u017e","og_description":"L\u00c4SSIG Lunua torba nije samo moderna, ve\u0107 pru\u017ea i dovoljno prostora za sve va\u017ene stvari koje roditelji trebaju u svakodnevnom \u017eivotu. Torba za rame pristaje uz svaki outfit i lako se mo\u017ee pri\u010dvrstiti na dje\u010dja kolica.","og_url":"https:\/\/najnaj.eu\/fr\/proizvod\/lassig-gre-lunua-bum-bag-torba-bez\/","og_site_name":"NajNaj.eu","article_publisher":"https:\/\/web.facebook.com\/najnaj.eu\/","article_modified_time":"2026-02-03T19:44:49+00:00","og_image":[{"width":2000,"height":2000,"url":"https:\/\/najnaj.eu\/wp-content\/uploads\/2025\/07\/GRE_F24_11010483001_P_3.jpg","type":"image\/jpeg"}],"twitter_card":"summary_large_image","twitter_misc":{"Prix":"69,95&nbsp;&euro;","Disponibilit\u00e9":"En stock"},"schema":{"@context":"https:\/\/schema.org","@graph":[{"@type":"WebPage","@id":"https:\/\/najnaj.eu\/fr\/proizvod\/lassig-gre-lunua-bum-bag-torba-bez\/","url":"https:\/\/najnaj.eu\/fr\/proizvod\/lassig-gre-lunua-bum-bag-torba-bez\/","name":"L\u00e4ssig GRE Lunua Bum Bag torba, be\u017e - NajNaj.eu","isPartOf":{"@id":"https:\/\/najnaj.eu\/fr\/#website"},"primaryImageOfPage":{"@id":"https:\/\/najnaj.eu\/fr\/proizvod\/lassig-gre-lunua-bum-bag-torba-bez\/#primaryimage"},"image":{"@id":"https:\/\/najnaj.eu\/fr\/proizvod\/lassig-gre-lunua-bum-bag-torba-bez\/#primaryimage"},"thumbnailUrl":"https:\/\/najnaj.eu\/wp-content\/uploads\/2025\/07\/GRE_F24_11010483001_P_3.jpg","datePublished":"2025-07-03T10:07:00+00:00","dateModified":"2026-02-03T19:44:49+00:00","breadcrumb":{"@id":"https:\/\/najnaj.eu\/fr\/proizvod\/lassig-gre-lunua-bum-bag-torba-bez\/#breadcrumb"},"inLanguage":"fr-FR","potentialAction":[{"@type":"ReadAction","target":["https:\/\/najnaj.eu\/fr\/proizvod\/lassig-gre-lunua-bum-bag-torba-bez\/"]}]},{"@type":"ImageObject","inLanguage":"fr-FR","@id":"https:\/\/najnaj.eu\/fr\/proizvod\/lassig-gre-lunua-bum-bag-torba-bez\/#primaryimage","url":"https:\/\/najnaj.eu\/wp-content\/uploads\/2025\/07\/GRE_F24_11010483001_P_3.jpg","contentUrl":"https:\/\/najnaj.eu\/wp-content\/uploads\/2025\/07\/GRE_F24_11010483001_P_3.jpg","width":2000,"height":2000},{"@type":"BreadcrumbList","@id":"https:\/\/najnaj.eu\/fr\/proizvod\/lassig-gre-lunua-bum-bag-torba-bez\/#breadcrumb","itemListElement":[{"@type":"ListItem","position":1,"name":"Po\u010detna stranica","item":"https:\/\/najnaj.eu\/fr\/"},{"@type":"ListItem","position":2,"name":"Trgovina","item":"https:\/\/najnaj.hr\/trgovina\/"},{"@type":"ListItem","position":3,"name":"L\u00e4ssig GRE Lunua Bum Bag torba, be\u017e"}]},{"@type":"WebSite","@id":"https:\/\/najnaj.eu\/fr\/#website","url":"https:\/\/najnaj.eu\/fr\/","name":"NajNaj.eu","description":"Za najva\u017enije!","potentialAction":[{"@type":"SearchAction","target":{"@type":"EntryPoint","urlTemplate":"https:\/\/najnaj.eu\/fr\/?s={search_term_string}"},"query-input":{"@type":"PropertyValueSpecification","valueRequired":true,"valueName":"search_term_string"}}],"inLanguage":"fr-FR"}]},"product_brand":"L\u00e4ssig","product_price_amount":"69.95","product_price_currency":"EUR","og_availability":"instock","product_availability":"instock","product_retailer_item_id":"11010483001","product_condition":"new"},"_links":{"self":[{"href":"https:\/\/najnaj.eu\/fr\/wp-json\/wp\/v2\/product\/258501","targetHints":{"allow":["GET"]}}],"collection":[{"href":"https:\/\/najnaj.eu\/fr\/wp-json\/wp\/v2\/product"}],"about":[{"href":"https:\/\/najnaj.eu\/fr\/wp-json\/wp\/v2\/types\/product"}],"replies":[{"embeddable":true,"href":"https:\/\/najnaj.eu\/fr\/wp-json\/wp\/v2\/comments?post=258501"}],"version-history":[{"count":0,"href":"https:\/\/najnaj.eu\/fr\/wp-json\/wp\/v2\/product\/258501\/revisions"}],"wp:featuredmedia":[{"embeddable":true,"href":"https:\/\/najnaj.eu\/fr\/wp-json\/wp\/v2\/media\/258502"}],"wp:attachment":[{"href":"https:\/\/najnaj.eu\/fr\/wp-json\/wp\/v2\/media?parent=258501"}],"wp:term":[{"taxonomy":"product_brand","embeddable":true,"href":"https:\/\/najnaj.eu\/fr\/wp-json\/wp\/v2\/product_brand?post=258501"},{"taxonomy":"product_cat","embeddable":true,"href":"https:\/\/najnaj.eu\/fr\/wp-json\/wp\/v2\/product_cat?post=258501"},{"taxonomy":"product_tag","embeddable":true,"href":"https:\/\/najnaj.eu\/fr\/wp-json\/wp\/v2\/product_tag?post=258501"}],"curies":[{"name":"wp","href":"https:\/\/api.w.org\/{rel}","templated":true}]}}