{"id":254481,"date":"2025-06-11T10:16:26","date_gmt":"2025-06-11T08:16:26","guid":{"rendered":"https:\/\/najnaj.eu\/?post_type=product&#038;p=254481"},"modified":"2026-04-16T11:54:43","modified_gmt":"2026-04-16T09:54:43","slug":"carriwell-original-grudnjaci-za-trudnice-i-dojilje-2-kom-crni-i-boja-koze","status":"publish","type":"product","link":"https:\/\/najnaj.eu\/fr\/proizvod\/carriwell-original-grudnjaci-za-trudnice-i-dojilje-2-kom-crni-i-boja-koze\/","title":{"rendered":"Carriwell Original grudnjaci za trudnice i dojilje, 2 kom, crni i boja ko\u017ee"},"content":{"rendered":"<p>Savr\u0161en izbor za udobnost i podr\u0161ku!<br \/>\nNa\u0161 najtra\u017eeniji Carriwell Original grudnjak za trudnice i dojilje odsad je dostupan u prakti\u010dnom duo pakiranju koje uklju\u010duje 2 grudnjaka: jedan u boji ko\u017ee te jedan u crnoj boji.<\/p>\n<p>Dizajniran s posebnom pa\u017enjom kako bi se prilagodio promjenama va\u0161eg tijela, ovaj grudnjak pru\u017ea potporu i udobnost koja vam je potrebna tijekom cijele trudno\u0107e i perioda dojenja, a idealan je i za kori\u0161tenje i nakon tog perioda.<\/p>\n<p>Bez obzira odmarate li, dojite ili ste u pokretu, dizajn bez \u0161avova i bez \u017eica osigurava nje\u017enu potporu bez neugodnog stezanja ili iritacije ko\u017ee. Prakti\u010dna kop\u010da za dojenje omogu\u0107uje brz i jednostavan pristup grudima samo jednom rukom, \u0161to ga \u010dini idealnim za dojenje i danju i no\u0107u.<\/p>\n<p>Udobnost bez kompromisa, \u0161avova i \u017eica!<\/p>\n<p>Ovaj grudnjak nudi udobnost bez \u0161avova i \u017eica te time eliminira iritaciju ko\u017ee te pru\u017ea prirodno i fleksibilno pristajanje. \u0160iroka elasti\u010dna traka ispod grudi djeluje kao potpora umjesto tradicionalnih \u017eica, pru\u017eaju\u0107i nje\u017eno podizanje i optimalnu potporu va\u0161im grudima, bez kompromisa po pitanju udobnosti. Uz grudnjak dolazi i dodatni produ\u017eetak koji vam omogu\u0107uje jednostavno pode\u0161avanje veli\u010dine, osiguravaju\u0107i savr\u0161en i ugodan osje\u0107aj kako se va\u0161e tijelo mijenja tijekom trudno\u0107e i dojenja.<\/p>\n<p>Detalji o proizvodu:<\/p>\n<ul>\n<li>U pakiranju uklju\u010deno: 2 grudnjaka, jedan grudnjak u boji ko\u017ee i jedan u crnoj boji<\/li>\n<li>Materijal: 93% poliamid, 7% elastin<\/li>\n<li>Razina potpore: lagana potpora sa \u0161irokom elasti\u010dnom trakom ispod grudi za prirodno podizanje i podr\u0161ku grudi<\/li>\n<li>Dizajn: bez \u0161avova i \u017eica za maksimalnu udobnost<\/li>\n<li>Funkcionalnost: kop\u010da za dojenje za brz i jednostavan pristup dojenju uz jdnostavno i brzo otkop\u010davanje samo jednom rukom<\/li>\n<li>Dodatno uklju\u010deno: produ\u017eetak za grudnjak za bolju prilagodljivost tijelu koje se mijenja<\/li>\n<\/ul>\n<p>Za\u0161to odabrati Carriwell Original grudnjak za trudnice i dojilje?<\/p>\n<ul>\n<li>Perfect fit: Savr\u0161eno pristaje i pru\u017ea potporu grudima, od prvih nje\u017enih znakova trudno\u0107e do predivnog perioda dojenja nje\u017eno prati promjene na tijelu.<\/li>\n<li>Prakti\u010dno duo pakiranje (be\u017e i crni grudnjak) omogu\u0107ava vam da uvijek imate savr\u0161en izbor za svaku odjevnu kombinaciju.<\/li>\n<li>Preporu\u010den od strane savjetnica za dojenje potvr\u0111uju\u0107i njegovu vrhunsku udobnost i funkcionalnost.<\/li>\n<li>Bez \u0161avova i prozra\u010dan, ovaj grudnjak je toliko ugodan da \u0107ete ga s rado\u0161\u0107u nositi danju i no\u0107u, bez straha od neugodne iritacije.<\/li>\n<\/ul>\n<p>Kako koristiti Carriwell Original grudnjak za trudnice i dojilje?<\/p>\n<p>Mo\u017eete ga nositi cijelo vrijeme: od prvih dana trudno\u0107e, za vrijeme dojenja te kasnije! Jednostavno prilagoditegrudnjak pomo\u0107u prilo\u017eenog produ\u017eetka, ako se va\u0161a veli\u010dina grudi ili opseg tijela promijeni. Prilikom dojenja jednostavno otkop\u010dajte grudnjak jednom rukom i u\u017eivajte u nje\u017enim trenucima dojenja.<\/p>\n<p>S Carriwell Original grudnjakom za trudnice i dojilje u duo pakiranju dobivate udobnost i potporu koja vam je potrebna i to u dvije klasi\u010dne boje. Bez obzira jeste li trudni ili ve\u0107 dojite, ovaj grudnjak fantasti\u010dno pristaje i pru\u017ea potporu ba\u0161 tamo gdje vam je najpotrebnija!<\/p>\n<p><!-- notionvc: d062ef21-802a-423d-b8a3-173b549dea6f --><\/p>\n","protected":false},"excerpt":{"rendered":"<ul>\n<li>Dizajn bez \u0161avova: maksimalna udobnost bez iritacija na ko\u017ei<\/li>\n<li>Prilagodljiv: lako pode\u0161avanje veli\u010dine uz dodatni pro\u0161iriva\u010d grudnjaka koji dolazi u pakiranju<\/li>\n<li>Podr\u0161ka bez \u017eica: nje\u017ena, ali sigurna potpora<\/li>\n<li>Jednostavno dojenje: lako otkop\u010davanje s jednom rukom<\/li>\n<li>Rastezljiv materijal: prilago\u0111ava se promjenama tijela<\/li>\n<li>OEKO-TEX Standard 100<\/li>\n<\/ul>\n","protected":false},"featured_media":299949,"comment_status":"closed","ping_status":"closed","template":"","meta":{"_acf_changed":false,"footnotes":""},"product_brand":[],"product_cat":[546,586,588,562],"product_tag":[2103],"class_list":{"0":"post-254481","1":"product","2":"type-product","3":"status-publish","4":"has-post-thumbnail","6":"product_cat-dojenje","7":"product_cat-grudnjaci-za-dojenje","8":"product_cat-grudnjaci-za-trudnice","9":"product_cat-za-mamu","10":"product_tag-new-mum","11":"pa_brand-carriwell","13":"first","14":"instock","15":"shipping-taxable","16":"purchasable","17":"product-type-variable"},"bundled_by":["278215"],"bundle_stock_status":"instock","bundle_stock_quantity":null,"bundle_virtual":false,"bundle_layout":"","bundle_add_to_cart_form_location":"","bundle_editable_in_cart":false,"bundle_sold_individually_context":"","bundle_item_grouping":"","bundle_min_size":"","bundle_max_size":"","bundle_price":[],"bundled_items":[],"bundle_sell_ids":[],"acf":[],"yoast_head":"<!-- This site is optimized with the Yoast SEO Premium plugin v21.5 (Yoast SEO v27.4) - https:\/\/yoast.com\/product\/yoast-seo-premium-wordpress\/ -->\n<title>Carriwell Original grudnjaci za trudnice i dojilje, 2 kom, crni i boja ko\u017ee - NajNaj.eu<\/title>\n<meta name=\"robots\" content=\"index, follow, max-snippet:-1, max-image-preview:large, max-video-preview:-1\" \/>\n<link rel=\"canonical\" href=\"https:\/\/najnaj.eu\/fr\/proizvod\/carriwell-original-grudnjaci-za-trudnice-i-dojilje-2-kom-crni-i-boja-koze\/\" \/>\n<meta property=\"og:locale\" content=\"fr_FR\" \/>\n<meta property=\"og:type\" content=\"article\" \/>\n<meta property=\"og:title\" content=\"Carriwell Original grudnjaci za trudnice i dojilje, 2 kom, crni i boja ko\u017ee\" \/>\n<meta property=\"og:description\" content=\"Dizajn bez \u0161avova: maksimalna udobnost bez iritacija na ko\u017ei  Prilagodljiv: lako pode\u0161avanje veli\u010dine uz dodatni pro\u0161iriva\u010d grudnjaka koji dolazi u pakiranju  Podr\u0161ka bez \u017eica: nje\u017ena, ali sigurna potpora  Jednostavno dojenje: lako otkop\u010davanje s jednom rukom  Rastezljiv materijal: prilago\u0111ava se promjenama tijela  OEKO-TEX Standard 100\" \/>\n<meta property=\"og:url\" content=\"https:\/\/najnaj.eu\/fr\/proizvod\/carriwell-original-grudnjaci-za-trudnice-i-dojilje-2-kom-crni-i-boja-koze\/\" \/>\n<meta property=\"og:site_name\" content=\"NajNaj.eu\" \/>\n<meta property=\"article:publisher\" content=\"https:\/\/web.facebook.com\/najnaj.eu\/\" \/>\n<meta property=\"article:modified_time\" content=\"2026-04-16T09:54:43+00:00\" \/>\n<meta property=\"og:image\" content=\"https:\/\/najnaj.eu\/wp-content\/uploads\/2025\/06\/DUO-PACK-4.png\" \/>\n\t<meta property=\"og:image:width\" content=\"1200\" \/>\n\t<meta property=\"og:image:height\" content=\"1200\" \/>\n\t<meta property=\"og:image:type\" content=\"image\/png\" \/>\n<meta name=\"twitter:card\" content=\"summary_large_image\" \/>\n<meta name=\"twitter:label1\" content=\"Disponibilit\u00e9\" \/>\n\t<meta name=\"twitter:data1\" content=\"En stock\" \/>\n<script type=\"application\/ld+json\" class=\"yoast-schema-graph\">{\"@context\":\"https:\\\/\\\/schema.org\",\"@graph\":[{\"@type\":\"WebPage\",\"@id\":\"https:\\\/\\\/najnaj.eu\\\/fr\\\/proizvod\\\/carriwell-original-grudnjaci-za-trudnice-i-dojilje-2-kom-crni-i-boja-koze\\\/\",\"url\":\"https:\\\/\\\/najnaj.eu\\\/fr\\\/proizvod\\\/carriwell-original-grudnjaci-za-trudnice-i-dojilje-2-kom-crni-i-boja-koze\\\/\",\"name\":\"Carriwell Original grudnjaci za trudnice i dojilje, 2 kom, crni i boja ko\u017ee - NajNaj.eu\",\"isPartOf\":{\"@id\":\"https:\\\/\\\/najnaj.eu\\\/fr\\\/#website\"},\"primaryImageOfPage\":{\"@id\":\"https:\\\/\\\/najnaj.eu\\\/fr\\\/proizvod\\\/carriwell-original-grudnjaci-za-trudnice-i-dojilje-2-kom-crni-i-boja-koze\\\/#primaryimage\"},\"image\":{\"@id\":\"https:\\\/\\\/najnaj.eu\\\/fr\\\/proizvod\\\/carriwell-original-grudnjaci-za-trudnice-i-dojilje-2-kom-crni-i-boja-koze\\\/#primaryimage\"},\"thumbnailUrl\":\"https:\\\/\\\/najnaj.eu\\\/wp-content\\\/uploads\\\/2025\\\/06\\\/DUO-PACK-4.png\",\"datePublished\":\"2025-06-11T08:16:26+00:00\",\"dateModified\":\"2026-04-16T09:54:43+00:00\",\"breadcrumb\":{\"@id\":\"https:\\\/\\\/najnaj.eu\\\/fr\\\/proizvod\\\/carriwell-original-grudnjaci-za-trudnice-i-dojilje-2-kom-crni-i-boja-koze\\\/#breadcrumb\"},\"inLanguage\":\"fr-FR\",\"potentialAction\":[{\"@type\":\"ReadAction\",\"target\":[\"https:\\\/\\\/najnaj.eu\\\/fr\\\/proizvod\\\/carriwell-original-grudnjaci-za-trudnice-i-dojilje-2-kom-crni-i-boja-koze\\\/\"]}]},{\"@type\":\"ImageObject\",\"inLanguage\":\"fr-FR\",\"@id\":\"https:\\\/\\\/najnaj.eu\\\/fr\\\/proizvod\\\/carriwell-original-grudnjaci-za-trudnice-i-dojilje-2-kom-crni-i-boja-koze\\\/#primaryimage\",\"url\":\"https:\\\/\\\/najnaj.eu\\\/wp-content\\\/uploads\\\/2025\\\/06\\\/DUO-PACK-4.png\",\"contentUrl\":\"https:\\\/\\\/najnaj.eu\\\/wp-content\\\/uploads\\\/2025\\\/06\\\/DUO-PACK-4.png\",\"width\":1200,\"height\":1200},{\"@type\":\"BreadcrumbList\",\"@id\":\"https:\\\/\\\/najnaj.eu\\\/fr\\\/proizvod\\\/carriwell-original-grudnjaci-za-trudnice-i-dojilje-2-kom-crni-i-boja-koze\\\/#breadcrumb\",\"itemListElement\":[{\"@type\":\"ListItem\",\"position\":1,\"name\":\"Po\u010detna stranica\",\"item\":\"https:\\\/\\\/najnaj.eu\\\/fr\\\/\"},{\"@type\":\"ListItem\",\"position\":2,\"name\":\"Trgovina\",\"item\":\"https:\\\/\\\/najnaj.hr\\\/trgovina\\\/\"},{\"@type\":\"ListItem\",\"position\":3,\"name\":\"Carriwell Original grudnjaci za trudnice i dojilje, 2 kom, crni i boja ko\u017ee\"}]},{\"@type\":\"WebSite\",\"@id\":\"https:\\\/\\\/najnaj.eu\\\/fr\\\/#website\",\"url\":\"https:\\\/\\\/najnaj.eu\\\/fr\\\/\",\"name\":\"NajNaj.eu\",\"description\":\"Za najva\u017enije!\",\"potentialAction\":[{\"@type\":\"SearchAction\",\"target\":{\"@type\":\"EntryPoint\",\"urlTemplate\":\"https:\\\/\\\/najnaj.eu\\\/fr\\\/?s={search_term_string}\"},\"query-input\":{\"@type\":\"PropertyValueSpecification\",\"valueRequired\":true,\"valueName\":\"search_term_string\"}}],\"inLanguage\":\"fr-FR\"}]}<\/script>\n<meta property=\"product:brand\" content=\"Carriwell\" \/>\n<meta property=\"og:availability\" content=\"instock\" \/>\n<meta property=\"product:availability\" content=\"instock\" \/>\n<meta property=\"product:retailer_item_id\" content=\"CW308511N\" \/>\n<meta property=\"product:condition\" content=\"new\" \/>\n<!-- \/ Yoast SEO Premium plugin. -->","yoast_head_json":{"title":"Carriwell Original grudnjaci za trudnice i dojilje, 2 kom, crni i boja ko\u017ee - NajNaj.eu","robots":{"index":"index","follow":"follow","max-snippet":"max-snippet:-1","max-image-preview":"max-image-preview:large","max-video-preview":"max-video-preview:-1"},"canonical":"https:\/\/najnaj.eu\/fr\/proizvod\/carriwell-original-grudnjaci-za-trudnice-i-dojilje-2-kom-crni-i-boja-koze\/","og_locale":"fr_FR","og_type":"article","og_title":"Carriwell Original grudnjaci za trudnice i dojilje, 2 kom, crni i boja ko\u017ee","og_description":"Dizajn bez \u0161avova: maksimalna udobnost bez iritacija na ko\u017ei  Prilagodljiv: lako pode\u0161avanje veli\u010dine uz dodatni pro\u0161iriva\u010d grudnjaka koji dolazi u pakiranju  Podr\u0161ka bez \u017eica: nje\u017ena, ali sigurna potpora  Jednostavno dojenje: lako otkop\u010davanje s jednom rukom  Rastezljiv materijal: prilago\u0111ava se promjenama tijela  OEKO-TEX Standard 100","og_url":"https:\/\/najnaj.eu\/fr\/proizvod\/carriwell-original-grudnjaci-za-trudnice-i-dojilje-2-kom-crni-i-boja-koze\/","og_site_name":"NajNaj.eu","article_publisher":"https:\/\/web.facebook.com\/najnaj.eu\/","article_modified_time":"2026-04-16T09:54:43+00:00","og_image":[{"width":1200,"height":1200,"url":"https:\/\/najnaj.eu\/wp-content\/uploads\/2025\/06\/DUO-PACK-4.png","type":"image\/png"}],"twitter_card":"summary_large_image","twitter_misc":{"Disponibilit\u00e9":"En stock"},"schema":{"@context":"https:\/\/schema.org","@graph":[{"@type":"WebPage","@id":"https:\/\/najnaj.eu\/fr\/proizvod\/carriwell-original-grudnjaci-za-trudnice-i-dojilje-2-kom-crni-i-boja-koze\/","url":"https:\/\/najnaj.eu\/fr\/proizvod\/carriwell-original-grudnjaci-za-trudnice-i-dojilje-2-kom-crni-i-boja-koze\/","name":"Carriwell Original grudnjaci za trudnice i dojilje, 2 kom, crni i boja ko\u017ee - NajNaj.eu","isPartOf":{"@id":"https:\/\/najnaj.eu\/fr\/#website"},"primaryImageOfPage":{"@id":"https:\/\/najnaj.eu\/fr\/proizvod\/carriwell-original-grudnjaci-za-trudnice-i-dojilje-2-kom-crni-i-boja-koze\/#primaryimage"},"image":{"@id":"https:\/\/najnaj.eu\/fr\/proizvod\/carriwell-original-grudnjaci-za-trudnice-i-dojilje-2-kom-crni-i-boja-koze\/#primaryimage"},"thumbnailUrl":"https:\/\/najnaj.eu\/wp-content\/uploads\/2025\/06\/DUO-PACK-4.png","datePublished":"2025-06-11T08:16:26+00:00","dateModified":"2026-04-16T09:54:43+00:00","breadcrumb":{"@id":"https:\/\/najnaj.eu\/fr\/proizvod\/carriwell-original-grudnjaci-za-trudnice-i-dojilje-2-kom-crni-i-boja-koze\/#breadcrumb"},"inLanguage":"fr-FR","potentialAction":[{"@type":"ReadAction","target":["https:\/\/najnaj.eu\/fr\/proizvod\/carriwell-original-grudnjaci-za-trudnice-i-dojilje-2-kom-crni-i-boja-koze\/"]}]},{"@type":"ImageObject","inLanguage":"fr-FR","@id":"https:\/\/najnaj.eu\/fr\/proizvod\/carriwell-original-grudnjaci-za-trudnice-i-dojilje-2-kom-crni-i-boja-koze\/#primaryimage","url":"https:\/\/najnaj.eu\/wp-content\/uploads\/2025\/06\/DUO-PACK-4.png","contentUrl":"https:\/\/najnaj.eu\/wp-content\/uploads\/2025\/06\/DUO-PACK-4.png","width":1200,"height":1200},{"@type":"BreadcrumbList","@id":"https:\/\/najnaj.eu\/fr\/proizvod\/carriwell-original-grudnjaci-za-trudnice-i-dojilje-2-kom-crni-i-boja-koze\/#breadcrumb","itemListElement":[{"@type":"ListItem","position":1,"name":"Po\u010detna stranica","item":"https:\/\/najnaj.eu\/fr\/"},{"@type":"ListItem","position":2,"name":"Trgovina","item":"https:\/\/najnaj.hr\/trgovina\/"},{"@type":"ListItem","position":3,"name":"Carriwell Original grudnjaci za trudnice i dojilje, 2 kom, crni i boja ko\u017ee"}]},{"@type":"WebSite","@id":"https:\/\/najnaj.eu\/fr\/#website","url":"https:\/\/najnaj.eu\/fr\/","name":"NajNaj.eu","description":"Za najva\u017enije!","potentialAction":[{"@type":"SearchAction","target":{"@type":"EntryPoint","urlTemplate":"https:\/\/najnaj.eu\/fr\/?s={search_term_string}"},"query-input":{"@type":"PropertyValueSpecification","valueRequired":true,"valueName":"search_term_string"}}],"inLanguage":"fr-FR"}]},"product_brand":"Carriwell","og_availability":"instock","product_availability":"instock","product_retailer_item_id":"CW308511N","product_condition":"new"},"_links":{"self":[{"href":"https:\/\/najnaj.eu\/fr\/wp-json\/wp\/v2\/product\/254481","targetHints":{"allow":["GET"]}}],"collection":[{"href":"https:\/\/najnaj.eu\/fr\/wp-json\/wp\/v2\/product"}],"about":[{"href":"https:\/\/najnaj.eu\/fr\/wp-json\/wp\/v2\/types\/product"}],"replies":[{"embeddable":true,"href":"https:\/\/najnaj.eu\/fr\/wp-json\/wp\/v2\/comments?post=254481"}],"version-history":[{"count":0,"href":"https:\/\/najnaj.eu\/fr\/wp-json\/wp\/v2\/product\/254481\/revisions"}],"wp:featuredmedia":[{"embeddable":true,"href":"https:\/\/najnaj.eu\/fr\/wp-json\/wp\/v2\/media\/299949"}],"wp:attachment":[{"href":"https:\/\/najnaj.eu\/fr\/wp-json\/wp\/v2\/media?parent=254481"}],"wp:term":[{"taxonomy":"product_brand","embeddable":true,"href":"https:\/\/najnaj.eu\/fr\/wp-json\/wp\/v2\/product_brand?post=254481"},{"taxonomy":"product_cat","embeddable":true,"href":"https:\/\/najnaj.eu\/fr\/wp-json\/wp\/v2\/product_cat?post=254481"},{"taxonomy":"product_tag","embeddable":true,"href":"https:\/\/najnaj.eu\/fr\/wp-json\/wp\/v2\/product_tag?post=254481"}],"curies":[{"name":"wp","href":"https:\/\/api.w.org\/{rel}","templated":true}]}}