{"id":251422,"date":"2025-05-21T09:50:54","date_gmt":"2025-05-21T07:50:54","guid":{"rendered":"https:\/\/najnaj.eu\/?post_type=product&#038;p=251422"},"modified":"2026-04-15T02:08:21","modified_gmt":"2026-04-15T00:08:21","slug":"4u1-kolica-icandy-peach-7-complete-bundle-coco-besafe-autosjedalica-sa-bazom","status":"publish","type":"product","link":"https:\/\/najnaj.eu\/fr\/proizvod\/4u1-kolica-icandy-peach-7-complete-bundle-coco-besafe-autosjedalica-sa-bazom\/","title":{"rendered":"4u1 kolica iCandy Peach 7 Complete Bundle, Coco + BeSafe autosjedalica sa bazom"},"content":{"rendered":"<p><strong><a href=\"https:\/\/najnaj.eu\/proizvod\/icandy-peach-7-kolica-2u1-coco-complete-bundle\/\" target=\"_blank\" rel=\"noopener\">iCandy Peach 7 kolica<\/a> dizajnirana su da rastu s va\u0161om obitelji &#8211; mogu se koristiti od djetetova ro\u0111enja do 25kg.<\/strong><\/p>\n<p>Svaki element ovih kolica izra\u0111en je kako bi osigurao maksimalnu funkcionalnost, kvalitetu i sigurnost, a s luksuznim tkaninama i glatkim upravljanjem na svim terenima pru\u017ea iznimnu udobnost. Izbor je svakog roditelja koji \u017eeli vrhunski dizajn i stil koji traje. Lako se mo\u017ee pretvoriti u kolica za blizance ili dvoje djece razli\u010dite dobi uz set za konfiguraciju.<\/p>\n<p>Klju\u010dne zna\u010dajke:<\/p>\n<ul>\n<li>Prikladna od ro\u0111enja do 25 kg (15 kg na povisiva\u010dima)<\/li>\n<li>\u010cvrsti aluminijski okvir s PU gumama otpornim na probijanje<\/li>\n<li>Integrirani podest za starije dijete (do 20 kg)<\/li>\n<li>Podesiva ru\u010dka za upravljanje (95-105 cm)<\/li>\n<li>Adapteri za autosjedalicu uklju\u010deni &#8211; potpuni 3u1 putni sustav<\/li>\n<li>5-godi\u0161nje jamstvo uklju\u010deno<\/li>\n<\/ul>\n<p>Prakti\u010dnost i udobnost:<\/p>\n<ul>\n<li>Svestrane pozicije sjedenja &#8211; okrenuto prema roditelju ili okolini s povisiva\u010dima<\/li>\n<li>Mogu\u0107nost nadogradnje za blizance ili dvoje djece razli\u010dite dobi<\/li>\n<li>Klize\u0107i Pop-Up sustav s podesivim naslonom za glavu<\/li>\n<li>Jednostavna promjena nagiba u \u010detiri polo\u017eaja jednom rukom<\/li>\n<li>Podesivi oslonac za noge<\/li>\n<\/ul>\n<p>Dodatne pogodnosti:<\/p>\n<ul>\n<li>Kompaktno sklapanje jednom rukom s automatskim zaklju\u010davanjem<\/li>\n<li>Samostoje\u0107a kada su sklopljena, s remenom za no\u0161enje<\/li>\n<li>Prostrana ko\u0161ara od 44L (nosivost do 10 kg)<\/li>\n<li>Produljivi vodootporni krovi\u0107 s ventilacijom i SPF 50+ za\u0161titom<\/li>\n<li>Neprobu\u0161ivi kota\u010di od PU pjene za ultra glatku vo\u017enju<\/li>\n<\/ul>\n<p>&nbsp;<\/p>\n<p><strong>U ovaj 4u1 sustav uklju\u010dena je najnovija <a href=\"https:\/\/najnaj.eu\/kategorija-proizvoda\/autosjedalice\/?Model=go-beyond%C2%B2\" target=\"_blank\" rel=\"noopener\"><span style=\"color: #7e5f7d;\">BeSafe Go Beyond\u00b2<\/span><\/a> autosjedalica sa pripadaju\u0107om <a href=\"https:\/\/najnaj.eu\/proizvod\/besafe-beyond-isofix-baza\/\" target=\"_blank\" rel=\"noopener\">ISOfix bazom<\/a>.<\/strong><\/p>\n<p>BeSafe je norve\u0161ki brend s vi\u0161e od 50 godina iskustva u razvoju dje\u010djih autosjedalica i smatra se sinonimom vrhunske sigurnosti. BeSafe Go Beyond\u00b2 je nova verzija nagra\u0111ivane Go Beyond autosjedalice, sa pobolj\u0161anim dizajnom i u novim bojama. Namjenjena je za djecu od 40 do 87 cm ili do 13 kg (pribli\u017eno 18 mj) i kori\u0161tenje u smjeru suprotnom od smjera vo\u017enje. Jedina je autojedalica od ro\u0111enja koja se mo\u017ee postaviti u siguran le\u017ee\u0107i polo\u017eaj tijekom vo\u017enje u automobilu &#8211; ako se dogodi nesre\u0107a, sjedalica se automatski pomi\u010de u sjede\u0107i polo\u017eaj, osiguravaju\u0107i pravi kut potreban za sigurnost bebe. Ovaj model ima i prakti\u010dnu 180\u00b0 rotaciju koja omogu\u0107uje okretanje sjedalice prema vratima automobila za lak\u0161e stavljanje djeteta u sjedalicu, \u0161to \u0161titi va\u0161a le\u0111a. Beyond ISOfix baza obavezna je za kori\u0161tenje le\u017ee\u0107eg polo\u017eaja i rotaciju autosjedalice.<\/p>\n<p>Klju\u010dne zna\u010dajke:<\/p>\n<ul>\n<li>Active Lay Flat\u2122 &#8211; automatski se pomi\u010de u sjede\u0107i polo\u017eaj pri sudaru<\/li>\n<li>Rotacija 180\u00b0 &#8211; jednostavno okretanje prema vratima za lak\u0161e postavljanje djeteta<\/li>\n<li>Fleksibilna instalacija &#8211; putem ISOfix baze ili sigurnosnim pojasom<\/li>\n<li>\u00ab\u00a0Peekaboo\u00a0\u00bb krovi\u0107 &#8211; produljiva za\u0161tita od sunca s funkcijom za brzu provjeru bebe<\/li>\n<li>Raste s djetetom &#8211; podesivi naslon za glavu u 10 stupnjeva i uklonjivi jastu\u010di\u0107i<\/li>\n<li>Ru\u010dka za no\u0161enje kojom se upravlja jednom rukom<\/li>\n<\/ul>\n<p>Napredna sigurnost:<\/p>\n<ul>\n<li>Unutarnji pojasevi s kop\u010danjem u pet to\u010daka<\/li>\n<li>Dynamic Force Absorber\u2122 za za\u0161titu glave<\/li>\n<li>Dodatna bo\u010dna za\u0161tita (SIP+)<\/li>\n<li>Odobrena za kori\u0161tenje u zrakoplovima<\/li>\n<\/ul>\n<p>Prakti\u010dnost i udobnost:<\/p>\n<ul>\n<li>Universal Level Technology\u2122 za optimalan kut u svakom vozilu<\/li>\n<li>Magnetski dr\u017ea\u010di pojaseva (Magnetic Belt Assistants\u2122)<\/li>\n<li>Certificirana kao ergonomski pogodna za le\u0111a (AGR)<\/li>\n<\/ul>\n<p>Odr\u017eivost:<\/p>\n<ul>\n<li>Izdr\u017eljivi materijali s 15-godi\u0161njim \u017eivotnim vijekom<\/li>\n<li>Modularni dizajn za kori\u0161tenje u vi\u0161e vozila<\/li>\n<\/ul>\n<p><!-- notionvc: cd98442c-d21a-4a5e-87c8-84733cee59a0 --><\/p>\n<p>&nbsp;<\/p>\n<p><img loading=\"lazy\" decoding=\"async\" class=\"alignnone wp-image-288819 size-full\" src=\"https:\/\/najnaj.eu\/wp-content\/uploads\/2025\/05\/New-Project-22.jpg\" alt=\"\" width=\"805\" height=\"600\" srcset=\"https:\/\/najnaj.eu\/wp-content\/uploads\/2025\/05\/New-Project-22.jpg 805w, https:\/\/najnaj.eu\/wp-content\/uploads\/2025\/05\/New-Project-22-324x241.jpg 324w, https:\/\/najnaj.eu\/wp-content\/uploads\/2025\/05\/New-Project-22-300x224.jpg 300w, https:\/\/najnaj.eu\/wp-content\/uploads\/2025\/05\/New-Project-22-768x572.jpg 768w, https:\/\/najnaj.eu\/wp-content\/uploads\/2025\/05\/New-Project-22-420x313.jpg 420w\" sizes=\"auto, (max-width: 805px) 100vw, 805px\" \/><\/p>\n","protected":false},"excerpt":{"rendered":"<p>4 u 1 set kolica i autosjedalice sa ISOfix bazom za kori\u0161tenje od ro\u0111enja.<\/p>\n<p>U set uklju\u010deno:<\/p>\n<ul>\n<li>kolica (podvozje) s integriranim podestom za starije dijete (Ride on board)<\/li>\n<li>materijal za ko\u0161aru za novoro\u0111en\u010de sa podlogom i madracem<\/li>\n<li>materijal za sjede\u0107i dio<\/li>\n<li>okvir za ko\u0161aru za novoro\u0111en\u010de\/sjede\u0107i dio<\/li>\n<li>SPF50+ krovi\u0107<\/li>\n<li>adapteri za autosjedalicu<\/li>\n<li>adapteri za povisivanje<\/li>\n<li>ki\u0161na navlaka<\/li>\n<li>torba\/ruksak za pelene<\/li>\n<li>zimska vre\u0107a i obloga sjedi\u0161ta<\/li>\n<li>univerzalno sjenilo i mre\u017eica protiv komaraca<\/li>\n<li>dr\u017ea\u010d za bocu<\/li>\n<li>suncobran<\/li>\n<li>autosjedalica BeSafe Go Beyond\u00b2<\/li>\n<li>Beyond ISOfix baza<\/li>\n<\/ul>\n<p><strong>Izaberi boju autosjedalice:<\/strong><\/p>\n","protected":false},"featured_media":288790,"comment_status":"closed","ping_status":"closed","template":"","meta":{"_acf_changed":false,"footnotes":""},"product_brand":[],"product_cat":[2117],"product_tag":[],"class_list":{"0":"post-251422","1":"product","2":"type-product","3":"status-publish","4":"has-post-thumbnail","6":"product_cat-kolica-4u1","7":"pa_boja-anthracite-mesh","8":"pa_boja-black-soft-breeze","9":"pa_boja-dark-grey-melange","10":"pa_boja-dark-sand-soft-breeze","11":"pa_boja-meadow-green-soft-breeze","12":"pa_boja-peak-mesh","13":"pa_brand-besafe","14":"pa_brand-icandy","15":"pa_vrsta-kolica-4u1","17":"first","18":"instock","19":"shipping-taxable","20":"purchasable","21":"product-type-variable"},"bundled_by":[],"bundle_stock_status":"instock","bundle_stock_quantity":null,"bundle_virtual":false,"bundle_layout":"","bundle_add_to_cart_form_location":"","bundle_editable_in_cart":false,"bundle_sold_individually_context":"","bundle_item_grouping":"","bundle_min_size":"","bundle_max_size":"","bundle_price":[],"bundled_items":[],"bundle_sell_ids":[],"acf":[],"yoast_head":"<!-- This site is optimized with the Yoast SEO Premium plugin v21.5 (Yoast SEO v27.4) - https:\/\/yoast.com\/product\/yoast-seo-premium-wordpress\/ -->\n<title>4u1 iCandy kolica i BeSafe autosjedalica - svi dodatci u paketu! NajNaj.eu<\/title>\n<meta name=\"description\" content=\"4u1 kolica iCandy sa vrhunskom BeSafe autosjedalicom, ISOfix bazom i raznim dodatcima. Za sigurne i udobne vo\u017enje i \u0161etnje sa najmanjima.\" \/>\n<meta name=\"robots\" content=\"index, follow, max-snippet:-1, max-image-preview:large, max-video-preview:-1\" \/>\n<link rel=\"canonical\" href=\"https:\/\/najnaj.eu\/fr\/proizvod\/4u1-kolica-icandy-peach-7-complete-bundle-coco-besafe-autosjedalica-sa-bazom\/\" \/>\n<meta property=\"og:locale\" content=\"fr_FR\" \/>\n<meta property=\"og:type\" content=\"article\" \/>\n<meta property=\"og:title\" content=\"4u1 kolica iCandy Peach 7 Complete Bundle, Coco + BeSafe autosjedalica sa bazom\" \/>\n<meta property=\"og:description\" content=\"4u1 kolica iCandy sa vrhunskom BeSafe autosjedalicom, ISOfix bazom i raznim dodatcima. Za sigurne i udobne vo\u017enje i \u0161etnje sa najmanjima.\" \/>\n<meta property=\"og:url\" content=\"https:\/\/najnaj.eu\/fr\/proizvod\/4u1-kolica-icandy-peach-7-complete-bundle-coco-besafe-autosjedalica-sa-bazom\/\" \/>\n<meta property=\"og:site_name\" content=\"NajNaj.eu\" \/>\n<meta property=\"article:publisher\" content=\"https:\/\/web.facebook.com\/najnaj.eu\/\" \/>\n<meta property=\"article:modified_time\" content=\"2026-04-15T00:08:21+00:00\" \/>\n<meta property=\"og:image\" content=\"https:\/\/najnaj.eu\/wp-content\/uploads\/2025\/05\/4u1-coco.png\" \/>\n\t<meta property=\"og:image:width\" content=\"1080\" \/>\n\t<meta property=\"og:image:height\" content=\"1080\" \/>\n\t<meta property=\"og:image:type\" content=\"image\/png\" \/>\n<meta name=\"twitter:card\" content=\"summary_large_image\" \/>\n<meta name=\"twitter:label1\" content=\"Disponibilit\u00e9\" \/>\n\t<meta name=\"twitter:data1\" content=\"En stock\" \/>\n<script type=\"application\/ld+json\" class=\"yoast-schema-graph\">{\"@context\":\"https:\\\/\\\/schema.org\",\"@graph\":[{\"@type\":\"WebPage\",\"@id\":\"https:\\\/\\\/najnaj.eu\\\/fr\\\/proizvod\\\/4u1-kolica-icandy-peach-7-complete-bundle-coco-besafe-autosjedalica-sa-bazom\\\/\",\"url\":\"https:\\\/\\\/najnaj.eu\\\/fr\\\/proizvod\\\/4u1-kolica-icandy-peach-7-complete-bundle-coco-besafe-autosjedalica-sa-bazom\\\/\",\"name\":\"4u1 iCandy kolica i BeSafe autosjedalica - svi dodatci u paketu! NajNaj.eu\",\"isPartOf\":{\"@id\":\"https:\\\/\\\/najnaj.eu\\\/fr\\\/#website\"},\"primaryImageOfPage\":{\"@id\":\"https:\\\/\\\/najnaj.eu\\\/fr\\\/proizvod\\\/4u1-kolica-icandy-peach-7-complete-bundle-coco-besafe-autosjedalica-sa-bazom\\\/#primaryimage\"},\"image\":{\"@id\":\"https:\\\/\\\/najnaj.eu\\\/fr\\\/proizvod\\\/4u1-kolica-icandy-peach-7-complete-bundle-coco-besafe-autosjedalica-sa-bazom\\\/#primaryimage\"},\"thumbnailUrl\":\"https:\\\/\\\/najnaj.eu\\\/wp-content\\\/uploads\\\/2025\\\/05\\\/4u1-coco.png\",\"datePublished\":\"2025-05-21T07:50:54+00:00\",\"dateModified\":\"2026-04-15T00:08:21+00:00\",\"description\":\"4u1 kolica iCandy sa vrhunskom BeSafe autosjedalicom, ISOfix bazom i raznim dodatcima. Za sigurne i udobne vo\u017enje i \u0161etnje sa najmanjima.\",\"breadcrumb\":{\"@id\":\"https:\\\/\\\/najnaj.eu\\\/fr\\\/proizvod\\\/4u1-kolica-icandy-peach-7-complete-bundle-coco-besafe-autosjedalica-sa-bazom\\\/#breadcrumb\"},\"inLanguage\":\"fr-FR\",\"potentialAction\":[{\"@type\":\"ReadAction\",\"target\":[\"https:\\\/\\\/najnaj.eu\\\/fr\\\/proizvod\\\/4u1-kolica-icandy-peach-7-complete-bundle-coco-besafe-autosjedalica-sa-bazom\\\/\"]}]},{\"@type\":\"ImageObject\",\"inLanguage\":\"fr-FR\",\"@id\":\"https:\\\/\\\/najnaj.eu\\\/fr\\\/proizvod\\\/4u1-kolica-icandy-peach-7-complete-bundle-coco-besafe-autosjedalica-sa-bazom\\\/#primaryimage\",\"url\":\"https:\\\/\\\/najnaj.eu\\\/wp-content\\\/uploads\\\/2025\\\/05\\\/4u1-coco.png\",\"contentUrl\":\"https:\\\/\\\/najnaj.eu\\\/wp-content\\\/uploads\\\/2025\\\/05\\\/4u1-coco.png\",\"width\":1080,\"height\":1080},{\"@type\":\"BreadcrumbList\",\"@id\":\"https:\\\/\\\/najnaj.eu\\\/fr\\\/proizvod\\\/4u1-kolica-icandy-peach-7-complete-bundle-coco-besafe-autosjedalica-sa-bazom\\\/#breadcrumb\",\"itemListElement\":[{\"@type\":\"ListItem\",\"position\":1,\"name\":\"Po\u010detna stranica\",\"item\":\"https:\\\/\\\/najnaj.eu\\\/fr\\\/\"},{\"@type\":\"ListItem\",\"position\":2,\"name\":\"Trgovina\",\"item\":\"https:\\\/\\\/najnaj.hr\\\/trgovina\\\/\"},{\"@type\":\"ListItem\",\"position\":3,\"name\":\"4u1 kolica iCandy Peach 7 Complete Bundle, Coco + BeSafe autosjedalica sa bazom\"}]},{\"@type\":\"WebSite\",\"@id\":\"https:\\\/\\\/najnaj.eu\\\/fr\\\/#website\",\"url\":\"https:\\\/\\\/najnaj.eu\\\/fr\\\/\",\"name\":\"NajNaj.eu\",\"description\":\"Za najva\u017enije!\",\"potentialAction\":[{\"@type\":\"SearchAction\",\"target\":{\"@type\":\"EntryPoint\",\"urlTemplate\":\"https:\\\/\\\/najnaj.eu\\\/fr\\\/?s={search_term_string}\"},\"query-input\":{\"@type\":\"PropertyValueSpecification\",\"valueRequired\":true,\"valueName\":\"search_term_string\"}}],\"inLanguage\":\"fr-FR\"}]}<\/script>\n<meta property=\"product:brand\" content=\"BeSafe\" \/>\n<meta property=\"og:availability\" content=\"instock\" \/>\n<meta property=\"product:availability\" content=\"instock\" \/>\n<meta property=\"product:retailer_item_id\" content=\"IC2933-4u1\" \/>\n<meta property=\"product:condition\" content=\"new\" \/>\n<!-- \/ Yoast SEO Premium plugin. -->","yoast_head_json":{"title":"4u1 iCandy kolica i BeSafe autosjedalica - svi dodatci u paketu! NajNaj.eu","description":"4u1 kolica iCandy sa vrhunskom BeSafe autosjedalicom, ISOfix bazom i raznim dodatcima. Za sigurne i udobne vo\u017enje i \u0161etnje sa najmanjima.","robots":{"index":"index","follow":"follow","max-snippet":"max-snippet:-1","max-image-preview":"max-image-preview:large","max-video-preview":"max-video-preview:-1"},"canonical":"https:\/\/najnaj.eu\/fr\/proizvod\/4u1-kolica-icandy-peach-7-complete-bundle-coco-besafe-autosjedalica-sa-bazom\/","og_locale":"fr_FR","og_type":"article","og_title":"4u1 kolica iCandy Peach 7 Complete Bundle, Coco + BeSafe autosjedalica sa bazom","og_description":"4u1 kolica iCandy sa vrhunskom BeSafe autosjedalicom, ISOfix bazom i raznim dodatcima. Za sigurne i udobne vo\u017enje i \u0161etnje sa najmanjima.","og_url":"https:\/\/najnaj.eu\/fr\/proizvod\/4u1-kolica-icandy-peach-7-complete-bundle-coco-besafe-autosjedalica-sa-bazom\/","og_site_name":"NajNaj.eu","article_publisher":"https:\/\/web.facebook.com\/najnaj.eu\/","article_modified_time":"2026-04-15T00:08:21+00:00","og_image":[{"width":1080,"height":1080,"url":"https:\/\/najnaj.eu\/wp-content\/uploads\/2025\/05\/4u1-coco.png","type":"image\/png"}],"twitter_card":"summary_large_image","twitter_misc":{"Disponibilit\u00e9":"En stock"},"schema":{"@context":"https:\/\/schema.org","@graph":[{"@type":"WebPage","@id":"https:\/\/najnaj.eu\/fr\/proizvod\/4u1-kolica-icandy-peach-7-complete-bundle-coco-besafe-autosjedalica-sa-bazom\/","url":"https:\/\/najnaj.eu\/fr\/proizvod\/4u1-kolica-icandy-peach-7-complete-bundle-coco-besafe-autosjedalica-sa-bazom\/","name":"4u1 iCandy kolica i BeSafe autosjedalica - svi dodatci u paketu! NajNaj.eu","isPartOf":{"@id":"https:\/\/najnaj.eu\/fr\/#website"},"primaryImageOfPage":{"@id":"https:\/\/najnaj.eu\/fr\/proizvod\/4u1-kolica-icandy-peach-7-complete-bundle-coco-besafe-autosjedalica-sa-bazom\/#primaryimage"},"image":{"@id":"https:\/\/najnaj.eu\/fr\/proizvod\/4u1-kolica-icandy-peach-7-complete-bundle-coco-besafe-autosjedalica-sa-bazom\/#primaryimage"},"thumbnailUrl":"https:\/\/najnaj.eu\/wp-content\/uploads\/2025\/05\/4u1-coco.png","datePublished":"2025-05-21T07:50:54+00:00","dateModified":"2026-04-15T00:08:21+00:00","description":"4u1 kolica iCandy sa vrhunskom BeSafe autosjedalicom, ISOfix bazom i raznim dodatcima. Za sigurne i udobne vo\u017enje i \u0161etnje sa najmanjima.","breadcrumb":{"@id":"https:\/\/najnaj.eu\/fr\/proizvod\/4u1-kolica-icandy-peach-7-complete-bundle-coco-besafe-autosjedalica-sa-bazom\/#breadcrumb"},"inLanguage":"fr-FR","potentialAction":[{"@type":"ReadAction","target":["https:\/\/najnaj.eu\/fr\/proizvod\/4u1-kolica-icandy-peach-7-complete-bundle-coco-besafe-autosjedalica-sa-bazom\/"]}]},{"@type":"ImageObject","inLanguage":"fr-FR","@id":"https:\/\/najnaj.eu\/fr\/proizvod\/4u1-kolica-icandy-peach-7-complete-bundle-coco-besafe-autosjedalica-sa-bazom\/#primaryimage","url":"https:\/\/najnaj.eu\/wp-content\/uploads\/2025\/05\/4u1-coco.png","contentUrl":"https:\/\/najnaj.eu\/wp-content\/uploads\/2025\/05\/4u1-coco.png","width":1080,"height":1080},{"@type":"BreadcrumbList","@id":"https:\/\/najnaj.eu\/fr\/proizvod\/4u1-kolica-icandy-peach-7-complete-bundle-coco-besafe-autosjedalica-sa-bazom\/#breadcrumb","itemListElement":[{"@type":"ListItem","position":1,"name":"Po\u010detna stranica","item":"https:\/\/najnaj.eu\/fr\/"},{"@type":"ListItem","position":2,"name":"Trgovina","item":"https:\/\/najnaj.hr\/trgovina\/"},{"@type":"ListItem","position":3,"name":"4u1 kolica iCandy Peach 7 Complete Bundle, Coco + BeSafe autosjedalica sa bazom"}]},{"@type":"WebSite","@id":"https:\/\/najnaj.eu\/fr\/#website","url":"https:\/\/najnaj.eu\/fr\/","name":"NajNaj.eu","description":"Za najva\u017enije!","potentialAction":[{"@type":"SearchAction","target":{"@type":"EntryPoint","urlTemplate":"https:\/\/najnaj.eu\/fr\/?s={search_term_string}"},"query-input":{"@type":"PropertyValueSpecification","valueRequired":true,"valueName":"search_term_string"}}],"inLanguage":"fr-FR"}]},"product_brand":"BeSafe","og_availability":"instock","product_availability":"instock","product_retailer_item_id":"IC2933-4u1","product_condition":"new"},"_links":{"self":[{"href":"https:\/\/najnaj.eu\/fr\/wp-json\/wp\/v2\/product\/251422","targetHints":{"allow":["GET"]}}],"collection":[{"href":"https:\/\/najnaj.eu\/fr\/wp-json\/wp\/v2\/product"}],"about":[{"href":"https:\/\/najnaj.eu\/fr\/wp-json\/wp\/v2\/types\/product"}],"replies":[{"embeddable":true,"href":"https:\/\/najnaj.eu\/fr\/wp-json\/wp\/v2\/comments?post=251422"}],"version-history":[{"count":0,"href":"https:\/\/najnaj.eu\/fr\/wp-json\/wp\/v2\/product\/251422\/revisions"}],"wp:featuredmedia":[{"embeddable":true,"href":"https:\/\/najnaj.eu\/fr\/wp-json\/wp\/v2\/media\/288790"}],"wp:attachment":[{"href":"https:\/\/najnaj.eu\/fr\/wp-json\/wp\/v2\/media?parent=251422"}],"wp:term":[{"taxonomy":"product_brand","embeddable":true,"href":"https:\/\/najnaj.eu\/fr\/wp-json\/wp\/v2\/product_brand?post=251422"},{"taxonomy":"product_cat","embeddable":true,"href":"https:\/\/najnaj.eu\/fr\/wp-json\/wp\/v2\/product_cat?post=251422"},{"taxonomy":"product_tag","embeddable":true,"href":"https:\/\/najnaj.eu\/fr\/wp-json\/wp\/v2\/product_tag?post=251422"}],"curies":[{"name":"wp","href":"https:\/\/api.w.org\/{rel}","templated":true}]}}