{"id":248527,"date":"2025-02-28T11:05:37","date_gmt":"2025-02-28T10:05:37","guid":{"rendered":"https:\/\/najnaj.eu\/?post_type=product&#038;p=248527"},"modified":"2026-03-13T11:17:55","modified_gmt":"2026-03-13T10:17:55","slug":"kaos-klapp-zidna-kuka-za-drvenu-i-recikliranu-stolicu-natural-hrast","status":"publish","type":"product","link":"https:\/\/najnaj.eu\/fr\/proizvod\/kaos-klapp-zidna-kuka-za-drvenu-i-recikliranu-stolicu-natural-hrast\/","title":{"rendered":"KAOS Klapp Zidna kuka za drvenu i recikliranu stolicu Natural Hrast"},"content":{"rendered":"<p>Kaos Klapp zidna kuka omogu\u0107ava sigurno spremanje Kaos hranilice na zid. Klapp zidna kuka izra\u0111ena je od otpada koji ostaje nakon proizvodnje Klapp dje\u010dje stolice.<br \/>\nJeste li znali da je penjanje na hranilice bez nadzora odraslih jedan od naj\u010de\u0161\u0107ih uzroka nesre\u0107a s dje\u010djim stolicama op\u0107enito? Bez brige. Kaos Klapp hranilica vrlo se lako preklopi i spremi. Neka vam postane navika spremiti Klapp hranilicu ili je jednostavno objesiti \u2013 s ovom malom zidnom kukom ne\u0107e biti izgovora.<\/p>\n","protected":false},"excerpt":{"rendered":"<p>Mala ali sna\u017ena, ova elegantna zidna kuka od punog drva omogu\u0107uje vam da objesite Klapp preklopnu visoku stolicu na zid. Kao umjetni\u010dko djelo!<\/p>\n<p>&#8211; Odgovara svim Klapp dje\u010djim stolicama<br \/>\n&#8211; Dolazi s mesinganim vijkom<\/p>\n","protected":false},"featured_media":248534,"comment_status":"closed","ping_status":"closed","template":"","meta":{"_acf_changed":false,"footnotes":""},"product_brand":[],"product_cat":[579,578,577,652],"product_tag":[],"class_list":{"0":"post-248527","1":"product","2":"type-product","3":"status-publish","4":"has-post-thumbnail","6":"product_cat-dodaci-za-hranilice","7":"product_cat-hranilice","8":"product_cat-hranjenje","9":"product_cat-stolice-za-hranjenje","10":"pa_boja-bez","11":"pa_brand-kaos","12":"pa_hranilica-dodaci-za-hranilice","14":"first","15":"instock","16":"shipping-taxable","17":"purchasable","18":"product-type-simple"},"bundled_by":[],"bundle_stock_status":"instock","bundle_stock_quantity":10,"bundle_virtual":false,"bundle_layout":"","bundle_add_to_cart_form_location":"","bundle_editable_in_cart":false,"bundle_sold_individually_context":"","bundle_item_grouping":"","bundle_min_size":"","bundle_max_size":"","bundle_price":[],"bundled_items":[],"bundle_sell_ids":[],"acf":[],"yoast_head":"<!-- This site is optimized with the Yoast SEO Premium plugin v21.5 (Yoast SEO v27.4) - https:\/\/yoast.com\/product\/yoast-seo-premium-wordpress\/ -->\n<title>KAOS Klapp Zidna kuka za drvenu i recikliranu stolicu Natural Hrast - NajNaj.eu<\/title>\n<meta name=\"robots\" content=\"index, follow, max-snippet:-1, max-image-preview:large, max-video-preview:-1\" \/>\n<link rel=\"canonical\" href=\"https:\/\/najnaj.eu\/fr\/proizvod\/kaos-klapp-zidna-kuka-za-drvenu-i-recikliranu-stolicu-natural-hrast\/\" \/>\n<meta property=\"og:locale\" content=\"fr_FR\" \/>\n<meta property=\"og:type\" content=\"article\" \/>\n<meta property=\"og:title\" content=\"KAOS Klapp Zidna kuka za drvenu i recikliranu stolicu Natural Hrast\" \/>\n<meta property=\"og:description\" content=\"Mala ali sna\u017ena, ova elegantna zidna kuka od punog drva omogu\u0107uje vam da objesite Klapp preklopnu visoku stolicu na zid. Kao umjetni\u010dko djelo!  - Odgovara svim Klapp dje\u010djim stolicama - Dolazi s mesinganim vijkom\" \/>\n<meta property=\"og:url\" content=\"https:\/\/najnaj.eu\/fr\/proizvod\/kaos-klapp-zidna-kuka-za-drvenu-i-recikliranu-stolicu-natural-hrast\/\" \/>\n<meta property=\"og:site_name\" content=\"NajNaj.eu\" \/>\n<meta property=\"article:publisher\" content=\"https:\/\/web.facebook.com\/najnaj.eu\/\" \/>\n<meta property=\"article:modified_time\" content=\"2026-03-13T10:17:55+00:00\" \/>\n<meta property=\"og:image\" content=\"https:\/\/najnaj.eu\/wp-content\/uploads\/2025\/04\/END-HOO-OAK-2.jpg\" \/>\n\t<meta property=\"og:image:width\" content=\"1500\" \/>\n\t<meta property=\"og:image:height\" content=\"1500\" \/>\n\t<meta property=\"og:image:type\" content=\"image\/jpeg\" \/>\n<meta name=\"twitter:card\" content=\"summary_large_image\" \/>\n<meta name=\"twitter:label1\" content=\"Prix\" \/>\n\t<meta name=\"twitter:data1\" content=\"25,00&nbsp;&euro;\" \/>\n\t<meta name=\"twitter:label2\" content=\"Disponibilit\u00e9\" \/>\n\t<meta name=\"twitter:data2\" content=\"En stock\" \/>\n<script type=\"application\/ld+json\" class=\"yoast-schema-graph\">{\"@context\":\"https:\\\/\\\/schema.org\",\"@graph\":[{\"@type\":\"WebPage\",\"@id\":\"https:\\\/\\\/najnaj.eu\\\/fr\\\/proizvod\\\/kaos-klapp-zidna-kuka-za-drvenu-i-recikliranu-stolicu-natural-hrast\\\/\",\"url\":\"https:\\\/\\\/najnaj.eu\\\/fr\\\/proizvod\\\/kaos-klapp-zidna-kuka-za-drvenu-i-recikliranu-stolicu-natural-hrast\\\/\",\"name\":\"KAOS Klapp Zidna kuka za drvenu i recikliranu stolicu Natural Hrast - NajNaj.eu\",\"isPartOf\":{\"@id\":\"https:\\\/\\\/najnaj.eu\\\/fr\\\/#website\"},\"primaryImageOfPage\":{\"@id\":\"https:\\\/\\\/najnaj.eu\\\/fr\\\/proizvod\\\/kaos-klapp-zidna-kuka-za-drvenu-i-recikliranu-stolicu-natural-hrast\\\/#primaryimage\"},\"image\":{\"@id\":\"https:\\\/\\\/najnaj.eu\\\/fr\\\/proizvod\\\/kaos-klapp-zidna-kuka-za-drvenu-i-recikliranu-stolicu-natural-hrast\\\/#primaryimage\"},\"thumbnailUrl\":\"https:\\\/\\\/najnaj.eu\\\/wp-content\\\/uploads\\\/2025\\\/04\\\/END-HOO-OAK-2.jpg\",\"datePublished\":\"2025-02-28T10:05:37+00:00\",\"dateModified\":\"2026-03-13T10:17:55+00:00\",\"breadcrumb\":{\"@id\":\"https:\\\/\\\/najnaj.eu\\\/fr\\\/proizvod\\\/kaos-klapp-zidna-kuka-za-drvenu-i-recikliranu-stolicu-natural-hrast\\\/#breadcrumb\"},\"inLanguage\":\"fr-FR\",\"potentialAction\":[{\"@type\":\"ReadAction\",\"target\":[\"https:\\\/\\\/najnaj.eu\\\/fr\\\/proizvod\\\/kaos-klapp-zidna-kuka-za-drvenu-i-recikliranu-stolicu-natural-hrast\\\/\"]}]},{\"@type\":\"ImageObject\",\"inLanguage\":\"fr-FR\",\"@id\":\"https:\\\/\\\/najnaj.eu\\\/fr\\\/proizvod\\\/kaos-klapp-zidna-kuka-za-drvenu-i-recikliranu-stolicu-natural-hrast\\\/#primaryimage\",\"url\":\"https:\\\/\\\/najnaj.eu\\\/wp-content\\\/uploads\\\/2025\\\/04\\\/END-HOO-OAK-2.jpg\",\"contentUrl\":\"https:\\\/\\\/najnaj.eu\\\/wp-content\\\/uploads\\\/2025\\\/04\\\/END-HOO-OAK-2.jpg\",\"width\":1500,\"height\":1500},{\"@type\":\"BreadcrumbList\",\"@id\":\"https:\\\/\\\/najnaj.eu\\\/fr\\\/proizvod\\\/kaos-klapp-zidna-kuka-za-drvenu-i-recikliranu-stolicu-natural-hrast\\\/#breadcrumb\",\"itemListElement\":[{\"@type\":\"ListItem\",\"position\":1,\"name\":\"Po\u010detna stranica\",\"item\":\"https:\\\/\\\/najnaj.eu\\\/fr\\\/\"},{\"@type\":\"ListItem\",\"position\":2,\"name\":\"Trgovina\",\"item\":\"https:\\\/\\\/najnaj.hr\\\/trgovina\\\/\"},{\"@type\":\"ListItem\",\"position\":3,\"name\":\"KAOS Klapp Zidna kuka za drvenu i recikliranu stolicu Natural Hrast\"}]},{\"@type\":\"WebSite\",\"@id\":\"https:\\\/\\\/najnaj.eu\\\/fr\\\/#website\",\"url\":\"https:\\\/\\\/najnaj.eu\\\/fr\\\/\",\"name\":\"NajNaj.eu\",\"description\":\"Za najva\u017enije!\",\"potentialAction\":[{\"@type\":\"SearchAction\",\"target\":{\"@type\":\"EntryPoint\",\"urlTemplate\":\"https:\\\/\\\/najnaj.eu\\\/fr\\\/?s={search_term_string}\"},\"query-input\":{\"@type\":\"PropertyValueSpecification\",\"valueRequired\":true,\"valueName\":\"search_term_string\"}}],\"inLanguage\":\"fr-FR\"}]}<\/script>\n<meta property=\"product:brand\" content=\"KAOS\" \/>\n<meta property=\"product:price:amount\" content=\"25.00\" \/>\n<meta property=\"product:price:currency\" content=\"EUR\" \/>\n<meta property=\"og:availability\" content=\"instock\" \/>\n<meta property=\"product:availability\" content=\"instock\" \/>\n<meta property=\"product:retailer_item_id\" content=\"KLA-HOO-REC-OAK\" \/>\n<meta property=\"product:condition\" content=\"new\" \/>\n<!-- \/ Yoast SEO Premium plugin. -->","yoast_head_json":{"title":"KAOS Klapp Zidna kuka za drvenu i recikliranu stolicu Natural Hrast - NajNaj.eu","robots":{"index":"index","follow":"follow","max-snippet":"max-snippet:-1","max-image-preview":"max-image-preview:large","max-video-preview":"max-video-preview:-1"},"canonical":"https:\/\/najnaj.eu\/fr\/proizvod\/kaos-klapp-zidna-kuka-za-drvenu-i-recikliranu-stolicu-natural-hrast\/","og_locale":"fr_FR","og_type":"article","og_title":"KAOS Klapp Zidna kuka za drvenu i recikliranu stolicu Natural Hrast","og_description":"Mala ali sna\u017ena, ova elegantna zidna kuka od punog drva omogu\u0107uje vam da objesite Klapp preklopnu visoku stolicu na zid. Kao umjetni\u010dko djelo!  - Odgovara svim Klapp dje\u010djim stolicama - Dolazi s mesinganim vijkom","og_url":"https:\/\/najnaj.eu\/fr\/proizvod\/kaos-klapp-zidna-kuka-za-drvenu-i-recikliranu-stolicu-natural-hrast\/","og_site_name":"NajNaj.eu","article_publisher":"https:\/\/web.facebook.com\/najnaj.eu\/","article_modified_time":"2026-03-13T10:17:55+00:00","og_image":[{"width":1500,"height":1500,"url":"https:\/\/najnaj.eu\/wp-content\/uploads\/2025\/04\/END-HOO-OAK-2.jpg","type":"image\/jpeg"}],"twitter_card":"summary_large_image","twitter_misc":{"Prix":"25,00&nbsp;&euro;","Disponibilit\u00e9":"En stock"},"schema":{"@context":"https:\/\/schema.org","@graph":[{"@type":"WebPage","@id":"https:\/\/najnaj.eu\/fr\/proizvod\/kaos-klapp-zidna-kuka-za-drvenu-i-recikliranu-stolicu-natural-hrast\/","url":"https:\/\/najnaj.eu\/fr\/proizvod\/kaos-klapp-zidna-kuka-za-drvenu-i-recikliranu-stolicu-natural-hrast\/","name":"KAOS Klapp Zidna kuka za drvenu i recikliranu stolicu Natural Hrast - NajNaj.eu","isPartOf":{"@id":"https:\/\/najnaj.eu\/fr\/#website"},"primaryImageOfPage":{"@id":"https:\/\/najnaj.eu\/fr\/proizvod\/kaos-klapp-zidna-kuka-za-drvenu-i-recikliranu-stolicu-natural-hrast\/#primaryimage"},"image":{"@id":"https:\/\/najnaj.eu\/fr\/proizvod\/kaos-klapp-zidna-kuka-za-drvenu-i-recikliranu-stolicu-natural-hrast\/#primaryimage"},"thumbnailUrl":"https:\/\/najnaj.eu\/wp-content\/uploads\/2025\/04\/END-HOO-OAK-2.jpg","datePublished":"2025-02-28T10:05:37+00:00","dateModified":"2026-03-13T10:17:55+00:00","breadcrumb":{"@id":"https:\/\/najnaj.eu\/fr\/proizvod\/kaos-klapp-zidna-kuka-za-drvenu-i-recikliranu-stolicu-natural-hrast\/#breadcrumb"},"inLanguage":"fr-FR","potentialAction":[{"@type":"ReadAction","target":["https:\/\/najnaj.eu\/fr\/proizvod\/kaos-klapp-zidna-kuka-za-drvenu-i-recikliranu-stolicu-natural-hrast\/"]}]},{"@type":"ImageObject","inLanguage":"fr-FR","@id":"https:\/\/najnaj.eu\/fr\/proizvod\/kaos-klapp-zidna-kuka-za-drvenu-i-recikliranu-stolicu-natural-hrast\/#primaryimage","url":"https:\/\/najnaj.eu\/wp-content\/uploads\/2025\/04\/END-HOO-OAK-2.jpg","contentUrl":"https:\/\/najnaj.eu\/wp-content\/uploads\/2025\/04\/END-HOO-OAK-2.jpg","width":1500,"height":1500},{"@type":"BreadcrumbList","@id":"https:\/\/najnaj.eu\/fr\/proizvod\/kaos-klapp-zidna-kuka-za-drvenu-i-recikliranu-stolicu-natural-hrast\/#breadcrumb","itemListElement":[{"@type":"ListItem","position":1,"name":"Po\u010detna stranica","item":"https:\/\/najnaj.eu\/fr\/"},{"@type":"ListItem","position":2,"name":"Trgovina","item":"https:\/\/najnaj.hr\/trgovina\/"},{"@type":"ListItem","position":3,"name":"KAOS Klapp Zidna kuka za drvenu i recikliranu stolicu Natural Hrast"}]},{"@type":"WebSite","@id":"https:\/\/najnaj.eu\/fr\/#website","url":"https:\/\/najnaj.eu\/fr\/","name":"NajNaj.eu","description":"Za najva\u017enije!","potentialAction":[{"@type":"SearchAction","target":{"@type":"EntryPoint","urlTemplate":"https:\/\/najnaj.eu\/fr\/?s={search_term_string}"},"query-input":{"@type":"PropertyValueSpecification","valueRequired":true,"valueName":"search_term_string"}}],"inLanguage":"fr-FR"}]},"product_brand":"KAOS","product_price_amount":"25.00","product_price_currency":"EUR","og_availability":"instock","product_availability":"instock","product_retailer_item_id":"KLA-HOO-REC-OAK","product_condition":"new"},"_links":{"self":[{"href":"https:\/\/najnaj.eu\/fr\/wp-json\/wp\/v2\/product\/248527","targetHints":{"allow":["GET"]}}],"collection":[{"href":"https:\/\/najnaj.eu\/fr\/wp-json\/wp\/v2\/product"}],"about":[{"href":"https:\/\/najnaj.eu\/fr\/wp-json\/wp\/v2\/types\/product"}],"replies":[{"embeddable":true,"href":"https:\/\/najnaj.eu\/fr\/wp-json\/wp\/v2\/comments?post=248527"}],"version-history":[{"count":0,"href":"https:\/\/najnaj.eu\/fr\/wp-json\/wp\/v2\/product\/248527\/revisions"}],"wp:featuredmedia":[{"embeddable":true,"href":"https:\/\/najnaj.eu\/fr\/wp-json\/wp\/v2\/media\/248534"}],"wp:attachment":[{"href":"https:\/\/najnaj.eu\/fr\/wp-json\/wp\/v2\/media?parent=248527"}],"wp:term":[{"taxonomy":"product_brand","embeddable":true,"href":"https:\/\/najnaj.eu\/fr\/wp-json\/wp\/v2\/product_brand?post=248527"},{"taxonomy":"product_cat","embeddable":true,"href":"https:\/\/najnaj.eu\/fr\/wp-json\/wp\/v2\/product_cat?post=248527"},{"taxonomy":"product_tag","embeddable":true,"href":"https:\/\/najnaj.eu\/fr\/wp-json\/wp\/v2\/product_tag?post=248527"}],"curies":[{"name":"wp","href":"https:\/\/api.w.org\/{rel}","templated":true}]}}