{"id":247859,"date":"2025-01-01T15:02:52","date_gmt":"2025-01-01T14:02:52","guid":{"rendered":"https:\/\/najnaj.eu\/?post_type=product&#038;p=247859"},"modified":"2026-03-24T13:44:56","modified_gmt":"2026-03-24T12:44:56","slug":"b-box-rezervna-gornja-slamka-za-termo-sportske-bocice-500-ml-2-kom","status":"publish","type":"product","link":"https:\/\/najnaj.eu\/fr\/proizvod\/b-box-rezervna-gornja-slamka-za-termo-sportske-bocice-500-ml-2-kom\/","title":{"rendered":"b.box Rezervna gornja slamka za Termo sportske bo\u010dice (500 ml) \u2013 2 kom"},"content":{"rendered":"<p>Izgubljeni, o\u0161te\u0107eni ili zametnuti dijelovi boce za pi\u0107e? Paket zamjenskih slamki mo\u017ee pomo\u0107i.<br \/>\nSada se prodaju odvojeno kako bi se smanjili nepotrebni rezervni dijelovi i smanjio negativni utjecaj na okoli\u0161.<\/p>\n<p>Mo\u017ee se prati u perilici posu\u0111a (samo gornja polica) i u parnom sterilizatoru. Izra\u0111en od silikona. Bez BPA, ftalata i PVC-a.<\/p>\n<p><strong>*Odgovara samo b.box Termo sportskim bo\u010dicama od 500 ml.<\/strong><\/p>\n<p>Kako zamijeniti silikonski nastavak:<br \/>\n1. Odvrnite poklopac na boci<br \/>\n2. Uhvatite jezi\u010dak i nje\u017eno povucite kako biste uklonili silikonski nastavak<br \/>\n3. Gurnite vrh silikonskog nastavka u poklopac, odozdo dok ne sjedne na mjesto<\/p>\n","protected":false},"excerpt":{"rendered":"<ul>\n<li>Koristi se zajedno s b.box Termo sportskim bo\u010dicama od 500 ml<\/li>\n<li>Svako pakiranje sadr\u017ei dva silikonska nastavka<\/li>\n<li>Mo\u017ee se prati u perilici posu\u0111a (samo gornja polica)<\/li>\n<li>Sigurno za parni sterilizator<\/li>\n<li>Izra\u0111en od silikona<\/li>\n<li>Bez BPA, ftalata i PVC-a<\/li>\n<\/ul>\n","protected":false},"featured_media":247867,"comment_status":"closed","ping_status":"closed","template":"","meta":{"_acf_changed":false,"footnotes":""},"product_brand":[],"product_cat":[654,577,622],"product_tag":[],"class_list":{"0":"post-247859","1":"product","2":"type-product","3":"status-publish","4":"has-post-thumbnail","6":"product_cat-boce-za-vodu","7":"product_cat-hranjenje","8":"product_cat-posude","9":"pa_brand-b-box","10":"pa_vrsta-posuda-termo-bocice","12":"first","13":"instock","14":"shipping-taxable","15":"purchasable","16":"product-type-simple"},"bundled_by":[],"bundle_stock_status":"instock","bundle_stock_quantity":15,"bundle_virtual":false,"bundle_layout":"","bundle_add_to_cart_form_location":"","bundle_editable_in_cart":false,"bundle_sold_individually_context":"","bundle_item_grouping":"","bundle_min_size":"","bundle_max_size":"","bundle_price":[],"bundled_items":[],"bundle_sell_ids":[],"acf":[],"yoast_head":"<!-- This site is optimized with the Yoast SEO Premium plugin v21.5 (Yoast SEO v27.4) - https:\/\/yoast.com\/product\/yoast-seo-premium-wordpress\/ -->\n<title>b.box Rezervna gornja slamka za Termo sportske bo\u010dice (500 ml) \u2013 2 kom - NajNaj.eu<\/title>\n<meta name=\"robots\" content=\"index, follow, max-snippet:-1, max-image-preview:large, max-video-preview:-1\" \/>\n<link rel=\"canonical\" href=\"https:\/\/najnaj.eu\/fr\/proizvod\/b-box-rezervna-gornja-slamka-za-termo-sportske-bocice-500-ml-2-kom\/\" \/>\n<meta property=\"og:locale\" content=\"fr_FR\" \/>\n<meta property=\"og:type\" content=\"article\" \/>\n<meta property=\"og:title\" content=\"b.box Rezervna gornja slamka za Termo sportske bo\u010dice (500 ml) \u2013 2 kom\" \/>\n<meta property=\"og:description\" content=\"Koristi se zajedno s b.box Termo sportskim bo\u010dicama od 500 ml  Svako pakiranje sadr\u017ei dva silikonska nastavka  Mo\u017ee se prati u perilici posu\u0111a (samo gornja polica)  Sigurno za parni sterilizator  Izra\u0111en od silikona  Bez BPA, ftalata i PVC-a\" \/>\n<meta property=\"og:url\" content=\"https:\/\/najnaj.eu\/fr\/proizvod\/b-box-rezervna-gornja-slamka-za-termo-sportske-bocice-500-ml-2-kom\/\" \/>\n<meta property=\"og:site_name\" content=\"NajNaj.eu\" \/>\n<meta property=\"article:publisher\" content=\"https:\/\/web.facebook.com\/najnaj.eu\/\" \/>\n<meta property=\"article:modified_time\" content=\"2026-03-24T12:44:56+00:00\" \/>\n<meta property=\"og:image\" content=\"https:\/\/najnaj.eu\/wp-content\/uploads\/2025\/04\/Termo-500ml-Spout-bottle-replacement-straw-2.jpg\" \/>\n\t<meta property=\"og:image:width\" content=\"1200\" \/>\n\t<meta property=\"og:image:height\" content=\"1200\" \/>\n\t<meta property=\"og:image:type\" content=\"image\/jpeg\" \/>\n<meta name=\"twitter:card\" content=\"summary_large_image\" \/>\n<meta name=\"twitter:label1\" content=\"Prix\" \/>\n\t<meta name=\"twitter:data1\" content=\"8,99&nbsp;&euro;\" \/>\n\t<meta name=\"twitter:label2\" content=\"Disponibilit\u00e9\" \/>\n\t<meta name=\"twitter:data2\" content=\"En stock\" \/>\n<script type=\"application\/ld+json\" class=\"yoast-schema-graph\">{\"@context\":\"https:\\\/\\\/schema.org\",\"@graph\":[{\"@type\":\"WebPage\",\"@id\":\"https:\\\/\\\/najnaj.eu\\\/fr\\\/proizvod\\\/b-box-rezervna-gornja-slamka-za-termo-sportske-bocice-500-ml-2-kom\\\/\",\"url\":\"https:\\\/\\\/najnaj.eu\\\/fr\\\/proizvod\\\/b-box-rezervna-gornja-slamka-za-termo-sportske-bocice-500-ml-2-kom\\\/\",\"name\":\"b.box Rezervna gornja slamka za Termo sportske bo\u010dice (500 ml) \u2013 2 kom - NajNaj.eu\",\"isPartOf\":{\"@id\":\"https:\\\/\\\/najnaj.eu\\\/fr\\\/#website\"},\"primaryImageOfPage\":{\"@id\":\"https:\\\/\\\/najnaj.eu\\\/fr\\\/proizvod\\\/b-box-rezervna-gornja-slamka-za-termo-sportske-bocice-500-ml-2-kom\\\/#primaryimage\"},\"image\":{\"@id\":\"https:\\\/\\\/najnaj.eu\\\/fr\\\/proizvod\\\/b-box-rezervna-gornja-slamka-za-termo-sportske-bocice-500-ml-2-kom\\\/#primaryimage\"},\"thumbnailUrl\":\"https:\\\/\\\/najnaj.eu\\\/wp-content\\\/uploads\\\/2025\\\/04\\\/Termo-500ml-Spout-bottle-replacement-straw-2.jpg\",\"datePublished\":\"2025-01-01T14:02:52+00:00\",\"dateModified\":\"2026-03-24T12:44:56+00:00\",\"breadcrumb\":{\"@id\":\"https:\\\/\\\/najnaj.eu\\\/fr\\\/proizvod\\\/b-box-rezervna-gornja-slamka-za-termo-sportske-bocice-500-ml-2-kom\\\/#breadcrumb\"},\"inLanguage\":\"fr-FR\",\"potentialAction\":[{\"@type\":\"ReadAction\",\"target\":[\"https:\\\/\\\/najnaj.eu\\\/fr\\\/proizvod\\\/b-box-rezervna-gornja-slamka-za-termo-sportske-bocice-500-ml-2-kom\\\/\"]}]},{\"@type\":\"ImageObject\",\"inLanguage\":\"fr-FR\",\"@id\":\"https:\\\/\\\/najnaj.eu\\\/fr\\\/proizvod\\\/b-box-rezervna-gornja-slamka-za-termo-sportske-bocice-500-ml-2-kom\\\/#primaryimage\",\"url\":\"https:\\\/\\\/najnaj.eu\\\/wp-content\\\/uploads\\\/2025\\\/04\\\/Termo-500ml-Spout-bottle-replacement-straw-2.jpg\",\"contentUrl\":\"https:\\\/\\\/najnaj.eu\\\/wp-content\\\/uploads\\\/2025\\\/04\\\/Termo-500ml-Spout-bottle-replacement-straw-2.jpg\",\"width\":1200,\"height\":1200},{\"@type\":\"BreadcrumbList\",\"@id\":\"https:\\\/\\\/najnaj.eu\\\/fr\\\/proizvod\\\/b-box-rezervna-gornja-slamka-za-termo-sportske-bocice-500-ml-2-kom\\\/#breadcrumb\",\"itemListElement\":[{\"@type\":\"ListItem\",\"position\":1,\"name\":\"Po\u010detna stranica\",\"item\":\"https:\\\/\\\/najnaj.eu\\\/fr\\\/\"},{\"@type\":\"ListItem\",\"position\":2,\"name\":\"Trgovina\",\"item\":\"https:\\\/\\\/najnaj.hr\\\/trgovina\\\/\"},{\"@type\":\"ListItem\",\"position\":3,\"name\":\"b.box Rezervna gornja slamka za Termo sportske bo\u010dice (500 ml) \u2013 2 kom\"}]},{\"@type\":\"WebSite\",\"@id\":\"https:\\\/\\\/najnaj.eu\\\/fr\\\/#website\",\"url\":\"https:\\\/\\\/najnaj.eu\\\/fr\\\/\",\"name\":\"NajNaj.eu\",\"description\":\"Za najva\u017enije!\",\"potentialAction\":[{\"@type\":\"SearchAction\",\"target\":{\"@type\":\"EntryPoint\",\"urlTemplate\":\"https:\\\/\\\/najnaj.eu\\\/fr\\\/?s={search_term_string}\"},\"query-input\":{\"@type\":\"PropertyValueSpecification\",\"valueRequired\":true,\"valueName\":\"search_term_string\"}}],\"inLanguage\":\"fr-FR\"}]}<\/script>\n<meta property=\"product:brand\" content=\"b.box\" \/>\n<meta property=\"product:price:amount\" content=\"8.99\" \/>\n<meta property=\"product:price:currency\" content=\"EUR\" \/>\n<meta property=\"og:availability\" content=\"instock\" \/>\n<meta property=\"product:availability\" content=\"instock\" \/>\n<meta property=\"product:retailer_item_id\" content=\"BX501000\" \/>\n<meta property=\"product:condition\" content=\"new\" \/>\n<!-- \/ Yoast SEO Premium plugin. -->","yoast_head_json":{"title":"b.box Rezervna gornja slamka za Termo sportske bo\u010dice (500 ml) \u2013 2 kom - NajNaj.eu","robots":{"index":"index","follow":"follow","max-snippet":"max-snippet:-1","max-image-preview":"max-image-preview:large","max-video-preview":"max-video-preview:-1"},"canonical":"https:\/\/najnaj.eu\/fr\/proizvod\/b-box-rezervna-gornja-slamka-za-termo-sportske-bocice-500-ml-2-kom\/","og_locale":"fr_FR","og_type":"article","og_title":"b.box Rezervna gornja slamka za Termo sportske bo\u010dice (500 ml) \u2013 2 kom","og_description":"Koristi se zajedno s b.box Termo sportskim bo\u010dicama od 500 ml  Svako pakiranje sadr\u017ei dva silikonska nastavka  Mo\u017ee se prati u perilici posu\u0111a (samo gornja polica)  Sigurno za parni sterilizator  Izra\u0111en od silikona  Bez BPA, ftalata i PVC-a","og_url":"https:\/\/najnaj.eu\/fr\/proizvod\/b-box-rezervna-gornja-slamka-za-termo-sportske-bocice-500-ml-2-kom\/","og_site_name":"NajNaj.eu","article_publisher":"https:\/\/web.facebook.com\/najnaj.eu\/","article_modified_time":"2026-03-24T12:44:56+00:00","og_image":[{"width":1200,"height":1200,"url":"https:\/\/najnaj.eu\/wp-content\/uploads\/2025\/04\/Termo-500ml-Spout-bottle-replacement-straw-2.jpg","type":"image\/jpeg"}],"twitter_card":"summary_large_image","twitter_misc":{"Prix":"8,99&nbsp;&euro;","Disponibilit\u00e9":"En stock"},"schema":{"@context":"https:\/\/schema.org","@graph":[{"@type":"WebPage","@id":"https:\/\/najnaj.eu\/fr\/proizvod\/b-box-rezervna-gornja-slamka-za-termo-sportske-bocice-500-ml-2-kom\/","url":"https:\/\/najnaj.eu\/fr\/proizvod\/b-box-rezervna-gornja-slamka-za-termo-sportske-bocice-500-ml-2-kom\/","name":"b.box Rezervna gornja slamka za Termo sportske bo\u010dice (500 ml) \u2013 2 kom - NajNaj.eu","isPartOf":{"@id":"https:\/\/najnaj.eu\/fr\/#website"},"primaryImageOfPage":{"@id":"https:\/\/najnaj.eu\/fr\/proizvod\/b-box-rezervna-gornja-slamka-za-termo-sportske-bocice-500-ml-2-kom\/#primaryimage"},"image":{"@id":"https:\/\/najnaj.eu\/fr\/proizvod\/b-box-rezervna-gornja-slamka-za-termo-sportske-bocice-500-ml-2-kom\/#primaryimage"},"thumbnailUrl":"https:\/\/najnaj.eu\/wp-content\/uploads\/2025\/04\/Termo-500ml-Spout-bottle-replacement-straw-2.jpg","datePublished":"2025-01-01T14:02:52+00:00","dateModified":"2026-03-24T12:44:56+00:00","breadcrumb":{"@id":"https:\/\/najnaj.eu\/fr\/proizvod\/b-box-rezervna-gornja-slamka-za-termo-sportske-bocice-500-ml-2-kom\/#breadcrumb"},"inLanguage":"fr-FR","potentialAction":[{"@type":"ReadAction","target":["https:\/\/najnaj.eu\/fr\/proizvod\/b-box-rezervna-gornja-slamka-za-termo-sportske-bocice-500-ml-2-kom\/"]}]},{"@type":"ImageObject","inLanguage":"fr-FR","@id":"https:\/\/najnaj.eu\/fr\/proizvod\/b-box-rezervna-gornja-slamka-za-termo-sportske-bocice-500-ml-2-kom\/#primaryimage","url":"https:\/\/najnaj.eu\/wp-content\/uploads\/2025\/04\/Termo-500ml-Spout-bottle-replacement-straw-2.jpg","contentUrl":"https:\/\/najnaj.eu\/wp-content\/uploads\/2025\/04\/Termo-500ml-Spout-bottle-replacement-straw-2.jpg","width":1200,"height":1200},{"@type":"BreadcrumbList","@id":"https:\/\/najnaj.eu\/fr\/proizvod\/b-box-rezervna-gornja-slamka-za-termo-sportske-bocice-500-ml-2-kom\/#breadcrumb","itemListElement":[{"@type":"ListItem","position":1,"name":"Po\u010detna stranica","item":"https:\/\/najnaj.eu\/fr\/"},{"@type":"ListItem","position":2,"name":"Trgovina","item":"https:\/\/najnaj.hr\/trgovina\/"},{"@type":"ListItem","position":3,"name":"b.box Rezervna gornja slamka za Termo sportske bo\u010dice (500 ml) \u2013 2 kom"}]},{"@type":"WebSite","@id":"https:\/\/najnaj.eu\/fr\/#website","url":"https:\/\/najnaj.eu\/fr\/","name":"NajNaj.eu","description":"Za najva\u017enije!","potentialAction":[{"@type":"SearchAction","target":{"@type":"EntryPoint","urlTemplate":"https:\/\/najnaj.eu\/fr\/?s={search_term_string}"},"query-input":{"@type":"PropertyValueSpecification","valueRequired":true,"valueName":"search_term_string"}}],"inLanguage":"fr-FR"}]},"product_brand":"b.box","product_price_amount":"8.99","product_price_currency":"EUR","og_availability":"instock","product_availability":"instock","product_retailer_item_id":"BX501000","product_condition":"new"},"_links":{"self":[{"href":"https:\/\/najnaj.eu\/fr\/wp-json\/wp\/v2\/product\/247859","targetHints":{"allow":["GET"]}}],"collection":[{"href":"https:\/\/najnaj.eu\/fr\/wp-json\/wp\/v2\/product"}],"about":[{"href":"https:\/\/najnaj.eu\/fr\/wp-json\/wp\/v2\/types\/product"}],"replies":[{"embeddable":true,"href":"https:\/\/najnaj.eu\/fr\/wp-json\/wp\/v2\/comments?post=247859"}],"version-history":[{"count":0,"href":"https:\/\/najnaj.eu\/fr\/wp-json\/wp\/v2\/product\/247859\/revisions"}],"wp:featuredmedia":[{"embeddable":true,"href":"https:\/\/najnaj.eu\/fr\/wp-json\/wp\/v2\/media\/247867"}],"wp:attachment":[{"href":"https:\/\/najnaj.eu\/fr\/wp-json\/wp\/v2\/media?parent=247859"}],"wp:term":[{"taxonomy":"product_brand","embeddable":true,"href":"https:\/\/najnaj.eu\/fr\/wp-json\/wp\/v2\/product_brand?post=247859"},{"taxonomy":"product_cat","embeddable":true,"href":"https:\/\/najnaj.eu\/fr\/wp-json\/wp\/v2\/product_cat?post=247859"},{"taxonomy":"product_tag","embeddable":true,"href":"https:\/\/najnaj.eu\/fr\/wp-json\/wp\/v2\/product_tag?post=247859"}],"curies":[{"name":"wp","href":"https:\/\/api.w.org\/{rel}","templated":true}]}}