{"id":247045,"date":"2025-04-07T13:53:07","date_gmt":"2025-04-07T11:53:07","guid":{"rendered":"https:\/\/najnaj.eu\/?post_type=product&#038;p=247045"},"modified":"2026-03-31T16:18:48","modified_gmt":"2026-03-31T14:18:48","slug":"icandy-peach-7-pecan-torba-za-pelene","status":"publish","type":"product","link":"https:\/\/najnaj.eu\/fr\/proizvod\/icandy-peach-7-pecan-torba-za-pelene\/","title":{"rendered":"iCandy Peach 7 Pecan torba za pelene"},"content":{"rendered":"<p>Torba za pelene koja \u0107e se savr\u0161eno uklopiti uz iCandy Peach 7 kolica jer uzorak tkanine torbe odgovara tkaninama na kolicima.<br \/>\nTako\u0111er, u kompletu dolaze i kukice za jednostavno pri\u010dvr\u0161\u0107ivanje torbe direktno na iCandy Peach 7 kolica, bez potrebe za kupnjom dodataka.<br \/>\nVanjski d\u017eepi\u0107 s patentnim zatvara\u010dem omogu\u0107ava pohranu stvari poput klju\u010deva, mobitela i drugih va\u017enih sitnica koje trebaju biti nadohvat ruke.<br \/>\nUnutra\u0161njost torbe je prostrana te je podijeljena u vi\u0161e dijelova \u0161to olak\u0161ava pohranu i organizaciju stvari. Elasti\u010dni d\u017eepi\u0107i omogu\u0107avaju pohranu pelena i maramica, a u paketu dolaze i podloga za presvla\u010denje te termo torbica za bo\u010dicu koja \u0107e teku\u0107inu dulje odr\u017eati hladnom ili toplom.<br \/>\nU stra\u017enjem d\u017eepu torbe skrivene su naramenice koje ovu torbu pretvaraju u prakti\u010dni ruksak, idealan za svakodnevne \u0161etnje i putovanja s Va\u0161im djetetom.<\/p>\n","protected":false},"excerpt":{"rendered":"<div>Torba za pelene s kukicama za jednostavno pri\u010dvr\u0161\u0107ivanje na podvozje iCandy Peach 7 modela kolica.<br \/>\nUklju\u010duje podlogu za previjanje, termo torbicu za bocu te skrivene naramenice koje torbu pretvaraju u ruksak.<\/div>\n<div><\/div>\n","protected":false},"featured_media":247052,"comment_status":"open","ping_status":"closed","template":"","meta":{"_acf_changed":false,"footnotes":""},"product_brand":[],"product_cat":[552,318],"product_tag":[],"class_list":{"0":"post-247045","1":"product","2":"type-product","3":"status-publish","4":"has-post-thumbnail","6":"product_cat-dodaci-za-kolica","7":"product_cat-proizvodi","8":"pa_boja-smeda","9":"pa_brand-icandy","10":"pa_torbe-za-pelene","12":"first","13":"outofstock","14":"shipping-taxable","15":"purchasable","16":"product-type-simple"},"bundled_by":[],"bundle_stock_status":"outofstock","bundle_stock_quantity":0,"bundle_virtual":false,"bundle_layout":"","bundle_add_to_cart_form_location":"","bundle_editable_in_cart":false,"bundle_sold_individually_context":"","bundle_item_grouping":"","bundle_min_size":"","bundle_max_size":"","bundle_price":[],"bundled_items":[],"bundle_sell_ids":[],"acf":[],"yoast_head":"<!-- This site is optimized with the Yoast SEO Premium plugin v21.5 (Yoast SEO v27.4) - https:\/\/yoast.com\/product\/yoast-seo-premium-wordpress\/ -->\n<title>iCandy Peach 7 Pecan torba za pelene - NajNaj.eu<\/title>\n<meta name=\"robots\" content=\"index, follow, max-snippet:-1, max-image-preview:large, max-video-preview:-1\" \/>\n<link rel=\"canonical\" href=\"https:\/\/najnaj.eu\/fr\/proizvod\/icandy-peach-7-pecan-torba-za-pelene\/\" \/>\n<meta property=\"og:locale\" content=\"fr_FR\" \/>\n<meta property=\"og:type\" content=\"article\" \/>\n<meta property=\"og:title\" content=\"iCandy Peach 7 Pecan torba za pelene\" \/>\n<meta property=\"og:description\" content=\"Torba za pelene s kukicama za jednostavno pri\u010dvr\u0161\u0107ivanje na podvozje iCandy Peach 7 modela kolica. Uklju\u010duje podlogu za previjanje, termo torbicu za bocu te skrivene naramenice koje torbu pretvaraju u ruksak.\" \/>\n<meta property=\"og:url\" content=\"https:\/\/najnaj.eu\/fr\/proizvod\/icandy-peach-7-pecan-torba-za-pelene\/\" \/>\n<meta property=\"og:site_name\" content=\"NajNaj.eu\" \/>\n<meta property=\"article:publisher\" content=\"https:\/\/web.facebook.com\/najnaj.eu\/\" \/>\n<meta property=\"article:modified_time\" content=\"2026-03-31T14:18:48+00:00\" \/>\n<meta property=\"og:image\" content=\"https:\/\/najnaj.eu\/wp-content\/uploads\/2025\/04\/iCandy_Peach_7_WITB_Pecan_Changing_Bag_Image_2.jpg\" \/>\n\t<meta property=\"og:image:width\" content=\"1714\" \/>\n\t<meta property=\"og:image:height\" content=\"2400\" \/>\n\t<meta property=\"og:image:type\" content=\"image\/jpeg\" \/>\n<meta name=\"twitter:card\" content=\"summary_large_image\" \/>\n<meta name=\"twitter:label1\" content=\"Prix\" \/>\n\t<meta name=\"twitter:data1\" content=\"199,00&nbsp;&euro;\" \/>\n\t<meta name=\"twitter:label2\" content=\"Disponibilit\u00e9\" \/>\n\t<meta name=\"twitter:data2\" content=\"Rupture de stock\" \/>\n<script type=\"application\/ld+json\" class=\"yoast-schema-graph\">{\"@context\":\"https:\\\/\\\/schema.org\",\"@graph\":[{\"@type\":\"WebPage\",\"@id\":\"https:\\\/\\\/najnaj.eu\\\/fr\\\/proizvod\\\/icandy-peach-7-pecan-torba-za-pelene\\\/\",\"url\":\"https:\\\/\\\/najnaj.eu\\\/fr\\\/proizvod\\\/icandy-peach-7-pecan-torba-za-pelene\\\/\",\"name\":\"iCandy Peach 7 Pecan torba za pelene - NajNaj.eu\",\"isPartOf\":{\"@id\":\"https:\\\/\\\/najnaj.eu\\\/fr\\\/#website\"},\"primaryImageOfPage\":{\"@id\":\"https:\\\/\\\/najnaj.eu\\\/fr\\\/proizvod\\\/icandy-peach-7-pecan-torba-za-pelene\\\/#primaryimage\"},\"image\":{\"@id\":\"https:\\\/\\\/najnaj.eu\\\/fr\\\/proizvod\\\/icandy-peach-7-pecan-torba-za-pelene\\\/#primaryimage\"},\"thumbnailUrl\":\"https:\\\/\\\/najnaj.eu\\\/wp-content\\\/uploads\\\/2025\\\/04\\\/iCandy_Peach_7_WITB_Pecan_Changing_Bag_Image_2.jpg\",\"datePublished\":\"2025-04-07T11:53:07+00:00\",\"dateModified\":\"2026-03-31T14:18:48+00:00\",\"breadcrumb\":{\"@id\":\"https:\\\/\\\/najnaj.eu\\\/fr\\\/proizvod\\\/icandy-peach-7-pecan-torba-za-pelene\\\/#breadcrumb\"},\"inLanguage\":\"fr-FR\",\"potentialAction\":[{\"@type\":\"ReadAction\",\"target\":[\"https:\\\/\\\/najnaj.eu\\\/fr\\\/proizvod\\\/icandy-peach-7-pecan-torba-za-pelene\\\/\"]}]},{\"@type\":\"ImageObject\",\"inLanguage\":\"fr-FR\",\"@id\":\"https:\\\/\\\/najnaj.eu\\\/fr\\\/proizvod\\\/icandy-peach-7-pecan-torba-za-pelene\\\/#primaryimage\",\"url\":\"https:\\\/\\\/najnaj.eu\\\/wp-content\\\/uploads\\\/2025\\\/04\\\/iCandy_Peach_7_WITB_Pecan_Changing_Bag_Image_2.jpg\",\"contentUrl\":\"https:\\\/\\\/najnaj.eu\\\/wp-content\\\/uploads\\\/2025\\\/04\\\/iCandy_Peach_7_WITB_Pecan_Changing_Bag_Image_2.jpg\",\"width\":1714,\"height\":2400},{\"@type\":\"BreadcrumbList\",\"@id\":\"https:\\\/\\\/najnaj.eu\\\/fr\\\/proizvod\\\/icandy-peach-7-pecan-torba-za-pelene\\\/#breadcrumb\",\"itemListElement\":[{\"@type\":\"ListItem\",\"position\":1,\"name\":\"Po\u010detna stranica\",\"item\":\"https:\\\/\\\/najnaj.eu\\\/fr\\\/\"},{\"@type\":\"ListItem\",\"position\":2,\"name\":\"Trgovina\",\"item\":\"https:\\\/\\\/najnaj.hr\\\/trgovina\\\/\"},{\"@type\":\"ListItem\",\"position\":3,\"name\":\"iCandy Peach 7 Pecan torba za pelene\"}]},{\"@type\":\"WebSite\",\"@id\":\"https:\\\/\\\/najnaj.eu\\\/fr\\\/#website\",\"url\":\"https:\\\/\\\/najnaj.eu\\\/fr\\\/\",\"name\":\"NajNaj.eu\",\"description\":\"Za najva\u017enije!\",\"potentialAction\":[{\"@type\":\"SearchAction\",\"target\":{\"@type\":\"EntryPoint\",\"urlTemplate\":\"https:\\\/\\\/najnaj.eu\\\/fr\\\/?s={search_term_string}\"},\"query-input\":{\"@type\":\"PropertyValueSpecification\",\"valueRequired\":true,\"valueName\":\"search_term_string\"}}],\"inLanguage\":\"fr-FR\"}]}<\/script>\n<meta property=\"product:brand\" content=\"iCandy\" \/>\n<meta property=\"product:price:amount\" content=\"199.00\" \/>\n<meta property=\"product:price:currency\" content=\"EUR\" \/>\n<meta property=\"og:availability\" content=\"out of stock\" \/>\n<meta property=\"product:availability\" content=\"out of stock\" \/>\n<meta property=\"product:retailer_item_id\" content=\"IC3125\" \/>\n<meta property=\"product:condition\" content=\"new\" \/>\n<!-- \/ Yoast SEO Premium plugin. -->","yoast_head_json":{"title":"iCandy Peach 7 Pecan torba za pelene - NajNaj.eu","robots":{"index":"index","follow":"follow","max-snippet":"max-snippet:-1","max-image-preview":"max-image-preview:large","max-video-preview":"max-video-preview:-1"},"canonical":"https:\/\/najnaj.eu\/fr\/proizvod\/icandy-peach-7-pecan-torba-za-pelene\/","og_locale":"fr_FR","og_type":"article","og_title":"iCandy Peach 7 Pecan torba za pelene","og_description":"Torba za pelene s kukicama za jednostavno pri\u010dvr\u0161\u0107ivanje na podvozje iCandy Peach 7 modela kolica. Uklju\u010duje podlogu za previjanje, termo torbicu za bocu te skrivene naramenice koje torbu pretvaraju u ruksak.","og_url":"https:\/\/najnaj.eu\/fr\/proizvod\/icandy-peach-7-pecan-torba-za-pelene\/","og_site_name":"NajNaj.eu","article_publisher":"https:\/\/web.facebook.com\/najnaj.eu\/","article_modified_time":"2026-03-31T14:18:48+00:00","og_image":[{"width":1714,"height":2400,"url":"https:\/\/najnaj.eu\/wp-content\/uploads\/2025\/04\/iCandy_Peach_7_WITB_Pecan_Changing_Bag_Image_2.jpg","type":"image\/jpeg"}],"twitter_card":"summary_large_image","twitter_misc":{"Prix":"199,00&nbsp;&euro;","Disponibilit\u00e9":"Rupture de stock"},"schema":{"@context":"https:\/\/schema.org","@graph":[{"@type":"WebPage","@id":"https:\/\/najnaj.eu\/fr\/proizvod\/icandy-peach-7-pecan-torba-za-pelene\/","url":"https:\/\/najnaj.eu\/fr\/proizvod\/icandy-peach-7-pecan-torba-za-pelene\/","name":"iCandy Peach 7 Pecan torba za pelene - NajNaj.eu","isPartOf":{"@id":"https:\/\/najnaj.eu\/fr\/#website"},"primaryImageOfPage":{"@id":"https:\/\/najnaj.eu\/fr\/proizvod\/icandy-peach-7-pecan-torba-za-pelene\/#primaryimage"},"image":{"@id":"https:\/\/najnaj.eu\/fr\/proizvod\/icandy-peach-7-pecan-torba-za-pelene\/#primaryimage"},"thumbnailUrl":"https:\/\/najnaj.eu\/wp-content\/uploads\/2025\/04\/iCandy_Peach_7_WITB_Pecan_Changing_Bag_Image_2.jpg","datePublished":"2025-04-07T11:53:07+00:00","dateModified":"2026-03-31T14:18:48+00:00","breadcrumb":{"@id":"https:\/\/najnaj.eu\/fr\/proizvod\/icandy-peach-7-pecan-torba-za-pelene\/#breadcrumb"},"inLanguage":"fr-FR","potentialAction":[{"@type":"ReadAction","target":["https:\/\/najnaj.eu\/fr\/proizvod\/icandy-peach-7-pecan-torba-za-pelene\/"]}]},{"@type":"ImageObject","inLanguage":"fr-FR","@id":"https:\/\/najnaj.eu\/fr\/proizvod\/icandy-peach-7-pecan-torba-za-pelene\/#primaryimage","url":"https:\/\/najnaj.eu\/wp-content\/uploads\/2025\/04\/iCandy_Peach_7_WITB_Pecan_Changing_Bag_Image_2.jpg","contentUrl":"https:\/\/najnaj.eu\/wp-content\/uploads\/2025\/04\/iCandy_Peach_7_WITB_Pecan_Changing_Bag_Image_2.jpg","width":1714,"height":2400},{"@type":"BreadcrumbList","@id":"https:\/\/najnaj.eu\/fr\/proizvod\/icandy-peach-7-pecan-torba-za-pelene\/#breadcrumb","itemListElement":[{"@type":"ListItem","position":1,"name":"Po\u010detna stranica","item":"https:\/\/najnaj.eu\/fr\/"},{"@type":"ListItem","position":2,"name":"Trgovina","item":"https:\/\/najnaj.hr\/trgovina\/"},{"@type":"ListItem","position":3,"name":"iCandy Peach 7 Pecan torba za pelene"}]},{"@type":"WebSite","@id":"https:\/\/najnaj.eu\/fr\/#website","url":"https:\/\/najnaj.eu\/fr\/","name":"NajNaj.eu","description":"Za najva\u017enije!","potentialAction":[{"@type":"SearchAction","target":{"@type":"EntryPoint","urlTemplate":"https:\/\/najnaj.eu\/fr\/?s={search_term_string}"},"query-input":{"@type":"PropertyValueSpecification","valueRequired":true,"valueName":"search_term_string"}}],"inLanguage":"fr-FR"}]},"product_brand":"iCandy","product_price_amount":"199.00","product_price_currency":"EUR","og_availability":"out of stock","product_availability":"out of stock","product_retailer_item_id":"IC3125","product_condition":"new"},"_links":{"self":[{"href":"https:\/\/najnaj.eu\/fr\/wp-json\/wp\/v2\/product\/247045","targetHints":{"allow":["GET"]}}],"collection":[{"href":"https:\/\/najnaj.eu\/fr\/wp-json\/wp\/v2\/product"}],"about":[{"href":"https:\/\/najnaj.eu\/fr\/wp-json\/wp\/v2\/types\/product"}],"replies":[{"embeddable":true,"href":"https:\/\/najnaj.eu\/fr\/wp-json\/wp\/v2\/comments?post=247045"}],"version-history":[{"count":0,"href":"https:\/\/najnaj.eu\/fr\/wp-json\/wp\/v2\/product\/247045\/revisions"}],"wp:featuredmedia":[{"embeddable":true,"href":"https:\/\/najnaj.eu\/fr\/wp-json\/wp\/v2\/media\/247052"}],"wp:attachment":[{"href":"https:\/\/najnaj.eu\/fr\/wp-json\/wp\/v2\/media?parent=247045"}],"wp:term":[{"taxonomy":"product_brand","embeddable":true,"href":"https:\/\/najnaj.eu\/fr\/wp-json\/wp\/v2\/product_brand?post=247045"},{"taxonomy":"product_cat","embeddable":true,"href":"https:\/\/najnaj.eu\/fr\/wp-json\/wp\/v2\/product_cat?post=247045"},{"taxonomy":"product_tag","embeddable":true,"href":"https:\/\/najnaj.eu\/fr\/wp-json\/wp\/v2\/product_tag?post=247045"}],"curies":[{"name":"wp","href":"https:\/\/api.w.org\/{rel}","templated":true}]}}