{"id":246659,"date":"2026-01-01T11:12:31","date_gmt":"2026-01-01T10:12:31","guid":{"rendered":"https:\/\/najnaj.eu\/?post_type=product&#038;p=246659"},"modified":"2026-03-30T11:14:32","modified_gmt":"2026-03-30T09:14:32","slug":"icandy-peach-7-kolica-2u1-pecan-phantom-complete-bundle","status":"publish","type":"product","link":"https:\/\/najnaj.eu\/fr\/proizvod\/icandy-peach-7-kolica-2u1-pecan-phantom-complete-bundle\/","title":{"rendered":"iCandy Peach 7 kolica 2u1, Pecan Phantom Complete Bundle"},"content":{"rendered":"<p>Sada u svojoj sedmoj generaciji, svaki element iCandy Peach 7 kolica izra\u0111en je kako bi osigurao savr\u0161enstvo u funkcionalnosti, kvaliteti i sigurnosti i izbor je svakog roditelja koji zahtijeva vrhunski dizajn i stil koji traje. Poznata po svom jednostavnom sklapanju jednom rukom i modernim materijalima, iCandy Peach 7 lako se mo\u017ee pretvoriti u kolica za blizance ili dvoje djece razli\u010dite dobi dodatkom inovativnih adaptera.<\/p>\n<p>Uz visokokvalitetni \u010dvrsti aluminijski okvir, PU gume otporne na probijanje te novi integrirani podest za starije dijete (Ride on Board), odmah \u0107ete primijetiti ultra glatku vo\u017enju i upravljivost bez napora na svim terenima! iCandy Peach 7 kolica omogu\u0107uju jednostavan pristup Va\u0161em djetetu bez potpunog uklanjanja prednje za\u0161titne ru\u010dke te mogu\u0107nost pode\u0161avanja visine ru\u010dke za upravljanje kolica od 95 do 105 cm, \u0161to je savr\u0161eno za roditelje razli\u010ditih visina!<\/p>\n<p>Prikladna od ro\u0111enja djeteta do 25 kilograma te\u017eine, odnosno max. 15 kilograma na povisiva\u010dima. Dolazi u paketu s uklju\u010denim adapterima za autosjedalicu \u2013 pretvara se u potpuni 3u1 putni sustav. Povisiva\u010di podi\u017eu ko\u0161aru ili sjede\u0107i dio u oba smjera \u2013 okrenuti u smjeru prema roditelju, omogu\u0107uju bolju interakciju s djetetom, a okrenuti prema okolini omogu\u0107uju jednostavnije zajedni\u010dke obroke za blagovaonskim stolom, bez potrebe za kori\u0161tenjem hranilice.<\/p>\n<p>Dodatne pogodnosti na kolicima:<br \/>\n\u2022 Klize\u0107i Pop-Up sustav nudi podesiv naslon za glavu uz sigurnosni pojas u 5 to\u010daka.<br \/>\n\u2022 Jednostavna promjena nagiba naslona sjede\u0107eg dijela u \u010detiri polo\u017eaja samo jednom rukom.<br \/>\n\u2022 Podesivi oslonac za noge daje maksimalnu udobnost djeteta.<br \/>\n\u2022 Potpuno odvojivi prakti\u010dni Pip-Zip d\u017eepi\u0107 za va\u017ene stvari (dokumenti, mobitel, novac\u2026) na stra\u017enjoj strani sjedala.<br \/>\n\u2022 Dodatno podstavljeni sjede\u0107i dio za ve\u0107u udobnost.<br \/>\n\u2022 Produljivi vodootporni krovi\u0107 s velikim mre\u017eastim otvorom za ventilaciju i SPF 50+ za\u0161titom od sunca.<br \/>\n\u2022 Intregrirani podest za starije dijete (Ride-on Board), uz nosivost do 20 kg.<br \/>\n\u2022 Jednostavno sklapanje jednom rukom, s automatskim zaklju\u010davanjem kolica.<br \/>\n\u2022 Nakon sklapanja, kolica su kompaktna i samostoje\u0107a, a dolaze uz remen za no\u0161enje.<br \/>\n\u2022 Prostrana ko\u0161ara zapremnine 44L koja podr\u017eava te\u017einu do 10 kg, sa integriranim otvorom za istjecanje teku\u0107ine.<\/p>\n<p>iCandy Peach 7 kolica kompatibilna su s ve\u0107inom autosjedalica, uklju\u010duju\u0107i:<\/p>\n<ul>\n<li><a href=\"https:\/\/najnaj.eu\/proizvod\/besafe-go-beyond-fresh-black-cab\/\" target=\"_blank\" rel=\"noopener\">BeSafe Go Beyond<\/a><\/li>\n<li><a href=\"https:\/\/najnaj.eu\/proizvod\/besafe-izi-go-modular-x2-i-size40-75-cm-black-cab\/\" target=\"_blank\" rel=\"noopener\">BeSafe iZi GO Modular X2<\/a><\/li>\n<li>iCandy Cocoon<\/li>\n<li>Avionaut Pixel Pro 2.0<\/li>\n<li>Maxi-Cosi Coral 360<\/li>\n<li>Maxi-Cosi Pebble<\/li>\n<li>Maxi-Cosi Pebble 360<\/li>\n<li>Maxi-Cosi Pebble Pro 360<\/li>\n<li>Cybex Cloud T<\/li>\n<li>Cybex Cloud G<\/li>\n<li>Cybex Cloud Z\/Z2<\/li>\n<li>Cybex Aton M<\/li>\n<li>Joie iGemm<\/li>\n<li>Joie iLevel<\/li>\n<li>Joie iSnug<\/li>\n<li>Nuna Arra<\/li>\n<li>Nuna Pipa<\/li>\n<li>Nuna Pipa Lite LX<\/li>\n<\/ul>\n<p>Autosjedalice je mogu\u0107e postaviti u raznim konfiguracijama:<\/p>\n<p><img loading=\"lazy\" decoding=\"async\" class=\"alignnone wp-image-248054 size-full\" src=\"https:\/\/najnaj.eu\/wp-content\/uploads\/2025\/04\/New-iCandy-carseats.jpg\" alt=\"\" width=\"1500\" height=\"1000\" srcset=\"https:\/\/najnaj.eu\/wp-content\/uploads\/2025\/04\/New-iCandy-carseats.jpg 1500w, https:\/\/najnaj.eu\/wp-content\/uploads\/2025\/04\/New-iCandy-carseats-324x216.jpg 324w, https:\/\/najnaj.eu\/wp-content\/uploads\/2025\/04\/New-iCandy-carseats-1200x800.jpg 1200w, https:\/\/najnaj.eu\/wp-content\/uploads\/2025\/04\/New-iCandy-carseats-300x200.jpg 300w, https:\/\/najnaj.eu\/wp-content\/uploads\/2025\/04\/New-iCandy-carseats-1024x683.jpg 1024w, https:\/\/najnaj.eu\/wp-content\/uploads\/2025\/04\/New-iCandy-carseats-768x512.jpg 768w, https:\/\/najnaj.eu\/wp-content\/uploads\/2025\/04\/New-iCandy-carseats-1440x960.jpg 1440w, https:\/\/najnaj.eu\/wp-content\/uploads\/2025\/04\/New-iCandy-carseats-420x280.jpg 420w\" sizes=\"auto, (max-width: 1500px) 100vw, 1500px\" \/><\/p>\n","protected":false},"excerpt":{"rendered":"<p>iCandy Complete Bundle je sve \u0161to vam treba na jednom mjestu \u2013 vrhunska kvaliteta, svi dodaci i profinjenost koja olak\u0161ava svaki korak va\u0161eg roditeljskog putovanja!<\/p>\n<p>Vrhunska dje\u010dja kolica za one koji prvi put postaju roditelji. Svjetski poznata luksuzna kolica koja se mogu nadograditi za blizance ili za dvoje djece razli\u010dite dobi, dizajnirana da savr\u0161eno pristaju Vama i Va\u0161em djetetu. Pogodno od ro\u0111enja zbog prostrane nosiljke koja se mo\u017ee koristiti i za trajno no\u0107no spavanje. Sa svojim mekanim, modernim vrhunskim pletenim \u017eersejem, savr\u0161eno skrojen i jam\u010di udobnost za bebu i stil za roditelje.<\/p>\n<p>\u2022 Prikladna od ro\u0111enja djeteta do 25 kilograma te\u017eine, odnosno max. 15 kilograma na povisiva\u010dima<br \/>\n\u2022 Ko\u0161ara oblo\u017eena luksuznim mekanim flisom, pogodna za cjelono\u0107no spavanje<br \/>\n\u2022 Jednostavna nadogradnja za blizance ili dvoje djece razli\u010dite dobi<br \/>\n\u2022 Dolazi u paketu s uklju\u010denim adapterima za autosjedalicu \u2013 pretvara se u potpuni 3u1 putni sustav<br \/>\n\u2022 S uklju\u010denim jamstvom od 5 godina<\/p>\n","protected":false},"featured_media":246907,"comment_status":"open","ping_status":"closed","template":"","meta":{"_acf_changed":false,"footnotes":""},"product_brand":[],"product_cat":[551,556,318],"product_tag":[],"class_list":{"0":"post-246659","1":"product","2":"type-product","3":"status-publish","4":"has-post-thumbnail","6":"product_cat-djecja-kolica","7":"product_cat-kolica-2u1","8":"product_cat-proizvodi","9":"pa_boja-smeda","10":"pa_brand-icandy","11":"pa_vrsta-kolica-2u1","13":"first","14":"outofstock","15":"purchasable","16":"product-type-simple"},"bundled_by":[],"bundle_stock_status":"outofstock","bundle_stock_quantity":0,"bundle_virtual":false,"bundle_layout":"","bundle_add_to_cart_form_location":"","bundle_editable_in_cart":false,"bundle_sold_individually_context":"","bundle_item_grouping":"","bundle_min_size":"","bundle_max_size":"","bundle_price":[],"bundled_items":[],"bundle_sell_ids":[],"acf":[],"yoast_head":"<!-- This site is optimized with the Yoast SEO Premium plugin v21.5 (Yoast SEO v27.4) - https:\/\/yoast.com\/product\/yoast-seo-premium-wordpress\/ -->\n<title>iCandy Peach 7 kolica 2u1, Pecan Phantom Complete Bundle - NajNaj.eu<\/title>\n<meta name=\"robots\" content=\"index, follow, max-snippet:-1, max-image-preview:large, max-video-preview:-1\" \/>\n<link rel=\"canonical\" href=\"https:\/\/najnaj.eu\/fr\/proizvod\/icandy-peach-7-kolica-2u1-pecan-phantom-complete-bundle\/\" \/>\n<meta property=\"og:locale\" content=\"fr_FR\" \/>\n<meta property=\"og:type\" content=\"article\" \/>\n<meta property=\"og:title\" content=\"iCandy Peach 7 kolica 2u1, Pecan Phantom Complete Bundle\" \/>\n<meta property=\"og:description\" content=\"iCandy Complete Bundle je sve \u0161to vam treba na jednom mjestu \u2013 vrhunska kvaliteta, svi dodaci i profinjenost koja olak\u0161ava svaki korak va\u0161eg roditeljskog putovanja!  Vrhunska dje\u010dja kolica za one koji prvi put postaju roditelji. Svjetski poznata luksuzna kolica koja se mogu nadograditi za blizance ili za dvoje djece razli\u010dite dobi, dizajnirana da savr\u0161eno pristaju Vama i Va\u0161em djetetu. Pogodno od ro\u0111enja zbog prostrane nosiljke koja se mo\u017ee koristiti i za trajno no\u0107no spavanje. Sa svojim mekanim, modernim vrhunskim pletenim \u017eersejem, savr\u0161eno skrojen i jam\u010di udobnost za bebu i stil za roditelje.  \u2022 Prikladna od ro\u0111enja djeteta do 25 kilograma te\u017eine, odnosno max. 15 kilograma na povisiva\u010dima \u2022 Ko\u0161ara oblo\u017eena luksuznim mekanim flisom, pogodna za cjelono\u0107no spavanje \u2022 Jednostavna nadogradnja za blizance ili dvoje djece razli\u010dite dobi \u2022 Dolazi u paketu s uklju\u010denim adapterima za autosjedalicu \u2013 pretvara se u potpuni 3u1 putni sustav \u2022 S uklju\u010denim jamstvom od 5 godina\" \/>\n<meta property=\"og:url\" content=\"https:\/\/najnaj.eu\/fr\/proizvod\/icandy-peach-7-kolica-2u1-pecan-phantom-complete-bundle\/\" \/>\n<meta property=\"og:site_name\" content=\"NajNaj.eu\" \/>\n<meta property=\"article:publisher\" content=\"https:\/\/web.facebook.com\/najnaj.eu\/\" \/>\n<meta property=\"article:modified_time\" content=\"2026-03-30T09:14:32+00:00\" \/>\n<meta property=\"og:image\" content=\"https:\/\/najnaj.eu\/wp-content\/uploads\/2025\/04\/Image_1_iCandy_Peach_7_Pecan_Bundle.jpg\" \/>\n\t<meta property=\"og:image:width\" content=\"1464\" \/>\n\t<meta property=\"og:image:height\" content=\"1952\" \/>\n\t<meta property=\"og:image:type\" content=\"image\/jpeg\" \/>\n<meta name=\"twitter:card\" content=\"summary_large_image\" \/>\n<meta name=\"twitter:label1\" content=\"Prix\" \/>\n\t<meta name=\"twitter:data1\" content=\"1.399,00&nbsp;&euro;\" \/>\n\t<meta name=\"twitter:label2\" content=\"Disponibilit\u00e9\" \/>\n\t<meta name=\"twitter:data2\" content=\"Rupture de stock\" \/>\n<script type=\"application\/ld+json\" class=\"yoast-schema-graph\">{\"@context\":\"https:\\\/\\\/schema.org\",\"@graph\":[{\"@type\":\"WebPage\",\"@id\":\"https:\\\/\\\/najnaj.eu\\\/fr\\\/proizvod\\\/icandy-peach-7-kolica-2u1-pecan-phantom-complete-bundle\\\/\",\"url\":\"https:\\\/\\\/najnaj.eu\\\/fr\\\/proizvod\\\/icandy-peach-7-kolica-2u1-pecan-phantom-complete-bundle\\\/\",\"name\":\"iCandy Peach 7 kolica 2u1, Pecan Phantom Complete Bundle - NajNaj.eu\",\"isPartOf\":{\"@id\":\"https:\\\/\\\/najnaj.eu\\\/fr\\\/#website\"},\"primaryImageOfPage\":{\"@id\":\"https:\\\/\\\/najnaj.eu\\\/fr\\\/proizvod\\\/icandy-peach-7-kolica-2u1-pecan-phantom-complete-bundle\\\/#primaryimage\"},\"image\":{\"@id\":\"https:\\\/\\\/najnaj.eu\\\/fr\\\/proizvod\\\/icandy-peach-7-kolica-2u1-pecan-phantom-complete-bundle\\\/#primaryimage\"},\"thumbnailUrl\":\"https:\\\/\\\/najnaj.eu\\\/wp-content\\\/uploads\\\/2025\\\/04\\\/Image_1_iCandy_Peach_7_Pecan_Bundle.jpg\",\"datePublished\":\"2026-01-01T10:12:31+00:00\",\"dateModified\":\"2026-03-30T09:14:32+00:00\",\"breadcrumb\":{\"@id\":\"https:\\\/\\\/najnaj.eu\\\/fr\\\/proizvod\\\/icandy-peach-7-kolica-2u1-pecan-phantom-complete-bundle\\\/#breadcrumb\"},\"inLanguage\":\"fr-FR\",\"potentialAction\":[{\"@type\":\"ReadAction\",\"target\":[\"https:\\\/\\\/najnaj.eu\\\/fr\\\/proizvod\\\/icandy-peach-7-kolica-2u1-pecan-phantom-complete-bundle\\\/\"]}]},{\"@type\":\"ImageObject\",\"inLanguage\":\"fr-FR\",\"@id\":\"https:\\\/\\\/najnaj.eu\\\/fr\\\/proizvod\\\/icandy-peach-7-kolica-2u1-pecan-phantom-complete-bundle\\\/#primaryimage\",\"url\":\"https:\\\/\\\/najnaj.eu\\\/wp-content\\\/uploads\\\/2025\\\/04\\\/Image_1_iCandy_Peach_7_Pecan_Bundle.jpg\",\"contentUrl\":\"https:\\\/\\\/najnaj.eu\\\/wp-content\\\/uploads\\\/2025\\\/04\\\/Image_1_iCandy_Peach_7_Pecan_Bundle.jpg\",\"width\":1464,\"height\":1952},{\"@type\":\"BreadcrumbList\",\"@id\":\"https:\\\/\\\/najnaj.eu\\\/fr\\\/proizvod\\\/icandy-peach-7-kolica-2u1-pecan-phantom-complete-bundle\\\/#breadcrumb\",\"itemListElement\":[{\"@type\":\"ListItem\",\"position\":1,\"name\":\"Po\u010detna stranica\",\"item\":\"https:\\\/\\\/najnaj.eu\\\/fr\\\/\"},{\"@type\":\"ListItem\",\"position\":2,\"name\":\"Trgovina\",\"item\":\"https:\\\/\\\/najnaj.hr\\\/trgovina\\\/\"},{\"@type\":\"ListItem\",\"position\":3,\"name\":\"iCandy Peach 7 kolica 2u1, Pecan Phantom Complete Bundle\"}]},{\"@type\":\"WebSite\",\"@id\":\"https:\\\/\\\/najnaj.eu\\\/fr\\\/#website\",\"url\":\"https:\\\/\\\/najnaj.eu\\\/fr\\\/\",\"name\":\"NajNaj.eu\",\"description\":\"Za najva\u017enije!\",\"potentialAction\":[{\"@type\":\"SearchAction\",\"target\":{\"@type\":\"EntryPoint\",\"urlTemplate\":\"https:\\\/\\\/najnaj.eu\\\/fr\\\/?s={search_term_string}\"},\"query-input\":{\"@type\":\"PropertyValueSpecification\",\"valueRequired\":true,\"valueName\":\"search_term_string\"}}],\"inLanguage\":\"fr-FR\"}]}<\/script>\n<meta property=\"product:brand\" content=\"iCandy\" \/>\n<meta property=\"product:price:amount\" content=\"1399.00\" \/>\n<meta property=\"product:price:currency\" content=\"EUR\" \/>\n<meta property=\"og:availability\" content=\"out of stock\" \/>\n<meta property=\"product:availability\" content=\"out of stock\" \/>\n<meta property=\"product:retailer_item_id\" content=\"IC3129\" \/>\n<meta property=\"product:condition\" content=\"new\" \/>\n<!-- \/ Yoast SEO Premium plugin. -->","yoast_head_json":{"title":"iCandy Peach 7 kolica 2u1, Pecan Phantom Complete Bundle - NajNaj.eu","robots":{"index":"index","follow":"follow","max-snippet":"max-snippet:-1","max-image-preview":"max-image-preview:large","max-video-preview":"max-video-preview:-1"},"canonical":"https:\/\/najnaj.eu\/fr\/proizvod\/icandy-peach-7-kolica-2u1-pecan-phantom-complete-bundle\/","og_locale":"fr_FR","og_type":"article","og_title":"iCandy Peach 7 kolica 2u1, Pecan Phantom Complete Bundle","og_description":"iCandy Complete Bundle je sve \u0161to vam treba na jednom mjestu \u2013 vrhunska kvaliteta, svi dodaci i profinjenost koja olak\u0161ava svaki korak va\u0161eg roditeljskog putovanja!  Vrhunska dje\u010dja kolica za one koji prvi put postaju roditelji. Svjetski poznata luksuzna kolica koja se mogu nadograditi za blizance ili za dvoje djece razli\u010dite dobi, dizajnirana da savr\u0161eno pristaju Vama i Va\u0161em djetetu. Pogodno od ro\u0111enja zbog prostrane nosiljke koja se mo\u017ee koristiti i za trajno no\u0107no spavanje. Sa svojim mekanim, modernim vrhunskim pletenim \u017eersejem, savr\u0161eno skrojen i jam\u010di udobnost za bebu i stil za roditelje.  \u2022 Prikladna od ro\u0111enja djeteta do 25 kilograma te\u017eine, odnosno max. 15 kilograma na povisiva\u010dima \u2022 Ko\u0161ara oblo\u017eena luksuznim mekanim flisom, pogodna za cjelono\u0107no spavanje \u2022 Jednostavna nadogradnja za blizance ili dvoje djece razli\u010dite dobi \u2022 Dolazi u paketu s uklju\u010denim adapterima za autosjedalicu \u2013 pretvara se u potpuni 3u1 putni sustav \u2022 S uklju\u010denim jamstvom od 5 godina","og_url":"https:\/\/najnaj.eu\/fr\/proizvod\/icandy-peach-7-kolica-2u1-pecan-phantom-complete-bundle\/","og_site_name":"NajNaj.eu","article_publisher":"https:\/\/web.facebook.com\/najnaj.eu\/","article_modified_time":"2026-03-30T09:14:32+00:00","og_image":[{"width":1464,"height":1952,"url":"https:\/\/najnaj.eu\/wp-content\/uploads\/2025\/04\/Image_1_iCandy_Peach_7_Pecan_Bundle.jpg","type":"image\/jpeg"}],"twitter_card":"summary_large_image","twitter_misc":{"Prix":"1.399,00&nbsp;&euro;","Disponibilit\u00e9":"Rupture de stock"},"schema":{"@context":"https:\/\/schema.org","@graph":[{"@type":"WebPage","@id":"https:\/\/najnaj.eu\/fr\/proizvod\/icandy-peach-7-kolica-2u1-pecan-phantom-complete-bundle\/","url":"https:\/\/najnaj.eu\/fr\/proizvod\/icandy-peach-7-kolica-2u1-pecan-phantom-complete-bundle\/","name":"iCandy Peach 7 kolica 2u1, Pecan Phantom Complete Bundle - NajNaj.eu","isPartOf":{"@id":"https:\/\/najnaj.eu\/fr\/#website"},"primaryImageOfPage":{"@id":"https:\/\/najnaj.eu\/fr\/proizvod\/icandy-peach-7-kolica-2u1-pecan-phantom-complete-bundle\/#primaryimage"},"image":{"@id":"https:\/\/najnaj.eu\/fr\/proizvod\/icandy-peach-7-kolica-2u1-pecan-phantom-complete-bundle\/#primaryimage"},"thumbnailUrl":"https:\/\/najnaj.eu\/wp-content\/uploads\/2025\/04\/Image_1_iCandy_Peach_7_Pecan_Bundle.jpg","datePublished":"2026-01-01T10:12:31+00:00","dateModified":"2026-03-30T09:14:32+00:00","breadcrumb":{"@id":"https:\/\/najnaj.eu\/fr\/proizvod\/icandy-peach-7-kolica-2u1-pecan-phantom-complete-bundle\/#breadcrumb"},"inLanguage":"fr-FR","potentialAction":[{"@type":"ReadAction","target":["https:\/\/najnaj.eu\/fr\/proizvod\/icandy-peach-7-kolica-2u1-pecan-phantom-complete-bundle\/"]}]},{"@type":"ImageObject","inLanguage":"fr-FR","@id":"https:\/\/najnaj.eu\/fr\/proizvod\/icandy-peach-7-kolica-2u1-pecan-phantom-complete-bundle\/#primaryimage","url":"https:\/\/najnaj.eu\/wp-content\/uploads\/2025\/04\/Image_1_iCandy_Peach_7_Pecan_Bundle.jpg","contentUrl":"https:\/\/najnaj.eu\/wp-content\/uploads\/2025\/04\/Image_1_iCandy_Peach_7_Pecan_Bundle.jpg","width":1464,"height":1952},{"@type":"BreadcrumbList","@id":"https:\/\/najnaj.eu\/fr\/proizvod\/icandy-peach-7-kolica-2u1-pecan-phantom-complete-bundle\/#breadcrumb","itemListElement":[{"@type":"ListItem","position":1,"name":"Po\u010detna stranica","item":"https:\/\/najnaj.eu\/fr\/"},{"@type":"ListItem","position":2,"name":"Trgovina","item":"https:\/\/najnaj.hr\/trgovina\/"},{"@type":"ListItem","position":3,"name":"iCandy Peach 7 kolica 2u1, Pecan Phantom Complete Bundle"}]},{"@type":"WebSite","@id":"https:\/\/najnaj.eu\/fr\/#website","url":"https:\/\/najnaj.eu\/fr\/","name":"NajNaj.eu","description":"Za najva\u017enije!","potentialAction":[{"@type":"SearchAction","target":{"@type":"EntryPoint","urlTemplate":"https:\/\/najnaj.eu\/fr\/?s={search_term_string}"},"query-input":{"@type":"PropertyValueSpecification","valueRequired":true,"valueName":"search_term_string"}}],"inLanguage":"fr-FR"}]},"product_brand":"iCandy","product_price_amount":"1399.00","product_price_currency":"EUR","og_availability":"out of stock","product_availability":"out of stock","product_retailer_item_id":"IC3129","product_condition":"new"},"_links":{"self":[{"href":"https:\/\/najnaj.eu\/fr\/wp-json\/wp\/v2\/product\/246659","targetHints":{"allow":["GET"]}}],"collection":[{"href":"https:\/\/najnaj.eu\/fr\/wp-json\/wp\/v2\/product"}],"about":[{"href":"https:\/\/najnaj.eu\/fr\/wp-json\/wp\/v2\/types\/product"}],"replies":[{"embeddable":true,"href":"https:\/\/najnaj.eu\/fr\/wp-json\/wp\/v2\/comments?post=246659"}],"version-history":[{"count":0,"href":"https:\/\/najnaj.eu\/fr\/wp-json\/wp\/v2\/product\/246659\/revisions"}],"wp:featuredmedia":[{"embeddable":true,"href":"https:\/\/najnaj.eu\/fr\/wp-json\/wp\/v2\/media\/246907"}],"wp:attachment":[{"href":"https:\/\/najnaj.eu\/fr\/wp-json\/wp\/v2\/media?parent=246659"}],"wp:term":[{"taxonomy":"product_brand","embeddable":true,"href":"https:\/\/najnaj.eu\/fr\/wp-json\/wp\/v2\/product_brand?post=246659"},{"taxonomy":"product_cat","embeddable":true,"href":"https:\/\/najnaj.eu\/fr\/wp-json\/wp\/v2\/product_cat?post=246659"},{"taxonomy":"product_tag","embeddable":true,"href":"https:\/\/najnaj.eu\/fr\/wp-json\/wp\/v2\/product_tag?post=246659"}],"curies":[{"name":"wp","href":"https:\/\/api.w.org\/{rel}","templated":true}]}}