{"id":246320,"date":"2025-04-03T15:16:15","date_gmt":"2025-04-03T13:16:15","guid":{"rendered":"https:\/\/najnaj.eu\/?post_type=product&#038;p=246320"},"modified":"2026-02-04T15:59:21","modified_gmt":"2026-02-04T14:59:21","slug":"citron-set-posuda-od-bio-materijala-lemon","status":"publish","type":"product","link":"https:\/\/najnaj.eu\/fr\/proizvod\/citron-set-posuda-od-bio-materijala-lemon\/","title":{"rendered":"Citron Set posu\u0111a od bio materijala Lemon"},"content":{"rendered":"<p>Set od 4 biorazgradiva proizvoda posu\u0111a otporna na lomljenje, posebno dizajnirana za djecu od 6+ mjeseci. Ova pa\u017eljivo izra\u0111ena kolekcija uklju\u010duje tanjur, zdjelu, \u010da\u0161u i pribor za jelo (vilicu i \u017elicu) s ekskluzivnim printom koji \u0107e djeca obo\u017eavati. Izra\u0111eno od 100% PLA dobivenog iz organskog kukuruznog \u0161kroba ili \u0161e\u0107erne trske, ovo posu\u0111e predstavlja predanost kvaliteti i odgovornosti prema okoli\u0161u. Svaki set dolazi s jednogodi\u0161njom garancijom na tvorni\u010dke gre\u0161ke.<\/p>\n<ul>\n<li>Izra\u0111eno od 100% PLA bez toksi\u010dnih materijala<\/li>\n<li>LFGB certifikat od strane SGS-a<\/li>\n<li>Inovativni materijal za kompostiranje omogu\u0107uje du\u017ei \u017eivotni vijek<\/li>\n<li>Lagan, otporan na lomljenje<\/li>\n<li>Prikladno za ve\u0107inu visokih stolica<\/li>\n<li>Za vi\u0161ekratnu upotrebu, lako se pere<\/li>\n<li>Mo\u017ee se koristiti s bilo kojom vrstom hrane i toplim i hladnim teku\u0107inama<\/li>\n<\/ul>\n<p><img loading=\"lazy\" decoding=\"async\" class=\"alignnone wp-image-246292 size-large\" src=\"https:\/\/najnaj.eu\/wp-content\/uploads\/2025\/04\/Z1031-Bio-Based-Tableware-Set-Dino-Green-Extra-3-1024x1024.jpg\" alt=\"\" width=\"980\" height=\"980\" srcset=\"https:\/\/najnaj.eu\/wp-content\/uploads\/2025\/04\/Z1031-Bio-Based-Tableware-Set-Dino-Green-Extra-3-1024x1024.jpg 1024w, https:\/\/najnaj.eu\/wp-content\/uploads\/2025\/04\/Z1031-Bio-Based-Tableware-Set-Dino-Green-Extra-3-324x324.jpg 324w, https:\/\/najnaj.eu\/wp-content\/uploads\/2025\/04\/Z1031-Bio-Based-Tableware-Set-Dino-Green-Extra-3-100x100.jpg 100w, https:\/\/najnaj.eu\/wp-content\/uploads\/2025\/04\/Z1031-Bio-Based-Tableware-Set-Dino-Green-Extra-3-1200x1200.jpg 1200w, https:\/\/najnaj.eu\/wp-content\/uploads\/2025\/04\/Z1031-Bio-Based-Tableware-Set-Dino-Green-Extra-3-300x300.jpg 300w, https:\/\/najnaj.eu\/wp-content\/uploads\/2025\/04\/Z1031-Bio-Based-Tableware-Set-Dino-Green-Extra-3-150x150.jpg 150w, https:\/\/najnaj.eu\/wp-content\/uploads\/2025\/04\/Z1031-Bio-Based-Tableware-Set-Dino-Green-Extra-3-768x768.jpg 768w, https:\/\/najnaj.eu\/wp-content\/uploads\/2025\/04\/Z1031-Bio-Based-Tableware-Set-Dino-Green-Extra-3-1536x1536.jpg 1536w, https:\/\/najnaj.eu\/wp-content\/uploads\/2025\/04\/Z1031-Bio-Based-Tableware-Set-Dino-Green-Extra-3-2048x2048.jpg 2048w, https:\/\/najnaj.eu\/wp-content\/uploads\/2025\/04\/Z1031-Bio-Based-Tableware-Set-Dino-Green-Extra-3-1440x1439.jpg 1440w, https:\/\/najnaj.eu\/wp-content\/uploads\/2025\/04\/Z1031-Bio-Based-Tableware-Set-Dino-Green-Extra-3-420x420.jpg 420w, https:\/\/najnaj.eu\/wp-content\/uploads\/2025\/04\/Z1031-Bio-Based-Tableware-Set-Dino-Green-Extra-3-50x50.jpg 50w\" sizes=\"auto, (max-width: 980px) 100vw, 980px\" \/><\/p>\n","protected":false},"excerpt":{"rendered":"<p>Ovaj set posu\u0111a izra\u0111en je od PLA, bioplastike biljnog podrijetla koja ne koristi toksi\u010dne materijale. Osim \u0161to je eco-friendly, ovaj set posu\u0111a otporan je na pucanje i ima produ\u017eeni \u017eivotni vijek. Ekskluzivni print na svakom artiklu povezuje ih u jednu trendi kolekciju. Set uklju\u010duje tanjur, zdjelu, \u010da\u0161u i pribor za jelo (vilica i \u017elica).<\/p>\n","protected":false},"featured_media":246321,"comment_status":"open","ping_status":"closed","template":"","meta":{"_acf_changed":false,"footnotes":""},"product_brand":[],"product_cat":[577,1709,622,2216,657],"product_tag":[],"class_list":{"0":"post-246320","1":"product","2":"type-product","3":"status-publish","4":"has-post-thumbnail","6":"product_cat-hranjenje","7":"product_cat-pokloni","8":"product_cat-posude","9":"product_cat-setovi-za-hranjenje","10":"product_cat-tanjuri","11":"pa_brand-citron","12":"pa_vrsta-posuda-tanjuri-i-zdjelice","14":"first","15":"outofstock","16":"shipping-taxable","17":"purchasable","18":"product-type-simple"},"bundled_by":[],"bundle_stock_status":"outofstock","bundle_stock_quantity":0,"bundle_virtual":false,"bundle_layout":"","bundle_add_to_cart_form_location":"","bundle_editable_in_cart":false,"bundle_sold_individually_context":"","bundle_item_grouping":"","bundle_min_size":"","bundle_max_size":"","bundle_price":[],"bundled_items":[],"bundle_sell_ids":[],"acf":[],"yoast_head":"<!-- This site is optimized with the Yoast SEO Premium plugin v21.5 (Yoast SEO v27.4) - https:\/\/yoast.com\/product\/yoast-seo-premium-wordpress\/ -->\n<title>Citron Set posu\u0111a od bio materijala Lemon - NajNaj.eu<\/title>\n<meta name=\"robots\" content=\"index, follow, max-snippet:-1, max-image-preview:large, max-video-preview:-1\" \/>\n<link rel=\"canonical\" href=\"https:\/\/najnaj.eu\/fr\/proizvod\/citron-set-posuda-od-bio-materijala-lemon\/\" \/>\n<meta property=\"og:locale\" content=\"fr_FR\" \/>\n<meta property=\"og:type\" content=\"article\" \/>\n<meta property=\"og:title\" content=\"Citron Set posu\u0111a od bio materijala Lemon\" \/>\n<meta property=\"og:description\" content=\"Ovaj set posu\u0111a izra\u0111en je od PLA, bioplastike biljnog podrijetla koja ne koristi toksi\u010dne materijale. Osim \u0161to je eco-friendly, ovaj set posu\u0111a otporan je na pucanje i ima produ\u017eeni \u017eivotni vijek. Ekskluzivni print na svakom artiklu povezuje ih u jednu trendi kolekciju. Set uklju\u010duje tanjur, zdjelu, \u010da\u0161u i pribor za jelo (vilica i \u017elica).\" \/>\n<meta property=\"og:url\" content=\"https:\/\/najnaj.eu\/fr\/proizvod\/citron-set-posuda-od-bio-materijala-lemon\/\" \/>\n<meta property=\"og:site_name\" content=\"NajNaj.eu\" \/>\n<meta property=\"article:publisher\" content=\"https:\/\/web.facebook.com\/najnaj.eu\/\" \/>\n<meta property=\"article:modified_time\" content=\"2026-02-04T14:59:21+00:00\" \/>\n<meta property=\"og:image\" content=\"https:\/\/najnaj.eu\/wp-content\/uploads\/2025\/04\/Z1031-Bio-Based-Tableware-Set-Lemon-Extra-0.jpg\" \/>\n\t<meta property=\"og:image:width\" content=\"2000\" \/>\n\t<meta property=\"og:image:height\" content=\"2000\" \/>\n\t<meta property=\"og:image:type\" content=\"image\/jpeg\" \/>\n<meta name=\"twitter:card\" content=\"summary_large_image\" \/>\n<meta name=\"twitter:label1\" content=\"Prix\" \/>\n\t<meta name=\"twitter:data1\" content=\"26,99&nbsp;&euro;\" \/>\n\t<meta name=\"twitter:label2\" content=\"Disponibilit\u00e9\" \/>\n\t<meta name=\"twitter:data2\" content=\"Rupture de stock\" \/>\n<script type=\"application\/ld+json\" class=\"yoast-schema-graph\">{\"@context\":\"https:\\\/\\\/schema.org\",\"@graph\":[{\"@type\":\"WebPage\",\"@id\":\"https:\\\/\\\/najnaj.eu\\\/fr\\\/proizvod\\\/citron-set-posuda-od-bio-materijala-lemon\\\/\",\"url\":\"https:\\\/\\\/najnaj.eu\\\/fr\\\/proizvod\\\/citron-set-posuda-od-bio-materijala-lemon\\\/\",\"name\":\"Citron Set posu\u0111a od bio materijala Lemon - NajNaj.eu\",\"isPartOf\":{\"@id\":\"https:\\\/\\\/najnaj.eu\\\/fr\\\/#website\"},\"primaryImageOfPage\":{\"@id\":\"https:\\\/\\\/najnaj.eu\\\/fr\\\/proizvod\\\/citron-set-posuda-od-bio-materijala-lemon\\\/#primaryimage\"},\"image\":{\"@id\":\"https:\\\/\\\/najnaj.eu\\\/fr\\\/proizvod\\\/citron-set-posuda-od-bio-materijala-lemon\\\/#primaryimage\"},\"thumbnailUrl\":\"https:\\\/\\\/najnaj.eu\\\/wp-content\\\/uploads\\\/2025\\\/04\\\/Z1031-Bio-Based-Tableware-Set-Lemon-Extra-0.jpg\",\"datePublished\":\"2025-04-03T13:16:15+00:00\",\"dateModified\":\"2026-02-04T14:59:21+00:00\",\"breadcrumb\":{\"@id\":\"https:\\\/\\\/najnaj.eu\\\/fr\\\/proizvod\\\/citron-set-posuda-od-bio-materijala-lemon\\\/#breadcrumb\"},\"inLanguage\":\"fr-FR\",\"potentialAction\":[{\"@type\":\"ReadAction\",\"target\":[\"https:\\\/\\\/najnaj.eu\\\/fr\\\/proizvod\\\/citron-set-posuda-od-bio-materijala-lemon\\\/\"]}]},{\"@type\":\"ImageObject\",\"inLanguage\":\"fr-FR\",\"@id\":\"https:\\\/\\\/najnaj.eu\\\/fr\\\/proizvod\\\/citron-set-posuda-od-bio-materijala-lemon\\\/#primaryimage\",\"url\":\"https:\\\/\\\/najnaj.eu\\\/wp-content\\\/uploads\\\/2025\\\/04\\\/Z1031-Bio-Based-Tableware-Set-Lemon-Extra-0.jpg\",\"contentUrl\":\"https:\\\/\\\/najnaj.eu\\\/wp-content\\\/uploads\\\/2025\\\/04\\\/Z1031-Bio-Based-Tableware-Set-Lemon-Extra-0.jpg\",\"width\":2000,\"height\":2000},{\"@type\":\"BreadcrumbList\",\"@id\":\"https:\\\/\\\/najnaj.eu\\\/fr\\\/proizvod\\\/citron-set-posuda-od-bio-materijala-lemon\\\/#breadcrumb\",\"itemListElement\":[{\"@type\":\"ListItem\",\"position\":1,\"name\":\"Po\u010detna stranica\",\"item\":\"https:\\\/\\\/najnaj.eu\\\/fr\\\/\"},{\"@type\":\"ListItem\",\"position\":2,\"name\":\"Trgovina\",\"item\":\"https:\\\/\\\/najnaj.hr\\\/trgovina\\\/\"},{\"@type\":\"ListItem\",\"position\":3,\"name\":\"Citron Set posu\u0111a od bio materijala Lemon\"}]},{\"@type\":\"WebSite\",\"@id\":\"https:\\\/\\\/najnaj.eu\\\/fr\\\/#website\",\"url\":\"https:\\\/\\\/najnaj.eu\\\/fr\\\/\",\"name\":\"NajNaj.eu\",\"description\":\"Za najva\u017enije!\",\"potentialAction\":[{\"@type\":\"SearchAction\",\"target\":{\"@type\":\"EntryPoint\",\"urlTemplate\":\"https:\\\/\\\/najnaj.eu\\\/fr\\\/?s={search_term_string}\"},\"query-input\":{\"@type\":\"PropertyValueSpecification\",\"valueRequired\":true,\"valueName\":\"search_term_string\"}}],\"inLanguage\":\"fr-FR\"}]}<\/script>\n<meta property=\"product:brand\" content=\"Citron\" \/>\n<meta property=\"product:price:amount\" content=\"26.99\" \/>\n<meta property=\"product:price:currency\" content=\"EUR\" \/>\n<meta property=\"og:availability\" content=\"out of stock\" \/>\n<meta property=\"product:availability\" content=\"out of stock\" \/>\n<meta property=\"product:retailer_item_id\" content=\"PLA_TABLEWARE_SET_LEMON\" \/>\n<meta property=\"product:condition\" content=\"new\" \/>\n<!-- \/ Yoast SEO Premium plugin. -->","yoast_head_json":{"title":"Citron Set posu\u0111a od bio materijala Lemon - NajNaj.eu","robots":{"index":"index","follow":"follow","max-snippet":"max-snippet:-1","max-image-preview":"max-image-preview:large","max-video-preview":"max-video-preview:-1"},"canonical":"https:\/\/najnaj.eu\/fr\/proizvod\/citron-set-posuda-od-bio-materijala-lemon\/","og_locale":"fr_FR","og_type":"article","og_title":"Citron Set posu\u0111a od bio materijala Lemon","og_description":"Ovaj set posu\u0111a izra\u0111en je od PLA, bioplastike biljnog podrijetla koja ne koristi toksi\u010dne materijale. Osim \u0161to je eco-friendly, ovaj set posu\u0111a otporan je na pucanje i ima produ\u017eeni \u017eivotni vijek. Ekskluzivni print na svakom artiklu povezuje ih u jednu trendi kolekciju. Set uklju\u010duje tanjur, zdjelu, \u010da\u0161u i pribor za jelo (vilica i \u017elica).","og_url":"https:\/\/najnaj.eu\/fr\/proizvod\/citron-set-posuda-od-bio-materijala-lemon\/","og_site_name":"NajNaj.eu","article_publisher":"https:\/\/web.facebook.com\/najnaj.eu\/","article_modified_time":"2026-02-04T14:59:21+00:00","og_image":[{"width":2000,"height":2000,"url":"https:\/\/najnaj.eu\/wp-content\/uploads\/2025\/04\/Z1031-Bio-Based-Tableware-Set-Lemon-Extra-0.jpg","type":"image\/jpeg"}],"twitter_card":"summary_large_image","twitter_misc":{"Prix":"26,99&nbsp;&euro;","Disponibilit\u00e9":"Rupture de stock"},"schema":{"@context":"https:\/\/schema.org","@graph":[{"@type":"WebPage","@id":"https:\/\/najnaj.eu\/fr\/proizvod\/citron-set-posuda-od-bio-materijala-lemon\/","url":"https:\/\/najnaj.eu\/fr\/proizvod\/citron-set-posuda-od-bio-materijala-lemon\/","name":"Citron Set posu\u0111a od bio materijala Lemon - NajNaj.eu","isPartOf":{"@id":"https:\/\/najnaj.eu\/fr\/#website"},"primaryImageOfPage":{"@id":"https:\/\/najnaj.eu\/fr\/proizvod\/citron-set-posuda-od-bio-materijala-lemon\/#primaryimage"},"image":{"@id":"https:\/\/najnaj.eu\/fr\/proizvod\/citron-set-posuda-od-bio-materijala-lemon\/#primaryimage"},"thumbnailUrl":"https:\/\/najnaj.eu\/wp-content\/uploads\/2025\/04\/Z1031-Bio-Based-Tableware-Set-Lemon-Extra-0.jpg","datePublished":"2025-04-03T13:16:15+00:00","dateModified":"2026-02-04T14:59:21+00:00","breadcrumb":{"@id":"https:\/\/najnaj.eu\/fr\/proizvod\/citron-set-posuda-od-bio-materijala-lemon\/#breadcrumb"},"inLanguage":"fr-FR","potentialAction":[{"@type":"ReadAction","target":["https:\/\/najnaj.eu\/fr\/proizvod\/citron-set-posuda-od-bio-materijala-lemon\/"]}]},{"@type":"ImageObject","inLanguage":"fr-FR","@id":"https:\/\/najnaj.eu\/fr\/proizvod\/citron-set-posuda-od-bio-materijala-lemon\/#primaryimage","url":"https:\/\/najnaj.eu\/wp-content\/uploads\/2025\/04\/Z1031-Bio-Based-Tableware-Set-Lemon-Extra-0.jpg","contentUrl":"https:\/\/najnaj.eu\/wp-content\/uploads\/2025\/04\/Z1031-Bio-Based-Tableware-Set-Lemon-Extra-0.jpg","width":2000,"height":2000},{"@type":"BreadcrumbList","@id":"https:\/\/najnaj.eu\/fr\/proizvod\/citron-set-posuda-od-bio-materijala-lemon\/#breadcrumb","itemListElement":[{"@type":"ListItem","position":1,"name":"Po\u010detna stranica","item":"https:\/\/najnaj.eu\/fr\/"},{"@type":"ListItem","position":2,"name":"Trgovina","item":"https:\/\/najnaj.hr\/trgovina\/"},{"@type":"ListItem","position":3,"name":"Citron Set posu\u0111a od bio materijala Lemon"}]},{"@type":"WebSite","@id":"https:\/\/najnaj.eu\/fr\/#website","url":"https:\/\/najnaj.eu\/fr\/","name":"NajNaj.eu","description":"Za najva\u017enije!","potentialAction":[{"@type":"SearchAction","target":{"@type":"EntryPoint","urlTemplate":"https:\/\/najnaj.eu\/fr\/?s={search_term_string}"},"query-input":{"@type":"PropertyValueSpecification","valueRequired":true,"valueName":"search_term_string"}}],"inLanguage":"fr-FR"}]},"product_brand":"Citron","product_price_amount":"26.99","product_price_currency":"EUR","og_availability":"out of stock","product_availability":"out of stock","product_retailer_item_id":"PLA_TABLEWARE_SET_LEMON","product_condition":"new"},"_links":{"self":[{"href":"https:\/\/najnaj.eu\/fr\/wp-json\/wp\/v2\/product\/246320","targetHints":{"allow":["GET"]}}],"collection":[{"href":"https:\/\/najnaj.eu\/fr\/wp-json\/wp\/v2\/product"}],"about":[{"href":"https:\/\/najnaj.eu\/fr\/wp-json\/wp\/v2\/types\/product"}],"replies":[{"embeddable":true,"href":"https:\/\/najnaj.eu\/fr\/wp-json\/wp\/v2\/comments?post=246320"}],"version-history":[{"count":0,"href":"https:\/\/najnaj.eu\/fr\/wp-json\/wp\/v2\/product\/246320\/revisions"}],"wp:featuredmedia":[{"embeddable":true,"href":"https:\/\/najnaj.eu\/fr\/wp-json\/wp\/v2\/media\/246321"}],"wp:attachment":[{"href":"https:\/\/najnaj.eu\/fr\/wp-json\/wp\/v2\/media?parent=246320"}],"wp:term":[{"taxonomy":"product_brand","embeddable":true,"href":"https:\/\/najnaj.eu\/fr\/wp-json\/wp\/v2\/product_brand?post=246320"},{"taxonomy":"product_cat","embeddable":true,"href":"https:\/\/najnaj.eu\/fr\/wp-json\/wp\/v2\/product_cat?post=246320"},{"taxonomy":"product_tag","embeddable":true,"href":"https:\/\/najnaj.eu\/fr\/wp-json\/wp\/v2\/product_tag?post=246320"}],"curies":[{"name":"wp","href":"https:\/\/api.w.org\/{rel}","templated":true}]}}