{"id":245303,"date":"2024-12-05T09:33:39","date_gmt":"2024-12-05T08:33:39","guid":{"rendered":"https:\/\/najnaj.eu\/?post_type=product&#038;p=245303"},"modified":"2026-03-03T17:23:24","modified_gmt":"2026-03-03T16:23:24","slug":"metro-3-ruksak-za-nosenje-kolica","status":"publish","type":"product","link":"https:\/\/najnaj.eu\/fr\/proizvod\/metro-3-ruksak-za-nosenje-kolica\/","title":{"rendered":"Ergobaby Metro 3 ruksak za no\u0161enje kolica"},"content":{"rendered":"<h4 style=\"text-align: center;\"><strong>Kako sklopiti i rasklopiti Metro 3?<\/strong><\/h4>\n<p>&nbsp;<\/p>\n<p><iframe loading=\"lazy\" title=\"How to Unfold and Fold the Metro 3 Compact Stroller | Ergobaby\" width=\"980\" height=\"551\" src=\"https:\/\/www.youtube.com\/embed\/20UqBdmQMMQ?feature=oembed&#038;enablejsapi=1&#038;origin=https:\/\/najnaj.eu\" frameborder=\"0\" allow=\"accelerometer; autoplay; clipboard-write; encrypted-media; gyroscope; picture-in-picture; web-share\" referrerpolicy=\"strict-origin-when-cross-origin\" allowfullscreen><\/iframe><\/p>\n","protected":false},"excerpt":{"rendered":"<p>Za\u0161tita i prakti\u010dnost u pokretu<\/p>\n<p>\u2022 \u0161titi Metro 3 od prljav\u0161tine i ogrebotina tijekom putovanja<br \/>\n\u2022 odr\u017eava kolica \u010distima kada nisu u upotrebi<br \/>\n\u2022 podstavljene naramenice poput onih na ruksaku za ravnomjernu raspodjelu te\u017eine<br \/>\n\u2022 tkanina se lako bri\u0161e za jednostavno odr\u017eavanje<br \/>\n\u2022 ruksak se lako sprema nakon upotrebe<\/p>\n<p><strong>Do 28.02.2026. ruksak za no\u0161enje dolazi GRATIS s kupljenim Metro 3 Deluxe kolicima.<\/strong><\/p>\n","protected":false},"featured_media":245310,"comment_status":"closed","ping_status":"closed","template":"","meta":{"_acf_changed":false,"footnotes":""},"product_brand":[],"product_cat":[551,552,649],"product_tag":[],"class_list":{"0":"post-245303","1":"product","2":"type-product","3":"status-publish","4":"has-post-thumbnail","6":"product_cat-djecja-kolica","7":"product_cat-dodaci-za-kolica","8":"product_cat-ostalo","9":"pa_brand-ergobaby","11":"first","12":"instock","13":"shipping-taxable","14":"purchasable","15":"product-type-simple"},"bundled_by":[],"bundle_stock_status":"instock","bundle_stock_quantity":15,"bundle_virtual":false,"bundle_layout":"","bundle_add_to_cart_form_location":"","bundle_editable_in_cart":false,"bundle_sold_individually_context":"","bundle_item_grouping":"","bundle_min_size":"","bundle_max_size":"","bundle_price":[],"bundled_items":[],"bundle_sell_ids":[],"acf":[],"yoast_head":"<!-- This site is optimized with the Yoast SEO Premium plugin v21.5 (Yoast SEO v27.4) - https:\/\/yoast.com\/product\/yoast-seo-premium-wordpress\/ -->\n<title>Ergobaby Metro 3 ruksak za no\u0161enje kolica - NajNaj.eu<\/title>\n<meta name=\"description\" content=\"\u0160titi Metro 3 od prljav\u0161tine i ogrebotina tijekom putovanja. Tkanina se lako \u010disti, a naramenice su podstavljene za ravnomjernu raspodjelu te\u017eine.\" \/>\n<meta name=\"robots\" content=\"index, follow, max-snippet:-1, max-image-preview:large, max-video-preview:-1\" \/>\n<link rel=\"canonical\" href=\"https:\/\/najnaj.eu\/fr\/proizvod\/metro-3-ruksak-za-nosenje-kolica\/\" \/>\n<meta property=\"og:locale\" content=\"fr_FR\" \/>\n<meta property=\"og:type\" content=\"article\" \/>\n<meta property=\"og:title\" content=\"Ergobaby Metro 3 ruksak za no\u0161enje kolica\" \/>\n<meta property=\"og:description\" content=\"\u0160titi Metro 3 od prljav\u0161tine i ogrebotina tijekom putovanja. Tkanina se lako \u010disti, a naramenice su podstavljene za ravnomjernu raspodjelu te\u017eine.\" \/>\n<meta property=\"og:url\" content=\"https:\/\/najnaj.eu\/fr\/proizvod\/metro-3-ruksak-za-nosenje-kolica\/\" \/>\n<meta property=\"og:site_name\" content=\"NajNaj.eu\" \/>\n<meta property=\"article:publisher\" content=\"https:\/\/web.facebook.com\/najnaj.eu\/\" \/>\n<meta property=\"article:modified_time\" content=\"2026-03-03T16:23:24+00:00\" \/>\n<meta property=\"og:image\" content=\"https:\/\/najnaj.eu\/wp-content\/uploads\/2025\/03\/ergobaby-stroller-accessories-metro-3-carry-bag-02.jpg\" \/>\n\t<meta property=\"og:image:width\" content=\"2400\" \/>\n\t<meta property=\"og:image:height\" content=\"2400\" \/>\n\t<meta property=\"og:image:type\" content=\"image\/jpeg\" \/>\n<meta name=\"twitter:card\" content=\"summary_large_image\" \/>\n<meta name=\"twitter:label1\" content=\"Prix\" \/>\n\t<meta name=\"twitter:data1\" content=\"39,90&nbsp;&euro;\" \/>\n\t<meta name=\"twitter:label2\" content=\"Disponibilit\u00e9\" \/>\n\t<meta name=\"twitter:data2\" content=\"En stock\" \/>\n<script type=\"application\/ld+json\" class=\"yoast-schema-graph\">{\"@context\":\"https:\\\/\\\/schema.org\",\"@graph\":[{\"@type\":\"WebPage\",\"@id\":\"https:\\\/\\\/najnaj.eu\\\/fr\\\/proizvod\\\/metro-3-ruksak-za-nosenje-kolica\\\/\",\"url\":\"https:\\\/\\\/najnaj.eu\\\/fr\\\/proizvod\\\/metro-3-ruksak-za-nosenje-kolica\\\/\",\"name\":\"Ergobaby Metro 3 ruksak za no\u0161enje kolica - NajNaj.eu\",\"isPartOf\":{\"@id\":\"https:\\\/\\\/najnaj.eu\\\/fr\\\/#website\"},\"primaryImageOfPage\":{\"@id\":\"https:\\\/\\\/najnaj.eu\\\/fr\\\/proizvod\\\/metro-3-ruksak-za-nosenje-kolica\\\/#primaryimage\"},\"image\":{\"@id\":\"https:\\\/\\\/najnaj.eu\\\/fr\\\/proizvod\\\/metro-3-ruksak-za-nosenje-kolica\\\/#primaryimage\"},\"thumbnailUrl\":\"https:\\\/\\\/najnaj.eu\\\/wp-content\\\/uploads\\\/2025\\\/03\\\/ergobaby-stroller-accessories-metro-3-carry-bag-02.jpg\",\"datePublished\":\"2024-12-05T08:33:39+00:00\",\"dateModified\":\"2026-03-03T16:23:24+00:00\",\"description\":\"\u0160titi Metro 3 od prljav\u0161tine i ogrebotina tijekom putovanja. Tkanina se lako \u010disti, a naramenice su podstavljene za ravnomjernu raspodjelu te\u017eine.\",\"breadcrumb\":{\"@id\":\"https:\\\/\\\/najnaj.eu\\\/fr\\\/proizvod\\\/metro-3-ruksak-za-nosenje-kolica\\\/#breadcrumb\"},\"inLanguage\":\"fr-FR\",\"potentialAction\":[{\"@type\":\"ReadAction\",\"target\":[\"https:\\\/\\\/najnaj.eu\\\/fr\\\/proizvod\\\/metro-3-ruksak-za-nosenje-kolica\\\/\"]}]},{\"@type\":\"ImageObject\",\"inLanguage\":\"fr-FR\",\"@id\":\"https:\\\/\\\/najnaj.eu\\\/fr\\\/proizvod\\\/metro-3-ruksak-za-nosenje-kolica\\\/#primaryimage\",\"url\":\"https:\\\/\\\/najnaj.eu\\\/wp-content\\\/uploads\\\/2025\\\/03\\\/ergobaby-stroller-accessories-metro-3-carry-bag-02.jpg\",\"contentUrl\":\"https:\\\/\\\/najnaj.eu\\\/wp-content\\\/uploads\\\/2025\\\/03\\\/ergobaby-stroller-accessories-metro-3-carry-bag-02.jpg\",\"width\":2400,\"height\":2400},{\"@type\":\"BreadcrumbList\",\"@id\":\"https:\\\/\\\/najnaj.eu\\\/fr\\\/proizvod\\\/metro-3-ruksak-za-nosenje-kolica\\\/#breadcrumb\",\"itemListElement\":[{\"@type\":\"ListItem\",\"position\":1,\"name\":\"Po\u010detna stranica\",\"item\":\"https:\\\/\\\/najnaj.eu\\\/fr\\\/\"},{\"@type\":\"ListItem\",\"position\":2,\"name\":\"Trgovina\",\"item\":\"https:\\\/\\\/najnaj.hr\\\/trgovina\\\/\"},{\"@type\":\"ListItem\",\"position\":3,\"name\":\"Ergobaby Metro 3 ruksak za no\u0161enje kolica\"}]},{\"@type\":\"WebSite\",\"@id\":\"https:\\\/\\\/najnaj.eu\\\/fr\\\/#website\",\"url\":\"https:\\\/\\\/najnaj.eu\\\/fr\\\/\",\"name\":\"NajNaj.eu\",\"description\":\"Za najva\u017enije!\",\"potentialAction\":[{\"@type\":\"SearchAction\",\"target\":{\"@type\":\"EntryPoint\",\"urlTemplate\":\"https:\\\/\\\/najnaj.eu\\\/fr\\\/?s={search_term_string}\"},\"query-input\":{\"@type\":\"PropertyValueSpecification\",\"valueRequired\":true,\"valueName\":\"search_term_string\"}}],\"inLanguage\":\"fr-FR\"}]}<\/script>\n<meta property=\"product:brand\" content=\"Ergobaby\" \/>\n<meta property=\"product:price:amount\" content=\"39.90\" \/>\n<meta property=\"product:price:currency\" content=\"EUR\" \/>\n<meta property=\"og:availability\" content=\"instock\" \/>\n<meta property=\"product:availability\" content=\"instock\" \/>\n<meta property=\"product:retailer_item_id\" content=\"METRO3BAG\" \/>\n<meta property=\"product:condition\" content=\"new\" \/>\n<!-- \/ Yoast SEO Premium plugin. -->","yoast_head_json":{"title":"Ergobaby Metro 3 ruksak za no\u0161enje kolica - NajNaj.eu","description":"\u0160titi Metro 3 od prljav\u0161tine i ogrebotina tijekom putovanja. Tkanina se lako \u010disti, a naramenice su podstavljene za ravnomjernu raspodjelu te\u017eine.","robots":{"index":"index","follow":"follow","max-snippet":"max-snippet:-1","max-image-preview":"max-image-preview:large","max-video-preview":"max-video-preview:-1"},"canonical":"https:\/\/najnaj.eu\/fr\/proizvod\/metro-3-ruksak-za-nosenje-kolica\/","og_locale":"fr_FR","og_type":"article","og_title":"Ergobaby Metro 3 ruksak za no\u0161enje kolica","og_description":"\u0160titi Metro 3 od prljav\u0161tine i ogrebotina tijekom putovanja. Tkanina se lako \u010disti, a naramenice su podstavljene za ravnomjernu raspodjelu te\u017eine.","og_url":"https:\/\/najnaj.eu\/fr\/proizvod\/metro-3-ruksak-za-nosenje-kolica\/","og_site_name":"NajNaj.eu","article_publisher":"https:\/\/web.facebook.com\/najnaj.eu\/","article_modified_time":"2026-03-03T16:23:24+00:00","og_image":[{"width":2400,"height":2400,"url":"https:\/\/najnaj.eu\/wp-content\/uploads\/2025\/03\/ergobaby-stroller-accessories-metro-3-carry-bag-02.jpg","type":"image\/jpeg"}],"twitter_card":"summary_large_image","twitter_misc":{"Prix":"39,90&nbsp;&euro;","Disponibilit\u00e9":"En stock"},"schema":{"@context":"https:\/\/schema.org","@graph":[{"@type":"WebPage","@id":"https:\/\/najnaj.eu\/fr\/proizvod\/metro-3-ruksak-za-nosenje-kolica\/","url":"https:\/\/najnaj.eu\/fr\/proizvod\/metro-3-ruksak-za-nosenje-kolica\/","name":"Ergobaby Metro 3 ruksak za no\u0161enje kolica - NajNaj.eu","isPartOf":{"@id":"https:\/\/najnaj.eu\/fr\/#website"},"primaryImageOfPage":{"@id":"https:\/\/najnaj.eu\/fr\/proizvod\/metro-3-ruksak-za-nosenje-kolica\/#primaryimage"},"image":{"@id":"https:\/\/najnaj.eu\/fr\/proizvod\/metro-3-ruksak-za-nosenje-kolica\/#primaryimage"},"thumbnailUrl":"https:\/\/najnaj.eu\/wp-content\/uploads\/2025\/03\/ergobaby-stroller-accessories-metro-3-carry-bag-02.jpg","datePublished":"2024-12-05T08:33:39+00:00","dateModified":"2026-03-03T16:23:24+00:00","description":"\u0160titi Metro 3 od prljav\u0161tine i ogrebotina tijekom putovanja. Tkanina se lako \u010disti, a naramenice su podstavljene za ravnomjernu raspodjelu te\u017eine.","breadcrumb":{"@id":"https:\/\/najnaj.eu\/fr\/proizvod\/metro-3-ruksak-za-nosenje-kolica\/#breadcrumb"},"inLanguage":"fr-FR","potentialAction":[{"@type":"ReadAction","target":["https:\/\/najnaj.eu\/fr\/proizvod\/metro-3-ruksak-za-nosenje-kolica\/"]}]},{"@type":"ImageObject","inLanguage":"fr-FR","@id":"https:\/\/najnaj.eu\/fr\/proizvod\/metro-3-ruksak-za-nosenje-kolica\/#primaryimage","url":"https:\/\/najnaj.eu\/wp-content\/uploads\/2025\/03\/ergobaby-stroller-accessories-metro-3-carry-bag-02.jpg","contentUrl":"https:\/\/najnaj.eu\/wp-content\/uploads\/2025\/03\/ergobaby-stroller-accessories-metro-3-carry-bag-02.jpg","width":2400,"height":2400},{"@type":"BreadcrumbList","@id":"https:\/\/najnaj.eu\/fr\/proizvod\/metro-3-ruksak-za-nosenje-kolica\/#breadcrumb","itemListElement":[{"@type":"ListItem","position":1,"name":"Po\u010detna stranica","item":"https:\/\/najnaj.eu\/fr\/"},{"@type":"ListItem","position":2,"name":"Trgovina","item":"https:\/\/najnaj.hr\/trgovina\/"},{"@type":"ListItem","position":3,"name":"Ergobaby Metro 3 ruksak za no\u0161enje kolica"}]},{"@type":"WebSite","@id":"https:\/\/najnaj.eu\/fr\/#website","url":"https:\/\/najnaj.eu\/fr\/","name":"NajNaj.eu","description":"Za najva\u017enije!","potentialAction":[{"@type":"SearchAction","target":{"@type":"EntryPoint","urlTemplate":"https:\/\/najnaj.eu\/fr\/?s={search_term_string}"},"query-input":{"@type":"PropertyValueSpecification","valueRequired":true,"valueName":"search_term_string"}}],"inLanguage":"fr-FR"}]},"product_brand":"Ergobaby","product_price_amount":"39.90","product_price_currency":"EUR","og_availability":"instock","product_availability":"instock","product_retailer_item_id":"METRO3BAG","product_condition":"new"},"_links":{"self":[{"href":"https:\/\/najnaj.eu\/fr\/wp-json\/wp\/v2\/product\/245303","targetHints":{"allow":["GET"]}}],"collection":[{"href":"https:\/\/najnaj.eu\/fr\/wp-json\/wp\/v2\/product"}],"about":[{"href":"https:\/\/najnaj.eu\/fr\/wp-json\/wp\/v2\/types\/product"}],"replies":[{"embeddable":true,"href":"https:\/\/najnaj.eu\/fr\/wp-json\/wp\/v2\/comments?post=245303"}],"version-history":[{"count":0,"href":"https:\/\/najnaj.eu\/fr\/wp-json\/wp\/v2\/product\/245303\/revisions"}],"wp:featuredmedia":[{"embeddable":true,"href":"https:\/\/najnaj.eu\/fr\/wp-json\/wp\/v2\/media\/245310"}],"wp:attachment":[{"href":"https:\/\/najnaj.eu\/fr\/wp-json\/wp\/v2\/media?parent=245303"}],"wp:term":[{"taxonomy":"product_brand","embeddable":true,"href":"https:\/\/najnaj.eu\/fr\/wp-json\/wp\/v2\/product_brand?post=245303"},{"taxonomy":"product_cat","embeddable":true,"href":"https:\/\/najnaj.eu\/fr\/wp-json\/wp\/v2\/product_cat?post=245303"},{"taxonomy":"product_tag","embeddable":true,"href":"https:\/\/najnaj.eu\/fr\/wp-json\/wp\/v2\/product_tag?post=245303"}],"curies":[{"name":"wp","href":"https:\/\/api.w.org\/{rel}","templated":true}]}}