{"id":244365,"date":"2025-03-27T14:12:16","date_gmt":"2025-03-27T13:12:16","guid":{"rendered":"https:\/\/najnaj.eu\/?post_type=product&#038;p=244365"},"modified":"2026-04-10T10:45:57","modified_gmt":"2026-04-10T08:45:57","slug":"ergobaby-metro-3-djecja-kolica-onyx-black","status":"publish","type":"product","link":"https:\/\/najnaj.eu\/fr\/proizvod\/ergobaby-metro-3-djecja-kolica-onyx-black\/","title":{"rendered":"Ergobaby Metro 3 dje\u010dja kolica &#8211; Onyx Black"},"content":{"rendered":"<h3><strong>Ergobaby Metro3 savr\u0161ena su kompaktna kolica, dizajnirana za obitelji u pokretu!<\/strong><\/h3>\n<p><img loading=\"lazy\" decoding=\"async\" class=\"alignnone wp-image-244479 size-full\" src=\"https:\/\/najnaj.eu\/wp-content\/uploads\/2025\/03\/Frame-658.jpg\" alt=\"ikone i opisi zna\u010dajka metro3 dje\u010djih kolica\" width=\"650\" height=\"400\" \/><\/p>\n<p><strong>MALE DIMENZIJE, VELIKE AVANTURE<\/strong><br \/>\nAutomatsko sklapanje jednom rukom i jednostavno rasklapanje Metro3 \u010dine funkcionalnim kolicima za svakodnevne avanture. Sklopljena kolica odgovaraju dimenzijama ru\u010dne prtljage ve\u0107ini aviokompanija (56 x 44 x 23 cm).<\/p>\n<p><strong>UDOBNOST BEZ KOMPROMISA<\/strong><br \/>\nErgonomski dizajniran sjede\u0107i dio s neograni\u010denim brojem nagiba u kombinaciji s podesivim osloncem za noge va\u0161em \u0107e mali\u0161anu pru\u017eiti potrebnu udobnost. Visinom podesiva ru\u010dka s novim ergonomskim dizajnom omogu\u0107ava roditeljima pravilnije dr\u017eanje tijekom vo\u017enje te prilagodbu ovisno o potrebnoj visini (od 101 do 108 cm).<\/p>\n<p><strong>UGODAN SAN NA KOTA\u010cIMA<\/strong><br \/>\nUz potpuno prilagodljiv sjede\u0107i dio, ergonomski dizajn i amortizaciju na prednjim i stra\u017enjim kota\u010dima, Metro3 lako se mo\u017ee nositi s neravnim terenom, \u010dine\u0107i ga idealnim za putovanja i svakodnevne avanture.<\/p>\n<p><strong>KORI\u0160TENJE OD RO\u0110ENJA<\/strong><br \/>\nMetro3 dolazi s integriranom ko\u0161arom za novoro\u0111en\u010de koja se jednostavno i lako formira iz sjede\u0107eg dijela pomo\u0107u bo\u010dnih pregrada. Metro3 kompatibilan je s autosjedalicama te se mo\u017ee koristiti kao 3u1 sustav (<a href=\"https:\/\/najnaj.eu\/kategorija-proizvoda\/autosjedalice\/?brand=besafe\" target=\"_blank\" rel=\"noopener\">BeSafe<\/a>, Cybex, Nuna, Maxi-Cosi, Avionaut, Britax). <span style=\"color: ##7e5f7d;\"><a style=\"color: ##7e5f7d;\" href=\"https:\/\/najnaj.eu\/proizvod\/metro-3-adapteri-za-autosjedalicu\/\" target=\"_blank\" rel=\"noopener\">Adapteri<\/a> <\/span>se prodaju zasebno.<\/p>\n<p><strong>SVAKODNEVNA PRAKTI\u010cNOST<\/strong><br \/>\nProstrana ko\u0161ara za stvari kapaciteta do maksimalno 10 kg omogu\u0107ava pohranu svega \u0161to vam je bitno &#8211; torba za pelene, osobne stvari, namirnice&#8230; Uz to, Metro3 dolazi s jo\u0161 ve\u0107im, produ\u017eivim krovi\u0107em koji je vodoodbojan i UPF 50 za\u0161titom. Prozor za bebe omogu\u0107va provjeru i bliskost u svakom trenutku.<\/p>\n<p>&nbsp;<\/p>\n<p>&nbsp;<\/p>\n","protected":false},"excerpt":{"rendered":"<p>Uz kori\u0161tenje od prvog dana do 22 kg i te\u017eine svega 7,6 kg, Metro3 kolica donose udobnost i prakti\u010dnost u malim dimenzijama, \u010dine\u0107i ih idealnim kolicima za gradske ulice i putovanja.<\/p>\n<ul>\n<li class=\"first:mt-1.5\">Impresivno jednostavna s automatskim sklapanjem jednom rukom i dimenzijama ru\u010dne prtljage za ve\u0107inu aviokompanija<\/li>\n<li class=\"first:mt-1.5\">Izvanredne udobnosti s ergonomski dizajniranim sjedalom, podesivom ru\u010dkom za roditelje i glatkom vo\u017enjom zahvaljuju\u0107i naprednoj amortizaciji na svim kota\u010dima<\/li>\n<li class=\"first:mt-1.5\">Potpuno prilagodljiva s podesivim nagibom sjedala i osloncem za noge<\/li>\n<li class=\"first:mt-1.5\">Idealna od ro\u0111enja uz integrirano gnijezdo ili kompatibilnost s vode\u0107im autosjedalicama (BeSafe, Cybex, Nuna, Maxi-Cosi, Avionaut, Britax)<\/li>\n<li class=\"first:mt-1.5\">ErgoPromise jamstvo od 10 godina osigurava kvalitetu i dugovje\u010dnost<\/li>\n<\/ul>\n","protected":false},"featured_media":244679,"comment_status":"closed","ping_status":"closed","template":"","meta":{"_acf_changed":false,"footnotes":""},"product_brand":[],"product_cat":[551,609],"product_tag":[],"class_list":{"0":"post-244365","1":"product","2":"type-product","3":"status-publish","4":"has-post-thumbnail","6":"product_cat-djecja-kolica","7":"product_cat-kompaktna-kolica","8":"pa_boja-crna","9":"pa_brand-ergobaby","10":"pa_vrsta-kolica-2u1","11":"pa_vrsta-kolica-kompaktna-kolica","13":"first","14":"instock","15":"shipping-taxable","16":"purchasable","17":"product-type-simple"},"bundled_by":[],"bundle_stock_status":"instock","bundle_stock_quantity":15,"bundle_virtual":false,"bundle_layout":"","bundle_add_to_cart_form_location":"","bundle_editable_in_cart":false,"bundle_sold_individually_context":"","bundle_item_grouping":"","bundle_min_size":"","bundle_max_size":"","bundle_price":[],"bundled_items":[],"bundle_sell_ids":[],"acf":[],"yoast_head":"<!-- This site is optimized with the Yoast SEO Premium plugin v21.5 (Yoast SEO v27.4) - https:\/\/yoast.com\/product\/yoast-seo-premium-wordpress\/ -->\n<title>Ergobaby Metro 3 dje\u010dja kolica - Onyx Black - NajNaj.eu<\/title>\n<meta name=\"description\" content=\"Kompaktna i lagana Ergobaby Metro3 dje\u010dja kolica za putovanja i grad: automatsko sklapanje, udobnost od ro\u0111enja do 22kg, s 10 godina jamstva.\" \/>\n<meta name=\"robots\" content=\"index, follow, max-snippet:-1, max-image-preview:large, max-video-preview:-1\" \/>\n<link rel=\"canonical\" href=\"https:\/\/najnaj.eu\/fr\/proizvod\/ergobaby-metro-3-djecja-kolica-onyx-black\/\" \/>\n<meta property=\"og:locale\" content=\"fr_FR\" \/>\n<meta property=\"og:type\" content=\"article\" \/>\n<meta property=\"og:title\" content=\"Ergobaby Metro 3 dje\u010dja kolica - Onyx Black\" \/>\n<meta property=\"og:description\" content=\"Kompaktna i lagana Ergobaby Metro3 dje\u010dja kolica za putovanja i grad: automatsko sklapanje, udobnost od ro\u0111enja do 22kg, s 10 godina jamstva.\" \/>\n<meta property=\"og:url\" content=\"https:\/\/najnaj.eu\/fr\/proizvod\/ergobaby-metro-3-djecja-kolica-onyx-black\/\" \/>\n<meta property=\"og:site_name\" content=\"NajNaj.eu\" \/>\n<meta property=\"article:publisher\" content=\"https:\/\/web.facebook.com\/najnaj.eu\/\" \/>\n<meta property=\"article:modified_time\" content=\"2026-04-10T08:45:57+00:00\" \/>\n<meta property=\"og:image\" content=\"https:\/\/najnaj.eu\/wp-content\/uploads\/2025\/03\/metro-3-black-prod-05-1.jpg\" \/>\n\t<meta property=\"og:image:width\" content=\"2400\" \/>\n\t<meta property=\"og:image:height\" content=\"2400\" \/>\n\t<meta property=\"og:image:type\" content=\"image\/jpeg\" \/>\n<meta name=\"twitter:card\" content=\"summary_large_image\" \/>\n<meta name=\"twitter:label1\" content=\"Prix\" \/>\n\t<meta name=\"twitter:data1\" content=\"399,90&nbsp;&euro;\" \/>\n\t<meta name=\"twitter:label2\" content=\"Disponibilit\u00e9\" \/>\n\t<meta name=\"twitter:data2\" content=\"En stock\" \/>\n<script type=\"application\/ld+json\" class=\"yoast-schema-graph\">{\"@context\":\"https:\\\/\\\/schema.org\",\"@graph\":[{\"@type\":\"WebPage\",\"@id\":\"https:\\\/\\\/najnaj.eu\\\/fr\\\/proizvod\\\/ergobaby-metro-3-djecja-kolica-onyx-black\\\/\",\"url\":\"https:\\\/\\\/najnaj.eu\\\/fr\\\/proizvod\\\/ergobaby-metro-3-djecja-kolica-onyx-black\\\/\",\"name\":\"Ergobaby Metro 3 dje\u010dja kolica - Onyx Black - NajNaj.eu\",\"isPartOf\":{\"@id\":\"https:\\\/\\\/najnaj.eu\\\/fr\\\/#website\"},\"primaryImageOfPage\":{\"@id\":\"https:\\\/\\\/najnaj.eu\\\/fr\\\/proizvod\\\/ergobaby-metro-3-djecja-kolica-onyx-black\\\/#primaryimage\"},\"image\":{\"@id\":\"https:\\\/\\\/najnaj.eu\\\/fr\\\/proizvod\\\/ergobaby-metro-3-djecja-kolica-onyx-black\\\/#primaryimage\"},\"thumbnailUrl\":\"https:\\\/\\\/najnaj.eu\\\/wp-content\\\/uploads\\\/2025\\\/03\\\/metro-3-black-prod-05-1.jpg\",\"datePublished\":\"2025-03-27T13:12:16+00:00\",\"dateModified\":\"2026-04-10T08:45:57+00:00\",\"description\":\"Kompaktna i lagana Ergobaby Metro3 dje\u010dja kolica za putovanja i grad: automatsko sklapanje, udobnost od ro\u0111enja do 22kg, s 10 godina jamstva.\",\"breadcrumb\":{\"@id\":\"https:\\\/\\\/najnaj.eu\\\/fr\\\/proizvod\\\/ergobaby-metro-3-djecja-kolica-onyx-black\\\/#breadcrumb\"},\"inLanguage\":\"fr-FR\",\"potentialAction\":[{\"@type\":\"ReadAction\",\"target\":[\"https:\\\/\\\/najnaj.eu\\\/fr\\\/proizvod\\\/ergobaby-metro-3-djecja-kolica-onyx-black\\\/\"]}]},{\"@type\":\"ImageObject\",\"inLanguage\":\"fr-FR\",\"@id\":\"https:\\\/\\\/najnaj.eu\\\/fr\\\/proizvod\\\/ergobaby-metro-3-djecja-kolica-onyx-black\\\/#primaryimage\",\"url\":\"https:\\\/\\\/najnaj.eu\\\/wp-content\\\/uploads\\\/2025\\\/03\\\/metro-3-black-prod-05-1.jpg\",\"contentUrl\":\"https:\\\/\\\/najnaj.eu\\\/wp-content\\\/uploads\\\/2025\\\/03\\\/metro-3-black-prod-05-1.jpg\",\"width\":2400,\"height\":2400},{\"@type\":\"BreadcrumbList\",\"@id\":\"https:\\\/\\\/najnaj.eu\\\/fr\\\/proizvod\\\/ergobaby-metro-3-djecja-kolica-onyx-black\\\/#breadcrumb\",\"itemListElement\":[{\"@type\":\"ListItem\",\"position\":1,\"name\":\"Po\u010detna stranica\",\"item\":\"https:\\\/\\\/najnaj.eu\\\/fr\\\/\"},{\"@type\":\"ListItem\",\"position\":2,\"name\":\"Trgovina\",\"item\":\"https:\\\/\\\/najnaj.hr\\\/trgovina\\\/\"},{\"@type\":\"ListItem\",\"position\":3,\"name\":\"Ergobaby Metro 3 dje\u010dja kolica &#8211; Onyx Black\"}]},{\"@type\":\"WebSite\",\"@id\":\"https:\\\/\\\/najnaj.eu\\\/fr\\\/#website\",\"url\":\"https:\\\/\\\/najnaj.eu\\\/fr\\\/\",\"name\":\"NajNaj.eu\",\"description\":\"Za najva\u017enije!\",\"potentialAction\":[{\"@type\":\"SearchAction\",\"target\":{\"@type\":\"EntryPoint\",\"urlTemplate\":\"https:\\\/\\\/najnaj.eu\\\/fr\\\/?s={search_term_string}\"},\"query-input\":{\"@type\":\"PropertyValueSpecification\",\"valueRequired\":true,\"valueName\":\"search_term_string\"}}],\"inLanguage\":\"fr-FR\"}]}<\/script>\n<meta property=\"product:brand\" content=\"Ergobaby\" \/>\n<meta property=\"product:price:amount\" content=\"399.90\" \/>\n<meta property=\"product:price:currency\" content=\"EUR\" \/>\n<meta property=\"og:availability\" content=\"instock\" \/>\n<meta property=\"product:availability\" content=\"instock\" \/>\n<meta property=\"product:retailer_item_id\" content=\"METRO3ONYXEU\" \/>\n<meta property=\"product:condition\" content=\"new\" \/>\n<!-- \/ Yoast SEO Premium plugin. -->","yoast_head_json":{"title":"Ergobaby Metro 3 dje\u010dja kolica - Onyx Black - NajNaj.eu","description":"Kompaktna i lagana Ergobaby Metro3 dje\u010dja kolica za putovanja i grad: automatsko sklapanje, udobnost od ro\u0111enja do 22kg, s 10 godina jamstva.","robots":{"index":"index","follow":"follow","max-snippet":"max-snippet:-1","max-image-preview":"max-image-preview:large","max-video-preview":"max-video-preview:-1"},"canonical":"https:\/\/najnaj.eu\/fr\/proizvod\/ergobaby-metro-3-djecja-kolica-onyx-black\/","og_locale":"fr_FR","og_type":"article","og_title":"Ergobaby Metro 3 dje\u010dja kolica - Onyx Black","og_description":"Kompaktna i lagana Ergobaby Metro3 dje\u010dja kolica za putovanja i grad: automatsko sklapanje, udobnost od ro\u0111enja do 22kg, s 10 godina jamstva.","og_url":"https:\/\/najnaj.eu\/fr\/proizvod\/ergobaby-metro-3-djecja-kolica-onyx-black\/","og_site_name":"NajNaj.eu","article_publisher":"https:\/\/web.facebook.com\/najnaj.eu\/","article_modified_time":"2026-04-10T08:45:57+00:00","og_image":[{"width":2400,"height":2400,"url":"https:\/\/najnaj.eu\/wp-content\/uploads\/2025\/03\/metro-3-black-prod-05-1.jpg","type":"image\/jpeg"}],"twitter_card":"summary_large_image","twitter_misc":{"Prix":"399,90&nbsp;&euro;","Disponibilit\u00e9":"En stock"},"schema":{"@context":"https:\/\/schema.org","@graph":[{"@type":"WebPage","@id":"https:\/\/najnaj.eu\/fr\/proizvod\/ergobaby-metro-3-djecja-kolica-onyx-black\/","url":"https:\/\/najnaj.eu\/fr\/proizvod\/ergobaby-metro-3-djecja-kolica-onyx-black\/","name":"Ergobaby Metro 3 dje\u010dja kolica - Onyx Black - NajNaj.eu","isPartOf":{"@id":"https:\/\/najnaj.eu\/fr\/#website"},"primaryImageOfPage":{"@id":"https:\/\/najnaj.eu\/fr\/proizvod\/ergobaby-metro-3-djecja-kolica-onyx-black\/#primaryimage"},"image":{"@id":"https:\/\/najnaj.eu\/fr\/proizvod\/ergobaby-metro-3-djecja-kolica-onyx-black\/#primaryimage"},"thumbnailUrl":"https:\/\/najnaj.eu\/wp-content\/uploads\/2025\/03\/metro-3-black-prod-05-1.jpg","datePublished":"2025-03-27T13:12:16+00:00","dateModified":"2026-04-10T08:45:57+00:00","description":"Kompaktna i lagana Ergobaby Metro3 dje\u010dja kolica za putovanja i grad: automatsko sklapanje, udobnost od ro\u0111enja do 22kg, s 10 godina jamstva.","breadcrumb":{"@id":"https:\/\/najnaj.eu\/fr\/proizvod\/ergobaby-metro-3-djecja-kolica-onyx-black\/#breadcrumb"},"inLanguage":"fr-FR","potentialAction":[{"@type":"ReadAction","target":["https:\/\/najnaj.eu\/fr\/proizvod\/ergobaby-metro-3-djecja-kolica-onyx-black\/"]}]},{"@type":"ImageObject","inLanguage":"fr-FR","@id":"https:\/\/najnaj.eu\/fr\/proizvod\/ergobaby-metro-3-djecja-kolica-onyx-black\/#primaryimage","url":"https:\/\/najnaj.eu\/wp-content\/uploads\/2025\/03\/metro-3-black-prod-05-1.jpg","contentUrl":"https:\/\/najnaj.eu\/wp-content\/uploads\/2025\/03\/metro-3-black-prod-05-1.jpg","width":2400,"height":2400},{"@type":"BreadcrumbList","@id":"https:\/\/najnaj.eu\/fr\/proizvod\/ergobaby-metro-3-djecja-kolica-onyx-black\/#breadcrumb","itemListElement":[{"@type":"ListItem","position":1,"name":"Po\u010detna stranica","item":"https:\/\/najnaj.eu\/fr\/"},{"@type":"ListItem","position":2,"name":"Trgovina","item":"https:\/\/najnaj.hr\/trgovina\/"},{"@type":"ListItem","position":3,"name":"Ergobaby Metro 3 dje\u010dja kolica &#8211; Onyx Black"}]},{"@type":"WebSite","@id":"https:\/\/najnaj.eu\/fr\/#website","url":"https:\/\/najnaj.eu\/fr\/","name":"NajNaj.eu","description":"Za najva\u017enije!","potentialAction":[{"@type":"SearchAction","target":{"@type":"EntryPoint","urlTemplate":"https:\/\/najnaj.eu\/fr\/?s={search_term_string}"},"query-input":{"@type":"PropertyValueSpecification","valueRequired":true,"valueName":"search_term_string"}}],"inLanguage":"fr-FR"}]},"product_brand":"Ergobaby","product_price_amount":"399.90","product_price_currency":"EUR","og_availability":"instock","product_availability":"instock","product_retailer_item_id":"METRO3ONYXEU","product_condition":"new"},"_links":{"self":[{"href":"https:\/\/najnaj.eu\/fr\/wp-json\/wp\/v2\/product\/244365","targetHints":{"allow":["GET"]}}],"collection":[{"href":"https:\/\/najnaj.eu\/fr\/wp-json\/wp\/v2\/product"}],"about":[{"href":"https:\/\/najnaj.eu\/fr\/wp-json\/wp\/v2\/types\/product"}],"replies":[{"embeddable":true,"href":"https:\/\/najnaj.eu\/fr\/wp-json\/wp\/v2\/comments?post=244365"}],"version-history":[{"count":0,"href":"https:\/\/najnaj.eu\/fr\/wp-json\/wp\/v2\/product\/244365\/revisions"}],"wp:featuredmedia":[{"embeddable":true,"href":"https:\/\/najnaj.eu\/fr\/wp-json\/wp\/v2\/media\/244679"}],"wp:attachment":[{"href":"https:\/\/najnaj.eu\/fr\/wp-json\/wp\/v2\/media?parent=244365"}],"wp:term":[{"taxonomy":"product_brand","embeddable":true,"href":"https:\/\/najnaj.eu\/fr\/wp-json\/wp\/v2\/product_brand?post=244365"},{"taxonomy":"product_cat","embeddable":true,"href":"https:\/\/najnaj.eu\/fr\/wp-json\/wp\/v2\/product_cat?post=244365"},{"taxonomy":"product_tag","embeddable":true,"href":"https:\/\/najnaj.eu\/fr\/wp-json\/wp\/v2\/product_tag?post=244365"}],"curies":[{"name":"wp","href":"https:\/\/api.w.org\/{rel}","templated":true}]}}