{"id":243343,"date":"2025-02-28T16:14:04","date_gmt":"2025-02-28T15:14:04","guid":{"rendered":"https:\/\/najnaj.eu\/?post_type=product&#038;p=243343"},"modified":"2026-02-04T09:07:16","modified_gmt":"2026-02-04T08:07:16","slug":"kaos-zastita-protiv-naginjanja-za-recikliranu-djecju-stolicu-cream","status":"publish","type":"product","link":"https:\/\/najnaj.eu\/fr\/proizvod\/kaos-zastita-protiv-naginjanja-za-recikliranu-djecju-stolicu-cream\/","title":{"rendered":"KAOS Za\u0161tita protiv naginjanja za recikliranu dje\u010dju stolicu Cream"},"content":{"rendered":"<p>Napomena: Odaberite pravu vrstu ovisno o vrsti Klapp stolice za hranjenje:<\/p>\n<p>&#8211; Za\u0161tita za Klapp Drvene dje\u010dje stolice<br \/>\n&#8211; Za\u0161tita za Klapp Dje\u010dje stolice od reciklirane plastike<\/p>\n<p>Imajte na umu: Klapp za\u0161tita (i za drvene i za reciklirane stolice) uklju\u010dene su u kutiju sa Setom za novoro\u0111en\u010de.<br \/>\nBez vijaka, bez tragova &#8211; jednostavno stavite za\u0161tite na stra\u017enje noge i sve je spremno.<\/p>\n","protected":false},"excerpt":{"rendered":"<p>Klapp Za\u0161tita protiv naginjanja za Klapp visoku dje\u010dju stolicu. Postavlja se na stra\u017enje noge kako bi se sprije\u010dilo naginjanje i prevrtanje stolice. Dolazi u setu kao par.<\/p>\n","protected":false},"featured_media":243344,"comment_status":"closed","ping_status":"closed","template":"","meta":{"_acf_changed":false,"footnotes":""},"product_brand":[],"product_cat":[579,578,577,652],"product_tag":[],"class_list":{"0":"post-243343","1":"product","2":"type-product","3":"status-publish","4":"has-post-thumbnail","6":"product_cat-dodaci-za-hranilice","7":"product_cat-hranilice","8":"product_cat-hranjenje","9":"product_cat-stolice-za-hranjenje","10":"pa_boja-bez","11":"pa_brand-kaos","12":"pa_hranilica-dodaci-za-hranilice","14":"first","15":"instock","16":"shipping-taxable","17":"purchasable","18":"product-type-simple"},"bundled_by":[],"bundle_stock_status":"instock","bundle_stock_quantity":15,"bundle_virtual":false,"bundle_layout":"","bundle_add_to_cart_form_location":"","bundle_editable_in_cart":false,"bundle_sold_individually_context":"","bundle_item_grouping":"","bundle_min_size":"","bundle_max_size":"","bundle_price":[],"bundled_items":[],"bundle_sell_ids":[],"acf":[],"yoast_head":"<!-- This site is optimized with the Yoast SEO Premium plugin v21.5 (Yoast SEO v27.4) - https:\/\/yoast.com\/product\/yoast-seo-premium-wordpress\/ -->\n<title>KAOS Za\u0161tita protiv naginjanja za recikliranu dje\u010dju stolicu Cream - NajNaj.eu<\/title>\n<meta name=\"robots\" content=\"index, follow, max-snippet:-1, max-image-preview:large, max-video-preview:-1\" \/>\n<link rel=\"canonical\" href=\"https:\/\/najnaj.eu\/fr\/proizvod\/kaos-zastita-protiv-naginjanja-za-recikliranu-djecju-stolicu-cream\/\" \/>\n<meta property=\"og:locale\" content=\"fr_FR\" \/>\n<meta property=\"og:type\" content=\"article\" \/>\n<meta property=\"og:title\" content=\"KAOS Za\u0161tita protiv naginjanja za recikliranu dje\u010dju stolicu Cream\" \/>\n<meta property=\"og:description\" content=\"Klapp Za\u0161tita protiv naginjanja za Klapp visoku dje\u010dju stolicu. Postavlja se na stra\u017enje noge kako bi se sprije\u010dilo naginjanje i prevrtanje stolice. Dolazi u setu kao par.\" \/>\n<meta property=\"og:url\" content=\"https:\/\/najnaj.eu\/fr\/proizvod\/kaos-zastita-protiv-naginjanja-za-recikliranu-djecju-stolicu-cream\/\" \/>\n<meta property=\"og:site_name\" content=\"NajNaj.eu\" \/>\n<meta property=\"article:publisher\" content=\"https:\/\/web.facebook.com\/najnaj.eu\/\" \/>\n<meta property=\"article:modified_time\" content=\"2026-02-04T08:07:16+00:00\" \/>\n<meta property=\"og:image\" content=\"https:\/\/najnaj.eu\/wp-content\/uploads\/2025\/02\/WB-KLA-SLI-REC.jpg\" \/>\n\t<meta property=\"og:image:width\" content=\"2048\" \/>\n\t<meta property=\"og:image:height\" content=\"2048\" \/>\n\t<meta property=\"og:image:type\" content=\"image\/jpeg\" \/>\n<meta name=\"twitter:card\" content=\"summary_large_image\" \/>\n<meta name=\"twitter:label1\" content=\"Prix\" \/>\n\t<meta name=\"twitter:data1\" content=\"9,00&nbsp;&euro;\" \/>\n\t<meta name=\"twitter:label2\" content=\"Disponibilit\u00e9\" \/>\n\t<meta name=\"twitter:data2\" content=\"En stock\" \/>\n<script type=\"application\/ld+json\" class=\"yoast-schema-graph\">{\"@context\":\"https:\\\/\\\/schema.org\",\"@graph\":[{\"@type\":\"WebPage\",\"@id\":\"https:\\\/\\\/najnaj.eu\\\/fr\\\/proizvod\\\/kaos-zastita-protiv-naginjanja-za-recikliranu-djecju-stolicu-cream\\\/\",\"url\":\"https:\\\/\\\/najnaj.eu\\\/fr\\\/proizvod\\\/kaos-zastita-protiv-naginjanja-za-recikliranu-djecju-stolicu-cream\\\/\",\"name\":\"KAOS Za\u0161tita protiv naginjanja za recikliranu dje\u010dju stolicu Cream - NajNaj.eu\",\"isPartOf\":{\"@id\":\"https:\\\/\\\/najnaj.eu\\\/fr\\\/#website\"},\"primaryImageOfPage\":{\"@id\":\"https:\\\/\\\/najnaj.eu\\\/fr\\\/proizvod\\\/kaos-zastita-protiv-naginjanja-za-recikliranu-djecju-stolicu-cream\\\/#primaryimage\"},\"image\":{\"@id\":\"https:\\\/\\\/najnaj.eu\\\/fr\\\/proizvod\\\/kaos-zastita-protiv-naginjanja-za-recikliranu-djecju-stolicu-cream\\\/#primaryimage\"},\"thumbnailUrl\":\"https:\\\/\\\/najnaj.eu\\\/wp-content\\\/uploads\\\/2025\\\/02\\\/WB-KLA-SLI-REC.jpg\",\"datePublished\":\"2025-02-28T15:14:04+00:00\",\"dateModified\":\"2026-02-04T08:07:16+00:00\",\"breadcrumb\":{\"@id\":\"https:\\\/\\\/najnaj.eu\\\/fr\\\/proizvod\\\/kaos-zastita-protiv-naginjanja-za-recikliranu-djecju-stolicu-cream\\\/#breadcrumb\"},\"inLanguage\":\"fr-FR\",\"potentialAction\":[{\"@type\":\"ReadAction\",\"target\":[\"https:\\\/\\\/najnaj.eu\\\/fr\\\/proizvod\\\/kaos-zastita-protiv-naginjanja-za-recikliranu-djecju-stolicu-cream\\\/\"]}]},{\"@type\":\"ImageObject\",\"inLanguage\":\"fr-FR\",\"@id\":\"https:\\\/\\\/najnaj.eu\\\/fr\\\/proizvod\\\/kaos-zastita-protiv-naginjanja-za-recikliranu-djecju-stolicu-cream\\\/#primaryimage\",\"url\":\"https:\\\/\\\/najnaj.eu\\\/wp-content\\\/uploads\\\/2025\\\/02\\\/WB-KLA-SLI-REC.jpg\",\"contentUrl\":\"https:\\\/\\\/najnaj.eu\\\/wp-content\\\/uploads\\\/2025\\\/02\\\/WB-KLA-SLI-REC.jpg\",\"width\":2048,\"height\":2048},{\"@type\":\"BreadcrumbList\",\"@id\":\"https:\\\/\\\/najnaj.eu\\\/fr\\\/proizvod\\\/kaos-zastita-protiv-naginjanja-za-recikliranu-djecju-stolicu-cream\\\/#breadcrumb\",\"itemListElement\":[{\"@type\":\"ListItem\",\"position\":1,\"name\":\"Po\u010detna stranica\",\"item\":\"https:\\\/\\\/najnaj.eu\\\/fr\\\/\"},{\"@type\":\"ListItem\",\"position\":2,\"name\":\"Trgovina\",\"item\":\"https:\\\/\\\/najnaj.hr\\\/trgovina\\\/\"},{\"@type\":\"ListItem\",\"position\":3,\"name\":\"KAOS Za\u0161tita protiv naginjanja za recikliranu dje\u010dju stolicu Cream\"}]},{\"@type\":\"WebSite\",\"@id\":\"https:\\\/\\\/najnaj.eu\\\/fr\\\/#website\",\"url\":\"https:\\\/\\\/najnaj.eu\\\/fr\\\/\",\"name\":\"NajNaj.eu\",\"description\":\"Za najva\u017enije!\",\"potentialAction\":[{\"@type\":\"SearchAction\",\"target\":{\"@type\":\"EntryPoint\",\"urlTemplate\":\"https:\\\/\\\/najnaj.eu\\\/fr\\\/?s={search_term_string}\"},\"query-input\":{\"@type\":\"PropertyValueSpecification\",\"valueRequired\":true,\"valueName\":\"search_term_string\"}}],\"inLanguage\":\"fr-FR\"}]}<\/script>\n<meta property=\"product:brand\" content=\"KAOS\" \/>\n<meta property=\"product:price:amount\" content=\"9.00\" \/>\n<meta property=\"product:price:currency\" content=\"EUR\" \/>\n<meta property=\"og:availability\" content=\"instock\" \/>\n<meta property=\"product:availability\" content=\"instock\" \/>\n<meta property=\"product:retailer_item_id\" content=\"KLA-SLI-REC\" \/>\n<meta property=\"product:condition\" content=\"new\" \/>\n<!-- \/ Yoast SEO Premium plugin. -->","yoast_head_json":{"title":"KAOS Za\u0161tita protiv naginjanja za recikliranu dje\u010dju stolicu Cream - NajNaj.eu","robots":{"index":"index","follow":"follow","max-snippet":"max-snippet:-1","max-image-preview":"max-image-preview:large","max-video-preview":"max-video-preview:-1"},"canonical":"https:\/\/najnaj.eu\/fr\/proizvod\/kaos-zastita-protiv-naginjanja-za-recikliranu-djecju-stolicu-cream\/","og_locale":"fr_FR","og_type":"article","og_title":"KAOS Za\u0161tita protiv naginjanja za recikliranu dje\u010dju stolicu Cream","og_description":"Klapp Za\u0161tita protiv naginjanja za Klapp visoku dje\u010dju stolicu. Postavlja se na stra\u017enje noge kako bi se sprije\u010dilo naginjanje i prevrtanje stolice. Dolazi u setu kao par.","og_url":"https:\/\/najnaj.eu\/fr\/proizvod\/kaos-zastita-protiv-naginjanja-za-recikliranu-djecju-stolicu-cream\/","og_site_name":"NajNaj.eu","article_publisher":"https:\/\/web.facebook.com\/najnaj.eu\/","article_modified_time":"2026-02-04T08:07:16+00:00","og_image":[{"width":2048,"height":2048,"url":"https:\/\/najnaj.eu\/wp-content\/uploads\/2025\/02\/WB-KLA-SLI-REC.jpg","type":"image\/jpeg"}],"twitter_card":"summary_large_image","twitter_misc":{"Prix":"9,00&nbsp;&euro;","Disponibilit\u00e9":"En stock"},"schema":{"@context":"https:\/\/schema.org","@graph":[{"@type":"WebPage","@id":"https:\/\/najnaj.eu\/fr\/proizvod\/kaos-zastita-protiv-naginjanja-za-recikliranu-djecju-stolicu-cream\/","url":"https:\/\/najnaj.eu\/fr\/proizvod\/kaos-zastita-protiv-naginjanja-za-recikliranu-djecju-stolicu-cream\/","name":"KAOS Za\u0161tita protiv naginjanja za recikliranu dje\u010dju stolicu Cream - NajNaj.eu","isPartOf":{"@id":"https:\/\/najnaj.eu\/fr\/#website"},"primaryImageOfPage":{"@id":"https:\/\/najnaj.eu\/fr\/proizvod\/kaos-zastita-protiv-naginjanja-za-recikliranu-djecju-stolicu-cream\/#primaryimage"},"image":{"@id":"https:\/\/najnaj.eu\/fr\/proizvod\/kaos-zastita-protiv-naginjanja-za-recikliranu-djecju-stolicu-cream\/#primaryimage"},"thumbnailUrl":"https:\/\/najnaj.eu\/wp-content\/uploads\/2025\/02\/WB-KLA-SLI-REC.jpg","datePublished":"2025-02-28T15:14:04+00:00","dateModified":"2026-02-04T08:07:16+00:00","breadcrumb":{"@id":"https:\/\/najnaj.eu\/fr\/proizvod\/kaos-zastita-protiv-naginjanja-za-recikliranu-djecju-stolicu-cream\/#breadcrumb"},"inLanguage":"fr-FR","potentialAction":[{"@type":"ReadAction","target":["https:\/\/najnaj.eu\/fr\/proizvod\/kaos-zastita-protiv-naginjanja-za-recikliranu-djecju-stolicu-cream\/"]}]},{"@type":"ImageObject","inLanguage":"fr-FR","@id":"https:\/\/najnaj.eu\/fr\/proizvod\/kaos-zastita-protiv-naginjanja-za-recikliranu-djecju-stolicu-cream\/#primaryimage","url":"https:\/\/najnaj.eu\/wp-content\/uploads\/2025\/02\/WB-KLA-SLI-REC.jpg","contentUrl":"https:\/\/najnaj.eu\/wp-content\/uploads\/2025\/02\/WB-KLA-SLI-REC.jpg","width":2048,"height":2048},{"@type":"BreadcrumbList","@id":"https:\/\/najnaj.eu\/fr\/proizvod\/kaos-zastita-protiv-naginjanja-za-recikliranu-djecju-stolicu-cream\/#breadcrumb","itemListElement":[{"@type":"ListItem","position":1,"name":"Po\u010detna stranica","item":"https:\/\/najnaj.eu\/fr\/"},{"@type":"ListItem","position":2,"name":"Trgovina","item":"https:\/\/najnaj.hr\/trgovina\/"},{"@type":"ListItem","position":3,"name":"KAOS Za\u0161tita protiv naginjanja za recikliranu dje\u010dju stolicu Cream"}]},{"@type":"WebSite","@id":"https:\/\/najnaj.eu\/fr\/#website","url":"https:\/\/najnaj.eu\/fr\/","name":"NajNaj.eu","description":"Za najva\u017enije!","potentialAction":[{"@type":"SearchAction","target":{"@type":"EntryPoint","urlTemplate":"https:\/\/najnaj.eu\/fr\/?s={search_term_string}"},"query-input":{"@type":"PropertyValueSpecification","valueRequired":true,"valueName":"search_term_string"}}],"inLanguage":"fr-FR"}]},"product_brand":"KAOS","product_price_amount":"9.00","product_price_currency":"EUR","og_availability":"instock","product_availability":"instock","product_retailer_item_id":"KLA-SLI-REC","product_condition":"new"},"_links":{"self":[{"href":"https:\/\/najnaj.eu\/fr\/wp-json\/wp\/v2\/product\/243343","targetHints":{"allow":["GET"]}}],"collection":[{"href":"https:\/\/najnaj.eu\/fr\/wp-json\/wp\/v2\/product"}],"about":[{"href":"https:\/\/najnaj.eu\/fr\/wp-json\/wp\/v2\/types\/product"}],"replies":[{"embeddable":true,"href":"https:\/\/najnaj.eu\/fr\/wp-json\/wp\/v2\/comments?post=243343"}],"version-history":[{"count":0,"href":"https:\/\/najnaj.eu\/fr\/wp-json\/wp\/v2\/product\/243343\/revisions"}],"wp:featuredmedia":[{"embeddable":true,"href":"https:\/\/najnaj.eu\/fr\/wp-json\/wp\/v2\/media\/243344"}],"wp:attachment":[{"href":"https:\/\/najnaj.eu\/fr\/wp-json\/wp\/v2\/media?parent=243343"}],"wp:term":[{"taxonomy":"product_brand","embeddable":true,"href":"https:\/\/najnaj.eu\/fr\/wp-json\/wp\/v2\/product_brand?post=243343"},{"taxonomy":"product_cat","embeddable":true,"href":"https:\/\/najnaj.eu\/fr\/wp-json\/wp\/v2\/product_cat?post=243343"},{"taxonomy":"product_tag","embeddable":true,"href":"https:\/\/najnaj.eu\/fr\/wp-json\/wp\/v2\/product_tag?post=243343"}],"curies":[{"name":"wp","href":"https:\/\/api.w.org\/{rel}","templated":true}]}}