{"id":243298,"date":"2025-03-03T08:23:13","date_gmt":"2025-03-03T07:23:13","guid":{"rendered":"https:\/\/najnaj.eu\/?post_type=product&#038;p=243298"},"modified":"2026-03-23T14:23:02","modified_gmt":"2026-03-23T13:23:02","slug":"kaos-klapp-pladanj-ivory-ambalaza","status":"publish","type":"product","link":"https:\/\/najnaj.eu\/fr\/proizvod\/kaos-klapp-pladanj-ivory-ambalaza\/","title":{"rendered":"SNI\u017dENO: KAOS Klapp Pladanj Ivory &#8211; bez originalne ambala\u017ee"},"content":{"rendered":"<p>Kaos Klapp pladanj stavlja sve \u0161to djetetu treba na dohvat ruke. Poma\u017ee djetetu da se lak\u0161e fokusira na stvari na pladnju, umjesto da bude ometeno onim \u0161to se doga\u0111a oko njega.<\/p>\n<p>Klapp pladanj izra\u0111en je od 50% reciklirane ribarske mre\u017ee iz postindustrijskog otpada, zbog \u010dega ima nijansu zelene boje. Odabirom Klapp Pladnja pridonosite sprje\u010davanju one\u010di\u0161\u0107enja plastikom i velikoj iskoristivosti plasti\u010dnog otpada.<br \/>\nKaos pladanj u\u010dvr\u0161\u010duje se na za\u0161titnu ogradicu iz reciklirane plastike, mo\u017ee se reciklirati do 9 puta.<\/p>\n","protected":false},"excerpt":{"rendered":"<p>Kaos pladanj koristi se zajedno sa za\u0161titnom ogradicom, izra\u0111en od 50% reciklirane plastike. Namijenjeno za djecu do 36 mjeseci.<\/p>\n<p><span style=\"color: #800000;\"><strong>Ovaj proizvod je kori\u0161ten u demonstracijske svrhe i sni\u017een je zato \u0161to nema originalnu ambala\u017eu. Proizvod je strukturno potpuno ispravan i siguran za kori\u0161tenje, a za transport \u0107e biti adekvatno za\u0161ti\u0107en.<\/strong><\/span><\/p>\n","protected":false},"featured_media":243303,"comment_status":"closed","ping_status":"closed","template":"","meta":{"_acf_changed":false,"footnotes":""},"product_brand":[],"product_cat":[579,578,577,652],"product_tag":[2220],"class_list":{"0":"post-243298","1":"product","2":"type-product","3":"status-publish","4":"has-post-thumbnail","6":"product_cat-dodaci-za-hranilice","7":"product_cat-hranilice","8":"product_cat-hranjenje","9":"product_cat-stolice-za-hranjenje","10":"product_tag-popust-otvorena-ambalaza","11":"pa_boja-bez","12":"pa_brand-kaos","13":"pa_hranilica-dodaci-za-hranilice","15":"first","16":"instock","17":"sale","18":"shipping-taxable","19":"purchasable","20":"product-type-simple"},"bundled_by":[],"bundle_stock_status":"instock","bundle_stock_quantity":1,"bundle_virtual":false,"bundle_layout":"","bundle_add_to_cart_form_location":"","bundle_editable_in_cart":false,"bundle_sold_individually_context":"","bundle_item_grouping":"","bundle_min_size":"","bundle_max_size":"","bundle_price":[],"bundled_items":[],"bundle_sell_ids":[],"acf":[],"yoast_head":"<!-- This site is optimized with the Yoast SEO Premium plugin v21.5 (Yoast SEO v27.4) - https:\/\/yoast.com\/product\/yoast-seo-premium-wordpress\/ -->\n<title>SNI\u017dENO: KAOS Klapp Pladanj Ivory - bez originalne ambala\u017ee - NajNaj.eu<\/title>\n<meta name=\"robots\" content=\"index, follow, max-snippet:-1, max-image-preview:large, max-video-preview:-1\" \/>\n<link rel=\"canonical\" href=\"https:\/\/najnaj.eu\/fr\/proizvod\/kaos-klapp-pladanj-ivory-ambalaza\/\" \/>\n<meta property=\"og:locale\" content=\"fr_FR\" \/>\n<meta property=\"og:type\" content=\"article\" \/>\n<meta property=\"og:title\" content=\"SNI\u017dENO: KAOS Klapp Pladanj Ivory - bez originalne ambala\u017ee\" \/>\n<meta property=\"og:description\" content=\"Kaos pladanj koristi se zajedno sa za\u0161titnom ogradicom, izra\u0111en od 50% reciklirane plastike. Namijenjeno za djecu do 36 mjeseci.  Ovaj proizvod je kori\u0161ten u demonstracijske svrhe i sni\u017een je zato \u0161to nema originalnu ambala\u017eu. Proizvod je strukturno potpuno ispravan i siguran za kori\u0161tenje, a za transport \u0107e biti adekvatno za\u0161ti\u0107en.\" \/>\n<meta property=\"og:url\" content=\"https:\/\/najnaj.eu\/fr\/proizvod\/kaos-klapp-pladanj-ivory-ambalaza\/\" \/>\n<meta property=\"og:site_name\" content=\"NajNaj.eu\" \/>\n<meta property=\"article:publisher\" content=\"https:\/\/web.facebook.com\/najnaj.eu\/\" \/>\n<meta property=\"article:modified_time\" content=\"2026-03-23T13:23:02+00:00\" \/>\n<meta property=\"og:image\" content=\"https:\/\/najnaj.eu\/wp-content\/uploads\/2025\/02\/DSCF8277.jpg\" \/>\n\t<meta property=\"og:image:width\" content=\"1080\" \/>\n\t<meta property=\"og:image:height\" content=\"1080\" \/>\n\t<meta property=\"og:image:type\" content=\"image\/jpeg\" \/>\n<meta name=\"twitter:card\" content=\"summary_large_image\" \/>\n<meta name=\"twitter:label1\" content=\"Prix\" \/>\n\t<meta name=\"twitter:data1\" content=\"69,00&nbsp;&euro;\" \/>\n\t<meta name=\"twitter:label2\" content=\"Disponibilit\u00e9\" \/>\n\t<meta name=\"twitter:data2\" content=\"En stock\" \/>\n<script type=\"application\/ld+json\" class=\"yoast-schema-graph\">{\"@context\":\"https:\\\/\\\/schema.org\",\"@graph\":[{\"@type\":\"WebPage\",\"@id\":\"https:\\\/\\\/najnaj.eu\\\/fr\\\/proizvod\\\/kaos-klapp-pladanj-ivory-ambalaza\\\/\",\"url\":\"https:\\\/\\\/najnaj.eu\\\/fr\\\/proizvod\\\/kaos-klapp-pladanj-ivory-ambalaza\\\/\",\"name\":\"SNI\u017dENO: KAOS Klapp Pladanj Ivory - bez originalne ambala\u017ee - NajNaj.eu\",\"isPartOf\":{\"@id\":\"https:\\\/\\\/najnaj.eu\\\/fr\\\/#website\"},\"primaryImageOfPage\":{\"@id\":\"https:\\\/\\\/najnaj.eu\\\/fr\\\/proizvod\\\/kaos-klapp-pladanj-ivory-ambalaza\\\/#primaryimage\"},\"image\":{\"@id\":\"https:\\\/\\\/najnaj.eu\\\/fr\\\/proizvod\\\/kaos-klapp-pladanj-ivory-ambalaza\\\/#primaryimage\"},\"thumbnailUrl\":\"https:\\\/\\\/najnaj.eu\\\/wp-content\\\/uploads\\\/2025\\\/02\\\/DSCF8277.jpg\",\"datePublished\":\"2025-03-03T07:23:13+00:00\",\"dateModified\":\"2026-03-23T13:23:02+00:00\",\"breadcrumb\":{\"@id\":\"https:\\\/\\\/najnaj.eu\\\/fr\\\/proizvod\\\/kaos-klapp-pladanj-ivory-ambalaza\\\/#breadcrumb\"},\"inLanguage\":\"fr-FR\",\"potentialAction\":[{\"@type\":\"ReadAction\",\"target\":[\"https:\\\/\\\/najnaj.eu\\\/fr\\\/proizvod\\\/kaos-klapp-pladanj-ivory-ambalaza\\\/\"]}]},{\"@type\":\"ImageObject\",\"inLanguage\":\"fr-FR\",\"@id\":\"https:\\\/\\\/najnaj.eu\\\/fr\\\/proizvod\\\/kaos-klapp-pladanj-ivory-ambalaza\\\/#primaryimage\",\"url\":\"https:\\\/\\\/najnaj.eu\\\/wp-content\\\/uploads\\\/2025\\\/02\\\/DSCF8277.jpg\",\"contentUrl\":\"https:\\\/\\\/najnaj.eu\\\/wp-content\\\/uploads\\\/2025\\\/02\\\/DSCF8277.jpg\",\"width\":1080,\"height\":1080},{\"@type\":\"BreadcrumbList\",\"@id\":\"https:\\\/\\\/najnaj.eu\\\/fr\\\/proizvod\\\/kaos-klapp-pladanj-ivory-ambalaza\\\/#breadcrumb\",\"itemListElement\":[{\"@type\":\"ListItem\",\"position\":1,\"name\":\"Po\u010detna stranica\",\"item\":\"https:\\\/\\\/najnaj.eu\\\/fr\\\/\"},{\"@type\":\"ListItem\",\"position\":2,\"name\":\"Trgovina\",\"item\":\"https:\\\/\\\/najnaj.hr\\\/trgovina\\\/\"},{\"@type\":\"ListItem\",\"position\":3,\"name\":\"SNI\u017dENO: KAOS Klapp Pladanj Ivory &#8211; bez originalne ambala\u017ee\"}]},{\"@type\":\"WebSite\",\"@id\":\"https:\\\/\\\/najnaj.eu\\\/fr\\\/#website\",\"url\":\"https:\\\/\\\/najnaj.eu\\\/fr\\\/\",\"name\":\"NajNaj.eu\",\"description\":\"Za najva\u017enije!\",\"potentialAction\":[{\"@type\":\"SearchAction\",\"target\":{\"@type\":\"EntryPoint\",\"urlTemplate\":\"https:\\\/\\\/najnaj.eu\\\/fr\\\/?s={search_term_string}\"},\"query-input\":{\"@type\":\"PropertyValueSpecification\",\"valueRequired\":true,\"valueName\":\"search_term_string\"}}],\"inLanguage\":\"fr-FR\"}]}<\/script>\n<meta property=\"product:brand\" content=\"KAOS\" \/>\n<meta property=\"product:price:amount\" content=\"69.00\" \/>\n<meta property=\"product:price:currency\" content=\"EUR\" \/>\n<meta property=\"og:availability\" content=\"instock\" \/>\n<meta property=\"product:availability\" content=\"instock\" \/>\n<meta property=\"product:retailer_item_id\" content=\"TRA-PLA-IVO-ambalaza\" \/>\n<meta property=\"product:condition\" content=\"new\" \/>\n<!-- \/ Yoast SEO Premium plugin. -->","yoast_head_json":{"title":"SNI\u017dENO: KAOS Klapp Pladanj Ivory - bez originalne ambala\u017ee - NajNaj.eu","robots":{"index":"index","follow":"follow","max-snippet":"max-snippet:-1","max-image-preview":"max-image-preview:large","max-video-preview":"max-video-preview:-1"},"canonical":"https:\/\/najnaj.eu\/fr\/proizvod\/kaos-klapp-pladanj-ivory-ambalaza\/","og_locale":"fr_FR","og_type":"article","og_title":"SNI\u017dENO: KAOS Klapp Pladanj Ivory - bez originalne ambala\u017ee","og_description":"Kaos pladanj koristi se zajedno sa za\u0161titnom ogradicom, izra\u0111en od 50% reciklirane plastike. Namijenjeno za djecu do 36 mjeseci.  Ovaj proizvod je kori\u0161ten u demonstracijske svrhe i sni\u017een je zato \u0161to nema originalnu ambala\u017eu. Proizvod je strukturno potpuno ispravan i siguran za kori\u0161tenje, a za transport \u0107e biti adekvatno za\u0161ti\u0107en.","og_url":"https:\/\/najnaj.eu\/fr\/proizvod\/kaos-klapp-pladanj-ivory-ambalaza\/","og_site_name":"NajNaj.eu","article_publisher":"https:\/\/web.facebook.com\/najnaj.eu\/","article_modified_time":"2026-03-23T13:23:02+00:00","og_image":[{"width":1080,"height":1080,"url":"https:\/\/najnaj.eu\/wp-content\/uploads\/2025\/02\/DSCF8277.jpg","type":"image\/jpeg"}],"twitter_card":"summary_large_image","twitter_misc":{"Prix":"69,00&nbsp;&euro;","Disponibilit\u00e9":"En stock"},"schema":{"@context":"https:\/\/schema.org","@graph":[{"@type":"WebPage","@id":"https:\/\/najnaj.eu\/fr\/proizvod\/kaos-klapp-pladanj-ivory-ambalaza\/","url":"https:\/\/najnaj.eu\/fr\/proizvod\/kaos-klapp-pladanj-ivory-ambalaza\/","name":"SNI\u017dENO: KAOS Klapp Pladanj Ivory - bez originalne ambala\u017ee - NajNaj.eu","isPartOf":{"@id":"https:\/\/najnaj.eu\/fr\/#website"},"primaryImageOfPage":{"@id":"https:\/\/najnaj.eu\/fr\/proizvod\/kaos-klapp-pladanj-ivory-ambalaza\/#primaryimage"},"image":{"@id":"https:\/\/najnaj.eu\/fr\/proizvod\/kaos-klapp-pladanj-ivory-ambalaza\/#primaryimage"},"thumbnailUrl":"https:\/\/najnaj.eu\/wp-content\/uploads\/2025\/02\/DSCF8277.jpg","datePublished":"2025-03-03T07:23:13+00:00","dateModified":"2026-03-23T13:23:02+00:00","breadcrumb":{"@id":"https:\/\/najnaj.eu\/fr\/proizvod\/kaos-klapp-pladanj-ivory-ambalaza\/#breadcrumb"},"inLanguage":"fr-FR","potentialAction":[{"@type":"ReadAction","target":["https:\/\/najnaj.eu\/fr\/proizvod\/kaos-klapp-pladanj-ivory-ambalaza\/"]}]},{"@type":"ImageObject","inLanguage":"fr-FR","@id":"https:\/\/najnaj.eu\/fr\/proizvod\/kaos-klapp-pladanj-ivory-ambalaza\/#primaryimage","url":"https:\/\/najnaj.eu\/wp-content\/uploads\/2025\/02\/DSCF8277.jpg","contentUrl":"https:\/\/najnaj.eu\/wp-content\/uploads\/2025\/02\/DSCF8277.jpg","width":1080,"height":1080},{"@type":"BreadcrumbList","@id":"https:\/\/najnaj.eu\/fr\/proizvod\/kaos-klapp-pladanj-ivory-ambalaza\/#breadcrumb","itemListElement":[{"@type":"ListItem","position":1,"name":"Po\u010detna stranica","item":"https:\/\/najnaj.eu\/fr\/"},{"@type":"ListItem","position":2,"name":"Trgovina","item":"https:\/\/najnaj.hr\/trgovina\/"},{"@type":"ListItem","position":3,"name":"SNI\u017dENO: KAOS Klapp Pladanj Ivory &#8211; bez originalne ambala\u017ee"}]},{"@type":"WebSite","@id":"https:\/\/najnaj.eu\/fr\/#website","url":"https:\/\/najnaj.eu\/fr\/","name":"NajNaj.eu","description":"Za najva\u017enije!","potentialAction":[{"@type":"SearchAction","target":{"@type":"EntryPoint","urlTemplate":"https:\/\/najnaj.eu\/fr\/?s={search_term_string}"},"query-input":{"@type":"PropertyValueSpecification","valueRequired":true,"valueName":"search_term_string"}}],"inLanguage":"fr-FR"}]},"product_brand":"KAOS","product_price_amount":"69.00","product_price_currency":"EUR","og_availability":"instock","product_availability":"instock","product_retailer_item_id":"TRA-PLA-IVO-ambalaza","product_condition":"new"},"_links":{"self":[{"href":"https:\/\/najnaj.eu\/fr\/wp-json\/wp\/v2\/product\/243298","targetHints":{"allow":["GET"]}}],"collection":[{"href":"https:\/\/najnaj.eu\/fr\/wp-json\/wp\/v2\/product"}],"about":[{"href":"https:\/\/najnaj.eu\/fr\/wp-json\/wp\/v2\/types\/product"}],"replies":[{"embeddable":true,"href":"https:\/\/najnaj.eu\/fr\/wp-json\/wp\/v2\/comments?post=243298"}],"version-history":[{"count":0,"href":"https:\/\/najnaj.eu\/fr\/wp-json\/wp\/v2\/product\/243298\/revisions"}],"wp:featuredmedia":[{"embeddable":true,"href":"https:\/\/najnaj.eu\/fr\/wp-json\/wp\/v2\/media\/243303"}],"wp:attachment":[{"href":"https:\/\/najnaj.eu\/fr\/wp-json\/wp\/v2\/media?parent=243298"}],"wp:term":[{"taxonomy":"product_brand","embeddable":true,"href":"https:\/\/najnaj.eu\/fr\/wp-json\/wp\/v2\/product_brand?post=243298"},{"taxonomy":"product_cat","embeddable":true,"href":"https:\/\/najnaj.eu\/fr\/wp-json\/wp\/v2\/product_cat?post=243298"},{"taxonomy":"product_tag","embeddable":true,"href":"https:\/\/najnaj.eu\/fr\/wp-json\/wp\/v2\/product_tag?post=243298"}],"curies":[{"name":"wp","href":"https:\/\/api.w.org\/{rel}","templated":true}]}}