{"id":243224,"date":"2025-03-01T15:30:03","date_gmt":"2025-03-01T14:30:03","guid":{"rendered":"https:\/\/najnaj.eu\/?post_type=product&#038;p=243224"},"modified":"2026-03-23T14:23:24","modified_gmt":"2026-03-23T13:23:24","slug":"kaos-klapp-set-za-novorodence-ivory-ambalaza","status":"publish","type":"product","link":"https:\/\/najnaj.eu\/fr\/proizvod\/kaos-klapp-set-za-novorodence-ivory-ambalaza\/","title":{"rendered":"SNI\u017dENO: KAOS Klapp Set za novoro\u0111en\u010de Ivory &#8211; bez originalne ambala\u017ee"},"content":{"rendered":"<p>Kaos Klapp Set za novoro\u0111en\u010de savr\u0161en je dodatak ako \u017eelite uklju\u010diti bebu oko stola za blagovanje od prvog dana.<\/p>\n<p>Set za novoro\u0111en\u010de jednostavan je za postavljanje i uklanjanje, te se pri\u010dvr\u0161\u0107uje na naslon Kaos Klapp hranilice. Dolazi s podstavljenim jastukom i sigurnosnim pojasom s 5 to\u010daka, ve\u0107 sastavljenim u kutiji i parom za\u0161titnih nastavaka za stra\u017enje noge stolice, koje spre\u010davaju naginjanje stolice.<\/p>\n<p>Klapp Set za novoro\u0111en\u010de izra\u0111en je od 50% reciklirane plastike iz postindustrijskog ili pretpotro\u0161a\u010dkog otpada. Odabirom Klapp Seta za novoro\u0111en\u010de pridonosite smanjenju plasti\u010dnog otpada koji bi ina\u010de mogao zavr\u0161iti na odlagali\u0161tima.<\/p>\n","protected":false},"excerpt":{"rendered":"<p>Kaos Set za novoro\u0111en\u010de koristi se od ro\u0111enja do 9 kg.<br \/>\nKAOS Klapp Set za novoro\u0111en\u010de kompatibilan je s visokom dje\u010djom stolicom Klapp i izra\u0111en je od reciklirane plastike iz postindustrijskog ili pretpotro\u0161a\u010dkog otpada, zadr\u017eavaju\u0107i 40% ni\u017eu emisiju CO2 u proizvodnji.<\/p>\n<p>U setu za novoro\u0111en\u010de dolaze i <a href=\"https:\/\/najnaj.eu\/proizvod\/kaos-zastita-protiv-naginjanja-za-recikliranu-djecju-stolicu-cream\/\">za\u0161tite protiv naginjanja<\/a> koje se stavljaju na stra\u017enje noge stolice.<\/p>\n<p><a href=\"https:\/\/najnaj.eu\/?s=dje%C4%8Dja+stolica&amp;post_type=product\" target=\"_blank\" rel=\"noopener\">KAOS Klapp visoka dje\u010dja stolica<\/a> kupuje se zasebno.<\/p>\n<p><span style=\"color: #800000;\"><strong>Ovaj proizvod je kori\u0161ten u demonstracijske svrhe i sni\u017een je zato \u0161to nema originalnu ambala\u017eu. Proizvod je strukturno potpuno ispravan i siguran za kori\u0161tenje, a za transport \u0107e biti adekvatno za\u0161ti\u0107en.<\/strong><\/span><\/p>\n","protected":false},"featured_media":243232,"comment_status":"closed","ping_status":"closed","template":"","meta":{"_acf_changed":false,"footnotes":""},"product_brand":[],"product_cat":[1169,1168,1167,1177],"product_tag":[2224],"class_list":{"0":"post-243224","1":"product","2":"type-product","3":"status-publish","4":"has-post-thumbnail","6":"product_cat-dodaci-za-hranilice-sl","7":"product_cat-hranilice-sl","8":"product_cat-hranjenje-sl","9":"product_cat-stolice-za-hranjenje-sl","10":"product_tag-popust-odprite-embalazo","11":"pa_boja-bez-sl","12":"pa_brand-kaos-sl","13":"pa_hranilica-dodatki-za-otroski-stolcek","14":"pa_hranilica-otroski-stolcek","16":"first","17":"instock","18":"sale","19":"shipping-taxable","20":"purchasable","21":"product-type-simple"},"bundled_by":[],"bundle_stock_status":"instock","bundle_stock_quantity":1,"bundle_virtual":false,"bundle_layout":"","bundle_add_to_cart_form_location":"","bundle_editable_in_cart":false,"bundle_sold_individually_context":"","bundle_item_grouping":"","bundle_min_size":"","bundle_max_size":"","bundle_price":[],"bundled_items":[],"bundle_sell_ids":[],"acf":[],"yoast_head":"<!-- This site is optimized with the Yoast SEO Premium plugin v21.5 (Yoast SEO v27.4) - https:\/\/yoast.com\/product\/yoast-seo-premium-wordpress\/ -->\n<title>SNI\u017dENO: KAOS Klapp Set za novoro\u0111en\u010de Ivory - bez originalne ambala\u017ee - NajNaj.eu<\/title>\n<meta name=\"robots\" content=\"index, follow, max-snippet:-1, max-image-preview:large, max-video-preview:-1\" \/>\n<link rel=\"canonical\" href=\"https:\/\/najnaj.eu\/fr\/proizvod\/kaos-klapp-set-za-novorodence-ivory-ambalaza\/\" \/>\n<meta property=\"og:locale\" content=\"fr_FR\" \/>\n<meta property=\"og:type\" content=\"article\" \/>\n<meta property=\"og:title\" content=\"SNI\u017dENO: KAOS Klapp Set za novoro\u0111en\u010de Ivory - bez originalne ambala\u017ee\" \/>\n<meta property=\"og:description\" content=\"Kaos Set za novoro\u0111en\u010de koristi se od ro\u0111enja do 9 kg. KAOS Klapp Set za novoro\u0111en\u010de kompatibilan je s visokom dje\u010djom stolicom Klapp i izra\u0111en je od reciklirane plastike iz postindustrijskog ili pretpotro\u0161a\u010dkog otpada, zadr\u017eavaju\u0107i 40% ni\u017eu emisiju CO2 u proizvodnji.  U setu za novoro\u0111en\u010de dolaze i za\u0161tite protiv naginjanja koje se stavljaju na stra\u017enje noge stolice.  KAOS Klapp visoka dje\u010dja stolica kupuje se zasebno.  Ovaj proizvod je kori\u0161ten u demonstracijske svrhe i sni\u017een je zato \u0161to nema originalnu ambala\u017eu. Proizvod je strukturno potpuno ispravan i siguran za kori\u0161tenje, a za transport \u0107e biti adekvatno za\u0161ti\u0107en.\" \/>\n<meta property=\"og:url\" content=\"https:\/\/najnaj.eu\/fr\/proizvod\/kaos-klapp-set-za-novorodence-ivory-ambalaza\/\" \/>\n<meta property=\"og:site_name\" content=\"NajNaj.eu\" \/>\n<meta property=\"article:publisher\" content=\"https:\/\/web.facebook.com\/najnaj.eu\/\" \/>\n<meta property=\"article:modified_time\" content=\"2026-03-23T13:23:24+00:00\" \/>\n<meta property=\"og:image\" content=\"https:\/\/najnaj.eu\/wp-content\/uploads\/2025\/02\/KLA-BAB-SEA-IVO-4.jpg\" \/>\n\t<meta property=\"og:image:width\" content=\"2048\" \/>\n\t<meta property=\"og:image:height\" content=\"2048\" \/>\n\t<meta property=\"og:image:type\" content=\"image\/jpeg\" \/>\n<meta name=\"twitter:card\" content=\"summary_large_image\" \/>\n<meta name=\"twitter:label1\" content=\"Prix\" \/>\n\t<meta name=\"twitter:data1\" content=\"129,00&nbsp;&euro;\" \/>\n\t<meta name=\"twitter:label2\" content=\"Disponibilit\u00e9\" \/>\n\t<meta name=\"twitter:data2\" content=\"En stock\" \/>\n<script type=\"application\/ld+json\" class=\"yoast-schema-graph\">{\"@context\":\"https:\\\/\\\/schema.org\",\"@graph\":[{\"@type\":\"WebPage\",\"@id\":\"https:\\\/\\\/najnaj.eu\\\/fr\\\/proizvod\\\/kaos-klapp-set-za-novorodence-ivory-ambalaza\\\/\",\"url\":\"https:\\\/\\\/najnaj.eu\\\/fr\\\/proizvod\\\/kaos-klapp-set-za-novorodence-ivory-ambalaza\\\/\",\"name\":\"SNI\u017dENO: KAOS Klapp Set za novoro\u0111en\u010de Ivory - bez originalne ambala\u017ee - NajNaj.eu\",\"isPartOf\":{\"@id\":\"https:\\\/\\\/najnaj.eu\\\/fr\\\/#website\"},\"primaryImageOfPage\":{\"@id\":\"https:\\\/\\\/najnaj.eu\\\/fr\\\/proizvod\\\/kaos-klapp-set-za-novorodence-ivory-ambalaza\\\/#primaryimage\"},\"image\":{\"@id\":\"https:\\\/\\\/najnaj.eu\\\/fr\\\/proizvod\\\/kaos-klapp-set-za-novorodence-ivory-ambalaza\\\/#primaryimage\"},\"thumbnailUrl\":\"https:\\\/\\\/najnaj.eu\\\/wp-content\\\/uploads\\\/2025\\\/02\\\/KLA-BAB-SEA-IVO-4.jpg\",\"datePublished\":\"2025-03-01T14:30:03+00:00\",\"dateModified\":\"2026-03-23T13:23:24+00:00\",\"breadcrumb\":{\"@id\":\"https:\\\/\\\/najnaj.eu\\\/fr\\\/proizvod\\\/kaos-klapp-set-za-novorodence-ivory-ambalaza\\\/#breadcrumb\"},\"inLanguage\":\"fr-FR\",\"potentialAction\":[{\"@type\":\"ReadAction\",\"target\":[\"https:\\\/\\\/najnaj.eu\\\/fr\\\/proizvod\\\/kaos-klapp-set-za-novorodence-ivory-ambalaza\\\/\"]}]},{\"@type\":\"ImageObject\",\"inLanguage\":\"fr-FR\",\"@id\":\"https:\\\/\\\/najnaj.eu\\\/fr\\\/proizvod\\\/kaos-klapp-set-za-novorodence-ivory-ambalaza\\\/#primaryimage\",\"url\":\"https:\\\/\\\/najnaj.eu\\\/wp-content\\\/uploads\\\/2025\\\/02\\\/KLA-BAB-SEA-IVO-4.jpg\",\"contentUrl\":\"https:\\\/\\\/najnaj.eu\\\/wp-content\\\/uploads\\\/2025\\\/02\\\/KLA-BAB-SEA-IVO-4.jpg\",\"width\":2048,\"height\":2048},{\"@type\":\"BreadcrumbList\",\"@id\":\"https:\\\/\\\/najnaj.eu\\\/fr\\\/proizvod\\\/kaos-klapp-set-za-novorodence-ivory-ambalaza\\\/#breadcrumb\",\"itemListElement\":[{\"@type\":\"ListItem\",\"position\":1,\"name\":\"Po\u010detna stranica\",\"item\":\"https:\\\/\\\/najnaj.eu\\\/fr\\\/\"},{\"@type\":\"ListItem\",\"position\":2,\"name\":\"Trgovina\",\"item\":\"https:\\\/\\\/najnaj.hr\\\/trgovina\\\/\"},{\"@type\":\"ListItem\",\"position\":3,\"name\":\"SNI\u017dENO: KAOS Klapp Set za novoro\u0111en\u010de Ivory &#8211; bez originalne ambala\u017ee\"}]},{\"@type\":\"WebSite\",\"@id\":\"https:\\\/\\\/najnaj.eu\\\/fr\\\/#website\",\"url\":\"https:\\\/\\\/najnaj.eu\\\/fr\\\/\",\"name\":\"NajNaj.eu\",\"description\":\"Za najva\u017enije!\",\"potentialAction\":[{\"@type\":\"SearchAction\",\"target\":{\"@type\":\"EntryPoint\",\"urlTemplate\":\"https:\\\/\\\/najnaj.eu\\\/fr\\\/?s={search_term_string}\"},\"query-input\":{\"@type\":\"PropertyValueSpecification\",\"valueRequired\":true,\"valueName\":\"search_term_string\"}}],\"inLanguage\":\"fr-FR\"}]}<\/script>\n<meta property=\"product:brand\" content=\"KAOS\" \/>\n<meta property=\"product:price:amount\" content=\"129.00\" \/>\n<meta property=\"product:price:currency\" content=\"EUR\" \/>\n<meta property=\"og:availability\" content=\"instock\" \/>\n<meta property=\"product:availability\" content=\"instock\" \/>\n<meta property=\"product:retailer_item_id\" content=\"KLA-BAB-SEA-IVO-ambalaza\" \/>\n<meta property=\"product:condition\" content=\"new\" \/>\n<!-- \/ Yoast SEO Premium plugin. -->","yoast_head_json":{"title":"SNI\u017dENO: KAOS Klapp Set za novoro\u0111en\u010de Ivory - bez originalne ambala\u017ee - NajNaj.eu","robots":{"index":"index","follow":"follow","max-snippet":"max-snippet:-1","max-image-preview":"max-image-preview:large","max-video-preview":"max-video-preview:-1"},"canonical":"https:\/\/najnaj.eu\/fr\/proizvod\/kaos-klapp-set-za-novorodence-ivory-ambalaza\/","og_locale":"fr_FR","og_type":"article","og_title":"SNI\u017dENO: KAOS Klapp Set za novoro\u0111en\u010de Ivory - bez originalne ambala\u017ee","og_description":"Kaos Set za novoro\u0111en\u010de koristi se od ro\u0111enja do 9 kg. KAOS Klapp Set za novoro\u0111en\u010de kompatibilan je s visokom dje\u010djom stolicom Klapp i izra\u0111en je od reciklirane plastike iz postindustrijskog ili pretpotro\u0161a\u010dkog otpada, zadr\u017eavaju\u0107i 40% ni\u017eu emisiju CO2 u proizvodnji.  U setu za novoro\u0111en\u010de dolaze i za\u0161tite protiv naginjanja koje se stavljaju na stra\u017enje noge stolice.  KAOS Klapp visoka dje\u010dja stolica kupuje se zasebno.  Ovaj proizvod je kori\u0161ten u demonstracijske svrhe i sni\u017een je zato \u0161to nema originalnu ambala\u017eu. Proizvod je strukturno potpuno ispravan i siguran za kori\u0161tenje, a za transport \u0107e biti adekvatno za\u0161ti\u0107en.","og_url":"https:\/\/najnaj.eu\/fr\/proizvod\/kaos-klapp-set-za-novorodence-ivory-ambalaza\/","og_site_name":"NajNaj.eu","article_publisher":"https:\/\/web.facebook.com\/najnaj.eu\/","article_modified_time":"2026-03-23T13:23:24+00:00","og_image":[{"width":2048,"height":2048,"url":"https:\/\/najnaj.eu\/wp-content\/uploads\/2025\/02\/KLA-BAB-SEA-IVO-4.jpg","type":"image\/jpeg"}],"twitter_card":"summary_large_image","twitter_misc":{"Prix":"129,00&nbsp;&euro;","Disponibilit\u00e9":"En stock"},"schema":{"@context":"https:\/\/schema.org","@graph":[{"@type":"WebPage","@id":"https:\/\/najnaj.eu\/fr\/proizvod\/kaos-klapp-set-za-novorodence-ivory-ambalaza\/","url":"https:\/\/najnaj.eu\/fr\/proizvod\/kaos-klapp-set-za-novorodence-ivory-ambalaza\/","name":"SNI\u017dENO: KAOS Klapp Set za novoro\u0111en\u010de Ivory - bez originalne ambala\u017ee - NajNaj.eu","isPartOf":{"@id":"https:\/\/najnaj.eu\/fr\/#website"},"primaryImageOfPage":{"@id":"https:\/\/najnaj.eu\/fr\/proizvod\/kaos-klapp-set-za-novorodence-ivory-ambalaza\/#primaryimage"},"image":{"@id":"https:\/\/najnaj.eu\/fr\/proizvod\/kaos-klapp-set-za-novorodence-ivory-ambalaza\/#primaryimage"},"thumbnailUrl":"https:\/\/najnaj.eu\/wp-content\/uploads\/2025\/02\/KLA-BAB-SEA-IVO-4.jpg","datePublished":"2025-03-01T14:30:03+00:00","dateModified":"2026-03-23T13:23:24+00:00","breadcrumb":{"@id":"https:\/\/najnaj.eu\/fr\/proizvod\/kaos-klapp-set-za-novorodence-ivory-ambalaza\/#breadcrumb"},"inLanguage":"fr-FR","potentialAction":[{"@type":"ReadAction","target":["https:\/\/najnaj.eu\/fr\/proizvod\/kaos-klapp-set-za-novorodence-ivory-ambalaza\/"]}]},{"@type":"ImageObject","inLanguage":"fr-FR","@id":"https:\/\/najnaj.eu\/fr\/proizvod\/kaos-klapp-set-za-novorodence-ivory-ambalaza\/#primaryimage","url":"https:\/\/najnaj.eu\/wp-content\/uploads\/2025\/02\/KLA-BAB-SEA-IVO-4.jpg","contentUrl":"https:\/\/najnaj.eu\/wp-content\/uploads\/2025\/02\/KLA-BAB-SEA-IVO-4.jpg","width":2048,"height":2048},{"@type":"BreadcrumbList","@id":"https:\/\/najnaj.eu\/fr\/proizvod\/kaos-klapp-set-za-novorodence-ivory-ambalaza\/#breadcrumb","itemListElement":[{"@type":"ListItem","position":1,"name":"Po\u010detna stranica","item":"https:\/\/najnaj.eu\/fr\/"},{"@type":"ListItem","position":2,"name":"Trgovina","item":"https:\/\/najnaj.hr\/trgovina\/"},{"@type":"ListItem","position":3,"name":"SNI\u017dENO: KAOS Klapp Set za novoro\u0111en\u010de Ivory &#8211; bez originalne ambala\u017ee"}]},{"@type":"WebSite","@id":"https:\/\/najnaj.eu\/fr\/#website","url":"https:\/\/najnaj.eu\/fr\/","name":"NajNaj.eu","description":"Za najva\u017enije!","potentialAction":[{"@type":"SearchAction","target":{"@type":"EntryPoint","urlTemplate":"https:\/\/najnaj.eu\/fr\/?s={search_term_string}"},"query-input":{"@type":"PropertyValueSpecification","valueRequired":true,"valueName":"search_term_string"}}],"inLanguage":"fr-FR"}]},"product_brand":"KAOS","product_price_amount":"129.00","product_price_currency":"EUR","og_availability":"instock","product_availability":"instock","product_retailer_item_id":"KLA-BAB-SEA-IVO-ambalaza","product_condition":"new"},"_links":{"self":[{"href":"https:\/\/najnaj.eu\/fr\/wp-json\/wp\/v2\/product\/243224","targetHints":{"allow":["GET"]}}],"collection":[{"href":"https:\/\/najnaj.eu\/fr\/wp-json\/wp\/v2\/product"}],"about":[{"href":"https:\/\/najnaj.eu\/fr\/wp-json\/wp\/v2\/types\/product"}],"replies":[{"embeddable":true,"href":"https:\/\/najnaj.eu\/fr\/wp-json\/wp\/v2\/comments?post=243224"}],"version-history":[{"count":0,"href":"https:\/\/najnaj.eu\/fr\/wp-json\/wp\/v2\/product\/243224\/revisions"}],"wp:featuredmedia":[{"embeddable":true,"href":"https:\/\/najnaj.eu\/fr\/wp-json\/wp\/v2\/media\/243232"}],"wp:attachment":[{"href":"https:\/\/najnaj.eu\/fr\/wp-json\/wp\/v2\/media?parent=243224"}],"wp:term":[{"taxonomy":"product_brand","embeddable":true,"href":"https:\/\/najnaj.eu\/fr\/wp-json\/wp\/v2\/product_brand?post=243224"},{"taxonomy":"product_cat","embeddable":true,"href":"https:\/\/najnaj.eu\/fr\/wp-json\/wp\/v2\/product_cat?post=243224"},{"taxonomy":"product_tag","embeddable":true,"href":"https:\/\/najnaj.eu\/fr\/wp-json\/wp\/v2\/product_tag?post=243224"}],"curies":[{"name":"wp","href":"https:\/\/api.w.org\/{rel}","templated":true}]}}