{"id":243037,"date":"2025-03-03T08:28:44","date_gmt":"2025-03-03T07:28:44","guid":{"rendered":"https:\/\/najnaj.eu\/?post_type=product&#038;p=243037"},"modified":"2026-02-04T09:05:32","modified_gmt":"2026-02-04T08:05:32","slug":"kaos-klapp-djecja-stolica-hrast-black","status":"publish","type":"product","link":"https:\/\/najnaj.eu\/fr\/proizvod\/kaos-klapp-djecja-stolica-hrast-black\/","title":{"rendered":"KAOS Klapp Dje\u010dja stolica Hrast Black"},"content":{"rendered":"<p>Kaos Klapp dje\u010dja stolica &#8211; Savr\u0161en spoj udobnosti i funkcionalnosti za va\u0161e dijete. Kaos dje\u010dja stolica izra\u0111ena je od visokokvalitetnog drva, \u0161to osigurava dugotrajan i siguran proizvod za svakodnevnu upotrebu. Dizajnirana za najmla\u0111e, Kaos hranilica pru\u017ea stabilnost i udobnost tijekom obroka ili igre, te je vrlo jednostavna za odr\u017eavanje.<\/p>\n<p>Minimalisti\u010dki i moderan dizajn, te nekoliko raznih boja Kaos dje\u010dje hranilice osigurat \u0107e uklapanje u svaki interijer. Pored toga, hranilica je vrlo lagana, prenosiva i jednostavna za prilagodbu.<\/p>\n<p>Kaos dje\u010dja stolica predstavlja savr\u0161en izbor za roditelje koji \u017eele kombinaciju stila, kvalitete i sigurnosti.<\/p>\n<p><strong>Zna\u010dajke:<\/strong><br \/>\n\u2013 Visoka dje\u010dja stolica za cijelo djetinjstvo<br \/>\n\u2013 Uz\u00a0<a href=\"https:\/\/najnaj.eu\/proizvod\/kaos-klapp-set-za-novorodence-ivory\/\">Set za novoro\u0111en\u010de<\/a>\u00a0mo\u017ee se koristiti od ro\u0111enja do 6 mjeseci ili maksimalne te\u017eine 9kg<br \/>\n\u2013 Kada se koristi kao visoka stolica u kombinaciji s KAOS KLAPP za\u0161titnom ogradicom, ovaj proizvod je namijenjen djeci koja mogu samostalno sjediti, do 3 godine starosti ili maksimalne te\u017eine od 15 kg<br \/>\n\u2013 Bez dodataka se mo\u017ee nastaviti koristiti kao stolica nosivosti do 110kg<br \/>\n&#8211; Dolazi potpuno sastavljena<br \/>\n&#8211; Nije potrebno pode\u0161avanje<br \/>\n&#8211; Lako odr\u017eavanje i \u010di\u0161\u0107enje<br \/>\n&#8211; \u010cvrsto drvo za dugotrajan vijek trajanja<br \/>\n&#8211; Prilagodljiv dizajn koji raste s va\u0161im djetetom<br \/>\n&#8211; Lagana i jednostavna za premje\u0161tanje<br \/>\n&#8211; Moderan dizajn koji se uklapa u svaki prostor<\/p>\n<p>Sigurna, prakti\u010dna i elegantna, Kaos dje\u010dja stolica bit \u0107e savr\u0161en dodatak za va\u0161 dom.<\/p>\n<p>KAOS KLAPP\u00ae je moderna dizajnerska klasika, razvijena da djeci svih uzrasta omogu\u0107i prirodan i aktivan polo\u017eaj sjedenja. Inspirirana stepenicama, KLAPP\u00ae omogu\u0107ava djeci da automatski prona\u0111u ergonomski polo\u017eaj sa stabilnom potporom za stopala \u2013 bez potrebe za pode\u0161avanjima. Od novoro\u0111en\u010deta uz KLAPP\u00ae Set za novoro\u0111en\u010de, do bebe s KLAPP\u00ae Za\u0161titnom ogradicom i kroz djetinjstvo sve do 110 kg.<\/p>\n<p><strong><a href=\"https:\/\/najnaj.eu\/kategorija-proizvoda\/hranjenje\/dodaci-za-hranilice\/\" target=\"_blank\" rel=\"noopener\">Dostupni dodaci<\/a><\/strong>(kupuju se odvojeno):<br \/>\n&#8211; Set za novoro\u0111en\u010de 0-9 kg<br \/>\n&#8211; Sigurnosna ogradica za djecu 0-36 mj.<br \/>\n&#8211; Sigurnosni pojas (do 36 mj.)<br \/>\n&#8211; Pladanj<br \/>\n&#8211; Set jastu\u010di\u0107a<br \/>\n&#8211; Za\u0161tita protiv naginjanja<br \/>\n&#8211; Zidna kuka<\/p>\n<p><strong>Sklopiva<\/strong><br \/>\nKAOS KLAPP\u00ae hranilica lako se sklapa i mo\u017ee se pohraniti kada se ne koristi \u2013 ili ponijeti sa sobom na putovanja.<\/p>\n<p><strong>Spremna za upotrebu odmah iz kutije<\/strong><br \/>\nKAOS KLAPP\u00ae hranilica dolazi potpuno sastavljena. Jednostavno rasklopite noge, kliknite sjede\u010di dio u zaklju\u010dani polo\u017eaj i stolica je spremna za upotrebu. Nema potrebe za pode\u0161avanjima, a lako je odr\u017eavati \u010disto\u0107u.<\/p>\n<p><strong>Nagra\u0111ivana<\/strong><br \/>\nPrepoznata zbog svog bezvremenskog dizajna i inovativne funkcionalnosti, KAOS KLAPP\u00ae dizajnirao je nagra\u0111ivani norve\u0161ki dizajner proizvoda Ole Petter Wullum. Dje\u010dja stolica koja spaja skandinavsku estetiku, odr\u017eivost i pametni in\u017eenjering \u2013 izgra\u0111ena da traje kroz generacije.<\/p>\n<p><strong>\u0160to je u kutiji?<br \/>\n<\/strong>KAOS KLAPP\u00ae visoka stolica \u2013 spremna za upotrebu.<br \/>\nNema potrebe za sastavljanjem \u2013 jednostavno rasklopite noge, kliknite sjedalo u zaklju\u010dani polo\u017eaj i KAOS KLAPP\u00ae je spreman za kori\u0161tenje!<br \/>\n<a href=\"https:\/\/najnaj.eu\/kategorija-proizvoda\/hranjenje\/dodaci-za-hranilice\/\" target=\"_blank\" rel=\"noopener\">Dodatci<\/a> se kupuju zasebno.<\/p>\n<p><img loading=\"lazy\" decoding=\"async\" class=\"aligncenter wp-image-257757 size-large\" src=\"https:\/\/najnaj.eu\/wp-content\/uploads\/2025\/03\/KLA-OAK-BLA-7-1024x1024.jpg\" alt=\"\" width=\"980\" height=\"980\" srcset=\"https:\/\/najnaj.eu\/wp-content\/uploads\/2025\/03\/KLA-OAK-BLA-7-1024x1024.jpg 1024w, https:\/\/najnaj.eu\/wp-content\/uploads\/2025\/03\/KLA-OAK-BLA-7-324x324.jpg 324w, https:\/\/najnaj.eu\/wp-content\/uploads\/2025\/03\/KLA-OAK-BLA-7-100x100.jpg 100w, https:\/\/najnaj.eu\/wp-content\/uploads\/2025\/03\/KLA-OAK-BLA-7-1200x1200.jpg 1200w, https:\/\/najnaj.eu\/wp-content\/uploads\/2025\/03\/KLA-OAK-BLA-7-300x300.jpg 300w, https:\/\/najnaj.eu\/wp-content\/uploads\/2025\/03\/KLA-OAK-BLA-7-150x150.jpg 150w, https:\/\/najnaj.eu\/wp-content\/uploads\/2025\/03\/KLA-OAK-BLA-7-768x768.jpg 768w, https:\/\/najnaj.eu\/wp-content\/uploads\/2025\/03\/KLA-OAK-BLA-7-1536x1536.jpg 1536w, https:\/\/najnaj.eu\/wp-content\/uploads\/2025\/03\/KLA-OAK-BLA-7-1440x1440.jpg 1440w, https:\/\/najnaj.eu\/wp-content\/uploads\/2025\/03\/KLA-OAK-BLA-7-420x420.jpg 420w, https:\/\/najnaj.eu\/wp-content\/uploads\/2025\/03\/KLA-OAK-BLA-7-50x50.jpg 50w, https:\/\/najnaj.eu\/wp-content\/uploads\/2025\/03\/KLA-OAK-BLA-7.jpg 2048w\" sizes=\"auto, (max-width: 980px) 100vw, 980px\" \/><\/p>\n","protected":false},"excerpt":{"rendered":"<p>&#8211; Aktivno sjedenje, 0 -110 kg<br \/>\n&#8211; Dolazi potpuno sastavljeno<br \/>\n&#8211; Nema potrebe za pode\u0161avanjem<br \/>\n&#8211; Vrlo je jednostavno odr\u017eavati \u010distim<br \/>\n&#8211; Za unutarnju i vanjsku upotrebu<br \/>\n&#8211; FSC certificirano drvo<\/p>\n<p>KAOS KLAPP\u00ae je moderna dizajnerska klasika \u2013 visoka stolica koja raste s va\u0161im djetetom od novoro\u0111en\u010deta do odrasle osobe (0-110 kg). Inspirirana stepenicama, KAOS KLAPP\u00ae prirodno pru\u017ea ergonomski i aktivan polo\u017eaj sjedenja bez potrebe za pode\u0161avanjima. Sklopiva je i dolazi potpuno sastavljena, ru\u010dno montirana do savr\u0161enstva, spremna za upotrebu odmah iz kutije. Stolica koja spaja bezvremenski dizajn s pametnom funkcionalno\u0161\u0107u.<\/p>\n<p>Pogledaj KAOS KLAPP\u00ae u interaktivnom <a href=\"https:\/\/catalogue.arkid.app\/embed\/AGV1atEAEfBL4XQh0LoWtQ\" target=\"_blank\" rel=\"noopener\"><strong>3D prikazu<\/strong><\/a>!<\/p>\n","protected":false},"featured_media":257918,"comment_status":"closed","ping_status":"closed","template":"","meta":{"_acf_changed":false,"footnotes":""},"product_brand":[],"product_cat":[578,577,652],"product_tag":[],"class_list":{"0":"post-243037","1":"product","2":"type-product","3":"status-publish","4":"has-post-thumbnail","6":"product_cat-hranilice","7":"product_cat-hranjenje","8":"product_cat-stolice-za-hranjenje","9":"pa_boja-crna","10":"pa_brand-kaos","11":"pa_hranilica-stolica-za-hranjenje","13":"first","14":"outofstock","15":"shipping-taxable","16":"purchasable","17":"product-type-simple"},"bundled_by":[],"bundle_stock_status":"outofstock","bundle_stock_quantity":0,"bundle_virtual":false,"bundle_layout":"","bundle_add_to_cart_form_location":"","bundle_editable_in_cart":false,"bundle_sold_individually_context":"","bundle_item_grouping":"","bundle_min_size":"","bundle_max_size":"","bundle_price":[],"bundled_items":[],"bundle_sell_ids":[],"acf":[],"yoast_head":"<!-- This site is optimized with the Yoast SEO Premium plugin v21.5 (Yoast SEO v27.4) - https:\/\/yoast.com\/product\/yoast-seo-premium-wordpress\/ -->\n<title>KAOS Klapp Dje\u010dja stolica Hrast Black - NajNaj.eu<\/title>\n<meta name=\"robots\" content=\"index, follow, max-snippet:-1, max-image-preview:large, max-video-preview:-1\" \/>\n<link rel=\"canonical\" href=\"https:\/\/najnaj.eu\/fr\/proizvod\/kaos-klapp-djecja-stolica-hrast-black\/\" \/>\n<meta property=\"og:locale\" content=\"fr_FR\" \/>\n<meta property=\"og:type\" content=\"article\" \/>\n<meta property=\"og:title\" content=\"KAOS Klapp Dje\u010dja stolica Hrast Black\" \/>\n<meta property=\"og:description\" content=\"- Aktivno sjedenje, 0 -110 kg - Dolazi potpuno sastavljeno - Nema potrebe za pode\u0161avanjem - Vrlo je jednostavno odr\u017eavati \u010distim - Za unutarnju i vanjsku upotrebu - FSC certificirano drvo  KAOS KLAPP\u00ae je moderna dizajnerska klasika \u2013 visoka stolica koja raste s va\u0161im djetetom od novoro\u0111en\u010deta do odrasle osobe (0-110 kg). Inspirirana stepenicama, KAOS KLAPP\u00ae prirodno pru\u017ea ergonomski i aktivan polo\u017eaj sjedenja bez potrebe za pode\u0161avanjima. Sklopiva je i dolazi potpuno sastavljena, ru\u010dno montirana do savr\u0161enstva, spremna za upotrebu odmah iz kutije. Stolica koja spaja bezvremenski dizajn s pametnom funkcionalno\u0161\u0107u.  Pogledaj KAOS KLAPP\u00ae u interaktivnom 3D prikazu!\" \/>\n<meta property=\"og:url\" content=\"https:\/\/najnaj.eu\/fr\/proizvod\/kaos-klapp-djecja-stolica-hrast-black\/\" \/>\n<meta property=\"og:site_name\" content=\"NajNaj.eu\" \/>\n<meta property=\"article:publisher\" content=\"https:\/\/web.facebook.com\/najnaj.eu\/\" \/>\n<meta property=\"article:modified_time\" content=\"2026-02-04T08:05:32+00:00\" \/>\n<meta property=\"og:image\" content=\"https:\/\/najnaj.eu\/wp-content\/uploads\/2025\/03\/KLA-OAK-BLA-1-1.jpg\" \/>\n\t<meta property=\"og:image:width\" content=\"2048\" \/>\n\t<meta property=\"og:image:height\" content=\"2048\" \/>\n\t<meta property=\"og:image:type\" content=\"image\/jpeg\" \/>\n<meta name=\"twitter:card\" content=\"summary_large_image\" \/>\n<meta name=\"twitter:label1\" content=\"Prix\" \/>\n\t<meta name=\"twitter:data1\" content=\"349,00&nbsp;&euro;\" \/>\n\t<meta name=\"twitter:label2\" content=\"Disponibilit\u00e9\" \/>\n\t<meta name=\"twitter:data2\" content=\"Rupture de stock\" \/>\n<script type=\"application\/ld+json\" class=\"yoast-schema-graph\">{\"@context\":\"https:\\\/\\\/schema.org\",\"@graph\":[{\"@type\":\"WebPage\",\"@id\":\"https:\\\/\\\/najnaj.eu\\\/fr\\\/proizvod\\\/kaos-klapp-djecja-stolica-hrast-black\\\/\",\"url\":\"https:\\\/\\\/najnaj.eu\\\/fr\\\/proizvod\\\/kaos-klapp-djecja-stolica-hrast-black\\\/\",\"name\":\"KAOS Klapp Dje\u010dja stolica Hrast Black - NajNaj.eu\",\"isPartOf\":{\"@id\":\"https:\\\/\\\/najnaj.eu\\\/fr\\\/#website\"},\"primaryImageOfPage\":{\"@id\":\"https:\\\/\\\/najnaj.eu\\\/fr\\\/proizvod\\\/kaos-klapp-djecja-stolica-hrast-black\\\/#primaryimage\"},\"image\":{\"@id\":\"https:\\\/\\\/najnaj.eu\\\/fr\\\/proizvod\\\/kaos-klapp-djecja-stolica-hrast-black\\\/#primaryimage\"},\"thumbnailUrl\":\"https:\\\/\\\/najnaj.eu\\\/wp-content\\\/uploads\\\/2025\\\/03\\\/KLA-OAK-BLA-1-1.jpg\",\"datePublished\":\"2025-03-03T07:28:44+00:00\",\"dateModified\":\"2026-02-04T08:05:32+00:00\",\"breadcrumb\":{\"@id\":\"https:\\\/\\\/najnaj.eu\\\/fr\\\/proizvod\\\/kaos-klapp-djecja-stolica-hrast-black\\\/#breadcrumb\"},\"inLanguage\":\"fr-FR\",\"potentialAction\":[{\"@type\":\"ReadAction\",\"target\":[\"https:\\\/\\\/najnaj.eu\\\/fr\\\/proizvod\\\/kaos-klapp-djecja-stolica-hrast-black\\\/\"]}]},{\"@type\":\"ImageObject\",\"inLanguage\":\"fr-FR\",\"@id\":\"https:\\\/\\\/najnaj.eu\\\/fr\\\/proizvod\\\/kaos-klapp-djecja-stolica-hrast-black\\\/#primaryimage\",\"url\":\"https:\\\/\\\/najnaj.eu\\\/wp-content\\\/uploads\\\/2025\\\/03\\\/KLA-OAK-BLA-1-1.jpg\",\"contentUrl\":\"https:\\\/\\\/najnaj.eu\\\/wp-content\\\/uploads\\\/2025\\\/03\\\/KLA-OAK-BLA-1-1.jpg\",\"width\":2048,\"height\":2048},{\"@type\":\"BreadcrumbList\",\"@id\":\"https:\\\/\\\/najnaj.eu\\\/fr\\\/proizvod\\\/kaos-klapp-djecja-stolica-hrast-black\\\/#breadcrumb\",\"itemListElement\":[{\"@type\":\"ListItem\",\"position\":1,\"name\":\"Po\u010detna stranica\",\"item\":\"https:\\\/\\\/najnaj.eu\\\/fr\\\/\"},{\"@type\":\"ListItem\",\"position\":2,\"name\":\"Trgovina\",\"item\":\"https:\\\/\\\/najnaj.hr\\\/trgovina\\\/\"},{\"@type\":\"ListItem\",\"position\":3,\"name\":\"KAOS Klapp Dje\u010dja stolica Hrast Black\"}]},{\"@type\":\"WebSite\",\"@id\":\"https:\\\/\\\/najnaj.eu\\\/fr\\\/#website\",\"url\":\"https:\\\/\\\/najnaj.eu\\\/fr\\\/\",\"name\":\"NajNaj.eu\",\"description\":\"Za najva\u017enije!\",\"potentialAction\":[{\"@type\":\"SearchAction\",\"target\":{\"@type\":\"EntryPoint\",\"urlTemplate\":\"https:\\\/\\\/najnaj.eu\\\/fr\\\/?s={search_term_string}\"},\"query-input\":{\"@type\":\"PropertyValueSpecification\",\"valueRequired\":true,\"valueName\":\"search_term_string\"}}],\"inLanguage\":\"fr-FR\"}]}<\/script>\n<meta property=\"product:brand\" content=\"KAOS\" \/>\n<meta property=\"product:price:amount\" content=\"349.00\" \/>\n<meta property=\"product:price:currency\" content=\"EUR\" \/>\n<meta property=\"og:availability\" content=\"out of stock\" \/>\n<meta property=\"product:availability\" content=\"out of stock\" \/>\n<meta property=\"product:retailer_item_id\" content=\"KLA-OAK-BLA\" \/>\n<meta property=\"product:condition\" content=\"new\" \/>\n<!-- \/ Yoast SEO Premium plugin. -->","yoast_head_json":{"title":"KAOS Klapp Dje\u010dja stolica Hrast Black - NajNaj.eu","robots":{"index":"index","follow":"follow","max-snippet":"max-snippet:-1","max-image-preview":"max-image-preview:large","max-video-preview":"max-video-preview:-1"},"canonical":"https:\/\/najnaj.eu\/fr\/proizvod\/kaos-klapp-djecja-stolica-hrast-black\/","og_locale":"fr_FR","og_type":"article","og_title":"KAOS Klapp Dje\u010dja stolica Hrast Black","og_description":"- Aktivno sjedenje, 0 -110 kg - Dolazi potpuno sastavljeno - Nema potrebe za pode\u0161avanjem - Vrlo je jednostavno odr\u017eavati \u010distim - Za unutarnju i vanjsku upotrebu - FSC certificirano drvo  KAOS KLAPP\u00ae je moderna dizajnerska klasika \u2013 visoka stolica koja raste s va\u0161im djetetom od novoro\u0111en\u010deta do odrasle osobe (0-110 kg). Inspirirana stepenicama, KAOS KLAPP\u00ae prirodno pru\u017ea ergonomski i aktivan polo\u017eaj sjedenja bez potrebe za pode\u0161avanjima. Sklopiva je i dolazi potpuno sastavljena, ru\u010dno montirana do savr\u0161enstva, spremna za upotrebu odmah iz kutije. Stolica koja spaja bezvremenski dizajn s pametnom funkcionalno\u0161\u0107u.  Pogledaj KAOS KLAPP\u00ae u interaktivnom 3D prikazu!","og_url":"https:\/\/najnaj.eu\/fr\/proizvod\/kaos-klapp-djecja-stolica-hrast-black\/","og_site_name":"NajNaj.eu","article_publisher":"https:\/\/web.facebook.com\/najnaj.eu\/","article_modified_time":"2026-02-04T08:05:32+00:00","og_image":[{"width":2048,"height":2048,"url":"https:\/\/najnaj.eu\/wp-content\/uploads\/2025\/03\/KLA-OAK-BLA-1-1.jpg","type":"image\/jpeg"}],"twitter_card":"summary_large_image","twitter_misc":{"Prix":"349,00&nbsp;&euro;","Disponibilit\u00e9":"Rupture de stock"},"schema":{"@context":"https:\/\/schema.org","@graph":[{"@type":"WebPage","@id":"https:\/\/najnaj.eu\/fr\/proizvod\/kaos-klapp-djecja-stolica-hrast-black\/","url":"https:\/\/najnaj.eu\/fr\/proizvod\/kaos-klapp-djecja-stolica-hrast-black\/","name":"KAOS Klapp Dje\u010dja stolica Hrast Black - NajNaj.eu","isPartOf":{"@id":"https:\/\/najnaj.eu\/fr\/#website"},"primaryImageOfPage":{"@id":"https:\/\/najnaj.eu\/fr\/proizvod\/kaos-klapp-djecja-stolica-hrast-black\/#primaryimage"},"image":{"@id":"https:\/\/najnaj.eu\/fr\/proizvod\/kaos-klapp-djecja-stolica-hrast-black\/#primaryimage"},"thumbnailUrl":"https:\/\/najnaj.eu\/wp-content\/uploads\/2025\/03\/KLA-OAK-BLA-1-1.jpg","datePublished":"2025-03-03T07:28:44+00:00","dateModified":"2026-02-04T08:05:32+00:00","breadcrumb":{"@id":"https:\/\/najnaj.eu\/fr\/proizvod\/kaos-klapp-djecja-stolica-hrast-black\/#breadcrumb"},"inLanguage":"fr-FR","potentialAction":[{"@type":"ReadAction","target":["https:\/\/najnaj.eu\/fr\/proizvod\/kaos-klapp-djecja-stolica-hrast-black\/"]}]},{"@type":"ImageObject","inLanguage":"fr-FR","@id":"https:\/\/najnaj.eu\/fr\/proizvod\/kaos-klapp-djecja-stolica-hrast-black\/#primaryimage","url":"https:\/\/najnaj.eu\/wp-content\/uploads\/2025\/03\/KLA-OAK-BLA-1-1.jpg","contentUrl":"https:\/\/najnaj.eu\/wp-content\/uploads\/2025\/03\/KLA-OAK-BLA-1-1.jpg","width":2048,"height":2048},{"@type":"BreadcrumbList","@id":"https:\/\/najnaj.eu\/fr\/proizvod\/kaos-klapp-djecja-stolica-hrast-black\/#breadcrumb","itemListElement":[{"@type":"ListItem","position":1,"name":"Po\u010detna stranica","item":"https:\/\/najnaj.eu\/fr\/"},{"@type":"ListItem","position":2,"name":"Trgovina","item":"https:\/\/najnaj.hr\/trgovina\/"},{"@type":"ListItem","position":3,"name":"KAOS Klapp Dje\u010dja stolica Hrast Black"}]},{"@type":"WebSite","@id":"https:\/\/najnaj.eu\/fr\/#website","url":"https:\/\/najnaj.eu\/fr\/","name":"NajNaj.eu","description":"Za najva\u017enije!","potentialAction":[{"@type":"SearchAction","target":{"@type":"EntryPoint","urlTemplate":"https:\/\/najnaj.eu\/fr\/?s={search_term_string}"},"query-input":{"@type":"PropertyValueSpecification","valueRequired":true,"valueName":"search_term_string"}}],"inLanguage":"fr-FR"}]},"product_brand":"KAOS","product_price_amount":"349.00","product_price_currency":"EUR","og_availability":"out of stock","product_availability":"out of stock","product_retailer_item_id":"KLA-OAK-BLA","product_condition":"new"},"_links":{"self":[{"href":"https:\/\/najnaj.eu\/fr\/wp-json\/wp\/v2\/product\/243037","targetHints":{"allow":["GET"]}}],"collection":[{"href":"https:\/\/najnaj.eu\/fr\/wp-json\/wp\/v2\/product"}],"about":[{"href":"https:\/\/najnaj.eu\/fr\/wp-json\/wp\/v2\/types\/product"}],"replies":[{"embeddable":true,"href":"https:\/\/najnaj.eu\/fr\/wp-json\/wp\/v2\/comments?post=243037"}],"version-history":[{"count":0,"href":"https:\/\/najnaj.eu\/fr\/wp-json\/wp\/v2\/product\/243037\/revisions"}],"wp:featuredmedia":[{"embeddable":true,"href":"https:\/\/najnaj.eu\/fr\/wp-json\/wp\/v2\/media\/257918"}],"wp:attachment":[{"href":"https:\/\/najnaj.eu\/fr\/wp-json\/wp\/v2\/media?parent=243037"}],"wp:term":[{"taxonomy":"product_brand","embeddable":true,"href":"https:\/\/najnaj.eu\/fr\/wp-json\/wp\/v2\/product_brand?post=243037"},{"taxonomy":"product_cat","embeddable":true,"href":"https:\/\/najnaj.eu\/fr\/wp-json\/wp\/v2\/product_cat?post=243037"},{"taxonomy":"product_tag","embeddable":true,"href":"https:\/\/najnaj.eu\/fr\/wp-json\/wp\/v2\/product_tag?post=243037"}],"curies":[{"name":"wp","href":"https:\/\/api.w.org\/{rel}","templated":true}]}}