{"id":242590,"date":"2025-02-03T09:50:50","date_gmt":"2025-02-03T08:50:50","guid":{"rendered":"https:\/\/najnaj.eu\/?post_type=product&#038;p=242590"},"modified":"2026-02-10T10:48:42","modified_gmt":"2026-02-10T09:48:42","slug":"b-box-termo-boca-flip-top-690ml-white-out","status":"publish","type":"product","link":"https:\/\/najnaj.eu\/fr\/proizvod\/b-box-termo-boca-flip-top-690ml-white-out\/","title":{"rendered":"b.box Termo boca Flip Top, 690ml &#8211; white out"},"content":{"rendered":"<p>Hit refresh! Rashladite se i osvje\u017eite bilo kada i bilo gdje.<\/p>\n<p>Izolirana preklopna boca od 690 mL savr\u0161en je suputnik jer prikladno stoji u standardnim dr\u017ea\u010dima za \u010da\u0161e u automobilu. Upravo prave veli\u010dine da ju ponesete sa sobom i nastavite s obavezama.<br \/>\nTroslojna izolacija odr\u017eava teku\u0107inu hladnom do 44 sata, tako da mo\u017eete ostati hidratizirani bez obzira na to \u0161to vas u danu \u010deka!<\/p>\n<p>Poklopci Flip Top boca od 1L i od 690mL su jednaki &#8211; kombinirajte ih kako bi osvje\u017eili svoj stil!<\/p>\n<p>&gt; Nemojte koristiti s gaziranim i\/ili vru\u0107im teku\u0107inama. Ako koristite s toplim teku\u0107inama, budite oprezni pri otvaranju preklopnog gornjeg poklopca jer se mo\u017ee pove\u0107ati pritisak i uzrokovati prskanje teku\u0107ine.<br \/>\n&gt; Ne stavljajte bocu u zamrziva\u010d.<\/p>\n","protected":false},"excerpt":{"rendered":"<p>&gt; Pristaje u standardne dr\u017ea\u010de za \u010da\u0161e<br \/>\n&gt; Troslojne izolacijske supermo\u0107i &#8211; odr\u017eava teku\u0107ine hladnima do 44 sata!<br \/>\n&gt; Preklopni gornji poklopac za pi\u0107e slobodnog protoka sa slamkom od nehr\u0111aju\u0107eg \u010delika iznutra<br \/>\n&gt; Nepropusno kada je poklopac zatvoren<br \/>\n&gt; Dizajn za lako \u010di\u0161\u0107enje i odr\u017eavanje<br \/>\n&gt; Promjer baze: 78 mm<\/p>\n","protected":false},"featured_media":247932,"comment_status":"closed","ping_status":"closed","template":"","meta":{"_acf_changed":false,"footnotes":""},"product_brand":[],"product_cat":[654,577,1709,622],"product_tag":[2272,2141],"class_list":{"0":"post-242590","1":"product","2":"type-product","3":"status-publish","4":"has-post-thumbnail","6":"product_cat-boce-za-vodu","7":"product_cat-hranjenje","8":"product_cat-pokloni","9":"product_cat-posude","10":"product_tag-ljeto","11":"product_tag-personalizirani-proizvodi","12":"pa_boja-bijela","13":"pa_boja-siva","14":"pa_brand-b-box","15":"pa_vrsta-posuda-bocice-za-vodu","16":"pa_vrsta-posuda-termo-bocice","18":"first","19":"instock","20":"shipping-taxable","21":"purchasable","22":"product-type-simple"},"bundled_by":[],"bundle_stock_status":"instock","bundle_stock_quantity":15,"bundle_virtual":false,"bundle_layout":"","bundle_add_to_cart_form_location":"","bundle_editable_in_cart":false,"bundle_sold_individually_context":"","bundle_item_grouping":"","bundle_min_size":"","bundle_max_size":"","bundle_price":[],"bundled_items":[],"bundle_sell_ids":[],"acf":[],"yoast_head":"<!-- This site is optimized with the Yoast SEO Premium plugin v21.5 (Yoast SEO v27.4) - https:\/\/yoast.com\/product\/yoast-seo-premium-wordpress\/ -->\n<title>b.box Termo boca Flip Top, 690ml - white out - NajNaj.eu<\/title>\n<meta name=\"robots\" content=\"index, follow, max-snippet:-1, max-image-preview:large, max-video-preview:-1\" \/>\n<link rel=\"canonical\" href=\"https:\/\/najnaj.eu\/fr\/proizvod\/b-box-termo-boca-flip-top-690ml-white-out\/\" \/>\n<meta property=\"og:locale\" content=\"fr_FR\" \/>\n<meta property=\"og:type\" content=\"article\" \/>\n<meta property=\"og:title\" content=\"b.box Termo boca Flip Top, 690ml - white out\" \/>\n<meta property=\"og:description\" content=\"&gt; Pristaje u standardne dr\u017ea\u010de za \u010da\u0161e &gt; Troslojne izolacijske supermo\u0107i - odr\u017eava teku\u0107ine hladnima do 44 sata! &gt; Preklopni gornji poklopac za pi\u0107e slobodnog protoka sa slamkom od nehr\u0111aju\u0107eg \u010delika iznutra &gt; Nepropusno kada je poklopac zatvoren &gt; Dizajn za lako \u010di\u0161\u0107enje i odr\u017eavanje &gt; Promjer baze: 78 mm\" \/>\n<meta property=\"og:url\" content=\"https:\/\/najnaj.eu\/fr\/proizvod\/b-box-termo-boca-flip-top-690ml-white-out\/\" \/>\n<meta property=\"og:site_name\" content=\"NajNaj.eu\" \/>\n<meta property=\"article:publisher\" content=\"https:\/\/web.facebook.com\/najnaj.eu\/\" \/>\n<meta property=\"article:modified_time\" content=\"2026-02-10T09:48:42+00:00\" \/>\n<meta property=\"og:image\" content=\"https:\/\/najnaj.eu\/wp-content\/uploads\/2025\/02\/BX0928.jpg\" \/>\n\t<meta property=\"og:image:width\" content=\"2000\" \/>\n\t<meta property=\"og:image:height\" content=\"2000\" \/>\n\t<meta property=\"og:image:type\" content=\"image\/jpeg\" \/>\n<meta name=\"twitter:card\" content=\"summary_large_image\" \/>\n<meta name=\"twitter:label1\" content=\"Prix\" \/>\n\t<meta name=\"twitter:data1\" content=\"35,99&nbsp;&euro;\" \/>\n\t<meta name=\"twitter:label2\" content=\"Disponibilit\u00e9\" \/>\n\t<meta name=\"twitter:data2\" content=\"En stock\" \/>\n<script type=\"application\/ld+json\" class=\"yoast-schema-graph\">{\"@context\":\"https:\\\/\\\/schema.org\",\"@graph\":[{\"@type\":\"WebPage\",\"@id\":\"https:\\\/\\\/najnaj.eu\\\/fr\\\/proizvod\\\/b-box-termo-boca-flip-top-690ml-white-out\\\/\",\"url\":\"https:\\\/\\\/najnaj.eu\\\/fr\\\/proizvod\\\/b-box-termo-boca-flip-top-690ml-white-out\\\/\",\"name\":\"b.box Termo boca Flip Top, 690ml - white out - NajNaj.eu\",\"isPartOf\":{\"@id\":\"https:\\\/\\\/najnaj.eu\\\/fr\\\/#website\"},\"primaryImageOfPage\":{\"@id\":\"https:\\\/\\\/najnaj.eu\\\/fr\\\/proizvod\\\/b-box-termo-boca-flip-top-690ml-white-out\\\/#primaryimage\"},\"image\":{\"@id\":\"https:\\\/\\\/najnaj.eu\\\/fr\\\/proizvod\\\/b-box-termo-boca-flip-top-690ml-white-out\\\/#primaryimage\"},\"thumbnailUrl\":\"https:\\\/\\\/najnaj.eu\\\/wp-content\\\/uploads\\\/2025\\\/02\\\/BX0928.jpg\",\"datePublished\":\"2025-02-03T08:50:50+00:00\",\"dateModified\":\"2026-02-10T09:48:42+00:00\",\"breadcrumb\":{\"@id\":\"https:\\\/\\\/najnaj.eu\\\/fr\\\/proizvod\\\/b-box-termo-boca-flip-top-690ml-white-out\\\/#breadcrumb\"},\"inLanguage\":\"fr-FR\",\"potentialAction\":[{\"@type\":\"ReadAction\",\"target\":[\"https:\\\/\\\/najnaj.eu\\\/fr\\\/proizvod\\\/b-box-termo-boca-flip-top-690ml-white-out\\\/\"]}]},{\"@type\":\"ImageObject\",\"inLanguage\":\"fr-FR\",\"@id\":\"https:\\\/\\\/najnaj.eu\\\/fr\\\/proizvod\\\/b-box-termo-boca-flip-top-690ml-white-out\\\/#primaryimage\",\"url\":\"https:\\\/\\\/najnaj.eu\\\/wp-content\\\/uploads\\\/2025\\\/02\\\/BX0928.jpg\",\"contentUrl\":\"https:\\\/\\\/najnaj.eu\\\/wp-content\\\/uploads\\\/2025\\\/02\\\/BX0928.jpg\",\"width\":2000,\"height\":2000},{\"@type\":\"BreadcrumbList\",\"@id\":\"https:\\\/\\\/najnaj.eu\\\/fr\\\/proizvod\\\/b-box-termo-boca-flip-top-690ml-white-out\\\/#breadcrumb\",\"itemListElement\":[{\"@type\":\"ListItem\",\"position\":1,\"name\":\"Po\u010detna stranica\",\"item\":\"https:\\\/\\\/najnaj.eu\\\/fr\\\/\"},{\"@type\":\"ListItem\",\"position\":2,\"name\":\"Trgovina\",\"item\":\"https:\\\/\\\/najnaj.hr\\\/trgovina\\\/\"},{\"@type\":\"ListItem\",\"position\":3,\"name\":\"b.box Termo boca Flip Top, 690ml &#8211; white out\"}]},{\"@type\":\"WebSite\",\"@id\":\"https:\\\/\\\/najnaj.eu\\\/fr\\\/#website\",\"url\":\"https:\\\/\\\/najnaj.eu\\\/fr\\\/\",\"name\":\"NajNaj.eu\",\"description\":\"Za najva\u017enije!\",\"potentialAction\":[{\"@type\":\"SearchAction\",\"target\":{\"@type\":\"EntryPoint\",\"urlTemplate\":\"https:\\\/\\\/najnaj.eu\\\/fr\\\/?s={search_term_string}\"},\"query-input\":{\"@type\":\"PropertyValueSpecification\",\"valueRequired\":true,\"valueName\":\"search_term_string\"}}],\"inLanguage\":\"fr-FR\"}]}<\/script>\n<meta property=\"product:brand\" content=\"b.box\" \/>\n<meta property=\"product:price:amount\" content=\"35.99\" \/>\n<meta property=\"product:price:currency\" content=\"EUR\" \/>\n<meta property=\"og:availability\" content=\"instock\" \/>\n<meta property=\"product:availability\" content=\"instock\" \/>\n<meta property=\"product:retailer_item_id\" content=\"BX0928\" \/>\n<meta property=\"product:condition\" content=\"new\" \/>\n<!-- \/ Yoast SEO Premium plugin. -->","yoast_head_json":{"title":"b.box Termo boca Flip Top, 690ml - white out - NajNaj.eu","robots":{"index":"index","follow":"follow","max-snippet":"max-snippet:-1","max-image-preview":"max-image-preview:large","max-video-preview":"max-video-preview:-1"},"canonical":"https:\/\/najnaj.eu\/fr\/proizvod\/b-box-termo-boca-flip-top-690ml-white-out\/","og_locale":"fr_FR","og_type":"article","og_title":"b.box Termo boca Flip Top, 690ml - white out","og_description":"&gt; Pristaje u standardne dr\u017ea\u010de za \u010da\u0161e &gt; Troslojne izolacijske supermo\u0107i - odr\u017eava teku\u0107ine hladnima do 44 sata! &gt; Preklopni gornji poklopac za pi\u0107e slobodnog protoka sa slamkom od nehr\u0111aju\u0107eg \u010delika iznutra &gt; Nepropusno kada je poklopac zatvoren &gt; Dizajn za lako \u010di\u0161\u0107enje i odr\u017eavanje &gt; Promjer baze: 78 mm","og_url":"https:\/\/najnaj.eu\/fr\/proizvod\/b-box-termo-boca-flip-top-690ml-white-out\/","og_site_name":"NajNaj.eu","article_publisher":"https:\/\/web.facebook.com\/najnaj.eu\/","article_modified_time":"2026-02-10T09:48:42+00:00","og_image":[{"width":2000,"height":2000,"url":"https:\/\/najnaj.eu\/wp-content\/uploads\/2025\/02\/BX0928.jpg","type":"image\/jpeg"}],"twitter_card":"summary_large_image","twitter_misc":{"Prix":"35,99&nbsp;&euro;","Disponibilit\u00e9":"En stock"},"schema":{"@context":"https:\/\/schema.org","@graph":[{"@type":"WebPage","@id":"https:\/\/najnaj.eu\/fr\/proizvod\/b-box-termo-boca-flip-top-690ml-white-out\/","url":"https:\/\/najnaj.eu\/fr\/proizvod\/b-box-termo-boca-flip-top-690ml-white-out\/","name":"b.box Termo boca Flip Top, 690ml - white out - NajNaj.eu","isPartOf":{"@id":"https:\/\/najnaj.eu\/fr\/#website"},"primaryImageOfPage":{"@id":"https:\/\/najnaj.eu\/fr\/proizvod\/b-box-termo-boca-flip-top-690ml-white-out\/#primaryimage"},"image":{"@id":"https:\/\/najnaj.eu\/fr\/proizvod\/b-box-termo-boca-flip-top-690ml-white-out\/#primaryimage"},"thumbnailUrl":"https:\/\/najnaj.eu\/wp-content\/uploads\/2025\/02\/BX0928.jpg","datePublished":"2025-02-03T08:50:50+00:00","dateModified":"2026-02-10T09:48:42+00:00","breadcrumb":{"@id":"https:\/\/najnaj.eu\/fr\/proizvod\/b-box-termo-boca-flip-top-690ml-white-out\/#breadcrumb"},"inLanguage":"fr-FR","potentialAction":[{"@type":"ReadAction","target":["https:\/\/najnaj.eu\/fr\/proizvod\/b-box-termo-boca-flip-top-690ml-white-out\/"]}]},{"@type":"ImageObject","inLanguage":"fr-FR","@id":"https:\/\/najnaj.eu\/fr\/proizvod\/b-box-termo-boca-flip-top-690ml-white-out\/#primaryimage","url":"https:\/\/najnaj.eu\/wp-content\/uploads\/2025\/02\/BX0928.jpg","contentUrl":"https:\/\/najnaj.eu\/wp-content\/uploads\/2025\/02\/BX0928.jpg","width":2000,"height":2000},{"@type":"BreadcrumbList","@id":"https:\/\/najnaj.eu\/fr\/proizvod\/b-box-termo-boca-flip-top-690ml-white-out\/#breadcrumb","itemListElement":[{"@type":"ListItem","position":1,"name":"Po\u010detna stranica","item":"https:\/\/najnaj.eu\/fr\/"},{"@type":"ListItem","position":2,"name":"Trgovina","item":"https:\/\/najnaj.hr\/trgovina\/"},{"@type":"ListItem","position":3,"name":"b.box Termo boca Flip Top, 690ml &#8211; white out"}]},{"@type":"WebSite","@id":"https:\/\/najnaj.eu\/fr\/#website","url":"https:\/\/najnaj.eu\/fr\/","name":"NajNaj.eu","description":"Za najva\u017enije!","potentialAction":[{"@type":"SearchAction","target":{"@type":"EntryPoint","urlTemplate":"https:\/\/najnaj.eu\/fr\/?s={search_term_string}"},"query-input":{"@type":"PropertyValueSpecification","valueRequired":true,"valueName":"search_term_string"}}],"inLanguage":"fr-FR"}]},"product_brand":"b.box","product_price_amount":"35.99","product_price_currency":"EUR","og_availability":"instock","product_availability":"instock","product_retailer_item_id":"BX0928","product_condition":"new"},"_links":{"self":[{"href":"https:\/\/najnaj.eu\/fr\/wp-json\/wp\/v2\/product\/242590","targetHints":{"allow":["GET"]}}],"collection":[{"href":"https:\/\/najnaj.eu\/fr\/wp-json\/wp\/v2\/product"}],"about":[{"href":"https:\/\/najnaj.eu\/fr\/wp-json\/wp\/v2\/types\/product"}],"replies":[{"embeddable":true,"href":"https:\/\/najnaj.eu\/fr\/wp-json\/wp\/v2\/comments?post=242590"}],"version-history":[{"count":0,"href":"https:\/\/najnaj.eu\/fr\/wp-json\/wp\/v2\/product\/242590\/revisions"}],"wp:featuredmedia":[{"embeddable":true,"href":"https:\/\/najnaj.eu\/fr\/wp-json\/wp\/v2\/media\/247932"}],"wp:attachment":[{"href":"https:\/\/najnaj.eu\/fr\/wp-json\/wp\/v2\/media?parent=242590"}],"wp:term":[{"taxonomy":"product_brand","embeddable":true,"href":"https:\/\/najnaj.eu\/fr\/wp-json\/wp\/v2\/product_brand?post=242590"},{"taxonomy":"product_cat","embeddable":true,"href":"https:\/\/najnaj.eu\/fr\/wp-json\/wp\/v2\/product_cat?post=242590"},{"taxonomy":"product_tag","embeddable":true,"href":"https:\/\/najnaj.eu\/fr\/wp-json\/wp\/v2\/product_tag?post=242590"}],"curies":[{"name":"wp","href":"https:\/\/api.w.org\/{rel}","templated":true}]}}