{"id":242332,"date":"2024-12-17T11:59:28","date_gmt":"2024-12-17T10:59:28","guid":{"rendered":"https:\/\/najnaj.eu\/?post_type=product&#038;p=242332"},"modified":"2026-04-15T02:19:33","modified_gmt":"2026-04-15T00:19:33","slug":"zastitna-presvlaka-za-go-beyond","status":"publish","type":"product","link":"https:\/\/najnaj.eu\/fr\/proizvod\/zastitna-presvlaka-za-go-beyond\/","title":{"rendered":"BeSafe za\u0161titna presvlaka za Go Beyond"},"content":{"rendered":"<p>Omogu\u0107uje jednostavno odr\u017eavanje autosjedalice:<br \/>\n-Savr\u0161eno pristaje preko originalne presvlake autosjedalice<br \/>\n-\u0160titi autosjedalicu od prljav\u0161tine i prolijevanja<br \/>\n-Jednostavno skinite i operite za\u0161titu kad god je potrebno<br \/>\n-Ozna\u010deno podru\u010dje poma\u017ee vam lako prona\u0107i magnete sigurnosnog pojasa<\/p>\n<p>Dodatna udobnost za va\u0161e dijete:<br \/>\n-Izuzetno mekana za dje\u010dju ko\u017eu<br \/>\n-Upija znoj i daje osje\u0107aj hla\u0111enja u toplijim danima<br \/>\n-Visokokvalitetna i vrlo meka pamu\u010dna tkanina<\/p>\n","protected":false},"excerpt":{"rendered":"<p>Presvlaka za autosjedalicu dizajnirana je tako da savr\u0161eno pristaje autosjedalici i najlak\u0161i je na\u010din za\u0161tite autosjedalice od prljav\u0161tine i prolijevanja, dok istovremeno djetetu ljeti daje osje\u0107aj hla\u0111enja.<br \/>\nPogodna je za autosjedalicu BeSafe Go Beyond.<\/p>\n","protected":false},"featured_media":242334,"comment_status":"closed","ping_status":"closed","template":"","meta":{"_acf_changed":false,"footnotes":""},"product_brand":[],"product_cat":[829,2209],"product_tag":[],"class_list":{"0":"post-242332","1":"product","2":"type-product","3":"status-publish","4":"has-post-thumbnail","6":"product_cat-dodaci-za-autosjedalice","7":"product_cat-zastitne-presvlake","8":"pa_boja-siva","9":"pa_brand-besafe","11":"first","12":"instock","13":"shipping-taxable","14":"purchasable","15":"product-type-simple"},"bundled_by":[],"bundle_stock_status":"instock","bundle_stock_quantity":4,"bundle_virtual":false,"bundle_layout":"","bundle_add_to_cart_form_location":"","bundle_editable_in_cart":false,"bundle_sold_individually_context":"","bundle_item_grouping":"","bundle_min_size":"","bundle_max_size":"","bundle_price":[],"bundled_items":[],"bundle_sell_ids":[],"acf":[],"yoast_head":"<!-- This site is optimized with the Yoast SEO Premium plugin v21.5 (Yoast SEO v27.4) - https:\/\/yoast.com\/product\/yoast-seo-premium-wordpress\/ -->\n<title>BeSafe za\u0161titna presvlaka za Go Beyond - NajNaj.eu<\/title>\n<meta name=\"robots\" content=\"index, follow, max-snippet:-1, max-image-preview:large, max-video-preview:-1\" \/>\n<link rel=\"canonical\" href=\"https:\/\/najnaj.eu\/fr\/proizvod\/zastitna-presvlaka-za-go-beyond\/\" \/>\n<meta property=\"og:locale\" content=\"fr_FR\" \/>\n<meta property=\"og:type\" content=\"article\" \/>\n<meta property=\"og:title\" content=\"BeSafe za\u0161titna presvlaka za Go Beyond\" \/>\n<meta property=\"og:description\" content=\"Presvlaka za autosjedalicu dizajnirana je tako da savr\u0161eno pristaje autosjedalici i najlak\u0161i je na\u010din za\u0161tite autosjedalice od prljav\u0161tine i prolijevanja, dok istovremeno djetetu ljeti daje osje\u0107aj hla\u0111enja. Pogodna je za autosjedalicu BeSafe Go Beyond.\" \/>\n<meta property=\"og:url\" content=\"https:\/\/najnaj.eu\/fr\/proizvod\/zastitna-presvlaka-za-go-beyond\/\" \/>\n<meta property=\"og:site_name\" content=\"NajNaj.eu\" \/>\n<meta property=\"article:publisher\" content=\"https:\/\/web.facebook.com\/najnaj.eu\/\" \/>\n<meta property=\"article:modified_time\" content=\"2026-04-15T00:19:33+00:00\" \/>\n<meta property=\"og:image\" content=\"https:\/\/najnaj.eu\/wp-content\/uploads\/2025\/02\/11039249_BeSafe_Child-Seat-Cover_Go-Beyond_Glacier-Grey_Shadow-Large.jpg\" \/>\n\t<meta property=\"og:image:width\" content=\"1080\" \/>\n\t<meta property=\"og:image:height\" content=\"1080\" \/>\n\t<meta property=\"og:image:type\" content=\"image\/jpeg\" \/>\n<meta name=\"twitter:card\" content=\"summary_large_image\" \/>\n<meta name=\"twitter:label1\" content=\"Prix\" \/>\n\t<meta name=\"twitter:data1\" content=\"59,99&nbsp;&euro;\" \/>\n\t<meta name=\"twitter:label2\" content=\"Disponibilit\u00e9\" \/>\n\t<meta name=\"twitter:data2\" content=\"En stock\" \/>\n<script type=\"application\/ld+json\" class=\"yoast-schema-graph\">{\"@context\":\"https:\\\/\\\/schema.org\",\"@graph\":[{\"@type\":\"WebPage\",\"@id\":\"https:\\\/\\\/najnaj.eu\\\/fr\\\/proizvod\\\/zastitna-presvlaka-za-go-beyond\\\/\",\"url\":\"https:\\\/\\\/najnaj.eu\\\/fr\\\/proizvod\\\/zastitna-presvlaka-za-go-beyond\\\/\",\"name\":\"BeSafe za\u0161titna presvlaka za Go Beyond - NajNaj.eu\",\"isPartOf\":{\"@id\":\"https:\\\/\\\/najnaj.eu\\\/fr\\\/#website\"},\"primaryImageOfPage\":{\"@id\":\"https:\\\/\\\/najnaj.eu\\\/fr\\\/proizvod\\\/zastitna-presvlaka-za-go-beyond\\\/#primaryimage\"},\"image\":{\"@id\":\"https:\\\/\\\/najnaj.eu\\\/fr\\\/proizvod\\\/zastitna-presvlaka-za-go-beyond\\\/#primaryimage\"},\"thumbnailUrl\":\"https:\\\/\\\/najnaj.eu\\\/wp-content\\\/uploads\\\/2025\\\/02\\\/11039249_BeSafe_Child-Seat-Cover_Go-Beyond_Glacier-Grey_Shadow-Large.jpg\",\"datePublished\":\"2024-12-17T10:59:28+00:00\",\"dateModified\":\"2026-04-15T00:19:33+00:00\",\"breadcrumb\":{\"@id\":\"https:\\\/\\\/najnaj.eu\\\/fr\\\/proizvod\\\/zastitna-presvlaka-za-go-beyond\\\/#breadcrumb\"},\"inLanguage\":\"fr-FR\",\"potentialAction\":[{\"@type\":\"ReadAction\",\"target\":[\"https:\\\/\\\/najnaj.eu\\\/fr\\\/proizvod\\\/zastitna-presvlaka-za-go-beyond\\\/\"]}]},{\"@type\":\"ImageObject\",\"inLanguage\":\"fr-FR\",\"@id\":\"https:\\\/\\\/najnaj.eu\\\/fr\\\/proizvod\\\/zastitna-presvlaka-za-go-beyond\\\/#primaryimage\",\"url\":\"https:\\\/\\\/najnaj.eu\\\/wp-content\\\/uploads\\\/2025\\\/02\\\/11039249_BeSafe_Child-Seat-Cover_Go-Beyond_Glacier-Grey_Shadow-Large.jpg\",\"contentUrl\":\"https:\\\/\\\/najnaj.eu\\\/wp-content\\\/uploads\\\/2025\\\/02\\\/11039249_BeSafe_Child-Seat-Cover_Go-Beyond_Glacier-Grey_Shadow-Large.jpg\",\"width\":1080,\"height\":1080},{\"@type\":\"BreadcrumbList\",\"@id\":\"https:\\\/\\\/najnaj.eu\\\/fr\\\/proizvod\\\/zastitna-presvlaka-za-go-beyond\\\/#breadcrumb\",\"itemListElement\":[{\"@type\":\"ListItem\",\"position\":1,\"name\":\"Po\u010detna stranica\",\"item\":\"https:\\\/\\\/najnaj.eu\\\/fr\\\/\"},{\"@type\":\"ListItem\",\"position\":2,\"name\":\"Trgovina\",\"item\":\"https:\\\/\\\/najnaj.hr\\\/trgovina\\\/\"},{\"@type\":\"ListItem\",\"position\":3,\"name\":\"BeSafe za\u0161titna presvlaka za Go Beyond\"}]},{\"@type\":\"WebSite\",\"@id\":\"https:\\\/\\\/najnaj.eu\\\/fr\\\/#website\",\"url\":\"https:\\\/\\\/najnaj.eu\\\/fr\\\/\",\"name\":\"NajNaj.eu\",\"description\":\"Za najva\u017enije!\",\"potentialAction\":[{\"@type\":\"SearchAction\",\"target\":{\"@type\":\"EntryPoint\",\"urlTemplate\":\"https:\\\/\\\/najnaj.eu\\\/fr\\\/?s={search_term_string}\"},\"query-input\":{\"@type\":\"PropertyValueSpecification\",\"valueRequired\":true,\"valueName\":\"search_term_string\"}}],\"inLanguage\":\"fr-FR\"}]}<\/script>\n<meta property=\"product:brand\" content=\"BeSafe\" \/>\n<meta property=\"product:price:amount\" content=\"59.99\" \/>\n<meta property=\"product:price:currency\" content=\"EUR\" \/>\n<meta property=\"og:availability\" content=\"instock\" \/>\n<meta property=\"product:availability\" content=\"instock\" \/>\n<meta property=\"product:retailer_item_id\" content=\"11039249-GlacGrey-One Size-Std\" \/>\n<meta property=\"product:condition\" content=\"new\" \/>\n<!-- \/ Yoast SEO Premium plugin. -->","yoast_head_json":{"title":"BeSafe za\u0161titna presvlaka za Go Beyond - NajNaj.eu","robots":{"index":"index","follow":"follow","max-snippet":"max-snippet:-1","max-image-preview":"max-image-preview:large","max-video-preview":"max-video-preview:-1"},"canonical":"https:\/\/najnaj.eu\/fr\/proizvod\/zastitna-presvlaka-za-go-beyond\/","og_locale":"fr_FR","og_type":"article","og_title":"BeSafe za\u0161titna presvlaka za Go Beyond","og_description":"Presvlaka za autosjedalicu dizajnirana je tako da savr\u0161eno pristaje autosjedalici i najlak\u0161i je na\u010din za\u0161tite autosjedalice od prljav\u0161tine i prolijevanja, dok istovremeno djetetu ljeti daje osje\u0107aj hla\u0111enja. Pogodna je za autosjedalicu BeSafe Go Beyond.","og_url":"https:\/\/najnaj.eu\/fr\/proizvod\/zastitna-presvlaka-za-go-beyond\/","og_site_name":"NajNaj.eu","article_publisher":"https:\/\/web.facebook.com\/najnaj.eu\/","article_modified_time":"2026-04-15T00:19:33+00:00","og_image":[{"width":1080,"height":1080,"url":"https:\/\/najnaj.eu\/wp-content\/uploads\/2025\/02\/11039249_BeSafe_Child-Seat-Cover_Go-Beyond_Glacier-Grey_Shadow-Large.jpg","type":"image\/jpeg"}],"twitter_card":"summary_large_image","twitter_misc":{"Prix":"59,99&nbsp;&euro;","Disponibilit\u00e9":"En stock"},"schema":{"@context":"https:\/\/schema.org","@graph":[{"@type":"WebPage","@id":"https:\/\/najnaj.eu\/fr\/proizvod\/zastitna-presvlaka-za-go-beyond\/","url":"https:\/\/najnaj.eu\/fr\/proizvod\/zastitna-presvlaka-za-go-beyond\/","name":"BeSafe za\u0161titna presvlaka za Go Beyond - NajNaj.eu","isPartOf":{"@id":"https:\/\/najnaj.eu\/fr\/#website"},"primaryImageOfPage":{"@id":"https:\/\/najnaj.eu\/fr\/proizvod\/zastitna-presvlaka-za-go-beyond\/#primaryimage"},"image":{"@id":"https:\/\/najnaj.eu\/fr\/proizvod\/zastitna-presvlaka-za-go-beyond\/#primaryimage"},"thumbnailUrl":"https:\/\/najnaj.eu\/wp-content\/uploads\/2025\/02\/11039249_BeSafe_Child-Seat-Cover_Go-Beyond_Glacier-Grey_Shadow-Large.jpg","datePublished":"2024-12-17T10:59:28+00:00","dateModified":"2026-04-15T00:19:33+00:00","breadcrumb":{"@id":"https:\/\/najnaj.eu\/fr\/proizvod\/zastitna-presvlaka-za-go-beyond\/#breadcrumb"},"inLanguage":"fr-FR","potentialAction":[{"@type":"ReadAction","target":["https:\/\/najnaj.eu\/fr\/proizvod\/zastitna-presvlaka-za-go-beyond\/"]}]},{"@type":"ImageObject","inLanguage":"fr-FR","@id":"https:\/\/najnaj.eu\/fr\/proizvod\/zastitna-presvlaka-za-go-beyond\/#primaryimage","url":"https:\/\/najnaj.eu\/wp-content\/uploads\/2025\/02\/11039249_BeSafe_Child-Seat-Cover_Go-Beyond_Glacier-Grey_Shadow-Large.jpg","contentUrl":"https:\/\/najnaj.eu\/wp-content\/uploads\/2025\/02\/11039249_BeSafe_Child-Seat-Cover_Go-Beyond_Glacier-Grey_Shadow-Large.jpg","width":1080,"height":1080},{"@type":"BreadcrumbList","@id":"https:\/\/najnaj.eu\/fr\/proizvod\/zastitna-presvlaka-za-go-beyond\/#breadcrumb","itemListElement":[{"@type":"ListItem","position":1,"name":"Po\u010detna stranica","item":"https:\/\/najnaj.eu\/fr\/"},{"@type":"ListItem","position":2,"name":"Trgovina","item":"https:\/\/najnaj.hr\/trgovina\/"},{"@type":"ListItem","position":3,"name":"BeSafe za\u0161titna presvlaka za Go Beyond"}]},{"@type":"WebSite","@id":"https:\/\/najnaj.eu\/fr\/#website","url":"https:\/\/najnaj.eu\/fr\/","name":"NajNaj.eu","description":"Za najva\u017enije!","potentialAction":[{"@type":"SearchAction","target":{"@type":"EntryPoint","urlTemplate":"https:\/\/najnaj.eu\/fr\/?s={search_term_string}"},"query-input":{"@type":"PropertyValueSpecification","valueRequired":true,"valueName":"search_term_string"}}],"inLanguage":"fr-FR"}]},"product_brand":"BeSafe","product_price_amount":"59.99","product_price_currency":"EUR","og_availability":"instock","product_availability":"instock","product_retailer_item_id":"11039249-GlacGrey-One Size-Std","product_condition":"new"},"_links":{"self":[{"href":"https:\/\/najnaj.eu\/fr\/wp-json\/wp\/v2\/product\/242332","targetHints":{"allow":["GET"]}}],"collection":[{"href":"https:\/\/najnaj.eu\/fr\/wp-json\/wp\/v2\/product"}],"about":[{"href":"https:\/\/najnaj.eu\/fr\/wp-json\/wp\/v2\/types\/product"}],"replies":[{"embeddable":true,"href":"https:\/\/najnaj.eu\/fr\/wp-json\/wp\/v2\/comments?post=242332"}],"version-history":[{"count":0,"href":"https:\/\/najnaj.eu\/fr\/wp-json\/wp\/v2\/product\/242332\/revisions"}],"wp:featuredmedia":[{"embeddable":true,"href":"https:\/\/najnaj.eu\/fr\/wp-json\/wp\/v2\/media\/242334"}],"wp:attachment":[{"href":"https:\/\/najnaj.eu\/fr\/wp-json\/wp\/v2\/media?parent=242332"}],"wp:term":[{"taxonomy":"product_brand","embeddable":true,"href":"https:\/\/najnaj.eu\/fr\/wp-json\/wp\/v2\/product_brand?post=242332"},{"taxonomy":"product_cat","embeddable":true,"href":"https:\/\/najnaj.eu\/fr\/wp-json\/wp\/v2\/product_cat?post=242332"},{"taxonomy":"product_tag","embeddable":true,"href":"https:\/\/najnaj.eu\/fr\/wp-json\/wp\/v2\/product_tag?post=242332"}],"curies":[{"name":"wp","href":"https:\/\/api.w.org\/{rel}","templated":true}]}}