{"id":241813,"date":"2025-02-18T10:23:49","date_gmt":"2025-02-18T09:23:49","guid":{"rendered":"https:\/\/najnaj.eu\/?post_type=product&#038;p=241813"},"modified":"2026-03-11T08:30:06","modified_gmt":"2026-03-11T07:30:06","slug":"b-box-tritan-bocica-sa-slamkom-600-ml-harry-potter","status":"publish","type":"product","link":"https:\/\/najnaj.eu\/fr\/proizvod\/b-box-tritan-bocica-sa-slamkom-600-ml-harry-potter\/","title":{"rendered":"b.box Tritan\u2122 bo\u010dica sa slamkom, 600 ml &#8211; Harry Potter"},"content":{"rendered":"<p>Na\u0161a jedinstvena velika dje\u010dja boca za pi\u0107e od 600 ml idealna je \u0161kolarce. Njezin jedinstven trokutasti oblik dizajniran je posebno za male ruke, \u0161to djeci olak\u0161ava dr\u017eanje. Bolje za djecu \u0161kolske dobi &#8211; ova ve\u0107a boca od 600 ml malo je te\u017ea od na\u0161e boce od 450 ml kada je puna teku\u0107ine.<\/p>\n<p>Jednostavan pritisak na gumb otvara poklopac, odr\u017eavaju\u0107i vrhove slamki higijenskim kada su zatvoreni i nikad ne zalutaju. Vrh slam\u010dice s ventilom otpornim na prolijevanje sprje\u010dava slu\u010dajno prolijevanje. Robusna ru\u010dka za no\u0161enje djeci olak\u0161ava no\u0161enje i va\u0111enje iz \u0161kolskih torbi.<\/p>\n<p>Njezin kapacitet od 600 ml i nagnuta silikonska slamka omogu\u0107uju djeci da popiju do posljednje kapi i ostanu hidratizirani tijekom dana. Minimalni broj dijelova i vrlo jednostavan za sastavljanje\/rastavljanje i \u010di\u0161\u0107enje. Mo\u017ee se prati u perilici posu\u0111a (samo gornja polica).<\/p>\n","protected":false},"excerpt":{"rendered":"<p>U\u010dinite vrijeme ru\u010dka \u010darobnim uz kutije za ru\u010dak i boce za pi\u0107e nadahnute Harryjem Potterom, savr\u0161ene za va\u0161u omiljenu gozbu&#8230; jer bacanje \u010darolija je gladan posao!<br \/>\n&gt; od 9+ mj<br \/>\n&gt; Jedinstven ergonomski trokutasti oblik omogu\u0107ava lak\u0161e dr\u017eanje dvjema ru\u010dicama<br \/>\n&gt; Poklopac dizajniran za lako otvaranje i zatvaranje, otvara se pritiskom tipke i ostaje zaklju\u010dan, kako bi sprije\u010dio udaranje djeteta po licu prilikom naginjanja<br \/>\n&gt; Vrh slamke s ventilom otpornim na prolijevanje sprje\u010dava slu\u010dajno prolijevanje<br \/>\n&gt; Velika ru\u010dka za lak\u0161e va\u0111enje iz torbe i no\u0161enje u ruci<br \/>\n&gt; Veliki otvor za lak\u0161e punjenje i stavljanje kockica leda<br \/>\n&gt; Malo dijelova za lak\u0161e \u010di\u0161\u0107enje i sastavljanje<br \/>\n&gt; Kapacitet: 600 ml<br \/>\n&gt; Dimenzije: 8,6 x 7,9 x 26,8 cm<\/p>\n","protected":false},"featured_media":241816,"comment_status":"open","ping_status":"closed","template":"","meta":{"_acf_changed":false,"footnotes":""},"product_brand":[],"product_cat":[654,577,622],"product_tag":[],"class_list":{"0":"post-241813","1":"product","2":"type-product","3":"status-publish","4":"has-post-thumbnail","6":"product_cat-boce-za-vodu","7":"product_cat-hranjenje","8":"product_cat-posude","9":"pa_boja-plava","10":"pa_boja-tamno-plava","11":"pa_brand-b-box","12":"pa_vrsta-posuda-bocice-za-vodu","14":"first","15":"instock","16":"purchasable","17":"product-type-simple"},"bundled_by":[],"bundle_stock_status":"instock","bundle_stock_quantity":15,"bundle_virtual":false,"bundle_layout":"","bundle_add_to_cart_form_location":"","bundle_editable_in_cart":false,"bundle_sold_individually_context":"","bundle_item_grouping":"","bundle_min_size":"","bundle_max_size":"","bundle_price":[],"bundled_items":[],"bundle_sell_ids":[],"acf":[],"yoast_head":"<!-- This site is optimized with the Yoast SEO Premium plugin v21.5 (Yoast SEO v27.4) - https:\/\/yoast.com\/product\/yoast-seo-premium-wordpress\/ -->\n<title>b.box Tritan\u2122 bo\u010dica sa slamkom, 600 ml - Harry Potter - NajNaj.eu<\/title>\n<meta name=\"robots\" content=\"index, follow, max-snippet:-1, max-image-preview:large, max-video-preview:-1\" \/>\n<link rel=\"canonical\" href=\"https:\/\/najnaj.eu\/fr\/proizvod\/b-box-tritan-bocica-sa-slamkom-600-ml-harry-potter\/\" \/>\n<meta property=\"og:locale\" content=\"fr_FR\" \/>\n<meta property=\"og:type\" content=\"article\" \/>\n<meta property=\"og:title\" content=\"b.box Tritan\u2122 bo\u010dica sa slamkom, 600 ml - Harry Potter\" \/>\n<meta property=\"og:description\" content=\"U\u010dinite vrijeme ru\u010dka \u010darobnim uz kutije za ru\u010dak i boce za pi\u0107e nadahnute Harryjem Potterom, savr\u0161ene za va\u0161u omiljenu gozbu... jer bacanje \u010darolija je gladan posao! &gt; od 9+ mj &gt; Jedinstven ergonomski trokutasti oblik omogu\u0107ava lak\u0161e dr\u017eanje dvjema ru\u010dicama &gt; Poklopac dizajniran za lako otvaranje i zatvaranje, otvara se pritiskom tipke i ostaje zaklju\u010dan, kako bi sprije\u010dio udaranje djeteta po licu prilikom naginjanja &gt; Vrh slamke s ventilom otpornim na prolijevanje sprje\u010dava slu\u010dajno prolijevanje &gt; Velika ru\u010dka za lak\u0161e va\u0111enje iz torbe i no\u0161enje u ruci &gt; Veliki otvor za lak\u0161e punjenje i stavljanje kockica leda &gt; Malo dijelova za lak\u0161e \u010di\u0161\u0107enje i sastavljanje &gt; Kapacitet: 600 ml &gt; Dimenzije: 8,6 x 7,9 x 26,8 cm\" \/>\n<meta property=\"og:url\" content=\"https:\/\/najnaj.eu\/fr\/proizvod\/b-box-tritan-bocica-sa-slamkom-600-ml-harry-potter\/\" \/>\n<meta property=\"og:site_name\" content=\"NajNaj.eu\" \/>\n<meta property=\"article:publisher\" content=\"https:\/\/web.facebook.com\/najnaj.eu\/\" \/>\n<meta property=\"article:modified_time\" content=\"2026-03-11T07:30:06+00:00\" \/>\n<meta property=\"og:image\" content=\"https:\/\/najnaj.eu\/wp-content\/uploads\/2025\/02\/0002_Harry-Potter_Tritan-600ml-Dronk-Bottle_1.jpg\" \/>\n\t<meta property=\"og:image:width\" content=\"1200\" \/>\n\t<meta property=\"og:image:height\" content=\"1200\" \/>\n\t<meta property=\"og:image:type\" content=\"image\/jpeg\" \/>\n<meta name=\"twitter:card\" content=\"summary_large_image\" \/>\n<meta name=\"twitter:label1\" content=\"Prix\" \/>\n\t<meta name=\"twitter:data1\" content=\"23,99&nbsp;&euro;\" \/>\n\t<meta name=\"twitter:label2\" content=\"Disponibilit\u00e9\" \/>\n\t<meta name=\"twitter:data2\" content=\"En stock\" \/>\n<script type=\"application\/ld+json\" class=\"yoast-schema-graph\">{\"@context\":\"https:\\\/\\\/schema.org\",\"@graph\":[{\"@type\":\"WebPage\",\"@id\":\"https:\\\/\\\/najnaj.eu\\\/fr\\\/proizvod\\\/b-box-tritan-bocica-sa-slamkom-600-ml-harry-potter\\\/\",\"url\":\"https:\\\/\\\/najnaj.eu\\\/fr\\\/proizvod\\\/b-box-tritan-bocica-sa-slamkom-600-ml-harry-potter\\\/\",\"name\":\"b.box Tritan\u2122 bo\u010dica sa slamkom, 600 ml - Harry Potter - NajNaj.eu\",\"isPartOf\":{\"@id\":\"https:\\\/\\\/najnaj.eu\\\/fr\\\/#website\"},\"primaryImageOfPage\":{\"@id\":\"https:\\\/\\\/najnaj.eu\\\/fr\\\/proizvod\\\/b-box-tritan-bocica-sa-slamkom-600-ml-harry-potter\\\/#primaryimage\"},\"image\":{\"@id\":\"https:\\\/\\\/najnaj.eu\\\/fr\\\/proizvod\\\/b-box-tritan-bocica-sa-slamkom-600-ml-harry-potter\\\/#primaryimage\"},\"thumbnailUrl\":\"https:\\\/\\\/najnaj.eu\\\/wp-content\\\/uploads\\\/2025\\\/02\\\/0002_Harry-Potter_Tritan-600ml-Dronk-Bottle_1.jpg\",\"datePublished\":\"2025-02-18T09:23:49+00:00\",\"dateModified\":\"2026-03-11T07:30:06+00:00\",\"breadcrumb\":{\"@id\":\"https:\\\/\\\/najnaj.eu\\\/fr\\\/proizvod\\\/b-box-tritan-bocica-sa-slamkom-600-ml-harry-potter\\\/#breadcrumb\"},\"inLanguage\":\"fr-FR\",\"potentialAction\":[{\"@type\":\"ReadAction\",\"target\":[\"https:\\\/\\\/najnaj.eu\\\/fr\\\/proizvod\\\/b-box-tritan-bocica-sa-slamkom-600-ml-harry-potter\\\/\"]}]},{\"@type\":\"ImageObject\",\"inLanguage\":\"fr-FR\",\"@id\":\"https:\\\/\\\/najnaj.eu\\\/fr\\\/proizvod\\\/b-box-tritan-bocica-sa-slamkom-600-ml-harry-potter\\\/#primaryimage\",\"url\":\"https:\\\/\\\/najnaj.eu\\\/wp-content\\\/uploads\\\/2025\\\/02\\\/0002_Harry-Potter_Tritan-600ml-Dronk-Bottle_1.jpg\",\"contentUrl\":\"https:\\\/\\\/najnaj.eu\\\/wp-content\\\/uploads\\\/2025\\\/02\\\/0002_Harry-Potter_Tritan-600ml-Dronk-Bottle_1.jpg\",\"width\":1200,\"height\":1200},{\"@type\":\"BreadcrumbList\",\"@id\":\"https:\\\/\\\/najnaj.eu\\\/fr\\\/proizvod\\\/b-box-tritan-bocica-sa-slamkom-600-ml-harry-potter\\\/#breadcrumb\",\"itemListElement\":[{\"@type\":\"ListItem\",\"position\":1,\"name\":\"Po\u010detna stranica\",\"item\":\"https:\\\/\\\/najnaj.eu\\\/fr\\\/\"},{\"@type\":\"ListItem\",\"position\":2,\"name\":\"Trgovina\",\"item\":\"https:\\\/\\\/najnaj.hr\\\/trgovina\\\/\"},{\"@type\":\"ListItem\",\"position\":3,\"name\":\"b.box Tritan\u2122 bo\u010dica sa slamkom, 600 ml &#8211; Harry Potter\"}]},{\"@type\":\"WebSite\",\"@id\":\"https:\\\/\\\/najnaj.eu\\\/fr\\\/#website\",\"url\":\"https:\\\/\\\/najnaj.eu\\\/fr\\\/\",\"name\":\"NajNaj.eu\",\"description\":\"Za najva\u017enije!\",\"potentialAction\":[{\"@type\":\"SearchAction\",\"target\":{\"@type\":\"EntryPoint\",\"urlTemplate\":\"https:\\\/\\\/najnaj.eu\\\/fr\\\/?s={search_term_string}\"},\"query-input\":{\"@type\":\"PropertyValueSpecification\",\"valueRequired\":true,\"valueName\":\"search_term_string\"}}],\"inLanguage\":\"fr-FR\"}]}<\/script>\n<meta property=\"product:brand\" content=\"b.box\" \/>\n<meta property=\"product:price:amount\" content=\"23.99\" \/>\n<meta property=\"product:price:currency\" content=\"EUR\" \/>\n<meta property=\"og:availability\" content=\"instock\" \/>\n<meta property=\"product:availability\" content=\"instock\" \/>\n<meta property=\"product:retailer_item_id\" content=\"BX0916\" \/>\n<meta property=\"product:condition\" content=\"new\" \/>\n<!-- \/ Yoast SEO Premium plugin. -->","yoast_head_json":{"title":"b.box Tritan\u2122 bo\u010dica sa slamkom, 600 ml - Harry Potter - NajNaj.eu","robots":{"index":"index","follow":"follow","max-snippet":"max-snippet:-1","max-image-preview":"max-image-preview:large","max-video-preview":"max-video-preview:-1"},"canonical":"https:\/\/najnaj.eu\/fr\/proizvod\/b-box-tritan-bocica-sa-slamkom-600-ml-harry-potter\/","og_locale":"fr_FR","og_type":"article","og_title":"b.box Tritan\u2122 bo\u010dica sa slamkom, 600 ml - Harry Potter","og_description":"U\u010dinite vrijeme ru\u010dka \u010darobnim uz kutije za ru\u010dak i boce za pi\u0107e nadahnute Harryjem Potterom, savr\u0161ene za va\u0161u omiljenu gozbu... jer bacanje \u010darolija je gladan posao! &gt; od 9+ mj &gt; Jedinstven ergonomski trokutasti oblik omogu\u0107ava lak\u0161e dr\u017eanje dvjema ru\u010dicama &gt; Poklopac dizajniran za lako otvaranje i zatvaranje, otvara se pritiskom tipke i ostaje zaklju\u010dan, kako bi sprije\u010dio udaranje djeteta po licu prilikom naginjanja &gt; Vrh slamke s ventilom otpornim na prolijevanje sprje\u010dava slu\u010dajno prolijevanje &gt; Velika ru\u010dka za lak\u0161e va\u0111enje iz torbe i no\u0161enje u ruci &gt; Veliki otvor za lak\u0161e punjenje i stavljanje kockica leda &gt; Malo dijelova za lak\u0161e \u010di\u0161\u0107enje i sastavljanje &gt; Kapacitet: 600 ml &gt; Dimenzije: 8,6 x 7,9 x 26,8 cm","og_url":"https:\/\/najnaj.eu\/fr\/proizvod\/b-box-tritan-bocica-sa-slamkom-600-ml-harry-potter\/","og_site_name":"NajNaj.eu","article_publisher":"https:\/\/web.facebook.com\/najnaj.eu\/","article_modified_time":"2026-03-11T07:30:06+00:00","og_image":[{"width":1200,"height":1200,"url":"https:\/\/najnaj.eu\/wp-content\/uploads\/2025\/02\/0002_Harry-Potter_Tritan-600ml-Dronk-Bottle_1.jpg","type":"image\/jpeg"}],"twitter_card":"summary_large_image","twitter_misc":{"Prix":"23,99&nbsp;&euro;","Disponibilit\u00e9":"En stock"},"schema":{"@context":"https:\/\/schema.org","@graph":[{"@type":"WebPage","@id":"https:\/\/najnaj.eu\/fr\/proizvod\/b-box-tritan-bocica-sa-slamkom-600-ml-harry-potter\/","url":"https:\/\/najnaj.eu\/fr\/proizvod\/b-box-tritan-bocica-sa-slamkom-600-ml-harry-potter\/","name":"b.box Tritan\u2122 bo\u010dica sa slamkom, 600 ml - Harry Potter - NajNaj.eu","isPartOf":{"@id":"https:\/\/najnaj.eu\/fr\/#website"},"primaryImageOfPage":{"@id":"https:\/\/najnaj.eu\/fr\/proizvod\/b-box-tritan-bocica-sa-slamkom-600-ml-harry-potter\/#primaryimage"},"image":{"@id":"https:\/\/najnaj.eu\/fr\/proizvod\/b-box-tritan-bocica-sa-slamkom-600-ml-harry-potter\/#primaryimage"},"thumbnailUrl":"https:\/\/najnaj.eu\/wp-content\/uploads\/2025\/02\/0002_Harry-Potter_Tritan-600ml-Dronk-Bottle_1.jpg","datePublished":"2025-02-18T09:23:49+00:00","dateModified":"2026-03-11T07:30:06+00:00","breadcrumb":{"@id":"https:\/\/najnaj.eu\/fr\/proizvod\/b-box-tritan-bocica-sa-slamkom-600-ml-harry-potter\/#breadcrumb"},"inLanguage":"fr-FR","potentialAction":[{"@type":"ReadAction","target":["https:\/\/najnaj.eu\/fr\/proizvod\/b-box-tritan-bocica-sa-slamkom-600-ml-harry-potter\/"]}]},{"@type":"ImageObject","inLanguage":"fr-FR","@id":"https:\/\/najnaj.eu\/fr\/proizvod\/b-box-tritan-bocica-sa-slamkom-600-ml-harry-potter\/#primaryimage","url":"https:\/\/najnaj.eu\/wp-content\/uploads\/2025\/02\/0002_Harry-Potter_Tritan-600ml-Dronk-Bottle_1.jpg","contentUrl":"https:\/\/najnaj.eu\/wp-content\/uploads\/2025\/02\/0002_Harry-Potter_Tritan-600ml-Dronk-Bottle_1.jpg","width":1200,"height":1200},{"@type":"BreadcrumbList","@id":"https:\/\/najnaj.eu\/fr\/proizvod\/b-box-tritan-bocica-sa-slamkom-600-ml-harry-potter\/#breadcrumb","itemListElement":[{"@type":"ListItem","position":1,"name":"Po\u010detna stranica","item":"https:\/\/najnaj.eu\/fr\/"},{"@type":"ListItem","position":2,"name":"Trgovina","item":"https:\/\/najnaj.hr\/trgovina\/"},{"@type":"ListItem","position":3,"name":"b.box Tritan\u2122 bo\u010dica sa slamkom, 600 ml &#8211; Harry Potter"}]},{"@type":"WebSite","@id":"https:\/\/najnaj.eu\/fr\/#website","url":"https:\/\/najnaj.eu\/fr\/","name":"NajNaj.eu","description":"Za najva\u017enije!","potentialAction":[{"@type":"SearchAction","target":{"@type":"EntryPoint","urlTemplate":"https:\/\/najnaj.eu\/fr\/?s={search_term_string}"},"query-input":{"@type":"PropertyValueSpecification","valueRequired":true,"valueName":"search_term_string"}}],"inLanguage":"fr-FR"}]},"product_brand":"b.box","product_price_amount":"23.99","product_price_currency":"EUR","og_availability":"instock","product_availability":"instock","product_retailer_item_id":"BX0916","product_condition":"new"},"_links":{"self":[{"href":"https:\/\/najnaj.eu\/fr\/wp-json\/wp\/v2\/product\/241813","targetHints":{"allow":["GET"]}}],"collection":[{"href":"https:\/\/najnaj.eu\/fr\/wp-json\/wp\/v2\/product"}],"about":[{"href":"https:\/\/najnaj.eu\/fr\/wp-json\/wp\/v2\/types\/product"}],"replies":[{"embeddable":true,"href":"https:\/\/najnaj.eu\/fr\/wp-json\/wp\/v2\/comments?post=241813"}],"version-history":[{"count":0,"href":"https:\/\/najnaj.eu\/fr\/wp-json\/wp\/v2\/product\/241813\/revisions"}],"wp:featuredmedia":[{"embeddable":true,"href":"https:\/\/najnaj.eu\/fr\/wp-json\/wp\/v2\/media\/241816"}],"wp:attachment":[{"href":"https:\/\/najnaj.eu\/fr\/wp-json\/wp\/v2\/media?parent=241813"}],"wp:term":[{"taxonomy":"product_brand","embeddable":true,"href":"https:\/\/najnaj.eu\/fr\/wp-json\/wp\/v2\/product_brand?post=241813"},{"taxonomy":"product_cat","embeddable":true,"href":"https:\/\/najnaj.eu\/fr\/wp-json\/wp\/v2\/product_cat?post=241813"},{"taxonomy":"product_tag","embeddable":true,"href":"https:\/\/najnaj.eu\/fr\/wp-json\/wp\/v2\/product_tag?post=241813"}],"curies":[{"name":"wp","href":"https:\/\/api.w.org\/{rel}","templated":true}]}}