{"id":241790,"date":"2025-02-18T10:19:15","date_gmt":"2025-02-18T09:19:15","guid":{"rendered":"https:\/\/najnaj.eu\/?post_type=product&#038;p=241790"},"modified":"2026-02-04T15:49:10","modified_gmt":"2026-02-04T14:49:10","slug":"b-box-termo-boca-flip-top-1-l-looney-tunes","status":"publish","type":"product","link":"https:\/\/najnaj.eu\/fr\/proizvod\/b-box-termo-boca-flip-top-1-l-looney-tunes\/","title":{"rendered":"b.box Termo boca, Flip Top, 1 l &#8211; Looney Tunes"},"content":{"rendered":"<p>    <form name=\"loginform\" id=\"loginform\" action=\"https:\/\/najnaj.eu\/fr\/najnajbolji\/\" method=\"post\"><p class=\"login-username\">\n\t\t\t\t<label for=\"user_login\">Identifiant ou adresse e-mail<\/label>\n\t\t\t\t<input type=\"text\" name=\"log\" id=\"user_login\" autocomplete=\"username\" class=\"input\" value=\"\" size=\"20\" \/>\n\t\t\t<\/p><p class=\"login-password\">\n\t\t\t\t<label for=\"user_pass\">Mot de passe<\/label>\n\t\t\t\t<input type=\"password\" name=\"pwd\" id=\"user_pass\" autocomplete=\"current-password\" spellcheck=\"false\" class=\"input\" value=\"\" size=\"20\" \/>\n\t\t\t<\/p><p class=\"login-remember\"><label><input name=\"rememberme\" type=\"checkbox\" id=\"rememberme\" value=\"forever\" \/> Se souvenir de moi<\/label><\/p><p class=\"login-submit\">\n\t\t\t\t<input type=\"submit\" name=\"wp-submit\" id=\"wp-submit\" class=\"button button-primary\" value=\"Se connecter\" \/>\n\t\t\t\t<input type=\"hidden\" name=\"redirect_to\" value=\"https:\/\/najnaj.eu\/fr\/wp-json\/wp\/v2\/product\/241790\" \/>\n\t\t\t<\/p><\/form>Dizajnirana za moju svakodnevicu, dizajnirana za mene.<\/p>\n<p>Pripremite se za ve\u0107u i bolju cjelodnevnu hidrataciju! Izolirana boca za pi\u0107e s preklopnim poklopcem od 1 L va\u0161a je svakodnevna stvar koju morate imati kad ste vani.<\/p>\n<p>Troslojna izolacija odr\u017eava teku\u0107ine hladnima do 46 sati, tako da mo\u017eete ostati hidratizirani bez obzira na to \u0161to vas dan \u010deka! Sadr\u017ei preklopni poklopac i slamku od nehr\u0111aju\u0107eg \u010delika za jednostavno okretanje i pijuckanje, slobodno ispijanje.<\/p>\n<p>Fleksibilna i izdr\u017eljiva ru\u010dka za no\u0161enje \u010dini hidrataciju u pokretu jednostavnom. Veliki otvor za jednostavno punjenje (i ponovno punjenje) teku\u0107inama i kockicama leda. Kapacitet 1L. Dizajn koji se lako \u010disti, mo\u017ee se prati u perilici posu\u0111a, samo gornja polica. Bez BPA, ftalata i PVC-a.<\/p>\n","protected":false},"excerpt":{"rendered":"<p>Preslatki likovi iz Looney Tunesa donose zabavu hranjenju i pijenju mali\u0161anima i nasmijavaju najmla\u0111e za vrijeme ru\u010dka!<br \/>\n&gt; Troslojna izolacija \u2013 odr\u017eava teku\u0107ine hladnima do 46 sati!<br \/>\n&gt; Preklopni gornji poklopac za pi\u0107e slobodnog protoka sa slamkom od nehr\u0111aju\u0107eg \u010delika iznutra<br \/>\n&gt; Nepropusno kada je poklopac zatvoren<br \/>\n&gt; Dizajn koji se lako \u010disti<br \/>\n&gt; Mo\u017ee se prati u perilici posu\u0111a, samo gornja polica<br \/>\n&gt; Izdr\u017eljiva, fleksibilna ru\u010dka za no\u0161enje u pokretu<br \/>\n&gt; Izra\u0111en od nehr\u0111aju\u0107eg \u010delika, PP i silikona<br \/>\n&gt; Bez BPA, PVC-a i ftalata<br \/>\n&gt; Te\u017eina: 0,47 kg<br \/>\n&gt; Kapacitet: 1L<\/p>\n","protected":false},"featured_media":272136,"comment_status":"open","ping_status":"closed","template":"","meta":{"_acf_changed":false,"footnotes":""},"product_brand":[],"product_cat":[654,577,1709,622],"product_tag":[2272,2141],"class_list":{"0":"post-241790","1":"product","2":"type-product","3":"status-publish","4":"has-post-thumbnail","6":"product_cat-boce-za-vodu","7":"product_cat-hranjenje","8":"product_cat-pokloni","9":"product_cat-posude","10":"product_tag-ljeto","11":"product_tag-personalizirani-proizvodi","12":"pa_boja-plava","13":"pa_boja-zuta","14":"pa_brand-b-box","15":"pa_vrsta-posuda-bocice-za-vodu","16":"pa_vrsta-posuda-termo-bocice","18":"first","19":"outofstock","20":"shipping-taxable","21":"purchasable","22":"product-type-simple"},"bundled_by":[],"bundle_stock_status":"outofstock","bundle_stock_quantity":0,"bundle_virtual":false,"bundle_layout":"","bundle_add_to_cart_form_location":"","bundle_editable_in_cart":false,"bundle_sold_individually_context":"","bundle_item_grouping":"","bundle_min_size":"","bundle_max_size":"","bundle_price":[],"bundled_items":[],"bundle_sell_ids":[],"acf":[],"yoast_head":"<!-- This site is optimized with the Yoast SEO Premium plugin v21.5 (Yoast SEO v27.4) - https:\/\/yoast.com\/product\/yoast-seo-premium-wordpress\/ -->\n<title>b.box Termo boca, Flip Top, 1 l - Looney Tunes - NajNaj.eu<\/title>\n<meta name=\"robots\" content=\"index, follow, max-snippet:-1, max-image-preview:large, max-video-preview:-1\" \/>\n<link rel=\"canonical\" href=\"https:\/\/najnaj.eu\/fr\/proizvod\/b-box-termo-boca-flip-top-1-l-looney-tunes\/\" \/>\n<meta property=\"og:locale\" content=\"fr_FR\" \/>\n<meta property=\"og:type\" content=\"article\" \/>\n<meta property=\"og:title\" content=\"b.box Termo boca, Flip Top, 1 l - Looney Tunes\" \/>\n<meta property=\"og:description\" content=\"Preslatki likovi iz Looney Tunesa donose zabavu hranjenju i pijenju mali\u0161anima i nasmijavaju najmla\u0111e za vrijeme ru\u010dka! &gt; Troslojna izolacija \u2013 odr\u017eava teku\u0107ine hladnima do 46 sati! &gt; Preklopni gornji poklopac za pi\u0107e slobodnog protoka sa slamkom od nehr\u0111aju\u0107eg \u010delika iznutra &gt; Nepropusno kada je poklopac zatvoren &gt; Dizajn koji se lako \u010disti &gt; Mo\u017ee se prati u perilici posu\u0111a, samo gornja polica &gt; Izdr\u017eljiva, fleksibilna ru\u010dka za no\u0161enje u pokretu &gt; Izra\u0111en od nehr\u0111aju\u0107eg \u010delika, PP i silikona &gt; Bez BPA, PVC-a i ftalata &gt; Te\u017eina: 0,47 kg &gt; Kapacitet: 1L\" \/>\n<meta property=\"og:url\" content=\"https:\/\/najnaj.eu\/fr\/proizvod\/b-box-termo-boca-flip-top-1-l-looney-tunes\/\" \/>\n<meta property=\"og:site_name\" content=\"NajNaj.eu\" \/>\n<meta property=\"article:publisher\" content=\"https:\/\/web.facebook.com\/najnaj.eu\/\" \/>\n<meta property=\"article:modified_time\" content=\"2026-02-04T14:49:10+00:00\" \/>\n<meta property=\"og:image\" content=\"https:\/\/najnaj.eu\/wp-content\/uploads\/2025\/02\/looney.jpg\" \/>\n\t<meta property=\"og:image:width\" content=\"2000\" \/>\n\t<meta property=\"og:image:height\" content=\"2000\" \/>\n\t<meta property=\"og:image:type\" content=\"image\/jpeg\" \/>\n<meta name=\"twitter:card\" content=\"summary_large_image\" \/>\n<meta name=\"twitter:label1\" content=\"Prix\" \/>\n\t<meta name=\"twitter:data1\" content=\"39,99&nbsp;&euro;\" \/>\n\t<meta name=\"twitter:label2\" content=\"Disponibilit\u00e9\" \/>\n\t<meta name=\"twitter:data2\" content=\"Rupture de stock\" \/>\n<script type=\"application\/ld+json\" class=\"yoast-schema-graph\">{\"@context\":\"https:\\\/\\\/schema.org\",\"@graph\":[{\"@type\":\"WebPage\",\"@id\":\"https:\\\/\\\/najnaj.eu\\\/fr\\\/proizvod\\\/b-box-termo-boca-flip-top-1-l-looney-tunes\\\/\",\"url\":\"https:\\\/\\\/najnaj.eu\\\/fr\\\/proizvod\\\/b-box-termo-boca-flip-top-1-l-looney-tunes\\\/\",\"name\":\"b.box Termo boca, Flip Top, 1 l - Looney Tunes - NajNaj.eu\",\"isPartOf\":{\"@id\":\"https:\\\/\\\/najnaj.eu\\\/fr\\\/#website\"},\"primaryImageOfPage\":{\"@id\":\"https:\\\/\\\/najnaj.eu\\\/fr\\\/proizvod\\\/b-box-termo-boca-flip-top-1-l-looney-tunes\\\/#primaryimage\"},\"image\":{\"@id\":\"https:\\\/\\\/najnaj.eu\\\/fr\\\/proizvod\\\/b-box-termo-boca-flip-top-1-l-looney-tunes\\\/#primaryimage\"},\"thumbnailUrl\":\"https:\\\/\\\/najnaj.eu\\\/wp-content\\\/uploads\\\/2025\\\/02\\\/looney.jpg\",\"datePublished\":\"2025-02-18T09:19:15+00:00\",\"dateModified\":\"2026-02-04T14:49:10+00:00\",\"breadcrumb\":{\"@id\":\"https:\\\/\\\/najnaj.eu\\\/fr\\\/proizvod\\\/b-box-termo-boca-flip-top-1-l-looney-tunes\\\/#breadcrumb\"},\"inLanguage\":\"fr-FR\",\"potentialAction\":[{\"@type\":\"ReadAction\",\"target\":[\"https:\\\/\\\/najnaj.eu\\\/fr\\\/proizvod\\\/b-box-termo-boca-flip-top-1-l-looney-tunes\\\/\"]}]},{\"@type\":\"ImageObject\",\"inLanguage\":\"fr-FR\",\"@id\":\"https:\\\/\\\/najnaj.eu\\\/fr\\\/proizvod\\\/b-box-termo-boca-flip-top-1-l-looney-tunes\\\/#primaryimage\",\"url\":\"https:\\\/\\\/najnaj.eu\\\/wp-content\\\/uploads\\\/2025\\\/02\\\/looney.jpg\",\"contentUrl\":\"https:\\\/\\\/najnaj.eu\\\/wp-content\\\/uploads\\\/2025\\\/02\\\/looney.jpg\",\"width\":2000,\"height\":2000},{\"@type\":\"BreadcrumbList\",\"@id\":\"https:\\\/\\\/najnaj.eu\\\/fr\\\/proizvod\\\/b-box-termo-boca-flip-top-1-l-looney-tunes\\\/#breadcrumb\",\"itemListElement\":[{\"@type\":\"ListItem\",\"position\":1,\"name\":\"Po\u010detna stranica\",\"item\":\"https:\\\/\\\/najnaj.eu\\\/fr\\\/\"},{\"@type\":\"ListItem\",\"position\":2,\"name\":\"Trgovina\",\"item\":\"https:\\\/\\\/najnaj.hr\\\/trgovina\\\/\"},{\"@type\":\"ListItem\",\"position\":3,\"name\":\"b.box Termo boca, Flip Top, 1 l &#8211; Looney Tunes\"}]},{\"@type\":\"WebSite\",\"@id\":\"https:\\\/\\\/najnaj.eu\\\/fr\\\/#website\",\"url\":\"https:\\\/\\\/najnaj.eu\\\/fr\\\/\",\"name\":\"NajNaj.eu\",\"description\":\"Za najva\u017enije!\",\"potentialAction\":[{\"@type\":\"SearchAction\",\"target\":{\"@type\":\"EntryPoint\",\"urlTemplate\":\"https:\\\/\\\/najnaj.eu\\\/fr\\\/?s={search_term_string}\"},\"query-input\":{\"@type\":\"PropertyValueSpecification\",\"valueRequired\":true,\"valueName\":\"search_term_string\"}}],\"inLanguage\":\"fr-FR\"}]}<\/script>\n<meta property=\"product:brand\" content=\"b.box\" \/>\n<meta property=\"product:price:amount\" content=\"39.99\" \/>\n<meta property=\"product:price:currency\" content=\"EUR\" \/>\n<meta property=\"og:availability\" content=\"out of stock\" \/>\n<meta property=\"product:availability\" content=\"out of stock\" \/>\n<meta property=\"product:retailer_item_id\" content=\"BX0910\" \/>\n<meta property=\"product:condition\" content=\"new\" \/>\n<!-- \/ Yoast SEO Premium plugin. -->","yoast_head_json":{"title":"b.box Termo boca, Flip Top, 1 l - Looney Tunes - NajNaj.eu","robots":{"index":"index","follow":"follow","max-snippet":"max-snippet:-1","max-image-preview":"max-image-preview:large","max-video-preview":"max-video-preview:-1"},"canonical":"https:\/\/najnaj.eu\/fr\/proizvod\/b-box-termo-boca-flip-top-1-l-looney-tunes\/","og_locale":"fr_FR","og_type":"article","og_title":"b.box Termo boca, Flip Top, 1 l - Looney Tunes","og_description":"Preslatki likovi iz Looney Tunesa donose zabavu hranjenju i pijenju mali\u0161anima i nasmijavaju najmla\u0111e za vrijeme ru\u010dka! &gt; Troslojna izolacija \u2013 odr\u017eava teku\u0107ine hladnima do 46 sati! &gt; Preklopni gornji poklopac za pi\u0107e slobodnog protoka sa slamkom od nehr\u0111aju\u0107eg \u010delika iznutra &gt; Nepropusno kada je poklopac zatvoren &gt; Dizajn koji se lako \u010disti &gt; Mo\u017ee se prati u perilici posu\u0111a, samo gornja polica &gt; Izdr\u017eljiva, fleksibilna ru\u010dka za no\u0161enje u pokretu &gt; Izra\u0111en od nehr\u0111aju\u0107eg \u010delika, PP i silikona &gt; Bez BPA, PVC-a i ftalata &gt; Te\u017eina: 0,47 kg &gt; Kapacitet: 1L","og_url":"https:\/\/najnaj.eu\/fr\/proizvod\/b-box-termo-boca-flip-top-1-l-looney-tunes\/","og_site_name":"NajNaj.eu","article_publisher":"https:\/\/web.facebook.com\/najnaj.eu\/","article_modified_time":"2026-02-04T14:49:10+00:00","og_image":[{"width":2000,"height":2000,"url":"https:\/\/najnaj.eu\/wp-content\/uploads\/2025\/02\/looney.jpg","type":"image\/jpeg"}],"twitter_card":"summary_large_image","twitter_misc":{"Prix":"39,99&nbsp;&euro;","Disponibilit\u00e9":"Rupture de stock"},"schema":{"@context":"https:\/\/schema.org","@graph":[{"@type":"WebPage","@id":"https:\/\/najnaj.eu\/fr\/proizvod\/b-box-termo-boca-flip-top-1-l-looney-tunes\/","url":"https:\/\/najnaj.eu\/fr\/proizvod\/b-box-termo-boca-flip-top-1-l-looney-tunes\/","name":"b.box Termo boca, Flip Top, 1 l - Looney Tunes - NajNaj.eu","isPartOf":{"@id":"https:\/\/najnaj.eu\/fr\/#website"},"primaryImageOfPage":{"@id":"https:\/\/najnaj.eu\/fr\/proizvod\/b-box-termo-boca-flip-top-1-l-looney-tunes\/#primaryimage"},"image":{"@id":"https:\/\/najnaj.eu\/fr\/proizvod\/b-box-termo-boca-flip-top-1-l-looney-tunes\/#primaryimage"},"thumbnailUrl":"https:\/\/najnaj.eu\/wp-content\/uploads\/2025\/02\/looney.jpg","datePublished":"2025-02-18T09:19:15+00:00","dateModified":"2026-02-04T14:49:10+00:00","breadcrumb":{"@id":"https:\/\/najnaj.eu\/fr\/proizvod\/b-box-termo-boca-flip-top-1-l-looney-tunes\/#breadcrumb"},"inLanguage":"fr-FR","potentialAction":[{"@type":"ReadAction","target":["https:\/\/najnaj.eu\/fr\/proizvod\/b-box-termo-boca-flip-top-1-l-looney-tunes\/"]}]},{"@type":"ImageObject","inLanguage":"fr-FR","@id":"https:\/\/najnaj.eu\/fr\/proizvod\/b-box-termo-boca-flip-top-1-l-looney-tunes\/#primaryimage","url":"https:\/\/najnaj.eu\/wp-content\/uploads\/2025\/02\/looney.jpg","contentUrl":"https:\/\/najnaj.eu\/wp-content\/uploads\/2025\/02\/looney.jpg","width":2000,"height":2000},{"@type":"BreadcrumbList","@id":"https:\/\/najnaj.eu\/fr\/proizvod\/b-box-termo-boca-flip-top-1-l-looney-tunes\/#breadcrumb","itemListElement":[{"@type":"ListItem","position":1,"name":"Po\u010detna stranica","item":"https:\/\/najnaj.eu\/fr\/"},{"@type":"ListItem","position":2,"name":"Trgovina","item":"https:\/\/najnaj.hr\/trgovina\/"},{"@type":"ListItem","position":3,"name":"b.box Termo boca, Flip Top, 1 l &#8211; Looney Tunes"}]},{"@type":"WebSite","@id":"https:\/\/najnaj.eu\/fr\/#website","url":"https:\/\/najnaj.eu\/fr\/","name":"NajNaj.eu","description":"Za najva\u017enije!","potentialAction":[{"@type":"SearchAction","target":{"@type":"EntryPoint","urlTemplate":"https:\/\/najnaj.eu\/fr\/?s={search_term_string}"},"query-input":{"@type":"PropertyValueSpecification","valueRequired":true,"valueName":"search_term_string"}}],"inLanguage":"fr-FR"}]},"product_brand":"b.box","product_price_amount":"39.99","product_price_currency":"EUR","og_availability":"out of stock","product_availability":"out of stock","product_retailer_item_id":"BX0910","product_condition":"new"},"_links":{"self":[{"href":"https:\/\/najnaj.eu\/fr\/wp-json\/wp\/v2\/product\/241790","targetHints":{"allow":["GET"]}}],"collection":[{"href":"https:\/\/najnaj.eu\/fr\/wp-json\/wp\/v2\/product"}],"about":[{"href":"https:\/\/najnaj.eu\/fr\/wp-json\/wp\/v2\/types\/product"}],"replies":[{"embeddable":true,"href":"https:\/\/najnaj.eu\/fr\/wp-json\/wp\/v2\/comments?post=241790"}],"version-history":[{"count":0,"href":"https:\/\/najnaj.eu\/fr\/wp-json\/wp\/v2\/product\/241790\/revisions"}],"wp:featuredmedia":[{"embeddable":true,"href":"https:\/\/najnaj.eu\/fr\/wp-json\/wp\/v2\/media\/272136"}],"wp:attachment":[{"href":"https:\/\/najnaj.eu\/fr\/wp-json\/wp\/v2\/media?parent=241790"}],"wp:term":[{"taxonomy":"product_brand","embeddable":true,"href":"https:\/\/najnaj.eu\/fr\/wp-json\/wp\/v2\/product_brand?post=241790"},{"taxonomy":"product_cat","embeddable":true,"href":"https:\/\/najnaj.eu\/fr\/wp-json\/wp\/v2\/product_cat?post=241790"},{"taxonomy":"product_tag","embeddable":true,"href":"https:\/\/najnaj.eu\/fr\/wp-json\/wp\/v2\/product_tag?post=241790"}],"curies":[{"name":"wp","href":"https:\/\/api.w.org\/{rel}","templated":true}]}}