{"id":237499,"date":"2025-01-31T11:28:19","date_gmt":"2025-01-31T10:28:19","guid":{"rendered":"https:\/\/najnaj.eu\/?post_type=product&#038;p=237499"},"modified":"2026-03-17T09:35:18","modified_gmt":"2026-03-17T08:35:18","slug":"b-box-termo-bocica-sa-slamkom-350ml-chill-out","status":"publish","type":"product","link":"https:\/\/najnaj.eu\/fr\/proizvod\/b-box-termo-bocica-sa-slamkom-350ml-chill-out\/","title":{"rendered":"b.box Termo bo\u010dica sa slamkom, 350ml &#8211; chill out"},"content":{"rendered":"<p>Na\u0161a termo boca hladnom daje novo zna\u010denje. Ova bo\u010dica ima super mo\u0107i kod odr\u017eavanja temperature teku\u0107ine!<br \/>\nDvostruke stijenke od nehr\u0111aju\u0107eg \u010delika odr\u017eavaju teku\u0107ine hladnim do 8, odnosno toplim do 6 sati, tako da klinci ostaju hidrirani, bez obzira na vremenske uvjete. Otvaranje na potisak i prakti\u010dna ru\u010dka, malenima su idealne za lako rukovanje . Moderan dizajn i estetski izgled prilago\u0111eni su i ve\u0107oj djeci. Bo\u010dice su dostupne u razli\u010ditim b.box bojama. Djeca obo\u017eavaju na\u0161u silikonsku slamku. Roditelji obo\u017eavaju \u0161to nema curenja kada je bo\u010dica zatvorena.<\/p>\n","protected":false},"excerpt":{"rendered":"<p>&gt; Termo bo\u010dica s dvostrukim stijenkama od nehr\u0111aju\u0107eg \u010delika<br \/>\n&gt; Perivo u perilici posu\u0111a, samo gornja polica<br \/>\n&gt; Silikonska slamka omogu\u0107uje jednostavo ispijanje<br \/>\n&gt; Teku\u0107ine ostaju hladne do 8 i tople do 6 sati<br \/>\n&gt; Integrirana ru\u010dkica za no\u0161enje<br \/>\n&gt; Izra\u0111ena od nehr\u0111aju\u0107eg \u010delika, silikona i polipropilena<br \/>\n&gt; Ne sadr\u017ei BPA, ftalate i PVC<br \/>\n&gt; 350 ml<br \/>\n&gt; Dimenzije 7 x 7,5 x 20 cm<\/p>\n","protected":false},"featured_media":237866,"comment_status":"open","ping_status":"closed","template":"","meta":{"_acf_changed":false,"footnotes":""},"product_brand":[],"product_cat":[654,622],"product_tag":[2271],"class_list":{"0":"post-237499","1":"product","2":"type-product","3":"status-publish","4":"has-post-thumbnail","6":"product_cat-boce-za-vodu","7":"product_cat-posude","8":"product_tag-zima","9":"pa_boja-plava","10":"pa_brand-b-box","11":"pa_vrsta-posuda-bocice-za-vodu","12":"pa_vrsta-posuda-termo-bocice","14":"first","15":"instock","16":"purchasable","17":"product-type-simple"},"bundled_by":[],"bundle_stock_status":"instock","bundle_stock_quantity":2,"bundle_virtual":false,"bundle_layout":"","bundle_add_to_cart_form_location":"","bundle_editable_in_cart":false,"bundle_sold_individually_context":"","bundle_item_grouping":"","bundle_min_size":"","bundle_max_size":"","bundle_price":[],"bundled_items":[],"bundle_sell_ids":[],"acf":[],"yoast_head":"<!-- This site is optimized with the Yoast SEO Premium plugin v21.5 (Yoast SEO v27.3) - https:\/\/yoast.com\/product\/yoast-seo-premium-wordpress\/ -->\n<title>b.box Termo bo\u010dica sa slamkom, 350ml - chill out - NajNaj.eu<\/title>\n<meta name=\"robots\" content=\"index, follow, max-snippet:-1, max-image-preview:large, max-video-preview:-1\" \/>\n<link rel=\"canonical\" href=\"https:\/\/najnaj.eu\/fr\/proizvod\/b-box-termo-bocica-sa-slamkom-350ml-chill-out\/\" \/>\n<meta property=\"og:locale\" content=\"fr_FR\" \/>\n<meta property=\"og:type\" content=\"article\" \/>\n<meta property=\"og:title\" content=\"b.box Termo bo\u010dica sa slamkom, 350ml - chill out\" \/>\n<meta property=\"og:description\" content=\"&gt; Termo bo\u010dica s dvostrukim stijenkama od nehr\u0111aju\u0107eg \u010delika &gt; Perivo u perilici posu\u0111a, samo gornja polica &gt; Silikonska slamka omogu\u0107uje jednostavo ispijanje &gt; Teku\u0107ine ostaju hladne do 8 i tople do 6 sati &gt; Integrirana ru\u010dkica za no\u0161enje &gt; Izra\u0111ena od nehr\u0111aju\u0107eg \u010delika, silikona i polipropilena &gt; Ne sadr\u017ei BPA, ftalate i PVC &gt; 350 ml &gt; Dimenzije 7 x 7,5 x 20 cm\" \/>\n<meta property=\"og:url\" content=\"https:\/\/najnaj.eu\/fr\/proizvod\/b-box-termo-bocica-sa-slamkom-350ml-chill-out\/\" \/>\n<meta property=\"og:site_name\" content=\"NajNaj.eu\" \/>\n<meta property=\"article:publisher\" content=\"https:\/\/web.facebook.com\/najnaj.eu\/\" \/>\n<meta property=\"article:modified_time\" content=\"2026-03-17T08:35:18+00:00\" \/>\n<meta property=\"og:image\" content=\"https:\/\/najnaj.eu\/wp-content\/uploads\/2025\/01\/Dizajn-bez-naslova-60.jpg\" \/>\n\t<meta property=\"og:image:width\" content=\"2160\" \/>\n\t<meta property=\"og:image:height\" content=\"2160\" \/>\n\t<meta property=\"og:image:type\" content=\"image\/jpeg\" \/>\n<meta name=\"twitter:card\" content=\"summary_large_image\" \/>\n<meta name=\"twitter:label1\" content=\"Prix\" \/>\n\t<meta name=\"twitter:data1\" content=\"27,99&nbsp;&euro;\" \/>\n\t<meta name=\"twitter:label2\" content=\"Disponibilit\u00e9\" \/>\n\t<meta name=\"twitter:data2\" content=\"En stock\" \/>\n<script type=\"application\/ld+json\" class=\"yoast-schema-graph\">{\"@context\":\"https:\\\/\\\/schema.org\",\"@graph\":[{\"@type\":\"WebPage\",\"@id\":\"https:\\\/\\\/najnaj.eu\\\/fr\\\/proizvod\\\/b-box-termo-bocica-sa-slamkom-350ml-chill-out\\\/\",\"url\":\"https:\\\/\\\/najnaj.eu\\\/fr\\\/proizvod\\\/b-box-termo-bocica-sa-slamkom-350ml-chill-out\\\/\",\"name\":\"b.box Termo bo\u010dica sa slamkom, 350ml - chill out - NajNaj.eu\",\"isPartOf\":{\"@id\":\"https:\\\/\\\/najnaj.eu\\\/fr\\\/#website\"},\"primaryImageOfPage\":{\"@id\":\"https:\\\/\\\/najnaj.eu\\\/fr\\\/proizvod\\\/b-box-termo-bocica-sa-slamkom-350ml-chill-out\\\/#primaryimage\"},\"image\":{\"@id\":\"https:\\\/\\\/najnaj.eu\\\/fr\\\/proizvod\\\/b-box-termo-bocica-sa-slamkom-350ml-chill-out\\\/#primaryimage\"},\"thumbnailUrl\":\"https:\\\/\\\/najnaj.eu\\\/wp-content\\\/uploads\\\/2025\\\/01\\\/Dizajn-bez-naslova-60.jpg\",\"datePublished\":\"2025-01-31T10:28:19+00:00\",\"dateModified\":\"2026-03-17T08:35:18+00:00\",\"breadcrumb\":{\"@id\":\"https:\\\/\\\/najnaj.eu\\\/fr\\\/proizvod\\\/b-box-termo-bocica-sa-slamkom-350ml-chill-out\\\/#breadcrumb\"},\"inLanguage\":\"fr-FR\",\"potentialAction\":[{\"@type\":\"ReadAction\",\"target\":[\"https:\\\/\\\/najnaj.eu\\\/fr\\\/proizvod\\\/b-box-termo-bocica-sa-slamkom-350ml-chill-out\\\/\"]}]},{\"@type\":\"ImageObject\",\"inLanguage\":\"fr-FR\",\"@id\":\"https:\\\/\\\/najnaj.eu\\\/fr\\\/proizvod\\\/b-box-termo-bocica-sa-slamkom-350ml-chill-out\\\/#primaryimage\",\"url\":\"https:\\\/\\\/najnaj.eu\\\/wp-content\\\/uploads\\\/2025\\\/01\\\/Dizajn-bez-naslova-60.jpg\",\"contentUrl\":\"https:\\\/\\\/najnaj.eu\\\/wp-content\\\/uploads\\\/2025\\\/01\\\/Dizajn-bez-naslova-60.jpg\",\"width\":2160,\"height\":2160},{\"@type\":\"BreadcrumbList\",\"@id\":\"https:\\\/\\\/najnaj.eu\\\/fr\\\/proizvod\\\/b-box-termo-bocica-sa-slamkom-350ml-chill-out\\\/#breadcrumb\",\"itemListElement\":[{\"@type\":\"ListItem\",\"position\":1,\"name\":\"Po\u010detna stranica\",\"item\":\"https:\\\/\\\/najnaj.eu\\\/fr\\\/\"},{\"@type\":\"ListItem\",\"position\":2,\"name\":\"Trgovina\",\"item\":\"https:\\\/\\\/najnaj.hr\\\/trgovina\\\/\"},{\"@type\":\"ListItem\",\"position\":3,\"name\":\"b.box Termo bo\u010dica sa slamkom, 350ml &#8211; chill out\"}]},{\"@type\":\"WebSite\",\"@id\":\"https:\\\/\\\/najnaj.eu\\\/fr\\\/#website\",\"url\":\"https:\\\/\\\/najnaj.eu\\\/fr\\\/\",\"name\":\"NajNaj.eu\",\"description\":\"Za najva\u017enije!\",\"potentialAction\":[{\"@type\":\"SearchAction\",\"target\":{\"@type\":\"EntryPoint\",\"urlTemplate\":\"https:\\\/\\\/najnaj.eu\\\/fr\\\/?s={search_term_string}\"},\"query-input\":{\"@type\":\"PropertyValueSpecification\",\"valueRequired\":true,\"valueName\":\"search_term_string\"}}],\"inLanguage\":\"fr-FR\"}]}<\/script>\n<meta property=\"product:brand\" content=\"b.box\" \/>\n<meta property=\"product:price:amount\" content=\"27.99\" \/>\n<meta property=\"product:price:currency\" content=\"EUR\" \/>\n<meta property=\"og:availability\" content=\"instock\" \/>\n<meta property=\"product:availability\" content=\"instock\" \/>\n<meta property=\"product:retailer_item_id\" content=\"BX0880\" \/>\n<meta property=\"product:condition\" content=\"new\" \/>\n<!-- \/ Yoast SEO Premium plugin. -->","yoast_head_json":{"title":"b.box Termo bo\u010dica sa slamkom, 350ml - chill out - NajNaj.eu","robots":{"index":"index","follow":"follow","max-snippet":"max-snippet:-1","max-image-preview":"max-image-preview:large","max-video-preview":"max-video-preview:-1"},"canonical":"https:\/\/najnaj.eu\/fr\/proizvod\/b-box-termo-bocica-sa-slamkom-350ml-chill-out\/","og_locale":"fr_FR","og_type":"article","og_title":"b.box Termo bo\u010dica sa slamkom, 350ml - chill out","og_description":"&gt; Termo bo\u010dica s dvostrukim stijenkama od nehr\u0111aju\u0107eg \u010delika &gt; Perivo u perilici posu\u0111a, samo gornja polica &gt; Silikonska slamka omogu\u0107uje jednostavo ispijanje &gt; Teku\u0107ine ostaju hladne do 8 i tople do 6 sati &gt; Integrirana ru\u010dkica za no\u0161enje &gt; Izra\u0111ena od nehr\u0111aju\u0107eg \u010delika, silikona i polipropilena &gt; Ne sadr\u017ei BPA, ftalate i PVC &gt; 350 ml &gt; Dimenzije 7 x 7,5 x 20 cm","og_url":"https:\/\/najnaj.eu\/fr\/proizvod\/b-box-termo-bocica-sa-slamkom-350ml-chill-out\/","og_site_name":"NajNaj.eu","article_publisher":"https:\/\/web.facebook.com\/najnaj.eu\/","article_modified_time":"2026-03-17T08:35:18+00:00","og_image":[{"width":2160,"height":2160,"url":"https:\/\/najnaj.eu\/wp-content\/uploads\/2025\/01\/Dizajn-bez-naslova-60.jpg","type":"image\/jpeg"}],"twitter_card":"summary_large_image","twitter_misc":{"Prix":"27,99&nbsp;&euro;","Disponibilit\u00e9":"En stock"},"schema":{"@context":"https:\/\/schema.org","@graph":[{"@type":"WebPage","@id":"https:\/\/najnaj.eu\/fr\/proizvod\/b-box-termo-bocica-sa-slamkom-350ml-chill-out\/","url":"https:\/\/najnaj.eu\/fr\/proizvod\/b-box-termo-bocica-sa-slamkom-350ml-chill-out\/","name":"b.box Termo bo\u010dica sa slamkom, 350ml - chill out - NajNaj.eu","isPartOf":{"@id":"https:\/\/najnaj.eu\/fr\/#website"},"primaryImageOfPage":{"@id":"https:\/\/najnaj.eu\/fr\/proizvod\/b-box-termo-bocica-sa-slamkom-350ml-chill-out\/#primaryimage"},"image":{"@id":"https:\/\/najnaj.eu\/fr\/proizvod\/b-box-termo-bocica-sa-slamkom-350ml-chill-out\/#primaryimage"},"thumbnailUrl":"https:\/\/najnaj.eu\/wp-content\/uploads\/2025\/01\/Dizajn-bez-naslova-60.jpg","datePublished":"2025-01-31T10:28:19+00:00","dateModified":"2026-03-17T08:35:18+00:00","breadcrumb":{"@id":"https:\/\/najnaj.eu\/fr\/proizvod\/b-box-termo-bocica-sa-slamkom-350ml-chill-out\/#breadcrumb"},"inLanguage":"fr-FR","potentialAction":[{"@type":"ReadAction","target":["https:\/\/najnaj.eu\/fr\/proizvod\/b-box-termo-bocica-sa-slamkom-350ml-chill-out\/"]}]},{"@type":"ImageObject","inLanguage":"fr-FR","@id":"https:\/\/najnaj.eu\/fr\/proizvod\/b-box-termo-bocica-sa-slamkom-350ml-chill-out\/#primaryimage","url":"https:\/\/najnaj.eu\/wp-content\/uploads\/2025\/01\/Dizajn-bez-naslova-60.jpg","contentUrl":"https:\/\/najnaj.eu\/wp-content\/uploads\/2025\/01\/Dizajn-bez-naslova-60.jpg","width":2160,"height":2160},{"@type":"BreadcrumbList","@id":"https:\/\/najnaj.eu\/fr\/proizvod\/b-box-termo-bocica-sa-slamkom-350ml-chill-out\/#breadcrumb","itemListElement":[{"@type":"ListItem","position":1,"name":"Po\u010detna stranica","item":"https:\/\/najnaj.eu\/fr\/"},{"@type":"ListItem","position":2,"name":"Trgovina","item":"https:\/\/najnaj.hr\/trgovina\/"},{"@type":"ListItem","position":3,"name":"b.box Termo bo\u010dica sa slamkom, 350ml &#8211; chill out"}]},{"@type":"WebSite","@id":"https:\/\/najnaj.eu\/fr\/#website","url":"https:\/\/najnaj.eu\/fr\/","name":"NajNaj.eu","description":"Za najva\u017enije!","potentialAction":[{"@type":"SearchAction","target":{"@type":"EntryPoint","urlTemplate":"https:\/\/najnaj.eu\/fr\/?s={search_term_string}"},"query-input":{"@type":"PropertyValueSpecification","valueRequired":true,"valueName":"search_term_string"}}],"inLanguage":"fr-FR"}]},"product_brand":"b.box","product_price_amount":"27.99","product_price_currency":"EUR","og_availability":"instock","product_availability":"instock","product_retailer_item_id":"BX0880","product_condition":"new"},"_links":{"self":[{"href":"https:\/\/najnaj.eu\/fr\/wp-json\/wp\/v2\/product\/237499","targetHints":{"allow":["GET"]}}],"collection":[{"href":"https:\/\/najnaj.eu\/fr\/wp-json\/wp\/v2\/product"}],"about":[{"href":"https:\/\/najnaj.eu\/fr\/wp-json\/wp\/v2\/types\/product"}],"replies":[{"embeddable":true,"href":"https:\/\/najnaj.eu\/fr\/wp-json\/wp\/v2\/comments?post=237499"}],"version-history":[{"count":0,"href":"https:\/\/najnaj.eu\/fr\/wp-json\/wp\/v2\/product\/237499\/revisions"}],"wp:featuredmedia":[{"embeddable":true,"href":"https:\/\/najnaj.eu\/fr\/wp-json\/wp\/v2\/media\/237866"}],"wp:attachment":[{"href":"https:\/\/najnaj.eu\/fr\/wp-json\/wp\/v2\/media?parent=237499"}],"wp:term":[{"taxonomy":"product_brand","embeddable":true,"href":"https:\/\/najnaj.eu\/fr\/wp-json\/wp\/v2\/product_brand?post=237499"},{"taxonomy":"product_cat","embeddable":true,"href":"https:\/\/najnaj.eu\/fr\/wp-json\/wp\/v2\/product_cat?post=237499"},{"taxonomy":"product_tag","embeddable":true,"href":"https:\/\/najnaj.eu\/fr\/wp-json\/wp\/v2\/product_tag?post=237499"}],"curies":[{"name":"wp","href":"https:\/\/api.w.org\/{rel}","templated":true}]}}