{"id":236450,"date":"2025-01-23T16:10:41","date_gmt":"2025-01-23T15:10:41","guid":{"rendered":"https:\/\/najnaj.eu\/?post_type=product&#038;p=236450"},"modified":"2026-02-04T09:14:28","modified_gmt":"2026-02-04T08:14:28","slug":"citron-djecji-ruksak-medium-vehicles","status":"publish","type":"product","link":"https:\/\/najnaj.eu\/fr\/proizvod\/citron-djecji-ruksak-medium-vehicles\/","title":{"rendered":"Citron Dje\u010dji ruksak Medium Vehicles"},"content":{"rendered":"<p>Ovaj prostrani i lagani ruksak srednje veli\u010dine ima glavni pretinac s dvostrukim zatvara\u010dem i prednjim d\u017eepom s patentnim zatvara\u010dem, tako da je savr\u0161en za dnevne izlete i putovanja tijekom ljeta za djecu koja rastu. Mo\u017ee zapremiti dvije boce vode do 500 ml, jednu kutiju za grickalice, vla\u017ene maramice, jednu malu igra\u010dku i jednu igra\u010dku srednje veli\u010dine, sun\u010dane nao\u010dale za djecu, toaletni pribor standardne veli\u010dine, malu prozirnu torbicu za pribor, jednnu dje\u010dju torbicu za pohranu ili iPad i robu za presvlaku.<\/p>\n<p><img loading=\"lazy\" decoding=\"async\" class=\"aligncenter wp-image-236402 size-large\" src=\"https:\/\/najnaj.eu\/wp-content\/uploads\/2025\/01\/Medium_Backpack_Ballerina-8-HR-1024x1024.jpg\" alt=\"\" width=\"980\" height=\"980\" srcset=\"https:\/\/najnaj.eu\/wp-content\/uploads\/2025\/01\/Medium_Backpack_Ballerina-8-HR-1024x1024.jpg 1024w, https:\/\/najnaj.eu\/wp-content\/uploads\/2025\/01\/Medium_Backpack_Ballerina-8-HR-324x324.jpg 324w, https:\/\/najnaj.eu\/wp-content\/uploads\/2025\/01\/Medium_Backpack_Ballerina-8-HR-100x100.jpg 100w, https:\/\/najnaj.eu\/wp-content\/uploads\/2025\/01\/Medium_Backpack_Ballerina-8-HR-1200x1200.jpg 1200w, https:\/\/najnaj.eu\/wp-content\/uploads\/2025\/01\/Medium_Backpack_Ballerina-8-HR-300x300.jpg 300w, https:\/\/najnaj.eu\/wp-content\/uploads\/2025\/01\/Medium_Backpack_Ballerina-8-HR-150x150.jpg 150w, https:\/\/najnaj.eu\/wp-content\/uploads\/2025\/01\/Medium_Backpack_Ballerina-8-HR-768x768.jpg 768w, https:\/\/najnaj.eu\/wp-content\/uploads\/2025\/01\/Medium_Backpack_Ballerina-8-HR-1536x1536.jpg 1536w, https:\/\/najnaj.eu\/wp-content\/uploads\/2025\/01\/Medium_Backpack_Ballerina-8-HR-1440x1440.jpg 1440w, https:\/\/najnaj.eu\/wp-content\/uploads\/2025\/01\/Medium_Backpack_Ballerina-8-HR-420x420.jpg 420w, https:\/\/najnaj.eu\/wp-content\/uploads\/2025\/01\/Medium_Backpack_Ballerina-8-HR-50x50.jpg 50w, https:\/\/najnaj.eu\/wp-content\/uploads\/2025\/01\/Medium_Backpack_Ballerina-8-HR.jpg 2048w\" sizes=\"auto, (max-width: 980px) 100vw, 980px\" \/><\/p>\n","protected":false},"excerpt":{"rendered":"<p>&#8211; Ruksak srednje veli\u010dine<br \/>\n&#8211; Izra\u0111eno od RPET<br \/>\n&#8211; Savr\u0161eno za putovanja, izlete i \u0161kolu<br \/>\n&#8211; 1 vanjski d\u017eep, 2 dr\u017ea\u010da za bocu, 2 prostrana pretinca s navlakom za tablet i 2 d\u017eepa<br \/>\n&#8211; Podstavljene trake za jednostavno no\u0161enje<br \/>\n&#8211; Prikladno za djecu 18+ mjeseci<br \/>\n&#8211; Dimenzije: 24 x 33 x 12,5 cm<\/p>\n","protected":false},"featured_media":236481,"comment_status":"closed","ping_status":"closed","template":"","meta":{"_acf_changed":false,"footnotes":""},"product_brand":[],"product_cat":[663,662],"product_tag":[],"class_list":{"0":"post-236450","1":"product","2":"type-product","3":"status-publish","4":"has-post-thumbnail","6":"product_cat-djecji-ruksaci","7":"product_cat-stvari-za-djecu","8":"pa_boja-plava","9":"pa_boja-smeda","10":"pa_brand-citron","11":"pa_omiljeno-omiljeno-djecacima","13":"first","14":"instock","15":"shipping-taxable","16":"purchasable","17":"product-type-simple"},"bundled_by":["264849"],"bundle_stock_status":"instock","bundle_stock_quantity":15,"bundle_virtual":false,"bundle_layout":"","bundle_add_to_cart_form_location":"","bundle_editable_in_cart":false,"bundle_sold_individually_context":"","bundle_item_grouping":"","bundle_min_size":"","bundle_max_size":"","bundle_price":[],"bundled_items":[],"bundle_sell_ids":[],"acf":[],"yoast_head":"<!-- This site is optimized with the Yoast SEO Premium plugin v21.5 (Yoast SEO v27.4) - https:\/\/yoast.com\/product\/yoast-seo-premium-wordpress\/ -->\n<title>Citron Dje\u010dji ruksak Medium Vehicles - NajNaj.eu<\/title>\n<meta name=\"robots\" content=\"index, follow, max-snippet:-1, max-image-preview:large, max-video-preview:-1\" \/>\n<link rel=\"canonical\" href=\"https:\/\/najnaj.eu\/fr\/proizvod\/citron-djecji-ruksak-medium-vehicles\/\" \/>\n<meta property=\"og:locale\" content=\"fr_FR\" \/>\n<meta property=\"og:type\" content=\"article\" \/>\n<meta property=\"og:title\" content=\"Citron Dje\u010dji ruksak Medium Vehicles\" \/>\n<meta property=\"og:description\" content=\"- Ruksak srednje veli\u010dine - Izra\u0111eno od RPET - Savr\u0161eno za putovanja, izlete i \u0161kolu - 1 vanjski d\u017eep, 2 dr\u017ea\u010da za bocu, 2 prostrana pretinca s navlakom za tablet i 2 d\u017eepa - Podstavljene trake za jednostavno no\u0161enje - Prikladno za djecu 18+ mjeseci - Dimenzije: 24 x 33 x 12,5 cm\" \/>\n<meta property=\"og:url\" content=\"https:\/\/najnaj.eu\/fr\/proizvod\/citron-djecji-ruksak-medium-vehicles\/\" \/>\n<meta property=\"og:site_name\" content=\"NajNaj.eu\" \/>\n<meta property=\"article:publisher\" content=\"https:\/\/web.facebook.com\/najnaj.eu\/\" \/>\n<meta property=\"article:modified_time\" content=\"2026-02-04T08:14:28+00:00\" \/>\n<meta property=\"og:image\" content=\"https:\/\/najnaj.eu\/wp-content\/uploads\/2025\/01\/Medium_Backpack_Vehicles-1.jpg\" \/>\n\t<meta property=\"og:image:width\" content=\"2000\" \/>\n\t<meta property=\"og:image:height\" content=\"2000\" \/>\n\t<meta property=\"og:image:type\" content=\"image\/jpeg\" \/>\n<meta name=\"twitter:card\" content=\"summary_large_image\" \/>\n<meta name=\"twitter:label1\" content=\"Prix\" \/>\n\t<meta name=\"twitter:data1\" content=\"48,99&nbsp;&euro;\" \/>\n\t<meta name=\"twitter:label2\" content=\"Disponibilit\u00e9\" \/>\n\t<meta name=\"twitter:data2\" content=\"En stock\" \/>\n<script type=\"application\/ld+json\" class=\"yoast-schema-graph\">{\"@context\":\"https:\\\/\\\/schema.org\",\"@graph\":[{\"@type\":\"WebPage\",\"@id\":\"https:\\\/\\\/najnaj.eu\\\/fr\\\/proizvod\\\/citron-djecji-ruksak-medium-vehicles\\\/\",\"url\":\"https:\\\/\\\/najnaj.eu\\\/fr\\\/proizvod\\\/citron-djecji-ruksak-medium-vehicles\\\/\",\"name\":\"Citron Dje\u010dji ruksak Medium Vehicles - NajNaj.eu\",\"isPartOf\":{\"@id\":\"https:\\\/\\\/najnaj.eu\\\/fr\\\/#website\"},\"primaryImageOfPage\":{\"@id\":\"https:\\\/\\\/najnaj.eu\\\/fr\\\/proizvod\\\/citron-djecji-ruksak-medium-vehicles\\\/#primaryimage\"},\"image\":{\"@id\":\"https:\\\/\\\/najnaj.eu\\\/fr\\\/proizvod\\\/citron-djecji-ruksak-medium-vehicles\\\/#primaryimage\"},\"thumbnailUrl\":\"https:\\\/\\\/najnaj.eu\\\/wp-content\\\/uploads\\\/2025\\\/01\\\/Medium_Backpack_Vehicles-1.jpg\",\"datePublished\":\"2025-01-23T15:10:41+00:00\",\"dateModified\":\"2026-02-04T08:14:28+00:00\",\"breadcrumb\":{\"@id\":\"https:\\\/\\\/najnaj.eu\\\/fr\\\/proizvod\\\/citron-djecji-ruksak-medium-vehicles\\\/#breadcrumb\"},\"inLanguage\":\"fr-FR\",\"potentialAction\":[{\"@type\":\"ReadAction\",\"target\":[\"https:\\\/\\\/najnaj.eu\\\/fr\\\/proizvod\\\/citron-djecji-ruksak-medium-vehicles\\\/\"]}]},{\"@type\":\"ImageObject\",\"inLanguage\":\"fr-FR\",\"@id\":\"https:\\\/\\\/najnaj.eu\\\/fr\\\/proizvod\\\/citron-djecji-ruksak-medium-vehicles\\\/#primaryimage\",\"url\":\"https:\\\/\\\/najnaj.eu\\\/wp-content\\\/uploads\\\/2025\\\/01\\\/Medium_Backpack_Vehicles-1.jpg\",\"contentUrl\":\"https:\\\/\\\/najnaj.eu\\\/wp-content\\\/uploads\\\/2025\\\/01\\\/Medium_Backpack_Vehicles-1.jpg\",\"width\":2000,\"height\":2000},{\"@type\":\"BreadcrumbList\",\"@id\":\"https:\\\/\\\/najnaj.eu\\\/fr\\\/proizvod\\\/citron-djecji-ruksak-medium-vehicles\\\/#breadcrumb\",\"itemListElement\":[{\"@type\":\"ListItem\",\"position\":1,\"name\":\"Po\u010detna stranica\",\"item\":\"https:\\\/\\\/najnaj.eu\\\/fr\\\/\"},{\"@type\":\"ListItem\",\"position\":2,\"name\":\"Trgovina\",\"item\":\"https:\\\/\\\/najnaj.hr\\\/trgovina\\\/\"},{\"@type\":\"ListItem\",\"position\":3,\"name\":\"Citron Dje\u010dji ruksak Medium Vehicles\"}]},{\"@type\":\"WebSite\",\"@id\":\"https:\\\/\\\/najnaj.eu\\\/fr\\\/#website\",\"url\":\"https:\\\/\\\/najnaj.eu\\\/fr\\\/\",\"name\":\"NajNaj.eu\",\"description\":\"Za najva\u017enije!\",\"potentialAction\":[{\"@type\":\"SearchAction\",\"target\":{\"@type\":\"EntryPoint\",\"urlTemplate\":\"https:\\\/\\\/najnaj.eu\\\/fr\\\/?s={search_term_string}\"},\"query-input\":{\"@type\":\"PropertyValueSpecification\",\"valueRequired\":true,\"valueName\":\"search_term_string\"}}],\"inLanguage\":\"fr-FR\"}]}<\/script>\n<meta property=\"product:brand\" content=\"Citron\" \/>\n<meta property=\"product:price:amount\" content=\"48.99\" \/>\n<meta property=\"product:price:currency\" content=\"EUR\" \/>\n<meta property=\"og:availability\" content=\"instock\" \/>\n<meta property=\"product:availability\" content=\"instock\" \/>\n<meta property=\"product:retailer_item_id\" content=\"Medium_Backpack_Vehicles\" \/>\n<meta property=\"product:condition\" content=\"new\" \/>\n<!-- \/ Yoast SEO Premium plugin. -->","yoast_head_json":{"title":"Citron Dje\u010dji ruksak Medium Vehicles - NajNaj.eu","robots":{"index":"index","follow":"follow","max-snippet":"max-snippet:-1","max-image-preview":"max-image-preview:large","max-video-preview":"max-video-preview:-1"},"canonical":"https:\/\/najnaj.eu\/fr\/proizvod\/citron-djecji-ruksak-medium-vehicles\/","og_locale":"fr_FR","og_type":"article","og_title":"Citron Dje\u010dji ruksak Medium Vehicles","og_description":"- Ruksak srednje veli\u010dine - Izra\u0111eno od RPET - Savr\u0161eno za putovanja, izlete i \u0161kolu - 1 vanjski d\u017eep, 2 dr\u017ea\u010da za bocu, 2 prostrana pretinca s navlakom za tablet i 2 d\u017eepa - Podstavljene trake za jednostavno no\u0161enje - Prikladno za djecu 18+ mjeseci - Dimenzije: 24 x 33 x 12,5 cm","og_url":"https:\/\/najnaj.eu\/fr\/proizvod\/citron-djecji-ruksak-medium-vehicles\/","og_site_name":"NajNaj.eu","article_publisher":"https:\/\/web.facebook.com\/najnaj.eu\/","article_modified_time":"2026-02-04T08:14:28+00:00","og_image":[{"width":2000,"height":2000,"url":"https:\/\/najnaj.eu\/wp-content\/uploads\/2025\/01\/Medium_Backpack_Vehicles-1.jpg","type":"image\/jpeg"}],"twitter_card":"summary_large_image","twitter_misc":{"Prix":"48,99&nbsp;&euro;","Disponibilit\u00e9":"En stock"},"schema":{"@context":"https:\/\/schema.org","@graph":[{"@type":"WebPage","@id":"https:\/\/najnaj.eu\/fr\/proizvod\/citron-djecji-ruksak-medium-vehicles\/","url":"https:\/\/najnaj.eu\/fr\/proizvod\/citron-djecji-ruksak-medium-vehicles\/","name":"Citron Dje\u010dji ruksak Medium Vehicles - NajNaj.eu","isPartOf":{"@id":"https:\/\/najnaj.eu\/fr\/#website"},"primaryImageOfPage":{"@id":"https:\/\/najnaj.eu\/fr\/proizvod\/citron-djecji-ruksak-medium-vehicles\/#primaryimage"},"image":{"@id":"https:\/\/najnaj.eu\/fr\/proizvod\/citron-djecji-ruksak-medium-vehicles\/#primaryimage"},"thumbnailUrl":"https:\/\/najnaj.eu\/wp-content\/uploads\/2025\/01\/Medium_Backpack_Vehicles-1.jpg","datePublished":"2025-01-23T15:10:41+00:00","dateModified":"2026-02-04T08:14:28+00:00","breadcrumb":{"@id":"https:\/\/najnaj.eu\/fr\/proizvod\/citron-djecji-ruksak-medium-vehicles\/#breadcrumb"},"inLanguage":"fr-FR","potentialAction":[{"@type":"ReadAction","target":["https:\/\/najnaj.eu\/fr\/proizvod\/citron-djecji-ruksak-medium-vehicles\/"]}]},{"@type":"ImageObject","inLanguage":"fr-FR","@id":"https:\/\/najnaj.eu\/fr\/proizvod\/citron-djecji-ruksak-medium-vehicles\/#primaryimage","url":"https:\/\/najnaj.eu\/wp-content\/uploads\/2025\/01\/Medium_Backpack_Vehicles-1.jpg","contentUrl":"https:\/\/najnaj.eu\/wp-content\/uploads\/2025\/01\/Medium_Backpack_Vehicles-1.jpg","width":2000,"height":2000},{"@type":"BreadcrumbList","@id":"https:\/\/najnaj.eu\/fr\/proizvod\/citron-djecji-ruksak-medium-vehicles\/#breadcrumb","itemListElement":[{"@type":"ListItem","position":1,"name":"Po\u010detna stranica","item":"https:\/\/najnaj.eu\/fr\/"},{"@type":"ListItem","position":2,"name":"Trgovina","item":"https:\/\/najnaj.hr\/trgovina\/"},{"@type":"ListItem","position":3,"name":"Citron Dje\u010dji ruksak Medium Vehicles"}]},{"@type":"WebSite","@id":"https:\/\/najnaj.eu\/fr\/#website","url":"https:\/\/najnaj.eu\/fr\/","name":"NajNaj.eu","description":"Za najva\u017enije!","potentialAction":[{"@type":"SearchAction","target":{"@type":"EntryPoint","urlTemplate":"https:\/\/najnaj.eu\/fr\/?s={search_term_string}"},"query-input":{"@type":"PropertyValueSpecification","valueRequired":true,"valueName":"search_term_string"}}],"inLanguage":"fr-FR"}]},"product_brand":"Citron","product_price_amount":"48.99","product_price_currency":"EUR","og_availability":"instock","product_availability":"instock","product_retailer_item_id":"Medium_Backpack_Vehicles","product_condition":"new"},"_links":{"self":[{"href":"https:\/\/najnaj.eu\/fr\/wp-json\/wp\/v2\/product\/236450","targetHints":{"allow":["GET"]}}],"collection":[{"href":"https:\/\/najnaj.eu\/fr\/wp-json\/wp\/v2\/product"}],"about":[{"href":"https:\/\/najnaj.eu\/fr\/wp-json\/wp\/v2\/types\/product"}],"replies":[{"embeddable":true,"href":"https:\/\/najnaj.eu\/fr\/wp-json\/wp\/v2\/comments?post=236450"}],"version-history":[{"count":0,"href":"https:\/\/najnaj.eu\/fr\/wp-json\/wp\/v2\/product\/236450\/revisions"}],"wp:featuredmedia":[{"embeddable":true,"href":"https:\/\/najnaj.eu\/fr\/wp-json\/wp\/v2\/media\/236481"}],"wp:attachment":[{"href":"https:\/\/najnaj.eu\/fr\/wp-json\/wp\/v2\/media?parent=236450"}],"wp:term":[{"taxonomy":"product_brand","embeddable":true,"href":"https:\/\/najnaj.eu\/fr\/wp-json\/wp\/v2\/product_brand?post=236450"},{"taxonomy":"product_cat","embeddable":true,"href":"https:\/\/najnaj.eu\/fr\/wp-json\/wp\/v2\/product_cat?post=236450"},{"taxonomy":"product_tag","embeddable":true,"href":"https:\/\/najnaj.eu\/fr\/wp-json\/wp\/v2\/product_tag?post=236450"}],"curies":[{"name":"wp","href":"https:\/\/api.w.org\/{rel}","templated":true}]}}