{"id":235294,"date":"2025-01-17T11:01:43","date_gmt":"2025-01-17T10:01:43","guid":{"rendered":"https:\/\/najnaj.eu\/?post_type=product&#038;p=235294"},"modified":"2026-03-05T19:39:21","modified_gmt":"2026-03-05T18:39:21","slug":"citron-set-posuda-od-bio-materijala-ballerina","status":"publish","type":"product","link":"https:\/\/najnaj.eu\/fr\/proizvod\/citron-set-posuda-od-bio-materijala-ballerina\/","title":{"rendered":"Citron Set posu\u0111a od bio materijala Ballerina"},"content":{"rendered":"<p>Na\u0161 novi set posu\u0111a izra\u0111en je od PLA, bioplastike biljnog podrijetla koja ne koristi toksi\u010dne materijale kako bi va\u0161em proizvodu pru\u017eila otpornost na pucanje i dulji \u017eivotni vijek. Ekskluzivni print na svakom artiklu poma\u017ee im da budu dio iste pri\u010de o proizvodu. Dakle, svaki obrok podsjetit \u0107e Vas da poma\u017eete u spa\u0161avanju planeta!<\/p>\n","protected":false},"excerpt":{"rendered":"<ul>\n<li>Set od 4 biorazgradiva proizvoda posu\u0111a otporna na lomljenje<\/li>\n<li>Uklju\u010duje tanjur, zdjelu, \u010da\u0161u i pribor za jelo (vilica i \u017elica) s ekskluzivnim printom<\/li>\n<li>Izra\u0111eno od 100% PLA bez toksi\u010dnih materijala<\/li>\n<li>Inovativni materijal za kompostiranje omogu\u0107uje du\u017ei \u017eivotni vijek<\/li>\n<li>Lagan, otporan na lomljenje<\/li>\n<li>Bez toksi\u010dnih materijala<\/li>\n<li>\u00a0Prikladno za ve\u0107inu visokih stolica<\/li>\n<li>Za vi\u0161ekratnu upotrebu, lako se pere<\/li>\n<li>Mo\u017ee se koristiti s bilo kojom vrstom hrane i toplim i hladnim teku\u0107inama<\/li>\n<li>Prikladno za djecu od 6+ mjeseci<\/li>\n<li>Dimenzije: Tanjur: (promjer 19, dubina 2.5 cm), Zdjela: (radijus 13, dubina 5 cm), \u010ca\u0161a: (promjer 7, dubina 7.5 cm)<\/li>\n<\/ul>\n<p>&nbsp;<\/p>\n","protected":false},"featured_media":235320,"comment_status":"closed","ping_status":"closed","template":"","meta":{"_acf_changed":false,"footnotes":""},"product_brand":[],"product_cat":[577,1709,622,2216,657],"product_tag":[],"class_list":{"0":"post-235294","1":"product","2":"type-product","3":"status-publish","4":"has-post-thumbnail","6":"product_cat-hranjenje","7":"product_cat-pokloni","8":"product_cat-posude","9":"product_cat-setovi-za-hranjenje","10":"product_cat-tanjuri","11":"pa_boja-bez","12":"pa_boja-roza","13":"pa_brand-citron","14":"pa_vrsta-posuda-tanjuri-i-zdjelice","16":"first","17":"instock","18":"shipping-taxable","19":"purchasable","20":"product-type-simple"},"bundled_by":["264711","264751"],"bundle_stock_status":"instock","bundle_stock_quantity":2,"bundle_virtual":false,"bundle_layout":"","bundle_add_to_cart_form_location":"","bundle_editable_in_cart":false,"bundle_sold_individually_context":"","bundle_item_grouping":"","bundle_min_size":"","bundle_max_size":"","bundle_price":[],"bundled_items":[],"bundle_sell_ids":[],"acf":[],"yoast_head":"<!-- This site is optimized with the Yoast SEO Premium plugin v21.5 (Yoast SEO v27.4) - https:\/\/yoast.com\/product\/yoast-seo-premium-wordpress\/ -->\n<title>Citron Set posu\u0111a od bio materijala Ballerina - NajNaj.eu<\/title>\n<meta name=\"robots\" content=\"index, follow, max-snippet:-1, max-image-preview:large, max-video-preview:-1\" \/>\n<link rel=\"canonical\" href=\"https:\/\/najnaj.eu\/fr\/proizvod\/citron-set-posuda-od-bio-materijala-ballerina\/\" \/>\n<meta property=\"og:locale\" content=\"fr_FR\" \/>\n<meta property=\"og:type\" content=\"article\" \/>\n<meta property=\"og:title\" content=\"Citron Set posu\u0111a od bio materijala Ballerina\" \/>\n<meta property=\"og:description\" content=\"Set od 4 biorazgradiva proizvoda posu\u0111a otporna na lomljenje  Uklju\u010duje tanjur, zdjelu, \u010da\u0161u i pribor za jelo (vilica i \u017elica) s ekskluzivnim printom  Izra\u0111eno od 100% PLA bez toksi\u010dnih materijala  Inovativni materijal za kompostiranje omogu\u0107uje du\u017ei \u017eivotni vijek  Lagan, otporan na lomljenje  Bez toksi\u010dnih materijala  \u00a0Prikladno za ve\u0107inu visokih stolica  Za vi\u0161ekratnu upotrebu, lako se pere  Mo\u017ee se koristiti s bilo kojom vrstom hrane i toplim i hladnim teku\u0107inama  Prikladno za djecu od 6+ mjeseci  Dimenzije: Tanjur: (promjer 19, dubina 2.5 cm), Zdjela: (radijus 13, dubina 5 cm), \u010ca\u0161a: (promjer 7, dubina 7.5 cm)  &nbsp;\" \/>\n<meta property=\"og:url\" content=\"https:\/\/najnaj.eu\/fr\/proizvod\/citron-set-posuda-od-bio-materijala-ballerina\/\" \/>\n<meta property=\"og:site_name\" content=\"NajNaj.eu\" \/>\n<meta property=\"article:publisher\" content=\"https:\/\/web.facebook.com\/najnaj.eu\/\" \/>\n<meta property=\"article:modified_time\" content=\"2026-03-05T18:39:21+00:00\" \/>\n<meta property=\"og:image\" content=\"https:\/\/najnaj.eu\/wp-content\/uploads\/2025\/01\/Z1094-Bio-Based-Tableware-Set-Ballerina-Main.jpg\" \/>\n\t<meta property=\"og:image:width\" content=\"2000\" \/>\n\t<meta property=\"og:image:height\" content=\"2000\" \/>\n\t<meta property=\"og:image:type\" content=\"image\/jpeg\" \/>\n<meta name=\"twitter:card\" content=\"summary_large_image\" \/>\n<meta name=\"twitter:label1\" content=\"Prix\" \/>\n\t<meta name=\"twitter:data1\" content=\"26,99&nbsp;&euro;\" \/>\n\t<meta name=\"twitter:label2\" content=\"Disponibilit\u00e9\" \/>\n\t<meta name=\"twitter:data2\" content=\"En stock\" \/>\n<script type=\"application\/ld+json\" class=\"yoast-schema-graph\">{\"@context\":\"https:\\\/\\\/schema.org\",\"@graph\":[{\"@type\":\"WebPage\",\"@id\":\"https:\\\/\\\/najnaj.eu\\\/fr\\\/proizvod\\\/citron-set-posuda-od-bio-materijala-ballerina\\\/\",\"url\":\"https:\\\/\\\/najnaj.eu\\\/fr\\\/proizvod\\\/citron-set-posuda-od-bio-materijala-ballerina\\\/\",\"name\":\"Citron Set posu\u0111a od bio materijala Ballerina - NajNaj.eu\",\"isPartOf\":{\"@id\":\"https:\\\/\\\/najnaj.eu\\\/fr\\\/#website\"},\"primaryImageOfPage\":{\"@id\":\"https:\\\/\\\/najnaj.eu\\\/fr\\\/proizvod\\\/citron-set-posuda-od-bio-materijala-ballerina\\\/#primaryimage\"},\"image\":{\"@id\":\"https:\\\/\\\/najnaj.eu\\\/fr\\\/proizvod\\\/citron-set-posuda-od-bio-materijala-ballerina\\\/#primaryimage\"},\"thumbnailUrl\":\"https:\\\/\\\/najnaj.eu\\\/wp-content\\\/uploads\\\/2025\\\/01\\\/Z1094-Bio-Based-Tableware-Set-Ballerina-Main.jpg\",\"datePublished\":\"2025-01-17T10:01:43+00:00\",\"dateModified\":\"2026-03-05T18:39:21+00:00\",\"breadcrumb\":{\"@id\":\"https:\\\/\\\/najnaj.eu\\\/fr\\\/proizvod\\\/citron-set-posuda-od-bio-materijala-ballerina\\\/#breadcrumb\"},\"inLanguage\":\"fr-FR\",\"potentialAction\":[{\"@type\":\"ReadAction\",\"target\":[\"https:\\\/\\\/najnaj.eu\\\/fr\\\/proizvod\\\/citron-set-posuda-od-bio-materijala-ballerina\\\/\"]}]},{\"@type\":\"ImageObject\",\"inLanguage\":\"fr-FR\",\"@id\":\"https:\\\/\\\/najnaj.eu\\\/fr\\\/proizvod\\\/citron-set-posuda-od-bio-materijala-ballerina\\\/#primaryimage\",\"url\":\"https:\\\/\\\/najnaj.eu\\\/wp-content\\\/uploads\\\/2025\\\/01\\\/Z1094-Bio-Based-Tableware-Set-Ballerina-Main.jpg\",\"contentUrl\":\"https:\\\/\\\/najnaj.eu\\\/wp-content\\\/uploads\\\/2025\\\/01\\\/Z1094-Bio-Based-Tableware-Set-Ballerina-Main.jpg\",\"width\":2000,\"height\":2000},{\"@type\":\"BreadcrumbList\",\"@id\":\"https:\\\/\\\/najnaj.eu\\\/fr\\\/proizvod\\\/citron-set-posuda-od-bio-materijala-ballerina\\\/#breadcrumb\",\"itemListElement\":[{\"@type\":\"ListItem\",\"position\":1,\"name\":\"Po\u010detna stranica\",\"item\":\"https:\\\/\\\/najnaj.eu\\\/fr\\\/\"},{\"@type\":\"ListItem\",\"position\":2,\"name\":\"Trgovina\",\"item\":\"https:\\\/\\\/najnaj.hr\\\/trgovina\\\/\"},{\"@type\":\"ListItem\",\"position\":3,\"name\":\"Citron Set posu\u0111a od bio materijala Ballerina\"}]},{\"@type\":\"WebSite\",\"@id\":\"https:\\\/\\\/najnaj.eu\\\/fr\\\/#website\",\"url\":\"https:\\\/\\\/najnaj.eu\\\/fr\\\/\",\"name\":\"NajNaj.eu\",\"description\":\"Za najva\u017enije!\",\"potentialAction\":[{\"@type\":\"SearchAction\",\"target\":{\"@type\":\"EntryPoint\",\"urlTemplate\":\"https:\\\/\\\/najnaj.eu\\\/fr\\\/?s={search_term_string}\"},\"query-input\":{\"@type\":\"PropertyValueSpecification\",\"valueRequired\":true,\"valueName\":\"search_term_string\"}}],\"inLanguage\":\"fr-FR\"}]}<\/script>\n<meta property=\"product:brand\" content=\"Citron\" \/>\n<meta property=\"product:price:amount\" content=\"26.99\" \/>\n<meta property=\"product:price:currency\" content=\"EUR\" \/>\n<meta property=\"og:availability\" content=\"instock\" \/>\n<meta property=\"product:availability\" content=\"instock\" \/>\n<meta property=\"product:retailer_item_id\" content=\"PLA_TABLEWARE_SET_BALLERINA\" \/>\n<meta property=\"product:condition\" content=\"new\" \/>\n<!-- \/ Yoast SEO Premium plugin. -->","yoast_head_json":{"title":"Citron Set posu\u0111a od bio materijala Ballerina - NajNaj.eu","robots":{"index":"index","follow":"follow","max-snippet":"max-snippet:-1","max-image-preview":"max-image-preview:large","max-video-preview":"max-video-preview:-1"},"canonical":"https:\/\/najnaj.eu\/fr\/proizvod\/citron-set-posuda-od-bio-materijala-ballerina\/","og_locale":"fr_FR","og_type":"article","og_title":"Citron Set posu\u0111a od bio materijala Ballerina","og_description":"Set od 4 biorazgradiva proizvoda posu\u0111a otporna na lomljenje  Uklju\u010duje tanjur, zdjelu, \u010da\u0161u i pribor za jelo (vilica i \u017elica) s ekskluzivnim printom  Izra\u0111eno od 100% PLA bez toksi\u010dnih materijala  Inovativni materijal za kompostiranje omogu\u0107uje du\u017ei \u017eivotni vijek  Lagan, otporan na lomljenje  Bez toksi\u010dnih materijala  \u00a0Prikladno za ve\u0107inu visokih stolica  Za vi\u0161ekratnu upotrebu, lako se pere  Mo\u017ee se koristiti s bilo kojom vrstom hrane i toplim i hladnim teku\u0107inama  Prikladno za djecu od 6+ mjeseci  Dimenzije: Tanjur: (promjer 19, dubina 2.5 cm), Zdjela: (radijus 13, dubina 5 cm), \u010ca\u0161a: (promjer 7, dubina 7.5 cm)  &nbsp;","og_url":"https:\/\/najnaj.eu\/fr\/proizvod\/citron-set-posuda-od-bio-materijala-ballerina\/","og_site_name":"NajNaj.eu","article_publisher":"https:\/\/web.facebook.com\/najnaj.eu\/","article_modified_time":"2026-03-05T18:39:21+00:00","og_image":[{"width":2000,"height":2000,"url":"https:\/\/najnaj.eu\/wp-content\/uploads\/2025\/01\/Z1094-Bio-Based-Tableware-Set-Ballerina-Main.jpg","type":"image\/jpeg"}],"twitter_card":"summary_large_image","twitter_misc":{"Prix":"26,99&nbsp;&euro;","Disponibilit\u00e9":"En stock"},"schema":{"@context":"https:\/\/schema.org","@graph":[{"@type":"WebPage","@id":"https:\/\/najnaj.eu\/fr\/proizvod\/citron-set-posuda-od-bio-materijala-ballerina\/","url":"https:\/\/najnaj.eu\/fr\/proizvod\/citron-set-posuda-od-bio-materijala-ballerina\/","name":"Citron Set posu\u0111a od bio materijala Ballerina - NajNaj.eu","isPartOf":{"@id":"https:\/\/najnaj.eu\/fr\/#website"},"primaryImageOfPage":{"@id":"https:\/\/najnaj.eu\/fr\/proizvod\/citron-set-posuda-od-bio-materijala-ballerina\/#primaryimage"},"image":{"@id":"https:\/\/najnaj.eu\/fr\/proizvod\/citron-set-posuda-od-bio-materijala-ballerina\/#primaryimage"},"thumbnailUrl":"https:\/\/najnaj.eu\/wp-content\/uploads\/2025\/01\/Z1094-Bio-Based-Tableware-Set-Ballerina-Main.jpg","datePublished":"2025-01-17T10:01:43+00:00","dateModified":"2026-03-05T18:39:21+00:00","breadcrumb":{"@id":"https:\/\/najnaj.eu\/fr\/proizvod\/citron-set-posuda-od-bio-materijala-ballerina\/#breadcrumb"},"inLanguage":"fr-FR","potentialAction":[{"@type":"ReadAction","target":["https:\/\/najnaj.eu\/fr\/proizvod\/citron-set-posuda-od-bio-materijala-ballerina\/"]}]},{"@type":"ImageObject","inLanguage":"fr-FR","@id":"https:\/\/najnaj.eu\/fr\/proizvod\/citron-set-posuda-od-bio-materijala-ballerina\/#primaryimage","url":"https:\/\/najnaj.eu\/wp-content\/uploads\/2025\/01\/Z1094-Bio-Based-Tableware-Set-Ballerina-Main.jpg","contentUrl":"https:\/\/najnaj.eu\/wp-content\/uploads\/2025\/01\/Z1094-Bio-Based-Tableware-Set-Ballerina-Main.jpg","width":2000,"height":2000},{"@type":"BreadcrumbList","@id":"https:\/\/najnaj.eu\/fr\/proizvod\/citron-set-posuda-od-bio-materijala-ballerina\/#breadcrumb","itemListElement":[{"@type":"ListItem","position":1,"name":"Po\u010detna stranica","item":"https:\/\/najnaj.eu\/fr\/"},{"@type":"ListItem","position":2,"name":"Trgovina","item":"https:\/\/najnaj.hr\/trgovina\/"},{"@type":"ListItem","position":3,"name":"Citron Set posu\u0111a od bio materijala Ballerina"}]},{"@type":"WebSite","@id":"https:\/\/najnaj.eu\/fr\/#website","url":"https:\/\/najnaj.eu\/fr\/","name":"NajNaj.eu","description":"Za najva\u017enije!","potentialAction":[{"@type":"SearchAction","target":{"@type":"EntryPoint","urlTemplate":"https:\/\/najnaj.eu\/fr\/?s={search_term_string}"},"query-input":{"@type":"PropertyValueSpecification","valueRequired":true,"valueName":"search_term_string"}}],"inLanguage":"fr-FR"}]},"product_brand":"Citron","product_price_amount":"26.99","product_price_currency":"EUR","og_availability":"instock","product_availability":"instock","product_retailer_item_id":"PLA_TABLEWARE_SET_BALLERINA","product_condition":"new"},"_links":{"self":[{"href":"https:\/\/najnaj.eu\/fr\/wp-json\/wp\/v2\/product\/235294","targetHints":{"allow":["GET"]}}],"collection":[{"href":"https:\/\/najnaj.eu\/fr\/wp-json\/wp\/v2\/product"}],"about":[{"href":"https:\/\/najnaj.eu\/fr\/wp-json\/wp\/v2\/types\/product"}],"replies":[{"embeddable":true,"href":"https:\/\/najnaj.eu\/fr\/wp-json\/wp\/v2\/comments?post=235294"}],"version-history":[{"count":0,"href":"https:\/\/najnaj.eu\/fr\/wp-json\/wp\/v2\/product\/235294\/revisions"}],"wp:featuredmedia":[{"embeddable":true,"href":"https:\/\/najnaj.eu\/fr\/wp-json\/wp\/v2\/media\/235320"}],"wp:attachment":[{"href":"https:\/\/najnaj.eu\/fr\/wp-json\/wp\/v2\/media?parent=235294"}],"wp:term":[{"taxonomy":"product_brand","embeddable":true,"href":"https:\/\/najnaj.eu\/fr\/wp-json\/wp\/v2\/product_brand?post=235294"},{"taxonomy":"product_cat","embeddable":true,"href":"https:\/\/najnaj.eu\/fr\/wp-json\/wp\/v2\/product_cat?post=235294"},{"taxonomy":"product_tag","embeddable":true,"href":"https:\/\/najnaj.eu\/fr\/wp-json\/wp\/v2\/product_tag?post=235294"}],"curies":[{"name":"wp","href":"https:\/\/api.w.org\/{rel}","templated":true}]}}