{"id":235248,"date":"2025-01-17T09:09:54","date_gmt":"2025-01-17T08:09:54","guid":{"rendered":"https:\/\/najnaj.eu\/?post_type=product&#038;p=235248"},"modified":"2026-02-04T09:17:42","modified_gmt":"2026-02-04T08:17:42","slug":"citron-silikonske-zlice-za-hranjenje-ballerina","status":"publish","type":"product","link":"https:\/\/najnaj.eu\/fr\/proizvod\/citron-silikonske-zlice-za-hranjenje-ballerina\/","title":{"rendered":"Citron Silikonske \u017elice za hranjenje Ballerina"},"content":{"rendered":"<p>Na\u0161e mekane silikonske \u017elice za hranjenje iznimno su nje\u017ene za desni i zube i dizajnirane s dugim ru\u010dkama tako da su jednostavne za kori\u0161tenje roditeljima i djeci koja se u\u010de samostalno hraniti. Tako\u0111er imaju male to\u010dkice koje \u0107e osigurati da se \u017elica ne preokrene kada se stavi na stol.<\/p>\n","protected":false},"excerpt":{"rendered":"<ul>\n<li>Set dugih silikonskih \u017elica (2 \u017elice)<\/li>\n<li>Velika, jednostavna dr\u0161ka za samostalno hranjenje<\/li>\n<li>Sigurne za hranu<\/li>\n<li>Ne sadr\u017ee BPA<\/li>\n<li>Dimenzije: 16,5 x 2,3 cm<\/li>\n<li>Prikladno za djecu od 4+ mjeseca<\/li>\n<\/ul>\n","protected":false},"featured_media":235249,"comment_status":"closed","ping_status":"closed","template":"","meta":{"_acf_changed":false,"footnotes":""},"product_brand":[],"product_cat":[577,622,658],"product_tag":[],"class_list":{"0":"post-235248","1":"product","2":"type-product","3":"status-publish","4":"has-post-thumbnail","6":"product_cat-hranjenje","7":"product_cat-posude","8":"product_cat-pribor-za-jelo","9":"pa_boja-bez","10":"pa_boja-roza","11":"pa_brand-citron","12":"pa_vrsta-posuda-pribor-za-jelo","14":"first","15":"instock","16":"shipping-taxable","17":"purchasable","18":"product-type-simple"},"bundled_by":[],"bundle_stock_status":"instock","bundle_stock_quantity":15,"bundle_virtual":false,"bundle_layout":"","bundle_add_to_cart_form_location":"","bundle_editable_in_cart":false,"bundle_sold_individually_context":"","bundle_item_grouping":"","bundle_min_size":"","bundle_max_size":"","bundle_price":[],"bundled_items":[],"bundle_sell_ids":[],"acf":[],"yoast_head":"<!-- This site is optimized with the Yoast SEO Premium plugin v21.5 (Yoast SEO v27.4) - https:\/\/yoast.com\/product\/yoast-seo-premium-wordpress\/ -->\n<title>Citron Silikonske \u017elice za hranjenje Ballerina - NajNaj.eu<\/title>\n<meta name=\"robots\" content=\"index, follow, max-snippet:-1, max-image-preview:large, max-video-preview:-1\" \/>\n<link rel=\"canonical\" href=\"https:\/\/najnaj.eu\/fr\/proizvod\/citron-silikonske-zlice-za-hranjenje-ballerina\/\" \/>\n<meta property=\"og:locale\" content=\"fr_FR\" \/>\n<meta property=\"og:type\" content=\"article\" \/>\n<meta property=\"og:title\" content=\"Citron Silikonske \u017elice za hranjenje Ballerina\" \/>\n<meta property=\"og:description\" content=\"Set dugih silikonskih \u017elica (2 \u017elice)  Velika, jednostavna dr\u0161ka za samostalno hranjenje  Sigurne za hranu  Ne sadr\u017ee BPA  Dimenzije: 16,5 x 2,3 cm  Prikladno za djecu od 4+ mjeseca\" \/>\n<meta property=\"og:url\" content=\"https:\/\/najnaj.eu\/fr\/proizvod\/citron-silikonske-zlice-za-hranjenje-ballerina\/\" \/>\n<meta property=\"og:site_name\" content=\"NajNaj.eu\" \/>\n<meta property=\"article:publisher\" content=\"https:\/\/web.facebook.com\/najnaj.eu\/\" \/>\n<meta property=\"article:modified_time\" content=\"2026-02-04T08:17:42+00:00\" \/>\n<meta property=\"og:image\" content=\"https:\/\/najnaj.eu\/wp-content\/uploads\/2025\/01\/Z1088-Silicone-Feeding-Spoons-Long-Ballerina-Main.jpg\" \/>\n\t<meta property=\"og:image:width\" content=\"2000\" \/>\n\t<meta property=\"og:image:height\" content=\"2000\" \/>\n\t<meta property=\"og:image:type\" content=\"image\/jpeg\" \/>\n<meta name=\"twitter:card\" content=\"summary_large_image\" \/>\n<meta name=\"twitter:label1\" content=\"Prix\" \/>\n\t<meta name=\"twitter:data1\" content=\"12,99&nbsp;&euro;\" \/>\n\t<meta name=\"twitter:label2\" content=\"Disponibilit\u00e9\" \/>\n\t<meta name=\"twitter:data2\" content=\"En stock\" \/>\n<script type=\"application\/ld+json\" class=\"yoast-schema-graph\">{\"@context\":\"https:\\\/\\\/schema.org\",\"@graph\":[{\"@type\":\"WebPage\",\"@id\":\"https:\\\/\\\/najnaj.eu\\\/fr\\\/proizvod\\\/citron-silikonske-zlice-za-hranjenje-ballerina\\\/\",\"url\":\"https:\\\/\\\/najnaj.eu\\\/fr\\\/proizvod\\\/citron-silikonske-zlice-za-hranjenje-ballerina\\\/\",\"name\":\"Citron Silikonske \u017elice za hranjenje Ballerina - NajNaj.eu\",\"isPartOf\":{\"@id\":\"https:\\\/\\\/najnaj.eu\\\/fr\\\/#website\"},\"primaryImageOfPage\":{\"@id\":\"https:\\\/\\\/najnaj.eu\\\/fr\\\/proizvod\\\/citron-silikonske-zlice-za-hranjenje-ballerina\\\/#primaryimage\"},\"image\":{\"@id\":\"https:\\\/\\\/najnaj.eu\\\/fr\\\/proizvod\\\/citron-silikonske-zlice-za-hranjenje-ballerina\\\/#primaryimage\"},\"thumbnailUrl\":\"https:\\\/\\\/najnaj.eu\\\/wp-content\\\/uploads\\\/2025\\\/01\\\/Z1088-Silicone-Feeding-Spoons-Long-Ballerina-Main.jpg\",\"datePublished\":\"2025-01-17T08:09:54+00:00\",\"dateModified\":\"2026-02-04T08:17:42+00:00\",\"breadcrumb\":{\"@id\":\"https:\\\/\\\/najnaj.eu\\\/fr\\\/proizvod\\\/citron-silikonske-zlice-za-hranjenje-ballerina\\\/#breadcrumb\"},\"inLanguage\":\"fr-FR\",\"potentialAction\":[{\"@type\":\"ReadAction\",\"target\":[\"https:\\\/\\\/najnaj.eu\\\/fr\\\/proizvod\\\/citron-silikonske-zlice-za-hranjenje-ballerina\\\/\"]}]},{\"@type\":\"ImageObject\",\"inLanguage\":\"fr-FR\",\"@id\":\"https:\\\/\\\/najnaj.eu\\\/fr\\\/proizvod\\\/citron-silikonske-zlice-za-hranjenje-ballerina\\\/#primaryimage\",\"url\":\"https:\\\/\\\/najnaj.eu\\\/wp-content\\\/uploads\\\/2025\\\/01\\\/Z1088-Silicone-Feeding-Spoons-Long-Ballerina-Main.jpg\",\"contentUrl\":\"https:\\\/\\\/najnaj.eu\\\/wp-content\\\/uploads\\\/2025\\\/01\\\/Z1088-Silicone-Feeding-Spoons-Long-Ballerina-Main.jpg\",\"width\":2000,\"height\":2000},{\"@type\":\"BreadcrumbList\",\"@id\":\"https:\\\/\\\/najnaj.eu\\\/fr\\\/proizvod\\\/citron-silikonske-zlice-za-hranjenje-ballerina\\\/#breadcrumb\",\"itemListElement\":[{\"@type\":\"ListItem\",\"position\":1,\"name\":\"Po\u010detna stranica\",\"item\":\"https:\\\/\\\/najnaj.eu\\\/fr\\\/\"},{\"@type\":\"ListItem\",\"position\":2,\"name\":\"Trgovina\",\"item\":\"https:\\\/\\\/najnaj.hr\\\/trgovina\\\/\"},{\"@type\":\"ListItem\",\"position\":3,\"name\":\"Citron Silikonske \u017elice za hranjenje Ballerina\"}]},{\"@type\":\"WebSite\",\"@id\":\"https:\\\/\\\/najnaj.eu\\\/fr\\\/#website\",\"url\":\"https:\\\/\\\/najnaj.eu\\\/fr\\\/\",\"name\":\"NajNaj.eu\",\"description\":\"Za najva\u017enije!\",\"potentialAction\":[{\"@type\":\"SearchAction\",\"target\":{\"@type\":\"EntryPoint\",\"urlTemplate\":\"https:\\\/\\\/najnaj.eu\\\/fr\\\/?s={search_term_string}\"},\"query-input\":{\"@type\":\"PropertyValueSpecification\",\"valueRequired\":true,\"valueName\":\"search_term_string\"}}],\"inLanguage\":\"fr-FR\"}]}<\/script>\n<meta property=\"product:brand\" content=\"Citron\" \/>\n<meta property=\"product:price:amount\" content=\"12.99\" \/>\n<meta property=\"product:price:currency\" content=\"EUR\" \/>\n<meta property=\"og:availability\" content=\"instock\" \/>\n<meta property=\"product:availability\" content=\"instock\" \/>\n<meta property=\"product:retailer_item_id\" content=\"Silicone_Feeding_Spoon_Long_Set2_Ballerina\" \/>\n<meta property=\"product:condition\" content=\"new\" \/>\n<!-- \/ Yoast SEO Premium plugin. -->","yoast_head_json":{"title":"Citron Silikonske \u017elice za hranjenje Ballerina - NajNaj.eu","robots":{"index":"index","follow":"follow","max-snippet":"max-snippet:-1","max-image-preview":"max-image-preview:large","max-video-preview":"max-video-preview:-1"},"canonical":"https:\/\/najnaj.eu\/fr\/proizvod\/citron-silikonske-zlice-za-hranjenje-ballerina\/","og_locale":"fr_FR","og_type":"article","og_title":"Citron Silikonske \u017elice za hranjenje Ballerina","og_description":"Set dugih silikonskih \u017elica (2 \u017elice)  Velika, jednostavna dr\u0161ka za samostalno hranjenje  Sigurne za hranu  Ne sadr\u017ee BPA  Dimenzije: 16,5 x 2,3 cm  Prikladno za djecu od 4+ mjeseca","og_url":"https:\/\/najnaj.eu\/fr\/proizvod\/citron-silikonske-zlice-za-hranjenje-ballerina\/","og_site_name":"NajNaj.eu","article_publisher":"https:\/\/web.facebook.com\/najnaj.eu\/","article_modified_time":"2026-02-04T08:17:42+00:00","og_image":[{"width":2000,"height":2000,"url":"https:\/\/najnaj.eu\/wp-content\/uploads\/2025\/01\/Z1088-Silicone-Feeding-Spoons-Long-Ballerina-Main.jpg","type":"image\/jpeg"}],"twitter_card":"summary_large_image","twitter_misc":{"Prix":"12,99&nbsp;&euro;","Disponibilit\u00e9":"En stock"},"schema":{"@context":"https:\/\/schema.org","@graph":[{"@type":"WebPage","@id":"https:\/\/najnaj.eu\/fr\/proizvod\/citron-silikonske-zlice-za-hranjenje-ballerina\/","url":"https:\/\/najnaj.eu\/fr\/proizvod\/citron-silikonske-zlice-za-hranjenje-ballerina\/","name":"Citron Silikonske \u017elice za hranjenje Ballerina - NajNaj.eu","isPartOf":{"@id":"https:\/\/najnaj.eu\/fr\/#website"},"primaryImageOfPage":{"@id":"https:\/\/najnaj.eu\/fr\/proizvod\/citron-silikonske-zlice-za-hranjenje-ballerina\/#primaryimage"},"image":{"@id":"https:\/\/najnaj.eu\/fr\/proizvod\/citron-silikonske-zlice-za-hranjenje-ballerina\/#primaryimage"},"thumbnailUrl":"https:\/\/najnaj.eu\/wp-content\/uploads\/2025\/01\/Z1088-Silicone-Feeding-Spoons-Long-Ballerina-Main.jpg","datePublished":"2025-01-17T08:09:54+00:00","dateModified":"2026-02-04T08:17:42+00:00","breadcrumb":{"@id":"https:\/\/najnaj.eu\/fr\/proizvod\/citron-silikonske-zlice-za-hranjenje-ballerina\/#breadcrumb"},"inLanguage":"fr-FR","potentialAction":[{"@type":"ReadAction","target":["https:\/\/najnaj.eu\/fr\/proizvod\/citron-silikonske-zlice-za-hranjenje-ballerina\/"]}]},{"@type":"ImageObject","inLanguage":"fr-FR","@id":"https:\/\/najnaj.eu\/fr\/proizvod\/citron-silikonske-zlice-za-hranjenje-ballerina\/#primaryimage","url":"https:\/\/najnaj.eu\/wp-content\/uploads\/2025\/01\/Z1088-Silicone-Feeding-Spoons-Long-Ballerina-Main.jpg","contentUrl":"https:\/\/najnaj.eu\/wp-content\/uploads\/2025\/01\/Z1088-Silicone-Feeding-Spoons-Long-Ballerina-Main.jpg","width":2000,"height":2000},{"@type":"BreadcrumbList","@id":"https:\/\/najnaj.eu\/fr\/proizvod\/citron-silikonske-zlice-za-hranjenje-ballerina\/#breadcrumb","itemListElement":[{"@type":"ListItem","position":1,"name":"Po\u010detna stranica","item":"https:\/\/najnaj.eu\/fr\/"},{"@type":"ListItem","position":2,"name":"Trgovina","item":"https:\/\/najnaj.hr\/trgovina\/"},{"@type":"ListItem","position":3,"name":"Citron Silikonske \u017elice za hranjenje Ballerina"}]},{"@type":"WebSite","@id":"https:\/\/najnaj.eu\/fr\/#website","url":"https:\/\/najnaj.eu\/fr\/","name":"NajNaj.eu","description":"Za najva\u017enije!","potentialAction":[{"@type":"SearchAction","target":{"@type":"EntryPoint","urlTemplate":"https:\/\/najnaj.eu\/fr\/?s={search_term_string}"},"query-input":{"@type":"PropertyValueSpecification","valueRequired":true,"valueName":"search_term_string"}}],"inLanguage":"fr-FR"}]},"product_brand":"Citron","product_price_amount":"12.99","product_price_currency":"EUR","og_availability":"instock","product_availability":"instock","product_retailer_item_id":"Silicone_Feeding_Spoon_Long_Set2_Ballerina","product_condition":"new"},"_links":{"self":[{"href":"https:\/\/najnaj.eu\/fr\/wp-json\/wp\/v2\/product\/235248","targetHints":{"allow":["GET"]}}],"collection":[{"href":"https:\/\/najnaj.eu\/fr\/wp-json\/wp\/v2\/product"}],"about":[{"href":"https:\/\/najnaj.eu\/fr\/wp-json\/wp\/v2\/types\/product"}],"replies":[{"embeddable":true,"href":"https:\/\/najnaj.eu\/fr\/wp-json\/wp\/v2\/comments?post=235248"}],"version-history":[{"count":0,"href":"https:\/\/najnaj.eu\/fr\/wp-json\/wp\/v2\/product\/235248\/revisions"}],"wp:featuredmedia":[{"embeddable":true,"href":"https:\/\/najnaj.eu\/fr\/wp-json\/wp\/v2\/media\/235249"}],"wp:attachment":[{"href":"https:\/\/najnaj.eu\/fr\/wp-json\/wp\/v2\/media?parent=235248"}],"wp:term":[{"taxonomy":"product_brand","embeddable":true,"href":"https:\/\/najnaj.eu\/fr\/wp-json\/wp\/v2\/product_brand?post=235248"},{"taxonomy":"product_cat","embeddable":true,"href":"https:\/\/najnaj.eu\/fr\/wp-json\/wp\/v2\/product_cat?post=235248"},{"taxonomy":"product_tag","embeddable":true,"href":"https:\/\/najnaj.eu\/fr\/wp-json\/wp\/v2\/product_tag?post=235248"}],"curies":[{"name":"wp","href":"https:\/\/api.w.org\/{rel}","templated":true}]}}