{"id":233443,"date":"2024-12-18T11:58:24","date_gmt":"2024-12-18T10:58:24","guid":{"rendered":"https:\/\/najnaj.eu\/?post_type=product&#038;p=233443"},"modified":"2026-04-15T02:18:40","modified_gmt":"2026-04-15T00:18:40","slug":"besafe-univerzalni-drzac-pojasa","status":"publish","type":"product","link":"https:\/\/najnaj.eu\/fr\/proizvod\/besafe-univerzalni-drzac-pojasa\/","title":{"rendered":"BeSafe Univerzalni dr\u017ea\u010d pojasa"},"content":{"rendered":"<p><span data-sheets-root=\"1\">U nekom trenutku sva djeca do\u0111u do faze testiranja svojih granica. Za neke od njih to zna\u010di razviti naviku skidanja pojasa autosjedalice, bez obzira na to koliko ih je roditelj dobro zategnuo.<\/span><\/p>\n<p><strong>Sprje\u010dava da se mali ma\u0111ioni\u010dari oslobode iz autosjedalice<\/strong><\/p>\n<p>Dr\u017ei ramene pojaseve blizu jedan uz drugog i osigurava njihov pravilan polo\u017eaj na tijelu djeteta<br \/>\nKoristi napetost pojasa kako bi ostao u polo\u017eaju, nemogu\u0107e da ga dijete gurne prema dolje.<\/p>\n<p><strong>Dizajniran za za\u0161titu<\/strong><\/p>\n<p>Testiran na sudar prema regulativi UN R129<br \/>\nIspunjava zahtjeve regulative UN R129 u pogledu veli\u010dine, funkcionalnosti i lako\u0107e otvaranja<br \/>\nPatentirani mehanizam otvaranja jednom rukom omogu\u0107uje brzo izvla\u010denje djeteta u svakoj situaciji<\/p>\n<p><strong>Lako se pri\u010dvr\u0161\u0107uje na pojaseve<\/strong><\/p>\n<p>Samo otvorite kop\u010du, umetnite pojas i ponovno ga zatvorite<br \/>\nMo\u017ee se pomicati gore-dolje dok je kop\u010da otvorena kako bi se prona\u0161la optimalna visina za dijete<br \/>\nOdgovara uz pojaseve standardne \u0161irine 4 cm i srednje ili kratke jastu\u010di\u0107e za ramena<\/p>\n<p>Za BeSafe autosjedalice za malu djecu, s duljim za\u0161titnim jastu\u010di\u0107ima preporu\u010dujemo kori\u0161tenje klasi\u010dnog BeSafe Dr\u017ea\u010da pojasa, dok je Univerzalni dr\u017ea\u010d idealan za novoro\u0111en\u010dad i bebe.<br \/>\nBeSafe autosjedalice imaju du\u017ee jastu\u010di\u0107e za ramena, zbog \u010dega bi Univerzalni dr\u017ea\u010d kod manje djece bio postavljen prenisko.<\/p>\n<p><strong>Odobrenja i testiranja<\/strong><\/p>\n<p>Testirano: testirano na sudar pri 50 km\/h, ispunjava zahtjeve UN R129<br \/>\nOvaj proizvod odgovara autosjedalicama za malu djecu sa \u0161irinom pojasa od maksimalno 4 cm i srednjim\/kratkim jastu\u010di\u0107ima za ramena, tako da je namje\u0161ten u visini prsa. Kod BeSafe autosjedalica jastu\u010di\u0107i za ramena su preduga\u010dki i preporu\u010dujemo kori\u0161tenje BeSafe dr\u017ea\u010da pojasa.\u00a0<span data-sheets-root=\"1\"><br \/>\n<\/span><\/p>\n","protected":false},"excerpt":{"rendered":"<p><span data-sheets-root=\"1\">Univerzalni dr\u017ea\u010d pojasa povezuje sigurnosne pojaseve autosjedalice osiguravaju\u0107i djetetovu sigurnost tijekom vo\u017enje. Njegov jedinstveni dizajn koristi napetost pojasa kako bi ostao zaklju\u010dan, a siguran patentirani mehanizam sprje\u010dava da se dijete iz njih oslobodi, dok ga roditelji vrlo lako mogu otvoriti. <\/span><\/p>\n","protected":false},"featured_media":233444,"comment_status":"closed","ping_status":"closed","template":"","meta":{"_acf_changed":false,"footnotes":""},"product_brand":[],"product_cat":[574,646],"product_tag":[],"class_list":{"0":"post-233443","1":"product","2":"type-product","3":"status-publish","4":"has-post-thumbnail","6":"product_cat-autosjedalice","7":"product_cat-ostali-dodaci","8":"pa_brand-besafe","10":"first","11":"outofstock","12":"shipping-taxable","13":"purchasable","14":"product-type-simple"},"bundled_by":[],"bundle_stock_status":"outofstock","bundle_stock_quantity":0,"bundle_virtual":false,"bundle_layout":"","bundle_add_to_cart_form_location":"","bundle_editable_in_cart":false,"bundle_sold_individually_context":"","bundle_item_grouping":"","bundle_min_size":"","bundle_max_size":"","bundle_price":[],"bundled_items":[],"bundle_sell_ids":[],"acf":[],"yoast_head":"<!-- This site is optimized with the Yoast SEO Premium plugin v21.5 (Yoast SEO v27.4) - https:\/\/yoast.com\/product\/yoast-seo-premium-wordpress\/ -->\n<title>BeSafe Univerzalni dr\u017ea\u010d pojasa - NajNaj.eu<\/title>\n<meta name=\"robots\" content=\"index, follow, max-snippet:-1, max-image-preview:large, max-video-preview:-1\" \/>\n<link rel=\"canonical\" href=\"https:\/\/najnaj.eu\/fr\/proizvod\/besafe-univerzalni-drzac-pojasa\/\" \/>\n<meta property=\"og:locale\" content=\"fr_FR\" \/>\n<meta property=\"og:type\" content=\"article\" \/>\n<meta property=\"og:title\" content=\"BeSafe Univerzalni dr\u017ea\u010d pojasa\" \/>\n<meta property=\"og:description\" content=\"Univerzalni dr\u017ea\u010d pojasa povezuje sigurnosne pojaseve autosjedalice osiguravaju\u0107i djetetovu sigurnost tijekom vo\u017enje. Njegov jedinstveni dizajn koristi napetost pojasa kako bi ostao zaklju\u010dan, a siguran patentirani mehanizam sprje\u010dava da se dijete iz njih oslobodi, dok ga roditelji vrlo lako mogu otvoriti.\" \/>\n<meta property=\"og:url\" content=\"https:\/\/najnaj.eu\/fr\/proizvod\/besafe-univerzalni-drzac-pojasa\/\" \/>\n<meta property=\"og:site_name\" content=\"NajNaj.eu\" \/>\n<meta property=\"article:publisher\" content=\"https:\/\/web.facebook.com\/najnaj.eu\/\" \/>\n<meta property=\"article:modified_time\" content=\"2026-04-15T00:18:40+00:00\" \/>\n<meta property=\"og:image\" content=\"https:\/\/najnaj.eu\/wp-content\/uploads\/2024\/12\/11039762_BeSafe_Belt-Keeper_Shadow.jpg\" \/>\n\t<meta property=\"og:image:width\" content=\"2400\" \/>\n\t<meta property=\"og:image:height\" content=\"2400\" \/>\n\t<meta property=\"og:image:type\" content=\"image\/jpeg\" \/>\n<meta name=\"twitter:card\" content=\"summary_large_image\" \/>\n<meta name=\"twitter:label1\" content=\"Prix\" \/>\n\t<meta name=\"twitter:data1\" content=\"19,99&nbsp;&euro;\" \/>\n\t<meta name=\"twitter:label2\" content=\"Disponibilit\u00e9\" \/>\n\t<meta name=\"twitter:data2\" content=\"Rupture de stock\" \/>\n<script type=\"application\/ld+json\" class=\"yoast-schema-graph\">{\"@context\":\"https:\\\/\\\/schema.org\",\"@graph\":[{\"@type\":\"WebPage\",\"@id\":\"https:\\\/\\\/najnaj.eu\\\/fr\\\/proizvod\\\/besafe-univerzalni-drzac-pojasa\\\/\",\"url\":\"https:\\\/\\\/najnaj.eu\\\/fr\\\/proizvod\\\/besafe-univerzalni-drzac-pojasa\\\/\",\"name\":\"BeSafe Univerzalni dr\u017ea\u010d pojasa - NajNaj.eu\",\"isPartOf\":{\"@id\":\"https:\\\/\\\/najnaj.eu\\\/fr\\\/#website\"},\"primaryImageOfPage\":{\"@id\":\"https:\\\/\\\/najnaj.eu\\\/fr\\\/proizvod\\\/besafe-univerzalni-drzac-pojasa\\\/#primaryimage\"},\"image\":{\"@id\":\"https:\\\/\\\/najnaj.eu\\\/fr\\\/proizvod\\\/besafe-univerzalni-drzac-pojasa\\\/#primaryimage\"},\"thumbnailUrl\":\"https:\\\/\\\/najnaj.eu\\\/wp-content\\\/uploads\\\/2024\\\/12\\\/11039762_BeSafe_Belt-Keeper_Shadow.jpg\",\"datePublished\":\"2024-12-18T10:58:24+00:00\",\"dateModified\":\"2026-04-15T00:18:40+00:00\",\"breadcrumb\":{\"@id\":\"https:\\\/\\\/najnaj.eu\\\/fr\\\/proizvod\\\/besafe-univerzalni-drzac-pojasa\\\/#breadcrumb\"},\"inLanguage\":\"fr-FR\",\"potentialAction\":[{\"@type\":\"ReadAction\",\"target\":[\"https:\\\/\\\/najnaj.eu\\\/fr\\\/proizvod\\\/besafe-univerzalni-drzac-pojasa\\\/\"]}]},{\"@type\":\"ImageObject\",\"inLanguage\":\"fr-FR\",\"@id\":\"https:\\\/\\\/najnaj.eu\\\/fr\\\/proizvod\\\/besafe-univerzalni-drzac-pojasa\\\/#primaryimage\",\"url\":\"https:\\\/\\\/najnaj.eu\\\/wp-content\\\/uploads\\\/2024\\\/12\\\/11039762_BeSafe_Belt-Keeper_Shadow.jpg\",\"contentUrl\":\"https:\\\/\\\/najnaj.eu\\\/wp-content\\\/uploads\\\/2024\\\/12\\\/11039762_BeSafe_Belt-Keeper_Shadow.jpg\",\"width\":2400,\"height\":2400},{\"@type\":\"BreadcrumbList\",\"@id\":\"https:\\\/\\\/najnaj.eu\\\/fr\\\/proizvod\\\/besafe-univerzalni-drzac-pojasa\\\/#breadcrumb\",\"itemListElement\":[{\"@type\":\"ListItem\",\"position\":1,\"name\":\"Po\u010detna stranica\",\"item\":\"https:\\\/\\\/najnaj.eu\\\/fr\\\/\"},{\"@type\":\"ListItem\",\"position\":2,\"name\":\"Trgovina\",\"item\":\"https:\\\/\\\/najnaj.hr\\\/trgovina\\\/\"},{\"@type\":\"ListItem\",\"position\":3,\"name\":\"BeSafe Univerzalni dr\u017ea\u010d pojasa\"}]},{\"@type\":\"WebSite\",\"@id\":\"https:\\\/\\\/najnaj.eu\\\/fr\\\/#website\",\"url\":\"https:\\\/\\\/najnaj.eu\\\/fr\\\/\",\"name\":\"NajNaj.eu\",\"description\":\"Za najva\u017enije!\",\"potentialAction\":[{\"@type\":\"SearchAction\",\"target\":{\"@type\":\"EntryPoint\",\"urlTemplate\":\"https:\\\/\\\/najnaj.eu\\\/fr\\\/?s={search_term_string}\"},\"query-input\":{\"@type\":\"PropertyValueSpecification\",\"valueRequired\":true,\"valueName\":\"search_term_string\"}}],\"inLanguage\":\"fr-FR\"}]}<\/script>\n<meta property=\"product:brand\" content=\"BeSafe\" \/>\n<meta property=\"product:price:amount\" content=\"19.99\" \/>\n<meta property=\"product:price:currency\" content=\"EUR\" \/>\n<meta property=\"og:availability\" content=\"out of stock\" \/>\n<meta property=\"product:availability\" content=\"out of stock\" \/>\n<meta property=\"product:retailer_item_id\" content=\"11039762-Black-One Size-Std\" \/>\n<meta property=\"product:condition\" content=\"new\" \/>\n<!-- \/ Yoast SEO Premium plugin. -->","yoast_head_json":{"title":"BeSafe Univerzalni dr\u017ea\u010d pojasa - NajNaj.eu","robots":{"index":"index","follow":"follow","max-snippet":"max-snippet:-1","max-image-preview":"max-image-preview:large","max-video-preview":"max-video-preview:-1"},"canonical":"https:\/\/najnaj.eu\/fr\/proizvod\/besafe-univerzalni-drzac-pojasa\/","og_locale":"fr_FR","og_type":"article","og_title":"BeSafe Univerzalni dr\u017ea\u010d pojasa","og_description":"Univerzalni dr\u017ea\u010d pojasa povezuje sigurnosne pojaseve autosjedalice osiguravaju\u0107i djetetovu sigurnost tijekom vo\u017enje. Njegov jedinstveni dizajn koristi napetost pojasa kako bi ostao zaklju\u010dan, a siguran patentirani mehanizam sprje\u010dava da se dijete iz njih oslobodi, dok ga roditelji vrlo lako mogu otvoriti.","og_url":"https:\/\/najnaj.eu\/fr\/proizvod\/besafe-univerzalni-drzac-pojasa\/","og_site_name":"NajNaj.eu","article_publisher":"https:\/\/web.facebook.com\/najnaj.eu\/","article_modified_time":"2026-04-15T00:18:40+00:00","og_image":[{"width":2400,"height":2400,"url":"https:\/\/najnaj.eu\/wp-content\/uploads\/2024\/12\/11039762_BeSafe_Belt-Keeper_Shadow.jpg","type":"image\/jpeg"}],"twitter_card":"summary_large_image","twitter_misc":{"Prix":"19,99&nbsp;&euro;","Disponibilit\u00e9":"Rupture de stock"},"schema":{"@context":"https:\/\/schema.org","@graph":[{"@type":"WebPage","@id":"https:\/\/najnaj.eu\/fr\/proizvod\/besafe-univerzalni-drzac-pojasa\/","url":"https:\/\/najnaj.eu\/fr\/proizvod\/besafe-univerzalni-drzac-pojasa\/","name":"BeSafe Univerzalni dr\u017ea\u010d pojasa - NajNaj.eu","isPartOf":{"@id":"https:\/\/najnaj.eu\/fr\/#website"},"primaryImageOfPage":{"@id":"https:\/\/najnaj.eu\/fr\/proizvod\/besafe-univerzalni-drzac-pojasa\/#primaryimage"},"image":{"@id":"https:\/\/najnaj.eu\/fr\/proizvod\/besafe-univerzalni-drzac-pojasa\/#primaryimage"},"thumbnailUrl":"https:\/\/najnaj.eu\/wp-content\/uploads\/2024\/12\/11039762_BeSafe_Belt-Keeper_Shadow.jpg","datePublished":"2024-12-18T10:58:24+00:00","dateModified":"2026-04-15T00:18:40+00:00","breadcrumb":{"@id":"https:\/\/najnaj.eu\/fr\/proizvod\/besafe-univerzalni-drzac-pojasa\/#breadcrumb"},"inLanguage":"fr-FR","potentialAction":[{"@type":"ReadAction","target":["https:\/\/najnaj.eu\/fr\/proizvod\/besafe-univerzalni-drzac-pojasa\/"]}]},{"@type":"ImageObject","inLanguage":"fr-FR","@id":"https:\/\/najnaj.eu\/fr\/proizvod\/besafe-univerzalni-drzac-pojasa\/#primaryimage","url":"https:\/\/najnaj.eu\/wp-content\/uploads\/2024\/12\/11039762_BeSafe_Belt-Keeper_Shadow.jpg","contentUrl":"https:\/\/najnaj.eu\/wp-content\/uploads\/2024\/12\/11039762_BeSafe_Belt-Keeper_Shadow.jpg","width":2400,"height":2400},{"@type":"BreadcrumbList","@id":"https:\/\/najnaj.eu\/fr\/proizvod\/besafe-univerzalni-drzac-pojasa\/#breadcrumb","itemListElement":[{"@type":"ListItem","position":1,"name":"Po\u010detna stranica","item":"https:\/\/najnaj.eu\/fr\/"},{"@type":"ListItem","position":2,"name":"Trgovina","item":"https:\/\/najnaj.hr\/trgovina\/"},{"@type":"ListItem","position":3,"name":"BeSafe Univerzalni dr\u017ea\u010d pojasa"}]},{"@type":"WebSite","@id":"https:\/\/najnaj.eu\/fr\/#website","url":"https:\/\/najnaj.eu\/fr\/","name":"NajNaj.eu","description":"Za najva\u017enije!","potentialAction":[{"@type":"SearchAction","target":{"@type":"EntryPoint","urlTemplate":"https:\/\/najnaj.eu\/fr\/?s={search_term_string}"},"query-input":{"@type":"PropertyValueSpecification","valueRequired":true,"valueName":"search_term_string"}}],"inLanguage":"fr-FR"}]},"product_brand":"BeSafe","product_price_amount":"19.99","product_price_currency":"EUR","og_availability":"out of stock","product_availability":"out of stock","product_retailer_item_id":"11039762-Black-One Size-Std","product_condition":"new"},"_links":{"self":[{"href":"https:\/\/najnaj.eu\/fr\/wp-json\/wp\/v2\/product\/233443","targetHints":{"allow":["GET"]}}],"collection":[{"href":"https:\/\/najnaj.eu\/fr\/wp-json\/wp\/v2\/product"}],"about":[{"href":"https:\/\/najnaj.eu\/fr\/wp-json\/wp\/v2\/types\/product"}],"replies":[{"embeddable":true,"href":"https:\/\/najnaj.eu\/fr\/wp-json\/wp\/v2\/comments?post=233443"}],"version-history":[{"count":0,"href":"https:\/\/najnaj.eu\/fr\/wp-json\/wp\/v2\/product\/233443\/revisions"}],"wp:featuredmedia":[{"embeddable":true,"href":"https:\/\/najnaj.eu\/fr\/wp-json\/wp\/v2\/media\/233444"}],"wp:attachment":[{"href":"https:\/\/najnaj.eu\/fr\/wp-json\/wp\/v2\/media?parent=233443"}],"wp:term":[{"taxonomy":"product_brand","embeddable":true,"href":"https:\/\/najnaj.eu\/fr\/wp-json\/wp\/v2\/product_brand?post=233443"},{"taxonomy":"product_cat","embeddable":true,"href":"https:\/\/najnaj.eu\/fr\/wp-json\/wp\/v2\/product_cat?post=233443"},{"taxonomy":"product_tag","embeddable":true,"href":"https:\/\/najnaj.eu\/fr\/wp-json\/wp\/v2\/product_tag?post=233443"}],"curies":[{"name":"wp","href":"https:\/\/api.w.org\/{rel}","templated":true}]}}