{"id":232604,"date":"2023-12-06T08:11:32","date_gmt":"2023-12-06T07:11:32","guid":{"rendered":"https:\/\/najnaj.eu\/?post_type=product&#038;p=232604"},"modified":"2026-02-04T10:41:28","modified_gmt":"2026-02-04T09:41:28","slug":"modu-2x-grede-za-ravnotezu-forest-green","status":"publish","type":"product","link":"https:\/\/najnaj.eu\/fr\/proizvod\/modu-2x-grede-za-ravnotezu-forest-green\/","title":{"rendered":"MODU 2x grede za ravnote\u017eu, Forest Green"},"content":{"rendered":"<p>Ove grede za ravnote\u017eu donose nove uzbudljive izazove u va\u0161e MODU kreacije. Idealne za izradu staza za ravnote\u017eu, mostova, polica ili klupa, one pro\u0161iruju va\u0161 MODU svijet novim prilikama za izgradnju, ravnote\u017eu i istra\u017eivanje!<\/p>\n","protected":false},"excerpt":{"rendered":"<p>\u2795 Dodajte novi dodatak svojoj MODU kolekciji<\/p>\n<p>\u2795 Gradite staze, utvrde od deka, nove kreacije i jo\u0161 mnogo toga<\/p>\n<p>\u2795 FSC certificirano drvo breze, obojeno prirodnim lanenim uljem<\/p>\n","protected":false},"featured_media":232606,"comment_status":"closed","ping_status":"closed","template":"","meta":{"_acf_changed":false,"footnotes":""},"product_brand":[],"product_cat":[746,742,743,2382,662],"product_tag":[],"class_list":{"0":"post-232604","1":"product","2":"type-product","3":"status-publish","4":"has-post-thumbnail","6":"product_cat-dodaci-za-igracke","7":"product_cat-igracke","8":"product_cat-kocke-za-aktivnu-igru","9":"product_cat-cadeaux","10":"product_cat-stvari-za-djecu","11":"pa_boja-zelena","12":"pa_brand-modu","14":"first","15":"outofstock","16":"shipping-taxable","17":"purchasable","18":"product-type-simple"},"bundled_by":[],"bundle_stock_status":"outofstock","bundle_stock_quantity":0,"bundle_virtual":false,"bundle_layout":"","bundle_add_to_cart_form_location":"","bundle_editable_in_cart":false,"bundle_sold_individually_context":"","bundle_item_grouping":"","bundle_min_size":"","bundle_max_size":"","bundle_price":[],"bundled_items":[],"bundle_sell_ids":[],"acf":[],"yoast_head":"<!-- This site is optimized with the Yoast SEO Premium plugin v21.5 (Yoast SEO v27.4) - https:\/\/yoast.com\/product\/yoast-seo-premium-wordpress\/ -->\n<title>MODU 2x grede za ravnote\u017eu, Forest Green - NajNaj.eu<\/title>\n<meta name=\"robots\" content=\"index, follow, max-snippet:-1, max-image-preview:large, max-video-preview:-1\" \/>\n<link rel=\"canonical\" href=\"https:\/\/najnaj.eu\/fr\/proizvod\/modu-2x-grede-za-ravnotezu-forest-green\/\" \/>\n<meta property=\"og:locale\" content=\"fr_FR\" \/>\n<meta property=\"og:type\" content=\"article\" \/>\n<meta property=\"og:title\" content=\"MODU 2x grede za ravnote\u017eu, Forest Green\" \/>\n<meta property=\"og:description\" content=\"\u2795 Dodajte novi dodatak svojoj MODU kolekciji  \u2795 Gradite staze, utvrde od deka, nove kreacije i jo\u0161 mnogo toga  \u2795 FSC certificirano drvo breze, obojeno prirodnim lanenim uljem\" \/>\n<meta property=\"og:url\" content=\"https:\/\/najnaj.eu\/fr\/proizvod\/modu-2x-grede-za-ravnotezu-forest-green\/\" \/>\n<meta property=\"og:site_name\" content=\"NajNaj.eu\" \/>\n<meta property=\"article:publisher\" content=\"https:\/\/web.facebook.com\/najnaj.eu\/\" \/>\n<meta property=\"article:modified_time\" content=\"2026-02-04T09:41:28+00:00\" \/>\n<meta property=\"og:image\" content=\"https:\/\/najnaj.eu\/wp-content\/uploads\/2024\/12\/2x-Balance-Beams-Forest-Green-slide-1.jpg\" \/>\n\t<meta property=\"og:image:width\" content=\"1920\" \/>\n\t<meta property=\"og:image:height\" content=\"2400\" \/>\n\t<meta property=\"og:image:type\" content=\"image\/jpeg\" \/>\n<meta name=\"twitter:card\" content=\"summary_large_image\" \/>\n<meta name=\"twitter:label1\" content=\"Prix\" \/>\n\t<meta name=\"twitter:data1\" content=\"39,00&nbsp;&euro;\" \/>\n\t<meta name=\"twitter:label2\" content=\"Disponibilit\u00e9\" \/>\n\t<meta name=\"twitter:data2\" content=\"Rupture de stock\" \/>\n<script type=\"application\/ld+json\" class=\"yoast-schema-graph\">{\"@context\":\"https:\\\/\\\/schema.org\",\"@graph\":[{\"@type\":\"WebPage\",\"@id\":\"https:\\\/\\\/najnaj.eu\\\/fr\\\/proizvod\\\/modu-2x-grede-za-ravnotezu-forest-green\\\/\",\"url\":\"https:\\\/\\\/najnaj.eu\\\/fr\\\/proizvod\\\/modu-2x-grede-za-ravnotezu-forest-green\\\/\",\"name\":\"MODU 2x grede za ravnote\u017eu, Forest Green - NajNaj.eu\",\"isPartOf\":{\"@id\":\"https:\\\/\\\/najnaj.eu\\\/fr\\\/#website\"},\"primaryImageOfPage\":{\"@id\":\"https:\\\/\\\/najnaj.eu\\\/fr\\\/proizvod\\\/modu-2x-grede-za-ravnotezu-forest-green\\\/#primaryimage\"},\"image\":{\"@id\":\"https:\\\/\\\/najnaj.eu\\\/fr\\\/proizvod\\\/modu-2x-grede-za-ravnotezu-forest-green\\\/#primaryimage\"},\"thumbnailUrl\":\"https:\\\/\\\/najnaj.eu\\\/wp-content\\\/uploads\\\/2024\\\/12\\\/2x-Balance-Beams-Forest-Green-slide-1.jpg\",\"datePublished\":\"2023-12-06T07:11:32+00:00\",\"dateModified\":\"2026-02-04T09:41:28+00:00\",\"breadcrumb\":{\"@id\":\"https:\\\/\\\/najnaj.eu\\\/fr\\\/proizvod\\\/modu-2x-grede-za-ravnotezu-forest-green\\\/#breadcrumb\"},\"inLanguage\":\"fr-FR\",\"potentialAction\":[{\"@type\":\"ReadAction\",\"target\":[\"https:\\\/\\\/najnaj.eu\\\/fr\\\/proizvod\\\/modu-2x-grede-za-ravnotezu-forest-green\\\/\"]}]},{\"@type\":\"ImageObject\",\"inLanguage\":\"fr-FR\",\"@id\":\"https:\\\/\\\/najnaj.eu\\\/fr\\\/proizvod\\\/modu-2x-grede-za-ravnotezu-forest-green\\\/#primaryimage\",\"url\":\"https:\\\/\\\/najnaj.eu\\\/wp-content\\\/uploads\\\/2024\\\/12\\\/2x-Balance-Beams-Forest-Green-slide-1.jpg\",\"contentUrl\":\"https:\\\/\\\/najnaj.eu\\\/wp-content\\\/uploads\\\/2024\\\/12\\\/2x-Balance-Beams-Forest-Green-slide-1.jpg\",\"width\":1920,\"height\":2400},{\"@type\":\"BreadcrumbList\",\"@id\":\"https:\\\/\\\/najnaj.eu\\\/fr\\\/proizvod\\\/modu-2x-grede-za-ravnotezu-forest-green\\\/#breadcrumb\",\"itemListElement\":[{\"@type\":\"ListItem\",\"position\":1,\"name\":\"Po\u010detna stranica\",\"item\":\"https:\\\/\\\/najnaj.eu\\\/fr\\\/\"},{\"@type\":\"ListItem\",\"position\":2,\"name\":\"Trgovina\",\"item\":\"https:\\\/\\\/najnaj.hr\\\/trgovina\\\/\"},{\"@type\":\"ListItem\",\"position\":3,\"name\":\"MODU 2x grede za ravnote\u017eu, Forest Green\"}]},{\"@type\":\"WebSite\",\"@id\":\"https:\\\/\\\/najnaj.eu\\\/fr\\\/#website\",\"url\":\"https:\\\/\\\/najnaj.eu\\\/fr\\\/\",\"name\":\"NajNaj.eu\",\"description\":\"Za najva\u017enije!\",\"potentialAction\":[{\"@type\":\"SearchAction\",\"target\":{\"@type\":\"EntryPoint\",\"urlTemplate\":\"https:\\\/\\\/najnaj.eu\\\/fr\\\/?s={search_term_string}\"},\"query-input\":{\"@type\":\"PropertyValueSpecification\",\"valueRequired\":true,\"valueName\":\"search_term_string\"}}],\"inLanguage\":\"fr-FR\"}]}<\/script>\n<meta property=\"product:brand\" content=\"Modu\" \/>\n<meta property=\"product:price:amount\" content=\"39.00\" \/>\n<meta property=\"product:price:currency\" content=\"EUR\" \/>\n<meta property=\"og:availability\" content=\"out of stock\" \/>\n<meta property=\"product:availability\" content=\"out of stock\" \/>\n<meta property=\"product:retailer_item_id\" content=\"M-ADD-2XB-NA-FG\" \/>\n<meta property=\"product:condition\" content=\"new\" \/>\n<!-- \/ Yoast SEO Premium plugin. -->","yoast_head_json":{"title":"MODU 2x grede za ravnote\u017eu, Forest Green - NajNaj.eu","robots":{"index":"index","follow":"follow","max-snippet":"max-snippet:-1","max-image-preview":"max-image-preview:large","max-video-preview":"max-video-preview:-1"},"canonical":"https:\/\/najnaj.eu\/fr\/proizvod\/modu-2x-grede-za-ravnotezu-forest-green\/","og_locale":"fr_FR","og_type":"article","og_title":"MODU 2x grede za ravnote\u017eu, Forest Green","og_description":"\u2795 Dodajte novi dodatak svojoj MODU kolekciji  \u2795 Gradite staze, utvrde od deka, nove kreacije i jo\u0161 mnogo toga  \u2795 FSC certificirano drvo breze, obojeno prirodnim lanenim uljem","og_url":"https:\/\/najnaj.eu\/fr\/proizvod\/modu-2x-grede-za-ravnotezu-forest-green\/","og_site_name":"NajNaj.eu","article_publisher":"https:\/\/web.facebook.com\/najnaj.eu\/","article_modified_time":"2026-02-04T09:41:28+00:00","og_image":[{"width":1920,"height":2400,"url":"https:\/\/najnaj.eu\/wp-content\/uploads\/2024\/12\/2x-Balance-Beams-Forest-Green-slide-1.jpg","type":"image\/jpeg"}],"twitter_card":"summary_large_image","twitter_misc":{"Prix":"39,00&nbsp;&euro;","Disponibilit\u00e9":"Rupture de stock"},"schema":{"@context":"https:\/\/schema.org","@graph":[{"@type":"WebPage","@id":"https:\/\/najnaj.eu\/fr\/proizvod\/modu-2x-grede-za-ravnotezu-forest-green\/","url":"https:\/\/najnaj.eu\/fr\/proizvod\/modu-2x-grede-za-ravnotezu-forest-green\/","name":"MODU 2x grede za ravnote\u017eu, Forest Green - NajNaj.eu","isPartOf":{"@id":"https:\/\/najnaj.eu\/fr\/#website"},"primaryImageOfPage":{"@id":"https:\/\/najnaj.eu\/fr\/proizvod\/modu-2x-grede-za-ravnotezu-forest-green\/#primaryimage"},"image":{"@id":"https:\/\/najnaj.eu\/fr\/proizvod\/modu-2x-grede-za-ravnotezu-forest-green\/#primaryimage"},"thumbnailUrl":"https:\/\/najnaj.eu\/wp-content\/uploads\/2024\/12\/2x-Balance-Beams-Forest-Green-slide-1.jpg","datePublished":"2023-12-06T07:11:32+00:00","dateModified":"2026-02-04T09:41:28+00:00","breadcrumb":{"@id":"https:\/\/najnaj.eu\/fr\/proizvod\/modu-2x-grede-za-ravnotezu-forest-green\/#breadcrumb"},"inLanguage":"fr-FR","potentialAction":[{"@type":"ReadAction","target":["https:\/\/najnaj.eu\/fr\/proizvod\/modu-2x-grede-za-ravnotezu-forest-green\/"]}]},{"@type":"ImageObject","inLanguage":"fr-FR","@id":"https:\/\/najnaj.eu\/fr\/proizvod\/modu-2x-grede-za-ravnotezu-forest-green\/#primaryimage","url":"https:\/\/najnaj.eu\/wp-content\/uploads\/2024\/12\/2x-Balance-Beams-Forest-Green-slide-1.jpg","contentUrl":"https:\/\/najnaj.eu\/wp-content\/uploads\/2024\/12\/2x-Balance-Beams-Forest-Green-slide-1.jpg","width":1920,"height":2400},{"@type":"BreadcrumbList","@id":"https:\/\/najnaj.eu\/fr\/proizvod\/modu-2x-grede-za-ravnotezu-forest-green\/#breadcrumb","itemListElement":[{"@type":"ListItem","position":1,"name":"Po\u010detna stranica","item":"https:\/\/najnaj.eu\/fr\/"},{"@type":"ListItem","position":2,"name":"Trgovina","item":"https:\/\/najnaj.hr\/trgovina\/"},{"@type":"ListItem","position":3,"name":"MODU 2x grede za ravnote\u017eu, Forest Green"}]},{"@type":"WebSite","@id":"https:\/\/najnaj.eu\/fr\/#website","url":"https:\/\/najnaj.eu\/fr\/","name":"NajNaj.eu","description":"Za najva\u017enije!","potentialAction":[{"@type":"SearchAction","target":{"@type":"EntryPoint","urlTemplate":"https:\/\/najnaj.eu\/fr\/?s={search_term_string}"},"query-input":{"@type":"PropertyValueSpecification","valueRequired":true,"valueName":"search_term_string"}}],"inLanguage":"fr-FR"}]},"product_brand":"Modu","product_price_amount":"39.00","product_price_currency":"EUR","og_availability":"out of stock","product_availability":"out of stock","product_retailer_item_id":"M-ADD-2XB-NA-FG","product_condition":"new"},"_links":{"self":[{"href":"https:\/\/najnaj.eu\/fr\/wp-json\/wp\/v2\/product\/232604","targetHints":{"allow":["GET"]}}],"collection":[{"href":"https:\/\/najnaj.eu\/fr\/wp-json\/wp\/v2\/product"}],"about":[{"href":"https:\/\/najnaj.eu\/fr\/wp-json\/wp\/v2\/types\/product"}],"replies":[{"embeddable":true,"href":"https:\/\/najnaj.eu\/fr\/wp-json\/wp\/v2\/comments?post=232604"}],"version-history":[{"count":0,"href":"https:\/\/najnaj.eu\/fr\/wp-json\/wp\/v2\/product\/232604\/revisions"}],"wp:featuredmedia":[{"embeddable":true,"href":"https:\/\/najnaj.eu\/fr\/wp-json\/wp\/v2\/media\/232606"}],"wp:attachment":[{"href":"https:\/\/najnaj.eu\/fr\/wp-json\/wp\/v2\/media?parent=232604"}],"wp:term":[{"taxonomy":"product_brand","embeddable":true,"href":"https:\/\/najnaj.eu\/fr\/wp-json\/wp\/v2\/product_brand?post=232604"},{"taxonomy":"product_cat","embeddable":true,"href":"https:\/\/najnaj.eu\/fr\/wp-json\/wp\/v2\/product_cat?post=232604"},{"taxonomy":"product_tag","embeddable":true,"href":"https:\/\/najnaj.eu\/fr\/wp-json\/wp\/v2\/product_tag?post=232604"}],"curies":[{"name":"wp","href":"https:\/\/api.w.org\/{rel}","templated":true}]}}