{"id":232404,"date":"2023-12-05T15:19:06","date_gmt":"2023-12-05T14:19:06","guid":{"rendered":"https:\/\/najnaj.eu\/?post_type=product&#038;p=232404"},"modified":"2026-02-04T10:41:54","modified_gmt":"2026-02-04T09:41:54","slug":"modu-staza-za-ravnotezu-burnt-orange-dusty-green","status":"publish","type":"product","link":"https:\/\/najnaj.eu\/fr\/proizvod\/modu-staza-za-ravnotezu-burnt-orange-dusty-green\/","title":{"rendered":"MODU Staza za ravnote\u017eu Burnt Orange \/ Dusty Green"},"content":{"rendered":"<p>Gradite i balansirajte. Uz ovaj set greda i kocki djeca mogu dizajnirati vlastite staze za ravnote\u017eu, pobolj\u0161avaju\u0107i koordinaciju i motori\u010dke vje\u0161tine s najmanje 10 razli\u010ditih staza na razli\u010ditim razinama &#8211; i jo\u0161 vi\u0161e za istra\u017eivanje! Staze za ravnote\u017eu izra\u0111ene su od brezinog drva s FSC certifikatom, obojenog prirodnim lanenim uljem, \u010dime se osigurava odr\u017eivost, izdr\u017eljivost i dizajn koji nadopunjuje svaki dom. Uz bezbroj na\u010dina za izgradnju, grede su savr\u0161ene za poticanje ma\u0161tovite igre i aktivnog u\u010denja. Kada se ne koristi, staza za ravnote\u017eu mo\u017ee se transformirati u pametni namje\u0161taj za dje\u010dju sobu, poput police, klupe ili \u010dak stoli\u0107a &#8211; zabavna i funkcionalna igra\u010dka za djecu od 3+ godine.<\/p>\n","protected":false},"excerpt":{"rendered":"<p>\u2795 Izgradite vlastite staze za ravnote\u017eu<\/p>\n<p>\u2795 Prilagodite razinu te\u017eine kako va\u0161e dijete raste<\/p>\n<p>\u2795 Pretvorite u namje\u0161taj za jednostavno skladi\u0161tenje<\/p>\n","protected":false},"featured_media":232405,"comment_status":"closed","ping_status":"closed","template":"","meta":{"_acf_changed":false,"footnotes":""},"product_brand":[],"product_cat":[746,742,743,2382,662],"product_tag":[],"class_list":{"0":"post-232404","1":"product","2":"type-product","3":"status-publish","4":"has-post-thumbnail","6":"product_cat-dodaci-za-igracke","7":"product_cat-igracke","8":"product_cat-kocke-za-aktivnu-igru","9":"product_cat-cadeaux","10":"product_cat-stvari-za-djecu","11":"pa_boja-narancasta","12":"pa_brand-modu","14":"first","15":"outofstock","16":"featured","17":"shipping-taxable","18":"purchasable","19":"product-type-simple"},"bundled_by":[],"bundle_stock_status":"outofstock","bundle_stock_quantity":0,"bundle_virtual":false,"bundle_layout":"","bundle_add_to_cart_form_location":"","bundle_editable_in_cart":false,"bundle_sold_individually_context":"","bundle_item_grouping":"","bundle_min_size":"","bundle_max_size":"","bundle_price":[],"bundled_items":[],"bundle_sell_ids":[],"acf":[],"yoast_head":"<!-- This site is optimized with the Yoast SEO Premium plugin v21.5 (Yoast SEO v27.4) - https:\/\/yoast.com\/product\/yoast-seo-premium-wordpress\/ -->\n<title>MODU Staza za ravnote\u017eu Burnt Orange \/ Dusty Green - NajNaj.eu<\/title>\n<meta name=\"robots\" content=\"index, follow, max-snippet:-1, max-image-preview:large, max-video-preview:-1\" \/>\n<link rel=\"canonical\" href=\"https:\/\/najnaj.eu\/fr\/proizvod\/modu-staza-za-ravnotezu-burnt-orange-dusty-green\/\" \/>\n<meta property=\"og:locale\" content=\"fr_FR\" \/>\n<meta property=\"og:type\" content=\"article\" \/>\n<meta property=\"og:title\" content=\"MODU Staza za ravnote\u017eu Burnt Orange \/ Dusty Green\" \/>\n<meta property=\"og:description\" content=\"\u2795 Izgradite vlastite staze za ravnote\u017eu  \u2795 Prilagodite razinu te\u017eine kako va\u0161e dijete raste  \u2795 Pretvorite u namje\u0161taj za jednostavno skladi\u0161tenje\" \/>\n<meta property=\"og:url\" content=\"https:\/\/najnaj.eu\/fr\/proizvod\/modu-staza-za-ravnotezu-burnt-orange-dusty-green\/\" \/>\n<meta property=\"og:site_name\" content=\"NajNaj.eu\" \/>\n<meta property=\"article:publisher\" content=\"https:\/\/web.facebook.com\/najnaj.eu\/\" \/>\n<meta property=\"article:modified_time\" content=\"2026-02-04T09:41:54+00:00\" \/>\n<meta property=\"og:image\" content=\"https:\/\/najnaj.eu\/wp-content\/uploads\/2024\/12\/Balance-Track-Burnt-Orange_Dusty-Green-slide-1.jpg\" \/>\n\t<meta property=\"og:image:width\" content=\"1921\" \/>\n\t<meta property=\"og:image:height\" content=\"2400\" \/>\n\t<meta property=\"og:image:type\" content=\"image\/jpeg\" \/>\n<meta name=\"twitter:card\" content=\"summary_large_image\" \/>\n<meta name=\"twitter:label1\" content=\"Prix\" \/>\n\t<meta name=\"twitter:data1\" content=\"169,00&nbsp;&euro;\" \/>\n\t<meta name=\"twitter:label2\" content=\"Disponibilit\u00e9\" \/>\n\t<meta name=\"twitter:data2\" content=\"Rupture de stock\" \/>\n<script type=\"application\/ld+json\" class=\"yoast-schema-graph\">{\"@context\":\"https:\\\/\\\/schema.org\",\"@graph\":[{\"@type\":\"WebPage\",\"@id\":\"https:\\\/\\\/najnaj.eu\\\/fr\\\/proizvod\\\/modu-staza-za-ravnotezu-burnt-orange-dusty-green\\\/\",\"url\":\"https:\\\/\\\/najnaj.eu\\\/fr\\\/proizvod\\\/modu-staza-za-ravnotezu-burnt-orange-dusty-green\\\/\",\"name\":\"MODU Staza za ravnote\u017eu Burnt Orange \\\/ Dusty Green - NajNaj.eu\",\"isPartOf\":{\"@id\":\"https:\\\/\\\/najnaj.eu\\\/fr\\\/#website\"},\"primaryImageOfPage\":{\"@id\":\"https:\\\/\\\/najnaj.eu\\\/fr\\\/proizvod\\\/modu-staza-za-ravnotezu-burnt-orange-dusty-green\\\/#primaryimage\"},\"image\":{\"@id\":\"https:\\\/\\\/najnaj.eu\\\/fr\\\/proizvod\\\/modu-staza-za-ravnotezu-burnt-orange-dusty-green\\\/#primaryimage\"},\"thumbnailUrl\":\"https:\\\/\\\/najnaj.eu\\\/wp-content\\\/uploads\\\/2024\\\/12\\\/Balance-Track-Burnt-Orange_Dusty-Green-slide-1.jpg\",\"datePublished\":\"2023-12-05T14:19:06+00:00\",\"dateModified\":\"2026-02-04T09:41:54+00:00\",\"breadcrumb\":{\"@id\":\"https:\\\/\\\/najnaj.eu\\\/fr\\\/proizvod\\\/modu-staza-za-ravnotezu-burnt-orange-dusty-green\\\/#breadcrumb\"},\"inLanguage\":\"fr-FR\",\"potentialAction\":[{\"@type\":\"ReadAction\",\"target\":[\"https:\\\/\\\/najnaj.eu\\\/fr\\\/proizvod\\\/modu-staza-za-ravnotezu-burnt-orange-dusty-green\\\/\"]}]},{\"@type\":\"ImageObject\",\"inLanguage\":\"fr-FR\",\"@id\":\"https:\\\/\\\/najnaj.eu\\\/fr\\\/proizvod\\\/modu-staza-za-ravnotezu-burnt-orange-dusty-green\\\/#primaryimage\",\"url\":\"https:\\\/\\\/najnaj.eu\\\/wp-content\\\/uploads\\\/2024\\\/12\\\/Balance-Track-Burnt-Orange_Dusty-Green-slide-1.jpg\",\"contentUrl\":\"https:\\\/\\\/najnaj.eu\\\/wp-content\\\/uploads\\\/2024\\\/12\\\/Balance-Track-Burnt-Orange_Dusty-Green-slide-1.jpg\",\"width\":1921,\"height\":2400},{\"@type\":\"BreadcrumbList\",\"@id\":\"https:\\\/\\\/najnaj.eu\\\/fr\\\/proizvod\\\/modu-staza-za-ravnotezu-burnt-orange-dusty-green\\\/#breadcrumb\",\"itemListElement\":[{\"@type\":\"ListItem\",\"position\":1,\"name\":\"Po\u010detna stranica\",\"item\":\"https:\\\/\\\/najnaj.eu\\\/fr\\\/\"},{\"@type\":\"ListItem\",\"position\":2,\"name\":\"Trgovina\",\"item\":\"https:\\\/\\\/najnaj.hr\\\/trgovina\\\/\"},{\"@type\":\"ListItem\",\"position\":3,\"name\":\"MODU Staza za ravnote\u017eu Burnt Orange \\\/ Dusty Green\"}]},{\"@type\":\"WebSite\",\"@id\":\"https:\\\/\\\/najnaj.eu\\\/fr\\\/#website\",\"url\":\"https:\\\/\\\/najnaj.eu\\\/fr\\\/\",\"name\":\"NajNaj.eu\",\"description\":\"Za najva\u017enije!\",\"potentialAction\":[{\"@type\":\"SearchAction\",\"target\":{\"@type\":\"EntryPoint\",\"urlTemplate\":\"https:\\\/\\\/najnaj.eu\\\/fr\\\/?s={search_term_string}\"},\"query-input\":{\"@type\":\"PropertyValueSpecification\",\"valueRequired\":true,\"valueName\":\"search_term_string\"}}],\"inLanguage\":\"fr-FR\"}]}<\/script>\n<meta property=\"product:brand\" content=\"Modu\" \/>\n<meta property=\"product:price:amount\" content=\"169.00\" \/>\n<meta property=\"product:price:currency\" content=\"EUR\" \/>\n<meta property=\"og:availability\" content=\"out of stock\" \/>\n<meta property=\"product:availability\" content=\"out of stock\" \/>\n<meta property=\"product:retailer_item_id\" content=\"M-ACT-TRA-BO-DG\" \/>\n<meta property=\"product:condition\" content=\"new\" \/>\n<!-- \/ Yoast SEO Premium plugin. -->","yoast_head_json":{"title":"MODU Staza za ravnote\u017eu Burnt Orange \/ Dusty Green - NajNaj.eu","robots":{"index":"index","follow":"follow","max-snippet":"max-snippet:-1","max-image-preview":"max-image-preview:large","max-video-preview":"max-video-preview:-1"},"canonical":"https:\/\/najnaj.eu\/fr\/proizvod\/modu-staza-za-ravnotezu-burnt-orange-dusty-green\/","og_locale":"fr_FR","og_type":"article","og_title":"MODU Staza za ravnote\u017eu Burnt Orange \/ Dusty Green","og_description":"\u2795 Izgradite vlastite staze za ravnote\u017eu  \u2795 Prilagodite razinu te\u017eine kako va\u0161e dijete raste  \u2795 Pretvorite u namje\u0161taj za jednostavno skladi\u0161tenje","og_url":"https:\/\/najnaj.eu\/fr\/proizvod\/modu-staza-za-ravnotezu-burnt-orange-dusty-green\/","og_site_name":"NajNaj.eu","article_publisher":"https:\/\/web.facebook.com\/najnaj.eu\/","article_modified_time":"2026-02-04T09:41:54+00:00","og_image":[{"width":1921,"height":2400,"url":"https:\/\/najnaj.eu\/wp-content\/uploads\/2024\/12\/Balance-Track-Burnt-Orange_Dusty-Green-slide-1.jpg","type":"image\/jpeg"}],"twitter_card":"summary_large_image","twitter_misc":{"Prix":"169,00&nbsp;&euro;","Disponibilit\u00e9":"Rupture de stock"},"schema":{"@context":"https:\/\/schema.org","@graph":[{"@type":"WebPage","@id":"https:\/\/najnaj.eu\/fr\/proizvod\/modu-staza-za-ravnotezu-burnt-orange-dusty-green\/","url":"https:\/\/najnaj.eu\/fr\/proizvod\/modu-staza-za-ravnotezu-burnt-orange-dusty-green\/","name":"MODU Staza za ravnote\u017eu Burnt Orange \/ Dusty Green - NajNaj.eu","isPartOf":{"@id":"https:\/\/najnaj.eu\/fr\/#website"},"primaryImageOfPage":{"@id":"https:\/\/najnaj.eu\/fr\/proizvod\/modu-staza-za-ravnotezu-burnt-orange-dusty-green\/#primaryimage"},"image":{"@id":"https:\/\/najnaj.eu\/fr\/proizvod\/modu-staza-za-ravnotezu-burnt-orange-dusty-green\/#primaryimage"},"thumbnailUrl":"https:\/\/najnaj.eu\/wp-content\/uploads\/2024\/12\/Balance-Track-Burnt-Orange_Dusty-Green-slide-1.jpg","datePublished":"2023-12-05T14:19:06+00:00","dateModified":"2026-02-04T09:41:54+00:00","breadcrumb":{"@id":"https:\/\/najnaj.eu\/fr\/proizvod\/modu-staza-za-ravnotezu-burnt-orange-dusty-green\/#breadcrumb"},"inLanguage":"fr-FR","potentialAction":[{"@type":"ReadAction","target":["https:\/\/najnaj.eu\/fr\/proizvod\/modu-staza-za-ravnotezu-burnt-orange-dusty-green\/"]}]},{"@type":"ImageObject","inLanguage":"fr-FR","@id":"https:\/\/najnaj.eu\/fr\/proizvod\/modu-staza-za-ravnotezu-burnt-orange-dusty-green\/#primaryimage","url":"https:\/\/najnaj.eu\/wp-content\/uploads\/2024\/12\/Balance-Track-Burnt-Orange_Dusty-Green-slide-1.jpg","contentUrl":"https:\/\/najnaj.eu\/wp-content\/uploads\/2024\/12\/Balance-Track-Burnt-Orange_Dusty-Green-slide-1.jpg","width":1921,"height":2400},{"@type":"BreadcrumbList","@id":"https:\/\/najnaj.eu\/fr\/proizvod\/modu-staza-za-ravnotezu-burnt-orange-dusty-green\/#breadcrumb","itemListElement":[{"@type":"ListItem","position":1,"name":"Po\u010detna stranica","item":"https:\/\/najnaj.eu\/fr\/"},{"@type":"ListItem","position":2,"name":"Trgovina","item":"https:\/\/najnaj.hr\/trgovina\/"},{"@type":"ListItem","position":3,"name":"MODU Staza za ravnote\u017eu Burnt Orange \/ Dusty Green"}]},{"@type":"WebSite","@id":"https:\/\/najnaj.eu\/fr\/#website","url":"https:\/\/najnaj.eu\/fr\/","name":"NajNaj.eu","description":"Za najva\u017enije!","potentialAction":[{"@type":"SearchAction","target":{"@type":"EntryPoint","urlTemplate":"https:\/\/najnaj.eu\/fr\/?s={search_term_string}"},"query-input":{"@type":"PropertyValueSpecification","valueRequired":true,"valueName":"search_term_string"}}],"inLanguage":"fr-FR"}]},"product_brand":"Modu","product_price_amount":"169.00","product_price_currency":"EUR","og_availability":"out of stock","product_availability":"out of stock","product_retailer_item_id":"M-ACT-TRA-BO-DG","product_condition":"new"},"_links":{"self":[{"href":"https:\/\/najnaj.eu\/fr\/wp-json\/wp\/v2\/product\/232404","targetHints":{"allow":["GET"]}}],"collection":[{"href":"https:\/\/najnaj.eu\/fr\/wp-json\/wp\/v2\/product"}],"about":[{"href":"https:\/\/najnaj.eu\/fr\/wp-json\/wp\/v2\/types\/product"}],"replies":[{"embeddable":true,"href":"https:\/\/najnaj.eu\/fr\/wp-json\/wp\/v2\/comments?post=232404"}],"version-history":[{"count":0,"href":"https:\/\/najnaj.eu\/fr\/wp-json\/wp\/v2\/product\/232404\/revisions"}],"wp:featuredmedia":[{"embeddable":true,"href":"https:\/\/najnaj.eu\/fr\/wp-json\/wp\/v2\/media\/232405"}],"wp:attachment":[{"href":"https:\/\/najnaj.eu\/fr\/wp-json\/wp\/v2\/media?parent=232404"}],"wp:term":[{"taxonomy":"product_brand","embeddable":true,"href":"https:\/\/najnaj.eu\/fr\/wp-json\/wp\/v2\/product_brand?post=232404"},{"taxonomy":"product_cat","embeddable":true,"href":"https:\/\/najnaj.eu\/fr\/wp-json\/wp\/v2\/product_cat?post=232404"},{"taxonomy":"product_tag","embeddable":true,"href":"https:\/\/najnaj.eu\/fr\/wp-json\/wp\/v2\/product_tag?post=232404"}],"curies":[{"name":"wp","href":"https:\/\/api.w.org\/{rel}","templated":true}]}}