{"id":232208,"date":"2024-12-05T13:26:41","date_gmt":"2024-12-05T12:26:41","guid":{"rendered":"https:\/\/najnaj.eu\/?post_type=product&#038;p=232208"},"modified":"2026-03-13T14:19:50","modified_gmt":"2026-03-13T13:19:50","slug":"carriwell-bocica-za-ispiranje-intimnog-podrucja","status":"publish","type":"product","link":"https:\/\/najnaj.eu\/fr\/proizvod\/carriwell-bocica-za-ispiranje-intimnog-podrucja\/","title":{"rendered":"Carriwell Bo\u010dica za ispiranje intimnog podru\u010dja"},"content":{"rendered":"<p>Carriwell bo\u010dica za higijenu intimnog podru\u010dja pa\u017eljivo je dizajnirana kako bi pomogla majkama u prvim danima nakon poroda kada je inzimno podru\u010dje posebno osjetljivo. Idealno rje\u0161enje i olak\u0161anje za prve (i naknadne) odlaske na toalet u rodili\u0161tu ili kod ku\u0107e, posebice nakon epiziotomije kada se znaju pojaviti osje\u0107aji poput nelagode, zatezanja, boli i peckanja.<br \/>\nCarriwell bo\u010dica stvorena je kako bi omogu\u0107ila higijenu intimnog podru\u010dja na jednostavan i nje\u017ean na\u010din te pru\u017eila trenutni osje\u0107aj olak\u0161anja.<\/p>\n<p><strong>Dizajn: <\/strong><br \/>\n&#8211; specifi\u010dan \u00ab\u00a0naopaki\u00a0\u00bb dizajn bo\u010dice omogu\u0107ava olak\u0161anje higijene intimnog podru\u010dja te omogu\u0107ava jednostavni pristup perinealnom podru\u010dju bez napora donose\u0107i umiruju\u0107i osje\u0107aj<br \/>\n&#8211; prozirni dizajn jasno pokazuje preostalu koli\u010dinu vode u boci, a jedinstveni Carriwell oblik omogu\u0107uje savr\u0161eno pristajanje i osje\u0107aj u ruci.<br \/>\n&#8211; sa svojim kapacitetom od \u010dak 350 ml, nema potrebe za dopunjavanjem tijekom upotrebe, \u010dime je pru\u017een neprekinuti osje\u0107aj olak\u0161anja prilikom obavljanja (male ili velike) nu\u017ede, kao i svakodnevne higijene<br \/>\n&#8211; izra\u0111ena od 100% EVA plastike, fleksibilne i mekane, \u010dime je olak\u0161ano stiskanje bo\u010dice i reguliranje ja\u010dine mlaza vode prilikom kori\u0161tenja.<\/p>\n<p><strong>Kori\u0161tenje:<\/strong><br \/>\njednostavno napunite bo\u010dicu toplom vodom, zatvorite poklopac i nje\u017eno sti\u0161\u0107ite kontroliraju\u0107i ja\u010dinu mlaza vode dok sjedite na wc-u. Koristite onoliko dugo koliko vam je potrebno.<\/p>\n<p>U pakiranju dolazi bo\u010dica i vodootporna vre\u0107ica za jednostavnu pohranu u kupaonici ili pak torbi u slu\u010daju odlaska na pregled i sl.<\/p>\n<p>Preporu\u010dena od strane primalja radi svoje u\u010dinkovitosti i jednostavnosti kori\u0161tenja prilikom higijene intimnog podru\u010dja ili pak olak\u0161avaju\u0107eg osje\u0107aja koji pru\u017ea tijekom obavljanja nu\u017ede.<\/p>\n<p>Prigrlite ugodnost i jednostavnost kori\u0161tenja Carriwellove bo\u010dice za intimnu njegu i do\u017eivite nje\u017ean topli mlaz olak\u0161anja ba\u0161 onda kada vam je najpotrebniji!<\/p>\n","protected":false},"excerpt":{"rendered":"<p>Bo\u010dica za higijenu intimnog podru\u010dja nakon poroda koja djeluje umiruju\u0107e i donosi olak\u0161anje, posebice prilikom prvih, ali i kasnijih posjeta kupaonici nakon poroda, u rodili\u0161tu i kod ku\u0107e.<\/p>\n<p>Neizostavan dio torbe za rodili\u0161te.<\/p>\n<p>Ergonomski dizajn: \u010dini higijenu intimnog podru\u010dja jednostavnijom i u\u010dinkovitijom radi svog specifi\u010dnog naopakog \u00ab\u00a0upside down\u00a0\u00bb dizajna.<\/p>\n<p>Kapacitet od \u010dak 350 ml pru\u017ea savr\u0161eno blagi i nje\u017eni mlaz vode, dovoljan za u\u010dinkovito kori\u0161tenje, uz proziran dizajn koji vam omogu\u0107uje da na prvi pogled vidite preostalu razinu vode.<\/p>\n<p>Jedinstveni Carriwell oblik, dizajniran za idealno pristajanje i osje\u0107aj u ruci.<\/p>\n","protected":false},"featured_media":300566,"comment_status":"closed","ping_status":"closed","template":"","meta":{"_acf_changed":false,"footnotes":""},"product_brand":[],"product_cat":[681,562,675],"product_tag":[2103],"class_list":{"0":"post-232208","1":"product","2":"type-product","3":"status-publish","4":"has-post-thumbnail","6":"product_cat-ostalo-za-trudnice","7":"product_cat-za-mamu","8":"product_cat-za-trudnice","9":"product_tag-new-mum","10":"pa_boja-bez","11":"pa_brand-carriwell","13":"first","14":"instock","15":"shipping-taxable","16":"purchasable","17":"product-type-simple"},"bundled_by":["278215"],"bundle_stock_status":"instock","bundle_stock_quantity":15,"bundle_virtual":false,"bundle_layout":"","bundle_add_to_cart_form_location":"","bundle_editable_in_cart":false,"bundle_sold_individually_context":"","bundle_item_grouping":"","bundle_min_size":"","bundle_max_size":"","bundle_price":[],"bundled_items":[],"bundle_sell_ids":[],"acf":[],"yoast_head":"<!-- This site is optimized with the Yoast SEO Premium plugin v21.5 (Yoast SEO v27.4) - https:\/\/yoast.com\/product\/yoast-seo-premium-wordpress\/ -->\n<title>Carriwell Bo\u010dica za ispiranje intimnog podru\u010dja - NajNaj.eu<\/title>\n<meta name=\"robots\" content=\"index, follow, max-snippet:-1, max-image-preview:large, max-video-preview:-1\" \/>\n<link rel=\"canonical\" href=\"https:\/\/najnaj.eu\/fr\/proizvod\/carriwell-bocica-za-ispiranje-intimnog-podrucja\/\" \/>\n<meta property=\"og:locale\" content=\"fr_FR\" \/>\n<meta property=\"og:type\" content=\"article\" \/>\n<meta property=\"og:title\" content=\"Carriwell Bo\u010dica za ispiranje intimnog podru\u010dja\" \/>\n<meta property=\"og:description\" content=\"Bo\u010dica za higijenu intimnog podru\u010dja nakon poroda koja djeluje umiruju\u0107e i donosi olak\u0161anje, posebice prilikom prvih, ali i kasnijih posjeta kupaonici nakon poroda, u rodili\u0161tu i kod ku\u0107e.  Neizostavan dio torbe za rodili\u0161te.  Ergonomski dizajn: \u010dini higijenu intimnog podru\u010dja jednostavnijom i u\u010dinkovitijom radi svog specifi\u010dnog naopakog &quot;upside down&quot; dizajna.  Kapacitet od \u010dak 350 ml pru\u017ea savr\u0161eno blagi i nje\u017eni mlaz vode, dovoljan za u\u010dinkovito kori\u0161tenje, uz proziran dizajn koji vam omogu\u0107uje da na prvi pogled vidite preostalu razinu vode.  Jedinstveni Carriwell oblik, dizajniran za idealno pristajanje i osje\u0107aj u ruci.\" \/>\n<meta property=\"og:url\" content=\"https:\/\/najnaj.eu\/fr\/proizvod\/carriwell-bocica-za-ispiranje-intimnog-podrucja\/\" \/>\n<meta property=\"og:site_name\" content=\"NajNaj.eu\" \/>\n<meta property=\"article:publisher\" content=\"https:\/\/web.facebook.com\/najnaj.eu\/\" \/>\n<meta property=\"article:modified_time\" content=\"2026-03-13T13:19:50+00:00\" \/>\n<meta property=\"og:image\" content=\"https:\/\/najnaj.eu\/wp-content\/uploads\/2024\/12\/9050_Intimate-Care-Wash-Bottle_Web_v01-Grey.jpg\" \/>\n\t<meta property=\"og:image:width\" content=\"808\" \/>\n\t<meta property=\"og:image:height\" content=\"1010\" \/>\n\t<meta property=\"og:image:type\" content=\"image\/jpeg\" \/>\n<meta name=\"twitter:card\" content=\"summary_large_image\" \/>\n<meta name=\"twitter:label1\" content=\"Prix\" \/>\n\t<meta name=\"twitter:data1\" content=\"14,95&nbsp;&euro;\" \/>\n\t<meta name=\"twitter:label2\" content=\"Disponibilit\u00e9\" \/>\n\t<meta name=\"twitter:data2\" content=\"En stock\" \/>\n<script type=\"application\/ld+json\" class=\"yoast-schema-graph\">{\"@context\":\"https:\\\/\\\/schema.org\",\"@graph\":[{\"@type\":\"WebPage\",\"@id\":\"https:\\\/\\\/najnaj.eu\\\/fr\\\/proizvod\\\/carriwell-bocica-za-ispiranje-intimnog-podrucja\\\/\",\"url\":\"https:\\\/\\\/najnaj.eu\\\/fr\\\/proizvod\\\/carriwell-bocica-za-ispiranje-intimnog-podrucja\\\/\",\"name\":\"Carriwell Bo\u010dica za ispiranje intimnog podru\u010dja - NajNaj.eu\",\"isPartOf\":{\"@id\":\"https:\\\/\\\/najnaj.eu\\\/fr\\\/#website\"},\"primaryImageOfPage\":{\"@id\":\"https:\\\/\\\/najnaj.eu\\\/fr\\\/proizvod\\\/carriwell-bocica-za-ispiranje-intimnog-podrucja\\\/#primaryimage\"},\"image\":{\"@id\":\"https:\\\/\\\/najnaj.eu\\\/fr\\\/proizvod\\\/carriwell-bocica-za-ispiranje-intimnog-podrucja\\\/#primaryimage\"},\"thumbnailUrl\":\"https:\\\/\\\/najnaj.eu\\\/wp-content\\\/uploads\\\/2024\\\/12\\\/9050_Intimate-Care-Wash-Bottle_Web_v01-Grey.jpg\",\"datePublished\":\"2024-12-05T12:26:41+00:00\",\"dateModified\":\"2026-03-13T13:19:50+00:00\",\"breadcrumb\":{\"@id\":\"https:\\\/\\\/najnaj.eu\\\/fr\\\/proizvod\\\/carriwell-bocica-za-ispiranje-intimnog-podrucja\\\/#breadcrumb\"},\"inLanguage\":\"fr-FR\",\"potentialAction\":[{\"@type\":\"ReadAction\",\"target\":[\"https:\\\/\\\/najnaj.eu\\\/fr\\\/proizvod\\\/carriwell-bocica-za-ispiranje-intimnog-podrucja\\\/\"]}]},{\"@type\":\"ImageObject\",\"inLanguage\":\"fr-FR\",\"@id\":\"https:\\\/\\\/najnaj.eu\\\/fr\\\/proizvod\\\/carriwell-bocica-za-ispiranje-intimnog-podrucja\\\/#primaryimage\",\"url\":\"https:\\\/\\\/najnaj.eu\\\/wp-content\\\/uploads\\\/2024\\\/12\\\/9050_Intimate-Care-Wash-Bottle_Web_v01-Grey.jpg\",\"contentUrl\":\"https:\\\/\\\/najnaj.eu\\\/wp-content\\\/uploads\\\/2024\\\/12\\\/9050_Intimate-Care-Wash-Bottle_Web_v01-Grey.jpg\",\"width\":808,\"height\":1010},{\"@type\":\"BreadcrumbList\",\"@id\":\"https:\\\/\\\/najnaj.eu\\\/fr\\\/proizvod\\\/carriwell-bocica-za-ispiranje-intimnog-podrucja\\\/#breadcrumb\",\"itemListElement\":[{\"@type\":\"ListItem\",\"position\":1,\"name\":\"Po\u010detna stranica\",\"item\":\"https:\\\/\\\/najnaj.eu\\\/fr\\\/\"},{\"@type\":\"ListItem\",\"position\":2,\"name\":\"Trgovina\",\"item\":\"https:\\\/\\\/najnaj.hr\\\/trgovina\\\/\"},{\"@type\":\"ListItem\",\"position\":3,\"name\":\"Carriwell Bo\u010dica za ispiranje intimnog podru\u010dja\"}]},{\"@type\":\"WebSite\",\"@id\":\"https:\\\/\\\/najnaj.eu\\\/fr\\\/#website\",\"url\":\"https:\\\/\\\/najnaj.eu\\\/fr\\\/\",\"name\":\"NajNaj.eu\",\"description\":\"Za najva\u017enije!\",\"potentialAction\":[{\"@type\":\"SearchAction\",\"target\":{\"@type\":\"EntryPoint\",\"urlTemplate\":\"https:\\\/\\\/najnaj.eu\\\/fr\\\/?s={search_term_string}\"},\"query-input\":{\"@type\":\"PropertyValueSpecification\",\"valueRequired\":true,\"valueName\":\"search_term_string\"}}],\"inLanguage\":\"fr-FR\"}]}<\/script>\n<meta property=\"product:brand\" content=\"Carriwell\" \/>\n<meta property=\"product:price:amount\" content=\"14.95\" \/>\n<meta property=\"product:price:currency\" content=\"EUR\" \/>\n<meta property=\"og:availability\" content=\"instock\" \/>\n<meta property=\"product:availability\" content=\"instock\" \/>\n<meta property=\"product:retailer_item_id\" content=\"CW905100\" \/>\n<meta property=\"product:condition\" content=\"new\" \/>\n<!-- \/ Yoast SEO Premium plugin. -->","yoast_head_json":{"title":"Carriwell Bo\u010dica za ispiranje intimnog podru\u010dja - NajNaj.eu","robots":{"index":"index","follow":"follow","max-snippet":"max-snippet:-1","max-image-preview":"max-image-preview:large","max-video-preview":"max-video-preview:-1"},"canonical":"https:\/\/najnaj.eu\/fr\/proizvod\/carriwell-bocica-za-ispiranje-intimnog-podrucja\/","og_locale":"fr_FR","og_type":"article","og_title":"Carriwell Bo\u010dica za ispiranje intimnog podru\u010dja","og_description":"Bo\u010dica za higijenu intimnog podru\u010dja nakon poroda koja djeluje umiruju\u0107e i donosi olak\u0161anje, posebice prilikom prvih, ali i kasnijih posjeta kupaonici nakon poroda, u rodili\u0161tu i kod ku\u0107e.  Neizostavan dio torbe za rodili\u0161te.  Ergonomski dizajn: \u010dini higijenu intimnog podru\u010dja jednostavnijom i u\u010dinkovitijom radi svog specifi\u010dnog naopakog \"upside down\" dizajna.  Kapacitet od \u010dak 350 ml pru\u017ea savr\u0161eno blagi i nje\u017eni mlaz vode, dovoljan za u\u010dinkovito kori\u0161tenje, uz proziran dizajn koji vam omogu\u0107uje da na prvi pogled vidite preostalu razinu vode.  Jedinstveni Carriwell oblik, dizajniran za idealno pristajanje i osje\u0107aj u ruci.","og_url":"https:\/\/najnaj.eu\/fr\/proizvod\/carriwell-bocica-za-ispiranje-intimnog-podrucja\/","og_site_name":"NajNaj.eu","article_publisher":"https:\/\/web.facebook.com\/najnaj.eu\/","article_modified_time":"2026-03-13T13:19:50+00:00","og_image":[{"width":808,"height":1010,"url":"https:\/\/najnaj.eu\/wp-content\/uploads\/2024\/12\/9050_Intimate-Care-Wash-Bottle_Web_v01-Grey.jpg","type":"image\/jpeg"}],"twitter_card":"summary_large_image","twitter_misc":{"Prix":"14,95&nbsp;&euro;","Disponibilit\u00e9":"En stock"},"schema":{"@context":"https:\/\/schema.org","@graph":[{"@type":"WebPage","@id":"https:\/\/najnaj.eu\/fr\/proizvod\/carriwell-bocica-za-ispiranje-intimnog-podrucja\/","url":"https:\/\/najnaj.eu\/fr\/proizvod\/carriwell-bocica-za-ispiranje-intimnog-podrucja\/","name":"Carriwell Bo\u010dica za ispiranje intimnog podru\u010dja - NajNaj.eu","isPartOf":{"@id":"https:\/\/najnaj.eu\/fr\/#website"},"primaryImageOfPage":{"@id":"https:\/\/najnaj.eu\/fr\/proizvod\/carriwell-bocica-za-ispiranje-intimnog-podrucja\/#primaryimage"},"image":{"@id":"https:\/\/najnaj.eu\/fr\/proizvod\/carriwell-bocica-za-ispiranje-intimnog-podrucja\/#primaryimage"},"thumbnailUrl":"https:\/\/najnaj.eu\/wp-content\/uploads\/2024\/12\/9050_Intimate-Care-Wash-Bottle_Web_v01-Grey.jpg","datePublished":"2024-12-05T12:26:41+00:00","dateModified":"2026-03-13T13:19:50+00:00","breadcrumb":{"@id":"https:\/\/najnaj.eu\/fr\/proizvod\/carriwell-bocica-za-ispiranje-intimnog-podrucja\/#breadcrumb"},"inLanguage":"fr-FR","potentialAction":[{"@type":"ReadAction","target":["https:\/\/najnaj.eu\/fr\/proizvod\/carriwell-bocica-za-ispiranje-intimnog-podrucja\/"]}]},{"@type":"ImageObject","inLanguage":"fr-FR","@id":"https:\/\/najnaj.eu\/fr\/proizvod\/carriwell-bocica-za-ispiranje-intimnog-podrucja\/#primaryimage","url":"https:\/\/najnaj.eu\/wp-content\/uploads\/2024\/12\/9050_Intimate-Care-Wash-Bottle_Web_v01-Grey.jpg","contentUrl":"https:\/\/najnaj.eu\/wp-content\/uploads\/2024\/12\/9050_Intimate-Care-Wash-Bottle_Web_v01-Grey.jpg","width":808,"height":1010},{"@type":"BreadcrumbList","@id":"https:\/\/najnaj.eu\/fr\/proizvod\/carriwell-bocica-za-ispiranje-intimnog-podrucja\/#breadcrumb","itemListElement":[{"@type":"ListItem","position":1,"name":"Po\u010detna stranica","item":"https:\/\/najnaj.eu\/fr\/"},{"@type":"ListItem","position":2,"name":"Trgovina","item":"https:\/\/najnaj.hr\/trgovina\/"},{"@type":"ListItem","position":3,"name":"Carriwell Bo\u010dica za ispiranje intimnog podru\u010dja"}]},{"@type":"WebSite","@id":"https:\/\/najnaj.eu\/fr\/#website","url":"https:\/\/najnaj.eu\/fr\/","name":"NajNaj.eu","description":"Za najva\u017enije!","potentialAction":[{"@type":"SearchAction","target":{"@type":"EntryPoint","urlTemplate":"https:\/\/najnaj.eu\/fr\/?s={search_term_string}"},"query-input":{"@type":"PropertyValueSpecification","valueRequired":true,"valueName":"search_term_string"}}],"inLanguage":"fr-FR"}]},"product_brand":"Carriwell","product_price_amount":"14.95","product_price_currency":"EUR","og_availability":"instock","product_availability":"instock","product_retailer_item_id":"CW905100","product_condition":"new"},"_links":{"self":[{"href":"https:\/\/najnaj.eu\/fr\/wp-json\/wp\/v2\/product\/232208","targetHints":{"allow":["GET"]}}],"collection":[{"href":"https:\/\/najnaj.eu\/fr\/wp-json\/wp\/v2\/product"}],"about":[{"href":"https:\/\/najnaj.eu\/fr\/wp-json\/wp\/v2\/types\/product"}],"replies":[{"embeddable":true,"href":"https:\/\/najnaj.eu\/fr\/wp-json\/wp\/v2\/comments?post=232208"}],"version-history":[{"count":0,"href":"https:\/\/najnaj.eu\/fr\/wp-json\/wp\/v2\/product\/232208\/revisions"}],"wp:featuredmedia":[{"embeddable":true,"href":"https:\/\/najnaj.eu\/fr\/wp-json\/wp\/v2\/media\/300566"}],"wp:attachment":[{"href":"https:\/\/najnaj.eu\/fr\/wp-json\/wp\/v2\/media?parent=232208"}],"wp:term":[{"taxonomy":"product_brand","embeddable":true,"href":"https:\/\/najnaj.eu\/fr\/wp-json\/wp\/v2\/product_brand?post=232208"},{"taxonomy":"product_cat","embeddable":true,"href":"https:\/\/najnaj.eu\/fr\/wp-json\/wp\/v2\/product_cat?post=232208"},{"taxonomy":"product_tag","embeddable":true,"href":"https:\/\/najnaj.eu\/fr\/wp-json\/wp\/v2\/product_tag?post=232208"}],"curies":[{"name":"wp","href":"https:\/\/api.w.org\/{rel}","templated":true}]}}