{"id":231693,"date":"2024-12-02T14:11:22","date_gmt":"2024-12-02T13:11:22","guid":{"rendered":"https:\/\/najnaj.eu\/?post_type=product&#038;p=231693"},"modified":"2026-02-04T09:58:44","modified_gmt":"2026-02-04T08:58:44","slug":"b-box-360-casa-ocean-breeze","status":"publish","type":"product","link":"https:\/\/najnaj.eu\/fr\/proizvod\/b-box-360-casa-ocean-breeze\/","title":{"rendered":"b.box 360 \u010da\u0161a &#8211; ocean breeze"},"content":{"rendered":"<p>Upoznajte na\u0161u 360 \u010da\u0161u\u2026 podr\u017eava samostalno pijenje s malim zaokretom&#8230;<br \/>\nIzvrsna za mali\u0161ane koji u\u010de piti, na\u0161a 360 \u010da\u0161a omogu\u0107uje djeci da pijuckaju iz super mekanog silikonskog ruba za pi\u0107e koji se aktivira usnama. Nude\u0107i kontrolu protoka (\u0161to \u010dvr\u0161\u0107e pritisnu to \u0107e vi\u0161e teku\u0107ine te\u0107i) i manje prolijevanja zbog zatvaranja silikonskih rubova kada nije u upotrebi&#8230; kako dobra ideja!<br \/>\nVelike ru\u010dke omogu\u0107uju malenima lak\u0161e dr\u017eanje \u0161to poti\u010de njihovu samostalnost.<br \/>\nOkretanjem ru\u010dki prema dolje otkriva se silikonski rub za lak\u0161e pijenje, a okretanjem ru\u010dke prema gore se zaklju\u010dava i zatvara kako ne bi curilo u torbama ili dje\u010djim kolicima, plus silikonski rub ostaje \u010dist i higijenski za\u0161ti\u0107en.<br \/>\nProzirni poklopac omogu\u0107uje djeci da vide isadr\u017eaj \u010da\u0161ice, podr\u017eava naginjanje i pijenje te koordinaciju ruku i o\u010diju. Prozirna \u010da\u0161ica omogu\u0107uje pra\u0107enje dnevne hidratacije.<br \/>\nKapacitet od 250 ml pogodan je za hladnu i toplu teku\u0107inu.<br \/>\nBaza \u010da\u0161e je sigurna za mikrovalnu pe\u0107nicu.<br \/>\nSvi dijelovi mogu se prati u perilici posu\u0111a + sterilizatoru.<br \/>\n*Imajte na umu: postolje \u010da\u0161ice 360 nije kompatibilno s drugim b.box bocama ili \u010da\u0161icama.*<\/p>\n","protected":false},"excerpt":{"rendered":"<p>&gt;Dizajn 360\u02da omogu\u0107uje djeci da piju s bilo kojeg mjesta oko ruba silikonske brtve koja se aktivira usnama te poma\u017ee u kontroli protoka bez prolijevanja<br \/>\n&gt; \u0160iroke ru\u010dke za lak\u0161e dr\u017eanje poti\u010du samostalnost kod djece<br \/>\n&gt; 2 funkcije- poklopac gore- spremno za upotrebu, poklopac dolje- spremno za putovanje<br \/>\n&gt; Twist- lock dizajn zaustavlja curenje i odr\u017eava rub za ispijanje higijenski \u010distim<br \/>\n&gt; Prozirni poklopac omogu\u0107uje djeci da vide unutra\u0161njost \u010de\u0161ice i podr\u017eava koordinaciju oko-ruka<br \/>\n&gt; Prozirno postolje \u010da\u0161e roditeljima omogu\u0107uje pra\u0107enje razine vode<br \/>\n&gt; Kapacitet 250 ml<br \/>\n&gt; Perivo u perilici posu\u0111a, samo na gornjoj polici<br \/>\n&gt; Pogodno za sterilizator<\/p>\n","protected":false},"featured_media":231696,"comment_status":"open","ping_status":"closed","template":"","meta":{"_acf_changed":false,"footnotes":""},"product_brand":[],"product_cat":[656,577,622,318],"product_tag":[],"class_list":{"0":"post-231693","1":"product","2":"type-product","3":"status-publish","4":"has-post-thumbnail","6":"product_cat-salice","7":"product_cat-hranjenje","8":"product_cat-posude","9":"product_cat-proizvodi","10":"pa_boja-plava","11":"pa_brand-b-box","12":"pa_vrsta-posuda-casice-i-salice","14":"first","15":"instock","16":"shipping-taxable","17":"purchasable","18":"product-type-simple"},"bundled_by":[],"bundle_stock_status":"instock","bundle_stock_quantity":15,"bundle_virtual":false,"bundle_layout":"","bundle_add_to_cart_form_location":"","bundle_editable_in_cart":false,"bundle_sold_individually_context":"","bundle_item_grouping":"","bundle_min_size":"","bundle_max_size":"","bundle_price":[],"bundled_items":[],"bundle_sell_ids":[],"acf":[],"yoast_head":"<!-- This site is optimized with the Yoast SEO Premium plugin v21.5 (Yoast SEO v27.4) - https:\/\/yoast.com\/product\/yoast-seo-premium-wordpress\/ -->\n<title>b.box 360 \u010da\u0161a - ocean breeze - NajNaj.eu<\/title>\n<meta name=\"robots\" content=\"index, follow, max-snippet:-1, max-image-preview:large, max-video-preview:-1\" \/>\n<link rel=\"canonical\" href=\"https:\/\/najnaj.eu\/fr\/proizvod\/b-box-360-casa-ocean-breeze\/\" \/>\n<meta property=\"og:locale\" content=\"fr_FR\" \/>\n<meta property=\"og:type\" content=\"article\" \/>\n<meta property=\"og:title\" content=\"b.box 360 \u010da\u0161a - ocean breeze\" \/>\n<meta property=\"og:description\" content=\"&gt;Dizajn 360\u02da omogu\u0107uje djeci da piju s bilo kojeg mjesta oko ruba silikonske brtve koja se aktivira usnama te poma\u017ee u kontroli protoka bez prolijevanja &gt; \u0160iroke ru\u010dke za lak\u0161e dr\u017eanje poti\u010du samostalnost kod djece &gt; 2 funkcije- poklopac gore- spremno za upotrebu, poklopac dolje- spremno za putovanje &gt; Twist- lock dizajn zaustavlja curenje i odr\u017eava rub za ispijanje higijenski \u010distim &gt; Prozirni poklopac omogu\u0107uje djeci da vide unutra\u0161njost \u010de\u0161ice i podr\u017eava koordinaciju oko-ruka &gt; Prozirno postolje \u010da\u0161e roditeljima omogu\u0107uje pra\u0107enje razine vode &gt; Kapacitet 250 ml &gt; Perivo u perilici posu\u0111a, samo na gornjoj polici &gt; Pogodno za sterilizator\" \/>\n<meta property=\"og:url\" content=\"https:\/\/najnaj.eu\/fr\/proizvod\/b-box-360-casa-ocean-breeze\/\" \/>\n<meta property=\"og:site_name\" content=\"NajNaj.eu\" \/>\n<meta property=\"article:publisher\" content=\"https:\/\/web.facebook.com\/najnaj.eu\/\" \/>\n<meta property=\"article:modified_time\" content=\"2026-02-04T08:58:44+00:00\" \/>\n<meta property=\"og:image\" content=\"https:\/\/najnaj.eu\/wp-content\/uploads\/2024\/12\/360-cup_ocean-breeze_3.jpg\" \/>\n\t<meta property=\"og:image:width\" content=\"2400\" \/>\n\t<meta property=\"og:image:height\" content=\"2400\" \/>\n\t<meta property=\"og:image:type\" content=\"image\/jpeg\" \/>\n<meta name=\"twitter:card\" content=\"summary_large_image\" \/>\n<meta name=\"twitter:label1\" content=\"Prix\" \/>\n\t<meta name=\"twitter:data1\" content=\"9,99&nbsp;&euro;\" \/>\n\t<meta name=\"twitter:label2\" content=\"Disponibilit\u00e9\" \/>\n\t<meta name=\"twitter:data2\" content=\"En stock\" \/>\n<script type=\"application\/ld+json\" class=\"yoast-schema-graph\">{\"@context\":\"https:\\\/\\\/schema.org\",\"@graph\":[{\"@type\":\"WebPage\",\"@id\":\"https:\\\/\\\/najnaj.eu\\\/fr\\\/proizvod\\\/b-box-360-casa-ocean-breeze\\\/\",\"url\":\"https:\\\/\\\/najnaj.eu\\\/fr\\\/proizvod\\\/b-box-360-casa-ocean-breeze\\\/\",\"name\":\"b.box 360 \u010da\u0161a - ocean breeze - NajNaj.eu\",\"isPartOf\":{\"@id\":\"https:\\\/\\\/najnaj.eu\\\/fr\\\/#website\"},\"primaryImageOfPage\":{\"@id\":\"https:\\\/\\\/najnaj.eu\\\/fr\\\/proizvod\\\/b-box-360-casa-ocean-breeze\\\/#primaryimage\"},\"image\":{\"@id\":\"https:\\\/\\\/najnaj.eu\\\/fr\\\/proizvod\\\/b-box-360-casa-ocean-breeze\\\/#primaryimage\"},\"thumbnailUrl\":\"https:\\\/\\\/najnaj.eu\\\/wp-content\\\/uploads\\\/2024\\\/12\\\/360-cup_ocean-breeze_3.jpg\",\"datePublished\":\"2024-12-02T13:11:22+00:00\",\"dateModified\":\"2026-02-04T08:58:44+00:00\",\"breadcrumb\":{\"@id\":\"https:\\\/\\\/najnaj.eu\\\/fr\\\/proizvod\\\/b-box-360-casa-ocean-breeze\\\/#breadcrumb\"},\"inLanguage\":\"fr-FR\",\"potentialAction\":[{\"@type\":\"ReadAction\",\"target\":[\"https:\\\/\\\/najnaj.eu\\\/fr\\\/proizvod\\\/b-box-360-casa-ocean-breeze\\\/\"]}]},{\"@type\":\"ImageObject\",\"inLanguage\":\"fr-FR\",\"@id\":\"https:\\\/\\\/najnaj.eu\\\/fr\\\/proizvod\\\/b-box-360-casa-ocean-breeze\\\/#primaryimage\",\"url\":\"https:\\\/\\\/najnaj.eu\\\/wp-content\\\/uploads\\\/2024\\\/12\\\/360-cup_ocean-breeze_3.jpg\",\"contentUrl\":\"https:\\\/\\\/najnaj.eu\\\/wp-content\\\/uploads\\\/2024\\\/12\\\/360-cup_ocean-breeze_3.jpg\",\"width\":2400,\"height\":2400},{\"@type\":\"BreadcrumbList\",\"@id\":\"https:\\\/\\\/najnaj.eu\\\/fr\\\/proizvod\\\/b-box-360-casa-ocean-breeze\\\/#breadcrumb\",\"itemListElement\":[{\"@type\":\"ListItem\",\"position\":1,\"name\":\"Po\u010detna stranica\",\"item\":\"https:\\\/\\\/najnaj.eu\\\/fr\\\/\"},{\"@type\":\"ListItem\",\"position\":2,\"name\":\"Trgovina\",\"item\":\"https:\\\/\\\/najnaj.hr\\\/trgovina\\\/\"},{\"@type\":\"ListItem\",\"position\":3,\"name\":\"b.box 360 \u010da\u0161a &#8211; ocean breeze\"}]},{\"@type\":\"WebSite\",\"@id\":\"https:\\\/\\\/najnaj.eu\\\/fr\\\/#website\",\"url\":\"https:\\\/\\\/najnaj.eu\\\/fr\\\/\",\"name\":\"NajNaj.eu\",\"description\":\"Za najva\u017enije!\",\"potentialAction\":[{\"@type\":\"SearchAction\",\"target\":{\"@type\":\"EntryPoint\",\"urlTemplate\":\"https:\\\/\\\/najnaj.eu\\\/fr\\\/?s={search_term_string}\"},\"query-input\":{\"@type\":\"PropertyValueSpecification\",\"valueRequired\":true,\"valueName\":\"search_term_string\"}}],\"inLanguage\":\"fr-FR\"}]}<\/script>\n<meta property=\"product:brand\" content=\"b.box\" \/>\n<meta property=\"product:price:amount\" content=\"9.99\" \/>\n<meta property=\"product:price:currency\" content=\"EUR\" \/>\n<meta property=\"og:availability\" content=\"instock\" \/>\n<meta property=\"product:availability\" content=\"instock\" \/>\n<meta property=\"product:retailer_item_id\" content=\"BX200133\" \/>\n<meta property=\"product:condition\" content=\"new\" \/>\n<!-- \/ Yoast SEO Premium plugin. -->","yoast_head_json":{"title":"b.box 360 \u010da\u0161a - ocean breeze - NajNaj.eu","robots":{"index":"index","follow":"follow","max-snippet":"max-snippet:-1","max-image-preview":"max-image-preview:large","max-video-preview":"max-video-preview:-1"},"canonical":"https:\/\/najnaj.eu\/fr\/proizvod\/b-box-360-casa-ocean-breeze\/","og_locale":"fr_FR","og_type":"article","og_title":"b.box 360 \u010da\u0161a - ocean breeze","og_description":"&gt;Dizajn 360\u02da omogu\u0107uje djeci da piju s bilo kojeg mjesta oko ruba silikonske brtve koja se aktivira usnama te poma\u017ee u kontroli protoka bez prolijevanja &gt; \u0160iroke ru\u010dke za lak\u0161e dr\u017eanje poti\u010du samostalnost kod djece &gt; 2 funkcije- poklopac gore- spremno za upotrebu, poklopac dolje- spremno za putovanje &gt; Twist- lock dizajn zaustavlja curenje i odr\u017eava rub za ispijanje higijenski \u010distim &gt; Prozirni poklopac omogu\u0107uje djeci da vide unutra\u0161njost \u010de\u0161ice i podr\u017eava koordinaciju oko-ruka &gt; Prozirno postolje \u010da\u0161e roditeljima omogu\u0107uje pra\u0107enje razine vode &gt; Kapacitet 250 ml &gt; Perivo u perilici posu\u0111a, samo na gornjoj polici &gt; Pogodno za sterilizator","og_url":"https:\/\/najnaj.eu\/fr\/proizvod\/b-box-360-casa-ocean-breeze\/","og_site_name":"NajNaj.eu","article_publisher":"https:\/\/web.facebook.com\/najnaj.eu\/","article_modified_time":"2026-02-04T08:58:44+00:00","og_image":[{"width":2400,"height":2400,"url":"https:\/\/najnaj.eu\/wp-content\/uploads\/2024\/12\/360-cup_ocean-breeze_3.jpg","type":"image\/jpeg"}],"twitter_card":"summary_large_image","twitter_misc":{"Prix":"9,99&nbsp;&euro;","Disponibilit\u00e9":"En stock"},"schema":{"@context":"https:\/\/schema.org","@graph":[{"@type":"WebPage","@id":"https:\/\/najnaj.eu\/fr\/proizvod\/b-box-360-casa-ocean-breeze\/","url":"https:\/\/najnaj.eu\/fr\/proizvod\/b-box-360-casa-ocean-breeze\/","name":"b.box 360 \u010da\u0161a - ocean breeze - NajNaj.eu","isPartOf":{"@id":"https:\/\/najnaj.eu\/fr\/#website"},"primaryImageOfPage":{"@id":"https:\/\/najnaj.eu\/fr\/proizvod\/b-box-360-casa-ocean-breeze\/#primaryimage"},"image":{"@id":"https:\/\/najnaj.eu\/fr\/proizvod\/b-box-360-casa-ocean-breeze\/#primaryimage"},"thumbnailUrl":"https:\/\/najnaj.eu\/wp-content\/uploads\/2024\/12\/360-cup_ocean-breeze_3.jpg","datePublished":"2024-12-02T13:11:22+00:00","dateModified":"2026-02-04T08:58:44+00:00","breadcrumb":{"@id":"https:\/\/najnaj.eu\/fr\/proizvod\/b-box-360-casa-ocean-breeze\/#breadcrumb"},"inLanguage":"fr-FR","potentialAction":[{"@type":"ReadAction","target":["https:\/\/najnaj.eu\/fr\/proizvod\/b-box-360-casa-ocean-breeze\/"]}]},{"@type":"ImageObject","inLanguage":"fr-FR","@id":"https:\/\/najnaj.eu\/fr\/proizvod\/b-box-360-casa-ocean-breeze\/#primaryimage","url":"https:\/\/najnaj.eu\/wp-content\/uploads\/2024\/12\/360-cup_ocean-breeze_3.jpg","contentUrl":"https:\/\/najnaj.eu\/wp-content\/uploads\/2024\/12\/360-cup_ocean-breeze_3.jpg","width":2400,"height":2400},{"@type":"BreadcrumbList","@id":"https:\/\/najnaj.eu\/fr\/proizvod\/b-box-360-casa-ocean-breeze\/#breadcrumb","itemListElement":[{"@type":"ListItem","position":1,"name":"Po\u010detna stranica","item":"https:\/\/najnaj.eu\/fr\/"},{"@type":"ListItem","position":2,"name":"Trgovina","item":"https:\/\/najnaj.hr\/trgovina\/"},{"@type":"ListItem","position":3,"name":"b.box 360 \u010da\u0161a &#8211; ocean breeze"}]},{"@type":"WebSite","@id":"https:\/\/najnaj.eu\/fr\/#website","url":"https:\/\/najnaj.eu\/fr\/","name":"NajNaj.eu","description":"Za najva\u017enije!","potentialAction":[{"@type":"SearchAction","target":{"@type":"EntryPoint","urlTemplate":"https:\/\/najnaj.eu\/fr\/?s={search_term_string}"},"query-input":{"@type":"PropertyValueSpecification","valueRequired":true,"valueName":"search_term_string"}}],"inLanguage":"fr-FR"}]},"product_brand":"b.box","product_price_amount":"9.99","product_price_currency":"EUR","og_availability":"instock","product_availability":"instock","product_retailer_item_id":"BX200133","product_condition":"new"},"_links":{"self":[{"href":"https:\/\/najnaj.eu\/fr\/wp-json\/wp\/v2\/product\/231693","targetHints":{"allow":["GET"]}}],"collection":[{"href":"https:\/\/najnaj.eu\/fr\/wp-json\/wp\/v2\/product"}],"about":[{"href":"https:\/\/najnaj.eu\/fr\/wp-json\/wp\/v2\/types\/product"}],"replies":[{"embeddable":true,"href":"https:\/\/najnaj.eu\/fr\/wp-json\/wp\/v2\/comments?post=231693"}],"version-history":[{"count":0,"href":"https:\/\/najnaj.eu\/fr\/wp-json\/wp\/v2\/product\/231693\/revisions"}],"wp:featuredmedia":[{"embeddable":true,"href":"https:\/\/najnaj.eu\/fr\/wp-json\/wp\/v2\/media\/231696"}],"wp:attachment":[{"href":"https:\/\/najnaj.eu\/fr\/wp-json\/wp\/v2\/media?parent=231693"}],"wp:term":[{"taxonomy":"product_brand","embeddable":true,"href":"https:\/\/najnaj.eu\/fr\/wp-json\/wp\/v2\/product_brand?post=231693"},{"taxonomy":"product_cat","embeddable":true,"href":"https:\/\/najnaj.eu\/fr\/wp-json\/wp\/v2\/product_cat?post=231693"},{"taxonomy":"product_tag","embeddable":true,"href":"https:\/\/najnaj.eu\/fr\/wp-json\/wp\/v2\/product_tag?post=231693"}],"curies":[{"name":"wp","href":"https:\/\/api.w.org\/{rel}","templated":true}]}}