{"id":230708,"date":"2024-11-21T13:50:05","date_gmt":"2024-11-21T12:50:05","guid":{"rendered":"https:\/\/najnaj.eu\/?post_type=product&#038;p=230708"},"modified":"2026-02-04T09:59:34","modified_gmt":"2026-02-04T08:59:34","slug":"lassig-set-podbradnjaka-5-kom-happy-fruits-cherry","status":"publish","type":"product","link":"https:\/\/najnaj.eu\/fr\/proizvod\/lassig-set-podbradnjaka-5-kom-happy-fruits-cherry\/","title":{"rendered":"L\u00e4ssig Set Podbradnjaka 5 kom, Happy Fruits Cherry"},"content":{"rendered":"<p>Ove prakti\u010dni podbradnici (komplet od 5 komada) iz kolekcije L\u00c4SSIG Happy Rascals omogu\u0107uju malim gurmanima da im prolijevanje hrane za blagovaonskim stolom ne pokvari raspolo\u017eenje.<\/p>\n<p>Podbradnici imaju visok udio organskog pamuka stoga se lako peru i nje\u017eni su za ko\u017eu. Vodootporni premaz s unutarnje strane osigurava da majice i bluze koje se nalaze ispod, ostanu \u010diste i suhe. Prakti\u010dna kop\u010da na \u010di\u010dak olak\u0161ava stavljanje i skidanje.<\/p>\n<p>&nbsp;<\/p>\n","protected":false},"excerpt":{"rendered":"<p>Ovi prakti\u010dni podbradnici (komplet od 5 komada) iz kolekcije L\u00c4SSIG Happy Rascals omogu\u0107uju malim gurmanima da im prolijevanje hrane za blagovaonskim stolom ne pokvari raspolo\u017eenje. Podbradnici imaju visok udio organskog pamuka stoga su lako perivi. Mogu se prati na 40\u00b0C.<\/p>\n","protected":false},"featured_media":230709,"comment_status":"closed","ping_status":"closed","template":"","meta":{"_acf_changed":false,"footnotes":""},"product_brand":[],"product_cat":[577,623],"product_tag":[],"class_list":{"0":"post-230708","1":"product","2":"type-product","3":"status-publish","4":"has-post-thumbnail","6":"product_cat-hranjenje","7":"product_cat-podbradnjaci","8":"pa_boja-bijela","9":"pa_boja-ljubicasta","10":"pa_boja-roza","11":"pa_brand-lassig","13":"first","14":"instock","15":"shipping-taxable","16":"purchasable","17":"product-type-simple"},"bundled_by":["268787"],"bundle_stock_status":"instock","bundle_stock_quantity":13,"bundle_virtual":false,"bundle_layout":"","bundle_add_to_cart_form_location":"","bundle_editable_in_cart":false,"bundle_sold_individually_context":"","bundle_item_grouping":"","bundle_min_size":"","bundle_max_size":"","bundle_price":[],"bundled_items":[],"bundle_sell_ids":[],"acf":[],"yoast_head":"<!-- This site is optimized with the Yoast SEO Premium plugin v21.5 (Yoast SEO v27.4) - https:\/\/yoast.com\/product\/yoast-seo-premium-wordpress\/ -->\n<title>L\u00e4ssig Set Podbradnjaka 5 kom, Happy Fruits Cherry - NajNaj.eu<\/title>\n<meta name=\"robots\" content=\"index, follow, max-snippet:-1, max-image-preview:large, max-video-preview:-1\" \/>\n<link rel=\"canonical\" href=\"https:\/\/najnaj.eu\/fr\/proizvod\/lassig-set-podbradnjaka-5-kom-happy-fruits-cherry\/\" \/>\n<meta property=\"og:locale\" content=\"fr_FR\" \/>\n<meta property=\"og:type\" content=\"article\" \/>\n<meta property=\"og:title\" content=\"L\u00e4ssig Set Podbradnjaka 5 kom, Happy Fruits Cherry\" \/>\n<meta property=\"og:description\" content=\"Ovi prakti\u010dni podbradnici (komplet od 5 komada) iz kolekcije L\u00c4SSIG Happy Rascals omogu\u0107uju malim gurmanima da im prolijevanje hrane za blagovaonskim stolom ne pokvari raspolo\u017eenje. Podbradnici imaju visok udio organskog pamuka stoga su lako perivi. Mogu se prati na 40\u00b0C.\" \/>\n<meta property=\"og:url\" content=\"https:\/\/najnaj.eu\/fr\/proizvod\/lassig-set-podbradnjaka-5-kom-happy-fruits-cherry\/\" \/>\n<meta property=\"og:site_name\" content=\"NajNaj.eu\" \/>\n<meta property=\"article:publisher\" content=\"https:\/\/web.facebook.com\/najnaj.eu\/\" \/>\n<meta property=\"article:modified_time\" content=\"2026-02-04T08:59:34+00:00\" \/>\n<meta property=\"og:image\" content=\"https:\/\/najnaj.eu\/wp-content\/uploads\/2024\/11\/13110022007_5_1920x1920.jpg\" \/>\n\t<meta property=\"og:image:width\" content=\"1920\" \/>\n\t<meta property=\"og:image:height\" content=\"1920\" \/>\n\t<meta property=\"og:image:type\" content=\"image\/jpeg\" \/>\n<meta name=\"twitter:card\" content=\"summary_large_image\" \/>\n<meta name=\"twitter:label1\" content=\"Prix\" \/>\n\t<meta name=\"twitter:data1\" content=\"29,95&nbsp;&euro;\" \/>\n\t<meta name=\"twitter:label2\" content=\"Disponibilit\u00e9\" \/>\n\t<meta name=\"twitter:data2\" content=\"En stock\" \/>\n<script type=\"application\/ld+json\" class=\"yoast-schema-graph\">{\"@context\":\"https:\\\/\\\/schema.org\",\"@graph\":[{\"@type\":\"WebPage\",\"@id\":\"https:\\\/\\\/najnaj.eu\\\/fr\\\/proizvod\\\/lassig-set-podbradnjaka-5-kom-happy-fruits-cherry\\\/\",\"url\":\"https:\\\/\\\/najnaj.eu\\\/fr\\\/proizvod\\\/lassig-set-podbradnjaka-5-kom-happy-fruits-cherry\\\/\",\"name\":\"L\u00e4ssig Set Podbradnjaka 5 kom, Happy Fruits Cherry - NajNaj.eu\",\"isPartOf\":{\"@id\":\"https:\\\/\\\/najnaj.eu\\\/fr\\\/#website\"},\"primaryImageOfPage\":{\"@id\":\"https:\\\/\\\/najnaj.eu\\\/fr\\\/proizvod\\\/lassig-set-podbradnjaka-5-kom-happy-fruits-cherry\\\/#primaryimage\"},\"image\":{\"@id\":\"https:\\\/\\\/najnaj.eu\\\/fr\\\/proizvod\\\/lassig-set-podbradnjaka-5-kom-happy-fruits-cherry\\\/#primaryimage\"},\"thumbnailUrl\":\"https:\\\/\\\/najnaj.eu\\\/wp-content\\\/uploads\\\/2024\\\/11\\\/13110022007_5_1920x1920.jpg\",\"datePublished\":\"2024-11-21T12:50:05+00:00\",\"dateModified\":\"2026-02-04T08:59:34+00:00\",\"breadcrumb\":{\"@id\":\"https:\\\/\\\/najnaj.eu\\\/fr\\\/proizvod\\\/lassig-set-podbradnjaka-5-kom-happy-fruits-cherry\\\/#breadcrumb\"},\"inLanguage\":\"fr-FR\",\"potentialAction\":[{\"@type\":\"ReadAction\",\"target\":[\"https:\\\/\\\/najnaj.eu\\\/fr\\\/proizvod\\\/lassig-set-podbradnjaka-5-kom-happy-fruits-cherry\\\/\"]}]},{\"@type\":\"ImageObject\",\"inLanguage\":\"fr-FR\",\"@id\":\"https:\\\/\\\/najnaj.eu\\\/fr\\\/proizvod\\\/lassig-set-podbradnjaka-5-kom-happy-fruits-cherry\\\/#primaryimage\",\"url\":\"https:\\\/\\\/najnaj.eu\\\/wp-content\\\/uploads\\\/2024\\\/11\\\/13110022007_5_1920x1920.jpg\",\"contentUrl\":\"https:\\\/\\\/najnaj.eu\\\/wp-content\\\/uploads\\\/2024\\\/11\\\/13110022007_5_1920x1920.jpg\",\"width\":1920,\"height\":1920},{\"@type\":\"BreadcrumbList\",\"@id\":\"https:\\\/\\\/najnaj.eu\\\/fr\\\/proizvod\\\/lassig-set-podbradnjaka-5-kom-happy-fruits-cherry\\\/#breadcrumb\",\"itemListElement\":[{\"@type\":\"ListItem\",\"position\":1,\"name\":\"Po\u010detna stranica\",\"item\":\"https:\\\/\\\/najnaj.eu\\\/fr\\\/\"},{\"@type\":\"ListItem\",\"position\":2,\"name\":\"Trgovina\",\"item\":\"https:\\\/\\\/najnaj.hr\\\/trgovina\\\/\"},{\"@type\":\"ListItem\",\"position\":3,\"name\":\"L\u00e4ssig Set Podbradnjaka 5 kom, Happy Fruits Cherry\"}]},{\"@type\":\"WebSite\",\"@id\":\"https:\\\/\\\/najnaj.eu\\\/fr\\\/#website\",\"url\":\"https:\\\/\\\/najnaj.eu\\\/fr\\\/\",\"name\":\"NajNaj.eu\",\"description\":\"Za najva\u017enije!\",\"potentialAction\":[{\"@type\":\"SearchAction\",\"target\":{\"@type\":\"EntryPoint\",\"urlTemplate\":\"https:\\\/\\\/najnaj.eu\\\/fr\\\/?s={search_term_string}\"},\"query-input\":{\"@type\":\"PropertyValueSpecification\",\"valueRequired\":true,\"valueName\":\"search_term_string\"}}],\"inLanguage\":\"fr-FR\"}]}<\/script>\n<meta property=\"product:brand\" content=\"L\u00e4ssig\" \/>\n<meta property=\"product:price:amount\" content=\"29.95\" \/>\n<meta property=\"product:price:currency\" content=\"EUR\" \/>\n<meta property=\"og:availability\" content=\"instock\" \/>\n<meta property=\"product:availability\" content=\"instock\" \/>\n<meta property=\"product:retailer_item_id\" content=\"13110022007\" \/>\n<meta property=\"product:condition\" content=\"new\" \/>\n<!-- \/ Yoast SEO Premium plugin. -->","yoast_head_json":{"title":"L\u00e4ssig Set Podbradnjaka 5 kom, Happy Fruits Cherry - NajNaj.eu","robots":{"index":"index","follow":"follow","max-snippet":"max-snippet:-1","max-image-preview":"max-image-preview:large","max-video-preview":"max-video-preview:-1"},"canonical":"https:\/\/najnaj.eu\/fr\/proizvod\/lassig-set-podbradnjaka-5-kom-happy-fruits-cherry\/","og_locale":"fr_FR","og_type":"article","og_title":"L\u00e4ssig Set Podbradnjaka 5 kom, Happy Fruits Cherry","og_description":"Ovi prakti\u010dni podbradnici (komplet od 5 komada) iz kolekcije L\u00c4SSIG Happy Rascals omogu\u0107uju malim gurmanima da im prolijevanje hrane za blagovaonskim stolom ne pokvari raspolo\u017eenje. Podbradnici imaju visok udio organskog pamuka stoga su lako perivi. Mogu se prati na 40\u00b0C.","og_url":"https:\/\/najnaj.eu\/fr\/proizvod\/lassig-set-podbradnjaka-5-kom-happy-fruits-cherry\/","og_site_name":"NajNaj.eu","article_publisher":"https:\/\/web.facebook.com\/najnaj.eu\/","article_modified_time":"2026-02-04T08:59:34+00:00","og_image":[{"width":1920,"height":1920,"url":"https:\/\/najnaj.eu\/wp-content\/uploads\/2024\/11\/13110022007_5_1920x1920.jpg","type":"image\/jpeg"}],"twitter_card":"summary_large_image","twitter_misc":{"Prix":"29,95&nbsp;&euro;","Disponibilit\u00e9":"En stock"},"schema":{"@context":"https:\/\/schema.org","@graph":[{"@type":"WebPage","@id":"https:\/\/najnaj.eu\/fr\/proizvod\/lassig-set-podbradnjaka-5-kom-happy-fruits-cherry\/","url":"https:\/\/najnaj.eu\/fr\/proizvod\/lassig-set-podbradnjaka-5-kom-happy-fruits-cherry\/","name":"L\u00e4ssig Set Podbradnjaka 5 kom, Happy Fruits Cherry - NajNaj.eu","isPartOf":{"@id":"https:\/\/najnaj.eu\/fr\/#website"},"primaryImageOfPage":{"@id":"https:\/\/najnaj.eu\/fr\/proizvod\/lassig-set-podbradnjaka-5-kom-happy-fruits-cherry\/#primaryimage"},"image":{"@id":"https:\/\/najnaj.eu\/fr\/proizvod\/lassig-set-podbradnjaka-5-kom-happy-fruits-cherry\/#primaryimage"},"thumbnailUrl":"https:\/\/najnaj.eu\/wp-content\/uploads\/2024\/11\/13110022007_5_1920x1920.jpg","datePublished":"2024-11-21T12:50:05+00:00","dateModified":"2026-02-04T08:59:34+00:00","breadcrumb":{"@id":"https:\/\/najnaj.eu\/fr\/proizvod\/lassig-set-podbradnjaka-5-kom-happy-fruits-cherry\/#breadcrumb"},"inLanguage":"fr-FR","potentialAction":[{"@type":"ReadAction","target":["https:\/\/najnaj.eu\/fr\/proizvod\/lassig-set-podbradnjaka-5-kom-happy-fruits-cherry\/"]}]},{"@type":"ImageObject","inLanguage":"fr-FR","@id":"https:\/\/najnaj.eu\/fr\/proizvod\/lassig-set-podbradnjaka-5-kom-happy-fruits-cherry\/#primaryimage","url":"https:\/\/najnaj.eu\/wp-content\/uploads\/2024\/11\/13110022007_5_1920x1920.jpg","contentUrl":"https:\/\/najnaj.eu\/wp-content\/uploads\/2024\/11\/13110022007_5_1920x1920.jpg","width":1920,"height":1920},{"@type":"BreadcrumbList","@id":"https:\/\/najnaj.eu\/fr\/proizvod\/lassig-set-podbradnjaka-5-kom-happy-fruits-cherry\/#breadcrumb","itemListElement":[{"@type":"ListItem","position":1,"name":"Po\u010detna stranica","item":"https:\/\/najnaj.eu\/fr\/"},{"@type":"ListItem","position":2,"name":"Trgovina","item":"https:\/\/najnaj.hr\/trgovina\/"},{"@type":"ListItem","position":3,"name":"L\u00e4ssig Set Podbradnjaka 5 kom, Happy Fruits Cherry"}]},{"@type":"WebSite","@id":"https:\/\/najnaj.eu\/fr\/#website","url":"https:\/\/najnaj.eu\/fr\/","name":"NajNaj.eu","description":"Za najva\u017enije!","potentialAction":[{"@type":"SearchAction","target":{"@type":"EntryPoint","urlTemplate":"https:\/\/najnaj.eu\/fr\/?s={search_term_string}"},"query-input":{"@type":"PropertyValueSpecification","valueRequired":true,"valueName":"search_term_string"}}],"inLanguage":"fr-FR"}]},"product_brand":"L\u00e4ssig","product_price_amount":"29.95","product_price_currency":"EUR","og_availability":"instock","product_availability":"instock","product_retailer_item_id":"13110022007","product_condition":"new"},"_links":{"self":[{"href":"https:\/\/najnaj.eu\/fr\/wp-json\/wp\/v2\/product\/230708","targetHints":{"allow":["GET"]}}],"collection":[{"href":"https:\/\/najnaj.eu\/fr\/wp-json\/wp\/v2\/product"}],"about":[{"href":"https:\/\/najnaj.eu\/fr\/wp-json\/wp\/v2\/types\/product"}],"replies":[{"embeddable":true,"href":"https:\/\/najnaj.eu\/fr\/wp-json\/wp\/v2\/comments?post=230708"}],"version-history":[{"count":0,"href":"https:\/\/najnaj.eu\/fr\/wp-json\/wp\/v2\/product\/230708\/revisions"}],"wp:featuredmedia":[{"embeddable":true,"href":"https:\/\/najnaj.eu\/fr\/wp-json\/wp\/v2\/media\/230709"}],"wp:attachment":[{"href":"https:\/\/najnaj.eu\/fr\/wp-json\/wp\/v2\/media?parent=230708"}],"wp:term":[{"taxonomy":"product_brand","embeddable":true,"href":"https:\/\/najnaj.eu\/fr\/wp-json\/wp\/v2\/product_brand?post=230708"},{"taxonomy":"product_cat","embeddable":true,"href":"https:\/\/najnaj.eu\/fr\/wp-json\/wp\/v2\/product_cat?post=230708"},{"taxonomy":"product_tag","embeddable":true,"href":"https:\/\/najnaj.eu\/fr\/wp-json\/wp\/v2\/product_tag?post=230708"}],"curies":[{"name":"wp","href":"https:\/\/api.w.org\/{rel}","templated":true}]}}