{"id":217883,"date":"2024-10-29T09:39:51","date_gmt":"2024-10-29T08:39:51","guid":{"rendered":"https:\/\/najnaj.eu\/?post_type=product&#038;p=217883"},"modified":"2026-02-04T10:02:24","modified_gmt":"2026-02-04T09:02:24","slug":"minimeis-hero-ruksak-black","status":"publish","type":"product","link":"https:\/\/najnaj.eu\/fr\/proizvod\/minimeis-hero-ruksak-black\/","title":{"rendered":"MiniMeis Hero Ruksak &#8211; Black"},"content":{"rendered":"<p><strong>JEDINI RUKSAK KOJI \u0106ETE TREBATI<\/strong><br \/>\nUpoznajte ruksak MiniMeis \u00ab\u00a0HERO\u00a0\u00bb \u2013 va\u0161 vrhunski roditeljski i svakodnevni pratilac.<br \/>\nSa svojim elegantnim dizajnom i genijalnim zna\u010dajkama, \u00ab\u00a0HERO\u00a0\u00bb nije samo obi\u010dan ruksak; to je va\u0161e glavno pomagalo za svaki trenutak koji dijelite sa svojim mali\u0161anom i \u0161ire.<br \/>\nTo je torba za pelene koju tata koristi u uredu i jedini ruksak na svijetu koji se pretvara u dje\u010dju sjedalicu dok ste u pokretu.<br \/>\n\u00ab\u00a0HERO\u00a0\u00bb\u2014jedan ruksak koji radi sve, i to briljantno.<\/p>\n<p><img loading=\"lazy\" decoding=\"async\" class=\"alignnone wp-image-283134\" src=\"https:\/\/najnaj.eu\/wp-content\/uploads\/2024\/10\/bp_01_-_hero-240x300.jpg\" alt=\"\" width=\"600\" height=\"750\" srcset=\"https:\/\/najnaj.eu\/wp-content\/uploads\/2024\/10\/bp_01_-_hero-240x300.jpg 240w, https:\/\/najnaj.eu\/wp-content\/uploads\/2024\/10\/bp_01_-_hero-324x405.jpg 324w, https:\/\/najnaj.eu\/wp-content\/uploads\/2024\/10\/bp_01_-_hero-960x1200.jpg 960w, https:\/\/najnaj.eu\/wp-content\/uploads\/2024\/10\/bp_01_-_hero-819x1024.jpg 819w, https:\/\/najnaj.eu\/wp-content\/uploads\/2024\/10\/bp_01_-_hero-768x960.jpg 768w, https:\/\/najnaj.eu\/wp-content\/uploads\/2024\/10\/bp_01_-_hero-420x525.jpg 420w, https:\/\/najnaj.eu\/wp-content\/uploads\/2024\/10\/bp_01_-_hero.jpg 1200w\" sizes=\"auto, (max-width: 600px) 100vw, 600px\" \/><\/p>\n<p><strong>PRAKTI\u010cNA DJE\u010cJA STOLICA<\/strong><br \/>\nJeste li ikada trebali stolicu za bebe, a nije bila dostupna?<br \/>\nDo\u017eivite prakti\u010dnost koja mijenja pravila igre s na\u0161om revolucionarnom zna\u010dajkom dje\u010dje sjedalice. Pretvorite gotovo svaku stolicu u sigurno i udobno mjesto za va\u0161eg mali\u0161ana u samo nekoliko jednostavnih koraka.<br \/>\nBilo da je rije\u010d o ru\u010dku, izletima ili putovanjima, ruksak \u00ab\u00a0HERO\u00a0\u00bb nudi trenutno i sigurno rje\u0161enje za sjedenje.<\/p>\n<p>Kako postaviti MiniMeis ruksak u dje\u010dju stolicu pogledajte <a href=\"https:\/\/najnaj.eu\/wp-content\/uploads\/2025\/11\/ruksak-sjedalica.mp4\"><strong>OVDJE<\/strong><\/a>.<\/p>\n<p><strong>PAKIRAJTE SE ZA POBJEDU<\/strong><br \/>\nOpremite se za \u017eivotne avanture s vi\u0161estrukim d\u017eepovima \u00ab\u00a0HERO\u00a0\u00bb ruksaka kako biste organizirali sve svoje osnovne stvari.<br \/>\nBilo da se radi o opremi za bebe, prijenosnom ra\u010dunalu ili stvarima za teretanu, \u00ab\u00a0HERO\u00a0\u00bb vam \u010duva le\u0111a.<br \/>\nSvidjet \u0107e vam se termi\u010dki d\u017eep za ohla\u0111enu hranu i pi\u0107e i dizajn s punim otvaranjem koji vam omogu\u0107uje lak pristup u pokretu.<br \/>\nUz prostor za va\u0161u sklopljenu MiniMeis nosiljku za ramena, uvijek \u0107ete biti spremni za one posebne obiteljske trenutke koji \u017eivot \u010dine nezaboravnim.<\/p>\n<p><strong>POVEZIVANJE NA MINIMEIS NOSILJKU ZA RAMENA<\/strong><br \/>\nIzra\u0111en za besprijekornu integraciju s Minimeis nosiljkom za ramena, ruksak \u00ab\u00a0HERO\u00a0\u00bb omogu\u0107uje vam da nosite sve potrep\u0161tine za bebu dok su vam ruke slobodne za avanture.<br \/>\nPri\u010dvrstite ga na prednji dio MiniMeisa pomo\u0107u patentiranih kuka. Trebate ne\u0161to u pokretu? Odvojite jednu stranu, zakrenite ruksak oko sebe i pristupite onome \u0161to trebate.<br \/>\nTo je savr\u0161ena postavka za one koji vole istra\u017eivati bez dje\u010djih kolica.<\/p>\n<p><strong>BRIGA ZA PLANETU<\/strong><br \/>\nU MiniMeisu, odr\u017eivost je u sredi\u0161tu svega \u0161to radimo. Zato \u00ab\u00a0HERO\u00a0\u00bb nije samo prakti\u010dnost; to je dokaz na\u0161e predanosti okoli\u0161u i dugovje\u010dnosti.<br \/>\nIzra\u0111eni s tehnologijom \u00ab\u00a0Waste to Wear\u00a0\u00bb, na\u0161i ruksaci koriste reciklirane oceanske boce, smanjuju\u0107i otpad i na\u0161 uglji\u010dni otisak.<br \/>\nOdabirom ruksaka \u00ab\u00a0HERO\u00a0\u00bb donosite pozitivan izbor za planet i utirete put zelenijoj budu\u0107nosti za na\u0161u djecu.<\/p>\n<p><strong>CIJELI DAN &#8211; SVAKI DAN<\/strong><br \/>\nRuksak \u00ab\u00a0HERO\u00a0\u00bb nije samo za razdoblje dok su djeca mala; to je do\u017eivotni suputnik. Lagano prelaze\u0107i iz torbe za pelene u svakodnevni ruksak, nudi dovoljno prostora za pohranu i elegantnu funkcionalnost za posao, vje\u017ebanje ili vikend odmor.<br \/>\nUz njegovu izdr\u017eljivu konstrukciju i udobne naramenice, \u010dlanovi va\u0161e obitelji borit \u0107e se za pravo kori\u0161tenja ruksaka \u00ab\u00a0HERO\u00a0\u00bb godinama koje dolaze.<\/p>\n","protected":false},"excerpt":{"rendered":"<p>&gt; Zaboravite dosadne torbe za pelene, \u00ab\u00a0HERO\u00a0\u00bb ruksak ima sva pametna rje\u0161enja i vi\u0161e<br \/>\n&gt; Nagra\u0111en za najinovativniji turisti\u010dki proizvod za obitelji 2023<br \/>\n&gt; Prvi ruksak na svijetu koji se mo\u017ee koristiti i kao dodatak koji pretvara obi\u010dni stolac u sjedalicu za djecu<br \/>\n&gt; Prakti\u010dno se postavlja na kolica radi lak\u0161eg pristupa<br \/>\n&gt; Jedini ruksak koji se spaja na MiniMeis nosiljkom za ramena<br \/>\n&gt; Elegantan, funkcionalan i dobar za okoli\u0161<\/p>\n","protected":false},"featured_media":217891,"comment_status":"open","ping_status":"closed","template":"","meta":{"_acf_changed":false,"footnotes":""},"product_brand":[],"product_cat":[1714],"product_tag":[],"class_list":{"0":"post-217883","1":"product","2":"type-product","3":"status-publish","4":"has-post-thumbnail","6":"product_cat-ruksak-za-nosiljku","7":"pa_boja-crna","8":"pa_brand-minimeis","10":"first","11":"instock","12":"shipping-taxable","13":"purchasable","14":"product-type-simple"},"bundled_by":[],"bundle_stock_status":"instock","bundle_stock_quantity":4,"bundle_virtual":false,"bundle_layout":"","bundle_add_to_cart_form_location":"","bundle_editable_in_cart":false,"bundle_sold_individually_context":"","bundle_item_grouping":"","bundle_min_size":"","bundle_max_size":"","bundle_price":[],"bundled_items":[],"bundle_sell_ids":[],"acf":[],"yoast_head":"<!-- This site is optimized with the Yoast SEO Premium plugin v21.5 (Yoast SEO v27.4) - https:\/\/yoast.com\/product\/yoast-seo-premium-wordpress\/ -->\n<title>MiniMeis Hero Ruksak - Black - NajNaj.eu<\/title>\n<meta name=\"robots\" content=\"index, follow, max-snippet:-1, max-image-preview:large, max-video-preview:-1\" \/>\n<link rel=\"canonical\" href=\"https:\/\/najnaj.eu\/fr\/proizvod\/minimeis-hero-ruksak-black\/\" \/>\n<meta property=\"og:locale\" content=\"fr_FR\" \/>\n<meta property=\"og:type\" content=\"article\" \/>\n<meta property=\"og:title\" content=\"MiniMeis Hero Ruksak - Black\" \/>\n<meta property=\"og:description\" content=\"&gt; Zaboravite dosadne torbe za pelene, &quot;HERO&quot; ruksak ima sva pametna rje\u0161enja i vi\u0161e &gt; Nagra\u0111en za najinovativniji turisti\u010dki proizvod za obitelji 2023 &gt; Prvi ruksak na svijetu koji se mo\u017ee koristiti i kao dodatak koji pretvara obi\u010dni stolac u sjedalicu za djecu &gt; Prakti\u010dno se postavlja na kolica radi lak\u0161eg pristupa &gt; Jedini ruksak koji se spaja na MiniMeis nosiljkom za ramena &gt; Elegantan, funkcionalan i dobar za okoli\u0161\" \/>\n<meta property=\"og:url\" content=\"https:\/\/najnaj.eu\/fr\/proizvod\/minimeis-hero-ruksak-black\/\" \/>\n<meta property=\"og:site_name\" content=\"NajNaj.eu\" \/>\n<meta property=\"article:publisher\" content=\"https:\/\/web.facebook.com\/najnaj.eu\/\" \/>\n<meta property=\"article:modified_time\" content=\"2026-02-04T09:02:24+00:00\" \/>\n<meta property=\"og:image\" content=\"https:\/\/najnaj.eu\/wp-content\/uploads\/2024\/10\/MiniMeis-Black-Premium-Backpack-Product-2.jpg\" \/>\n\t<meta property=\"og:image:width\" content=\"1000\" \/>\n\t<meta property=\"og:image:height\" content=\"1500\" \/>\n\t<meta property=\"og:image:type\" content=\"image\/jpeg\" \/>\n<meta name=\"twitter:card\" content=\"summary_large_image\" \/>\n<meta name=\"twitter:label1\" content=\"Prix\" \/>\n\t<meta name=\"twitter:data1\" content=\"149,00&nbsp;&euro;\" \/>\n\t<meta name=\"twitter:label2\" content=\"Disponibilit\u00e9\" \/>\n\t<meta name=\"twitter:data2\" content=\"En stock\" \/>\n<script type=\"application\/ld+json\" class=\"yoast-schema-graph\">{\"@context\":\"https:\\\/\\\/schema.org\",\"@graph\":[{\"@type\":\"WebPage\",\"@id\":\"https:\\\/\\\/najnaj.eu\\\/fr\\\/proizvod\\\/minimeis-hero-ruksak-black\\\/\",\"url\":\"https:\\\/\\\/najnaj.eu\\\/fr\\\/proizvod\\\/minimeis-hero-ruksak-black\\\/\",\"name\":\"MiniMeis Hero Ruksak - Black - NajNaj.eu\",\"isPartOf\":{\"@id\":\"https:\\\/\\\/najnaj.eu\\\/fr\\\/#website\"},\"primaryImageOfPage\":{\"@id\":\"https:\\\/\\\/najnaj.eu\\\/fr\\\/proizvod\\\/minimeis-hero-ruksak-black\\\/#primaryimage\"},\"image\":{\"@id\":\"https:\\\/\\\/najnaj.eu\\\/fr\\\/proizvod\\\/minimeis-hero-ruksak-black\\\/#primaryimage\"},\"thumbnailUrl\":\"https:\\\/\\\/najnaj.eu\\\/wp-content\\\/uploads\\\/2024\\\/10\\\/MiniMeis-Black-Premium-Backpack-Product-2.jpg\",\"datePublished\":\"2024-10-29T08:39:51+00:00\",\"dateModified\":\"2026-02-04T09:02:24+00:00\",\"breadcrumb\":{\"@id\":\"https:\\\/\\\/najnaj.eu\\\/fr\\\/proizvod\\\/minimeis-hero-ruksak-black\\\/#breadcrumb\"},\"inLanguage\":\"fr-FR\",\"potentialAction\":[{\"@type\":\"ReadAction\",\"target\":[\"https:\\\/\\\/najnaj.eu\\\/fr\\\/proizvod\\\/minimeis-hero-ruksak-black\\\/\"]}]},{\"@type\":\"ImageObject\",\"inLanguage\":\"fr-FR\",\"@id\":\"https:\\\/\\\/najnaj.eu\\\/fr\\\/proizvod\\\/minimeis-hero-ruksak-black\\\/#primaryimage\",\"url\":\"https:\\\/\\\/najnaj.eu\\\/wp-content\\\/uploads\\\/2024\\\/10\\\/MiniMeis-Black-Premium-Backpack-Product-2.jpg\",\"contentUrl\":\"https:\\\/\\\/najnaj.eu\\\/wp-content\\\/uploads\\\/2024\\\/10\\\/MiniMeis-Black-Premium-Backpack-Product-2.jpg\",\"width\":1000,\"height\":1500},{\"@type\":\"BreadcrumbList\",\"@id\":\"https:\\\/\\\/najnaj.eu\\\/fr\\\/proizvod\\\/minimeis-hero-ruksak-black\\\/#breadcrumb\",\"itemListElement\":[{\"@type\":\"ListItem\",\"position\":1,\"name\":\"Po\u010detna stranica\",\"item\":\"https:\\\/\\\/najnaj.eu\\\/fr\\\/\"},{\"@type\":\"ListItem\",\"position\":2,\"name\":\"Trgovina\",\"item\":\"https:\\\/\\\/najnaj.hr\\\/trgovina\\\/\"},{\"@type\":\"ListItem\",\"position\":3,\"name\":\"MiniMeis Hero Ruksak &#8211; Black\"}]},{\"@type\":\"WebSite\",\"@id\":\"https:\\\/\\\/najnaj.eu\\\/fr\\\/#website\",\"url\":\"https:\\\/\\\/najnaj.eu\\\/fr\\\/\",\"name\":\"NajNaj.eu\",\"description\":\"Za najva\u017enije!\",\"potentialAction\":[{\"@type\":\"SearchAction\",\"target\":{\"@type\":\"EntryPoint\",\"urlTemplate\":\"https:\\\/\\\/najnaj.eu\\\/fr\\\/?s={search_term_string}\"},\"query-input\":{\"@type\":\"PropertyValueSpecification\",\"valueRequired\":true,\"valueName\":\"search_term_string\"}}],\"inLanguage\":\"fr-FR\"}]}<\/script>\n<meta property=\"product:brand\" content=\"MiniMeis\" \/>\n<meta property=\"product:price:amount\" content=\"149.00\" \/>\n<meta property=\"product:price:currency\" content=\"EUR\" \/>\n<meta property=\"og:availability\" content=\"instock\" \/>\n<meta property=\"product:availability\" content=\"instock\" \/>\n<meta property=\"product:retailer_item_id\" content=\"11038983-Black-One Size-Std\" \/>\n<meta property=\"product:condition\" content=\"new\" \/>\n<!-- \/ Yoast SEO Premium plugin. -->","yoast_head_json":{"title":"MiniMeis Hero Ruksak - Black - NajNaj.eu","robots":{"index":"index","follow":"follow","max-snippet":"max-snippet:-1","max-image-preview":"max-image-preview:large","max-video-preview":"max-video-preview:-1"},"canonical":"https:\/\/najnaj.eu\/fr\/proizvod\/minimeis-hero-ruksak-black\/","og_locale":"fr_FR","og_type":"article","og_title":"MiniMeis Hero Ruksak - Black","og_description":"&gt; Zaboravite dosadne torbe za pelene, \"HERO\" ruksak ima sva pametna rje\u0161enja i vi\u0161e &gt; Nagra\u0111en za najinovativniji turisti\u010dki proizvod za obitelji 2023 &gt; Prvi ruksak na svijetu koji se mo\u017ee koristiti i kao dodatak koji pretvara obi\u010dni stolac u sjedalicu za djecu &gt; Prakti\u010dno se postavlja na kolica radi lak\u0161eg pristupa &gt; Jedini ruksak koji se spaja na MiniMeis nosiljkom za ramena &gt; Elegantan, funkcionalan i dobar za okoli\u0161","og_url":"https:\/\/najnaj.eu\/fr\/proizvod\/minimeis-hero-ruksak-black\/","og_site_name":"NajNaj.eu","article_publisher":"https:\/\/web.facebook.com\/najnaj.eu\/","article_modified_time":"2026-02-04T09:02:24+00:00","og_image":[{"width":1000,"height":1500,"url":"https:\/\/najnaj.eu\/wp-content\/uploads\/2024\/10\/MiniMeis-Black-Premium-Backpack-Product-2.jpg","type":"image\/jpeg"}],"twitter_card":"summary_large_image","twitter_misc":{"Prix":"149,00&nbsp;&euro;","Disponibilit\u00e9":"En stock"},"schema":{"@context":"https:\/\/schema.org","@graph":[{"@type":"WebPage","@id":"https:\/\/najnaj.eu\/fr\/proizvod\/minimeis-hero-ruksak-black\/","url":"https:\/\/najnaj.eu\/fr\/proizvod\/minimeis-hero-ruksak-black\/","name":"MiniMeis Hero Ruksak - Black - NajNaj.eu","isPartOf":{"@id":"https:\/\/najnaj.eu\/fr\/#website"},"primaryImageOfPage":{"@id":"https:\/\/najnaj.eu\/fr\/proizvod\/minimeis-hero-ruksak-black\/#primaryimage"},"image":{"@id":"https:\/\/najnaj.eu\/fr\/proizvod\/minimeis-hero-ruksak-black\/#primaryimage"},"thumbnailUrl":"https:\/\/najnaj.eu\/wp-content\/uploads\/2024\/10\/MiniMeis-Black-Premium-Backpack-Product-2.jpg","datePublished":"2024-10-29T08:39:51+00:00","dateModified":"2026-02-04T09:02:24+00:00","breadcrumb":{"@id":"https:\/\/najnaj.eu\/fr\/proizvod\/minimeis-hero-ruksak-black\/#breadcrumb"},"inLanguage":"fr-FR","potentialAction":[{"@type":"ReadAction","target":["https:\/\/najnaj.eu\/fr\/proizvod\/minimeis-hero-ruksak-black\/"]}]},{"@type":"ImageObject","inLanguage":"fr-FR","@id":"https:\/\/najnaj.eu\/fr\/proizvod\/minimeis-hero-ruksak-black\/#primaryimage","url":"https:\/\/najnaj.eu\/wp-content\/uploads\/2024\/10\/MiniMeis-Black-Premium-Backpack-Product-2.jpg","contentUrl":"https:\/\/najnaj.eu\/wp-content\/uploads\/2024\/10\/MiniMeis-Black-Premium-Backpack-Product-2.jpg","width":1000,"height":1500},{"@type":"BreadcrumbList","@id":"https:\/\/najnaj.eu\/fr\/proizvod\/minimeis-hero-ruksak-black\/#breadcrumb","itemListElement":[{"@type":"ListItem","position":1,"name":"Po\u010detna stranica","item":"https:\/\/najnaj.eu\/fr\/"},{"@type":"ListItem","position":2,"name":"Trgovina","item":"https:\/\/najnaj.hr\/trgovina\/"},{"@type":"ListItem","position":3,"name":"MiniMeis Hero Ruksak &#8211; Black"}]},{"@type":"WebSite","@id":"https:\/\/najnaj.eu\/fr\/#website","url":"https:\/\/najnaj.eu\/fr\/","name":"NajNaj.eu","description":"Za najva\u017enije!","potentialAction":[{"@type":"SearchAction","target":{"@type":"EntryPoint","urlTemplate":"https:\/\/najnaj.eu\/fr\/?s={search_term_string}"},"query-input":{"@type":"PropertyValueSpecification","valueRequired":true,"valueName":"search_term_string"}}],"inLanguage":"fr-FR"}]},"product_brand":"MiniMeis","product_price_amount":"149.00","product_price_currency":"EUR","og_availability":"instock","product_availability":"instock","product_retailer_item_id":"11038983-Black-One Size-Std","product_condition":"new"},"_links":{"self":[{"href":"https:\/\/najnaj.eu\/fr\/wp-json\/wp\/v2\/product\/217883","targetHints":{"allow":["GET"]}}],"collection":[{"href":"https:\/\/najnaj.eu\/fr\/wp-json\/wp\/v2\/product"}],"about":[{"href":"https:\/\/najnaj.eu\/fr\/wp-json\/wp\/v2\/types\/product"}],"replies":[{"embeddable":true,"href":"https:\/\/najnaj.eu\/fr\/wp-json\/wp\/v2\/comments?post=217883"}],"version-history":[{"count":0,"href":"https:\/\/najnaj.eu\/fr\/wp-json\/wp\/v2\/product\/217883\/revisions"}],"wp:featuredmedia":[{"embeddable":true,"href":"https:\/\/najnaj.eu\/fr\/wp-json\/wp\/v2\/media\/217891"}],"wp:attachment":[{"href":"https:\/\/najnaj.eu\/fr\/wp-json\/wp\/v2\/media?parent=217883"}],"wp:term":[{"taxonomy":"product_brand","embeddable":true,"href":"https:\/\/najnaj.eu\/fr\/wp-json\/wp\/v2\/product_brand?post=217883"},{"taxonomy":"product_cat","embeddable":true,"href":"https:\/\/najnaj.eu\/fr\/wp-json\/wp\/v2\/product_cat?post=217883"},{"taxonomy":"product_tag","embeddable":true,"href":"https:\/\/najnaj.eu\/fr\/wp-json\/wp\/v2\/product_tag?post=217883"}],"curies":[{"name":"wp","href":"https:\/\/api.w.org\/{rel}","templated":true}]}}