{"id":217586,"date":"2024-10-24T14:36:34","date_gmt":"2024-10-24T12:36:34","guid":{"rendered":"https:\/\/najnaj.eu\/?post_type=product&#038;p=217586"},"modified":"2026-02-04T10:03:10","modified_gmt":"2026-02-04T09:03:10","slug":"ergobaby-evolve-luk-s-igrackama-serene-swells","status":"publish","type":"product","link":"https:\/\/najnaj.eu\/fr\/proizvod\/ergobaby-evolve-luk-s-igrackama-serene-swells\/","title":{"rendered":"Ergobaby Evolve luk s igra\u010dkama &#8211; Serene Swells"},"content":{"rendered":"","protected":false},"excerpt":{"rendered":"<p><strong>Evolve luk s igra\u010dkama Serene Swells zabavlja va\u0161e mali\u0161ane dok se razvijaju i rastu.<\/strong><\/p>\n<ul>\n<li><span class=\"font2\">Lako se skida i postavlja na Ergobaby Evolve le\u017ealjku 3u1<\/span><\/li>\n<li><span class=\"font2\">Lako se \u010disti, te je nje\u017ean prema dje\u010dijim rukama<\/span><\/li>\n<li><span class=\"font2\">Uklju\u010duje rotiraju\u0107e igra\u010dke za umirivanje i zabavnu igru<\/span><\/li>\n<li><span class=\"font2\">Dob: preporu\u010deno za djecu od 4-5 mjeseci<\/span><\/li>\n<li><span class=\"font2\">FSC-certificirani silikon za drvo i hranu bez ftalata\/BPA\/PVC<\/span><\/li>\n<\/ul>\n","protected":false},"featured_media":217591,"comment_status":"open","ping_status":"closed","template":"","meta":{"_acf_changed":false,"footnotes":""},"product_brand":[],"product_cat":[1261,611],"product_tag":[],"class_list":{"0":"post-217586","1":"product","2":"type-product","3":"status-publish","4":"has-post-thumbnail","6":"product_cat-dodaci-za-evolve-lezaljku-3-u-1","7":"product_cat-lezaljke","8":"pa_boja-plava","9":"pa_brand-ergobaby","11":"first","12":"instock","13":"purchasable","14":"product-type-simple"},"bundled_by":[],"bundle_stock_status":"instock","bundle_stock_quantity":15,"bundle_virtual":false,"bundle_layout":"","bundle_add_to_cart_form_location":"","bundle_editable_in_cart":false,"bundle_sold_individually_context":"","bundle_item_grouping":"","bundle_min_size":"","bundle_max_size":"","bundle_price":[],"bundled_items":[],"bundle_sell_ids":[],"acf":[],"yoast_head":"<!-- This site is optimized with the Yoast SEO Premium plugin v21.5 (Yoast SEO v27.4) - https:\/\/yoast.com\/product\/yoast-seo-premium-wordpress\/ -->\n<title>Ergobaby Evolve luk s igra\u010dkama - Serene Swells - NajNaj.eu<\/title>\n<meta name=\"robots\" content=\"index, follow, max-snippet:-1, max-image-preview:large, max-video-preview:-1\" \/>\n<link rel=\"canonical\" href=\"https:\/\/najnaj.eu\/fr\/proizvod\/ergobaby-evolve-luk-s-igrackama-serene-swells\/\" \/>\n<meta property=\"og:locale\" content=\"fr_FR\" \/>\n<meta property=\"og:type\" content=\"article\" \/>\n<meta property=\"og:title\" content=\"Ergobaby Evolve luk s igra\u010dkama - Serene Swells\" \/>\n<meta property=\"og:description\" content=\"Evolve luk s igra\u010dkama Serene Swells zabavlja va\u0161e mali\u0161ane dok se razvijaju i rastu.   Lako se skida i postavlja na Ergobaby Evolve le\u017ealjku 3u1  Lako se \u010disti, te je nje\u017ean prema dje\u010dijim rukama  Uklju\u010duje rotiraju\u0107e igra\u010dke za umirivanje i zabavnu igru  Dob: preporu\u010deno za djecu od 4-5 mjeseci  FSC-certificirani silikon za drvo i hranu bez ftalata\/BPA\/PVC\" \/>\n<meta property=\"og:url\" content=\"https:\/\/najnaj.eu\/fr\/proizvod\/ergobaby-evolve-luk-s-igrackama-serene-swells\/\" \/>\n<meta property=\"og:site_name\" content=\"NajNaj.eu\" \/>\n<meta property=\"article:publisher\" content=\"https:\/\/web.facebook.com\/najnaj.eu\/\" \/>\n<meta property=\"article:modified_time\" content=\"2026-02-04T09:03:10+00:00\" \/>\n<meta property=\"og:image\" content=\"https:\/\/najnaj.eu\/wp-content\/uploads\/2024\/10\/toy-bar-serene-swells-01.jpg\" \/>\n\t<meta property=\"og:image:width\" content=\"2400\" \/>\n\t<meta property=\"og:image:height\" content=\"2400\" \/>\n\t<meta property=\"og:image:type\" content=\"image\/jpeg\" \/>\n<meta name=\"twitter:card\" content=\"summary_large_image\" \/>\n<meta name=\"twitter:label1\" content=\"Prix\" \/>\n\t<meta name=\"twitter:data1\" content=\"49,90&nbsp;&euro;\" \/>\n\t<meta name=\"twitter:label2\" content=\"Disponibilit\u00e9\" \/>\n\t<meta name=\"twitter:data2\" content=\"En stock\" \/>\n<script type=\"application\/ld+json\" class=\"yoast-schema-graph\">{\"@context\":\"https:\\\/\\\/schema.org\",\"@graph\":[{\"@type\":\"WebPage\",\"@id\":\"https:\\\/\\\/najnaj.eu\\\/fr\\\/proizvod\\\/ergobaby-evolve-luk-s-igrackama-serene-swells\\\/\",\"url\":\"https:\\\/\\\/najnaj.eu\\\/fr\\\/proizvod\\\/ergobaby-evolve-luk-s-igrackama-serene-swells\\\/\",\"name\":\"Ergobaby Evolve luk s igra\u010dkama - Serene Swells - NajNaj.eu\",\"isPartOf\":{\"@id\":\"https:\\\/\\\/najnaj.eu\\\/fr\\\/#website\"},\"primaryImageOfPage\":{\"@id\":\"https:\\\/\\\/najnaj.eu\\\/fr\\\/proizvod\\\/ergobaby-evolve-luk-s-igrackama-serene-swells\\\/#primaryimage\"},\"image\":{\"@id\":\"https:\\\/\\\/najnaj.eu\\\/fr\\\/proizvod\\\/ergobaby-evolve-luk-s-igrackama-serene-swells\\\/#primaryimage\"},\"thumbnailUrl\":\"https:\\\/\\\/najnaj.eu\\\/wp-content\\\/uploads\\\/2024\\\/10\\\/toy-bar-serene-swells-01.jpg\",\"datePublished\":\"2024-10-24T12:36:34+00:00\",\"dateModified\":\"2026-02-04T09:03:10+00:00\",\"breadcrumb\":{\"@id\":\"https:\\\/\\\/najnaj.eu\\\/fr\\\/proizvod\\\/ergobaby-evolve-luk-s-igrackama-serene-swells\\\/#breadcrumb\"},\"inLanguage\":\"fr-FR\",\"potentialAction\":[{\"@type\":\"ReadAction\",\"target\":[\"https:\\\/\\\/najnaj.eu\\\/fr\\\/proizvod\\\/ergobaby-evolve-luk-s-igrackama-serene-swells\\\/\"]}]},{\"@type\":\"ImageObject\",\"inLanguage\":\"fr-FR\",\"@id\":\"https:\\\/\\\/najnaj.eu\\\/fr\\\/proizvod\\\/ergobaby-evolve-luk-s-igrackama-serene-swells\\\/#primaryimage\",\"url\":\"https:\\\/\\\/najnaj.eu\\\/wp-content\\\/uploads\\\/2024\\\/10\\\/toy-bar-serene-swells-01.jpg\",\"contentUrl\":\"https:\\\/\\\/najnaj.eu\\\/wp-content\\\/uploads\\\/2024\\\/10\\\/toy-bar-serene-swells-01.jpg\",\"width\":2400,\"height\":2400},{\"@type\":\"BreadcrumbList\",\"@id\":\"https:\\\/\\\/najnaj.eu\\\/fr\\\/proizvod\\\/ergobaby-evolve-luk-s-igrackama-serene-swells\\\/#breadcrumb\",\"itemListElement\":[{\"@type\":\"ListItem\",\"position\":1,\"name\":\"Po\u010detna stranica\",\"item\":\"https:\\\/\\\/najnaj.eu\\\/fr\\\/\"},{\"@type\":\"ListItem\",\"position\":2,\"name\":\"Trgovina\",\"item\":\"https:\\\/\\\/najnaj.hr\\\/trgovina\\\/\"},{\"@type\":\"ListItem\",\"position\":3,\"name\":\"Ergobaby Evolve luk s igra\u010dkama &#8211; Serene Swells\"}]},{\"@type\":\"WebSite\",\"@id\":\"https:\\\/\\\/najnaj.eu\\\/fr\\\/#website\",\"url\":\"https:\\\/\\\/najnaj.eu\\\/fr\\\/\",\"name\":\"NajNaj.eu\",\"description\":\"Za najva\u017enije!\",\"potentialAction\":[{\"@type\":\"SearchAction\",\"target\":{\"@type\":\"EntryPoint\",\"urlTemplate\":\"https:\\\/\\\/najnaj.eu\\\/fr\\\/?s={search_term_string}\"},\"query-input\":{\"@type\":\"PropertyValueSpecification\",\"valueRequired\":true,\"valueName\":\"search_term_string\"}}],\"inLanguage\":\"fr-FR\"}]}<\/script>\n<meta property=\"product:brand\" content=\"Ergobaby\" \/>\n<meta property=\"product:price:amount\" content=\"49.90\" \/>\n<meta property=\"product:price:currency\" content=\"EUR\" \/>\n<meta property=\"og:availability\" content=\"instock\" \/>\n<meta property=\"product:availability\" content=\"instock\" \/>\n<meta property=\"product:retailer_item_id\" content=\"EVLBNCTBSRNSWL\" \/>\n<meta property=\"product:condition\" content=\"new\" \/>\n<!-- \/ Yoast SEO Premium plugin. -->","yoast_head_json":{"title":"Ergobaby Evolve luk s igra\u010dkama - Serene Swells - NajNaj.eu","robots":{"index":"index","follow":"follow","max-snippet":"max-snippet:-1","max-image-preview":"max-image-preview:large","max-video-preview":"max-video-preview:-1"},"canonical":"https:\/\/najnaj.eu\/fr\/proizvod\/ergobaby-evolve-luk-s-igrackama-serene-swells\/","og_locale":"fr_FR","og_type":"article","og_title":"Ergobaby Evolve luk s igra\u010dkama - Serene Swells","og_description":"Evolve luk s igra\u010dkama Serene Swells zabavlja va\u0161e mali\u0161ane dok se razvijaju i rastu.   Lako se skida i postavlja na Ergobaby Evolve le\u017ealjku 3u1  Lako se \u010disti, te je nje\u017ean prema dje\u010dijim rukama  Uklju\u010duje rotiraju\u0107e igra\u010dke za umirivanje i zabavnu igru  Dob: preporu\u010deno za djecu od 4-5 mjeseci  FSC-certificirani silikon za drvo i hranu bez ftalata\/BPA\/PVC","og_url":"https:\/\/najnaj.eu\/fr\/proizvod\/ergobaby-evolve-luk-s-igrackama-serene-swells\/","og_site_name":"NajNaj.eu","article_publisher":"https:\/\/web.facebook.com\/najnaj.eu\/","article_modified_time":"2026-02-04T09:03:10+00:00","og_image":[{"width":2400,"height":2400,"url":"https:\/\/najnaj.eu\/wp-content\/uploads\/2024\/10\/toy-bar-serene-swells-01.jpg","type":"image\/jpeg"}],"twitter_card":"summary_large_image","twitter_misc":{"Prix":"49,90&nbsp;&euro;","Disponibilit\u00e9":"En stock"},"schema":{"@context":"https:\/\/schema.org","@graph":[{"@type":"WebPage","@id":"https:\/\/najnaj.eu\/fr\/proizvod\/ergobaby-evolve-luk-s-igrackama-serene-swells\/","url":"https:\/\/najnaj.eu\/fr\/proizvod\/ergobaby-evolve-luk-s-igrackama-serene-swells\/","name":"Ergobaby Evolve luk s igra\u010dkama - Serene Swells - NajNaj.eu","isPartOf":{"@id":"https:\/\/najnaj.eu\/fr\/#website"},"primaryImageOfPage":{"@id":"https:\/\/najnaj.eu\/fr\/proizvod\/ergobaby-evolve-luk-s-igrackama-serene-swells\/#primaryimage"},"image":{"@id":"https:\/\/najnaj.eu\/fr\/proizvod\/ergobaby-evolve-luk-s-igrackama-serene-swells\/#primaryimage"},"thumbnailUrl":"https:\/\/najnaj.eu\/wp-content\/uploads\/2024\/10\/toy-bar-serene-swells-01.jpg","datePublished":"2024-10-24T12:36:34+00:00","dateModified":"2026-02-04T09:03:10+00:00","breadcrumb":{"@id":"https:\/\/najnaj.eu\/fr\/proizvod\/ergobaby-evolve-luk-s-igrackama-serene-swells\/#breadcrumb"},"inLanguage":"fr-FR","potentialAction":[{"@type":"ReadAction","target":["https:\/\/najnaj.eu\/fr\/proizvod\/ergobaby-evolve-luk-s-igrackama-serene-swells\/"]}]},{"@type":"ImageObject","inLanguage":"fr-FR","@id":"https:\/\/najnaj.eu\/fr\/proizvod\/ergobaby-evolve-luk-s-igrackama-serene-swells\/#primaryimage","url":"https:\/\/najnaj.eu\/wp-content\/uploads\/2024\/10\/toy-bar-serene-swells-01.jpg","contentUrl":"https:\/\/najnaj.eu\/wp-content\/uploads\/2024\/10\/toy-bar-serene-swells-01.jpg","width":2400,"height":2400},{"@type":"BreadcrumbList","@id":"https:\/\/najnaj.eu\/fr\/proizvod\/ergobaby-evolve-luk-s-igrackama-serene-swells\/#breadcrumb","itemListElement":[{"@type":"ListItem","position":1,"name":"Po\u010detna stranica","item":"https:\/\/najnaj.eu\/fr\/"},{"@type":"ListItem","position":2,"name":"Trgovina","item":"https:\/\/najnaj.hr\/trgovina\/"},{"@type":"ListItem","position":3,"name":"Ergobaby Evolve luk s igra\u010dkama &#8211; Serene Swells"}]},{"@type":"WebSite","@id":"https:\/\/najnaj.eu\/fr\/#website","url":"https:\/\/najnaj.eu\/fr\/","name":"NajNaj.eu","description":"Za najva\u017enije!","potentialAction":[{"@type":"SearchAction","target":{"@type":"EntryPoint","urlTemplate":"https:\/\/najnaj.eu\/fr\/?s={search_term_string}"},"query-input":{"@type":"PropertyValueSpecification","valueRequired":true,"valueName":"search_term_string"}}],"inLanguage":"fr-FR"}]},"product_brand":"Ergobaby","product_price_amount":"49.90","product_price_currency":"EUR","og_availability":"instock","product_availability":"instock","product_retailer_item_id":"EVLBNCTBSRNSWL","product_condition":"new"},"_links":{"self":[{"href":"https:\/\/najnaj.eu\/fr\/wp-json\/wp\/v2\/product\/217586","targetHints":{"allow":["GET"]}}],"collection":[{"href":"https:\/\/najnaj.eu\/fr\/wp-json\/wp\/v2\/product"}],"about":[{"href":"https:\/\/najnaj.eu\/fr\/wp-json\/wp\/v2\/types\/product"}],"replies":[{"embeddable":true,"href":"https:\/\/najnaj.eu\/fr\/wp-json\/wp\/v2\/comments?post=217586"}],"version-history":[{"count":0,"href":"https:\/\/najnaj.eu\/fr\/wp-json\/wp\/v2\/product\/217586\/revisions"}],"wp:featuredmedia":[{"embeddable":true,"href":"https:\/\/najnaj.eu\/fr\/wp-json\/wp\/v2\/media\/217591"}],"wp:attachment":[{"href":"https:\/\/najnaj.eu\/fr\/wp-json\/wp\/v2\/media?parent=217586"}],"wp:term":[{"taxonomy":"product_brand","embeddable":true,"href":"https:\/\/najnaj.eu\/fr\/wp-json\/wp\/v2\/product_brand?post=217586"},{"taxonomy":"product_cat","embeddable":true,"href":"https:\/\/najnaj.eu\/fr\/wp-json\/wp\/v2\/product_cat?post=217586"},{"taxonomy":"product_tag","embeddable":true,"href":"https:\/\/najnaj.eu\/fr\/wp-json\/wp\/v2\/product_tag?post=217586"}],"curies":[{"name":"wp","href":"https:\/\/api.w.org\/{rel}","templated":true}]}}